{"id":16586,"date":"2024-10-17T12:58:52","date_gmt":"2024-10-17T12:58:52","guid":{"rendered":"https:\/\/barrsell.com\/?post_type=product&#038;p=16586"},"modified":"2024-12-06T13:15:01","modified_gmt":"2024-12-06T13:15:01","slug":"antarktika-azot-kabini","status":"publish","type":"product","link":"https:\/\/barrsell.com\/en\/product\/antarctica-nitrogen-cabinet\/","title":{"rendered":"Antarctic Nitrogen Cabinet"},"content":{"rendered":"<h2>Antarctic Nitrogen Cabinet<\/h2>\n<p class=\" translation-block\">The Antarctic Nitrogen Cabinet is designed to improve health and fitness through the application of ultra-low temperatures. This product is primarily used in cryotherapy rooms such as Vacuactivus Cryostar to provide effective and safe cold therapy. Here is a detailed look at its technical characteristics and benefits:<\/p>\n<h4>\u00a0Basic Technical Specifications<\/h4>\n<p><strong>Cryogenic Temperature Range<\/strong>:<\/p>\n<p class=\" translation-block\">Antarctic Azot works effectively at temperatures ranging from <strong>-120\u00b0C to -170\u00b0C<\/strong> (-184\u00b0F to -280\u00b0F). These extreme conditions are crucial for the emergence of therapeutic responses, such as increased circulation in the body and decreased inflammation.<\/p>\n<h4><strong>Antarctic Nitrogen Use:<\/strong><\/h4>\n<p class=\" translation-block\">The product is effective in reducing muscle pain and speeding up the healing processes. For cryotherapy applications, <strong>s uses liquid nitrogen<\/strong>. The evaporation of liquid nitrogen creates a cold vapor that envelops the body during therapy sessions.<\/p>\n<h4><strong>Safety and efficiency<\/strong>:<\/h4>\n<p class=\" translation-block\">Antarctic Nitrogen is designed with safety in mind. The Antarctic Nitrogen Cabinet minimizes the risks associated with cold exposure. It uses advanced systems to ensure equal nitrogen distribution. In addition, room <strong>seans per<\/strong> uses only <strong>3-5 liters of nitrogen<\/strong>. Promotes efficient use while reducing costs.<\/p>\n<h4><strong>Health benefits of<\/strong>:<\/h4>\n<p>Regular exposure to Antarctic Nitrogen through cryotherapy can lead to a variety of health benefits, including improved athletic performance, reduced muscle fatigue, improved skin conditions and increased endorphin release that elevates mood.<\/p>","protected":false},"excerpt":{"rendered":"<ul>\n<li>Cryogenic Temperature Range<\/li>\n<li>Liquid Nitrogen Usage<\/li>\n<li>Safety and efficiency<\/li>\n<\/ul>","protected":false},"featured_media":16578,"template":"","meta":[],"product_cat":[745,735,740],"product_tag":[],"class_list":{"0":"post-16586","1":"product","2":"type-product","3":"status-publish","4":"has-post-thumbnail","6":"product_cat-tum-urunler-kirmizi-isiklar","7":"product_cat-kriyo-odalari","8":"product_cat-tum-urunler-kriyo-odalari","10":"first","11":"instock","12":"shipping-taxable","13":"product-type-external"},"yoast_head":"<!-- This site is optimized with the Yoast SEO Premium plugin v23.2 (Yoast SEO v23.2) - https:\/\/yoast.com\/wordpress\/plugins\/seo\/ -->\n<title>Antarktika Azot Kabini | Barrsell End\u00fcstri<\/title>\n<meta name=\"description\" content=\"Antarktika Azot Kabini, ultra d\u00fc\u015f\u00fck s\u0131cakl\u0131klar\u0131n uygulanmas\u0131 yoluyla sa\u011fl\u0131k ve zindeli\u011fi geli\u015ftirmek i\u00e7in tasarlanm\u0131\u015ft\u0131r.\" \/>\n<meta name=\"robots\" content=\"index, follow, max-snippet:-1, max-image-preview:large, max-video-preview:-1\" \/>\n<link rel=\"canonical\" href=\"https:\/\/barrsell.com\/en\/product\/antarctica-nitrogen-cabinet\/\" \/>\n<meta property=\"og:locale\" content=\"en_US\" \/>\n<meta property=\"og:type\" content=\"article\" \/>\n<meta property=\"og:title\" content=\"Antarktika Azot Kabini\" \/>\n<meta property=\"og:description\" content=\"Antarktika Azot Kabini, ultra d\u00fc\u015f\u00fck s\u0131cakl\u0131klar\u0131n uygulanmas\u0131 yoluyla sa\u011fl\u0131k ve zindeli\u011fi geli\u015ftirmek i\u00e7in tasarlanm\u0131\u015ft\u0131r.\" \/>\n<meta property=\"og:url\" content=\"https:\/\/barrsell.com\/en\/product\/antarctica-nitrogen-cabinet\/\" \/>\n<meta property=\"og:site_name\" content=\"Barrsell\" \/>\n<meta property=\"article:modified_time\" content=\"2024-12-06T13:15:01+00:00\" \/>\n<meta property=\"og:image\" content=\"https:\/\/barrsell.com\/wp-content\/uploads\/2024\/10\/Antarktika-Kabini.png\" \/>\n\t<meta property=\"og:image:width\" content=\"1200\" \/>\n\t<meta property=\"og:image:height\" content=\"1200\" \/>\n\t<meta property=\"og:image:type\" content=\"image\/png\" \/>\n<meta name=\"twitter:card\" content=\"summary_large_image\" \/>\n<meta name=\"twitter:label1\" content=\"Est. reading time\" \/>\n\t<meta name=\"twitter:data1\" content=\"2 minutes\" \/>\n<script type=\"application\/ld+json\" class=\"yoast-schema-graph\">{\"@context\":\"https:\/\/schema.org\",\"@graph\":[{\"@type\":\"WebPage\",\"@id\":\"https:\/\/barrsell.com\/urun\/antarktika-azot-kabini\/\",\"url\":\"https:\/\/barrsell.com\/urun\/antarktika-azot-kabini\/\",\"name\":\"Antarktika Azot Kabini | Barrsell End\u00fcstri\",\"isPartOf\":{\"@id\":\"https:\/\/barrsell.com\/#website\"},\"primaryImageOfPage\":{\"@id\":\"https:\/\/barrsell.com\/urun\/antarktika-azot-kabini\/#primaryimage\"},\"image\":{\"@id\":\"https:\/\/barrsell.com\/urun\/antarktika-azot-kabini\/#primaryimage\"},\"thumbnailUrl\":\"https:\/\/barrsell.com\/wp-content\/uploads\/2024\/10\/Antarktika-Kabini.png\",\"datePublished\":\"2024-10-17T12:58:52+00:00\",\"dateModified\":\"2024-12-06T13:15:01+00:00\",\"description\":\"Antarktika Azot Kabini, ultra d\u00fc\u015f\u00fck s\u0131cakl\u0131klar\u0131n uygulanmas\u0131 yoluyla sa\u011fl\u0131k ve zindeli\u011fi geli\u015ftirmek i\u00e7in tasarlanm\u0131\u015ft\u0131r.\",\"breadcrumb\":{\"@id\":\"https:\/\/barrsell.com\/urun\/antarktika-azot-kabini\/#breadcrumb\"},\"inLanguage\":\"en-US\",\"potentialAction\":[{\"@type\":\"ReadAction\",\"target\":[\"https:\/\/barrsell.com\/urun\/antarktika-azot-kabini\/\"]}]},{\"@type\":\"ImageObject\",\"inLanguage\":\"en-US\",\"@id\":\"https:\/\/barrsell.com\/urun\/antarktika-azot-kabini\/#primaryimage\",\"url\":\"https:\/\/barrsell.com\/wp-content\/uploads\/2024\/10\/Antarktika-Kabini.png\",\"contentUrl\":\"https:\/\/barrsell.com\/wp-content\/uploads\/2024\/10\/Antarktika-Kabini.png\",\"width\":1200,\"height\":1200,\"caption\":\"Antarktika Kabini\"},{\"@type\":\"BreadcrumbList\",\"@id\":\"https:\/\/barrsell.com\/urun\/antarktika-azot-kabini\/#breadcrumb\",\"itemListElement\":[{\"@type\":\"ListItem\",\"position\":1,\"name\":\"Home\",\"item\":\"https:\/\/barrsell.com\/\"},{\"@type\":\"ListItem\",\"position\":2,\"name\":\"\u00dcr\u00fcnler\",\"item\":\"https:\/\/barrsell.com\/en\/products\/\"},{\"@type\":\"ListItem\",\"position\":3,\"name\":\"Antarktika Azot Kabini\"}]},{\"@type\":\"WebSite\",\"@id\":\"https:\/\/barrsell.com\/#website\",\"url\":\"https:\/\/barrsell.com\/\",\"name\":\"Barrsell End\u00fcstri Makine\",\"description\":\"Teknolojiyle G\u00fc\u00e7lenen End\u00fcstriyel \u00c7\u00f6z\u00fcmler!\",\"potentialAction\":[{\"@type\":\"SearchAction\",\"target\":{\"@type\":\"EntryPoint\",\"urlTemplate\":\"https:\/\/barrsell.com\/?s={search_term_string}\"},\"query-input\":\"required name=search_term_string\"}],\"inLanguage\":\"en-US\"}]}<\/script>\n<!-- \/ Yoast SEO Premium plugin. -->","yoast_head_json":{"title":"Antarktika Azot Kabini | Barrsell End\u00fcstri","description":"Antarktika Azot Kabini, ultra d\u00fc\u015f\u00fck s\u0131cakl\u0131klar\u0131n uygulanmas\u0131 yoluyla sa\u011fl\u0131k ve zindeli\u011fi geli\u015ftirmek i\u00e7in tasarlanm\u0131\u015ft\u0131r.","robots":{"index":"index","follow":"follow","max-snippet":"max-snippet:-1","max-image-preview":"max-image-preview:large","max-video-preview":"max-video-preview:-1"},"canonical":"https:\/\/barrsell.com\/en\/product\/antarctica-nitrogen-cabinet\/","og_locale":"en_US","og_type":"article","og_title":"Antarktika Azot Kabini","og_description":"Antarktika Azot Kabini, ultra d\u00fc\u015f\u00fck s\u0131cakl\u0131klar\u0131n uygulanmas\u0131 yoluyla sa\u011fl\u0131k ve zindeli\u011fi geli\u015ftirmek i\u00e7in tasarlanm\u0131\u015ft\u0131r.","og_url":"https:\/\/barrsell.com\/en\/product\/antarctica-nitrogen-cabinet\/","og_site_name":"Barrsell","article_modified_time":"2024-12-06T13:15:01+00:00","og_image":[{"width":1200,"height":1200,"url":"https:\/\/barrsell.com\/wp-content\/uploads\/2024\/10\/Antarktika-Kabini.png","type":"image\/png"}],"twitter_card":"summary_large_image","twitter_misc":{"Est. reading time":"2 minutes"},"schema":{"@context":"https:\/\/schema.org","@graph":[{"@type":"WebPage","@id":"https:\/\/barrsell.com\/urun\/antarktika-azot-kabini\/","url":"https:\/\/barrsell.com\/urun\/antarktika-azot-kabini\/","name":"Antarktika Azot Kabini | Barrsell End\u00fcstri","isPartOf":{"@id":"https:\/\/barrsell.com\/#website"},"primaryImageOfPage":{"@id":"https:\/\/barrsell.com\/urun\/antarktika-azot-kabini\/#primaryimage"},"image":{"@id":"https:\/\/barrsell.com\/urun\/antarktika-azot-kabini\/#primaryimage"},"thumbnailUrl":"https:\/\/barrsell.com\/wp-content\/uploads\/2024\/10\/Antarktika-Kabini.png","datePublished":"2024-10-17T12:58:52+00:00","dateModified":"2024-12-06T13:15:01+00:00","description":"Antarktika Azot Kabini, ultra d\u00fc\u015f\u00fck s\u0131cakl\u0131klar\u0131n uygulanmas\u0131 yoluyla sa\u011fl\u0131k ve zindeli\u011fi geli\u015ftirmek i\u00e7in tasarlanm\u0131\u015ft\u0131r.","breadcrumb":{"@id":"https:\/\/barrsell.com\/urun\/antarktika-azot-kabini\/#breadcrumb"},"inLanguage":"en-US","potentialAction":[{"@type":"ReadAction","target":["https:\/\/barrsell.com\/urun\/antarktika-azot-kabini\/"]}]},{"@type":"ImageObject","inLanguage":"en-US","@id":"https:\/\/barrsell.com\/urun\/antarktika-azot-kabini\/#primaryimage","url":"https:\/\/barrsell.com\/wp-content\/uploads\/2024\/10\/Antarktika-Kabini.png","contentUrl":"https:\/\/barrsell.com\/wp-content\/uploads\/2024\/10\/Antarktika-Kabini.png","width":1200,"height":1200,"caption":"Antarktika Kabini"},{"@type":"BreadcrumbList","@id":"https:\/\/barrsell.com\/urun\/antarktika-azot-kabini\/#breadcrumb","itemListElement":[{"@type":"ListItem","position":1,"name":"Home","item":"https:\/\/barrsell.com\/"},{"@type":"ListItem","position":2,"name":"\u00dcr\u00fcnler","item":"https:\/\/barrsell.com\/en\/products\/"},{"@type":"ListItem","position":3,"name":"Antarktika Azot Kabini"}]},{"@type":"WebSite","@id":"https:\/\/barrsell.com\/#website","url":"https:\/\/barrsell.com\/","name":"Barrsell End\u00fcstri Makine","description":"Teknolojiyle G\u00fc\u00e7lenen End\u00fcstriyel \u00c7\u00f6z\u00fcmler!","potentialAction":[{"@type":"SearchAction","target":{"@type":"EntryPoint","urlTemplate":"https:\/\/barrsell.com\/?s={search_term_string}"},"query-input":"required name=search_term_string"}],"inLanguage":"en-US"}]}},"_links":{"self":[{"href":"https:\/\/barrsell.com\/en\/wp-json\/wp\/v2\/product\/16586","targetHints":{"allow":["GET"]}}],"collection":[{"href":"https:\/\/barrsell.com\/en\/wp-json\/wp\/v2\/product"}],"about":[{"href":"https:\/\/barrsell.com\/en\/wp-json\/wp\/v2\/types\/product"}],"version-history":[{"count":5,"href":"https:\/\/barrsell.com\/en\/wp-json\/wp\/v2\/product\/16586\/revisions"}],"predecessor-version":[{"id":18819,"href":"https:\/\/barrsell.com\/en\/wp-json\/wp\/v2\/product\/16586\/revisions\/18819"}],"wp:featuredmedia":[{"embeddable":true,"href":"https:\/\/barrsell.com\/en\/wp-json\/wp\/v2\/media\/16578"}],"wp:attachment":[{"href":"https:\/\/barrsell.com\/en\/wp-json\/wp\/v2\/media?parent=16586"}],"wp:term":[{"taxonomy":"product_cat","embeddable":true,"href":"https:\/\/barrsell.com\/en\/wp-json\/wp\/v2\/product_cat?post=16586"},{"taxonomy":"product_tag","embeddable":true,"href":"https:\/\/barrsell.com\/en\/wp-json\/wp\/v2\/product_tag?post=16586"}],"curies":[{"name":"wp","href":"https:\/\/api.w.org\/{rel}","templated":true}]}}