{"id":16584,"date":"2024-10-17T12:36:42","date_gmt":"2024-10-17T12:36:42","guid":{"rendered":"https:\/\/barrsell.com\/?post_type=product&#038;p=16584"},"modified":"2024-12-06T13:41:55","modified_gmt":"2024-12-06T13:41:55","slug":"cryostar-kriyoterapi-kabini","status":"publish","type":"product","link":"https:\/\/barrsell.com\/en\/product\/cryostar-cryotherapy-cabinet\/","title":{"rendered":"CryoStar Cryotherapy Cabinet"},"content":{"rendered":"<h2>CryoStar Cryotherapy Cabinet<\/h2>\n<p class=\" translation-block\">CryoStar Cryotherapy Cabinet: The future of cryotherapy, Vacuactivus Cryostar is a state-of-the-art cryotherapy room designed to revolutionize individuals' cold therapy experience. This innovative device uses advanced technology to deliver a range of health benefits. And so are wellness centers, sports rehabilitation facilities and fitness enthusiasts<\/p>\n<p class=\" translation-block\">Vacuactivus Cryostar improves recovery, health and athletic performance through whole-body cryotherapy. Here are some of the main technical features and benefits of Cryostar:<\/p>\n<p class=\" translation-block\"><strong>Cryotherapy Technology<\/strong>: Cryostar uses liquid nitrogen to reach ultra-low temperatures between -120\u00b0C and -170\u00b0C (-184\u00b0F to -280\u00b0F). Exposure to this extreme cold helps to relieve pain. Supports inflammation reduction and muscle healing.<\/p>\n<p class=\" translation-block\"><strong>Efficient Nitrogen Use<\/strong>: One of the outstanding characteristics of cryostar is its advanced nitrogen delivery system. Using platinum jet technology, it provides equal nitrogen distribution, which reduces nitrogen consumption to only 3-5 liters per session. This innovation helps prevent hypothermia or injuries associated with direct contact with liquid nitrogen.<\/p>\n<p class=\" translation-block\"><strong>User Friendly Interface<\/strong>: Cryostar offers three automated programs and one manual mode. It is also equipped with a 10.1-inch touch screen, which allows users to easily customize therapy sessions. The room also features remote-controlled automatic door opening for greater comfort.<\/p>\n<p class=\" translation-block\"><strong>Thermal Tracking<\/strong>: Built-in thermal vision technology allows users to monitor their temperature and safety throughout the session.<\/p>\n<p class=\" translation-block\"><strong>Health Benefits<\/strong>: Cryotherapy has improved blood circulation, improved lymphatic flow and boost mood. It also helps improve overall well-being and involves increased endorphin production. Cryostar is especially popular among athletes and health enthusiasts.<\/p>","protected":false},"excerpt":{"rendered":"<ul>\n<li>Cryotherapy Technology<\/li>\n<li>Efficient Nitrogen Use<\/li>\n<li>User friendly interface<strong><br \/>\n<\/strong><\/li>\n<\/ul>","protected":false},"featured_media":16589,"template":"","meta":[],"product_cat":[745,735,740],"product_tag":[],"class_list":{"0":"post-16584","1":"product","2":"type-product","3":"status-publish","4":"has-post-thumbnail","6":"product_cat-tum-urunler-kirmizi-isiklar","7":"product_cat-kriyo-odalari","8":"product_cat-tum-urunler-kriyo-odalari","10":"first","11":"instock","12":"shipping-taxable","13":"product-type-external"},"yoast_head":"<!-- This site is optimized with the Yoast SEO Premium plugin v23.2 (Yoast SEO v23.2) - https:\/\/yoast.com\/wordpress\/plugins\/seo\/ -->\n<title>CryoStar Kriyoterapi Kabini | Barrsell End\u00fcstri<\/title>\n<meta name=\"description\" content=\"CryoStar Kriyoterapi Kabini: Kriyoterapinin gelece\u011fi bireylerin so\u011fuk terapi deneyiminde devrim yaratmak i\u00e7in tasarlanm\u0131\u015ft\u0131r.\" \/>\n<meta name=\"robots\" content=\"index, follow, max-snippet:-1, max-image-preview:large, max-video-preview:-1\" \/>\n<link rel=\"canonical\" href=\"https:\/\/barrsell.com\/en\/product\/cryostar-cryotherapy-cabinet\/\" \/>\n<meta property=\"og:locale\" content=\"en_US\" \/>\n<meta property=\"og:type\" content=\"article\" \/>\n<meta property=\"og:title\" content=\"CryoStar Kriyoterapi Kabini\" \/>\n<meta property=\"og:description\" content=\"CryoStar Kriyoterapi Kabini: Kriyoterapinin gelece\u011fi bireylerin so\u011fuk terapi deneyiminde devrim yaratmak i\u00e7in tasarlanm\u0131\u015ft\u0131r.\" \/>\n<meta property=\"og:url\" content=\"https:\/\/barrsell.com\/en\/product\/cryostar-cryotherapy-cabinet\/\" \/>\n<meta property=\"og:site_name\" content=\"Barrsell\" \/>\n<meta property=\"article:modified_time\" content=\"2024-12-06T13:41:55+00:00\" \/>\n<meta property=\"og:image\" content=\"https:\/\/barrsell.com\/wp-content\/uploads\/2024\/10\/CryoStar-Kriyoterapi-Kabini.png\" \/>\n\t<meta property=\"og:image:width\" content=\"1200\" \/>\n\t<meta property=\"og:image:height\" content=\"1200\" \/>\n\t<meta property=\"og:image:type\" content=\"image\/png\" \/>\n<meta name=\"twitter:card\" content=\"summary_large_image\" \/>\n<meta name=\"twitter:label1\" content=\"Est. reading time\" \/>\n\t<meta name=\"twitter:data1\" content=\"2 minutes\" \/>\n<script type=\"application\/ld+json\" class=\"yoast-schema-graph\">{\"@context\":\"https:\/\/schema.org\",\"@graph\":[{\"@type\":\"WebPage\",\"@id\":\"https:\/\/barrsell.com\/urun\/cryostar-kriyoterapi-kabini\/\",\"url\":\"https:\/\/barrsell.com\/urun\/cryostar-kriyoterapi-kabini\/\",\"name\":\"CryoStar Kriyoterapi Kabini | Barrsell End\u00fcstri\",\"isPartOf\":{\"@id\":\"https:\/\/barrsell.com\/#website\"},\"primaryImageOfPage\":{\"@id\":\"https:\/\/barrsell.com\/urun\/cryostar-kriyoterapi-kabini\/#primaryimage\"},\"image\":{\"@id\":\"https:\/\/barrsell.com\/urun\/cryostar-kriyoterapi-kabini\/#primaryimage\"},\"thumbnailUrl\":\"https:\/\/barrsell.com\/wp-content\/uploads\/2024\/10\/CryoStar-Kriyoterapi-Kabini.png\",\"datePublished\":\"2024-10-17T12:36:42+00:00\",\"dateModified\":\"2024-12-06T13:41:55+00:00\",\"description\":\"CryoStar Kriyoterapi Kabini: Kriyoterapinin gelece\u011fi bireylerin so\u011fuk terapi deneyiminde devrim yaratmak i\u00e7in tasarlanm\u0131\u015ft\u0131r.\",\"breadcrumb\":{\"@id\":\"https:\/\/barrsell.com\/urun\/cryostar-kriyoterapi-kabini\/#breadcrumb\"},\"inLanguage\":\"en-US\",\"potentialAction\":[{\"@type\":\"ReadAction\",\"target\":[\"https:\/\/barrsell.com\/urun\/cryostar-kriyoterapi-kabini\/\"]}]},{\"@type\":\"ImageObject\",\"inLanguage\":\"en-US\",\"@id\":\"https:\/\/barrsell.com\/urun\/cryostar-kriyoterapi-kabini\/#primaryimage\",\"url\":\"https:\/\/barrsell.com\/wp-content\/uploads\/2024\/10\/CryoStar-Kriyoterapi-Kabini.png\",\"contentUrl\":\"https:\/\/barrsell.com\/wp-content\/uploads\/2024\/10\/CryoStar-Kriyoterapi-Kabini.png\",\"width\":1200,\"height\":1200,\"caption\":\"CryoStar Kriyoterapi Kabini\"},{\"@type\":\"BreadcrumbList\",\"@id\":\"https:\/\/barrsell.com\/urun\/cryostar-kriyoterapi-kabini\/#breadcrumb\",\"itemListElement\":[{\"@type\":\"ListItem\",\"position\":1,\"name\":\"Home\",\"item\":\"https:\/\/barrsell.com\/\"},{\"@type\":\"ListItem\",\"position\":2,\"name\":\"\u00dcr\u00fcnler\",\"item\":\"https:\/\/barrsell.com\/en\/products\/\"},{\"@type\":\"ListItem\",\"position\":3,\"name\":\"CryoStar Kriyoterapi Kabini\"}]},{\"@type\":\"WebSite\",\"@id\":\"https:\/\/barrsell.com\/#website\",\"url\":\"https:\/\/barrsell.com\/\",\"name\":\"Barrsell End\u00fcstri Makine\",\"description\":\"Teknolojiyle G\u00fc\u00e7lenen End\u00fcstriyel \u00c7\u00f6z\u00fcmler!\",\"potentialAction\":[{\"@type\":\"SearchAction\",\"target\":{\"@type\":\"EntryPoint\",\"urlTemplate\":\"https:\/\/barrsell.com\/?s={search_term_string}\"},\"query-input\":\"required name=search_term_string\"}],\"inLanguage\":\"en-US\"}]}<\/script>\n<!-- \/ Yoast SEO Premium plugin. -->","yoast_head_json":{"title":"CryoStar Kriyoterapi Kabini | Barrsell End\u00fcstri","description":"CryoStar Kriyoterapi Kabini: Kriyoterapinin gelece\u011fi bireylerin so\u011fuk terapi deneyiminde devrim yaratmak i\u00e7in tasarlanm\u0131\u015ft\u0131r.","robots":{"index":"index","follow":"follow","max-snippet":"max-snippet:-1","max-image-preview":"max-image-preview:large","max-video-preview":"max-video-preview:-1"},"canonical":"https:\/\/barrsell.com\/en\/product\/cryostar-cryotherapy-cabinet\/","og_locale":"en_US","og_type":"article","og_title":"CryoStar Kriyoterapi Kabini","og_description":"CryoStar Kriyoterapi Kabini: Kriyoterapinin gelece\u011fi bireylerin so\u011fuk terapi deneyiminde devrim yaratmak i\u00e7in tasarlanm\u0131\u015ft\u0131r.","og_url":"https:\/\/barrsell.com\/en\/product\/cryostar-cryotherapy-cabinet\/","og_site_name":"Barrsell","article_modified_time":"2024-12-06T13:41:55+00:00","og_image":[{"width":1200,"height":1200,"url":"https:\/\/barrsell.com\/wp-content\/uploads\/2024\/10\/CryoStar-Kriyoterapi-Kabini.png","type":"image\/png"}],"twitter_card":"summary_large_image","twitter_misc":{"Est. reading time":"2 minutes"},"schema":{"@context":"https:\/\/schema.org","@graph":[{"@type":"WebPage","@id":"https:\/\/barrsell.com\/urun\/cryostar-kriyoterapi-kabini\/","url":"https:\/\/barrsell.com\/urun\/cryostar-kriyoterapi-kabini\/","name":"CryoStar Kriyoterapi Kabini | Barrsell End\u00fcstri","isPartOf":{"@id":"https:\/\/barrsell.com\/#website"},"primaryImageOfPage":{"@id":"https:\/\/barrsell.com\/urun\/cryostar-kriyoterapi-kabini\/#primaryimage"},"image":{"@id":"https:\/\/barrsell.com\/urun\/cryostar-kriyoterapi-kabini\/#primaryimage"},"thumbnailUrl":"https:\/\/barrsell.com\/wp-content\/uploads\/2024\/10\/CryoStar-Kriyoterapi-Kabini.png","datePublished":"2024-10-17T12:36:42+00:00","dateModified":"2024-12-06T13:41:55+00:00","description":"CryoStar Kriyoterapi Kabini: Kriyoterapinin gelece\u011fi bireylerin so\u011fuk terapi deneyiminde devrim yaratmak i\u00e7in tasarlanm\u0131\u015ft\u0131r.","breadcrumb":{"@id":"https:\/\/barrsell.com\/urun\/cryostar-kriyoterapi-kabini\/#breadcrumb"},"inLanguage":"en-US","potentialAction":[{"@type":"ReadAction","target":["https:\/\/barrsell.com\/urun\/cryostar-kriyoterapi-kabini\/"]}]},{"@type":"ImageObject","inLanguage":"en-US","@id":"https:\/\/barrsell.com\/urun\/cryostar-kriyoterapi-kabini\/#primaryimage","url":"https:\/\/barrsell.com\/wp-content\/uploads\/2024\/10\/CryoStar-Kriyoterapi-Kabini.png","contentUrl":"https:\/\/barrsell.com\/wp-content\/uploads\/2024\/10\/CryoStar-Kriyoterapi-Kabini.png","width":1200,"height":1200,"caption":"CryoStar Kriyoterapi Kabini"},{"@type":"BreadcrumbList","@id":"https:\/\/barrsell.com\/urun\/cryostar-kriyoterapi-kabini\/#breadcrumb","itemListElement":[{"@type":"ListItem","position":1,"name":"Home","item":"https:\/\/barrsell.com\/"},{"@type":"ListItem","position":2,"name":"\u00dcr\u00fcnler","item":"https:\/\/barrsell.com\/en\/products\/"},{"@type":"ListItem","position":3,"name":"CryoStar Kriyoterapi Kabini"}]},{"@type":"WebSite","@id":"https:\/\/barrsell.com\/#website","url":"https:\/\/barrsell.com\/","name":"Barrsell End\u00fcstri Makine","description":"Teknolojiyle G\u00fc\u00e7lenen End\u00fcstriyel \u00c7\u00f6z\u00fcmler!","potentialAction":[{"@type":"SearchAction","target":{"@type":"EntryPoint","urlTemplate":"https:\/\/barrsell.com\/?s={search_term_string}"},"query-input":"required name=search_term_string"}],"inLanguage":"en-US"}]}},"_links":{"self":[{"href":"https:\/\/barrsell.com\/en\/wp-json\/wp\/v2\/product\/16584","targetHints":{"allow":["GET"]}}],"collection":[{"href":"https:\/\/barrsell.com\/en\/wp-json\/wp\/v2\/product"}],"about":[{"href":"https:\/\/barrsell.com\/en\/wp-json\/wp\/v2\/types\/product"}],"version-history":[{"count":5,"href":"https:\/\/barrsell.com\/en\/wp-json\/wp\/v2\/product\/16584\/revisions"}],"predecessor-version":[{"id":18821,"href":"https:\/\/barrsell.com\/en\/wp-json\/wp\/v2\/product\/16584\/revisions\/18821"}],"wp:featuredmedia":[{"embeddable":true,"href":"https:\/\/barrsell.com\/en\/wp-json\/wp\/v2\/media\/16589"}],"wp:attachment":[{"href":"https:\/\/barrsell.com\/en\/wp-json\/wp\/v2\/media?parent=16584"}],"wp:term":[{"taxonomy":"product_cat","embeddable":true,"href":"https:\/\/barrsell.com\/en\/wp-json\/wp\/v2\/product_cat?post=16584"},{"taxonomy":"product_tag","embeddable":true,"href":"https:\/\/barrsell.com\/en\/wp-json\/wp\/v2\/product_tag?post=16584"}],"curies":[{"name":"wp","href":"https:\/\/api.w.org\/{rel}","templated":true}]}}