{"id":16574,"date":"2024-10-17T12:08:56","date_gmt":"2024-10-17T12:08:56","guid":{"rendered":"https:\/\/barrsell.com\/?post_type=product&#038;p=16574"},"modified":"2024-12-06T13:53:29","modified_gmt":"2024-12-06T13:53:29","slug":"antarktika-kabini","status":"publish","type":"product","link":"https:\/\/barrsell.com\/en\/product\/antarctica-cabin\/","title":{"rendered":"Antarctic Cab"},"content":{"rendered":"<h2><strong>Antarctic Cabinet: Innovative Cryotherapy Solution<\/strong><\/h2>\n<p>The Antarctic Cabinet stands out as a cryotherapy system that revolutionizes the modern wellness and aesthetic sector. With its fully electric design and user-friendly features, it makes a great impact in both professional clinics and personal care.<\/p>\n<ol>\n<li class=\" translation-block\"><strong>Body Cryotherapy Experience<\/strong>: The Antarctic Cabinet operates at temperatures between -40\u00b0C and -100\u00b0C, allowing the body to be fully cooled. Thus, it is designed considering that more than 70% \u2019 cold receptors are located in the head and neck region.<\/li>\n<li class=\" translation-block\"><strong>Ergonomic Design<\/strong>: It allows users to move comfortably thanks to its large internal volume. Especially its ergonomic structure allows for deep breathing and a comfortable experience. It is aimed for users to maximize cold therapy.<\/li>\n<li class=\" translation-block\"><strong>Innovative Electric Based Sistem<\/strong>: Full electric design replacing traditional liquid nitrogen systems. Users both gain cost advantage and get rid of maintenance and logistical difficulties.<\/li>\n<li class=\" translation-block\"><strong>Ses System<\/strong>: Creates a sound environment suitable for users with an integrated sound system in itself.<\/li>\n<li class=\" translation-block\"><strong>Design and Material Quality<\/strong>: The Antarctic Cabinet adapts to all kinds of wellness areas with its stylish and modern design. Glass covers create a spacious atmosphere, allowing natural light to enter.<\/li>\n<li class=\" translation-block\"><strong>Cost Event<\/strong>: More affordable than traditional cryo therapy systems makes this product attractive for businesses. It is also offered at affordable costs, although it has high technology.<\/li>\n<li class=\" translation-block\"><strong>Advanced Customer Experience<\/strong>: Interior designed with comfortable and luxurious materials. This also contributes to increase customer satisfaction.<\/li>\n<\/ol>","protected":false},"excerpt":{"rendered":"<ul>\n<li>Full Body Cryotherapy Experience<\/li>\n<li>Ergonomic design<\/li>\n<li>Advanced Sound System<\/li>\n<\/ul>","protected":false},"featured_media":16578,"template":"","meta":[],"product_cat":[745,735,740],"product_tag":[],"class_list":{"0":"post-16574","1":"product","2":"type-product","3":"status-publish","4":"has-post-thumbnail","6":"product_cat-tum-urunler-kirmizi-isiklar","7":"product_cat-kriyo-odalari","8":"product_cat-tum-urunler-kriyo-odalari","10":"first","11":"instock","12":"shipping-taxable","13":"product-type-external"},"yoast_head":"<!-- This site is optimized with the Yoast SEO Premium plugin v23.2 (Yoast SEO v23.2) - https:\/\/yoast.com\/wordpress\/plugins\/seo\/ -->\n<title>Antarktika Kabini | Barrsell End\u00fcstri<\/title>\n<meta name=\"description\" content=\"Antarktika Kabini, modern wellness ve \u00f6zellikle estetik sekt\u00f6r\u00fcnde devrim yaratan bir kriyoterapi sistemi olarak dikkat \u00e7ekiyor.\" \/>\n<meta name=\"robots\" content=\"index, follow, max-snippet:-1, max-image-preview:large, max-video-preview:-1\" \/>\n<link rel=\"canonical\" href=\"https:\/\/barrsell.com\/en\/product\/antarctica-cabin\/\" \/>\n<meta property=\"og:locale\" content=\"en_US\" \/>\n<meta property=\"og:type\" content=\"article\" \/>\n<meta property=\"og:title\" content=\"Antarktika Kabini\" \/>\n<meta property=\"og:description\" content=\"Antarktika Kabini, modern wellness ve \u00f6zellikle estetik sekt\u00f6r\u00fcnde devrim yaratan bir kriyoterapi sistemi olarak dikkat \u00e7ekiyor.\" \/>\n<meta property=\"og:url\" content=\"https:\/\/barrsell.com\/en\/product\/antarctica-cabin\/\" \/>\n<meta property=\"og:site_name\" content=\"Barrsell\" \/>\n<meta property=\"article:modified_time\" content=\"2024-12-06T13:53:29+00:00\" \/>\n<meta property=\"og:image\" content=\"https:\/\/barrsell.com\/wp-content\/uploads\/2024\/10\/Antarktika-Kabini.png\" \/>\n\t<meta property=\"og:image:width\" content=\"1200\" \/>\n\t<meta property=\"og:image:height\" content=\"1200\" \/>\n\t<meta property=\"og:image:type\" content=\"image\/png\" \/>\n<meta name=\"twitter:card\" content=\"summary_large_image\" \/>\n<meta name=\"twitter:label1\" content=\"Est. reading time\" \/>\n\t<meta name=\"twitter:data1\" content=\"2 minutes\" \/>\n<script type=\"application\/ld+json\" class=\"yoast-schema-graph\">{\"@context\":\"https:\/\/schema.org\",\"@graph\":[{\"@type\":\"WebPage\",\"@id\":\"https:\/\/barrsell.com\/urun\/antarktika-kabini\/\",\"url\":\"https:\/\/barrsell.com\/urun\/antarktika-kabini\/\",\"name\":\"Antarktika Kabini | Barrsell End\u00fcstri\",\"isPartOf\":{\"@id\":\"https:\/\/barrsell.com\/#website\"},\"primaryImageOfPage\":{\"@id\":\"https:\/\/barrsell.com\/urun\/antarktika-kabini\/#primaryimage\"},\"image\":{\"@id\":\"https:\/\/barrsell.com\/urun\/antarktika-kabini\/#primaryimage\"},\"thumbnailUrl\":\"https:\/\/barrsell.com\/wp-content\/uploads\/2024\/10\/Antarktika-Kabini.png\",\"datePublished\":\"2024-10-17T12:08:56+00:00\",\"dateModified\":\"2024-12-06T13:53:29+00:00\",\"description\":\"Antarktika Kabini, modern wellness ve \u00f6zellikle estetik sekt\u00f6r\u00fcnde devrim yaratan bir kriyoterapi sistemi olarak dikkat \u00e7ekiyor.\",\"breadcrumb\":{\"@id\":\"https:\/\/barrsell.com\/urun\/antarktika-kabini\/#breadcrumb\"},\"inLanguage\":\"en-US\",\"potentialAction\":[{\"@type\":\"ReadAction\",\"target\":[\"https:\/\/barrsell.com\/urun\/antarktika-kabini\/\"]}]},{\"@type\":\"ImageObject\",\"inLanguage\":\"en-US\",\"@id\":\"https:\/\/barrsell.com\/urun\/antarktika-kabini\/#primaryimage\",\"url\":\"https:\/\/barrsell.com\/wp-content\/uploads\/2024\/10\/Antarktika-Kabini.png\",\"contentUrl\":\"https:\/\/barrsell.com\/wp-content\/uploads\/2024\/10\/Antarktika-Kabini.png\",\"width\":1200,\"height\":1200,\"caption\":\"Antarktika Kabini\"},{\"@type\":\"BreadcrumbList\",\"@id\":\"https:\/\/barrsell.com\/urun\/antarktika-kabini\/#breadcrumb\",\"itemListElement\":[{\"@type\":\"ListItem\",\"position\":1,\"name\":\"Home\",\"item\":\"https:\/\/barrsell.com\/\"},{\"@type\":\"ListItem\",\"position\":2,\"name\":\"\u00dcr\u00fcnler\",\"item\":\"https:\/\/barrsell.com\/en\/products\/\"},{\"@type\":\"ListItem\",\"position\":3,\"name\":\"Antarktika Kabini\"}]},{\"@type\":\"WebSite\",\"@id\":\"https:\/\/barrsell.com\/#website\",\"url\":\"https:\/\/barrsell.com\/\",\"name\":\"Barrsell End\u00fcstri Makine\",\"description\":\"Teknolojiyle G\u00fc\u00e7lenen End\u00fcstriyel \u00c7\u00f6z\u00fcmler!\",\"potentialAction\":[{\"@type\":\"SearchAction\",\"target\":{\"@type\":\"EntryPoint\",\"urlTemplate\":\"https:\/\/barrsell.com\/?s={search_term_string}\"},\"query-input\":\"required name=search_term_string\"}],\"inLanguage\":\"en-US\"}]}<\/script>\n<!-- \/ Yoast SEO Premium plugin. -->","yoast_head_json":{"title":"Antarktika Kabini | Barrsell End\u00fcstri","description":"Antarktika Kabini, modern wellness ve \u00f6zellikle estetik sekt\u00f6r\u00fcnde devrim yaratan bir kriyoterapi sistemi olarak dikkat \u00e7ekiyor.","robots":{"index":"index","follow":"follow","max-snippet":"max-snippet:-1","max-image-preview":"max-image-preview:large","max-video-preview":"max-video-preview:-1"},"canonical":"https:\/\/barrsell.com\/en\/product\/antarctica-cabin\/","og_locale":"en_US","og_type":"article","og_title":"Antarktika Kabini","og_description":"Antarktika Kabini, modern wellness ve \u00f6zellikle estetik sekt\u00f6r\u00fcnde devrim yaratan bir kriyoterapi sistemi olarak dikkat \u00e7ekiyor.","og_url":"https:\/\/barrsell.com\/en\/product\/antarctica-cabin\/","og_site_name":"Barrsell","article_modified_time":"2024-12-06T13:53:29+00:00","og_image":[{"width":1200,"height":1200,"url":"https:\/\/barrsell.com\/wp-content\/uploads\/2024\/10\/Antarktika-Kabini.png","type":"image\/png"}],"twitter_card":"summary_large_image","twitter_misc":{"Est. reading time":"2 minutes"},"schema":{"@context":"https:\/\/schema.org","@graph":[{"@type":"WebPage","@id":"https:\/\/barrsell.com\/urun\/antarktika-kabini\/","url":"https:\/\/barrsell.com\/urun\/antarktika-kabini\/","name":"Antarktika Kabini | Barrsell End\u00fcstri","isPartOf":{"@id":"https:\/\/barrsell.com\/#website"},"primaryImageOfPage":{"@id":"https:\/\/barrsell.com\/urun\/antarktika-kabini\/#primaryimage"},"image":{"@id":"https:\/\/barrsell.com\/urun\/antarktika-kabini\/#primaryimage"},"thumbnailUrl":"https:\/\/barrsell.com\/wp-content\/uploads\/2024\/10\/Antarktika-Kabini.png","datePublished":"2024-10-17T12:08:56+00:00","dateModified":"2024-12-06T13:53:29+00:00","description":"Antarktika Kabini, modern wellness ve \u00f6zellikle estetik sekt\u00f6r\u00fcnde devrim yaratan bir kriyoterapi sistemi olarak dikkat \u00e7ekiyor.","breadcrumb":{"@id":"https:\/\/barrsell.com\/urun\/antarktika-kabini\/#breadcrumb"},"inLanguage":"en-US","potentialAction":[{"@type":"ReadAction","target":["https:\/\/barrsell.com\/urun\/antarktika-kabini\/"]}]},{"@type":"ImageObject","inLanguage":"en-US","@id":"https:\/\/barrsell.com\/urun\/antarktika-kabini\/#primaryimage","url":"https:\/\/barrsell.com\/wp-content\/uploads\/2024\/10\/Antarktika-Kabini.png","contentUrl":"https:\/\/barrsell.com\/wp-content\/uploads\/2024\/10\/Antarktika-Kabini.png","width":1200,"height":1200,"caption":"Antarktika Kabini"},{"@type":"BreadcrumbList","@id":"https:\/\/barrsell.com\/urun\/antarktika-kabini\/#breadcrumb","itemListElement":[{"@type":"ListItem","position":1,"name":"Home","item":"https:\/\/barrsell.com\/"},{"@type":"ListItem","position":2,"name":"\u00dcr\u00fcnler","item":"https:\/\/barrsell.com\/en\/products\/"},{"@type":"ListItem","position":3,"name":"Antarktika Kabini"}]},{"@type":"WebSite","@id":"https:\/\/barrsell.com\/#website","url":"https:\/\/barrsell.com\/","name":"Barrsell End\u00fcstri Makine","description":"Teknolojiyle G\u00fc\u00e7lenen End\u00fcstriyel \u00c7\u00f6z\u00fcmler!","potentialAction":[{"@type":"SearchAction","target":{"@type":"EntryPoint","urlTemplate":"https:\/\/barrsell.com\/?s={search_term_string}"},"query-input":"required name=search_term_string"}],"inLanguage":"en-US"}]}},"_links":{"self":[{"href":"https:\/\/barrsell.com\/en\/wp-json\/wp\/v2\/product\/16574","targetHints":{"allow":["GET"]}}],"collection":[{"href":"https:\/\/barrsell.com\/en\/wp-json\/wp\/v2\/product"}],"about":[{"href":"https:\/\/barrsell.com\/en\/wp-json\/wp\/v2\/types\/product"}],"version-history":[{"count":8,"href":"https:\/\/barrsell.com\/en\/wp-json\/wp\/v2\/product\/16574\/revisions"}],"predecessor-version":[{"id":18824,"href":"https:\/\/barrsell.com\/en\/wp-json\/wp\/v2\/product\/16574\/revisions\/18824"}],"wp:featuredmedia":[{"embeddable":true,"href":"https:\/\/barrsell.com\/en\/wp-json\/wp\/v2\/media\/16578"}],"wp:attachment":[{"href":"https:\/\/barrsell.com\/en\/wp-json\/wp\/v2\/media?parent=16574"}],"wp:term":[{"taxonomy":"product_cat","embeddable":true,"href":"https:\/\/barrsell.com\/en\/wp-json\/wp\/v2\/product_cat?post=16574"},{"taxonomy":"product_tag","embeddable":true,"href":"https:\/\/barrsell.com\/en\/wp-json\/wp\/v2\/product_tag?post=16574"}],"curies":[{"name":"wp","href":"https:\/\/api.w.org\/{rel}","templated":true}]}}