{"id":16568,"date":"2024-10-17T11:47:21","date_gmt":"2024-10-17T11:47:21","guid":{"rendered":"https:\/\/barrsell.com\/?post_type=product&#038;p=16568"},"modified":"2024-12-06T14:13:27","modified_gmt":"2024-12-06T14:13:27","slug":"iceberg-cryonick-silindir-mini","status":"publish","type":"product","link":"https:\/\/barrsell.com\/en\/product\/iceberg-cryonick-cylinder-mini\/","title":{"rendered":"Iceberg Cryonick Cylinder Mini"},"content":{"rendered":"<h2><strong>Buzda\u011f\u0131 Cryonick Rulo Mini<\/strong><\/h2>\n<p>Iceberg Cryonick Cylinder Mini is a revolutionary device in aesthetic and healthy living spaces.\u00a0 In addition, with its compact structure and innovative features, it offers its users the experience of cryotherapy and thermal therapy together.<\/p>\n<ol>\n<li class=\" translation-block\"><strong>Double Acting Cooling and Heating System<\/strong>: Especially - works in the range of \u00b028+C with \u00b040C.\u00a0 At the same time, Iceberg Cryonick Roller Mini offers a combination of cryotherapy and thermal therapy. Thanks to this temperature range, it promotes skin tightening and breakdown of fat cells.<\/li>\n<li class=\" translation-block\"><strong>High Efficiency Motor<\/strong>: The device has 12V\/500W motor power. It also offers a special lymphatic massage with various speed settings. This engine provides optimum speed to achieve effective results in skin and adipose tissues<\/li>\n<li class=\" translation-block\"><strong>10.1 inch Touch Screen<\/strong>: Thanks to its user-friendly interface, you can control all operations with a 10.1 inch touch screen. In addition, the screen gives the user the ability to quickly adjust during the process.<\/li>\n<li class=\" translation-block\"><strong>Antifreeze Cooling System<\/strong>: Thanks to the use of antifreeze liquid for cooling process, the device works safely and effectively. This feature increases the durability of the device for long-term use<\/li>\n<li class=\" translation-block\"><strong>Compact Design<\/strong>: Iceberg Cryonick dimensions 460 mm length, 390 mm width and 180 mm height. Thanks to their small size, you can easily use them in aesthetic clinics, beauty salons or in the home environment.<\/li>\n<li class=\" translation-block\"><strong>Multiple Speed Options<\/strong>: With four different speed levels, the user can adjust the massage intensity according to their preferences. Thanks to versatile speed options, skin tightening and fat reduction become more targeted.<\/li>\n<li class=\" translation-block\"><strong>Energy Efficiency<\/strong>: 230V\/50Hz and 110V\/60Hz options with running only 600W energy consumes. This feature makes the device an energy-saving choice while not compromising on its efficiency<\/li>\n<\/ol>","protected":false},"excerpt":{"rendered":"<ul>\n<li>Compact and User Friendly Design<\/li>\n<li>Advanced Heat and Cooling Functions<\/li>\n<li>Touch Screen Control Panel<\/li>\n<\/ul>","protected":false},"featured_media":16570,"template":"","meta":[],"product_cat":[702,745,703,738],"product_tag":[],"class_list":{"0":"post-16568","1":"product","2":"type-product","3":"status-publish","4":"has-post-thumbnail","6":"product_cat-vocuactivus-wellness-saglik-urunleri","7":"product_cat-tum-urunler-kirmizi-isiklar","8":"product_cat-vucut-sekillendiriciler","9":"product_cat-tum-urunler","11":"first","12":"instock","13":"shipping-taxable","14":"product-type-external"},"yoast_head":"<!-- This site is optimized with the Yoast SEO Premium plugin v23.2 (Yoast SEO v23.2) - https:\/\/yoast.com\/wordpress\/plugins\/seo\/ -->\n<title>Iceberg Cryonick Silindir Mini | Barrsell End\u00fcstri<\/title>\n<meta name=\"description\" content=\"Iceberg Cryonick Silindir Mini kompakt yap\u0131s\u0131 ile estetik ve sa\u011fl\u0131kl\u0131 ya\u015fam alanlar\u0131nda devrim yaratan bir cihaz olarak \u00f6ne \u00e7\u0131k\u0131yor.\" \/>\n<meta name=\"robots\" content=\"index, follow, max-snippet:-1, max-image-preview:large, max-video-preview:-1\" \/>\n<link rel=\"canonical\" href=\"https:\/\/barrsell.com\/en\/product\/iceberg-cryonick-cylinder-mini\/\" \/>\n<meta property=\"og:locale\" content=\"en_US\" \/>\n<meta property=\"og:type\" content=\"article\" \/>\n<meta property=\"og:title\" content=\"Iceberg Cryonick Silindir Mini\" \/>\n<meta property=\"og:description\" content=\"Iceberg Cryonick Silindir Mini kompakt yap\u0131s\u0131 ile estetik ve sa\u011fl\u0131kl\u0131 ya\u015fam alanlar\u0131nda devrim yaratan bir cihaz olarak \u00f6ne \u00e7\u0131k\u0131yor.\" \/>\n<meta property=\"og:url\" content=\"https:\/\/barrsell.com\/en\/product\/iceberg-cryonick-cylinder-mini\/\" \/>\n<meta property=\"og:site_name\" content=\"Barrsell\" \/>\n<meta property=\"article:modified_time\" content=\"2024-12-06T14:13:27+00:00\" \/>\n<meta property=\"og:image\" content=\"https:\/\/barrsell.com\/wp-content\/uploads\/2024\/10\/Iceberg-Cryonick-Silindir-Mini.png\" \/>\n\t<meta property=\"og:image:width\" content=\"1200\" \/>\n\t<meta property=\"og:image:height\" content=\"1200\" \/>\n\t<meta property=\"og:image:type\" content=\"image\/png\" \/>\n<meta name=\"twitter:card\" content=\"summary_large_image\" \/>\n<meta name=\"twitter:label1\" content=\"Est. reading time\" \/>\n\t<meta name=\"twitter:data1\" content=\"2 minutes\" \/>\n<script type=\"application\/ld+json\" class=\"yoast-schema-graph\">{\"@context\":\"https:\/\/schema.org\",\"@graph\":[{\"@type\":\"WebPage\",\"@id\":\"https:\/\/barrsell.com\/urun\/iceberg-cryonick-silindir-mini\/\",\"url\":\"https:\/\/barrsell.com\/urun\/iceberg-cryonick-silindir-mini\/\",\"name\":\"Iceberg Cryonick Silindir Mini | Barrsell End\u00fcstri\",\"isPartOf\":{\"@id\":\"https:\/\/barrsell.com\/#website\"},\"primaryImageOfPage\":{\"@id\":\"https:\/\/barrsell.com\/urun\/iceberg-cryonick-silindir-mini\/#primaryimage\"},\"image\":{\"@id\":\"https:\/\/barrsell.com\/urun\/iceberg-cryonick-silindir-mini\/#primaryimage\"},\"thumbnailUrl\":\"https:\/\/barrsell.com\/wp-content\/uploads\/2024\/10\/Iceberg-Cryonick-Silindir-Mini.png\",\"datePublished\":\"2024-10-17T11:47:21+00:00\",\"dateModified\":\"2024-12-06T14:13:27+00:00\",\"description\":\"Iceberg Cryonick Silindir Mini kompakt yap\u0131s\u0131 ile estetik ve sa\u011fl\u0131kl\u0131 ya\u015fam alanlar\u0131nda devrim yaratan bir cihaz olarak \u00f6ne \u00e7\u0131k\u0131yor.\",\"breadcrumb\":{\"@id\":\"https:\/\/barrsell.com\/urun\/iceberg-cryonick-silindir-mini\/#breadcrumb\"},\"inLanguage\":\"en-US\",\"potentialAction\":[{\"@type\":\"ReadAction\",\"target\":[\"https:\/\/barrsell.com\/urun\/iceberg-cryonick-silindir-mini\/\"]}]},{\"@type\":\"ImageObject\",\"inLanguage\":\"en-US\",\"@id\":\"https:\/\/barrsell.com\/urun\/iceberg-cryonick-silindir-mini\/#primaryimage\",\"url\":\"https:\/\/barrsell.com\/wp-content\/uploads\/2024\/10\/Iceberg-Cryonick-Silindir-Mini.png\",\"contentUrl\":\"https:\/\/barrsell.com\/wp-content\/uploads\/2024\/10\/Iceberg-Cryonick-Silindir-Mini.png\",\"width\":1200,\"height\":1200,\"caption\":\"Iceberg Cryonick Silindir Mini\"},{\"@type\":\"BreadcrumbList\",\"@id\":\"https:\/\/barrsell.com\/urun\/iceberg-cryonick-silindir-mini\/#breadcrumb\",\"itemListElement\":[{\"@type\":\"ListItem\",\"position\":1,\"name\":\"Home\",\"item\":\"https:\/\/barrsell.com\/\"},{\"@type\":\"ListItem\",\"position\":2,\"name\":\"\u00dcr\u00fcnler\",\"item\":\"https:\/\/barrsell.com\/en\/products\/\"},{\"@type\":\"ListItem\",\"position\":3,\"name\":\"Iceberg Cryonick Silindir Mini\"}]},{\"@type\":\"WebSite\",\"@id\":\"https:\/\/barrsell.com\/#website\",\"url\":\"https:\/\/barrsell.com\/\",\"name\":\"Barrsell End\u00fcstri Makine\",\"description\":\"Teknolojiyle G\u00fc\u00e7lenen End\u00fcstriyel \u00c7\u00f6z\u00fcmler!\",\"potentialAction\":[{\"@type\":\"SearchAction\",\"target\":{\"@type\":\"EntryPoint\",\"urlTemplate\":\"https:\/\/barrsell.com\/?s={search_term_string}\"},\"query-input\":\"required name=search_term_string\"}],\"inLanguage\":\"en-US\"}]}<\/script>\n<!-- \/ Yoast SEO Premium plugin. -->","yoast_head_json":{"title":"Iceberg Cryonick Silindir Mini | Barrsell End\u00fcstri","description":"Iceberg Cryonick Silindir Mini kompakt yap\u0131s\u0131 ile estetik ve sa\u011fl\u0131kl\u0131 ya\u015fam alanlar\u0131nda devrim yaratan bir cihaz olarak \u00f6ne \u00e7\u0131k\u0131yor.","robots":{"index":"index","follow":"follow","max-snippet":"max-snippet:-1","max-image-preview":"max-image-preview:large","max-video-preview":"max-video-preview:-1"},"canonical":"https:\/\/barrsell.com\/en\/product\/iceberg-cryonick-cylinder-mini\/","og_locale":"en_US","og_type":"article","og_title":"Iceberg Cryonick Silindir Mini","og_description":"Iceberg Cryonick Silindir Mini kompakt yap\u0131s\u0131 ile estetik ve sa\u011fl\u0131kl\u0131 ya\u015fam alanlar\u0131nda devrim yaratan bir cihaz olarak \u00f6ne \u00e7\u0131k\u0131yor.","og_url":"https:\/\/barrsell.com\/en\/product\/iceberg-cryonick-cylinder-mini\/","og_site_name":"Barrsell","article_modified_time":"2024-12-06T14:13:27+00:00","og_image":[{"width":1200,"height":1200,"url":"https:\/\/barrsell.com\/wp-content\/uploads\/2024\/10\/Iceberg-Cryonick-Silindir-Mini.png","type":"image\/png"}],"twitter_card":"summary_large_image","twitter_misc":{"Est. reading time":"2 minutes"},"schema":{"@context":"https:\/\/schema.org","@graph":[{"@type":"WebPage","@id":"https:\/\/barrsell.com\/urun\/iceberg-cryonick-silindir-mini\/","url":"https:\/\/barrsell.com\/urun\/iceberg-cryonick-silindir-mini\/","name":"Iceberg Cryonick Silindir Mini | Barrsell End\u00fcstri","isPartOf":{"@id":"https:\/\/barrsell.com\/#website"},"primaryImageOfPage":{"@id":"https:\/\/barrsell.com\/urun\/iceberg-cryonick-silindir-mini\/#primaryimage"},"image":{"@id":"https:\/\/barrsell.com\/urun\/iceberg-cryonick-silindir-mini\/#primaryimage"},"thumbnailUrl":"https:\/\/barrsell.com\/wp-content\/uploads\/2024\/10\/Iceberg-Cryonick-Silindir-Mini.png","datePublished":"2024-10-17T11:47:21+00:00","dateModified":"2024-12-06T14:13:27+00:00","description":"Iceberg Cryonick Silindir Mini kompakt yap\u0131s\u0131 ile estetik ve sa\u011fl\u0131kl\u0131 ya\u015fam alanlar\u0131nda devrim yaratan bir cihaz olarak \u00f6ne \u00e7\u0131k\u0131yor.","breadcrumb":{"@id":"https:\/\/barrsell.com\/urun\/iceberg-cryonick-silindir-mini\/#breadcrumb"},"inLanguage":"en-US","potentialAction":[{"@type":"ReadAction","target":["https:\/\/barrsell.com\/urun\/iceberg-cryonick-silindir-mini\/"]}]},{"@type":"ImageObject","inLanguage":"en-US","@id":"https:\/\/barrsell.com\/urun\/iceberg-cryonick-silindir-mini\/#primaryimage","url":"https:\/\/barrsell.com\/wp-content\/uploads\/2024\/10\/Iceberg-Cryonick-Silindir-Mini.png","contentUrl":"https:\/\/barrsell.com\/wp-content\/uploads\/2024\/10\/Iceberg-Cryonick-Silindir-Mini.png","width":1200,"height":1200,"caption":"Iceberg Cryonick Silindir Mini"},{"@type":"BreadcrumbList","@id":"https:\/\/barrsell.com\/urun\/iceberg-cryonick-silindir-mini\/#breadcrumb","itemListElement":[{"@type":"ListItem","position":1,"name":"Home","item":"https:\/\/barrsell.com\/"},{"@type":"ListItem","position":2,"name":"\u00dcr\u00fcnler","item":"https:\/\/barrsell.com\/en\/products\/"},{"@type":"ListItem","position":3,"name":"Iceberg Cryonick Silindir Mini"}]},{"@type":"WebSite","@id":"https:\/\/barrsell.com\/#website","url":"https:\/\/barrsell.com\/","name":"Barrsell End\u00fcstri Makine","description":"Teknolojiyle G\u00fc\u00e7lenen End\u00fcstriyel \u00c7\u00f6z\u00fcmler!","potentialAction":[{"@type":"SearchAction","target":{"@type":"EntryPoint","urlTemplate":"https:\/\/barrsell.com\/?s={search_term_string}"},"query-input":"required name=search_term_string"}],"inLanguage":"en-US"}]}},"_links":{"self":[{"href":"https:\/\/barrsell.com\/en\/wp-json\/wp\/v2\/product\/16568","targetHints":{"allow":["GET"]}}],"collection":[{"href":"https:\/\/barrsell.com\/en\/wp-json\/wp\/v2\/product"}],"about":[{"href":"https:\/\/barrsell.com\/en\/wp-json\/wp\/v2\/types\/product"}],"version-history":[{"count":5,"href":"https:\/\/barrsell.com\/en\/wp-json\/wp\/v2\/product\/16568\/revisions"}],"predecessor-version":[{"id":18828,"href":"https:\/\/barrsell.com\/en\/wp-json\/wp\/v2\/product\/16568\/revisions\/18828"}],"wp:featuredmedia":[{"embeddable":true,"href":"https:\/\/barrsell.com\/en\/wp-json\/wp\/v2\/media\/16570"}],"wp:attachment":[{"href":"https:\/\/barrsell.com\/en\/wp-json\/wp\/v2\/media?parent=16568"}],"wp:term":[{"taxonomy":"product_cat","embeddable":true,"href":"https:\/\/barrsell.com\/en\/wp-json\/wp\/v2\/product_cat?post=16568"},{"taxonomy":"product_tag","embeddable":true,"href":"https:\/\/barrsell.com\/en\/wp-json\/wp\/v2\/product_tag?post=16568"}],"curies":[{"name":"wp","href":"https:\/\/api.w.org\/{rel}","templated":true}]}}