{"id":16563,"date":"2024-10-17T11:06:36","date_gmt":"2024-10-17T11:06:36","guid":{"rendered":"https:\/\/barrsell.com\/?post_type=product&#038;p=16563"},"modified":"2024-12-06T14:25:05","modified_gmt":"2024-12-06T14:25:05","slug":"iceberg-cryonick-roller","status":"publish","type":"product","link":"https:\/\/barrsell.com\/en\/product\/iceberg-cryonick-roller\/","title":{"rendered":"Iceberg Cryonick Roller"},"content":{"rendered":"<h2>Iceberg Cryonick Roller<\/h2>\n<p class=\" translation-block\"><strong>Iceberg Cryonick Roller<\/strong> combines thermal and mechanical treatments for skin rejuvenation, fat reduction and muscle toning. So it is a state-of-the-art device designed for non-invasive body contouring. <strong>Here are some basic features and technical details:<\/strong><\/p>\n<p class=\" translation-block\"><strong>1-Double Function Handles<\/strong>: Cryonick Roller has two different holding arms:<\/p>\n<p class=\" translation-block\"><strong>Thermal Shock Handle<\/strong>: Switch between hot and cold to stimulate blood circulation and fat breakdown. It also targets fat tissue effectively. Thus, it helps to increase the production of collagen, which contributes to a tighter and more elastic skin.<\/p>\n<p class=\" translation-block\"><strong>Lenfatic Drainage Stalk<\/strong>: Promotes lymphatic flow. Provides a gentle massage to support detoxification and reduce fluid retention. This helps to remove oxynes and excess fluid.<\/p>\n<p class=\" translation-block\"><strong>Thermal Cycle Technology<\/strong>: Iceberg Cryonick Roller applies varying temperatures to the skin, helping break down fat cells through the crystallization process. Rapid changes in temperature encourage the body to process and remove damaged fat cells. This results in quite a certain body thinning and toning effects.<\/p>\n<p class=\" translation-block\"><strong>User Friendly Interface<\/strong>: Cryonick Roller, with a large, bright touch screen, is easy to use. Users get a tailored treatment experience that is suitable for both personal and commercial applications.<\/p>\n<p class=\" translation-block\"><strong>Compact and Portable Design<\/strong>: Although compact, it is similar to larger cryotherapy and thermotherapy systems.\u00a0Its size makes it ideal for small clinics, home use or spas without compromising activity.<\/p>\n<p class=\" translation-block\"><strong>Advanced Skin &amp; Muscle Health<\/strong>: Regular use of Cryonick Roller increases collagen production.\u00a0 In addition, the muscles thus relax and help to recover faster from exercise and physical activities.<\/p>","protected":false},"excerpt":{"rendered":"<ul>\n<li>Lymphatic Drainage Arm<\/li>\n<li>Compact, Ergonomic Design<\/li>\n<li>Cryotherapy and Thermotherapy Combination<\/li>\n<\/ul>\n<p dir=\"ltr\" data-placeholder=\"\u00c7eviri\" data-ved=\"2ahUKEwjPzNes95SJAxWMSPEDHV31I6EQ3ewLegQIChAU\" aria-label=\"\u00c7evrilmi\u015f metin: \u00c7oklu Teknoloji Kombinasyonu\">","protected":false},"featured_media":16564,"template":"","meta":[],"product_cat":[702,745,703,738],"product_tag":[],"class_list":{"0":"post-16563","1":"product","2":"type-product","3":"status-publish","4":"has-post-thumbnail","6":"product_cat-vocuactivus-wellness-saglik-urunleri","7":"product_cat-tum-urunler-kirmizi-isiklar","8":"product_cat-vucut-sekillendiriciler","9":"product_cat-tum-urunler","11":"first","12":"instock","13":"shipping-taxable","14":"product-type-external"},"yoast_head":"<!-- This site is optimized with the Yoast SEO Premium plugin v23.2 (Yoast SEO v23.2) - https:\/\/yoast.com\/wordpress\/plugins\/seo\/ -->\n<title>Iceberg Cryonick Roller | Barrsell End\u00fcstri<\/title>\n<meta name=\"description\" content=\"Iceberg Cryonick Roller, cilt gen\u00e7le\u015ftirme, ya\u011f azaltma ve kas tonlama i\u00e7in termal ve mekanik tedavileri birle\u015ftiren cihazd\u0131r.\" \/>\n<meta name=\"robots\" content=\"index, follow, max-snippet:-1, max-image-preview:large, max-video-preview:-1\" \/>\n<link rel=\"canonical\" href=\"https:\/\/barrsell.com\/en\/product\/iceberg-cryonick-roller\/\" \/>\n<meta property=\"og:locale\" content=\"en_US\" \/>\n<meta property=\"og:type\" content=\"article\" \/>\n<meta property=\"og:title\" content=\"Iceberg Cryonick Roller\" \/>\n<meta property=\"og:description\" content=\"Iceberg Cryonick Roller, cilt gen\u00e7le\u015ftirme, ya\u011f azaltma ve kas tonlama i\u00e7in termal ve mekanik tedavileri birle\u015ftiren cihazd\u0131r.\" \/>\n<meta property=\"og:url\" content=\"https:\/\/barrsell.com\/en\/product\/iceberg-cryonick-roller\/\" \/>\n<meta property=\"og:site_name\" content=\"Barrsell\" \/>\n<meta property=\"article:modified_time\" content=\"2024-12-06T14:25:05+00:00\" \/>\n<meta property=\"og:image\" content=\"https:\/\/barrsell.com\/wp-content\/uploads\/2024\/10\/Iceberg-Cryonick-Roller.png\" \/>\n\t<meta property=\"og:image:width\" content=\"1200\" \/>\n\t<meta property=\"og:image:height\" content=\"1200\" \/>\n\t<meta property=\"og:image:type\" content=\"image\/png\" \/>\n<meta name=\"twitter:card\" content=\"summary_large_image\" \/>\n<meta name=\"twitter:label1\" content=\"Est. reading time\" \/>\n\t<meta name=\"twitter:data1\" content=\"2 minutes\" \/>\n<script type=\"application\/ld+json\" class=\"yoast-schema-graph\">{\"@context\":\"https:\/\/schema.org\",\"@graph\":[{\"@type\":\"WebPage\",\"@id\":\"https:\/\/barrsell.com\/urun\/iceberg-cryonick-roller\/\",\"url\":\"https:\/\/barrsell.com\/urun\/iceberg-cryonick-roller\/\",\"name\":\"Iceberg Cryonick Roller | Barrsell End\u00fcstri\",\"isPartOf\":{\"@id\":\"https:\/\/barrsell.com\/#website\"},\"primaryImageOfPage\":{\"@id\":\"https:\/\/barrsell.com\/urun\/iceberg-cryonick-roller\/#primaryimage\"},\"image\":{\"@id\":\"https:\/\/barrsell.com\/urun\/iceberg-cryonick-roller\/#primaryimage\"},\"thumbnailUrl\":\"https:\/\/barrsell.com\/wp-content\/uploads\/2024\/10\/Iceberg-Cryonick-Roller.png\",\"datePublished\":\"2024-10-17T11:06:36+00:00\",\"dateModified\":\"2024-12-06T14:25:05+00:00\",\"description\":\"Iceberg Cryonick Roller, cilt gen\u00e7le\u015ftirme, ya\u011f azaltma ve kas tonlama i\u00e7in termal ve mekanik tedavileri birle\u015ftiren cihazd\u0131r.\",\"breadcrumb\":{\"@id\":\"https:\/\/barrsell.com\/urun\/iceberg-cryonick-roller\/#breadcrumb\"},\"inLanguage\":\"en-US\",\"potentialAction\":[{\"@type\":\"ReadAction\",\"target\":[\"https:\/\/barrsell.com\/urun\/iceberg-cryonick-roller\/\"]}]},{\"@type\":\"ImageObject\",\"inLanguage\":\"en-US\",\"@id\":\"https:\/\/barrsell.com\/urun\/iceberg-cryonick-roller\/#primaryimage\",\"url\":\"https:\/\/barrsell.com\/wp-content\/uploads\/2024\/10\/Iceberg-Cryonick-Roller.png\",\"contentUrl\":\"https:\/\/barrsell.com\/wp-content\/uploads\/2024\/10\/Iceberg-Cryonick-Roller.png\",\"width\":1200,\"height\":1200,\"caption\":\"Iceberg Cryonick Roller\"},{\"@type\":\"BreadcrumbList\",\"@id\":\"https:\/\/barrsell.com\/urun\/iceberg-cryonick-roller\/#breadcrumb\",\"itemListElement\":[{\"@type\":\"ListItem\",\"position\":1,\"name\":\"Home\",\"item\":\"https:\/\/barrsell.com\/\"},{\"@type\":\"ListItem\",\"position\":2,\"name\":\"\u00dcr\u00fcnler\",\"item\":\"https:\/\/barrsell.com\/en\/products\/\"},{\"@type\":\"ListItem\",\"position\":3,\"name\":\"Iceberg Cryonick Roller\"}]},{\"@type\":\"WebSite\",\"@id\":\"https:\/\/barrsell.com\/#website\",\"url\":\"https:\/\/barrsell.com\/\",\"name\":\"Barrsell End\u00fcstri Makine\",\"description\":\"Teknolojiyle G\u00fc\u00e7lenen End\u00fcstriyel \u00c7\u00f6z\u00fcmler!\",\"potentialAction\":[{\"@type\":\"SearchAction\",\"target\":{\"@type\":\"EntryPoint\",\"urlTemplate\":\"https:\/\/barrsell.com\/?s={search_term_string}\"},\"query-input\":\"required name=search_term_string\"}],\"inLanguage\":\"en-US\"}]}<\/script>\n<!-- \/ Yoast SEO Premium plugin. -->","yoast_head_json":{"title":"Iceberg Cryonick Roller | Barrsell End\u00fcstri","description":"Iceberg Cryonick Roller, cilt gen\u00e7le\u015ftirme, ya\u011f azaltma ve kas tonlama i\u00e7in termal ve mekanik tedavileri birle\u015ftiren cihazd\u0131r.","robots":{"index":"index","follow":"follow","max-snippet":"max-snippet:-1","max-image-preview":"max-image-preview:large","max-video-preview":"max-video-preview:-1"},"canonical":"https:\/\/barrsell.com\/en\/product\/iceberg-cryonick-roller\/","og_locale":"en_US","og_type":"article","og_title":"Iceberg Cryonick Roller","og_description":"Iceberg Cryonick Roller, cilt gen\u00e7le\u015ftirme, ya\u011f azaltma ve kas tonlama i\u00e7in termal ve mekanik tedavileri birle\u015ftiren cihazd\u0131r.","og_url":"https:\/\/barrsell.com\/en\/product\/iceberg-cryonick-roller\/","og_site_name":"Barrsell","article_modified_time":"2024-12-06T14:25:05+00:00","og_image":[{"width":1200,"height":1200,"url":"https:\/\/barrsell.com\/wp-content\/uploads\/2024\/10\/Iceberg-Cryonick-Roller.png","type":"image\/png"}],"twitter_card":"summary_large_image","twitter_misc":{"Est. reading time":"2 minutes"},"schema":{"@context":"https:\/\/schema.org","@graph":[{"@type":"WebPage","@id":"https:\/\/barrsell.com\/urun\/iceberg-cryonick-roller\/","url":"https:\/\/barrsell.com\/urun\/iceberg-cryonick-roller\/","name":"Iceberg Cryonick Roller | Barrsell End\u00fcstri","isPartOf":{"@id":"https:\/\/barrsell.com\/#website"},"primaryImageOfPage":{"@id":"https:\/\/barrsell.com\/urun\/iceberg-cryonick-roller\/#primaryimage"},"image":{"@id":"https:\/\/barrsell.com\/urun\/iceberg-cryonick-roller\/#primaryimage"},"thumbnailUrl":"https:\/\/barrsell.com\/wp-content\/uploads\/2024\/10\/Iceberg-Cryonick-Roller.png","datePublished":"2024-10-17T11:06:36+00:00","dateModified":"2024-12-06T14:25:05+00:00","description":"Iceberg Cryonick Roller, cilt gen\u00e7le\u015ftirme, ya\u011f azaltma ve kas tonlama i\u00e7in termal ve mekanik tedavileri birle\u015ftiren cihazd\u0131r.","breadcrumb":{"@id":"https:\/\/barrsell.com\/urun\/iceberg-cryonick-roller\/#breadcrumb"},"inLanguage":"en-US","potentialAction":[{"@type":"ReadAction","target":["https:\/\/barrsell.com\/urun\/iceberg-cryonick-roller\/"]}]},{"@type":"ImageObject","inLanguage":"en-US","@id":"https:\/\/barrsell.com\/urun\/iceberg-cryonick-roller\/#primaryimage","url":"https:\/\/barrsell.com\/wp-content\/uploads\/2024\/10\/Iceberg-Cryonick-Roller.png","contentUrl":"https:\/\/barrsell.com\/wp-content\/uploads\/2024\/10\/Iceberg-Cryonick-Roller.png","width":1200,"height":1200,"caption":"Iceberg Cryonick Roller"},{"@type":"BreadcrumbList","@id":"https:\/\/barrsell.com\/urun\/iceberg-cryonick-roller\/#breadcrumb","itemListElement":[{"@type":"ListItem","position":1,"name":"Home","item":"https:\/\/barrsell.com\/"},{"@type":"ListItem","position":2,"name":"\u00dcr\u00fcnler","item":"https:\/\/barrsell.com\/en\/products\/"},{"@type":"ListItem","position":3,"name":"Iceberg Cryonick Roller"}]},{"@type":"WebSite","@id":"https:\/\/barrsell.com\/#website","url":"https:\/\/barrsell.com\/","name":"Barrsell End\u00fcstri Makine","description":"Teknolojiyle G\u00fc\u00e7lenen End\u00fcstriyel \u00c7\u00f6z\u00fcmler!","potentialAction":[{"@type":"SearchAction","target":{"@type":"EntryPoint","urlTemplate":"https:\/\/barrsell.com\/?s={search_term_string}"},"query-input":"required name=search_term_string"}],"inLanguage":"en-US"}]}},"_links":{"self":[{"href":"https:\/\/barrsell.com\/en\/wp-json\/wp\/v2\/product\/16563","targetHints":{"allow":["GET"]}}],"collection":[{"href":"https:\/\/barrsell.com\/en\/wp-json\/wp\/v2\/product"}],"about":[{"href":"https:\/\/barrsell.com\/en\/wp-json\/wp\/v2\/types\/product"}],"version-history":[{"count":3,"href":"https:\/\/barrsell.com\/en\/wp-json\/wp\/v2\/product\/16563\/revisions"}],"predecessor-version":[{"id":18829,"href":"https:\/\/barrsell.com\/en\/wp-json\/wp\/v2\/product\/16563\/revisions\/18829"}],"wp:featuredmedia":[{"embeddable":true,"href":"https:\/\/barrsell.com\/en\/wp-json\/wp\/v2\/media\/16564"}],"wp:attachment":[{"href":"https:\/\/barrsell.com\/en\/wp-json\/wp\/v2\/media?parent=16563"}],"wp:term":[{"taxonomy":"product_cat","embeddable":true,"href":"https:\/\/barrsell.com\/en\/wp-json\/wp\/v2\/product_cat?post=16563"},{"taxonomy":"product_tag","embeddable":true,"href":"https:\/\/barrsell.com\/en\/wp-json\/wp\/v2\/product_tag?post=16563"}],"curies":[{"name":"wp","href":"https:\/\/api.w.org\/{rel}","templated":true}]}}