{"id":16553,"date":"2024-10-17T09:45:31","date_gmt":"2024-10-17T09:45:31","guid":{"rendered":"https:\/\/barrsell.com\/?post_type=product&#038;p=16553"},"modified":"2024-12-06T14:36:32","modified_gmt":"2024-12-06T14:36:32","slug":"siluet-sekillendirici","status":"publish","type":"product","link":"https:\/\/barrsell.com\/en\/product\/silhouette-shaper\/","title":{"rendered":"Silhouette Shaper"},"content":{"rendered":"<div class=\"flex-1 overflow-hidden\">\n<div class=\"h-full\">\n<div class=\"react-scroll-to-bottom--css-jzopz-79elbk h-full\">\n<div class=\"react-scroll-to-bottom--css-jzopz-1n7m0yu\">\n<div class=\"flex flex-col text-sm md:pb-9\">\n<article class=\"w-full text-token-text-primary focus-visible:outline-2 focus-visible:outline-offset-[-4px]\" dir=\"auto\" data-testid=\"conversation-turn-3\" data-scroll-anchor=\"true\">\n<div class=\"m-auto text-base py-[18px] px-3 md:px-4 w-full md:px-5 lg:px-4 xl:px-5\">\n<div class=\"mx-auto flex flex-1 gap-4 text-base md:gap-5 lg:gap-6 md:max-w-3xl lg:max-w-[40rem] xl:max-w-[48rem]\">\n<div class=\"group\/conversation-turn relative flex w-full min-w-0 flex-col agent-turn\">\n<div class=\"flex-col gap-1 md:gap-3\">\n<div class=\"flex max-w-full flex-col flex-grow\">\n<div class=\"min-h-8 text-message flex w-full flex-col items-end gap-2 whitespace-normal break-words [.text-message+&amp;]:mt-5\" dir=\"auto\" data-message-author-role=\"assistant\" data-message-id=\"b8b7062e-80dd-4299-919b-b77dd0c05b04\" data-message-model-slug=\"gpt-4o\">\n<div class=\"flex w-full flex-col gap-1 empty:hidden first:pt-[3px]\">\n<h2 class=\"markdown prose w-full break-words dark:prose-invert light\">Silhouette Shaper<\/h2>\n<p>The silhouette shaper is a device used in the field of body contouring and contouring and is often preferred for targets such as reducing regional oils, skin tightening and reducing the appearance of cellulite. The operating principles of this device include state-of-the-art RF (Radio Frequency), ultrasound and vacuum technologies. Here is the detailed technical information about the Silhouette Shaper:<\/p>\n<h4>1. Working Principles and Technologies<\/h4>\n<p class=\" translation-block\"><strong>a. Radio Frequency (RF)<\/strong>: Silhouette Shaper devices often use bipolar or multipolar RF energy. The RF energy heats the tissues by penetrating the lower layers of the skin. This heat promotes collagen production and improves skin elasticity while breaking down fat cells. At the same time, the fat cells under the skin are broken down because the temperature of the skin rises in a controlled way. It metabolizes and thus removes it from the body in natural ways. In addition, this process allows collagen fibers to be reconstructed.<\/p>\n<p class=\" translation-block\"><strong>b. Ultrasound Technology<\/strong>: Another technology used in silhouette shaperide is ultrasonic waves. There are high frequency sound waves to disrupt the membranes of fat cells in the targeted area. With ultrasound energy, fat cells are broken down and liquefied. This fluid fat is removed from the body through the lymphatic system. This technology provides non-invasive fat reduction while not damaging surrounding tissues.<\/p>\n<p class=\" translation-block\"><strong>c. Vacuum Therapy<\/strong>: Vacuum function, slightly pulling skin and subcutaneous tissues, improves blood circulation and accelerates lymphatic drainage. Vacuum also allows for better targeting of fat cells. In this way, fat cells are treated more effectively. Massage movements made with vacuum also increase regional circulation and facilitate the excretion of toxins.<\/p>\n<h4>2. Operating Mechanism and Procedure<\/h4>\n<p>The silhouette shaper is usually applied in a series of treatment sessions. Each session takes about 20-60 minutes.\u00a0 The device is moved over the surface of the skin and energy is applied to the targeted areas. In the first place, with a light vacuum, the skin tissue is raised and the device head should be placed in the area.. Then, the RF and ultrasound energy of the device come into play. With the help of the vacuum, the energy reaches deeper tissues.<\/p>\n<\/div>\n<\/div>\n<\/div>\n<\/div>\n<\/div>\n<\/div>\n<\/div>\n<\/article>\n<\/div>\n<\/div>\n<\/div>\n<\/div>\n<\/div>","protected":false},"excerpt":{"rendered":"<ul>\n<li><span class=\"Y2IQFc\" lang=\"tr\">Multi Technology Combination<\/span><\/li>\n<li><span class=\"Y2IQFc\" lang=\"tr\">Non Invasive Cellulite Reduction<\/span><\/li>\n<li><span class=\"Y2IQFc\" lang=\"tr\">Adjustable Density Levels<\/span><\/li>\n<\/ul>","protected":false},"featured_media":16557,"template":"","meta":[],"product_cat":[702,745,703,738],"product_tag":[],"class_list":{"0":"post-16553","1":"product","2":"type-product","3":"status-publish","4":"has-post-thumbnail","6":"product_cat-vocuactivus-wellness-saglik-urunleri","7":"product_cat-tum-urunler-kirmizi-isiklar","8":"product_cat-vucut-sekillendiriciler","9":"product_cat-tum-urunler","11":"first","12":"instock","13":"shipping-taxable","14":"product-type-external"},"yoast_head":"<!-- This site is optimized with the Yoast SEO Premium plugin v23.2 (Yoast SEO v23.2) - https:\/\/yoast.com\/wordpress\/plugins\/seo\/ -->\n<title>Sil\u00fcet \u015eekillendirici | Barrsell End\u00fcstri<\/title>\n<meta name=\"description\" content=\"Sil\u00fcet \u015eekillendirici, v\u00fccut \u015fekillendirme ve kont\u00fcrleme alan\u0131nda kullan\u0131lan bir cihazd\u0131r. \u00e7al\u0131\u015fma prensibi ultrason ve vakum teknolojilerini i\u00e7erebilir.\" \/>\n<meta name=\"robots\" content=\"index, follow, max-snippet:-1, max-image-preview:large, max-video-preview:-1\" \/>\n<link rel=\"canonical\" href=\"https:\/\/barrsell.com\/en\/product\/silhouette-shaper\/\" \/>\n<meta property=\"og:locale\" content=\"en_US\" \/>\n<meta property=\"og:type\" content=\"article\" \/>\n<meta property=\"og:title\" content=\"Sil\u00fcet \u015eekillendirici\" \/>\n<meta property=\"og:description\" content=\"Sil\u00fcet \u015eekillendirici, v\u00fccut \u015fekillendirme ve kont\u00fcrleme alan\u0131nda kullan\u0131lan bir cihazd\u0131r. \u00e7al\u0131\u015fma prensibi ultrason ve vakum teknolojilerini i\u00e7erebilir.\" \/>\n<meta property=\"og:url\" content=\"https:\/\/barrsell.com\/en\/product\/silhouette-shaper\/\" \/>\n<meta property=\"og:site_name\" content=\"Barrsell\" \/>\n<meta property=\"article:modified_time\" content=\"2024-12-06T14:36:32+00:00\" \/>\n<meta property=\"og:image\" content=\"https:\/\/barrsell.com\/wp-content\/uploads\/2024\/10\/Siluet-Sekillendirici.png\" \/>\n\t<meta property=\"og:image:width\" content=\"1200\" \/>\n\t<meta property=\"og:image:height\" content=\"1200\" \/>\n\t<meta property=\"og:image:type\" content=\"image\/png\" \/>\n<meta name=\"twitter:card\" content=\"summary_large_image\" \/>\n<meta name=\"twitter:label1\" content=\"Est. reading time\" \/>\n\t<meta name=\"twitter:data1\" content=\"2 minutes\" \/>\n<script type=\"application\/ld+json\" class=\"yoast-schema-graph\">{\"@context\":\"https:\/\/schema.org\",\"@graph\":[{\"@type\":\"WebPage\",\"@id\":\"https:\/\/barrsell.com\/urun\/siluet-sekillendirici\/\",\"url\":\"https:\/\/barrsell.com\/urun\/siluet-sekillendirici\/\",\"name\":\"Sil\u00fcet \u015eekillendirici | Barrsell End\u00fcstri\",\"isPartOf\":{\"@id\":\"https:\/\/barrsell.com\/#website\"},\"primaryImageOfPage\":{\"@id\":\"https:\/\/barrsell.com\/urun\/siluet-sekillendirici\/#primaryimage\"},\"image\":{\"@id\":\"https:\/\/barrsell.com\/urun\/siluet-sekillendirici\/#primaryimage\"},\"thumbnailUrl\":\"https:\/\/barrsell.com\/wp-content\/uploads\/2024\/10\/Siluet-Sekillendirici.png\",\"datePublished\":\"2024-10-17T09:45:31+00:00\",\"dateModified\":\"2024-12-06T14:36:32+00:00\",\"description\":\"Sil\u00fcet \u015eekillendirici, v\u00fccut \u015fekillendirme ve kont\u00fcrleme alan\u0131nda kullan\u0131lan bir cihazd\u0131r. \u00e7al\u0131\u015fma prensibi ultrason ve vakum teknolojilerini i\u00e7erebilir.\",\"breadcrumb\":{\"@id\":\"https:\/\/barrsell.com\/urun\/siluet-sekillendirici\/#breadcrumb\"},\"inLanguage\":\"en-US\",\"potentialAction\":[{\"@type\":\"ReadAction\",\"target\":[\"https:\/\/barrsell.com\/urun\/siluet-sekillendirici\/\"]}]},{\"@type\":\"ImageObject\",\"inLanguage\":\"en-US\",\"@id\":\"https:\/\/barrsell.com\/urun\/siluet-sekillendirici\/#primaryimage\",\"url\":\"https:\/\/barrsell.com\/wp-content\/uploads\/2024\/10\/Siluet-Sekillendirici.png\",\"contentUrl\":\"https:\/\/barrsell.com\/wp-content\/uploads\/2024\/10\/Siluet-Sekillendirici.png\",\"width\":1200,\"height\":1200,\"caption\":\"Sil\u00fcet \u015eekillendirici\"},{\"@type\":\"BreadcrumbList\",\"@id\":\"https:\/\/barrsell.com\/urun\/siluet-sekillendirici\/#breadcrumb\",\"itemListElement\":[{\"@type\":\"ListItem\",\"position\":1,\"name\":\"Home\",\"item\":\"https:\/\/barrsell.com\/\"},{\"@type\":\"ListItem\",\"position\":2,\"name\":\"\u00dcr\u00fcnler\",\"item\":\"https:\/\/barrsell.com\/en\/products\/\"},{\"@type\":\"ListItem\",\"position\":3,\"name\":\"Sil\u00fcet \u015eekillendirici\"}]},{\"@type\":\"WebSite\",\"@id\":\"https:\/\/barrsell.com\/#website\",\"url\":\"https:\/\/barrsell.com\/\",\"name\":\"Barrsell End\u00fcstri Makine\",\"description\":\"Teknolojiyle G\u00fc\u00e7lenen End\u00fcstriyel \u00c7\u00f6z\u00fcmler!\",\"potentialAction\":[{\"@type\":\"SearchAction\",\"target\":{\"@type\":\"EntryPoint\",\"urlTemplate\":\"https:\/\/barrsell.com\/?s={search_term_string}\"},\"query-input\":\"required name=search_term_string\"}],\"inLanguage\":\"en-US\"}]}<\/script>\n<!-- \/ Yoast SEO Premium plugin. -->","yoast_head_json":{"title":"Sil\u00fcet \u015eekillendirici | Barrsell End\u00fcstri","description":"Sil\u00fcet \u015eekillendirici, v\u00fccut \u015fekillendirme ve kont\u00fcrleme alan\u0131nda kullan\u0131lan bir cihazd\u0131r. \u00e7al\u0131\u015fma prensibi ultrason ve vakum teknolojilerini i\u00e7erebilir.","robots":{"index":"index","follow":"follow","max-snippet":"max-snippet:-1","max-image-preview":"max-image-preview:large","max-video-preview":"max-video-preview:-1"},"canonical":"https:\/\/barrsell.com\/en\/product\/silhouette-shaper\/","og_locale":"en_US","og_type":"article","og_title":"Sil\u00fcet \u015eekillendirici","og_description":"Sil\u00fcet \u015eekillendirici, v\u00fccut \u015fekillendirme ve kont\u00fcrleme alan\u0131nda kullan\u0131lan bir cihazd\u0131r. \u00e7al\u0131\u015fma prensibi ultrason ve vakum teknolojilerini i\u00e7erebilir.","og_url":"https:\/\/barrsell.com\/en\/product\/silhouette-shaper\/","og_site_name":"Barrsell","article_modified_time":"2024-12-06T14:36:32+00:00","og_image":[{"width":1200,"height":1200,"url":"https:\/\/barrsell.com\/wp-content\/uploads\/2024\/10\/Siluet-Sekillendirici.png","type":"image\/png"}],"twitter_card":"summary_large_image","twitter_misc":{"Est. reading time":"2 minutes"},"schema":{"@context":"https:\/\/schema.org","@graph":[{"@type":"WebPage","@id":"https:\/\/barrsell.com\/urun\/siluet-sekillendirici\/","url":"https:\/\/barrsell.com\/urun\/siluet-sekillendirici\/","name":"Sil\u00fcet \u015eekillendirici | Barrsell End\u00fcstri","isPartOf":{"@id":"https:\/\/barrsell.com\/#website"},"primaryImageOfPage":{"@id":"https:\/\/barrsell.com\/urun\/siluet-sekillendirici\/#primaryimage"},"image":{"@id":"https:\/\/barrsell.com\/urun\/siluet-sekillendirici\/#primaryimage"},"thumbnailUrl":"https:\/\/barrsell.com\/wp-content\/uploads\/2024\/10\/Siluet-Sekillendirici.png","datePublished":"2024-10-17T09:45:31+00:00","dateModified":"2024-12-06T14:36:32+00:00","description":"Sil\u00fcet \u015eekillendirici, v\u00fccut \u015fekillendirme ve kont\u00fcrleme alan\u0131nda kullan\u0131lan bir cihazd\u0131r. \u00e7al\u0131\u015fma prensibi ultrason ve vakum teknolojilerini i\u00e7erebilir.","breadcrumb":{"@id":"https:\/\/barrsell.com\/urun\/siluet-sekillendirici\/#breadcrumb"},"inLanguage":"en-US","potentialAction":[{"@type":"ReadAction","target":["https:\/\/barrsell.com\/urun\/siluet-sekillendirici\/"]}]},{"@type":"ImageObject","inLanguage":"en-US","@id":"https:\/\/barrsell.com\/urun\/siluet-sekillendirici\/#primaryimage","url":"https:\/\/barrsell.com\/wp-content\/uploads\/2024\/10\/Siluet-Sekillendirici.png","contentUrl":"https:\/\/barrsell.com\/wp-content\/uploads\/2024\/10\/Siluet-Sekillendirici.png","width":1200,"height":1200,"caption":"Sil\u00fcet \u015eekillendirici"},{"@type":"BreadcrumbList","@id":"https:\/\/barrsell.com\/urun\/siluet-sekillendirici\/#breadcrumb","itemListElement":[{"@type":"ListItem","position":1,"name":"Home","item":"https:\/\/barrsell.com\/"},{"@type":"ListItem","position":2,"name":"\u00dcr\u00fcnler","item":"https:\/\/barrsell.com\/en\/products\/"},{"@type":"ListItem","position":3,"name":"Sil\u00fcet \u015eekillendirici"}]},{"@type":"WebSite","@id":"https:\/\/barrsell.com\/#website","url":"https:\/\/barrsell.com\/","name":"Barrsell End\u00fcstri Makine","description":"Teknolojiyle G\u00fc\u00e7lenen End\u00fcstriyel \u00c7\u00f6z\u00fcmler!","potentialAction":[{"@type":"SearchAction","target":{"@type":"EntryPoint","urlTemplate":"https:\/\/barrsell.com\/?s={search_term_string}"},"query-input":"required name=search_term_string"}],"inLanguage":"en-US"}]}},"_links":{"self":[{"href":"https:\/\/barrsell.com\/en\/wp-json\/wp\/v2\/product\/16553","targetHints":{"allow":["GET"]}}],"collection":[{"href":"https:\/\/barrsell.com\/en\/wp-json\/wp\/v2\/product"}],"about":[{"href":"https:\/\/barrsell.com\/en\/wp-json\/wp\/v2\/types\/product"}],"version-history":[{"count":8,"href":"https:\/\/barrsell.com\/en\/wp-json\/wp\/v2\/product\/16553\/revisions"}],"predecessor-version":[{"id":18834,"href":"https:\/\/barrsell.com\/en\/wp-json\/wp\/v2\/product\/16553\/revisions\/18834"}],"wp:featuredmedia":[{"embeddable":true,"href":"https:\/\/barrsell.com\/en\/wp-json\/wp\/v2\/media\/16557"}],"wp:attachment":[{"href":"https:\/\/barrsell.com\/en\/wp-json\/wp\/v2\/media?parent=16553"}],"wp:term":[{"taxonomy":"product_cat","embeddable":true,"href":"https:\/\/barrsell.com\/en\/wp-json\/wp\/v2\/product_cat?post=16553"},{"taxonomy":"product_tag","embeddable":true,"href":"https:\/\/barrsell.com\/en\/wp-json\/wp\/v2\/product_tag?post=16553"}],"curies":[{"name":"wp","href":"https:\/\/api.w.org\/{rel}","templated":true}]}}