{"id":1567,"date":"2022-12-09T15:43:10","date_gmt":"2022-12-09T15:43:10","guid":{"rendered":"http:\/\/dummy.xtemos.com\/woodmart2\/mega-electronics-elementor\/?post_type=product&#038;p=1567"},"modified":"2025-01-09T03:19:26","modified_gmt":"2025-01-09T03:19:26","slug":"hygromatik-ministeam-mse","status":"publish","type":"product","link":"https:\/\/barrsell.com\/en\/product\/hygromatik-ministeam-mse\/","title":{"rendered":"HygroMatik MiniSteam MSE"},"content":{"rendered":"<h2><strong>Hygromatik MiniSteam MSE<\/strong><\/h2>\n<p class=\" translation-block\">Hygromatik MiniSteam MSE is built for hygienic steam for pure and reliable steam. It has a very robust pump and electronic system. If it is operated with drinking water, it produces healthy and reliable steam. At the same time, hygienic steam is evenly distributed throughout the room thanks to the ventilation unit. Especially ideal for small and medium-sized rooms. The lid comes off easily, so you can carry out easy and comprehensive maintenance. Developed with the superior technology of <strong><a href=\"\/\/barrsell.com\/kategoriler\/buhar-jeneratorleri-nemlendiriciler\/hygromatik-buharli-nemlendirici\/\u201d\" target=\"\u201c_self\u201d\">HygroMatik<\/a>, MiniSteam MSE stands out as an economical option thanks to its low energy consumption and easy maintenance<\/strong>.<\/p>\n<p><a href=\"https:\/\/barrsell.com\/wp-content\/uploads\/2022\/12\/HygroMatik-MSE-Buhar-Sistemi.png\"><img fetchpriority=\"high\" decoding=\"async\" class=\"wp-image-18245\" src=\"https:\/\/barrsell.com\/wp-content\/uploads\/2022\/12\/HygroMatik-MSE-Buhar-Sistemi-1024x515.png\" alt=\"\" width=\"950\" height=\"478\" srcset=\"https:\/\/barrsell.com\/wp-content\/uploads\/2022\/12\/HygroMatik-MSE-Buhar-Sistemi-1024x515.png 1024w, https:\/\/barrsell.com\/wp-content\/uploads\/2022\/12\/HygroMatik-MSE-Buhar-Sistemi-300x151.png 300w, https:\/\/barrsell.com\/wp-content\/uploads\/2022\/12\/HygroMatik-MSE-Buhar-Sistemi-768x386.png 768w, https:\/\/barrsell.com\/wp-content\/uploads\/2022\/12\/HygroMatik-MSE-Buhar-Sistemi-18x9.png 18w, https:\/\/barrsell.com\/wp-content\/uploads\/2022\/12\/HygroMatik-MSE-Buhar-Sistemi-150x75.png 150w, https:\/\/barrsell.com\/wp-content\/uploads\/2022\/12\/HygroMatik-MSE-Buhar-Sistemi.png 1183w\" sizes=\"(max-width: 950px) 100vw, 950px\" \/><\/a><\/p>\n<p><strong>Technical Data<\/strong><\/p>\n<table>\n<thead>\n<tr>\n<th><strong>Feature<\/strong><\/th>\n<th><strong>Details<\/strong><\/th>\n<\/tr>\n<\/thead>\n<tbody>\n<tr>\n<td><strong>Steam Capacity<\/strong><\/td>\n<td>1-2 kg\/h (depends on scope and requirement)<\/td>\n<\/tr>\n<tr>\n<td><strong>Energy Consumption<\/strong><\/td>\n<td>Low energy consumption, highly efficient operation<\/td>\n<\/tr>\n<tr>\n<td><strong>Areas of Use<\/strong><\/td>\n<td>Small offices, homes, personal spas<\/td>\n<\/tr>\n<tr>\n<td><strong>Material<\/strong><\/td>\n<td>Corrosion resistant, hygienic structure<\/td>\n<\/tr>\n<tr>\n<td><strong>Control System<\/strong><\/td>\n<td>Digital panel with precise humidity control<\/td>\n<\/tr>\n<tr>\n<td><strong>Installation Requirements<\/strong><\/td>\n<td>Easy installation and flexible connection points<\/td>\n<\/tr>\n<tr>\n<td><strong>Maintenance Needs<\/strong><\/td>\n<td>Minimal, long-lasting performance<\/td>\n<\/tr>\n<tr>\n<td><strong>Hygiene Feature<\/strong><\/td>\n<td>Water purification and hygienic steam production<\/td>\n<\/tr>\n<tr>\n<td><strong>Operating Temperature<\/strong><\/td>\n<td>5\u00b0C to 35\u00b0C range<\/td>\n<\/tr>\n<\/tbody>\n<\/table>\n<h4><strong>Easy to Use<\/strong><\/h4>\n<p class=\" translation-block\">It has a user-friendly LED display. It also offers a more understandable experience for users with simple on-screen symbols. In addition, <a href=\"\/\/wdteknoloji.com\/kategori\/hygromatik-nemlendirici-urunler\/\u201d\" target=\"\u201c_self\u201d\">HygroMatik<\/a> MiniSteam MSE can be easily managed with the control buttons. Provides fast control. It stands out with its easy installation and compact design. It is also unique in that it has an extremely robust body.<\/p>\n<h4><strong>Compact and Aesthetic Design<\/strong><\/h4>\n<p>MiniSteam MSE has a compact structure that saves space. This device, which can be easily installed in small spaces, harmonizes with its surroundings with its aesthetic design. And it offers a minimal look in spaces. Moreover, thanks to its modern structure, it easily adapts to different interior decorations.<\/p>\n<p>&nbsp;<\/p>\n<div id=\"attachment_11111\" style=\"width: 522px\" class=\"wp-caption alignleft\"><img decoding=\"async\" aria-describedby=\"caption-attachment-11111\" class=\"wp-image-11111 size-full\" src=\"https:\/\/barrsell.com\/wp-content\/uploads\/2022\/12\/ministeam-dagitim.jpg\" alt=\"HygroMatik MiniSteam MSE\" width=\"512\" height=\"358\" srcset=\"https:\/\/barrsell.com\/wp-content\/uploads\/2022\/12\/ministeam-dagitim.jpg 512w, https:\/\/barrsell.com\/wp-content\/uploads\/2022\/12\/ministeam-dagitim-300x210.jpg 300w, https:\/\/barrsell.com\/wp-content\/uploads\/2022\/12\/ministeam-dagitim-18x12.jpg 18w, https:\/\/barrsell.com\/wp-content\/uploads\/2022\/12\/ministeam-dagitim-150x105.jpg 150w\" sizes=\"(max-width: 512px) 100vw, 512px\" \/><p id=\"caption-attachment-11111\" class=\"wp-caption-text\">HygroMatik MiniSteam MSE<\/p><\/div>\n<h4><strong>Secure Precision Control<\/strong><\/h4>\n<p><strong>HygroMatik MiniSteam MSE<\/strong>processes all common control signals. And it also automatically adapts to the relevant water quality. In addition, it features continuous or single-stage control, integrated PI control and automatic system test. Furthermore, 2 potential-free remote signals, serial interface RS-485 (EIA-485) with integrated galvanic isolation. It stands out with features such as standby blowdown and standby heating.<\/p>\n<h4><strong>High Efficiency Steam Generation<\/strong><\/h4>\n<p><strong>HygroMatik MiniSteam MSE<\/strong>delivers the desired humidity level quickly, ensuring fast and high quality steam production. However, the precise humidity control maintains the ideal humidity balance of the environment and increases the comfort of the user. Furthermore, this efficiency of the MiniSteam MSE supports energy savings. By extending the lifetime of the device, it also reduces operating costs.<\/p>\n<h4><strong>Low Maintenance Requirement<\/strong><\/h4>\n<p>Minimizes the need for maintenance. Thanks to its high quality components and durable construction, it operates smoothly for a long time. This feature keeps users' maintenance costs to a minimum and prevents operational interruptions.<\/p>\n<table style=\"height: 154px;\" width=\"688\">\n<tbody>\n<tr>\n<td rowspan=\"2\" width=\"90\"><strong>Model<\/strong><\/td>\n<td rowspan=\"2\" width=\"130\"><strong>Maximum steam output<\/strong><\/td>\n<td rowspan=\"2\" width=\"135\"><strong>Electricity connection<\/strong><\/td>\n<td width=\"119\"><strong>Dimensions<\/strong><\/td>\n<\/tr>\n<tr>\n<td width=\"119\"><strong>g\/y\/d [mm]<\/strong><\/td>\n<\/tr>\n<tr>\n<td width=\"90\" data-title=\"Model\">MSE 05<\/td>\n<td width=\"130\" data-title=\"Parn\u00ed v\u00fdkon max\">4,8 kg\/h<\/td>\n<td width=\"135\" data-title=\"El.p\u0159ipojen\u00ed\">3,6 kW\/ 15,7 A<\/td>\n<td width=\"119\" data-title=\"Rozm\u011bry \u0161\/v\/h [mm]\">390\/595\/255<\/td>\n<\/tr>\n<tr>\n<td width=\"90\" data-title=\"Model\">MSE 05<\/td>\n<td width=\"130\" data-title=\"Parn\u00ed v\u00fdkon max\">5,2 kg\/h<\/td>\n<td width=\"135\" data-title=\"El.p\u0159ipojen\u00ed\">3,9 kW\/ 5,4 A<\/td>\n<td width=\"119\" data-title=\"Rozm\u011bry \u0161\/v\/h [mm]\">390\/595\/255<\/td>\n<\/tr>\n<tr>\n<td width=\"90\" data-title=\"Model\">MSE10<\/td>\n<td width=\"130\" data-title=\"Parn\u00ed v\u00fdkon max\">10,4 kg\/h<\/td>\n<td width=\"135\" data-title=\"El.p\u0159ipojen\u00ed\">7,8 kW\/ 5,4 A<\/td>\n<td width=\"119\" data-title=\"Rozm\u011bry \u0161\/v\/h [mm]\">390\/595\/255<\/td>\n<\/tr>\n<\/tbody>\n<\/table>","protected":false},"excerpt":{"rendered":"<ul>\n<li>LED display for convenient operation.<\/li>\n<li>Stainless steel electrodes<\/li>\n<\/ul>","protected":false},"featured_media":11104,"template":"","meta":[],"product_cat":[113,125,126],"product_tag":[244,243,241,247],"class_list":{"0":"post-1567","1":"product","2":"type-product","3":"status-publish","4":"has-post-thumbnail","6":"product_cat-buhar-jeneratorleri-nemlendiriciler","7":"product_cat-hygromatik-buharli-nemlendirici","8":"product_cat-hygromatik-elektrotlu-nemlendiriciler","9":"product_tag-buharjeneratoru","10":"product_tag-buharlinemlendirici","11":"product_tag-hygromatik","12":"product_tag-ministeam","14":"first","15":"instock","16":"shipping-taxable","17":"purchasable","18":"product-type-variable"},"yoast_head":"<!-- This site is optimized with the Yoast SEO Premium plugin v23.2 (Yoast SEO v23.2) - https:\/\/yoast.com\/wordpress\/plugins\/seo\/ -->\n<title>HygroMatik MiniSteam MSE | Barrsell End\u00fcstri<\/title>\n<meta name=\"description\" content=\"Hygromatik MiniSteam MSE saf ve g\u00fcvenilir buhar i\u00e7in hijyenik buhar i\u00e7in \u00fcretilmi\u015ftir. \u00c7ok sa\u011flam pompa ve elektronik sisteme sahiptir.\" \/>\n<meta name=\"robots\" content=\"index, follow, max-snippet:-1, max-image-preview:large, max-video-preview:-1\" \/>\n<link rel=\"canonical\" href=\"https:\/\/barrsell.com\/en\/product\/hygromatik-ministeam-mse\/\" \/>\n<meta property=\"og:locale\" content=\"en_US\" \/>\n<meta property=\"og:type\" content=\"article\" \/>\n<meta property=\"og:title\" content=\"HygroMatik MiniSteam MSE\" \/>\n<meta property=\"og:description\" content=\"Hygromatik MiniSteam MSE saf ve g\u00fcvenilir buhar i\u00e7in hijyenik buhar i\u00e7in \u00fcretilmi\u015ftir. \u00c7ok sa\u011flam pompa ve elektronik sisteme sahiptir.\" \/>\n<meta property=\"og:url\" content=\"https:\/\/barrsell.com\/en\/product\/hygromatik-ministeam-mse\/\" \/>\n<meta property=\"og:site_name\" content=\"Barrsell\" \/>\n<meta property=\"article:modified_time\" content=\"2025-01-09T03:19:26+00:00\" \/>\n<meta property=\"og:image\" content=\"https:\/\/barrsell.com\/wp-content\/uploads\/2022\/12\/hygromatik-miniSteam-MSE.png\" \/>\n\t<meta property=\"og:image:width\" content=\"1200\" \/>\n\t<meta property=\"og:image:height\" content=\"1200\" \/>\n\t<meta property=\"og:image:type\" content=\"image\/png\" \/>\n<meta name=\"twitter:card\" content=\"summary_large_image\" \/>\n<meta name=\"twitter:label1\" content=\"Est. reading time\" \/>\n\t<meta name=\"twitter:data1\" content=\"4 minutes\" \/>\n<script type=\"application\/ld+json\" class=\"yoast-schema-graph\">{\"@context\":\"https:\/\/schema.org\",\"@graph\":[{\"@type\":\"WebPage\",\"@id\":\"https:\/\/barrsell.com\/urun\/hygromatik-ministeam-mse\/\",\"url\":\"https:\/\/barrsell.com\/urun\/hygromatik-ministeam-mse\/\",\"name\":\"HygroMatik MiniSteam MSE | Barrsell End\u00fcstri\",\"isPartOf\":{\"@id\":\"https:\/\/barrsell.com\/#website\"},\"primaryImageOfPage\":{\"@id\":\"https:\/\/barrsell.com\/urun\/hygromatik-ministeam-mse\/#primaryimage\"},\"image\":{\"@id\":\"https:\/\/barrsell.com\/urun\/hygromatik-ministeam-mse\/#primaryimage\"},\"thumbnailUrl\":\"https:\/\/barrsell.com\/wp-content\/uploads\/2022\/12\/hygromatik-miniSteam-MSE.png\",\"datePublished\":\"2022-12-09T15:43:10+00:00\",\"dateModified\":\"2025-01-09T03:19:26+00:00\",\"description\":\"Hygromatik MiniSteam MSE saf ve g\u00fcvenilir buhar i\u00e7in hijyenik buhar i\u00e7in \u00fcretilmi\u015ftir. \u00c7ok sa\u011flam pompa ve elektronik sisteme sahiptir.\",\"breadcrumb\":{\"@id\":\"https:\/\/barrsell.com\/urun\/hygromatik-ministeam-mse\/#breadcrumb\"},\"inLanguage\":\"en-US\",\"potentialAction\":[{\"@type\":\"ReadAction\",\"target\":[\"https:\/\/barrsell.com\/urun\/hygromatik-ministeam-mse\/\"]}]},{\"@type\":\"ImageObject\",\"inLanguage\":\"en-US\",\"@id\":\"https:\/\/barrsell.com\/urun\/hygromatik-ministeam-mse\/#primaryimage\",\"url\":\"https:\/\/barrsell.com\/wp-content\/uploads\/2022\/12\/hygromatik-miniSteam-MSE.png\",\"contentUrl\":\"https:\/\/barrsell.com\/wp-content\/uploads\/2022\/12\/hygromatik-miniSteam-MSE.png\",\"width\":1200,\"height\":1200,\"caption\":\"hygromatik-miniSteam-MSE\"},{\"@type\":\"BreadcrumbList\",\"@id\":\"https:\/\/barrsell.com\/urun\/hygromatik-ministeam-mse\/#breadcrumb\",\"itemListElement\":[{\"@type\":\"ListItem\",\"position\":1,\"name\":\"Home\",\"item\":\"https:\/\/barrsell.com\/\"},{\"@type\":\"ListItem\",\"position\":2,\"name\":\"\u00dcr\u00fcnler\",\"item\":\"https:\/\/barrsell.com\/en\/products\/\"},{\"@type\":\"ListItem\",\"position\":3,\"name\":\"HygroMatik MiniSteam MSE\"}]},{\"@type\":\"WebSite\",\"@id\":\"https:\/\/barrsell.com\/#website\",\"url\":\"https:\/\/barrsell.com\/\",\"name\":\"Barrsell End\u00fcstri Makine\",\"description\":\"Teknolojiyle G\u00fc\u00e7lenen End\u00fcstriyel \u00c7\u00f6z\u00fcmler!\",\"potentialAction\":[{\"@type\":\"SearchAction\",\"target\":{\"@type\":\"EntryPoint\",\"urlTemplate\":\"https:\/\/barrsell.com\/?s={search_term_string}\"},\"query-input\":\"required name=search_term_string\"}],\"inLanguage\":\"en-US\"}]}<\/script>\n<!-- \/ Yoast SEO Premium plugin. -->","yoast_head_json":{"title":"HygroMatik MiniSteam MSE | Barrsell End\u00fcstri","description":"Hygromatik MiniSteam MSE saf ve g\u00fcvenilir buhar i\u00e7in hijyenik buhar i\u00e7in \u00fcretilmi\u015ftir. \u00c7ok sa\u011flam pompa ve elektronik sisteme sahiptir.","robots":{"index":"index","follow":"follow","max-snippet":"max-snippet:-1","max-image-preview":"max-image-preview:large","max-video-preview":"max-video-preview:-1"},"canonical":"https:\/\/barrsell.com\/en\/product\/hygromatik-ministeam-mse\/","og_locale":"en_US","og_type":"article","og_title":"HygroMatik MiniSteam MSE","og_description":"Hygromatik MiniSteam MSE saf ve g\u00fcvenilir buhar i\u00e7in hijyenik buhar i\u00e7in \u00fcretilmi\u015ftir. \u00c7ok sa\u011flam pompa ve elektronik sisteme sahiptir.","og_url":"https:\/\/barrsell.com\/en\/product\/hygromatik-ministeam-mse\/","og_site_name":"Barrsell","article_modified_time":"2025-01-09T03:19:26+00:00","og_image":[{"width":1200,"height":1200,"url":"https:\/\/barrsell.com\/wp-content\/uploads\/2022\/12\/hygromatik-miniSteam-MSE.png","type":"image\/png"}],"twitter_card":"summary_large_image","twitter_misc":{"Est. reading time":"4 minutes"},"schema":{"@context":"https:\/\/schema.org","@graph":[{"@type":"WebPage","@id":"https:\/\/barrsell.com\/urun\/hygromatik-ministeam-mse\/","url":"https:\/\/barrsell.com\/urun\/hygromatik-ministeam-mse\/","name":"HygroMatik MiniSteam MSE | Barrsell End\u00fcstri","isPartOf":{"@id":"https:\/\/barrsell.com\/#website"},"primaryImageOfPage":{"@id":"https:\/\/barrsell.com\/urun\/hygromatik-ministeam-mse\/#primaryimage"},"image":{"@id":"https:\/\/barrsell.com\/urun\/hygromatik-ministeam-mse\/#primaryimage"},"thumbnailUrl":"https:\/\/barrsell.com\/wp-content\/uploads\/2022\/12\/hygromatik-miniSteam-MSE.png","datePublished":"2022-12-09T15:43:10+00:00","dateModified":"2025-01-09T03:19:26+00:00","description":"Hygromatik MiniSteam MSE saf ve g\u00fcvenilir buhar i\u00e7in hijyenik buhar i\u00e7in \u00fcretilmi\u015ftir. \u00c7ok sa\u011flam pompa ve elektronik sisteme sahiptir.","breadcrumb":{"@id":"https:\/\/barrsell.com\/urun\/hygromatik-ministeam-mse\/#breadcrumb"},"inLanguage":"en-US","potentialAction":[{"@type":"ReadAction","target":["https:\/\/barrsell.com\/urun\/hygromatik-ministeam-mse\/"]}]},{"@type":"ImageObject","inLanguage":"en-US","@id":"https:\/\/barrsell.com\/urun\/hygromatik-ministeam-mse\/#primaryimage","url":"https:\/\/barrsell.com\/wp-content\/uploads\/2022\/12\/hygromatik-miniSteam-MSE.png","contentUrl":"https:\/\/barrsell.com\/wp-content\/uploads\/2022\/12\/hygromatik-miniSteam-MSE.png","width":1200,"height":1200,"caption":"hygromatik-miniSteam-MSE"},{"@type":"BreadcrumbList","@id":"https:\/\/barrsell.com\/urun\/hygromatik-ministeam-mse\/#breadcrumb","itemListElement":[{"@type":"ListItem","position":1,"name":"Home","item":"https:\/\/barrsell.com\/"},{"@type":"ListItem","position":2,"name":"\u00dcr\u00fcnler","item":"https:\/\/barrsell.com\/en\/products\/"},{"@type":"ListItem","position":3,"name":"HygroMatik MiniSteam MSE"}]},{"@type":"WebSite","@id":"https:\/\/barrsell.com\/#website","url":"https:\/\/barrsell.com\/","name":"Barrsell End\u00fcstri Makine","description":"Teknolojiyle G\u00fc\u00e7lenen End\u00fcstriyel \u00c7\u00f6z\u00fcmler!","potentialAction":[{"@type":"SearchAction","target":{"@type":"EntryPoint","urlTemplate":"https:\/\/barrsell.com\/?s={search_term_string}"},"query-input":"required name=search_term_string"}],"inLanguage":"en-US"}]}},"_links":{"self":[{"href":"https:\/\/barrsell.com\/en\/wp-json\/wp\/v2\/product\/1567","targetHints":{"allow":["GET"]}}],"collection":[{"href":"https:\/\/barrsell.com\/en\/wp-json\/wp\/v2\/product"}],"about":[{"href":"https:\/\/barrsell.com\/en\/wp-json\/wp\/v2\/types\/product"}],"version-history":[{"count":11,"href":"https:\/\/barrsell.com\/en\/wp-json\/wp\/v2\/product\/1567\/revisions"}],"predecessor-version":[{"id":20095,"href":"https:\/\/barrsell.com\/en\/wp-json\/wp\/v2\/product\/1567\/revisions\/20095"}],"wp:featuredmedia":[{"embeddable":true,"href":"https:\/\/barrsell.com\/en\/wp-json\/wp\/v2\/media\/11104"}],"wp:attachment":[{"href":"https:\/\/barrsell.com\/en\/wp-json\/wp\/v2\/media?parent=1567"}],"wp:term":[{"taxonomy":"product_cat","embeddable":true,"href":"https:\/\/barrsell.com\/en\/wp-json\/wp\/v2\/product_cat?post=1567"},{"taxonomy":"product_tag","embeddable":true,"href":"https:\/\/barrsell.com\/en\/wp-json\/wp\/v2\/product_tag?post=1567"}],"curies":[{"name":"wp","href":"https:\/\/api.w.org\/{rel}","templated":true}]}}