{"id":1529,"date":"2022-12-09T15:30:29","date_gmt":"2022-12-09T15:30:29","guid":{"rendered":"http:\/\/dummy.xtemos.com\/woodmart2\/mega-electronics-elementor\/?post_type=product&#038;p=1529"},"modified":"2025-02-06T07:57:13","modified_gmt":"2025-02-06T07:57:13","slug":"hygromatik-standardline-sle","status":"publish","type":"product","link":"https:\/\/barrsell.com\/en\/product\/hygromatik-standardline-sle\/","title":{"rendered":"HygroMatik StandardLine SLE"},"content":{"rendered":"<h2>HygroMatik StandardLine SLE: The Reliable and Economical Steam Humidification Solution<\/h2>\n<p class=\" translation-block\">HygroMatik StandardLine SLE offers a cost-effective and long-lasting steam humidification solution for industrial and commercial spaces. It is also ideal for businesses looking for reliable steam humidification with efficient performance under specific temperature conditions. Furthermore, with its robust workmanship and attractive price-performance balance, <em><strong>HygroMatik StandardLine SLE<\/strong><\/em> offers a cost-effective solution and is characterized by robust workmanship and easy maintenance. In addition, the product's LED display provides humidification and process data with simple on-screen icons for easy monitoring of humidifier status.<\/p>\n<div id=\"attachment_11119\" style=\"width: 219px\" class=\"wp-caption alignright\"><img fetchpriority=\"high\" decoding=\"async\" aria-describedby=\"caption-attachment-11119\" class=\"wp-image-11119 size-medium\" src=\"https:\/\/barrsell.com\/wp-content\/uploads\/2022\/12\/luftbefeuchtung-standardline-m-x-209x300.jpg\" alt=\"\" width=\"209\" height=\"300\" srcset=\"https:\/\/barrsell.com\/wp-content\/uploads\/2022\/12\/luftbefeuchtung-standardline-m-x-209x300.jpg 209w, https:\/\/barrsell.com\/wp-content\/uploads\/2022\/12\/luftbefeuchtung-standardline-m-x-8x12.jpg 8w, https:\/\/barrsell.com\/wp-content\/uploads\/2022\/12\/luftbefeuchtung-standardline-m-x-150x215.jpg 150w, https:\/\/barrsell.com\/wp-content\/uploads\/2022\/12\/luftbefeuchtung-standardline-m-x.jpg 300w\" sizes=\"(max-width: 209px) 100vw, 209px\" \/><p id=\"caption-attachment-11119\" class=\"wp-caption-text\">HygroMatik StandardLine SLE<\/p><\/div>\n<h4>HygroMatik SLE Steam Generator Features<\/h4>\n<ul>\n<li><strong>StandardLine Electrodes (SLE)<\/strong> requires minimal installation space, especially thanks to its compact design.<\/li>\n<li>Easy maintenance and at the same time long-term operation.<\/li>\n<li><strong>StandardLine SLE Humidification Unit<\/strong>is manufactured in accordance with the highest safety standards.<\/li>\n<li>Efficient performance with blowdown pump and automatic adaptive water management.<\/li>\n<li class=\" translation-block\">and high-quality components ensure a long service life.<\/li>\n<li>Supports external control by providing real steam output.<\/li>\n<\/ul>\n<h4>Humidifier Pump and Lime Collection System<\/h4>\n<p>The HygroMatik Standard Steam Humidifier SLE is equipped with a combined rinsing and scale collection system. This system removes limescale deposits before they form and prolongs filter life, thus extending service intervals. It also extends maintenance intervals by reducing the risk of scale build-up.<\/p>\n<h4>Full Surface Electrodes<\/h4>\n<p class=\" translation-block\">HygroMatik StandardLine SLE is equipped with full surface electrodes and is characterized by its durable construction suitable for tap water. These electrodes are made of high quality material and require less frequent replacement. This keeps maintenance costs low and provides a user-friendly experience.<\/p>\n<div id=\"attachment_18254\" style=\"width: 1034px\" class=\"wp-caption alignnone\"><a href=\"https:\/\/barrsell.com\/wp-content\/uploads\/2022\/12\/StandardLine-SLE-Nemlendirme-Unitesi-1.png\"><img decoding=\"async\" aria-describedby=\"caption-attachment-18254\" class=\"wp-image-18254 size-large\" src=\"https:\/\/barrsell.com\/wp-content\/uploads\/2022\/12\/StandardLine-SLE-Nemlendirme-Unitesi-1-1024x426.png\" alt=\"\" width=\"1024\" height=\"426\" srcset=\"https:\/\/barrsell.com\/wp-content\/uploads\/2022\/12\/StandardLine-SLE-Nemlendirme-Unitesi-1-1024x426.png 1024w, https:\/\/barrsell.com\/wp-content\/uploads\/2022\/12\/StandardLine-SLE-Nemlendirme-Unitesi-1-300x125.png 300w, https:\/\/barrsell.com\/wp-content\/uploads\/2022\/12\/StandardLine-SLE-Nemlendirme-Unitesi-1-768x320.png 768w, https:\/\/barrsell.com\/wp-content\/uploads\/2022\/12\/StandardLine-SLE-Nemlendirme-Unitesi-1-18x7.png 18w, https:\/\/barrsell.com\/wp-content\/uploads\/2022\/12\/StandardLine-SLE-Nemlendirme-Unitesi-1-150x62.png 150w, https:\/\/barrsell.com\/wp-content\/uploads\/2022\/12\/StandardLine-SLE-Nemlendirme-Unitesi-1.png 1033w\" sizes=\"(max-width: 1024px) 100vw, 1024px\" \/><\/a><p id=\"caption-attachment-18254\" class=\"wp-caption-text\">StandardLine SLE Humidification Unit-1<\/p><\/div>\n<h4>HygroMatik StandardLine SLE Heating Elements<\/h4>\n<p class=\" translation-block\">The SLE is characterized by a structure that supports the use of purified water and resistance type heating elements. This ensures high control accuracy and provides a virtually uninterrupted guarantee. As a result, it becomes an excellent choice for high-quality steam humidification systems.<\/p>\n<h4>Other Technical Features and Benefits<\/h4>\n<ul>\n<li><em>The LED display of the humidifier<\/em> indicates with icons whether the humidification process is active or not.<\/li>\n<li>It is equipped with user-friendly buttons that provide quick navigation and comprehensive menu control.<\/li>\n<li>Modbus offers full control with RTU protocol and allows reliable connection.<\/li>\n<li>Blocks user interference by fixing the connections on the electronic card at the factory exit.<\/li>\n<\/ul>\n<p><strong><a href=\"https:\/\/wdteknoloji.com\/kategori\/hygromatik-nemlendirici-urunler\/\">HygroMatik<\/a> StandardLine SLE<\/strong>, it is an ideal steam humidification solution that offers high performance, durability and economical operation for enterprises.<\/p>\n<div id=\"attachment_18249\" style=\"width: 1034px\" class=\"wp-caption alignnone\"><a href=\"https:\/\/barrsell.com\/wp-content\/uploads\/2022\/12\/HygroMatik-Standart-Buhar-Nemlendirici-SLE.jpg\"><img decoding=\"async\" aria-describedby=\"caption-attachment-18249\" class=\"wp-image-18249 size-large\" src=\"https:\/\/barrsell.com\/wp-content\/uploads\/2022\/12\/HygroMatik-Standart-Buhar-Nemlendirici-SLE-1024x480.jpg\" alt=\"\" width=\"1024\" height=\"480\" srcset=\"https:\/\/barrsell.com\/wp-content\/uploads\/2022\/12\/HygroMatik-Standart-Buhar-Nemlendirici-SLE-1024x480.jpg 1024w, https:\/\/barrsell.com\/wp-content\/uploads\/2022\/12\/HygroMatik-Standart-Buhar-Nemlendirici-SLE-300x141.jpg 300w, https:\/\/barrsell.com\/wp-content\/uploads\/2022\/12\/HygroMatik-Standart-Buhar-Nemlendirici-SLE-768x360.jpg 768w, https:\/\/barrsell.com\/wp-content\/uploads\/2022\/12\/HygroMatik-Standart-Buhar-Nemlendirici-SLE-18x8.jpg 18w, https:\/\/barrsell.com\/wp-content\/uploads\/2022\/12\/HygroMatik-Standart-Buhar-Nemlendirici-SLE-150x70.jpg 150w, https:\/\/barrsell.com\/wp-content\/uploads\/2022\/12\/HygroMatik-Standart-Buhar-Nemlendirici-SLE.jpg 1200w\" sizes=\"(max-width: 1024px) 100vw, 1024px\" \/><\/a><p id=\"caption-attachment-18249\" class=\"wp-caption-text\">HygroMatik Standard Steam Humidifier SLE<\/p><\/div>","protected":false},"excerpt":{"rendered":"<p>Proven HygroMatik quality<br \/>\nFast and simple installation<br \/>\nEasy maintenance<\/p>","protected":false},"featured_media":11117,"template":"","meta":[],"product_cat":[113,125,126],"product_tag":[246,243,241,248],"class_list":{"0":"post-1529","1":"product","2":"type-product","3":"status-publish","4":"has-post-thumbnail","6":"product_cat-buhar-jeneratorleri-nemlendiriciler","7":"product_cat-hygromatik-buharli-nemlendirici","8":"product_cat-hygromatik-elektrotlu-nemlendiriciler","9":"product_tag-buhar-jeneratoru","10":"product_tag-buharlinemlendirici","11":"product_tag-hygromatik","12":"product_tag-standartline","14":"first","15":"instock","16":"featured","17":"shipping-taxable","18":"purchasable","19":"product-type-variable"},"yoast_head":"<!-- This site is optimized with the Yoast SEO Premium plugin v23.2 (Yoast SEO v23.2) - https:\/\/yoast.com\/wordpress\/plugins\/seo\/ -->\n<title>HygroMatik StandardLine SLE | Barrsell End\u00fcstri<\/title>\n<meta name=\"description\" content=\"Hygromatik Standardline Sle ile g\u00fcvenilir ve uygun maliyetli \u00e7al\u0131\u015fma. G\u00fcvenilir buharl\u0131 nemlendirme i\u00e7in \u00f6zellikle belirli\" \/>\n<meta name=\"robots\" content=\"index, follow, max-snippet:-1, max-image-preview:large, max-video-preview:-1\" \/>\n<link rel=\"canonical\" href=\"https:\/\/barrsell.com\/en\/product\/hygromatik-standardline-sle\/\" \/>\n<meta property=\"og:locale\" content=\"en_US\" \/>\n<meta property=\"og:type\" content=\"article\" \/>\n<meta property=\"og:title\" content=\"HygroMatik StandardLine SLE\" \/>\n<meta property=\"og:description\" content=\"Hygromatik Standardline Sle ile g\u00fcvenilir ve uygun maliyetli \u00e7al\u0131\u015fma. G\u00fcvenilir buharl\u0131 nemlendirme i\u00e7in \u00f6zellikle belirli\" \/>\n<meta property=\"og:url\" content=\"https:\/\/barrsell.com\/en\/product\/hygromatik-standardline-sle\/\" \/>\n<meta property=\"og:site_name\" content=\"Barrsell\" \/>\n<meta property=\"article:modified_time\" content=\"2025-02-06T07:57:13+00:00\" \/>\n<meta property=\"og:image\" content=\"https:\/\/barrsell.com\/wp-content\/uploads\/2022\/12\/hygromatik-standartline.png\" \/>\n\t<meta property=\"og:image:width\" content=\"1200\" \/>\n\t<meta property=\"og:image:height\" content=\"1200\" \/>\n\t<meta property=\"og:image:type\" content=\"image\/png\" \/>\n<meta name=\"twitter:card\" content=\"summary_large_image\" \/>\n<meta name=\"twitter:label1\" content=\"Est. reading time\" \/>\n\t<meta name=\"twitter:data1\" content=\"4 minutes\" \/>\n<script type=\"application\/ld+json\" class=\"yoast-schema-graph\">{\"@context\":\"https:\/\/schema.org\",\"@graph\":[{\"@type\":\"WebPage\",\"@id\":\"https:\/\/barrsell.com\/urun\/hygromatik-standardline-sle\/\",\"url\":\"https:\/\/barrsell.com\/urun\/hygromatik-standardline-sle\/\",\"name\":\"HygroMatik StandardLine SLE | Barrsell End\u00fcstri\",\"isPartOf\":{\"@id\":\"https:\/\/barrsell.com\/#website\"},\"primaryImageOfPage\":{\"@id\":\"https:\/\/barrsell.com\/urun\/hygromatik-standardline-sle\/#primaryimage\"},\"image\":{\"@id\":\"https:\/\/barrsell.com\/urun\/hygromatik-standardline-sle\/#primaryimage\"},\"thumbnailUrl\":\"https:\/\/barrsell.com\/wp-content\/uploads\/2022\/12\/hygromatik-standartline.png\",\"datePublished\":\"2022-12-09T15:30:29+00:00\",\"dateModified\":\"2025-02-06T07:57:13+00:00\",\"description\":\"Hygromatik Standardline Sle ile g\u00fcvenilir ve uygun maliyetli \u00e7al\u0131\u015fma. G\u00fcvenilir buharl\u0131 nemlendirme i\u00e7in \u00f6zellikle belirli\",\"breadcrumb\":{\"@id\":\"https:\/\/barrsell.com\/urun\/hygromatik-standardline-sle\/#breadcrumb\"},\"inLanguage\":\"en-US\",\"potentialAction\":[{\"@type\":\"ReadAction\",\"target\":[\"https:\/\/barrsell.com\/urun\/hygromatik-standardline-sle\/\"]}]},{\"@type\":\"ImageObject\",\"inLanguage\":\"en-US\",\"@id\":\"https:\/\/barrsell.com\/urun\/hygromatik-standardline-sle\/#primaryimage\",\"url\":\"https:\/\/barrsell.com\/wp-content\/uploads\/2022\/12\/hygromatik-standartline.png\",\"contentUrl\":\"https:\/\/barrsell.com\/wp-content\/uploads\/2022\/12\/hygromatik-standartline.png\",\"width\":1200,\"height\":1200,\"caption\":\"hygromatik-standartline\"},{\"@type\":\"BreadcrumbList\",\"@id\":\"https:\/\/barrsell.com\/urun\/hygromatik-standardline-sle\/#breadcrumb\",\"itemListElement\":[{\"@type\":\"ListItem\",\"position\":1,\"name\":\"Home\",\"item\":\"https:\/\/barrsell.com\/\"},{\"@type\":\"ListItem\",\"position\":2,\"name\":\"\u00dcr\u00fcnler\",\"item\":\"https:\/\/barrsell.com\/en\/products\/\"},{\"@type\":\"ListItem\",\"position\":3,\"name\":\"HygroMatik StandardLine SLE\"}]},{\"@type\":\"WebSite\",\"@id\":\"https:\/\/barrsell.com\/#website\",\"url\":\"https:\/\/barrsell.com\/\",\"name\":\"Barrsell End\u00fcstri Makine\",\"description\":\"Teknolojiyle G\u00fc\u00e7lenen End\u00fcstriyel \u00c7\u00f6z\u00fcmler!\",\"potentialAction\":[{\"@type\":\"SearchAction\",\"target\":{\"@type\":\"EntryPoint\",\"urlTemplate\":\"https:\/\/barrsell.com\/?s={search_term_string}\"},\"query-input\":\"required name=search_term_string\"}],\"inLanguage\":\"en-US\"}]}<\/script>\n<!-- \/ Yoast SEO Premium plugin. -->","yoast_head_json":{"title":"HygroMatik StandardLine SLE | Barrsell End\u00fcstri","description":"Hygromatik Standardline Sle ile g\u00fcvenilir ve uygun maliyetli \u00e7al\u0131\u015fma. G\u00fcvenilir buharl\u0131 nemlendirme i\u00e7in \u00f6zellikle belirli","robots":{"index":"index","follow":"follow","max-snippet":"max-snippet:-1","max-image-preview":"max-image-preview:large","max-video-preview":"max-video-preview:-1"},"canonical":"https:\/\/barrsell.com\/en\/product\/hygromatik-standardline-sle\/","og_locale":"en_US","og_type":"article","og_title":"HygroMatik StandardLine SLE","og_description":"Hygromatik Standardline Sle ile g\u00fcvenilir ve uygun maliyetli \u00e7al\u0131\u015fma. G\u00fcvenilir buharl\u0131 nemlendirme i\u00e7in \u00f6zellikle belirli","og_url":"https:\/\/barrsell.com\/en\/product\/hygromatik-standardline-sle\/","og_site_name":"Barrsell","article_modified_time":"2025-02-06T07:57:13+00:00","og_image":[{"width":1200,"height":1200,"url":"https:\/\/barrsell.com\/wp-content\/uploads\/2022\/12\/hygromatik-standartline.png","type":"image\/png"}],"twitter_card":"summary_large_image","twitter_misc":{"Est. reading time":"4 minutes"},"schema":{"@context":"https:\/\/schema.org","@graph":[{"@type":"WebPage","@id":"https:\/\/barrsell.com\/urun\/hygromatik-standardline-sle\/","url":"https:\/\/barrsell.com\/urun\/hygromatik-standardline-sle\/","name":"HygroMatik StandardLine SLE | Barrsell End\u00fcstri","isPartOf":{"@id":"https:\/\/barrsell.com\/#website"},"primaryImageOfPage":{"@id":"https:\/\/barrsell.com\/urun\/hygromatik-standardline-sle\/#primaryimage"},"image":{"@id":"https:\/\/barrsell.com\/urun\/hygromatik-standardline-sle\/#primaryimage"},"thumbnailUrl":"https:\/\/barrsell.com\/wp-content\/uploads\/2022\/12\/hygromatik-standartline.png","datePublished":"2022-12-09T15:30:29+00:00","dateModified":"2025-02-06T07:57:13+00:00","description":"Hygromatik Standardline Sle ile g\u00fcvenilir ve uygun maliyetli \u00e7al\u0131\u015fma. G\u00fcvenilir buharl\u0131 nemlendirme i\u00e7in \u00f6zellikle belirli","breadcrumb":{"@id":"https:\/\/barrsell.com\/urun\/hygromatik-standardline-sle\/#breadcrumb"},"inLanguage":"en-US","potentialAction":[{"@type":"ReadAction","target":["https:\/\/barrsell.com\/urun\/hygromatik-standardline-sle\/"]}]},{"@type":"ImageObject","inLanguage":"en-US","@id":"https:\/\/barrsell.com\/urun\/hygromatik-standardline-sle\/#primaryimage","url":"https:\/\/barrsell.com\/wp-content\/uploads\/2022\/12\/hygromatik-standartline.png","contentUrl":"https:\/\/barrsell.com\/wp-content\/uploads\/2022\/12\/hygromatik-standartline.png","width":1200,"height":1200,"caption":"hygromatik-standartline"},{"@type":"BreadcrumbList","@id":"https:\/\/barrsell.com\/urun\/hygromatik-standardline-sle\/#breadcrumb","itemListElement":[{"@type":"ListItem","position":1,"name":"Home","item":"https:\/\/barrsell.com\/"},{"@type":"ListItem","position":2,"name":"\u00dcr\u00fcnler","item":"https:\/\/barrsell.com\/en\/products\/"},{"@type":"ListItem","position":3,"name":"HygroMatik StandardLine SLE"}]},{"@type":"WebSite","@id":"https:\/\/barrsell.com\/#website","url":"https:\/\/barrsell.com\/","name":"Barrsell End\u00fcstri Makine","description":"Teknolojiyle G\u00fc\u00e7lenen End\u00fcstriyel \u00c7\u00f6z\u00fcmler!","potentialAction":[{"@type":"SearchAction","target":{"@type":"EntryPoint","urlTemplate":"https:\/\/barrsell.com\/?s={search_term_string}"},"query-input":"required name=search_term_string"}],"inLanguage":"en-US"}]}},"_links":{"self":[{"href":"https:\/\/barrsell.com\/en\/wp-json\/wp\/v2\/product\/1529","targetHints":{"allow":["GET"]}}],"collection":[{"href":"https:\/\/barrsell.com\/en\/wp-json\/wp\/v2\/product"}],"about":[{"href":"https:\/\/barrsell.com\/en\/wp-json\/wp\/v2\/types\/product"}],"version-history":[{"count":10,"href":"https:\/\/barrsell.com\/en\/wp-json\/wp\/v2\/product\/1529\/revisions"}],"predecessor-version":[{"id":20096,"href":"https:\/\/barrsell.com\/en\/wp-json\/wp\/v2\/product\/1529\/revisions\/20096"}],"wp:featuredmedia":[{"embeddable":true,"href":"https:\/\/barrsell.com\/en\/wp-json\/wp\/v2\/media\/11117"}],"wp:attachment":[{"href":"https:\/\/barrsell.com\/en\/wp-json\/wp\/v2\/media?parent=1529"}],"wp:term":[{"taxonomy":"product_cat","embeddable":true,"href":"https:\/\/barrsell.com\/en\/wp-json\/wp\/v2\/product_cat?post=1529"},{"taxonomy":"product_tag","embeddable":true,"href":"https:\/\/barrsell.com\/en\/wp-json\/wp\/v2\/product_tag?post=1529"}],"curies":[{"name":"wp","href":"https:\/\/api.w.org\/{rel}","templated":true}]}}