{"id":1524,"date":"2022-12-09T15:28:36","date_gmt":"2022-12-09T15:28:36","guid":{"rendered":"http:\/\/dummy.xtemos.com\/woodmart2\/mega-electronics-elementor\/?post_type=product&#038;p=1524"},"modified":"2025-02-06T07:58:20","modified_gmt":"2025-02-06T07:58:20","slug":"hygromatik-steam-kit-e","status":"publish","type":"product","link":"https:\/\/barrsell.com\/en\/product\/hygromatik-steam-kit-e\/","title":{"rendered":"HygroMatik Steam KIT E"},"content":{"rendered":"<h2><strong>Hygromatik Steam KIT E Steam Humidifier 02-20<\/strong><\/h2>\n<p class=\" translation-block\">Hygromatik Steam KIT E-H is a body-less kit in standardline arrangement. <em><strong>Electrode SteamKit E<\/strong><\/em> 2- 65 kg\/h steam output.  SteamKit H heater type installation kit, 2- 50 kg\/h steam output. Especially optimized for small and medium-sized environments and stands out with its high performance. It also provides precise humidification and steam control thanks to its electronically controlled structure. This also increases energy efficiency.<\/p>\n<h4>HygroMatik, Steam KIT E Models by Steam Power<\/h4>\n<table style=\"height: 232px;\" width=\"625\">\n<tbody>\n<tr>\n<td rowspan=\"2\" width=\"182\"><strong>Moisturizer Kit Model<\/strong><\/td>\n<td rowspan=\"2\" width=\"127\"><strong>Maximum steam output<\/strong><\/td>\n<td rowspan=\"2\" width=\"199\"><strong>El. connection<\/strong><\/td>\n<td width=\"157\"><strong>Dimensions<\/strong><\/td>\n<\/tr>\n<tr>\n<td width=\"157\"><strong>y\/g\/d [mm]<\/strong><\/td>\n<\/tr>\n<tr>\n<td width=\"182\">Steam kit H 02<\/td>\n<td width=\"127\" data-title=\"Parn\u00ed v\u00fdkon max\">2,2 kg\/h<\/td>\n<td width=\"199\" data-title=\"El.p\u0159ipojen\u00ed\">1,5 kW\/6,5 A\/230 V<\/td>\n<td data-title=\"Rozm\u011bry \u0161\/v\/h [mm]\">300\/400\/220<\/td>\n<\/tr>\n<tr>\n<td width=\"182\" data-title=\"Model\">Steam kit H 06<\/td>\n<td width=\"127\" data-title=\"Parn\u00ed v\u00fdkon max\">4,5 kg\/h<\/td>\n<td width=\"199\" data-title=\"El.p\u0159ipojen\u00ed\">3,4 kW\/15 A\/230 V<\/td>\n<td data-title=\"Rozm\u011bry \u0161\/v\/h [mm]\">300\/530\/220<\/td>\n<\/tr>\n<tr>\n<td width=\"182\" data-title=\"Model\">Steam kit H 06<\/td>\n<td width=\"127\" data-title=\"Parn\u00ed v\u00fdkon max\">6 kg\/h<\/td>\n<td width=\"199\" data-title=\"El.p\u0159ipojen\u00ed\">4,5 kW\/6,5 A\/400 V<\/td>\n<td data-title=\"Rozm\u011bry \u0161\/v\/h [mm]\">300\/530\/220<\/td>\n<\/tr>\n<tr>\n<td width=\"182\" data-title=\"Model\">Steam kit H 10<\/td>\n<td width=\"127\" data-title=\"Parn\u00ed v\u00fdkon max\">10 kg\/h<\/td>\n<td width=\"199\" data-title=\"El.p\u0159ipojen\u00ed\">7,5 kW\/10,8 A\/400 V<\/td>\n<td data-title=\"Rozm\u011bry \u0161\/v\/h [mm]\">300\/550\/220<\/td>\n<\/tr>\n<tr>\n<td width=\"182\" data-title=\"Model\">Steam kit H 15<\/td>\n<td width=\"127\" data-title=\"Parn\u00ed v\u00fdkon max\">15 kg\/h<\/td>\n<td width=\"199\" data-title=\"El.p\u0159ipojen\u00ed\">11 kW\/16,3 A\/400 V<\/td>\n<td data-title=\"Rozm\u011bry \u0161\/v\/h [mm]\">350\/730\/285<\/td>\n<\/tr>\n<tr>\n<td width=\"182\" data-title=\"Model\">Steam kit H 20<\/td>\n<td width=\"127\" data-title=\"Parn\u00ed v\u00fdkon max\">20 kg\/h<\/td>\n<td width=\"199\" data-title=\"El.p\u0159ipojen\u00ed\">15 kW\/21,7 A\/400 V<\/td>\n<td data-title=\"Rozm\u011bry \u0161\/v\/h [mm]\">350\/730\/285<\/td>\n<\/tr>\n<\/tbody>\n<\/table>\n<div class=\"flex max-w-full flex-col flex-grow\">\n<div class=\"min-h-[20px] text-message flex w-full flex-col items-end gap-2 whitespace-normal break-words [.text-message+&amp;]:mt-5\" dir=\"auto\" data-message-author-role=\"assistant\" data-message-id=\"88b0ed89-4837-4a65-b422-605c51b1030f\">\n<div class=\"flex w-full flex-col gap-1 empty:hidden first:pt-[3px]\">\n<div class=\"markdown prose w-full break-words dark:prose-invert light\">\n<h4>Humidification system Technical Specifications<\/h4>\n<ul>\n<li><strong>Capacity<\/strong>: It has a wide range of applications with a steam production capacity of 5-10 kg\/hour.<\/li>\n<li class=\" translation-block\"><strong>Control Unit<\/strong>: The electronic control unit as well as the user-friendly interface allows you to easily adjust the steam output.<\/li>\n<li class=\" translation-block\"><strong>Durability<\/strong>: Stainless steel elements and high-quality components also ensure a long service life.<\/li>\n<li><strong>Easy Assembly<\/strong>:Especially thanks to its compact design, we can install it quickly and easily.<\/li>\n<\/ul>\n<p><a href=\"https:\/\/wdteknoloji.com\/kategori\/hygromatik-nemlendirici-urunler\/\">HygroMatik<\/a> Steam KIT E precisely regulates the humidity level, creating a healthy and comfortable indoor environment. He developed a special solution for spa, sauna and industrial applications. The compact and efficient structure in humidification systems is a reliable solution for the steam production of users.<\/p>\n<\/div>\n<\/div>\n<\/div>\n<\/div>\n<div class=\"mt-1 flex gap-3 empty:hidden -ml-2\">\n<div class=\"items-center justify-start rounded-xl p-1 flex\"><\/div>\n<\/div>\n<p><img fetchpriority=\"high\" decoding=\"async\" width=\"1024\" height=\"323\" class=\"wp-image-11133 size-large\" src=\"https:\/\/barrsell.com\/wp-content\/uploads\/2022\/12\/hygromatik-steam-kit-barrsell-1-1024x323.jpg\" alt=\"&lt;yoastmark class=\" srcset=\"https:\/\/barrsell.com\/wp-content\/uploads\/2022\/12\/hygromatik-steam-kit-barrsell-1-1024x323.jpg 1024w, https:\/\/barrsell.com\/wp-content\/uploads\/2022\/12\/hygromatik-steam-kit-barrsell-1-300x95.jpg 300w, https:\/\/barrsell.com\/wp-content\/uploads\/2022\/12\/hygromatik-steam-kit-barrsell-1-768x242.jpg 768w, https:\/\/barrsell.com\/wp-content\/uploads\/2022\/12\/hygromatik-steam-kit-barrsell-1-18x6.jpg 18w, https:\/\/barrsell.com\/wp-content\/uploads\/2022\/12\/hygromatik-steam-kit-barrsell-1-150x47.jpg 150w, https:\/\/barrsell.com\/wp-content\/uploads\/2022\/12\/hygromatik-steam-kit-barrsell-1.jpg 1163w\" sizes=\"(max-width: 1024px) 100vw, 1024px\" \/><\/p>\n<p>&nbsp;<\/p>\n<h4>Nem Kontrol Cihaz\u0131<\/h4>\n<ul>\n<li><strong>Intelligent Steam Control:<\/strong> Steam KIT E has an intelligent system that can automatically adjust steam production by instantly sensing the humidity level of the environment. This not only saves energy but also precisely maintains the desired humidity level.<\/li>\n<li class=\" translation-block\"><strong>Silent Operation:<\/strong> Silence is of great importance in industrial applications. The <a href=\"\/\/barrsell.com\/kategoriler\/buhar-jeneratorleri-nemlendiriciler\/hygromatik-buharli-nemlendirici\/\u201d\" target=\"\u201c_self\u201d\">Moisturizer<\/a> Kit operates much quieter than its competitors thanks to its special sound insulation materials. This makes it ideal for environments where silence is important, such as spas and saunas.<\/li>\n<li><strong>Long Lasting Materials:<\/strong> Stainless steel parts extend the life of the appliance and reduce maintenance costs. It also ensures hygienic use.<\/li>\n<li class=\" translation-block\"><strong>Modular Design: <em>Steam KIT E,<\/em><\/strong> has a modular design that you can customize according to your needs. This allows you to easily adapt to different sized spaces and applications.<\/li>\n<\/ul>\n<h4><\/h4>\n<p>&nbsp;<\/p>\n<p>&nbsp;<\/p>\n<p>&nbsp;<\/p>","protected":false},"excerpt":{"rendered":"<h2>HygroMatik Steam KIT E<\/h2>","protected":false},"featured_media":11130,"template":"","meta":[],"product_cat":[113,125,126],"product_tag":[246,243,241],"class_list":{"0":"post-1524","1":"product","2":"type-product","3":"status-publish","4":"has-post-thumbnail","6":"product_cat-buhar-jeneratorleri-nemlendiriciler","7":"product_cat-hygromatik-buharli-nemlendirici","8":"product_cat-hygromatik-elektrotlu-nemlendiriciler","9":"product_tag-buhar-jeneratoru","10":"product_tag-buharlinemlendirici","11":"product_tag-hygromatik","13":"first","14":"instock","15":"shipping-taxable","16":"purchasable","17":"product-type-variable"},"yoast_head":"<!-- This site is optimized with the Yoast SEO Premium plugin v23.2 (Yoast SEO v23.2) - https:\/\/yoast.com\/wordpress\/plugins\/seo\/ -->\n<title>HygroMatik Steam KIT E | Barrsell End\u00fcstri<\/title>\n<meta name=\"description\" content=\"Hygromatik Steam KIT E-H standartline d\u00fczeninde g\u00f6vdesiz kit \u015feklindedir. Elektrot\u00a0SteamKit E 2- 65 kg\/saat buhar \u00e7\u0131k\u0131\u015f\u0131.\u00a0\" \/>\n<meta name=\"robots\" content=\"index, follow, max-snippet:-1, max-image-preview:large, max-video-preview:-1\" \/>\n<link rel=\"canonical\" href=\"https:\/\/barrsell.com\/en\/product\/hygromatik-steam-kit-e\/\" \/>\n<meta property=\"og:locale\" content=\"en_US\" \/>\n<meta property=\"og:type\" content=\"article\" \/>\n<meta property=\"og:title\" content=\"HygroMatik Steam KIT E\" \/>\n<meta property=\"og:description\" content=\"Hygromatik Steam KIT E-H standartline d\u00fczeninde g\u00f6vdesiz kit \u015feklindedir. Elektrot\u00a0SteamKit E 2- 65 kg\/saat buhar \u00e7\u0131k\u0131\u015f\u0131.\u00a0\" \/>\n<meta property=\"og:url\" content=\"https:\/\/barrsell.com\/en\/product\/hygromatik-steam-kit-e\/\" \/>\n<meta property=\"og:site_name\" content=\"Barrsell\" \/>\n<meta property=\"article:modified_time\" content=\"2025-02-06T07:58:20+00:00\" \/>\n<meta property=\"og:image\" content=\"https:\/\/barrsell.com\/wp-content\/uploads\/2022\/12\/hygromatik-steam-KIT-E-bb.png\" \/>\n\t<meta property=\"og:image:width\" content=\"1200\" \/>\n\t<meta property=\"og:image:height\" content=\"1200\" \/>\n\t<meta property=\"og:image:type\" content=\"image\/png\" \/>\n<meta name=\"twitter:card\" content=\"summary_large_image\" \/>\n<meta name=\"twitter:label1\" content=\"Est. reading time\" \/>\n\t<meta name=\"twitter:data1\" content=\"3 minutes\" \/>\n<script type=\"application\/ld+json\" class=\"yoast-schema-graph\">{\"@context\":\"https:\/\/schema.org\",\"@graph\":[{\"@type\":\"WebPage\",\"@id\":\"https:\/\/barrsell.com\/urun\/hygromatik-steam-kit-e\/\",\"url\":\"https:\/\/barrsell.com\/urun\/hygromatik-steam-kit-e\/\",\"name\":\"HygroMatik Steam KIT E | Barrsell End\u00fcstri\",\"isPartOf\":{\"@id\":\"https:\/\/barrsell.com\/#website\"},\"primaryImageOfPage\":{\"@id\":\"https:\/\/barrsell.com\/urun\/hygromatik-steam-kit-e\/#primaryimage\"},\"image\":{\"@id\":\"https:\/\/barrsell.com\/urun\/hygromatik-steam-kit-e\/#primaryimage\"},\"thumbnailUrl\":\"https:\/\/barrsell.com\/wp-content\/uploads\/2022\/12\/hygromatik-steam-KIT-E-bb.png\",\"datePublished\":\"2022-12-09T15:28:36+00:00\",\"dateModified\":\"2025-02-06T07:58:20+00:00\",\"description\":\"Hygromatik Steam KIT E-H standartline d\u00fczeninde g\u00f6vdesiz kit \u015feklindedir. Elektrot\u00a0SteamKit E 2- 65 kg\/saat buhar \u00e7\u0131k\u0131\u015f\u0131.\u00a0\",\"breadcrumb\":{\"@id\":\"https:\/\/barrsell.com\/urun\/hygromatik-steam-kit-e\/#breadcrumb\"},\"inLanguage\":\"en-US\",\"potentialAction\":[{\"@type\":\"ReadAction\",\"target\":[\"https:\/\/barrsell.com\/urun\/hygromatik-steam-kit-e\/\"]}]},{\"@type\":\"ImageObject\",\"inLanguage\":\"en-US\",\"@id\":\"https:\/\/barrsell.com\/urun\/hygromatik-steam-kit-e\/#primaryimage\",\"url\":\"https:\/\/barrsell.com\/wp-content\/uploads\/2022\/12\/hygromatik-steam-KIT-E-bb.png\",\"contentUrl\":\"https:\/\/barrsell.com\/wp-content\/uploads\/2022\/12\/hygromatik-steam-KIT-E-bb.png\",\"width\":1200,\"height\":1200,\"caption\":\"hygromatik-steam-KIT-E-bb\"},{\"@type\":\"BreadcrumbList\",\"@id\":\"https:\/\/barrsell.com\/urun\/hygromatik-steam-kit-e\/#breadcrumb\",\"itemListElement\":[{\"@type\":\"ListItem\",\"position\":1,\"name\":\"Home\",\"item\":\"https:\/\/barrsell.com\/\"},{\"@type\":\"ListItem\",\"position\":2,\"name\":\"\u00dcr\u00fcnler\",\"item\":\"https:\/\/barrsell.com\/en\/products\/\"},{\"@type\":\"ListItem\",\"position\":3,\"name\":\"HygroMatik Steam KIT E\"}]},{\"@type\":\"WebSite\",\"@id\":\"https:\/\/barrsell.com\/#website\",\"url\":\"https:\/\/barrsell.com\/\",\"name\":\"Barrsell End\u00fcstri Makine\",\"description\":\"Teknolojiyle G\u00fc\u00e7lenen End\u00fcstriyel \u00c7\u00f6z\u00fcmler!\",\"potentialAction\":[{\"@type\":\"SearchAction\",\"target\":{\"@type\":\"EntryPoint\",\"urlTemplate\":\"https:\/\/barrsell.com\/?s={search_term_string}\"},\"query-input\":\"required name=search_term_string\"}],\"inLanguage\":\"en-US\"}]}<\/script>\n<!-- \/ Yoast SEO Premium plugin. -->","yoast_head_json":{"title":"HygroMatik Steam KIT E | Barrsell End\u00fcstri","description":"Hygromatik Steam KIT E-H standartline d\u00fczeninde g\u00f6vdesiz kit \u015feklindedir. Elektrot\u00a0SteamKit E 2- 65 kg\/saat buhar \u00e7\u0131k\u0131\u015f\u0131.\u00a0","robots":{"index":"index","follow":"follow","max-snippet":"max-snippet:-1","max-image-preview":"max-image-preview:large","max-video-preview":"max-video-preview:-1"},"canonical":"https:\/\/barrsell.com\/en\/product\/hygromatik-steam-kit-e\/","og_locale":"en_US","og_type":"article","og_title":"HygroMatik Steam KIT E","og_description":"Hygromatik Steam KIT E-H standartline d\u00fczeninde g\u00f6vdesiz kit \u015feklindedir. Elektrot\u00a0SteamKit E 2- 65 kg\/saat buhar \u00e7\u0131k\u0131\u015f\u0131.\u00a0","og_url":"https:\/\/barrsell.com\/en\/product\/hygromatik-steam-kit-e\/","og_site_name":"Barrsell","article_modified_time":"2025-02-06T07:58:20+00:00","og_image":[{"width":1200,"height":1200,"url":"https:\/\/barrsell.com\/wp-content\/uploads\/2022\/12\/hygromatik-steam-KIT-E-bb.png","type":"image\/png"}],"twitter_card":"summary_large_image","twitter_misc":{"Est. reading time":"3 minutes"},"schema":{"@context":"https:\/\/schema.org","@graph":[{"@type":"WebPage","@id":"https:\/\/barrsell.com\/urun\/hygromatik-steam-kit-e\/","url":"https:\/\/barrsell.com\/urun\/hygromatik-steam-kit-e\/","name":"HygroMatik Steam KIT E | Barrsell End\u00fcstri","isPartOf":{"@id":"https:\/\/barrsell.com\/#website"},"primaryImageOfPage":{"@id":"https:\/\/barrsell.com\/urun\/hygromatik-steam-kit-e\/#primaryimage"},"image":{"@id":"https:\/\/barrsell.com\/urun\/hygromatik-steam-kit-e\/#primaryimage"},"thumbnailUrl":"https:\/\/barrsell.com\/wp-content\/uploads\/2022\/12\/hygromatik-steam-KIT-E-bb.png","datePublished":"2022-12-09T15:28:36+00:00","dateModified":"2025-02-06T07:58:20+00:00","description":"Hygromatik Steam KIT E-H standartline d\u00fczeninde g\u00f6vdesiz kit \u015feklindedir. Elektrot\u00a0SteamKit E 2- 65 kg\/saat buhar \u00e7\u0131k\u0131\u015f\u0131.\u00a0","breadcrumb":{"@id":"https:\/\/barrsell.com\/urun\/hygromatik-steam-kit-e\/#breadcrumb"},"inLanguage":"en-US","potentialAction":[{"@type":"ReadAction","target":["https:\/\/barrsell.com\/urun\/hygromatik-steam-kit-e\/"]}]},{"@type":"ImageObject","inLanguage":"en-US","@id":"https:\/\/barrsell.com\/urun\/hygromatik-steam-kit-e\/#primaryimage","url":"https:\/\/barrsell.com\/wp-content\/uploads\/2022\/12\/hygromatik-steam-KIT-E-bb.png","contentUrl":"https:\/\/barrsell.com\/wp-content\/uploads\/2022\/12\/hygromatik-steam-KIT-E-bb.png","width":1200,"height":1200,"caption":"hygromatik-steam-KIT-E-bb"},{"@type":"BreadcrumbList","@id":"https:\/\/barrsell.com\/urun\/hygromatik-steam-kit-e\/#breadcrumb","itemListElement":[{"@type":"ListItem","position":1,"name":"Home","item":"https:\/\/barrsell.com\/"},{"@type":"ListItem","position":2,"name":"\u00dcr\u00fcnler","item":"https:\/\/barrsell.com\/en\/products\/"},{"@type":"ListItem","position":3,"name":"HygroMatik Steam KIT E"}]},{"@type":"WebSite","@id":"https:\/\/barrsell.com\/#website","url":"https:\/\/barrsell.com\/","name":"Barrsell End\u00fcstri Makine","description":"Teknolojiyle G\u00fc\u00e7lenen End\u00fcstriyel \u00c7\u00f6z\u00fcmler!","potentialAction":[{"@type":"SearchAction","target":{"@type":"EntryPoint","urlTemplate":"https:\/\/barrsell.com\/?s={search_term_string}"},"query-input":"required name=search_term_string"}],"inLanguage":"en-US"}]}},"_links":{"self":[{"href":"https:\/\/barrsell.com\/en\/wp-json\/wp\/v2\/product\/1524","targetHints":{"allow":["GET"]}}],"collection":[{"href":"https:\/\/barrsell.com\/en\/wp-json\/wp\/v2\/product"}],"about":[{"href":"https:\/\/barrsell.com\/en\/wp-json\/wp\/v2\/types\/product"}],"version-history":[{"count":12,"href":"https:\/\/barrsell.com\/en\/wp-json\/wp\/v2\/product\/1524\/revisions"}],"predecessor-version":[{"id":18258,"href":"https:\/\/barrsell.com\/en\/wp-json\/wp\/v2\/product\/1524\/revisions\/18258"}],"wp:featuredmedia":[{"embeddable":true,"href":"https:\/\/barrsell.com\/en\/wp-json\/wp\/v2\/media\/11130"}],"wp:attachment":[{"href":"https:\/\/barrsell.com\/en\/wp-json\/wp\/v2\/media?parent=1524"}],"wp:term":[{"taxonomy":"product_cat","embeddable":true,"href":"https:\/\/barrsell.com\/en\/wp-json\/wp\/v2\/product_cat?post=1524"},{"taxonomy":"product_tag","embeddable":true,"href":"https:\/\/barrsell.com\/en\/wp-json\/wp\/v2\/product_tag?post=1524"}],"curies":[{"name":"wp","href":"https:\/\/api.w.org\/{rel}","templated":true}]}}