{"id":1519,"date":"2022-12-09T15:26:22","date_gmt":"2022-12-09T15:26:22","guid":{"rendered":"http:\/\/dummy.xtemos.com\/woodmart2\/mega-electronics-elementor\/?post_type=product&#038;p=1519"},"modified":"2025-01-09T09:39:44","modified_gmt":"2025-01-09T09:39:44","slug":"hygromatik-compactline-nem-kontrol-kiti","status":"publish","type":"product","link":"https:\/\/barrsell.com\/en\/product\/hygromatik-compactline-moisture-control-kit\/","title":{"rendered":"HygroMatik CompactLine Humidity Control Kit"},"content":{"rendered":"<h2>HygroMatik CompactLine Humidity Control Kit - Compact and Effective Humidity Management Solution<\/h2>\n<p>HygroMatic CompactLine Moisture Control Kit offers a compact and effective solution for high-precision moisture measurement and also control. It is used in a wide range from industrial areas to offices, laboratories to data centers. It also helps you manage humidity levels perfectly. Especially with its modern design and advanced technology, it is both an aesthetic and functional humidity control device.<\/p>\n<table style=\"height: 309px;\" width=\"800\">\n<tbody>\n<tr>\n<td rowspan=\"2\" width=\"88\"><strong>Model<\/strong><\/td>\n<td rowspan=\"2\" width=\"110\"><strong>Maximum steam output<\/strong><\/td>\n<td rowspan=\"2\" width=\"150\"><strong>Electricity connection<\/strong><\/td>\n<td width=\"120\"><strong>Dimensions<\/strong><\/td>\n<\/tr>\n<tr>\n<td width=\"120\"><strong><span style=\"vertical-align: inherit;\">g\/y\/g [mm]<\/span><\/strong><\/td>\n<\/tr>\n<tr>\n<td width=\"88\" data-title=\"Model\">C 01 SET<\/td>\n<td width=\"110\" data-title=\"Parn\u00ed v\u00fdkon max\"><span style=\"vertical-align: inherit;\">1 kg\/sec<\/span><\/td>\n<td width=\"150\" data-title=\"El.p\u0159ipojen\u00ed\"><span style=\"vertical-align: inherit;\">0,75 kW\/ 3,3 A<\/span><\/td>\n<td width=\"120\" data-title=\"Rozm\u011bry \u0161\/v\/h [mm]\"><span style=\"vertical-align: inherit;\">273\/327\/175<\/span><\/td>\n<\/tr>\n<tr>\n<td width=\"88\" data-title=\"Model\">C 02 SET\u0130<\/td>\n<td width=\"110\" data-title=\"Parn\u00ed v\u00fdkon max\"><span style=\"vertical-align: inherit;\">2 kg\/sec<\/span><\/td>\n<td width=\"150\" data-title=\"El.p\u0159ipojen\u00ed\"><span style=\"vertical-align: inherit;\">1,5 kW\/ 6,5 A<\/span><\/td>\n<td width=\"120\" data-title=\"Rozm\u011bry \u0161\/v\/h [mm]\"><span style=\"vertical-align: inherit;\">273\/306\/202<\/span><\/td>\n<\/tr>\n<tr>\n<td width=\"88\" data-title=\"Model\">C 06 SET<\/td>\n<td width=\"110\" data-title=\"Parn\u00ed v\u00fdkon max\"><span style=\"vertical-align: inherit;\">6 kg\/sec<\/span><\/td>\n<td width=\"150\" data-title=\"El.p\u0159ipojen\u00ed\"><span style=\"vertical-align: inherit;\">4,5 kW\/ 6,5 A<\/span><\/td>\n<td width=\"120\" data-title=\"Rozm\u011bry \u0161\/v\/h [mm]\"><span style=\"vertical-align: inherit;\">273\/377\/185<\/span><\/td>\n<\/tr>\n<tr>\n<td width=\"88\" data-title=\"Model\">C 10 SET<\/td>\n<td width=\"110\" data-title=\"Parn\u00ed v\u00fdkon max\"><span style=\"vertical-align: inherit;\">10 kg\/sec<\/span><\/td>\n<td width=\"150\" data-title=\"El.p\u0159ipojen\u00ed\"><span style=\"vertical-align: inherit;\">7,5 kW\/ 10,8 A<\/span><\/td>\n<td width=\"120\" data-title=\"Rozm\u011bry \u0161\/v\/h [mm]\"><span style=\"vertical-align: inherit;\">285\/3422\/202<\/span><\/td>\n<\/tr>\n<tr>\n<td width=\"88\" data-title=\"Model\">C 17 SET<\/td>\n<td width=\"110\" data-title=\"Parn\u00ed v\u00fdkon max\"><span style=\"vertical-align: inherit;\">17 kg\/sec<\/span><\/td>\n<td width=\"150\" data-title=\"El.p\u0159ipojen\u00ed\"><span style=\"vertical-align: inherit;\">12,8 kW\/ 18,4 A<\/span><\/td>\n<td width=\"120\" data-title=\"Rozm\u011bry \u0161\/v\/h [mm]\"><span style=\"vertical-align: inherit;\">328\/589\/267<\/span><\/td>\n<\/tr>\n<tr>\n<td width=\"88\" data-title=\"Model\">C 22 SET<\/td>\n<td width=\"110\" data-title=\"Parn\u00ed v\u00fdkon max\"><span style=\"vertical-align: inherit;\">22 kg\/sec<\/span><\/td>\n<td width=\"150\" data-title=\"El.p\u0159ipojen\u00ed\"><span style=\"vertical-align: inherit;\">16,5 kW\/ 23,8 A<\/span><\/td>\n<td width=\"120\" data-title=\"Rozm\u011bry \u0161\/v\/h [mm]\"><span style=\"vertical-align: inherit;\">328\/589\/267<\/span><\/td>\n<\/tr>\n<tr>\n<td width=\"88\" data-title=\"Model\">C 30 SET<\/td>\n<td width=\"110\" data-title=\"Parn\u00ed v\u00fdkon max\"><span style=\"vertical-align: inherit;\">30 kg\/sec<\/span><\/td>\n<td width=\"150\" data-title=\"El.p\u0159ipojen\u00ed\"><span style=\"vertical-align: inherit;\">22,5 kW\/ 32,5 A<\/span><\/td>\n<td width=\"120\" data-title=\"Rozm\u011bry \u0161\/v\/h [mm]\"><span style=\"vertical-align: inherit;\">328\/589\/267<\/span><\/td>\n<\/tr>\n<tr>\n<td width=\"88\" data-title=\"Model\">C 45 SET<\/td>\n<td width=\"110\" data-title=\"Parn\u00ed v\u00fdkon max\"><span style=\"vertical-align: inherit;\">45 kg\/sec<\/span><\/td>\n<td width=\"150\" data-title=\"El.p\u0159ipojen\u00ed\"><span style=\"vertical-align: inherit;\">33,8 kW\/ 48,8 A<\/span><\/td>\n<td width=\"120\" data-title=\"Rozm\u011bry \u0161\/v\/h [mm]\"><span style=\"vertical-align: inherit;\">330\/639\/316<\/span><\/td>\n<\/tr>\n<\/tbody>\n<\/table>\n<div id=\"attachment_14990\" style=\"width: 670px\" class=\"wp-caption alignnone\"><a href=\"https:\/\/barrsell.com\/wp-content\/uploads\/2022\/12\/hygromatik-compactline-kit-c01-c45.jpg\"><img fetchpriority=\"high\" decoding=\"async\" aria-describedby=\"caption-attachment-14990\" class=\"wp-image-14990 size-full\" src=\"https:\/\/barrsell.com\/wp-content\/uploads\/2022\/12\/hygromatik-compactline-kit-c01-c45.jpg\" alt=\"HygroMatik CompactLine Uncontrolled Kit\" width=\"660\" height=\"440\" srcset=\"https:\/\/barrsell.com\/wp-content\/uploads\/2022\/12\/hygromatik-compactline-kit-c01-c45.jpg 660w, https:\/\/barrsell.com\/wp-content\/uploads\/2022\/12\/hygromatik-compactline-kit-c01-c45-300x200.jpg 300w, https:\/\/barrsell.com\/wp-content\/uploads\/2022\/12\/hygromatik-compactline-kit-c01-c45-18x12.jpg 18w, https:\/\/barrsell.com\/wp-content\/uploads\/2022\/12\/hygromatik-compactline-kit-c01-c45-150x100.jpg 150w\" sizes=\"(max-width: 660px) 100vw, 660px\" \/><\/a><p id=\"caption-attachment-14990\" class=\"wp-caption-text\"><span style=\"vertical-align: inherit;\"><span style=\"vertical-align: inherit;\">HygroMatik CompactLine Uncontrolled Kit<\/span><\/span><\/p><\/div>\n<h4><strong>Technical Specifications:<\/strong><\/h4>\n<ul>\n<li class=\" translation-block\"><strong><span><span>Model: <\/span><\/span><\/strong><a href=\"\/\/wdteknoloji.com\/kategori\/hygromatik-nemlendirici-urunler\/\u201d\" target=\"\u201c_self\u201d\"><span><span>Hygromatik<\/span><\/span><\/a><span><span> CompactLine<\/span><\/span><\/li>\n<li class=\" translation-block\"><strong>Usages:<\/strong> Especially for industrial plants, offices, laboratories, laboratories, data centers, healthcare facilities as well as private living spaces.<\/li>\n<li class=\" translation-block\"><strong>Humidity Measurement Range:<\/strong> 0 - 0% Relative Humidity (RH)<\/li>\n<li class=\" translation-block\"><strong>Temperature Measurement Range:<\/strong> -20\u00b0C - 50\u00b0C (-4\u00b0F - 122\u00b0F)<\/li>\n<li><strong>Sensitivity:<\/strong>\n<ul>\n<li><strong><span style=\"vertical-align: inherit;\"><span style=\"vertical-align: inherit;\">Gender:<\/span><\/span><\/strong><span style=\"vertical-align: inherit;\"><span style=\"vertical-align: inherit;\"> \u00b12% relative humidity<\/span><\/span><\/li>\n<li><strong>Temperature:<\/strong> \u00b10.5\u00b0C (\u00b10.9\u00b0F)<\/li>\n<\/ul>\n<\/li>\n<li><strong>Sensor Technology:<\/strong> Capacitive humidity sensor and high precision thermometer.\u00a0 This ensures accurate and reliable measurements.<\/li>\n<\/ul>\n<p>&nbsp;<\/p>\n<div id=\"attachment_14996\" style=\"width: 310px\" class=\"wp-caption alignleft\"><a href=\"https:\/\/barrsell.com\/wp-content\/uploads\/2022\/12\/Kompakt-nem-kontrol-cihazi-ic-tesisat.jpg\"><img decoding=\"async\" aria-describedby=\"caption-attachment-14996\" class=\"wp-image-14996 size-medium\" src=\"https:\/\/barrsell.com\/wp-content\/uploads\/2022\/12\/Kompakt-nem-kontrol-cihazi-ic-tesisat-300x240.jpg\" alt=\"HygroMatik CompactLine Hay\u0131r\" width=\"300\" height=\"240\" srcset=\"https:\/\/barrsell.com\/wp-content\/uploads\/2022\/12\/Kompakt-nem-kontrol-cihazi-ic-tesisat-300x240.jpg 300w, https:\/\/barrsell.com\/wp-content\/uploads\/2022\/12\/Kompakt-nem-kontrol-cihazi-ic-tesisat-768x614.jpg 768w, https:\/\/barrsell.com\/wp-content\/uploads\/2022\/12\/Kompakt-nem-kontrol-cihazi-ic-tesisat-15x12.jpg 15w, https:\/\/barrsell.com\/wp-content\/uploads\/2022\/12\/Kompakt-nem-kontrol-cihazi-ic-tesisat-150x120.jpg 150w, https:\/\/barrsell.com\/wp-content\/uploads\/2022\/12\/Kompakt-nem-kontrol-cihazi-ic-tesisat.jpg 1000w\" sizes=\"(max-width: 300px) 100vw, 300px\" \/><\/a><p id=\"caption-attachment-14996\" class=\"wp-caption-text\">HygroMatik CompactLine Humidity-control unit<\/p><\/div>\n<div id=\"attachment_14997\" style=\"width: 310px\" class=\"wp-caption alignleft\"><a href=\"https:\/\/barrsell.com\/wp-content\/uploads\/2022\/12\/hygromatik-compactline-kit-05.jpg\"><img decoding=\"async\" aria-describedby=\"caption-attachment-14997\" class=\"wp-image-14997 size-medium\" src=\"https:\/\/barrsell.com\/wp-content\/uploads\/2022\/12\/hygromatik-compactline-kit-05-300x240.jpg\" alt=\"\" width=\"300\" height=\"240\" srcset=\"https:\/\/barrsell.com\/wp-content\/uploads\/2022\/12\/hygromatik-compactline-kit-05-300x240.jpg 300w, https:\/\/barrsell.com\/wp-content\/uploads\/2022\/12\/hygromatik-compactline-kit-05-768x614.jpg 768w, https:\/\/barrsell.com\/wp-content\/uploads\/2022\/12\/hygromatik-compactline-kit-05-15x12.jpg 15w, https:\/\/barrsell.com\/wp-content\/uploads\/2022\/12\/hygromatik-compactline-kit-05-150x120.jpg 150w, https:\/\/barrsell.com\/wp-content\/uploads\/2022\/12\/hygromatik-compactline-kit-05.jpg 1000w\" sizes=\"(max-width: 300px) 100vw, 300px\" \/><\/a><p id=\"caption-attachment-14997\" class=\"wp-caption-text\">HygroMatik CompactLine Humidity Control Kit \u2013 Electrical connectors<\/p><\/div>\n<p>&nbsp;<\/p>\n<p>&nbsp;<\/p>\n<p>&nbsp;<\/p>\n<p>&nbsp;<\/p>\n<p>&nbsp;<\/p>\n<p>&nbsp;<\/p>\n<p>&nbsp;<\/p>\n<p>&nbsp;<\/p>\n<div id=\"attachment_14998\" style=\"width: 310px\" class=\"wp-caption alignnone\"><a href=\"https:\/\/barrsell.com\/wp-content\/uploads\/2022\/12\/hygromatik-compactline-kit-06.jpg\"><img loading=\"lazy\" decoding=\"async\" aria-describedby=\"caption-attachment-14998\" class=\"wp-image-14998 size-medium\" src=\"https:\/\/barrsell.com\/wp-content\/uploads\/2022\/12\/hygromatik-compactline-kit-06-300x240.jpg\" alt=\"Compact humidity controller - Water supply connection\" width=\"300\" height=\"240\" srcset=\"https:\/\/barrsell.com\/wp-content\/uploads\/2022\/12\/hygromatik-compactline-kit-06-300x240.jpg 300w, https:\/\/barrsell.com\/wp-content\/uploads\/2022\/12\/hygromatik-compactline-kit-06-768x614.jpg 768w, https:\/\/barrsell.com\/wp-content\/uploads\/2022\/12\/hygromatik-compactline-kit-06-15x12.jpg 15w, https:\/\/barrsell.com\/wp-content\/uploads\/2022\/12\/hygromatik-compactline-kit-06-150x120.jpg 150w, https:\/\/barrsell.com\/wp-content\/uploads\/2022\/12\/hygromatik-compactline-kit-06.jpg 1000w\" sizes=\"(max-width: 300px) 100vw, 300px\" \/><\/a><p id=\"caption-attachment-14998\" class=\"wp-caption-text\">Compact humidity controller - Water supply connection<\/p><\/div>\n<p><strong style=\"color: #1b1919; font-size: 18px;\">Design and Functionality<\/strong><\/p>\n<ul>\n<li><strong>Screen Type:<\/strong> High resolution LCD display provides clear and thus easy data display.<\/li>\n<li><strong>Control Features:<\/strong>\n<ul>\n<li><strong>Automatic Humidity Control:<\/strong> Automatic moisture regulation, especially with adjustable humidity targets.<\/li>\n<li class=\" translation-block\"><strong>Alarm System:<\/strong> Audible and visual alarm warnings in case of abnormal humidity levels.<\/li>\n<li class=\" translation-block\"><strong>Manual Settings:<\/strong> Also manual humidity and temperature settings with user-friendly interface.<\/li>\n<\/ul>\n<\/li>\n<li><strong>Compact humidity controller Connection Options:<\/strong>\n<ul>\n<li class=\" translation-block\"><strong>Wireless:<\/strong> Remote monitoring and control with Wi-Fi and Bluetooth integration, plus mobile app support.<\/li>\n<li class=\" translation-block\"><strong>Wired:<\/strong> Industrial data integration with RS-485, 4-20mA and modbus output options.<\/li>\n<\/ul>\n<\/li>\n<li class=\" translation-block\"><strong>Energy Efficiency:<\/strong> HygroMatik CompactLine Humidity Control Kit has a long service life thanks to its low energy consumption; energy saving mode available.<\/li>\n<\/ul>","protected":false},"excerpt":{"rendered":"<p><strong><span style=\"vertical-align: inherit;\"><span style=\"vertical-align: inherit;\">Model:<\/span><\/span><\/strong><span style=\"vertical-align: inherit;\"><span style=\"vertical-align: inherit;\"> CompactLine KIT 01 \u2013 45<\/span><\/span><\/p>\n<ul>\n<li><strong>Power:<\/strong> 1.5 kW<\/li>\n<li><strong>Tension:<\/strong> 230V, 50\/60 Hz<\/li>\n<li><strong>Current:<\/strong> 6.5 A<\/li>\n<\/ul>","protected":false},"featured_media":11136,"template":"","meta":[],"product_cat":[113,125,126],"product_tag":[246,243,241],"class_list":{"0":"post-1519","1":"product","2":"type-product","3":"status-publish","4":"has-post-thumbnail","6":"product_cat-buhar-jeneratorleri-nemlendiriciler","7":"product_cat-hygromatik-buharli-nemlendirici","8":"product_cat-hygromatik-elektrotlu-nemlendiriciler","9":"product_tag-buhar-jeneratoru","10":"product_tag-buharlinemlendirici","11":"product_tag-hygromatik","13":"first","14":"instock","15":"shipping-taxable","16":"purchasable","17":"product-type-variable"},"yoast_head":"<!-- This site is optimized with the Yoast SEO Premium plugin v23.2 (Yoast SEO v23.2) - https:\/\/yoast.com\/wordpress\/plugins\/seo\/ -->\n<title>HygroMatik CompactLine Nem Kontrol Kiti | Barrsell End\u00fcstri<\/title>\n<meta name=\"description\" content=\"HygroMatik CompactLine Nem Kontrol Kiti, y\u00fcksek hassasiyetli nem \u00f6l\u00e7\u00fcm\u00fc ve kontrol\u00fc i\u00e7in kompakt ve etkili bir \u00e7\u00f6z\u00fcm sunar.\" \/>\n<meta name=\"robots\" content=\"index, follow, max-snippet:-1, max-image-preview:large, max-video-preview:-1\" \/>\n<link rel=\"canonical\" href=\"https:\/\/barrsell.com\/en\/product\/hygromatik-compactline-moisture-control-kit\/\" \/>\n<meta property=\"og:locale\" content=\"en_US\" \/>\n<meta property=\"og:type\" content=\"article\" \/>\n<meta property=\"og:title\" content=\"HygroMatik CompactLine Nem Kontrol Kiti\" \/>\n<meta property=\"og:description\" content=\"HygroMatik CompactLine Nem Kontrol Kiti, y\u00fcksek hassasiyetli nem \u00f6l\u00e7\u00fcm\u00fc ve kontrol\u00fc i\u00e7in kompakt ve etkili bir \u00e7\u00f6z\u00fcm sunar.\" \/>\n<meta property=\"og:url\" content=\"https:\/\/barrsell.com\/en\/product\/hygromatik-compactline-moisture-control-kit\/\" \/>\n<meta property=\"og:site_name\" content=\"Barrsell\" \/>\n<meta property=\"article:modified_time\" content=\"2025-01-09T09:39:44+00:00\" \/>\n<meta property=\"og:image\" content=\"https:\/\/barrsell.com\/wp-content\/uploads\/2022\/12\/hygromatik-compactline-kit.png\" \/>\n\t<meta property=\"og:image:width\" content=\"1200\" \/>\n\t<meta property=\"og:image:height\" content=\"1200\" \/>\n\t<meta property=\"og:image:type\" content=\"image\/png\" \/>\n<meta name=\"twitter:card\" content=\"summary_large_image\" \/>\n<meta name=\"twitter:label1\" content=\"Est. reading time\" \/>\n\t<meta name=\"twitter:data1\" content=\"4 minutes\" \/>\n<script type=\"application\/ld+json\" class=\"yoast-schema-graph\">{\"@context\":\"https:\/\/schema.org\",\"@graph\":[{\"@type\":\"WebPage\",\"@id\":\"https:\/\/barrsell.com\/urun\/hygromatik-compactline-nem-kontrol-kiti\/\",\"url\":\"https:\/\/barrsell.com\/urun\/hygromatik-compactline-nem-kontrol-kiti\/\",\"name\":\"HygroMatik CompactLine Nem Kontrol Kiti | Barrsell End\u00fcstri\",\"isPartOf\":{\"@id\":\"https:\/\/barrsell.com\/#website\"},\"primaryImageOfPage\":{\"@id\":\"https:\/\/barrsell.com\/urun\/hygromatik-compactline-nem-kontrol-kiti\/#primaryimage\"},\"image\":{\"@id\":\"https:\/\/barrsell.com\/urun\/hygromatik-compactline-nem-kontrol-kiti\/#primaryimage\"},\"thumbnailUrl\":\"https:\/\/barrsell.com\/wp-content\/uploads\/2022\/12\/hygromatik-compactline-kit.png\",\"datePublished\":\"2022-12-09T15:26:22+00:00\",\"dateModified\":\"2025-01-09T09:39:44+00:00\",\"description\":\"HygroMatik CompactLine Nem Kontrol Kiti, y\u00fcksek hassasiyetli nem \u00f6l\u00e7\u00fcm\u00fc ve kontrol\u00fc i\u00e7in kompakt ve etkili bir \u00e7\u00f6z\u00fcm sunar.\",\"breadcrumb\":{\"@id\":\"https:\/\/barrsell.com\/urun\/hygromatik-compactline-nem-kontrol-kiti\/#breadcrumb\"},\"inLanguage\":\"en-US\",\"potentialAction\":[{\"@type\":\"ReadAction\",\"target\":[\"https:\/\/barrsell.com\/urun\/hygromatik-compactline-nem-kontrol-kiti\/\"]}]},{\"@type\":\"ImageObject\",\"inLanguage\":\"en-US\",\"@id\":\"https:\/\/barrsell.com\/urun\/hygromatik-compactline-nem-kontrol-kiti\/#primaryimage\",\"url\":\"https:\/\/barrsell.com\/wp-content\/uploads\/2022\/12\/hygromatik-compactline-kit.png\",\"contentUrl\":\"https:\/\/barrsell.com\/wp-content\/uploads\/2022\/12\/hygromatik-compactline-kit.png\",\"width\":1200,\"height\":1200,\"caption\":\"hygromatik-compactline-kit\"},{\"@type\":\"BreadcrumbList\",\"@id\":\"https:\/\/barrsell.com\/urun\/hygromatik-compactline-nem-kontrol-kiti\/#breadcrumb\",\"itemListElement\":[{\"@type\":\"ListItem\",\"position\":1,\"name\":\"Home\",\"item\":\"https:\/\/barrsell.com\/\"},{\"@type\":\"ListItem\",\"position\":2,\"name\":\"\u00dcr\u00fcnler\",\"item\":\"https:\/\/barrsell.com\/en\/products\/\"},{\"@type\":\"ListItem\",\"position\":3,\"name\":\"HygroMatik CompactLine Nem Kontrol Kiti\"}]},{\"@type\":\"WebSite\",\"@id\":\"https:\/\/barrsell.com\/#website\",\"url\":\"https:\/\/barrsell.com\/\",\"name\":\"Barrsell End\u00fcstri Makine\",\"description\":\"Teknolojiyle G\u00fc\u00e7lenen End\u00fcstriyel \u00c7\u00f6z\u00fcmler!\",\"potentialAction\":[{\"@type\":\"SearchAction\",\"target\":{\"@type\":\"EntryPoint\",\"urlTemplate\":\"https:\/\/barrsell.com\/?s={search_term_string}\"},\"query-input\":\"required name=search_term_string\"}],\"inLanguage\":\"en-US\"}]}<\/script>\n<!-- \/ Yoast SEO Premium plugin. -->","yoast_head_json":{"title":"HygroMatik CompactLine Nem Kontrol Kiti | Barrsell End\u00fcstri","description":"HygroMatik CompactLine Nem Kontrol Kiti, y\u00fcksek hassasiyetli nem \u00f6l\u00e7\u00fcm\u00fc ve kontrol\u00fc i\u00e7in kompakt ve etkili bir \u00e7\u00f6z\u00fcm sunar.","robots":{"index":"index","follow":"follow","max-snippet":"max-snippet:-1","max-image-preview":"max-image-preview:large","max-video-preview":"max-video-preview:-1"},"canonical":"https:\/\/barrsell.com\/en\/product\/hygromatik-compactline-moisture-control-kit\/","og_locale":"en_US","og_type":"article","og_title":"HygroMatik CompactLine Nem Kontrol Kiti","og_description":"HygroMatik CompactLine Nem Kontrol Kiti, y\u00fcksek hassasiyetli nem \u00f6l\u00e7\u00fcm\u00fc ve kontrol\u00fc i\u00e7in kompakt ve etkili bir \u00e7\u00f6z\u00fcm sunar.","og_url":"https:\/\/barrsell.com\/en\/product\/hygromatik-compactline-moisture-control-kit\/","og_site_name":"Barrsell","article_modified_time":"2025-01-09T09:39:44+00:00","og_image":[{"width":1200,"height":1200,"url":"https:\/\/barrsell.com\/wp-content\/uploads\/2022\/12\/hygromatik-compactline-kit.png","type":"image\/png"}],"twitter_card":"summary_large_image","twitter_misc":{"Est. reading time":"4 minutes"},"schema":{"@context":"https:\/\/schema.org","@graph":[{"@type":"WebPage","@id":"https:\/\/barrsell.com\/urun\/hygromatik-compactline-nem-kontrol-kiti\/","url":"https:\/\/barrsell.com\/urun\/hygromatik-compactline-nem-kontrol-kiti\/","name":"HygroMatik CompactLine Nem Kontrol Kiti | Barrsell End\u00fcstri","isPartOf":{"@id":"https:\/\/barrsell.com\/#website"},"primaryImageOfPage":{"@id":"https:\/\/barrsell.com\/urun\/hygromatik-compactline-nem-kontrol-kiti\/#primaryimage"},"image":{"@id":"https:\/\/barrsell.com\/urun\/hygromatik-compactline-nem-kontrol-kiti\/#primaryimage"},"thumbnailUrl":"https:\/\/barrsell.com\/wp-content\/uploads\/2022\/12\/hygromatik-compactline-kit.png","datePublished":"2022-12-09T15:26:22+00:00","dateModified":"2025-01-09T09:39:44+00:00","description":"HygroMatik CompactLine Nem Kontrol Kiti, y\u00fcksek hassasiyetli nem \u00f6l\u00e7\u00fcm\u00fc ve kontrol\u00fc i\u00e7in kompakt ve etkili bir \u00e7\u00f6z\u00fcm sunar.","breadcrumb":{"@id":"https:\/\/barrsell.com\/urun\/hygromatik-compactline-nem-kontrol-kiti\/#breadcrumb"},"inLanguage":"en-US","potentialAction":[{"@type":"ReadAction","target":["https:\/\/barrsell.com\/urun\/hygromatik-compactline-nem-kontrol-kiti\/"]}]},{"@type":"ImageObject","inLanguage":"en-US","@id":"https:\/\/barrsell.com\/urun\/hygromatik-compactline-nem-kontrol-kiti\/#primaryimage","url":"https:\/\/barrsell.com\/wp-content\/uploads\/2022\/12\/hygromatik-compactline-kit.png","contentUrl":"https:\/\/barrsell.com\/wp-content\/uploads\/2022\/12\/hygromatik-compactline-kit.png","width":1200,"height":1200,"caption":"hygromatik-compactline-kit"},{"@type":"BreadcrumbList","@id":"https:\/\/barrsell.com\/urun\/hygromatik-compactline-nem-kontrol-kiti\/#breadcrumb","itemListElement":[{"@type":"ListItem","position":1,"name":"Home","item":"https:\/\/barrsell.com\/"},{"@type":"ListItem","position":2,"name":"\u00dcr\u00fcnler","item":"https:\/\/barrsell.com\/en\/products\/"},{"@type":"ListItem","position":3,"name":"HygroMatik CompactLine Nem Kontrol Kiti"}]},{"@type":"WebSite","@id":"https:\/\/barrsell.com\/#website","url":"https:\/\/barrsell.com\/","name":"Barrsell End\u00fcstri Makine","description":"Teknolojiyle G\u00fc\u00e7lenen End\u00fcstriyel \u00c7\u00f6z\u00fcmler!","potentialAction":[{"@type":"SearchAction","target":{"@type":"EntryPoint","urlTemplate":"https:\/\/barrsell.com\/?s={search_term_string}"},"query-input":"required name=search_term_string"}],"inLanguage":"en-US"}]}},"_links":{"self":[{"href":"https:\/\/barrsell.com\/en\/wp-json\/wp\/v2\/product\/1519","targetHints":{"allow":["GET"]}}],"collection":[{"href":"https:\/\/barrsell.com\/en\/wp-json\/wp\/v2\/product"}],"about":[{"href":"https:\/\/barrsell.com\/en\/wp-json\/wp\/v2\/types\/product"}],"version-history":[{"count":15,"href":"https:\/\/barrsell.com\/en\/wp-json\/wp\/v2\/product\/1519\/revisions"}],"predecessor-version":[{"id":11135,"href":"https:\/\/barrsell.com\/en\/wp-json\/wp\/v2\/product\/1519\/revisions\/11135"}],"wp:featuredmedia":[{"embeddable":true,"href":"https:\/\/barrsell.com\/en\/wp-json\/wp\/v2\/media\/11136"}],"wp:attachment":[{"href":"https:\/\/barrsell.com\/en\/wp-json\/wp\/v2\/media?parent=1519"}],"wp:term":[{"taxonomy":"product_cat","embeddable":true,"href":"https:\/\/barrsell.com\/en\/wp-json\/wp\/v2\/product_cat?post=1519"},{"taxonomy":"product_tag","embeddable":true,"href":"https:\/\/barrsell.com\/en\/wp-json\/wp\/v2\/product_tag?post=1519"}],"curies":[{"name":"wp","href":"https:\/\/api.w.org\/{rel}","templated":true}]}}