{"id":14978,"date":"2024-09-14T11:58:47","date_gmt":"2024-09-14T11:58:47","guid":{"rendered":"https:\/\/barrsell.com\/?post_type=product&#038;p=14978"},"modified":"2024-12-06T15:51:24","modified_gmt":"2024-12-06T15:51:24","slug":"sauna-kovasi","status":"publish","type":"product","link":"https:\/\/barrsell.com\/en\/product\/sauna-bucket\/","title":{"rendered":"Sauna Bucket"},"content":{"rendered":"<div class=\"flex max-w-full flex-col flex-grow\">\n<div class=\"min-h-[20px] text-message flex w-full flex-col items-end gap-2 whitespace-normal break-words [.text-message+&amp;]:mt-5\" dir=\"auto\" data-message-author-role=\"assistant\" data-message-id=\"a15884d7-3769-446e-b38d-ca4f6cc8dc4c\">\n<div class=\"flex w-full flex-col gap-1 empty:hidden first:pt-[3px]\">\n<div class=\"markdown prose w-full break-words dark:prose-invert light\">\n<h2>Sauna Bucket \u2013 Durable and Aesthetic Steam Management Tool<\/h2>\n<p>The sauna bucket is an accessory designed to facilitate steam management in your sauna sessions and optimize your experience. With its aesthetic and functional design, it provides a stylish appearance and offers practical use. It is an ideal solution that you can use in your home sauna area or in professional spa centers.<\/p>\n<div id=\"attachment_18838\" style=\"width: 810px\" class=\"wp-caption aligncenter\"><a href=\"https:\/\/barrsell.com\/wp-content\/uploads\/2024\/09\/sauna-kovasi-barr.webp\"><img fetchpriority=\"high\" decoding=\"async\" aria-describedby=\"caption-attachment-18838\" class=\"wp-image-18838\" src=\"https:\/\/barrsell.com\/wp-content\/uploads\/2024\/09\/sauna-kovasi-barr-300x300.webp\" alt=\"\" width=\"800\" height=\"800\" srcset=\"https:\/\/barrsell.com\/wp-content\/uploads\/2024\/09\/sauna-kovasi-barr-300x300.webp 300w, https:\/\/barrsell.com\/wp-content\/uploads\/2024\/09\/sauna-kovasi-barr-150x150.webp 150w, https:\/\/barrsell.com\/wp-content\/uploads\/2024\/09\/sauna-kovasi-barr-768x768.webp 768w, https:\/\/barrsell.com\/wp-content\/uploads\/2024\/09\/sauna-kovasi-barr-12x12.webp 12w, https:\/\/barrsell.com\/wp-content\/uploads\/2024\/09\/sauna-kovasi-barr-600x600.webp 600w, https:\/\/barrsell.com\/wp-content\/uploads\/2024\/09\/sauna-kovasi-barr-50x50.webp 50w, https:\/\/barrsell.com\/wp-content\/uploads\/2024\/09\/sauna-kovasi-barr-100x100.webp 100w, https:\/\/barrsell.com\/wp-content\/uploads\/2024\/09\/sauna-kovasi-barr.webp 1024w\" sizes=\"(max-width: 800px) 100vw, 800px\" \/><\/a><p id=\"caption-attachment-18838\" class=\"wp-caption-text\">sauna kovas\u0131-barr<\/p><\/div>\n<h4><strong>Material Options:<\/strong><\/h4>\n<ul>\n<li class=\" translation-block\"><strong>Wooden Bucket: <\/strong>Our wooden buckets offer long-lasting use with sauna temperature and also moisture-proof structure. It also offers an aesthetic and natural look.<\/li>\n<li class=\" translation-block\"><strong>Stainless Steel Bucket:<\/strong> 304 grade stainless steel. Especially the metal sauna bucket bucket is long-lasting and durable, it is resistant to temperature changes.<\/li>\n<li class=\" translation-block\"><strong>Plastic Bucket:<\/strong> High quality, heat resistant plastic.It is lightweight and durable, low cost and offers a variety of color options.<\/li>\n<\/ul>\n<h4><strong>Measurement Features:<\/strong><\/h4>\n<ul>\n<li class=\" translation-block\"><strong>Capacity:<\/strong> 3 liters \u2013 5 liters. Especially <em>sauna bucket<\/em> offers options in different capacities, and you can also use them in varying sizes according to the need.<\/li>\n<li class=\" translation-block\"><strong>Diameter:<\/strong> 20 cm \u2013 30 cm. Designed in suitable sizes for comfortably pouring water into sauna stones.<\/li>\n<li class=\" translation-block\"><strong>Height:<\/strong> 25 cm \u2013 35 cm. Designed at ideal height to ensure comfort of use.<\/li>\n<\/ul>\n<h4><strong>Design &amp; Functionality:<\/strong><\/h4>\n<ul>\n<li class=\" translation-block\"><strong>Sap Design:<\/strong> Ergonomic and non-slip handle provides easy grip and handling. <em>Choose the product to your personal taste with wood, metal or plastic sap<\/em> options.<\/li>\n<li><strong>Bucket Head:<\/strong> Deep and wide design allows the water to be transported effectively. So you can easily fill it out and empty it.<\/li>\n<li class=\" translation-block\"><strong>Usage:<\/strong> Controls steam levels to optimize your Sauna experience, pouring water into the stones, creating the ideal steam environment.<\/li>\n<\/ul>\n<h4><strong>Extra features:<\/strong><\/h4>\n<ul>\n<li class=\" translation-block\"><strong>Cleaning:<\/strong> You can easily clean metal and plastic buckets with high temperature water and detergents. At the same time, you should wipe the wooden buckets with a slightly damp cloth and lubricate them regularly.<\/li>\n<li class=\" translation-block\"><strong>Esthetic Design:<\/strong> With wood, metal and plastic options, the <em>sauna bucket adapts to the decoration of your<\/em> sauna and offers a stylish look.<\/li>\n<\/ul>\n<div id=\"attachment_18839\" style=\"width: 460px\" class=\"wp-caption alignright\"><a href=\"https:\/\/barrsell.com\/wp-content\/uploads\/2024\/09\/sauna-kovasi-spa.webp\"><img decoding=\"async\" aria-describedby=\"caption-attachment-18839\" class=\"wp-image-18839\" src=\"https:\/\/barrsell.com\/wp-content\/uploads\/2024\/09\/sauna-kovasi-spa-300x300.webp\" alt=\"\" width=\"450\" height=\"450\" srcset=\"https:\/\/barrsell.com\/wp-content\/uploads\/2024\/09\/sauna-kovasi-spa-300x300.webp 300w, https:\/\/barrsell.com\/wp-content\/uploads\/2024\/09\/sauna-kovasi-spa-150x150.webp 150w, https:\/\/barrsell.com\/wp-content\/uploads\/2024\/09\/sauna-kovasi-spa-768x768.webp 768w, https:\/\/barrsell.com\/wp-content\/uploads\/2024\/09\/sauna-kovasi-spa-12x12.webp 12w, https:\/\/barrsell.com\/wp-content\/uploads\/2024\/09\/sauna-kovasi-spa-600x600.webp 600w, https:\/\/barrsell.com\/wp-content\/uploads\/2024\/09\/sauna-kovasi-spa-50x50.webp 50w, https:\/\/barrsell.com\/wp-content\/uploads\/2024\/09\/sauna-kovasi-spa-100x100.webp 100w, https:\/\/barrsell.com\/wp-content\/uploads\/2024\/09\/sauna-kovasi-spa.webp 1024w\" sizes=\"(max-width: 450px) 100vw, 450px\" \/><\/a><p id=\"caption-attachment-18839\" class=\"wp-caption-text\">sauna kovas\u0131-spa<\/p><\/div>\n<h4><strong>Environmentally Friendly:<\/strong><\/h4>\n<ul>\n<li class=\" translation-block\"><strong>Material Selection:<\/strong> Buckets made with natural and recyclable materials.<\/li>\n<\/ul>\n<h4><strong>Warranty and Package Contents:<\/strong><\/h4>\n<ul>\n<li class=\" translation-block\">Warranty: 1 year manufacturer warranty, and also provide protection against defects in material and workmanship.<\/li>\n<li><strong>Package Content:<\/strong>\n<ul>\n<li>1 sauna bucket (wood, metal or plastic)<\/li>\n<li>Instructions for use<\/li>\n<\/ul>\n<\/li>\n<\/ul>\n<\/div>\n<\/div>\n<\/div>\n<\/div>\n<div class=\"mt-1 flex gap-3 empty:hidden -ml-2\">\n<div class=\"items-center justify-start rounded-xl p-1 flex\">\n<div class=\"flex items-center\"><\/div>\n<\/div>\n<\/div>","protected":false},"excerpt":{"rendered":"<ul>\n<li><strong>Capacity:<\/strong> 3 Liters \u2013 5 litres<\/li>\n<li><strong>Diameter:<\/strong> 20 cm \u2013 30 cm<\/li>\n<li><strong>Height:<\/strong> 25 Cm \u2013 35 cm<\/li>\n<\/ul>","protected":false},"featured_media":14982,"template":"","meta":[],"product_cat":[236],"product_tag":[],"class_list":{"0":"post-14978","1":"product","2":"type-product","3":"status-publish","4":"has-post-thumbnail","6":"product_cat-sauna-aksesuarlari","8":"first","9":"instock","10":"shipping-taxable","11":"product-type-external"},"yoast_head":"<!-- This site is optimized with the Yoast SEO Premium plugin v23.2 (Yoast SEO v23.2) - https:\/\/yoast.com\/wordpress\/plugins\/seo\/ -->\n<title>Sauna Kovas\u0131 | Barrsell End\u00fcstri<\/title>\n<meta name=\"description\" content=\"Sauna kovas\u0131, sauna seanslar\u0131n\u0131zda buhar y\u00f6netimini kolayla\u015ft\u0131rmak ve deneyiminizi optimize etmek i\u00e7in tasarlanm\u0131\u015f bir aksesuard\u0131r.\" \/>\n<meta name=\"robots\" content=\"index, follow, max-snippet:-1, max-image-preview:large, max-video-preview:-1\" \/>\n<link rel=\"canonical\" href=\"https:\/\/barrsell.com\/en\/product\/sauna-bucket\/\" \/>\n<meta property=\"og:locale\" content=\"en_US\" \/>\n<meta property=\"og:type\" content=\"article\" \/>\n<meta property=\"og:title\" content=\"Sauna Kovas\u0131\" \/>\n<meta property=\"og:description\" content=\"Sauna kovas\u0131, sauna seanslar\u0131n\u0131zda buhar y\u00f6netimini kolayla\u015ft\u0131rmak ve deneyiminizi optimize etmek i\u00e7in tasarlanm\u0131\u015f bir aksesuard\u0131r.\" \/>\n<meta property=\"og:url\" content=\"https:\/\/barrsell.com\/en\/product\/sauna-bucket\/\" \/>\n<meta property=\"og:site_name\" content=\"Barrsell\" \/>\n<meta property=\"article:modified_time\" content=\"2024-12-06T15:51:24+00:00\" \/>\n<meta property=\"og:image\" content=\"https:\/\/barrsell.com\/wp-content\/uploads\/2024\/09\/Sauna-Kovasi.png\" \/>\n\t<meta property=\"og:image:width\" content=\"1200\" \/>\n\t<meta property=\"og:image:height\" content=\"1200\" \/>\n\t<meta property=\"og:image:type\" content=\"image\/png\" \/>\n<meta name=\"twitter:card\" content=\"summary_large_image\" \/>\n<meta name=\"twitter:label1\" content=\"Est. reading time\" \/>\n\t<meta name=\"twitter:data1\" content=\"3 minutes\" \/>\n<script type=\"application\/ld+json\" class=\"yoast-schema-graph\">{\"@context\":\"https:\/\/schema.org\",\"@graph\":[{\"@type\":\"WebPage\",\"@id\":\"https:\/\/barrsell.com\/urun\/sauna-kovasi\/\",\"url\":\"https:\/\/barrsell.com\/urun\/sauna-kovasi\/\",\"name\":\"Sauna Kovas\u0131 | Barrsell End\u00fcstri\",\"isPartOf\":{\"@id\":\"https:\/\/barrsell.com\/#website\"},\"primaryImageOfPage\":{\"@id\":\"https:\/\/barrsell.com\/urun\/sauna-kovasi\/#primaryimage\"},\"image\":{\"@id\":\"https:\/\/barrsell.com\/urun\/sauna-kovasi\/#primaryimage\"},\"thumbnailUrl\":\"https:\/\/barrsell.com\/wp-content\/uploads\/2024\/09\/Sauna-Kovasi.png\",\"datePublished\":\"2024-09-14T11:58:47+00:00\",\"dateModified\":\"2024-12-06T15:51:24+00:00\",\"description\":\"Sauna kovas\u0131, sauna seanslar\u0131n\u0131zda buhar y\u00f6netimini kolayla\u015ft\u0131rmak ve deneyiminizi optimize etmek i\u00e7in tasarlanm\u0131\u015f bir aksesuard\u0131r.\",\"breadcrumb\":{\"@id\":\"https:\/\/barrsell.com\/urun\/sauna-kovasi\/#breadcrumb\"},\"inLanguage\":\"en-US\",\"potentialAction\":[{\"@type\":\"ReadAction\",\"target\":[\"https:\/\/barrsell.com\/urun\/sauna-kovasi\/\"]}]},{\"@type\":\"ImageObject\",\"inLanguage\":\"en-US\",\"@id\":\"https:\/\/barrsell.com\/urun\/sauna-kovasi\/#primaryimage\",\"url\":\"https:\/\/barrsell.com\/wp-content\/uploads\/2024\/09\/Sauna-Kovasi.png\",\"contentUrl\":\"https:\/\/barrsell.com\/wp-content\/uploads\/2024\/09\/Sauna-Kovasi.png\",\"width\":1200,\"height\":1200,\"caption\":\"Sauna Kovas\u0131\"},{\"@type\":\"BreadcrumbList\",\"@id\":\"https:\/\/barrsell.com\/urun\/sauna-kovasi\/#breadcrumb\",\"itemListElement\":[{\"@type\":\"ListItem\",\"position\":1,\"name\":\"Home\",\"item\":\"https:\/\/barrsell.com\/\"},{\"@type\":\"ListItem\",\"position\":2,\"name\":\"\u00dcr\u00fcnler\",\"item\":\"https:\/\/barrsell.com\/en\/products\/\"},{\"@type\":\"ListItem\",\"position\":3,\"name\":\"Sauna Kovas\u0131\"}]},{\"@type\":\"WebSite\",\"@id\":\"https:\/\/barrsell.com\/#website\",\"url\":\"https:\/\/barrsell.com\/\",\"name\":\"Barrsell End\u00fcstri Makine\",\"description\":\"Teknolojiyle G\u00fc\u00e7lenen End\u00fcstriyel \u00c7\u00f6z\u00fcmler!\",\"potentialAction\":[{\"@type\":\"SearchAction\",\"target\":{\"@type\":\"EntryPoint\",\"urlTemplate\":\"https:\/\/barrsell.com\/?s={search_term_string}\"},\"query-input\":\"required name=search_term_string\"}],\"inLanguage\":\"en-US\"}]}<\/script>\n<!-- \/ Yoast SEO Premium plugin. -->","yoast_head_json":{"title":"Sauna Kovas\u0131 | Barrsell End\u00fcstri","description":"Sauna kovas\u0131, sauna seanslar\u0131n\u0131zda buhar y\u00f6netimini kolayla\u015ft\u0131rmak ve deneyiminizi optimize etmek i\u00e7in tasarlanm\u0131\u015f bir aksesuard\u0131r.","robots":{"index":"index","follow":"follow","max-snippet":"max-snippet:-1","max-image-preview":"max-image-preview:large","max-video-preview":"max-video-preview:-1"},"canonical":"https:\/\/barrsell.com\/en\/product\/sauna-bucket\/","og_locale":"en_US","og_type":"article","og_title":"Sauna Kovas\u0131","og_description":"Sauna kovas\u0131, sauna seanslar\u0131n\u0131zda buhar y\u00f6netimini kolayla\u015ft\u0131rmak ve deneyiminizi optimize etmek i\u00e7in tasarlanm\u0131\u015f bir aksesuard\u0131r.","og_url":"https:\/\/barrsell.com\/en\/product\/sauna-bucket\/","og_site_name":"Barrsell","article_modified_time":"2024-12-06T15:51:24+00:00","og_image":[{"width":1200,"height":1200,"url":"https:\/\/barrsell.com\/wp-content\/uploads\/2024\/09\/Sauna-Kovasi.png","type":"image\/png"}],"twitter_card":"summary_large_image","twitter_misc":{"Est. reading time":"3 minutes"},"schema":{"@context":"https:\/\/schema.org","@graph":[{"@type":"WebPage","@id":"https:\/\/barrsell.com\/urun\/sauna-kovasi\/","url":"https:\/\/barrsell.com\/urun\/sauna-kovasi\/","name":"Sauna Kovas\u0131 | Barrsell End\u00fcstri","isPartOf":{"@id":"https:\/\/barrsell.com\/#website"},"primaryImageOfPage":{"@id":"https:\/\/barrsell.com\/urun\/sauna-kovasi\/#primaryimage"},"image":{"@id":"https:\/\/barrsell.com\/urun\/sauna-kovasi\/#primaryimage"},"thumbnailUrl":"https:\/\/barrsell.com\/wp-content\/uploads\/2024\/09\/Sauna-Kovasi.png","datePublished":"2024-09-14T11:58:47+00:00","dateModified":"2024-12-06T15:51:24+00:00","description":"Sauna kovas\u0131, sauna seanslar\u0131n\u0131zda buhar y\u00f6netimini kolayla\u015ft\u0131rmak ve deneyiminizi optimize etmek i\u00e7in tasarlanm\u0131\u015f bir aksesuard\u0131r.","breadcrumb":{"@id":"https:\/\/barrsell.com\/urun\/sauna-kovasi\/#breadcrumb"},"inLanguage":"en-US","potentialAction":[{"@type":"ReadAction","target":["https:\/\/barrsell.com\/urun\/sauna-kovasi\/"]}]},{"@type":"ImageObject","inLanguage":"en-US","@id":"https:\/\/barrsell.com\/urun\/sauna-kovasi\/#primaryimage","url":"https:\/\/barrsell.com\/wp-content\/uploads\/2024\/09\/Sauna-Kovasi.png","contentUrl":"https:\/\/barrsell.com\/wp-content\/uploads\/2024\/09\/Sauna-Kovasi.png","width":1200,"height":1200,"caption":"Sauna Kovas\u0131"},{"@type":"BreadcrumbList","@id":"https:\/\/barrsell.com\/urun\/sauna-kovasi\/#breadcrumb","itemListElement":[{"@type":"ListItem","position":1,"name":"Home","item":"https:\/\/barrsell.com\/"},{"@type":"ListItem","position":2,"name":"\u00dcr\u00fcnler","item":"https:\/\/barrsell.com\/en\/products\/"},{"@type":"ListItem","position":3,"name":"Sauna Kovas\u0131"}]},{"@type":"WebSite","@id":"https:\/\/barrsell.com\/#website","url":"https:\/\/barrsell.com\/","name":"Barrsell End\u00fcstri Makine","description":"Teknolojiyle G\u00fc\u00e7lenen End\u00fcstriyel \u00c7\u00f6z\u00fcmler!","potentialAction":[{"@type":"SearchAction","target":{"@type":"EntryPoint","urlTemplate":"https:\/\/barrsell.com\/?s={search_term_string}"},"query-input":"required name=search_term_string"}],"inLanguage":"en-US"}]}},"_links":{"self":[{"href":"https:\/\/barrsell.com\/en\/wp-json\/wp\/v2\/product\/14978","targetHints":{"allow":["GET"]}}],"collection":[{"href":"https:\/\/barrsell.com\/en\/wp-json\/wp\/v2\/product"}],"about":[{"href":"https:\/\/barrsell.com\/en\/wp-json\/wp\/v2\/types\/product"}],"version-history":[{"count":6,"href":"https:\/\/barrsell.com\/en\/wp-json\/wp\/v2\/product\/14978\/revisions"}],"predecessor-version":[{"id":18840,"href":"https:\/\/barrsell.com\/en\/wp-json\/wp\/v2\/product\/14978\/revisions\/18840"}],"wp:featuredmedia":[{"embeddable":true,"href":"https:\/\/barrsell.com\/en\/wp-json\/wp\/v2\/media\/14982"}],"wp:attachment":[{"href":"https:\/\/barrsell.com\/en\/wp-json\/wp\/v2\/media?parent=14978"}],"wp:term":[{"taxonomy":"product_cat","embeddable":true,"href":"https:\/\/barrsell.com\/en\/wp-json\/wp\/v2\/product_cat?post=14978"},{"taxonomy":"product_tag","embeddable":true,"href":"https:\/\/barrsell.com\/en\/wp-json\/wp\/v2\/product_tag?post=14978"}],"curies":[{"name":"wp","href":"https:\/\/api.w.org\/{rel}","templated":true}]}}