{"id":14972,"date":"2024-09-14T11:52:10","date_gmt":"2024-09-14T11:52:10","guid":{"rendered":"https:\/\/barrsell.com\/?post_type=product&#038;p=14972"},"modified":"2024-12-06T16:12:56","modified_gmt":"2024-12-06T16:12:56","slug":"sauna-kepcesi","status":"publish","type":"product","link":"https:\/\/barrsell.com\/en\/product\/sauna-ladle\/","title":{"rendered":"Sauna Bucket"},"content":{"rendered":"<h2>Sauna Bucket \u2013 Practical and Stylish Accessory with Wood or Metal Options<\/h2>\n<p>The sauna bucket is a practical accessory designed to make your sauna experience more comfortable and effective. This scoop, which helps you manage steam and water effectively, improves the hygiene and comfort of your sauna.<\/p>\n<div id=\"attachment_18841\" style=\"width: 310px\" class=\"wp-caption alignright\"><a href=\"https:\/\/barrsell.com\/wp-content\/uploads\/2024\/09\/sauna-kepcesi-5.webp\"><img fetchpriority=\"high\" decoding=\"async\" aria-describedby=\"caption-attachment-18841\" class=\"wp-image-18841 size-medium\" src=\"https:\/\/barrsell.com\/wp-content\/uploads\/2024\/09\/sauna-kepcesi-5-300x300.webp\" alt=\"\" width=\"300\" height=\"300\" srcset=\"https:\/\/barrsell.com\/wp-content\/uploads\/2024\/09\/sauna-kepcesi-5-300x300.webp 300w, https:\/\/barrsell.com\/wp-content\/uploads\/2024\/09\/sauna-kepcesi-5-150x150.webp 150w, https:\/\/barrsell.com\/wp-content\/uploads\/2024\/09\/sauna-kepcesi-5-768x768.webp 768w, https:\/\/barrsell.com\/wp-content\/uploads\/2024\/09\/sauna-kepcesi-5-12x12.webp 12w, https:\/\/barrsell.com\/wp-content\/uploads\/2024\/09\/sauna-kepcesi-5-600x600.webp 600w, https:\/\/barrsell.com\/wp-content\/uploads\/2024\/09\/sauna-kepcesi-5-50x50.webp 50w, https:\/\/barrsell.com\/wp-content\/uploads\/2024\/09\/sauna-kepcesi-5-100x100.webp 100w, https:\/\/barrsell.com\/wp-content\/uploads\/2024\/09\/sauna-kepcesi-5.webp 1024w\" sizes=\"(max-width: 300px) 100vw, 300px\" \/><\/a><p id=\"caption-attachment-18841\" class=\"wp-caption-text\">sauna kep\u00e7esi-ah\u015fap<\/p><\/div>\n<h4><strong>Material Options:<\/strong><\/h4>\n<ul>\n<li><strong>Ah\u015fap Kep\u00e7e:<\/strong> Y\u00fcksek kaliteli do\u011fal ah\u015fap (\u00e7am, me\u015fe veya sedir). Sauna ortam\u0131ndaki y\u00fcksek s\u0131cakl\u0131k ve nem ko\u015fullar\u0131na dayan\u0131r. Ayr\u0131ca bu ah\u015fap kep\u00e7eler, do\u011fal ve estetik bir g\u00f6r\u00fcn\u00fcm sunar.<\/li>\n<li class=\" translation-block\"><strong>Metal Bucket:<\/strong> Stainless steel or anodized aluminum. <em>Metal buckets<\/em> stand out for its durability and longevity. It is resistant to temperature changes and is easy to clean.<\/li>\n<\/ul>\n<h4><strong>Measurement Features:<\/strong><\/h4>\n<ul>\n<li class=\" translation-block\"><strong>Capacity:<\/strong> 500 ml \u2013 1 liter. It usually offers 500 ml to 1 liter capacity options, you can use it in different sizes according to your need.<\/li>\n<li class=\" translation-block\"><strong>Length:<\/strong> 30 cm \u2013 50 cm. The long handle design allows comfortable access to the interior of the sauna and protects the user from the effects of hot steam.<\/li>\n<\/ul>\n<div id=\"attachment_18842\" style=\"width: 310px\" class=\"wp-caption alignleft\"><a href=\"https:\/\/barrsell.com\/wp-content\/uploads\/2024\/09\/sauna-kepcesi-metal.jpg\"><img decoding=\"async\" aria-describedby=\"caption-attachment-18842\" class=\"size-medium wp-image-18842\" src=\"https:\/\/barrsell.com\/wp-content\/uploads\/2024\/09\/sauna-kepcesi-metal-300x291.jpg\" alt=\"\" width=\"300\" height=\"291\" srcset=\"https:\/\/barrsell.com\/wp-content\/uploads\/2024\/09\/sauna-kepcesi-metal-300x291.jpg 300w, https:\/\/barrsell.com\/wp-content\/uploads\/2024\/09\/sauna-kepcesi-metal-768x746.jpg 768w, https:\/\/barrsell.com\/wp-content\/uploads\/2024\/09\/sauna-kepcesi-metal-12x12.jpg 12w, https:\/\/barrsell.com\/wp-content\/uploads\/2024\/09\/sauna-kepcesi-metal-150x146.jpg 150w, https:\/\/barrsell.com\/wp-content\/uploads\/2024\/09\/sauna-kepcesi-metal-50x50.jpg 50w, https:\/\/barrsell.com\/wp-content\/uploads\/2024\/09\/sauna-kepcesi-metal.jpg 1000w\" sizes=\"(max-width: 300px) 100vw, 300px\" \/><\/a><p id=\"caption-attachment-18842\" class=\"wp-caption-text\">sauna scoop-metal<\/p><\/div>\n<h4><strong>Extra features:<\/strong><\/h4>\n<ul>\n<li class=\" translation-block\"><strong>Cleaning:<\/strong> <em>Metal buckets<\/em> have the ability to easily clean with high temperature water and detergents. In addition, Wood scoops should be wiped with a slightly damp cloth and lubricated regularly.<\/li>\n<li class=\" translation-block\"><strong>Esthetic Design:<\/strong> Wood and metal options adapt to the decoration of your sauna and offer a stylish look.<\/li>\n<\/ul>\n<h4><strong>Warranty and Package Contents:<\/strong><\/h4>\n<ul>\n<li class=\" translation-block\"><strong>Garanti:<\/strong> 1 year manufacturer warranty material and also provides protection against labor defects.<\/li>\n<li><strong>Package Content:<\/strong>\n<ul>\n<li>1 pcs (with wood or metal option)<\/li>\n<\/ul>\n<\/li>\n<\/ul>","protected":false},"excerpt":{"rendered":"<ul>\n<li><strong>Capacity:<\/strong> 500 ml \u2013 1 liter<\/li>\n<li><strong>Length<\/strong> 30 cm \u2013 50 cm<\/li>\n<\/ul>","protected":false},"featured_media":14973,"template":"","meta":[],"product_cat":[236],"product_tag":[],"class_list":{"0":"post-14972","1":"product","2":"type-product","3":"status-publish","4":"has-post-thumbnail","6":"product_cat-sauna-aksesuarlari","8":"first","9":"instock","10":"shipping-taxable","11":"purchasable","12":"product-type-variable"},"yoast_head":"<!-- This site is optimized with the Yoast SEO Premium plugin v23.2 (Yoast SEO v23.2) - https:\/\/yoast.com\/wordpress\/plugins\/seo\/ -->\n<title>Sauna Kep\u00e7esi | Barrsell End\u00fcstri<\/title>\n<meta name=\"description\" content=\"Sauna kep\u00e7esi, sauna deneyiminizi daha konforlu ve etkili hale getirmek i\u00e7in tasarlanm\u0131\u015f pratik bir aksesuard\u0131r. Buhar ve suyu y\u00f6netmenize yard\u0131mc\u0131 olur.\" \/>\n<meta name=\"robots\" content=\"index, follow, max-snippet:-1, max-image-preview:large, max-video-preview:-1\" \/>\n<link rel=\"canonical\" href=\"https:\/\/barrsell.com\/en\/product\/sauna-ladle\/\" \/>\n<meta property=\"og:locale\" content=\"en_US\" \/>\n<meta property=\"og:type\" content=\"article\" \/>\n<meta property=\"og:title\" content=\"Sauna Kep\u00e7esi\" \/>\n<meta property=\"og:description\" content=\"Sauna kep\u00e7esi, sauna deneyiminizi daha konforlu ve etkili hale getirmek i\u00e7in tasarlanm\u0131\u015f pratik bir aksesuard\u0131r. Buhar ve suyu y\u00f6netmenize yard\u0131mc\u0131 olur.\" \/>\n<meta property=\"og:url\" content=\"https:\/\/barrsell.com\/en\/product\/sauna-ladle\/\" \/>\n<meta property=\"og:site_name\" content=\"Barrsell\" \/>\n<meta property=\"article:modified_time\" content=\"2024-12-06T16:12:56+00:00\" \/>\n<meta property=\"og:image\" content=\"https:\/\/barrsell.com\/wp-content\/uploads\/2024\/09\/Sauna-kepcesi.jpg\" \/>\n\t<meta property=\"og:image:width\" content=\"333\" \/>\n\t<meta property=\"og:image:height\" content=\"327\" \/>\n\t<meta property=\"og:image:type\" content=\"image\/jpeg\" \/>\n<meta name=\"twitter:card\" content=\"summary_large_image\" \/>\n<meta name=\"twitter:label1\" content=\"Est. reading time\" \/>\n\t<meta name=\"twitter:data1\" content=\"2 minutes\" \/>\n<script type=\"application\/ld+json\" class=\"yoast-schema-graph\">{\"@context\":\"https:\/\/schema.org\",\"@graph\":[{\"@type\":\"WebPage\",\"@id\":\"https:\/\/barrsell.com\/urun\/sauna-kepcesi\/\",\"url\":\"https:\/\/barrsell.com\/urun\/sauna-kepcesi\/\",\"name\":\"Sauna Kep\u00e7esi | Barrsell End\u00fcstri\",\"isPartOf\":{\"@id\":\"https:\/\/barrsell.com\/#website\"},\"primaryImageOfPage\":{\"@id\":\"https:\/\/barrsell.com\/urun\/sauna-kepcesi\/#primaryimage\"},\"image\":{\"@id\":\"https:\/\/barrsell.com\/urun\/sauna-kepcesi\/#primaryimage\"},\"thumbnailUrl\":\"https:\/\/barrsell.com\/wp-content\/uploads\/2024\/09\/Sauna-kepcesi.jpg\",\"datePublished\":\"2024-09-14T11:52:10+00:00\",\"dateModified\":\"2024-12-06T16:12:56+00:00\",\"description\":\"Sauna kep\u00e7esi, sauna deneyiminizi daha konforlu ve etkili hale getirmek i\u00e7in tasarlanm\u0131\u015f pratik bir aksesuard\u0131r. Buhar ve suyu y\u00f6netmenize yard\u0131mc\u0131 olur.\",\"breadcrumb\":{\"@id\":\"https:\/\/barrsell.com\/urun\/sauna-kepcesi\/#breadcrumb\"},\"inLanguage\":\"en-US\",\"potentialAction\":[{\"@type\":\"ReadAction\",\"target\":[\"https:\/\/barrsell.com\/urun\/sauna-kepcesi\/\"]}]},{\"@type\":\"ImageObject\",\"inLanguage\":\"en-US\",\"@id\":\"https:\/\/barrsell.com\/urun\/sauna-kepcesi\/#primaryimage\",\"url\":\"https:\/\/barrsell.com\/wp-content\/uploads\/2024\/09\/Sauna-kepcesi.jpg\",\"contentUrl\":\"https:\/\/barrsell.com\/wp-content\/uploads\/2024\/09\/Sauna-kepcesi.jpg\",\"width\":333,\"height\":327,\"caption\":\"Sauna kep\u00e7esi\"},{\"@type\":\"BreadcrumbList\",\"@id\":\"https:\/\/barrsell.com\/urun\/sauna-kepcesi\/#breadcrumb\",\"itemListElement\":[{\"@type\":\"ListItem\",\"position\":1,\"name\":\"Home\",\"item\":\"https:\/\/barrsell.com\/\"},{\"@type\":\"ListItem\",\"position\":2,\"name\":\"\u00dcr\u00fcnler\",\"item\":\"https:\/\/barrsell.com\/en\/products\/\"},{\"@type\":\"ListItem\",\"position\":3,\"name\":\"Sauna Kep\u00e7esi\"}]},{\"@type\":\"WebSite\",\"@id\":\"https:\/\/barrsell.com\/#website\",\"url\":\"https:\/\/barrsell.com\/\",\"name\":\"Barrsell End\u00fcstri Makine\",\"description\":\"Teknolojiyle G\u00fc\u00e7lenen End\u00fcstriyel \u00c7\u00f6z\u00fcmler!\",\"potentialAction\":[{\"@type\":\"SearchAction\",\"target\":{\"@type\":\"EntryPoint\",\"urlTemplate\":\"https:\/\/barrsell.com\/?s={search_term_string}\"},\"query-input\":\"required name=search_term_string\"}],\"inLanguage\":\"en-US\"}]}<\/script>\n<!-- \/ Yoast SEO Premium plugin. -->","yoast_head_json":{"title":"Sauna Kep\u00e7esi | Barrsell End\u00fcstri","description":"Sauna kep\u00e7esi, sauna deneyiminizi daha konforlu ve etkili hale getirmek i\u00e7in tasarlanm\u0131\u015f pratik bir aksesuard\u0131r. Buhar ve suyu y\u00f6netmenize yard\u0131mc\u0131 olur.","robots":{"index":"index","follow":"follow","max-snippet":"max-snippet:-1","max-image-preview":"max-image-preview:large","max-video-preview":"max-video-preview:-1"},"canonical":"https:\/\/barrsell.com\/en\/product\/sauna-ladle\/","og_locale":"en_US","og_type":"article","og_title":"Sauna Kep\u00e7esi","og_description":"Sauna kep\u00e7esi, sauna deneyiminizi daha konforlu ve etkili hale getirmek i\u00e7in tasarlanm\u0131\u015f pratik bir aksesuard\u0131r. Buhar ve suyu y\u00f6netmenize yard\u0131mc\u0131 olur.","og_url":"https:\/\/barrsell.com\/en\/product\/sauna-ladle\/","og_site_name":"Barrsell","article_modified_time":"2024-12-06T16:12:56+00:00","og_image":[{"width":333,"height":327,"url":"https:\/\/barrsell.com\/wp-content\/uploads\/2024\/09\/Sauna-kepcesi.jpg","type":"image\/jpeg"}],"twitter_card":"summary_large_image","twitter_misc":{"Est. reading time":"2 minutes"},"schema":{"@context":"https:\/\/schema.org","@graph":[{"@type":"WebPage","@id":"https:\/\/barrsell.com\/urun\/sauna-kepcesi\/","url":"https:\/\/barrsell.com\/urun\/sauna-kepcesi\/","name":"Sauna Kep\u00e7esi | Barrsell End\u00fcstri","isPartOf":{"@id":"https:\/\/barrsell.com\/#website"},"primaryImageOfPage":{"@id":"https:\/\/barrsell.com\/urun\/sauna-kepcesi\/#primaryimage"},"image":{"@id":"https:\/\/barrsell.com\/urun\/sauna-kepcesi\/#primaryimage"},"thumbnailUrl":"https:\/\/barrsell.com\/wp-content\/uploads\/2024\/09\/Sauna-kepcesi.jpg","datePublished":"2024-09-14T11:52:10+00:00","dateModified":"2024-12-06T16:12:56+00:00","description":"Sauna kep\u00e7esi, sauna deneyiminizi daha konforlu ve etkili hale getirmek i\u00e7in tasarlanm\u0131\u015f pratik bir aksesuard\u0131r. Buhar ve suyu y\u00f6netmenize yard\u0131mc\u0131 olur.","breadcrumb":{"@id":"https:\/\/barrsell.com\/urun\/sauna-kepcesi\/#breadcrumb"},"inLanguage":"en-US","potentialAction":[{"@type":"ReadAction","target":["https:\/\/barrsell.com\/urun\/sauna-kepcesi\/"]}]},{"@type":"ImageObject","inLanguage":"en-US","@id":"https:\/\/barrsell.com\/urun\/sauna-kepcesi\/#primaryimage","url":"https:\/\/barrsell.com\/wp-content\/uploads\/2024\/09\/Sauna-kepcesi.jpg","contentUrl":"https:\/\/barrsell.com\/wp-content\/uploads\/2024\/09\/Sauna-kepcesi.jpg","width":333,"height":327,"caption":"Sauna kep\u00e7esi"},{"@type":"BreadcrumbList","@id":"https:\/\/barrsell.com\/urun\/sauna-kepcesi\/#breadcrumb","itemListElement":[{"@type":"ListItem","position":1,"name":"Home","item":"https:\/\/barrsell.com\/"},{"@type":"ListItem","position":2,"name":"\u00dcr\u00fcnler","item":"https:\/\/barrsell.com\/en\/products\/"},{"@type":"ListItem","position":3,"name":"Sauna Kep\u00e7esi"}]},{"@type":"WebSite","@id":"https:\/\/barrsell.com\/#website","url":"https:\/\/barrsell.com\/","name":"Barrsell End\u00fcstri Makine","description":"Teknolojiyle G\u00fc\u00e7lenen End\u00fcstriyel \u00c7\u00f6z\u00fcmler!","potentialAction":[{"@type":"SearchAction","target":{"@type":"EntryPoint","urlTemplate":"https:\/\/barrsell.com\/?s={search_term_string}"},"query-input":"required name=search_term_string"}],"inLanguage":"en-US"}]}},"_links":{"self":[{"href":"https:\/\/barrsell.com\/en\/wp-json\/wp\/v2\/product\/14972","targetHints":{"allow":["GET"]}}],"collection":[{"href":"https:\/\/barrsell.com\/en\/wp-json\/wp\/v2\/product"}],"about":[{"href":"https:\/\/barrsell.com\/en\/wp-json\/wp\/v2\/types\/product"}],"version-history":[{"count":6,"href":"https:\/\/barrsell.com\/en\/wp-json\/wp\/v2\/product\/14972\/revisions"}],"predecessor-version":[{"id":18847,"href":"https:\/\/barrsell.com\/en\/wp-json\/wp\/v2\/product\/14972\/revisions\/18847"}],"wp:featuredmedia":[{"embeddable":true,"href":"https:\/\/barrsell.com\/en\/wp-json\/wp\/v2\/media\/14973"}],"wp:attachment":[{"href":"https:\/\/barrsell.com\/en\/wp-json\/wp\/v2\/media?parent=14972"}],"wp:term":[{"taxonomy":"product_cat","embeddable":true,"href":"https:\/\/barrsell.com\/en\/wp-json\/wp\/v2\/product_cat?post=14972"},{"taxonomy":"product_tag","embeddable":true,"href":"https:\/\/barrsell.com\/en\/wp-json\/wp\/v2\/product_tag?post=14972"}],"curies":[{"name":"wp","href":"https:\/\/api.w.org\/{rel}","templated":true}]}}