{"id":14967,"date":"2024-09-14T11:42:14","date_gmt":"2024-09-14T11:42:14","guid":{"rendered":"https:\/\/barrsell.com\/?post_type=product&#038;p=14967"},"modified":"2024-12-06T16:29:20","modified_gmt":"2024-12-06T16:29:20","slug":"sauna-ahsap-saat","status":"publish","type":"product","link":"https:\/\/barrsell.com\/en\/product\/sauna-wooden-clock\/","title":{"rendered":"Sauna Wooden Clock"},"content":{"rendered":"<div id=\"attachment_18850\" style=\"width: 300px\" class=\"wp-caption alignright\"><a href=\"https:\/\/barrsell.com\/wp-content\/uploads\/2024\/09\/Sauna-Ahsap-Saat-2.jpg\"><img fetchpriority=\"high\" decoding=\"async\" aria-describedby=\"caption-attachment-18850\" class=\"size-medium wp-image-18850\" src=\"https:\/\/barrsell.com\/wp-content\/uploads\/2024\/09\/Sauna-Ahsap-Saat-2-290x300.jpg\" alt=\"\" width=\"290\" height=\"300\" srcset=\"https:\/\/barrsell.com\/wp-content\/uploads\/2024\/09\/Sauna-Ahsap-Saat-2-290x300.jpg 290w, https:\/\/barrsell.com\/wp-content\/uploads\/2024\/09\/Sauna-Ahsap-Saat-2-768x796.jpg 768w, https:\/\/barrsell.com\/wp-content\/uploads\/2024\/09\/Sauna-Ahsap-Saat-2-12x12.jpg 12w, https:\/\/barrsell.com\/wp-content\/uploads\/2024\/09\/Sauna-Ahsap-Saat-2-150x155.jpg 150w, https:\/\/barrsell.com\/wp-content\/uploads\/2024\/09\/Sauna-Ahsap-Saat-2.jpg 965w\" sizes=\"(max-width: 290px) 100vw, 290px\" \/><\/a><p id=\"caption-attachment-18850\" class=\"wp-caption-text\">Sauna Ah\u015fap Saat-2<\/p><\/div>\n<h2>Sauna Wooden Clock<\/h2>\n<p class=\" translation-block\">Specially designed to increase both elegance and functionality in your spa areas. <em>Sauna Wooden Clock  wood material and aesthetic design, it perfectly complements the decor of your sauna and facilitates time management.<\/p>\n<h4><strong>Material:<\/strong><\/h4>\n<ul>\n<li class=\" translation-block\"><strong>Case:<\/strong> High quality, natural wood (such as pine, oak or cedar).\u00a0It is also processed to withstand high temperature and humidity conditions in the sauna environment.<\/li>\n<li class=\" translation-block\"><strong>Cam:<\/strong> Transparent and durable glass maintains the mechanism of the watch and makes the time appear clearly.<\/li>\n<li class=\" translation-block\"><strong>Process:<\/strong> The wooden surface is covered with water-based, eco-friendly varnish, which improves both aesthetics and durability.<\/li>\n<\/ul>\n<h4><strong>Measurement Features:<\/strong><\/h4>\n<ul>\n<li class=\" translation-block\"><strong>Time Range:<\/strong> Analog clock mechanism offers 12-hour or 24-hour format options.<\/li>\n<li class=\" translation-block\"><strong>Accuracy:<\/strong> Provides high-precision quartz mechanism and accurate time measurement at the same time.<\/li>\n<li class=\" translation-block\"><strong>Marking:<\/strong> Clock slices with net and read figures provide easy readability.<\/li>\n<\/ul>\n<div id=\"attachment_18852\" style=\"width: 310px\" class=\"wp-caption alignright\"><a href=\"https:\/\/barrsell.com\/wp-content\/uploads\/2024\/09\/Sauna-Ahsap-Saat-3.jpg\"><img decoding=\"async\" aria-describedby=\"caption-attachment-18852\" class=\"size-medium wp-image-18852\" src=\"https:\/\/barrsell.com\/wp-content\/uploads\/2024\/09\/Sauna-Ahsap-Saat-3-300x300.jpg\" alt=\"\" width=\"300\" height=\"300\" srcset=\"https:\/\/barrsell.com\/wp-content\/uploads\/2024\/09\/Sauna-Ahsap-Saat-3-300x300.jpg 300w, https:\/\/barrsell.com\/wp-content\/uploads\/2024\/09\/Sauna-Ahsap-Saat-3-150x150.jpg 150w, https:\/\/barrsell.com\/wp-content\/uploads\/2024\/09\/Sauna-Ahsap-Saat-3-768x768.jpg 768w, https:\/\/barrsell.com\/wp-content\/uploads\/2024\/09\/Sauna-Ahsap-Saat-3-12x12.jpg 12w, https:\/\/barrsell.com\/wp-content\/uploads\/2024\/09\/Sauna-Ahsap-Saat-3-600x600.jpg 600w, https:\/\/barrsell.com\/wp-content\/uploads\/2024\/09\/Sauna-Ahsap-Saat-3-50x50.jpg 50w, https:\/\/barrsell.com\/wp-content\/uploads\/2024\/09\/Sauna-Ahsap-Saat-3-100x100.jpg 100w, https:\/\/barrsell.com\/wp-content\/uploads\/2024\/09\/Sauna-Ahsap-Saat-3.jpg 1001w\" sizes=\"(max-width: 300px) 100vw, 300px\" \/><\/a><p id=\"caption-attachment-18852\" class=\"wp-caption-text\">sauna wooden clock-4<\/p><\/div>\n<h4><strong>Design &amp; Functionality:<\/strong><\/h4>\n<ul>\n<li class=\" translation-block\"><strong>Shape:<\/strong> Modern and elegant design adapts to the interior with a variety of wood veneer options.<\/li>\n<li class=\" translation-block\"><strong>Cadran:<\/strong> Large and easy-to-read dial clearly shows time zones, as well as minute markers.<\/li>\n<li class=\" translation-block\"><strong>Montage:<\/strong> Suitable hanging apparatus or free placement option for wall mounting. The product comes with mounting accessories.<\/li>\n<\/ul>\n<h4><strong>Warranty and Package Contents:<\/strong><\/h4>\n<ul>\n<li class=\" translation-block\"><strong>Garanti:<\/strong> 2 years manufacturer warranty protects against defects in materials and workmanship.<\/li>\n<li><strong>Package Content:<\/strong>\n<ul>\n<li>1 wooden clock<\/li>\n<li>Instructions for use<\/li>\n<li>Mounting accessories (if available)<\/li>\n<\/ul>\n<\/li>\n<\/ul>","protected":false},"excerpt":{"rendered":"<p><strong>Package Content:<\/strong><\/p>\n<ul>\n<li>1 sauna wooden clock<\/li>\n<li>Instructions for use<\/li>\n<li>Mounting accessories<\/li>\n<\/ul>","protected":false},"featured_media":14968,"template":"","meta":[],"product_cat":[236],"product_tag":[],"class_list":{"0":"post-14967","1":"product","2":"type-product","3":"status-publish","4":"has-post-thumbnail","6":"product_cat-sauna-aksesuarlari","8":"first","9":"instock","10":"shipping-taxable","11":"product-type-external"},"yoast_head":"<!-- This site is optimized with the Yoast SEO Premium plugin v23.2 (Yoast SEO v23.2) - https:\/\/yoast.com\/wordpress\/plugins\/seo\/ -->\n<title>Sauna Ah\u015fap Saat | Barrsell End\u00fcstri<\/title>\n<meta name=\"description\" content=\"Sauna ah\u015fap saat, sauna alanlar\u0131n\u0131zda hem \u015f\u0131kl\u0131\u011f\u0131 hem de i\u015flevselli\u011fi art\u0131rmak i\u00e7in \u00f6zel olarak tasarlanm\u0131\u015f bir zamanlay\u0131c\u0131d\u0131r.\" \/>\n<meta name=\"robots\" content=\"index, follow, max-snippet:-1, max-image-preview:large, max-video-preview:-1\" \/>\n<link rel=\"canonical\" href=\"https:\/\/barrsell.com\/en\/product\/sauna-wooden-clock\/\" \/>\n<meta property=\"og:locale\" content=\"en_US\" \/>\n<meta property=\"og:type\" content=\"article\" \/>\n<meta property=\"og:title\" content=\"Sauna Ah\u015fap Saat\" \/>\n<meta property=\"og:description\" content=\"Sauna ah\u015fap saat, sauna alanlar\u0131n\u0131zda hem \u015f\u0131kl\u0131\u011f\u0131 hem de i\u015flevselli\u011fi art\u0131rmak i\u00e7in \u00f6zel olarak tasarlanm\u0131\u015f bir zamanlay\u0131c\u0131d\u0131r.\" \/>\n<meta property=\"og:url\" content=\"https:\/\/barrsell.com\/en\/product\/sauna-wooden-clock\/\" \/>\n<meta property=\"og:site_name\" content=\"Barrsell\" \/>\n<meta property=\"article:modified_time\" content=\"2024-12-06T16:29:20+00:00\" \/>\n<meta property=\"og:image\" content=\"https:\/\/barrsell.com\/wp-content\/uploads\/2024\/09\/Sauna-Ahsap-Saat.png\" \/>\n\t<meta property=\"og:image:width\" content=\"1200\" \/>\n\t<meta property=\"og:image:height\" content=\"1200\" \/>\n\t<meta property=\"og:image:type\" content=\"image\/png\" \/>\n<meta name=\"twitter:card\" content=\"summary_large_image\" \/>\n<meta name=\"twitter:label1\" content=\"Est. reading time\" \/>\n\t<meta name=\"twitter:data1\" content=\"2 minutes\" \/>\n<script type=\"application\/ld+json\" class=\"yoast-schema-graph\">{\"@context\":\"https:\/\/schema.org\",\"@graph\":[{\"@type\":\"WebPage\",\"@id\":\"https:\/\/barrsell.com\/urun\/sauna-ahsap-saat\/\",\"url\":\"https:\/\/barrsell.com\/urun\/sauna-ahsap-saat\/\",\"name\":\"Sauna Ah\u015fap Saat | Barrsell End\u00fcstri\",\"isPartOf\":{\"@id\":\"https:\/\/barrsell.com\/#website\"},\"primaryImageOfPage\":{\"@id\":\"https:\/\/barrsell.com\/urun\/sauna-ahsap-saat\/#primaryimage\"},\"image\":{\"@id\":\"https:\/\/barrsell.com\/urun\/sauna-ahsap-saat\/#primaryimage\"},\"thumbnailUrl\":\"https:\/\/barrsell.com\/wp-content\/uploads\/2024\/09\/Sauna-Ahsap-Saat.png\",\"datePublished\":\"2024-09-14T11:42:14+00:00\",\"dateModified\":\"2024-12-06T16:29:20+00:00\",\"description\":\"Sauna ah\u015fap saat, sauna alanlar\u0131n\u0131zda hem \u015f\u0131kl\u0131\u011f\u0131 hem de i\u015flevselli\u011fi art\u0131rmak i\u00e7in \u00f6zel olarak tasarlanm\u0131\u015f bir zamanlay\u0131c\u0131d\u0131r.\",\"breadcrumb\":{\"@id\":\"https:\/\/barrsell.com\/urun\/sauna-ahsap-saat\/#breadcrumb\"},\"inLanguage\":\"en-US\",\"potentialAction\":[{\"@type\":\"ReadAction\",\"target\":[\"https:\/\/barrsell.com\/urun\/sauna-ahsap-saat\/\"]}]},{\"@type\":\"ImageObject\",\"inLanguage\":\"en-US\",\"@id\":\"https:\/\/barrsell.com\/urun\/sauna-ahsap-saat\/#primaryimage\",\"url\":\"https:\/\/barrsell.com\/wp-content\/uploads\/2024\/09\/Sauna-Ahsap-Saat.png\",\"contentUrl\":\"https:\/\/barrsell.com\/wp-content\/uploads\/2024\/09\/Sauna-Ahsap-Saat.png\",\"width\":1200,\"height\":1200,\"caption\":\"Sauna Ah\u015fap Saat\"},{\"@type\":\"BreadcrumbList\",\"@id\":\"https:\/\/barrsell.com\/urun\/sauna-ahsap-saat\/#breadcrumb\",\"itemListElement\":[{\"@type\":\"ListItem\",\"position\":1,\"name\":\"Home\",\"item\":\"https:\/\/barrsell.com\/\"},{\"@type\":\"ListItem\",\"position\":2,\"name\":\"\u00dcr\u00fcnler\",\"item\":\"https:\/\/barrsell.com\/en\/products\/\"},{\"@type\":\"ListItem\",\"position\":3,\"name\":\"Sauna Ah\u015fap Saat\"}]},{\"@type\":\"WebSite\",\"@id\":\"https:\/\/barrsell.com\/#website\",\"url\":\"https:\/\/barrsell.com\/\",\"name\":\"Barrsell End\u00fcstri Makine\",\"description\":\"Teknolojiyle G\u00fc\u00e7lenen End\u00fcstriyel \u00c7\u00f6z\u00fcmler!\",\"potentialAction\":[{\"@type\":\"SearchAction\",\"target\":{\"@type\":\"EntryPoint\",\"urlTemplate\":\"https:\/\/barrsell.com\/?s={search_term_string}\"},\"query-input\":\"required name=search_term_string\"}],\"inLanguage\":\"en-US\"}]}<\/script>\n<!-- \/ Yoast SEO Premium plugin. -->","yoast_head_json":{"title":"Sauna Ah\u015fap Saat | Barrsell End\u00fcstri","description":"Sauna ah\u015fap saat, sauna alanlar\u0131n\u0131zda hem \u015f\u0131kl\u0131\u011f\u0131 hem de i\u015flevselli\u011fi art\u0131rmak i\u00e7in \u00f6zel olarak tasarlanm\u0131\u015f bir zamanlay\u0131c\u0131d\u0131r.","robots":{"index":"index","follow":"follow","max-snippet":"max-snippet:-1","max-image-preview":"max-image-preview:large","max-video-preview":"max-video-preview:-1"},"canonical":"https:\/\/barrsell.com\/en\/product\/sauna-wooden-clock\/","og_locale":"en_US","og_type":"article","og_title":"Sauna Ah\u015fap Saat","og_description":"Sauna ah\u015fap saat, sauna alanlar\u0131n\u0131zda hem \u015f\u0131kl\u0131\u011f\u0131 hem de i\u015flevselli\u011fi art\u0131rmak i\u00e7in \u00f6zel olarak tasarlanm\u0131\u015f bir zamanlay\u0131c\u0131d\u0131r.","og_url":"https:\/\/barrsell.com\/en\/product\/sauna-wooden-clock\/","og_site_name":"Barrsell","article_modified_time":"2024-12-06T16:29:20+00:00","og_image":[{"width":1200,"height":1200,"url":"https:\/\/barrsell.com\/wp-content\/uploads\/2024\/09\/Sauna-Ahsap-Saat.png","type":"image\/png"}],"twitter_card":"summary_large_image","twitter_misc":{"Est. reading time":"2 minutes"},"schema":{"@context":"https:\/\/schema.org","@graph":[{"@type":"WebPage","@id":"https:\/\/barrsell.com\/urun\/sauna-ahsap-saat\/","url":"https:\/\/barrsell.com\/urun\/sauna-ahsap-saat\/","name":"Sauna Ah\u015fap Saat | Barrsell End\u00fcstri","isPartOf":{"@id":"https:\/\/barrsell.com\/#website"},"primaryImageOfPage":{"@id":"https:\/\/barrsell.com\/urun\/sauna-ahsap-saat\/#primaryimage"},"image":{"@id":"https:\/\/barrsell.com\/urun\/sauna-ahsap-saat\/#primaryimage"},"thumbnailUrl":"https:\/\/barrsell.com\/wp-content\/uploads\/2024\/09\/Sauna-Ahsap-Saat.png","datePublished":"2024-09-14T11:42:14+00:00","dateModified":"2024-12-06T16:29:20+00:00","description":"Sauna ah\u015fap saat, sauna alanlar\u0131n\u0131zda hem \u015f\u0131kl\u0131\u011f\u0131 hem de i\u015flevselli\u011fi art\u0131rmak i\u00e7in \u00f6zel olarak tasarlanm\u0131\u015f bir zamanlay\u0131c\u0131d\u0131r.","breadcrumb":{"@id":"https:\/\/barrsell.com\/urun\/sauna-ahsap-saat\/#breadcrumb"},"inLanguage":"en-US","potentialAction":[{"@type":"ReadAction","target":["https:\/\/barrsell.com\/urun\/sauna-ahsap-saat\/"]}]},{"@type":"ImageObject","inLanguage":"en-US","@id":"https:\/\/barrsell.com\/urun\/sauna-ahsap-saat\/#primaryimage","url":"https:\/\/barrsell.com\/wp-content\/uploads\/2024\/09\/Sauna-Ahsap-Saat.png","contentUrl":"https:\/\/barrsell.com\/wp-content\/uploads\/2024\/09\/Sauna-Ahsap-Saat.png","width":1200,"height":1200,"caption":"Sauna Ah\u015fap Saat"},{"@type":"BreadcrumbList","@id":"https:\/\/barrsell.com\/urun\/sauna-ahsap-saat\/#breadcrumb","itemListElement":[{"@type":"ListItem","position":1,"name":"Home","item":"https:\/\/barrsell.com\/"},{"@type":"ListItem","position":2,"name":"\u00dcr\u00fcnler","item":"https:\/\/barrsell.com\/en\/products\/"},{"@type":"ListItem","position":3,"name":"Sauna Ah\u015fap Saat"}]},{"@type":"WebSite","@id":"https:\/\/barrsell.com\/#website","url":"https:\/\/barrsell.com\/","name":"Barrsell End\u00fcstri Makine","description":"Teknolojiyle G\u00fc\u00e7lenen End\u00fcstriyel \u00c7\u00f6z\u00fcmler!","potentialAction":[{"@type":"SearchAction","target":{"@type":"EntryPoint","urlTemplate":"https:\/\/barrsell.com\/?s={search_term_string}"},"query-input":"required name=search_term_string"}],"inLanguage":"en-US"}]}},"_links":{"self":[{"href":"https:\/\/barrsell.com\/en\/wp-json\/wp\/v2\/product\/14967","targetHints":{"allow":["GET"]}}],"collection":[{"href":"https:\/\/barrsell.com\/en\/wp-json\/wp\/v2\/product"}],"about":[{"href":"https:\/\/barrsell.com\/en\/wp-json\/wp\/v2\/types\/product"}],"version-history":[{"count":6,"href":"https:\/\/barrsell.com\/en\/wp-json\/wp\/v2\/product\/14967\/revisions"}],"predecessor-version":[{"id":18856,"href":"https:\/\/barrsell.com\/en\/wp-json\/wp\/v2\/product\/14967\/revisions\/18856"}],"wp:featuredmedia":[{"embeddable":true,"href":"https:\/\/barrsell.com\/en\/wp-json\/wp\/v2\/media\/14968"}],"wp:attachment":[{"href":"https:\/\/barrsell.com\/en\/wp-json\/wp\/v2\/media?parent=14967"}],"wp:term":[{"taxonomy":"product_cat","embeddable":true,"href":"https:\/\/barrsell.com\/en\/wp-json\/wp\/v2\/product_cat?post=14967"},{"taxonomy":"product_tag","embeddable":true,"href":"https:\/\/barrsell.com\/en\/wp-json\/wp\/v2\/product_tag?post=14967"}],"curies":[{"name":"wp","href":"https:\/\/api.w.org\/{rel}","templated":true}]}}