{"id":14962,"date":"2024-09-14T11:36:00","date_gmt":"2024-09-14T11:36:00","guid":{"rendered":"https:\/\/barrsell.com\/?post_type=product&#038;p=14962"},"modified":"2024-12-06T17:12:02","modified_gmt":"2024-12-06T17:12:02","slug":"sauna-kum-saati","status":"publish","type":"product","link":"https:\/\/barrsell.com\/en\/product\/sauna-hourglass\/","title":{"rendered":"Sauna Sand Clock"},"content":{"rendered":"<h2>Sauna Sand Clock \u2013 60 Minute Timer<\/h2>\n<p class=\" translation-block\"><strong>Product Description:<\/strong> Sauna hourglass is an ideal tool to accurately schedule your sauna sessions. It is also specially designed to perfect your sauna experience with its aesthetic and functional design. It allows you to make your time measurement precisely and stylishly.<\/p>\n<div id=\"attachment_18860\" style=\"width: 345px\" class=\"wp-caption alignright\"><a href=\"https:\/\/barrsell.com\/wp-content\/uploads\/2024\/09\/sauna-kum-saati-3-1.jpg\"><img fetchpriority=\"high\" decoding=\"async\" aria-describedby=\"caption-attachment-18860\" class=\"wp-image-18860 size-full\" src=\"https:\/\/barrsell.com\/wp-content\/uploads\/2024\/09\/sauna-kum-saati-3-1.jpg\" alt=\"\" width=\"335\" height=\"262\" srcset=\"https:\/\/barrsell.com\/wp-content\/uploads\/2024\/09\/sauna-kum-saati-3-1.jpg 335w, https:\/\/barrsell.com\/wp-content\/uploads\/2024\/09\/sauna-kum-saati-3-1-300x235.jpg 300w, https:\/\/barrsell.com\/wp-content\/uploads\/2024\/09\/sauna-kum-saati-3-1-15x12.jpg 15w, https:\/\/barrsell.com\/wp-content\/uploads\/2024\/09\/sauna-kum-saati-3-1-150x117.jpg 150w\" sizes=\"(max-width: 335px) 100vw, 335px\" \/><\/a><p id=\"caption-attachment-18860\" class=\"wp-caption-text\">sauna hour-3 (1)<\/p><\/div>\n<h4><strong>Material:<\/strong><\/h4>\n<ul>\n<li class=\" translation-block\"><strong>Case:<\/strong> High quality wood (such as pine or oak) or durable plastic. In addition, the wooden case gives a natural and aesthetic appearance to the sauna environment.<\/li>\n<li class=\" translation-block\"><strong>Glass:<\/strong> Good quality, transparent glass cover makes the sand appear clearly, and also has a long life.<\/li>\n<li class=\" translation-block\"><strong>Sand:<\/strong> Specially treated sand for precise time measurement.<\/li>\n<\/ul>\n<h4><strong>Sauna Clock Measurement Features:<\/strong><\/h4>\n<ul>\n<li class=\" translation-block\"><strong>Time Range:<\/strong> 60 minutes (1 hour).<\/li>\n<li class=\" translation-block\"><strong>Accuracy:<\/strong> \u00b11 minutes, provides accurate time measurement.<\/li>\n<li class=\" translation-block\"><strong>Sand Color:<\/strong> Various color options are available (white, brown, gray, etc.)<\/li>\n<\/ul>\n<h4><strong>Design &amp; Functionality:<\/strong><\/h4>\n<ul>\n<li class=\" translation-block\"><strong>Shape:<\/strong> The rectangular or round case design offers an aesthetic appearance, compatible with other accessories in the sauna.<\/li>\n<li class=\" translation-block\"><strong>Easy to use:<\/strong> hourglass,works with a simple and understandable mechanism, extremely easy to operate.<\/li>\n<li class=\" translation-block\"><strong>Montage:<\/strong> You can mount it on the wall or place it freely. Comes with mounting accessories.<\/li>\n<\/ul>\n<p><a href=\"https:\/\/barrsell.com\/wp-content\/uploads\/2024\/09\/Sauna-Kum-saati.png\"><img decoding=\"async\" class=\"size-medium wp-image-14963 alignright\" src=\"https:\/\/barrsell.com\/wp-content\/uploads\/2024\/09\/Sauna-Kum-saati-300x300.png\" alt=\"Sauna Kum saati\" width=\"300\" height=\"300\" srcset=\"https:\/\/barrsell.com\/wp-content\/uploads\/2024\/09\/Sauna-Kum-saati-300x300.png 300w, https:\/\/barrsell.com\/wp-content\/uploads\/2024\/09\/Sauna-Kum-saati-1024x1024.png 1024w, https:\/\/barrsell.com\/wp-content\/uploads\/2024\/09\/Sauna-Kum-saati-150x150.png 150w, https:\/\/barrsell.com\/wp-content\/uploads\/2024\/09\/Sauna-Kum-saati-768x768.png 768w, https:\/\/barrsell.com\/wp-content\/uploads\/2024\/09\/Sauna-Kum-saati-12x12.png 12w, https:\/\/barrsell.com\/wp-content\/uploads\/2024\/09\/Sauna-Kum-saati-600x600.png 600w, https:\/\/barrsell.com\/wp-content\/uploads\/2024\/09\/Sauna-Kum-saati-50x50.png 50w, https:\/\/barrsell.com\/wp-content\/uploads\/2024\/09\/Sauna-Kum-saati-100x100.png 100w, https:\/\/barrsell.com\/wp-content\/uploads\/2024\/09\/Sauna-Kum-saati-64x64.png 64w, https:\/\/barrsell.com\/wp-content\/uploads\/2024\/09\/Sauna-Kum-saati.png 1200w\" sizes=\"(max-width: 300px) 100vw, 300px\" \/><\/a><\/p>\n<h4>Extra features:<\/h4>\n<ul>\n<li class=\" translation-block\"><strong>Esthetic Design:<\/strong> The hourglass provides a stylish look with options of natural wood or modern plastic materials. In particular, it makes an aesthetic contribution to your sauna decor.<\/li>\n<li class=\" translation-block\"><strong>Easy Visibility:<\/strong> Designed so that you can easily see the flow and time of sand.<\/li>\n<\/ul>\n<h4><strong>Warranty and Package Contents:<\/strong><\/h4>\n<ul>\n<li class=\" translation-block\"><strong>Warranty:<\/strong> provides 1 year manufacturer warranty, material and also protection against labor defects.<\/li>\n<li><strong>Package Content:<\/strong>\n<ul>\n<li>1 sauna hourglass<\/li>\n<li>Instructions for use<\/li>\n<li>Mounting accessories (if available)<\/li>\n<\/ul>\n<\/li>\n<\/ul>","protected":false},"excerpt":{"rendered":"<p>Sauna Kum Saati \u2013 60 Dakika Zamanlay\u0131c\u0131 \u00dcr\u00fcn Tan\u0131m\u0131: Sauna kum saati, sauna seanslar\u0131n\u0131z\u0131 do\u011fru bir \u015fekilde zamanlamak i\u00e7in ideal<\/p>","protected":false},"featured_media":14963,"template":"","meta":[],"product_cat":[236],"product_tag":[],"class_list":{"0":"post-14962","1":"product","2":"type-product","3":"status-publish","4":"has-post-thumbnail","6":"product_cat-sauna-aksesuarlari","8":"first","9":"instock","10":"shipping-taxable","11":"product-type-external"},"yoast_head":"<!-- This site is optimized with the Yoast SEO Premium plugin v23.2 (Yoast SEO v23.2) - https:\/\/yoast.com\/wordpress\/plugins\/seo\/ -->\n<title>Sauna Kum Saati | Barrsell End\u00fcstri<\/title>\n<meta name=\"description\" content=\"Sauna kum saati, sauna seanslar\u0131n\u0131z\u0131 do\u011fru bir \u015fekilde zamanlamak i\u00e7in ideal bir ara\u00e7t\u0131r. Estetik ve i\u015flevsel tasar\u0131m\u0131 ile \u00f6n plandad\u0131r.\" \/>\n<meta name=\"robots\" content=\"index, follow, max-snippet:-1, max-image-preview:large, max-video-preview:-1\" \/>\n<link rel=\"canonical\" href=\"https:\/\/barrsell.com\/en\/product\/sauna-hourglass\/\" \/>\n<meta property=\"og:locale\" content=\"en_US\" \/>\n<meta property=\"og:type\" content=\"article\" \/>\n<meta property=\"og:title\" content=\"Sauna Kum Saati\" \/>\n<meta property=\"og:description\" content=\"Sauna kum saati, sauna seanslar\u0131n\u0131z\u0131 do\u011fru bir \u015fekilde zamanlamak i\u00e7in ideal bir ara\u00e7t\u0131r. Estetik ve i\u015flevsel tasar\u0131m\u0131 ile \u00f6n plandad\u0131r.\" \/>\n<meta property=\"og:url\" content=\"https:\/\/barrsell.com\/en\/product\/sauna-hourglass\/\" \/>\n<meta property=\"og:site_name\" content=\"Barrsell\" \/>\n<meta property=\"article:modified_time\" content=\"2024-12-06T17:12:02+00:00\" \/>\n<meta property=\"og:image\" content=\"https:\/\/barrsell.com\/wp-content\/uploads\/2024\/09\/Sauna-Kum-saati.png\" \/>\n\t<meta property=\"og:image:width\" content=\"1200\" \/>\n\t<meta property=\"og:image:height\" content=\"1200\" \/>\n\t<meta property=\"og:image:type\" content=\"image\/png\" \/>\n<meta name=\"twitter:card\" content=\"summary_large_image\" \/>\n<meta name=\"twitter:label1\" content=\"Est. reading time\" \/>\n\t<meta name=\"twitter:data1\" content=\"3 minutes\" \/>\n<script type=\"application\/ld+json\" class=\"yoast-schema-graph\">{\"@context\":\"https:\/\/schema.org\",\"@graph\":[{\"@type\":\"WebPage\",\"@id\":\"https:\/\/barrsell.com\/urun\/sauna-kum-saati\/\",\"url\":\"https:\/\/barrsell.com\/urun\/sauna-kum-saati\/\",\"name\":\"Sauna Kum Saati | Barrsell End\u00fcstri\",\"isPartOf\":{\"@id\":\"https:\/\/barrsell.com\/#website\"},\"primaryImageOfPage\":{\"@id\":\"https:\/\/barrsell.com\/urun\/sauna-kum-saati\/#primaryimage\"},\"image\":{\"@id\":\"https:\/\/barrsell.com\/urun\/sauna-kum-saati\/#primaryimage\"},\"thumbnailUrl\":\"https:\/\/barrsell.com\/wp-content\/uploads\/2024\/09\/Sauna-Kum-saati.png\",\"datePublished\":\"2024-09-14T11:36:00+00:00\",\"dateModified\":\"2024-12-06T17:12:02+00:00\",\"description\":\"Sauna kum saati, sauna seanslar\u0131n\u0131z\u0131 do\u011fru bir \u015fekilde zamanlamak i\u00e7in ideal bir ara\u00e7t\u0131r. Estetik ve i\u015flevsel tasar\u0131m\u0131 ile \u00f6n plandad\u0131r.\",\"breadcrumb\":{\"@id\":\"https:\/\/barrsell.com\/urun\/sauna-kum-saati\/#breadcrumb\"},\"inLanguage\":\"en-US\",\"potentialAction\":[{\"@type\":\"ReadAction\",\"target\":[\"https:\/\/barrsell.com\/urun\/sauna-kum-saati\/\"]}]},{\"@type\":\"ImageObject\",\"inLanguage\":\"en-US\",\"@id\":\"https:\/\/barrsell.com\/urun\/sauna-kum-saati\/#primaryimage\",\"url\":\"https:\/\/barrsell.com\/wp-content\/uploads\/2024\/09\/Sauna-Kum-saati.png\",\"contentUrl\":\"https:\/\/barrsell.com\/wp-content\/uploads\/2024\/09\/Sauna-Kum-saati.png\",\"width\":1200,\"height\":1200,\"caption\":\"Sauna Kum saati\"},{\"@type\":\"BreadcrumbList\",\"@id\":\"https:\/\/barrsell.com\/urun\/sauna-kum-saati\/#breadcrumb\",\"itemListElement\":[{\"@type\":\"ListItem\",\"position\":1,\"name\":\"Home\",\"item\":\"https:\/\/barrsell.com\/\"},{\"@type\":\"ListItem\",\"position\":2,\"name\":\"\u00dcr\u00fcnler\",\"item\":\"https:\/\/barrsell.com\/en\/products\/\"},{\"@type\":\"ListItem\",\"position\":3,\"name\":\"Sauna Kum Saati\"}]},{\"@type\":\"WebSite\",\"@id\":\"https:\/\/barrsell.com\/#website\",\"url\":\"https:\/\/barrsell.com\/\",\"name\":\"Barrsell End\u00fcstri Makine\",\"description\":\"Teknolojiyle G\u00fc\u00e7lenen End\u00fcstriyel \u00c7\u00f6z\u00fcmler!\",\"potentialAction\":[{\"@type\":\"SearchAction\",\"target\":{\"@type\":\"EntryPoint\",\"urlTemplate\":\"https:\/\/barrsell.com\/?s={search_term_string}\"},\"query-input\":\"required name=search_term_string\"}],\"inLanguage\":\"en-US\"}]}<\/script>\n<!-- \/ Yoast SEO Premium plugin. -->","yoast_head_json":{"title":"Sauna Kum Saati | Barrsell End\u00fcstri","description":"Sauna kum saati, sauna seanslar\u0131n\u0131z\u0131 do\u011fru bir \u015fekilde zamanlamak i\u00e7in ideal bir ara\u00e7t\u0131r. Estetik ve i\u015flevsel tasar\u0131m\u0131 ile \u00f6n plandad\u0131r.","robots":{"index":"index","follow":"follow","max-snippet":"max-snippet:-1","max-image-preview":"max-image-preview:large","max-video-preview":"max-video-preview:-1"},"canonical":"https:\/\/barrsell.com\/en\/product\/sauna-hourglass\/","og_locale":"en_US","og_type":"article","og_title":"Sauna Kum Saati","og_description":"Sauna kum saati, sauna seanslar\u0131n\u0131z\u0131 do\u011fru bir \u015fekilde zamanlamak i\u00e7in ideal bir ara\u00e7t\u0131r. Estetik ve i\u015flevsel tasar\u0131m\u0131 ile \u00f6n plandad\u0131r.","og_url":"https:\/\/barrsell.com\/en\/product\/sauna-hourglass\/","og_site_name":"Barrsell","article_modified_time":"2024-12-06T17:12:02+00:00","og_image":[{"width":1200,"height":1200,"url":"https:\/\/barrsell.com\/wp-content\/uploads\/2024\/09\/Sauna-Kum-saati.png","type":"image\/png"}],"twitter_card":"summary_large_image","twitter_misc":{"Est. reading time":"3 minutes"},"schema":{"@context":"https:\/\/schema.org","@graph":[{"@type":"WebPage","@id":"https:\/\/barrsell.com\/urun\/sauna-kum-saati\/","url":"https:\/\/barrsell.com\/urun\/sauna-kum-saati\/","name":"Sauna Kum Saati | Barrsell End\u00fcstri","isPartOf":{"@id":"https:\/\/barrsell.com\/#website"},"primaryImageOfPage":{"@id":"https:\/\/barrsell.com\/urun\/sauna-kum-saati\/#primaryimage"},"image":{"@id":"https:\/\/barrsell.com\/urun\/sauna-kum-saati\/#primaryimage"},"thumbnailUrl":"https:\/\/barrsell.com\/wp-content\/uploads\/2024\/09\/Sauna-Kum-saati.png","datePublished":"2024-09-14T11:36:00+00:00","dateModified":"2024-12-06T17:12:02+00:00","description":"Sauna kum saati, sauna seanslar\u0131n\u0131z\u0131 do\u011fru bir \u015fekilde zamanlamak i\u00e7in ideal bir ara\u00e7t\u0131r. Estetik ve i\u015flevsel tasar\u0131m\u0131 ile \u00f6n plandad\u0131r.","breadcrumb":{"@id":"https:\/\/barrsell.com\/urun\/sauna-kum-saati\/#breadcrumb"},"inLanguage":"en-US","potentialAction":[{"@type":"ReadAction","target":["https:\/\/barrsell.com\/urun\/sauna-kum-saati\/"]}]},{"@type":"ImageObject","inLanguage":"en-US","@id":"https:\/\/barrsell.com\/urun\/sauna-kum-saati\/#primaryimage","url":"https:\/\/barrsell.com\/wp-content\/uploads\/2024\/09\/Sauna-Kum-saati.png","contentUrl":"https:\/\/barrsell.com\/wp-content\/uploads\/2024\/09\/Sauna-Kum-saati.png","width":1200,"height":1200,"caption":"Sauna Kum saati"},{"@type":"BreadcrumbList","@id":"https:\/\/barrsell.com\/urun\/sauna-kum-saati\/#breadcrumb","itemListElement":[{"@type":"ListItem","position":1,"name":"Home","item":"https:\/\/barrsell.com\/"},{"@type":"ListItem","position":2,"name":"\u00dcr\u00fcnler","item":"https:\/\/barrsell.com\/en\/products\/"},{"@type":"ListItem","position":3,"name":"Sauna Kum Saati"}]},{"@type":"WebSite","@id":"https:\/\/barrsell.com\/#website","url":"https:\/\/barrsell.com\/","name":"Barrsell End\u00fcstri Makine","description":"Teknolojiyle G\u00fc\u00e7lenen End\u00fcstriyel \u00c7\u00f6z\u00fcmler!","potentialAction":[{"@type":"SearchAction","target":{"@type":"EntryPoint","urlTemplate":"https:\/\/barrsell.com\/?s={search_term_string}"},"query-input":"required name=search_term_string"}],"inLanguage":"en-US"}]}},"_links":{"self":[{"href":"https:\/\/barrsell.com\/en\/wp-json\/wp\/v2\/product\/14962","targetHints":{"allow":["GET"]}}],"collection":[{"href":"https:\/\/barrsell.com\/en\/wp-json\/wp\/v2\/product"}],"about":[{"href":"https:\/\/barrsell.com\/en\/wp-json\/wp\/v2\/types\/product"}],"version-history":[{"count":11,"href":"https:\/\/barrsell.com\/en\/wp-json\/wp\/v2\/product\/14962\/revisions"}],"predecessor-version":[{"id":18865,"href":"https:\/\/barrsell.com\/en\/wp-json\/wp\/v2\/product\/14962\/revisions\/18865"}],"wp:featuredmedia":[{"embeddable":true,"href":"https:\/\/barrsell.com\/en\/wp-json\/wp\/v2\/media\/14963"}],"wp:attachment":[{"href":"https:\/\/barrsell.com\/en\/wp-json\/wp\/v2\/media?parent=14962"}],"wp:term":[{"taxonomy":"product_cat","embeddable":true,"href":"https:\/\/barrsell.com\/en\/wp-json\/wp\/v2\/product_cat?post=14962"},{"taxonomy":"product_tag","embeddable":true,"href":"https:\/\/barrsell.com\/en\/wp-json\/wp\/v2\/product_tag?post=14962"}],"curies":[{"name":"wp","href":"https:\/\/api.w.org\/{rel}","templated":true}]}}