{"id":14951,"date":"2024-09-14T11:21:26","date_gmt":"2024-09-14T11:21:26","guid":{"rendered":"https:\/\/barrsell.com\/?post_type=product&#038;p=14951"},"modified":"2024-12-07T10:31:54","modified_gmt":"2024-12-07T10:31:54","slug":"sauna-koku-difuzor-kase","status":"publish","type":"product","link":"https:\/\/barrsell.com\/en\/product\/sauna-duft-diffuser-bowl\/","title":{"rendered":"Sauna Koku Dif\u00fcz\u00f6r Kase"},"content":{"rendered":"<h3>Sauna Scent Diffuser Bowl: Technical Specifications and Advantages<\/h3>\n<p class=\" translation-block\">Used to take the sauna experience to a unique level, <strong>sauna scent diffuser bowl<\/strong> is an accessory that offers both visual aesthetics and functionality. This product allows you to experience aromatherapy in your sauna and improves the ambient air. Specially designed for saunas, scent bowls are an important complement that enhances sauna enjoyment.<\/p>\n<h4><strong>Technical Specifications<\/strong><\/h4>\n<p class=\" translation-block\"><strong>Sauna diffuser bowls<\/strong> respond to different usage needs with their durable and functional design:<\/p>\n<ol>\n<li><strong>Material Type<\/strong>\n<ul>\n<li class=\" translation-block\"><strong>Natural Stone: <\/strong>The diffuser is heat resistant and provides a stylish look.<\/li>\n<li class=\" translation-block\"><strong>Stainless Steel:<\/strong> Offers the advantage of durability and easy cleaning.<\/li>\n<li class=\" translation-block\"><strong>Ceramic:<\/strong> Offers high thermal conductivity and aesthetic designs.<\/li>\n<\/ul>\n<\/li>\n<li><strong>Dimensions and Capacity<\/strong>\n<ul>\n<li>Diameter: Varies between 10-15 cm.<\/li>\n<li>Depth: 5-8 cm, sufficient amount of liquid or fragrance oil.<\/li>\n<li>Capacity: 200-500 ml, provides effective aroma diffusion.<\/li>\n<\/ul>\n<\/li>\n<li><strong>Heat and Odor Distribution<\/strong>\n<ul>\n<li>It uses the heat of the sauna to evaporate fragrance oils.<\/li>\n<li>It offers a homogeneous distribution thanks to its diffuser mechanism.<\/li>\n<\/ul>\n<\/li>\n<li><strong>Ease of Assembly and Use<\/strong>\n<ul>\n<li class=\" translation-block\">You can easily place it near the <a href=\"\/\/barrsell.com\/sauna-uygulamalari\/\u201d\" target=\"\u201c_self\u201d\">Sauna<\/a> stones.<\/li>\n<li>Cleaning and maintenance is very practical.<\/li>\n<\/ul>\n<\/li>\n<\/ol>\n<h4><strong>How to use it?<\/strong><\/h4>\n<ol>\n<li>Place your sauna scent diffuser bowl near the sauna stones.<\/li>\n<li>Add water and a few drops of aromatherapy oil into the bowl.<\/li>\n<li class=\" translation-block\">As the <a href=\"\/\/wdteknoloji.com\/sauna-uygulamalari\/\u201d\" target=\"\u201c_self\u201d\">Sauna<\/a> runs, the bowl heats up and the liquid inside evaporates, releasing a pleasant aroma.<\/li>\n<li>Enjoy this scent that enriches the atmosphere of your sauna.<\/li>\n<\/ol>","protected":false},"excerpt":{"rendered":"<ol>\n<li><strong>Dimensions and Capacity<\/strong>\n<ul>\n<li>Diameter: Varies between 10-15 cm.<\/li>\n<li>Depth: 5-8 cm, can hold a sufficient amount of liquid or fragrance oil.<\/li>\n<li>Capacity: 200-500 ml, provides effective aroma diffusion.<\/li>\n<\/ul>\n<\/li>\n<\/ol>","protected":false},"featured_media":14952,"template":"","meta":[],"product_cat":[236],"product_tag":[],"class_list":{"0":"post-14951","1":"product","2":"type-product","3":"status-publish","4":"has-post-thumbnail","6":"product_cat-sauna-aksesuarlari","8":"first","9":"instock","10":"shipping-taxable","11":"product-type-external"},"yoast_head":"<!-- This site is optimized with the Yoast SEO Premium plugin v23.2 (Yoast SEO v23.2) - https:\/\/yoast.com\/wordpress\/plugins\/seo\/ -->\n<title>Sauna Koku Dif\u00fcz\u00f6r Kase | Barrsell End\u00fcstri<\/title>\n<meta name=\"description\" content=\"Sauna Koku Dif\u00fcz\u00f6r Kase 304 Paslanmaz \u00c7elik. Bu malzeme, y\u00fcksek s\u0131cakl\u0131k ve korozyona kar\u015f\u0131 m\u00fckemmel dayan\u0131kl\u0131l\u0131k sa\u011flar.\" \/>\n<meta name=\"robots\" content=\"index, follow, max-snippet:-1, max-image-preview:large, max-video-preview:-1\" \/>\n<link rel=\"canonical\" href=\"https:\/\/barrsell.com\/en\/product\/sauna-duft-diffuser-bowl\/\" \/>\n<meta property=\"og:locale\" content=\"en_US\" \/>\n<meta property=\"og:type\" content=\"article\" \/>\n<meta property=\"og:title\" content=\"Sauna Koku Dif\u00fcz\u00f6r Kase\" \/>\n<meta property=\"og:description\" content=\"Sauna Koku Dif\u00fcz\u00f6r Kase 304 Paslanmaz \u00c7elik. Bu malzeme, y\u00fcksek s\u0131cakl\u0131k ve korozyona kar\u015f\u0131 m\u00fckemmel dayan\u0131kl\u0131l\u0131k sa\u011flar.\" \/>\n<meta property=\"og:url\" content=\"https:\/\/barrsell.com\/en\/product\/sauna-duft-diffuser-bowl\/\" \/>\n<meta property=\"og:site_name\" content=\"Barrsell\" \/>\n<meta property=\"article:modified_time\" content=\"2024-12-07T10:31:54+00:00\" \/>\n<meta property=\"og:image\" content=\"https:\/\/barrsell.com\/wp-content\/uploads\/2024\/09\/Sauna-Koku-Difuzor-Kase.png\" \/>\n\t<meta property=\"og:image:width\" content=\"1200\" \/>\n\t<meta property=\"og:image:height\" content=\"1200\" \/>\n\t<meta property=\"og:image:type\" content=\"image\/png\" \/>\n<meta name=\"twitter:card\" content=\"summary_large_image\" \/>\n<meta name=\"twitter:label1\" content=\"Est. reading time\" \/>\n\t<meta name=\"twitter:data1\" content=\"2 minutes\" \/>\n<script type=\"application\/ld+json\" class=\"yoast-schema-graph\">{\"@context\":\"https:\/\/schema.org\",\"@graph\":[{\"@type\":\"WebPage\",\"@id\":\"https:\/\/barrsell.com\/urun\/sauna-koku-difuzor-kase\/\",\"url\":\"https:\/\/barrsell.com\/urun\/sauna-koku-difuzor-kase\/\",\"name\":\"Sauna Koku Dif\u00fcz\u00f6r Kase | Barrsell End\u00fcstri\",\"isPartOf\":{\"@id\":\"https:\/\/barrsell.com\/#website\"},\"primaryImageOfPage\":{\"@id\":\"https:\/\/barrsell.com\/urun\/sauna-koku-difuzor-kase\/#primaryimage\"},\"image\":{\"@id\":\"https:\/\/barrsell.com\/urun\/sauna-koku-difuzor-kase\/#primaryimage\"},\"thumbnailUrl\":\"https:\/\/barrsell.com\/wp-content\/uploads\/2024\/09\/Sauna-Koku-Difuzor-Kase.png\",\"datePublished\":\"2024-09-14T11:21:26+00:00\",\"dateModified\":\"2024-12-07T10:31:54+00:00\",\"description\":\"Sauna Koku Dif\u00fcz\u00f6r Kase 304 Paslanmaz \u00c7elik. Bu malzeme, y\u00fcksek s\u0131cakl\u0131k ve korozyona kar\u015f\u0131 m\u00fckemmel dayan\u0131kl\u0131l\u0131k sa\u011flar.\",\"breadcrumb\":{\"@id\":\"https:\/\/barrsell.com\/urun\/sauna-koku-difuzor-kase\/#breadcrumb\"},\"inLanguage\":\"en-US\",\"potentialAction\":[{\"@type\":\"ReadAction\",\"target\":[\"https:\/\/barrsell.com\/urun\/sauna-koku-difuzor-kase\/\"]}]},{\"@type\":\"ImageObject\",\"inLanguage\":\"en-US\",\"@id\":\"https:\/\/barrsell.com\/urun\/sauna-koku-difuzor-kase\/#primaryimage\",\"url\":\"https:\/\/barrsell.com\/wp-content\/uploads\/2024\/09\/Sauna-Koku-Difuzor-Kase.png\",\"contentUrl\":\"https:\/\/barrsell.com\/wp-content\/uploads\/2024\/09\/Sauna-Koku-Difuzor-Kase.png\",\"width\":1200,\"height\":1200},{\"@type\":\"BreadcrumbList\",\"@id\":\"https:\/\/barrsell.com\/urun\/sauna-koku-difuzor-kase\/#breadcrumb\",\"itemListElement\":[{\"@type\":\"ListItem\",\"position\":1,\"name\":\"Home\",\"item\":\"https:\/\/barrsell.com\/\"},{\"@type\":\"ListItem\",\"position\":2,\"name\":\"\u00dcr\u00fcnler\",\"item\":\"https:\/\/barrsell.com\/en\/products\/\"},{\"@type\":\"ListItem\",\"position\":3,\"name\":\"Sauna Koku Dif\u00fcz\u00f6r Kase\"}]},{\"@type\":\"WebSite\",\"@id\":\"https:\/\/barrsell.com\/#website\",\"url\":\"https:\/\/barrsell.com\/\",\"name\":\"Barrsell End\u00fcstri Makine\",\"description\":\"Teknolojiyle G\u00fc\u00e7lenen End\u00fcstriyel \u00c7\u00f6z\u00fcmler!\",\"potentialAction\":[{\"@type\":\"SearchAction\",\"target\":{\"@type\":\"EntryPoint\",\"urlTemplate\":\"https:\/\/barrsell.com\/?s={search_term_string}\"},\"query-input\":\"required name=search_term_string\"}],\"inLanguage\":\"en-US\"}]}<\/script>\n<!-- \/ Yoast SEO Premium plugin. -->","yoast_head_json":{"title":"Sauna Koku Dif\u00fcz\u00f6r Kase | Barrsell End\u00fcstri","description":"Sauna Koku Dif\u00fcz\u00f6r Kase 304 Paslanmaz \u00c7elik. Bu malzeme, y\u00fcksek s\u0131cakl\u0131k ve korozyona kar\u015f\u0131 m\u00fckemmel dayan\u0131kl\u0131l\u0131k sa\u011flar.","robots":{"index":"index","follow":"follow","max-snippet":"max-snippet:-1","max-image-preview":"max-image-preview:large","max-video-preview":"max-video-preview:-1"},"canonical":"https:\/\/barrsell.com\/en\/product\/sauna-duft-diffuser-bowl\/","og_locale":"en_US","og_type":"article","og_title":"Sauna Koku Dif\u00fcz\u00f6r Kase","og_description":"Sauna Koku Dif\u00fcz\u00f6r Kase 304 Paslanmaz \u00c7elik. Bu malzeme, y\u00fcksek s\u0131cakl\u0131k ve korozyona kar\u015f\u0131 m\u00fckemmel dayan\u0131kl\u0131l\u0131k sa\u011flar.","og_url":"https:\/\/barrsell.com\/en\/product\/sauna-duft-diffuser-bowl\/","og_site_name":"Barrsell","article_modified_time":"2024-12-07T10:31:54+00:00","og_image":[{"width":1200,"height":1200,"url":"https:\/\/barrsell.com\/wp-content\/uploads\/2024\/09\/Sauna-Koku-Difuzor-Kase.png","type":"image\/png"}],"twitter_card":"summary_large_image","twitter_misc":{"Est. reading time":"2 minutes"},"schema":{"@context":"https:\/\/schema.org","@graph":[{"@type":"WebPage","@id":"https:\/\/barrsell.com\/urun\/sauna-koku-difuzor-kase\/","url":"https:\/\/barrsell.com\/urun\/sauna-koku-difuzor-kase\/","name":"Sauna Koku Dif\u00fcz\u00f6r Kase | Barrsell End\u00fcstri","isPartOf":{"@id":"https:\/\/barrsell.com\/#website"},"primaryImageOfPage":{"@id":"https:\/\/barrsell.com\/urun\/sauna-koku-difuzor-kase\/#primaryimage"},"image":{"@id":"https:\/\/barrsell.com\/urun\/sauna-koku-difuzor-kase\/#primaryimage"},"thumbnailUrl":"https:\/\/barrsell.com\/wp-content\/uploads\/2024\/09\/Sauna-Koku-Difuzor-Kase.png","datePublished":"2024-09-14T11:21:26+00:00","dateModified":"2024-12-07T10:31:54+00:00","description":"Sauna Koku Dif\u00fcz\u00f6r Kase 304 Paslanmaz \u00c7elik. Bu malzeme, y\u00fcksek s\u0131cakl\u0131k ve korozyona kar\u015f\u0131 m\u00fckemmel dayan\u0131kl\u0131l\u0131k sa\u011flar.","breadcrumb":{"@id":"https:\/\/barrsell.com\/urun\/sauna-koku-difuzor-kase\/#breadcrumb"},"inLanguage":"en-US","potentialAction":[{"@type":"ReadAction","target":["https:\/\/barrsell.com\/urun\/sauna-koku-difuzor-kase\/"]}]},{"@type":"ImageObject","inLanguage":"en-US","@id":"https:\/\/barrsell.com\/urun\/sauna-koku-difuzor-kase\/#primaryimage","url":"https:\/\/barrsell.com\/wp-content\/uploads\/2024\/09\/Sauna-Koku-Difuzor-Kase.png","contentUrl":"https:\/\/barrsell.com\/wp-content\/uploads\/2024\/09\/Sauna-Koku-Difuzor-Kase.png","width":1200,"height":1200},{"@type":"BreadcrumbList","@id":"https:\/\/barrsell.com\/urun\/sauna-koku-difuzor-kase\/#breadcrumb","itemListElement":[{"@type":"ListItem","position":1,"name":"Home","item":"https:\/\/barrsell.com\/"},{"@type":"ListItem","position":2,"name":"\u00dcr\u00fcnler","item":"https:\/\/barrsell.com\/en\/products\/"},{"@type":"ListItem","position":3,"name":"Sauna Koku Dif\u00fcz\u00f6r Kase"}]},{"@type":"WebSite","@id":"https:\/\/barrsell.com\/#website","url":"https:\/\/barrsell.com\/","name":"Barrsell End\u00fcstri Makine","description":"Teknolojiyle G\u00fc\u00e7lenen End\u00fcstriyel \u00c7\u00f6z\u00fcmler!","potentialAction":[{"@type":"SearchAction","target":{"@type":"EntryPoint","urlTemplate":"https:\/\/barrsell.com\/?s={search_term_string}"},"query-input":"required name=search_term_string"}],"inLanguage":"en-US"}]}},"_links":{"self":[{"href":"https:\/\/barrsell.com\/en\/wp-json\/wp\/v2\/product\/14951","targetHints":{"allow":["GET"]}}],"collection":[{"href":"https:\/\/barrsell.com\/en\/wp-json\/wp\/v2\/product"}],"about":[{"href":"https:\/\/barrsell.com\/en\/wp-json\/wp\/v2\/types\/product"}],"version-history":[{"count":4,"href":"https:\/\/barrsell.com\/en\/wp-json\/wp\/v2\/product\/14951\/revisions"}],"predecessor-version":[{"id":18872,"href":"https:\/\/barrsell.com\/en\/wp-json\/wp\/v2\/product\/14951\/revisions\/18872"}],"wp:featuredmedia":[{"embeddable":true,"href":"https:\/\/barrsell.com\/en\/wp-json\/wp\/v2\/media\/14952"}],"wp:attachment":[{"href":"https:\/\/barrsell.com\/en\/wp-json\/wp\/v2\/media?parent=14951"}],"wp:term":[{"taxonomy":"product_cat","embeddable":true,"href":"https:\/\/barrsell.com\/en\/wp-json\/wp\/v2\/product_cat?post=14951"},{"taxonomy":"product_tag","embeddable":true,"href":"https:\/\/barrsell.com\/en\/wp-json\/wp\/v2\/product_tag?post=14951"}],"curies":[{"name":"wp","href":"https:\/\/api.w.org\/{rel}","templated":true}]}}