{"id":14465,"date":"2024-09-09T10:59:49","date_gmt":"2024-09-09T10:59:49","guid":{"rendered":"https:\/\/barrsell.com\/?post_type=product&#038;p=14465"},"modified":"2026-03-11T10:35:17","modified_gmt":"2026-03-11T10:35:17","slug":"hygromatik-buhar-silindiri-b-3216067","status":"publish","type":"product","link":"https:\/\/barrsell.com\/en\/product\/hygromatik-steam-cylinder-b-3216067\/","title":{"rendered":"HygroMatik Steam Roller B-3216067"},"content":{"rendered":"<h2>HygroMatik Steam Roller B-3216067<\/h2>\n<p>HygroMatik Buhar Silindiri B-3216067, end\u00fcstriyel buhar sistemlerinin performans\u0131n\u0131 art\u0131rmak ve g\u00fcvenilirli\u011fini sa\u011flamak i\u00e7in tasarlanm\u0131\u015f y\u00fcksek kaliteli bir bile\u015fendir. Bu yedek par\u00e7a a\u015fa\u011f\u0131daki buhar jenerat\u00f6r\u00fc modelleri ve buhar nemlendiricileri i\u00e7in uygundur:<\/p>\n<table style=\"height: 84px;\" width=\"563\">\n<tbody>\n<tr>\n<td><strong>CompactLine Electrode <\/strong><strong>Type ---------MiniSteam 2005 Electrode<\/strong><\/td>\n<\/tr>\n<tr>\n<td><a href=\"https:\/\/wdteknoloji.com\/urunler\/hygromatik-buhar-silindiri-c06\/\">C06\u00a0<\/a>\u00a0 \u00a0 \u00a0 \u00a0 \u00a0 \u00a0 \u00a0 \u00a0 \u00a0 \u00a0 \u00a0 \u00a0 \u00a0 \u00a0 \u00a0 \u00a0 \u00a0 \u00a0 \u00a0 \u00a0 \u00a0 \u00a0 \u00a0 \u00a0 \u00a0 \u00a0MS05<\/td>\n<\/tr>\n<\/tbody>\n<\/table>\n<h4><span style=\"color: #1b1919; font-size: 18px;\">Technical Specifications<\/span><\/h4>\n<p class=\" translation-block\"><strong>The HygroMatik Steam Roller<\/strong> is a product with features that offer superior performance and durability. Here are the technical specifications of this product:<\/p>\n<ol>\n<li class=\" translation-block\"><strong>High Capacity<\/strong>: The high capacity design of the B-3216067 is suitable for large scale steam systems. In particular, it ensures that the system operates efficiently and meets the amount of steam needed.<\/li>\n<li class=\" translation-block\"><strong>Durable Material<\/strong>: The steam cylinder is also made of high quality and durable materials. This enables it to withstand high temperature and pressure conditions and ensures long-lasting performance.<\/li>\n<li class=\" translation-block\"><strong>Internal Structure and Design<\/strong>: The internal structure of the cylinder ensures that the steam is distributed efficiently and works in harmony with the other components in the system. This increases system efficiency and saves energy.<\/li>\n<li class=\" translation-block\"><strong>Easy Assembly\/strong&gt;: <a href=\"https:\/\/barrsell.com\/kategoriler\/yedek-parcalar\/buhar-jeneratorleri-ve-nemlendiriciler-yedek-parcalari\/hygromatik-yedek-parcalari\/\" target=\"_self\">: HygroMatik<\/a> B-3216067 is designed to be easy to use and easy to assemble. This speeds up the installation process and reduces labor costs.<\/li>\n<li class=\" translation-block\"><strong>Energy Efficiency<\/strong>: The product is optimized to improve energy efficiency. This reduces operating costs and minimizes environmental impact.<\/li>\n<li class=\" translation-block\"><strong>Ease of Maintenance<\/strong>: The cylinder is easy to maintain and clean thanks to its user-friendly design. This ensures long product life and increases operational efficiency.<\/li>\n<li class=\" translation-block\"><strong>Advanced Safety Features<\/strong>: <em>: The B-3216067 is manufactured in accordance with high safety standards. In addition, it ensures that possible malfunctions in the system are prevented and a safe working environment is ensured.<\/li>\n<\/ol>","protected":false},"excerpt":{"rendered":"<h4>\u00a0Compatible Humidifiers<\/h4>\n<table style=\"height: 66px;\" width=\"562\">\n<tbody>\n<tr>\n<td><strong>CompactLine Electrode <\/strong><strong>Type ---------MiniSteam 2005 Electrode<\/strong><\/td>\n<\/tr>\n<tr>\n<td><a href=\"https:\/\/wdteknoloji.com\/urunler\/hygromatik-buhar-silindiri-c06\/\">C06\u00a0<\/a>\u00a0 \u00a0 \u00a0 \u00a0 \u00a0 \u00a0 \u00a0 \u00a0 \u00a0 \u00a0 \u00a0 \u00a0 \u00a0 \u00a0 \u00a0 \u00a0 \u00a0 \u00a0 \u00a0 \u00a0 \u00a0 \u00a0 \u00a0 \u00a0 \u00a0 MS05<\/td>\n<\/tr>\n<\/tbody>\n<\/table>\n<ul>\n<li>In order for the spare parts to be fully compatible with your device, we recommend that you share a photo of the product label with us to avoid any confusion during the ordering process.<\/li>\n<\/ul>","protected":false},"featured_media":14466,"template":"","meta":[],"product_cat":[130],"product_tag":[],"class_list":{"0":"post-14465","1":"product","2":"type-product","3":"status-publish","4":"has-post-thumbnail","6":"product_cat-hygromatik-yedek-parcalari","8":"first","9":"instock","10":"shipping-taxable","11":"product-type-external"},"yoast_head":"<!-- This site is optimized with the Yoast SEO Premium plugin v23.2 (Yoast SEO v23.2) - https:\/\/yoast.com\/wordpress\/plugins\/seo\/ -->\n<title>HygroMatik Buhar Silindiri B-3216067 Barrsell End\u00fcstri<\/title>\n<meta name=\"description\" content=\"HygroMatik Buhar Silindiri B-3216067, end\u00fcstriyel buhar sistemlerinin performans\u0131n\u0131 art\u0131rmak ve g\u00fcvenilirli\u011fini sa\u011flamak i\u00e7in tasarlanm\u0131\u015f\" \/>\n<meta name=\"robots\" content=\"index, follow, max-snippet:-1, max-image-preview:large, max-video-preview:-1\" \/>\n<link rel=\"canonical\" href=\"https:\/\/barrsell.com\/en\/product\/hygromatik-steam-cylinder-b-3216067\/\" \/>\n<meta property=\"og:locale\" content=\"en_US\" \/>\n<meta property=\"og:type\" content=\"article\" \/>\n<meta property=\"og:title\" content=\"HygroMatik Buhar Silindiri B-3216067\" \/>\n<meta property=\"og:description\" content=\"HygroMatik Buhar Silindiri B-3216067, end\u00fcstriyel buhar sistemlerinin performans\u0131n\u0131 art\u0131rmak ve g\u00fcvenilirli\u011fini sa\u011flamak i\u00e7in tasarlanm\u0131\u015f\" \/>\n<meta property=\"og:url\" content=\"https:\/\/barrsell.com\/en\/product\/hygromatik-steam-cylinder-b-3216067\/\" \/>\n<meta property=\"og:site_name\" content=\"Barrsell\" \/>\n<meta property=\"article:modified_time\" content=\"2026-03-11T10:35:17+00:00\" \/>\n<meta property=\"og:image\" content=\"https:\/\/barrsell.com\/wp-content\/uploads\/2024\/09\/HygroMatik-Buhar-Silindiri-B-3216067.png\" \/>\n\t<meta property=\"og:image:width\" content=\"1200\" \/>\n\t<meta property=\"og:image:height\" content=\"1200\" \/>\n\t<meta property=\"og:image:type\" content=\"image\/png\" \/>\n<meta name=\"twitter:card\" content=\"summary_large_image\" \/>\n<meta name=\"twitter:label1\" content=\"Est. reading time\" \/>\n\t<meta name=\"twitter:data1\" content=\"2 minutes\" \/>\n<script type=\"application\/ld+json\" class=\"yoast-schema-graph\">{\"@context\":\"https:\/\/schema.org\",\"@graph\":[{\"@type\":\"WebPage\",\"@id\":\"https:\/\/barrsell.com\/urun\/hygromatik-buhar-silindiri-b-3216067\/\",\"url\":\"https:\/\/barrsell.com\/urun\/hygromatik-buhar-silindiri-b-3216067\/\",\"name\":\"HygroMatik Buhar Silindiri B-3216067 Barrsell End\u00fcstri\",\"isPartOf\":{\"@id\":\"https:\/\/barrsell.com\/#website\"},\"primaryImageOfPage\":{\"@id\":\"https:\/\/barrsell.com\/urun\/hygromatik-buhar-silindiri-b-3216067\/#primaryimage\"},\"image\":{\"@id\":\"https:\/\/barrsell.com\/urun\/hygromatik-buhar-silindiri-b-3216067\/#primaryimage\"},\"thumbnailUrl\":\"https:\/\/barrsell.com\/wp-content\/uploads\/2024\/09\/HygroMatik-Buhar-Silindiri-B-3216067.png\",\"datePublished\":\"2024-09-09T10:59:49+00:00\",\"dateModified\":\"2026-03-11T10:35:17+00:00\",\"description\":\"HygroMatik Buhar Silindiri B-3216067, end\u00fcstriyel buhar sistemlerinin performans\u0131n\u0131 art\u0131rmak ve g\u00fcvenilirli\u011fini sa\u011flamak i\u00e7in tasarlanm\u0131\u015f\",\"breadcrumb\":{\"@id\":\"https:\/\/barrsell.com\/urun\/hygromatik-buhar-silindiri-b-3216067\/#breadcrumb\"},\"inLanguage\":\"en-US\",\"potentialAction\":[{\"@type\":\"ReadAction\",\"target\":[\"https:\/\/barrsell.com\/urun\/hygromatik-buhar-silindiri-b-3216067\/\"]}]},{\"@type\":\"ImageObject\",\"inLanguage\":\"en-US\",\"@id\":\"https:\/\/barrsell.com\/urun\/hygromatik-buhar-silindiri-b-3216067\/#primaryimage\",\"url\":\"https:\/\/barrsell.com\/wp-content\/uploads\/2024\/09\/HygroMatik-Buhar-Silindiri-B-3216067.png\",\"contentUrl\":\"https:\/\/barrsell.com\/wp-content\/uploads\/2024\/09\/HygroMatik-Buhar-Silindiri-B-3216067.png\",\"width\":1200,\"height\":1200,\"caption\":\"HygroMatik Buhar Silindiri B-3216067\"},{\"@type\":\"BreadcrumbList\",\"@id\":\"https:\/\/barrsell.com\/urun\/hygromatik-buhar-silindiri-b-3216067\/#breadcrumb\",\"itemListElement\":[{\"@type\":\"ListItem\",\"position\":1,\"name\":\"Home\",\"item\":\"https:\/\/barrsell.com\/\"},{\"@type\":\"ListItem\",\"position\":2,\"name\":\"\u00dcr\u00fcnler\",\"item\":\"https:\/\/barrsell.com\/en\/products\/\"},{\"@type\":\"ListItem\",\"position\":3,\"name\":\"HygroMatik Buhar Silindiri B-3216067\"}]},{\"@type\":\"WebSite\",\"@id\":\"https:\/\/barrsell.com\/#website\",\"url\":\"https:\/\/barrsell.com\/\",\"name\":\"Barrsell End\u00fcstri Makine\",\"description\":\"Teknolojiyle G\u00fc\u00e7lenen End\u00fcstriyel \u00c7\u00f6z\u00fcmler!\",\"potentialAction\":[{\"@type\":\"SearchAction\",\"target\":{\"@type\":\"EntryPoint\",\"urlTemplate\":\"https:\/\/barrsell.com\/?s={search_term_string}\"},\"query-input\":\"required name=search_term_string\"}],\"inLanguage\":\"en-US\"}]}<\/script>\n<!-- \/ Yoast SEO Premium plugin. -->","yoast_head_json":{"title":"HygroMatik Buhar Silindiri B-3216067 Barrsell End\u00fcstri","description":"HygroMatik Buhar Silindiri B-3216067, end\u00fcstriyel buhar sistemlerinin performans\u0131n\u0131 art\u0131rmak ve g\u00fcvenilirli\u011fini sa\u011flamak i\u00e7in tasarlanm\u0131\u015f","robots":{"index":"index","follow":"follow","max-snippet":"max-snippet:-1","max-image-preview":"max-image-preview:large","max-video-preview":"max-video-preview:-1"},"canonical":"https:\/\/barrsell.com\/en\/product\/hygromatik-steam-cylinder-b-3216067\/","og_locale":"en_US","og_type":"article","og_title":"HygroMatik Buhar Silindiri B-3216067","og_description":"HygroMatik Buhar Silindiri B-3216067, end\u00fcstriyel buhar sistemlerinin performans\u0131n\u0131 art\u0131rmak ve g\u00fcvenilirli\u011fini sa\u011flamak i\u00e7in tasarlanm\u0131\u015f","og_url":"https:\/\/barrsell.com\/en\/product\/hygromatik-steam-cylinder-b-3216067\/","og_site_name":"Barrsell","article_modified_time":"2026-03-11T10:35:17+00:00","og_image":[{"width":1200,"height":1200,"url":"https:\/\/barrsell.com\/wp-content\/uploads\/2024\/09\/HygroMatik-Buhar-Silindiri-B-3216067.png","type":"image\/png"}],"twitter_card":"summary_large_image","twitter_misc":{"Est. reading time":"2 minutes"},"schema":{"@context":"https:\/\/schema.org","@graph":[{"@type":"WebPage","@id":"https:\/\/barrsell.com\/urun\/hygromatik-buhar-silindiri-b-3216067\/","url":"https:\/\/barrsell.com\/urun\/hygromatik-buhar-silindiri-b-3216067\/","name":"HygroMatik Buhar Silindiri B-3216067 Barrsell End\u00fcstri","isPartOf":{"@id":"https:\/\/barrsell.com\/#website"},"primaryImageOfPage":{"@id":"https:\/\/barrsell.com\/urun\/hygromatik-buhar-silindiri-b-3216067\/#primaryimage"},"image":{"@id":"https:\/\/barrsell.com\/urun\/hygromatik-buhar-silindiri-b-3216067\/#primaryimage"},"thumbnailUrl":"https:\/\/barrsell.com\/wp-content\/uploads\/2024\/09\/HygroMatik-Buhar-Silindiri-B-3216067.png","datePublished":"2024-09-09T10:59:49+00:00","dateModified":"2026-03-11T10:35:17+00:00","description":"HygroMatik Buhar Silindiri B-3216067, end\u00fcstriyel buhar sistemlerinin performans\u0131n\u0131 art\u0131rmak ve g\u00fcvenilirli\u011fini sa\u011flamak i\u00e7in tasarlanm\u0131\u015f","breadcrumb":{"@id":"https:\/\/barrsell.com\/urun\/hygromatik-buhar-silindiri-b-3216067\/#breadcrumb"},"inLanguage":"en-US","potentialAction":[{"@type":"ReadAction","target":["https:\/\/barrsell.com\/urun\/hygromatik-buhar-silindiri-b-3216067\/"]}]},{"@type":"ImageObject","inLanguage":"en-US","@id":"https:\/\/barrsell.com\/urun\/hygromatik-buhar-silindiri-b-3216067\/#primaryimage","url":"https:\/\/barrsell.com\/wp-content\/uploads\/2024\/09\/HygroMatik-Buhar-Silindiri-B-3216067.png","contentUrl":"https:\/\/barrsell.com\/wp-content\/uploads\/2024\/09\/HygroMatik-Buhar-Silindiri-B-3216067.png","width":1200,"height":1200,"caption":"HygroMatik Buhar Silindiri B-3216067"},{"@type":"BreadcrumbList","@id":"https:\/\/barrsell.com\/urun\/hygromatik-buhar-silindiri-b-3216067\/#breadcrumb","itemListElement":[{"@type":"ListItem","position":1,"name":"Home","item":"https:\/\/barrsell.com\/"},{"@type":"ListItem","position":2,"name":"\u00dcr\u00fcnler","item":"https:\/\/barrsell.com\/en\/products\/"},{"@type":"ListItem","position":3,"name":"HygroMatik Buhar Silindiri B-3216067"}]},{"@type":"WebSite","@id":"https:\/\/barrsell.com\/#website","url":"https:\/\/barrsell.com\/","name":"Barrsell End\u00fcstri Makine","description":"Teknolojiyle G\u00fc\u00e7lenen End\u00fcstriyel \u00c7\u00f6z\u00fcmler!","potentialAction":[{"@type":"SearchAction","target":{"@type":"EntryPoint","urlTemplate":"https:\/\/barrsell.com\/?s={search_term_string}"},"query-input":"required name=search_term_string"}],"inLanguage":"en-US"}]}},"_links":{"self":[{"href":"https:\/\/barrsell.com\/en\/wp-json\/wp\/v2\/product\/14465","targetHints":{"allow":["GET"]}}],"collection":[{"href":"https:\/\/barrsell.com\/en\/wp-json\/wp\/v2\/product"}],"about":[{"href":"https:\/\/barrsell.com\/en\/wp-json\/wp\/v2\/types\/product"}],"version-history":[{"count":13,"href":"https:\/\/barrsell.com\/en\/wp-json\/wp\/v2\/product\/14465\/revisions"}],"predecessor-version":[{"id":25284,"href":"https:\/\/barrsell.com\/en\/wp-json\/wp\/v2\/product\/14465\/revisions\/25284"}],"wp:featuredmedia":[{"embeddable":true,"href":"https:\/\/barrsell.com\/en\/wp-json\/wp\/v2\/media\/14466"}],"wp:attachment":[{"href":"https:\/\/barrsell.com\/en\/wp-json\/wp\/v2\/media?parent=14465"}],"wp:term":[{"taxonomy":"product_cat","embeddable":true,"href":"https:\/\/barrsell.com\/en\/wp-json\/wp\/v2\/product_cat?post=14465"},{"taxonomy":"product_tag","embeddable":true,"href":"https:\/\/barrsell.com\/en\/wp-json\/wp\/v2\/product_tag?post=14465"}],"curies":[{"name":"wp","href":"https:\/\/api.w.org\/{rel}","templated":true}]}}