{"id":14449,"date":"2024-09-09T09:32:39","date_gmt":"2024-09-09T09:32:39","guid":{"rendered":"https:\/\/barrsell.com\/?post_type=product&#038;p=14449"},"modified":"2024-12-10T12:13:51","modified_gmt":"2024-12-10T12:13:51","slug":"hygromatik-buhar-silindiri-b-3204031","status":"publish","type":"product","link":"https:\/\/barrsell.com\/en\/product\/hygromatik-steam-cylinder-b-3204031\/","title":{"rendered":"HygroMatik Steam Roller B-3204031"},"content":{"rendered":"<h2><strong>HygroMatik Steam Roller B-3204031<\/strong><\/h2>\n<p>HygroMatik Buhar Silindiri B-3204031, elektrotlu buhar nemlendiricileri i\u00e7in \u00f6nemli bir yedek par\u00e7ad\u0131r. CompactLine ile HyLine serisi dahil olmak \u00fczere \u00e7e\u015fitli buhar jenerat\u00f6rleriyle uyumludur. Bu par\u00e7a, \u00f6zellikle C10 model buhar jenerat\u00f6rleriyle kullan\u0131ma uygundur ve buhar \u00fcretimini verimli bir \u015fekilde destekler. HygroMatik C10 CompactLine buhar silindiri KLP i\u00e7in orijinal yedek par\u00e7a, elektrotlar ve el somunu ile birlikte.<\/p>\n<table style=\"height: 103px;\" width=\"672\">\n<tbody>\n<tr>\n<td width=\"144\"><strong>CompactLine Elektrode<\/strong><\/td>\n<td width=\"130\"><strong>HyLine ElektrodeTyp\u00a0<\/strong><\/td>\n<td colspan=\"2\" width=\"266\"><strong>MiniSteam 2005 Elektrode<\/strong><\/td>\n<\/tr>\n<tr>\n<td>C10<\/td>\n<td>HY05 HY08<\/td>\n<td>MS10<\/td>\n<td><\/td>\n<\/tr>\n<\/tbody>\n<\/table>\n<h4><strong>Technical Specifications<\/strong><\/h4>\n<p>It is a high quality component designed for industrial steam systems. Here are the technical specifications of this product:<\/p>\n<ol>\n<li class=\" translation-block\"><strong>High Capacity<\/strong>: <a href=\"https:\/\/barrsell.com\/kategoriler\/yedek-parcalar\/buhar-jeneratorleri-ve-nemlendiriciler-yedek-parcalari\/hygromatik-yedek-parcalari\/\" target=\"_self\">: With its high steam capacity, the B-3204031<\/a> performs effectively in large industrial systems. Thus, it ensures reliable steam production in large-scale applications.<\/li>\n<li class=\" translation-block\"><strong>Durable Materials<\/strong>: The steam cylinder is made of high temperature and pressure resistant materials. It also ensures long-lasting use and reliable performance even in harsh conditions.<\/li>\n<li class=\" translation-block\"><strong>Precise Control<\/strong>: The B-3204031 has the capacity to precisely control steam production. This therefore optimizes the steam flow in the system and increases energy efficiency.<\/li>\n<li class=\" translation-block\"><strong>Easy Maintenance and Cleaning<\/strong>: The design of the cylinder facilitates maintenance and cleaning. It also reduces operating costs and ensures continuous efficient operation of the system.<\/li>\n<li class=\" translation-block\"><strong>Energy Efficiency<\/strong>: The product offers high energy efficiency. This reduces energy consumption and optimizes operating costs.<\/li>\n<li class=\" translation-block\"><strong>Advanced Safety Features<\/strong>: Hygromatik C10 Silindirici <a href=\"https:\/\/wdteknoloji.com\/urunler\/hygromatik-buhar-silindiri-cy8\/\" target=\"_self\">: The Hygromatik C10 Cylinderizer B-3204031<\/a> is manufactured in accordance with high safety standards. This increases operational safety and prevents possible malfunctions.<\/li>\n<\/ol>","protected":false},"excerpt":{"rendered":"<h4>Compatible Humidifiers<\/h4>\n<table style=\"height: 103px;\" width=\"672\">\n<tbody>\n<tr>\n<td width=\"144\"><strong>CompactLine Elektrode<\/strong><\/td>\n<td width=\"130\"><strong>HyLine ElektrodeTyp\u00a0<\/strong><\/td>\n<td colspan=\"2\" width=\"266\"><strong>MiniSteam 2005 Elektrode<\/strong><\/td>\n<\/tr>\n<tr>\n<td>C10<\/td>\n<td>HY05 HY08<\/td>\n<td>MS10<\/td>\n<td><\/td>\n<\/tr>\n<\/tbody>\n<\/table>\n<ul>\n<li>In order for the spare parts to be fully compatible with your device, we recommend that you share a photo of the product label with us to avoid any confusion during the ordering process.<\/li>\n<\/ul>","protected":false},"featured_media":14451,"template":"","meta":[],"product_cat":[130],"product_tag":[],"class_list":{"0":"post-14449","1":"product","2":"type-product","3":"status-publish","4":"has-post-thumbnail","6":"product_cat-hygromatik-yedek-parcalari","8":"first","9":"instock","10":"shipping-taxable","11":"product-type-external"},"yoast_head":"<!-- This site is optimized with the Yoast SEO Premium plugin v23.2 (Yoast SEO v23.2) - https:\/\/yoast.com\/wordpress\/plugins\/seo\/ -->\n<title>HygroMatik Buhar Silindiri B-3204031 Barrsell End\u00fcstri<\/title>\n<meta name=\"description\" content=\"HygroMatik Buhar Silindiri B-3204031, buhar sistemlerinde y\u00fcksek performans ve g\u00fcvenilirlik arayan end\u00fcstriyel uygulamalar i\u00e7in m\u00fckemmel bir \u00e7\u00f6z\u00fcmd\u00fcr.\" \/>\n<meta name=\"robots\" content=\"index, follow, max-snippet:-1, max-image-preview:large, max-video-preview:-1\" \/>\n<link rel=\"canonical\" href=\"https:\/\/barrsell.com\/en\/product\/hygromatik-steam-cylinder-b-3204031\/\" \/>\n<meta property=\"og:locale\" content=\"en_US\" \/>\n<meta property=\"og:type\" content=\"article\" \/>\n<meta property=\"og:title\" content=\"HygroMatik Buhar Silindiri B-3204031\" \/>\n<meta property=\"og:description\" content=\"HygroMatik Buhar Silindiri B-3204031, buhar sistemlerinde y\u00fcksek performans ve g\u00fcvenilirlik arayan end\u00fcstriyel uygulamalar i\u00e7in m\u00fckemmel bir \u00e7\u00f6z\u00fcmd\u00fcr.\" \/>\n<meta property=\"og:url\" content=\"https:\/\/barrsell.com\/en\/product\/hygromatik-steam-cylinder-b-3204031\/\" \/>\n<meta property=\"og:site_name\" content=\"Barrsell\" \/>\n<meta property=\"article:modified_time\" content=\"2024-12-10T12:13:51+00:00\" \/>\n<meta property=\"og:image\" content=\"https:\/\/barrsell.com\/wp-content\/uploads\/2024\/09\/HygroMatik-Buhar-Silindiri-B-3204031.png\" \/>\n\t<meta property=\"og:image:width\" content=\"1200\" \/>\n\t<meta property=\"og:image:height\" content=\"1200\" \/>\n\t<meta property=\"og:image:type\" content=\"image\/png\" \/>\n<meta name=\"twitter:card\" content=\"summary_large_image\" \/>\n<meta name=\"twitter:label1\" content=\"Est. reading time\" \/>\n\t<meta name=\"twitter:data1\" content=\"2 minutes\" \/>\n<script type=\"application\/ld+json\" class=\"yoast-schema-graph\">{\"@context\":\"https:\/\/schema.org\",\"@graph\":[{\"@type\":\"WebPage\",\"@id\":\"https:\/\/barrsell.com\/urun\/hygromatik-buhar-silindiri-b-3204031\/\",\"url\":\"https:\/\/barrsell.com\/urun\/hygromatik-buhar-silindiri-b-3204031\/\",\"name\":\"HygroMatik Buhar Silindiri B-3204031 Barrsell End\u00fcstri\",\"isPartOf\":{\"@id\":\"https:\/\/barrsell.com\/#website\"},\"primaryImageOfPage\":{\"@id\":\"https:\/\/barrsell.com\/urun\/hygromatik-buhar-silindiri-b-3204031\/#primaryimage\"},\"image\":{\"@id\":\"https:\/\/barrsell.com\/urun\/hygromatik-buhar-silindiri-b-3204031\/#primaryimage\"},\"thumbnailUrl\":\"https:\/\/barrsell.com\/wp-content\/uploads\/2024\/09\/HygroMatik-Buhar-Silindiri-B-3204031.png\",\"datePublished\":\"2024-09-09T09:32:39+00:00\",\"dateModified\":\"2024-12-10T12:13:51+00:00\",\"description\":\"HygroMatik Buhar Silindiri B-3204031, buhar sistemlerinde y\u00fcksek performans ve g\u00fcvenilirlik arayan end\u00fcstriyel uygulamalar i\u00e7in m\u00fckemmel bir \u00e7\u00f6z\u00fcmd\u00fcr.\",\"breadcrumb\":{\"@id\":\"https:\/\/barrsell.com\/urun\/hygromatik-buhar-silindiri-b-3204031\/#breadcrumb\"},\"inLanguage\":\"en-US\",\"potentialAction\":[{\"@type\":\"ReadAction\",\"target\":[\"https:\/\/barrsell.com\/urun\/hygromatik-buhar-silindiri-b-3204031\/\"]}]},{\"@type\":\"ImageObject\",\"inLanguage\":\"en-US\",\"@id\":\"https:\/\/barrsell.com\/urun\/hygromatik-buhar-silindiri-b-3204031\/#primaryimage\",\"url\":\"https:\/\/barrsell.com\/wp-content\/uploads\/2024\/09\/HygroMatik-Buhar-Silindiri-B-3204031.png\",\"contentUrl\":\"https:\/\/barrsell.com\/wp-content\/uploads\/2024\/09\/HygroMatik-Buhar-Silindiri-B-3204031.png\",\"width\":1200,\"height\":1200,\"caption\":\"HygroMatik Buhar Silindiri B-3204031\"},{\"@type\":\"BreadcrumbList\",\"@id\":\"https:\/\/barrsell.com\/urun\/hygromatik-buhar-silindiri-b-3204031\/#breadcrumb\",\"itemListElement\":[{\"@type\":\"ListItem\",\"position\":1,\"name\":\"Home\",\"item\":\"https:\/\/barrsell.com\/\"},{\"@type\":\"ListItem\",\"position\":2,\"name\":\"\u00dcr\u00fcnler\",\"item\":\"https:\/\/barrsell.com\/en\/products\/\"},{\"@type\":\"ListItem\",\"position\":3,\"name\":\"HygroMatik Buhar Silindiri B-3204031\"}]},{\"@type\":\"WebSite\",\"@id\":\"https:\/\/barrsell.com\/#website\",\"url\":\"https:\/\/barrsell.com\/\",\"name\":\"Barrsell End\u00fcstri Makine\",\"description\":\"Teknolojiyle G\u00fc\u00e7lenen End\u00fcstriyel \u00c7\u00f6z\u00fcmler!\",\"potentialAction\":[{\"@type\":\"SearchAction\",\"target\":{\"@type\":\"EntryPoint\",\"urlTemplate\":\"https:\/\/barrsell.com\/?s={search_term_string}\"},\"query-input\":\"required name=search_term_string\"}],\"inLanguage\":\"en-US\"}]}<\/script>\n<!-- \/ Yoast SEO Premium plugin. -->","yoast_head_json":{"title":"HygroMatik Buhar Silindiri B-3204031 Barrsell End\u00fcstri","description":"HygroMatik Buhar Silindiri B-3204031, buhar sistemlerinde y\u00fcksek performans ve g\u00fcvenilirlik arayan end\u00fcstriyel uygulamalar i\u00e7in m\u00fckemmel bir \u00e7\u00f6z\u00fcmd\u00fcr.","robots":{"index":"index","follow":"follow","max-snippet":"max-snippet:-1","max-image-preview":"max-image-preview:large","max-video-preview":"max-video-preview:-1"},"canonical":"https:\/\/barrsell.com\/en\/product\/hygromatik-steam-cylinder-b-3204031\/","og_locale":"en_US","og_type":"article","og_title":"HygroMatik Buhar Silindiri B-3204031","og_description":"HygroMatik Buhar Silindiri B-3204031, buhar sistemlerinde y\u00fcksek performans ve g\u00fcvenilirlik arayan end\u00fcstriyel uygulamalar i\u00e7in m\u00fckemmel bir \u00e7\u00f6z\u00fcmd\u00fcr.","og_url":"https:\/\/barrsell.com\/en\/product\/hygromatik-steam-cylinder-b-3204031\/","og_site_name":"Barrsell","article_modified_time":"2024-12-10T12:13:51+00:00","og_image":[{"width":1200,"height":1200,"url":"https:\/\/barrsell.com\/wp-content\/uploads\/2024\/09\/HygroMatik-Buhar-Silindiri-B-3204031.png","type":"image\/png"}],"twitter_card":"summary_large_image","twitter_misc":{"Est. reading time":"2 minutes"},"schema":{"@context":"https:\/\/schema.org","@graph":[{"@type":"WebPage","@id":"https:\/\/barrsell.com\/urun\/hygromatik-buhar-silindiri-b-3204031\/","url":"https:\/\/barrsell.com\/urun\/hygromatik-buhar-silindiri-b-3204031\/","name":"HygroMatik Buhar Silindiri B-3204031 Barrsell End\u00fcstri","isPartOf":{"@id":"https:\/\/barrsell.com\/#website"},"primaryImageOfPage":{"@id":"https:\/\/barrsell.com\/urun\/hygromatik-buhar-silindiri-b-3204031\/#primaryimage"},"image":{"@id":"https:\/\/barrsell.com\/urun\/hygromatik-buhar-silindiri-b-3204031\/#primaryimage"},"thumbnailUrl":"https:\/\/barrsell.com\/wp-content\/uploads\/2024\/09\/HygroMatik-Buhar-Silindiri-B-3204031.png","datePublished":"2024-09-09T09:32:39+00:00","dateModified":"2024-12-10T12:13:51+00:00","description":"HygroMatik Buhar Silindiri B-3204031, buhar sistemlerinde y\u00fcksek performans ve g\u00fcvenilirlik arayan end\u00fcstriyel uygulamalar i\u00e7in m\u00fckemmel bir \u00e7\u00f6z\u00fcmd\u00fcr.","breadcrumb":{"@id":"https:\/\/barrsell.com\/urun\/hygromatik-buhar-silindiri-b-3204031\/#breadcrumb"},"inLanguage":"en-US","potentialAction":[{"@type":"ReadAction","target":["https:\/\/barrsell.com\/urun\/hygromatik-buhar-silindiri-b-3204031\/"]}]},{"@type":"ImageObject","inLanguage":"en-US","@id":"https:\/\/barrsell.com\/urun\/hygromatik-buhar-silindiri-b-3204031\/#primaryimage","url":"https:\/\/barrsell.com\/wp-content\/uploads\/2024\/09\/HygroMatik-Buhar-Silindiri-B-3204031.png","contentUrl":"https:\/\/barrsell.com\/wp-content\/uploads\/2024\/09\/HygroMatik-Buhar-Silindiri-B-3204031.png","width":1200,"height":1200,"caption":"HygroMatik Buhar Silindiri B-3204031"},{"@type":"BreadcrumbList","@id":"https:\/\/barrsell.com\/urun\/hygromatik-buhar-silindiri-b-3204031\/#breadcrumb","itemListElement":[{"@type":"ListItem","position":1,"name":"Home","item":"https:\/\/barrsell.com\/"},{"@type":"ListItem","position":2,"name":"\u00dcr\u00fcnler","item":"https:\/\/barrsell.com\/en\/products\/"},{"@type":"ListItem","position":3,"name":"HygroMatik Buhar Silindiri B-3204031"}]},{"@type":"WebSite","@id":"https:\/\/barrsell.com\/#website","url":"https:\/\/barrsell.com\/","name":"Barrsell End\u00fcstri Makine","description":"Teknolojiyle G\u00fc\u00e7lenen End\u00fcstriyel \u00c7\u00f6z\u00fcmler!","potentialAction":[{"@type":"SearchAction","target":{"@type":"EntryPoint","urlTemplate":"https:\/\/barrsell.com\/?s={search_term_string}"},"query-input":"required name=search_term_string"}],"inLanguage":"en-US"}]}},"_links":{"self":[{"href":"https:\/\/barrsell.com\/en\/wp-json\/wp\/v2\/product\/14449","targetHints":{"allow":["GET"]}}],"collection":[{"href":"https:\/\/barrsell.com\/en\/wp-json\/wp\/v2\/product"}],"about":[{"href":"https:\/\/barrsell.com\/en\/wp-json\/wp\/v2\/types\/product"}],"version-history":[{"count":7,"href":"https:\/\/barrsell.com\/en\/wp-json\/wp\/v2\/product\/14449\/revisions"}],"predecessor-version":[{"id":19014,"href":"https:\/\/barrsell.com\/en\/wp-json\/wp\/v2\/product\/14449\/revisions\/19014"}],"wp:featuredmedia":[{"embeddable":true,"href":"https:\/\/barrsell.com\/en\/wp-json\/wp\/v2\/media\/14451"}],"wp:attachment":[{"href":"https:\/\/barrsell.com\/en\/wp-json\/wp\/v2\/media?parent=14449"}],"wp:term":[{"taxonomy":"product_cat","embeddable":true,"href":"https:\/\/barrsell.com\/en\/wp-json\/wp\/v2\/product_cat?post=14449"},{"taxonomy":"product_tag","embeddable":true,"href":"https:\/\/barrsell.com\/en\/wp-json\/wp\/v2\/product_tag?post=14449"}],"curies":[{"name":"wp","href":"https:\/\/api.w.org\/{rel}","templated":true}]}}