{"id":14445,"date":"2024-09-09T09:22:23","date_gmt":"2024-09-09T09:22:23","guid":{"rendered":"https:\/\/barrsell.com\/?post_type=product&#038;p=14445"},"modified":"2024-12-10T12:37:35","modified_gmt":"2024-12-10T12:37:35","slug":"hygromatik-ana-kontaktor-e-2501005","status":"publish","type":"product","link":"https:\/\/barrsell.com\/en\/product\/hygromatik-ana-kontaktor-e-2501005\/","title":{"rendered":"HygroMatik Main Contactor E-2501005"},"content":{"rendered":"<h2>HygroMatik Main contactor E-2501005<\/h2>\n<p>HygroMatik Ana kontakt\u00f6r E-2501005, 16A kapasiteye sahip bir ana kontak\u00f6t\u00f6rd\u00fcr. \u00d6zellikle buhar jenerat\u00f6rleri ve nemlendiricilerde i\u00e7in. Ayr\u0131ca 230V AC coil voltaj\u0131na sahip olan bu par\u00e7a, <a href=\"https:\/\/wdteknoloji.com\/urunler\/hygromatik-nemlendirici-compactline\/\">CompactLine serisi<\/a> gibi HygroMatik \u00fcr\u00fcnlerinde yayg\u0131n olarak kullan\u0131l\u0131r. HygroMatik C06 CompactLine buharl\u0131 nemlendirici\/buhar jenerat\u00f6r\u00fc i\u00e7in orijinal ana kontakt\u00f6r yedek par\u00e7as\u0131, 16 A kapasiteye ve 230 V voltaja sahiptir. Ayr\u0131ca C10 modeline de uyumlu olarak tasarlanm\u0131\u015ft\u0131r.<\/p>\n<table class=\"table table-sm table-striped table-bordered-outline\" style=\"height: 61px;\" width=\"1194\">\n<tbody>\n<tr>\n<td class=\"h6\">:<\/td>\n<td class=\"attr-characteristic\"><strong>CompactLine Elektrode Heater Compact\u00a0 \u00a0HeaterSlim HyLine ElektrodeTyp MiniSteam Elektrode Typ MiniSteam 2005 Elektrode \u00a0Typ LPS<\/strong><\/td>\n<\/tr>\n<tr>\n<td class=\"h6\">:<\/td>\n<td class=\"attr-characteristic\">C06 C10\u00a0 HC02 HS06 HS10 HY05 HY08 MSE05 MSE10 MS05 MS10<\/td>\n<\/tr>\n<\/tbody>\n<\/table>\n<h4>Technical Specifications<\/h4>\n<ol>\n<li class=\" translation-block\"><strong>High Current Capacity<\/strong>: The E-2501005 has a high current carrying capacity. This makes it an ideal choice for large power systems and high power motors. It also enables the contactor to safely control large loads.<\/li>\n<li class=\" translation-block\"><strong>Compact and Durable Design: The contactor has a<\/strong>: <a href=\"https:\/\/wdteknoloji.com\/urunler\/wdt-wellness-design-technology-2\/\" target=\"_self\">Kontakt\u00f6r<\/a> compact structure and is made of durable materials. This ensures that the device has a long service life even in harsh conditions and at the same time delivers reliable performance.<\/li>\n<li><strong>Low Energy Consumption<\/strong>: <em>E-2501005<\/em>operates with low energy consumption. This reduces energy costs and offers an environmentally friendly solution.<\/li>\n<li class=\" translation-block\"><strong>Fast Response Time<\/strong>: The contactor provides high performance operations with fast response time. This feature increases efficiency and speeds up system responses in industrial automation systems.<\/li>\n<li class=\" translation-block\"><strong>Easy Assembly and Operation<\/strong>: The E-2501005 has an easy-to-install and user-friendly design. This speeds up the installation process and facilitates maintenance.<\/li>\n<li class=\" translation-block\"><strong>High Safety Standards<\/strong>: The contactor is manufactured in accordance with high safety standards. This ensures safe working conditions and prevents possible malfunctions.<\/li>\n<\/ol>","protected":false},"excerpt":{"rendered":"<div class=\"flex max-w-full flex-col flex-grow\">\n<div class=\"min-h-8 text-message flex w-full flex-col items-end gap-2 whitespace-normal break-words text-start [.text-message+&amp;]:mt-5\" dir=\"auto\" data-message-author-role=\"assistant\" data-message-id=\"7afbfc93-8c90-4114-accd-ad9f7137bd9c\" data-message-model-slug=\"gpt-4o\">\n<div class=\"flex w-full flex-col gap-1 empty:hidden first:pt-[3px]\">\n<div class=\"markdown prose w-full break-words dark:prose-invert light\">\n<h4>Compatible Humidifiers<\/h4>\n<table class=\"table table-sm table-striped table-bordered-outline\" style=\"height: 59px;\" width=\"1172\">\n<tbody>\n<tr>\n<td class=\"h6\">:<\/td>\n<td class=\"attr-characteristic\"><strong>CompactLine Elektrode Heater Compact\u00a0 \u00a0HeaterSlim HyLine ElektrodeTyp MiniSteam Elektrode Typ MiniSteam 2005 Elektrode \u00a0Typ LPS<\/strong><\/td>\n<\/tr>\n<tr>\n<td class=\"h6\">:<\/td>\n<td class=\"attr-characteristic\">C06 C10\u00a0 HC02 HS06 HS10 HY05 HY08 MSE05 MSE10 MS05 MS10<\/td>\n<\/tr>\n<\/tbody>\n<\/table>\n<h4><span style=\"color: #333333; font-size: 16px;\">In order for the spare parts to be fully compatible with your device, we recommend that you share a photo of the product label with us to avoid any confusion during the ordering process.<\/span><\/h4>\n<\/div>\n<\/div>\n<\/div>\n<\/div>","protected":false},"featured_media":14446,"template":"","meta":[],"product_cat":[130],"product_tag":[],"class_list":{"0":"post-14445","1":"product","2":"type-product","3":"status-publish","4":"has-post-thumbnail","6":"product_cat-hygromatik-yedek-parcalari","8":"first","9":"instock","10":"shipping-taxable","11":"product-type-external"},"yoast_head":"<!-- This site is optimized with the Yoast SEO Premium plugin v23.2 (Yoast SEO v23.2) - https:\/\/yoast.com\/wordpress\/plugins\/seo\/ -->\n<title>HygroMatik Ana Kontakt\u00f6r E-2501005 Barrsell End\u00fcstri<\/title>\n<meta name=\"description\" content=\"HygroMatik Ana Kontakt\u00f6r E-2501005 16A kapasiteye sahip bir ana kontak\u00f6t\u00f6rd\u00fcr. Buhar jenerat\u00f6rleri ve nemlendiricilerde kullan\u0131lmak \u00fczere tasarlanm\u0131\u015ft\u0131r.\" \/>\n<meta name=\"robots\" content=\"index, follow, max-snippet:-1, max-image-preview:large, max-video-preview:-1\" \/>\n<link rel=\"canonical\" href=\"https:\/\/barrsell.com\/en\/product\/hygromatik-ana-kontaktor-e-2501005\/\" \/>\n<meta property=\"og:locale\" content=\"en_US\" \/>\n<meta property=\"og:type\" content=\"article\" \/>\n<meta property=\"og:title\" content=\"HygroMatik Ana Kontakt\u00f6r E-2501005\" \/>\n<meta property=\"og:description\" content=\"HygroMatik Ana Kontakt\u00f6r E-2501005 16A kapasiteye sahip bir ana kontak\u00f6t\u00f6rd\u00fcr. Buhar jenerat\u00f6rleri ve nemlendiricilerde kullan\u0131lmak \u00fczere tasarlanm\u0131\u015ft\u0131r.\" \/>\n<meta property=\"og:url\" content=\"https:\/\/barrsell.com\/en\/product\/hygromatik-ana-kontaktor-e-2501005\/\" \/>\n<meta property=\"og:site_name\" content=\"Barrsell\" \/>\n<meta property=\"article:modified_time\" content=\"2024-12-10T12:37:35+00:00\" \/>\n<meta property=\"og:image\" content=\"https:\/\/barrsell.com\/wp-content\/uploads\/2024\/09\/HygroMatik-Ana-kontaktor-E-2501005.png\" \/>\n\t<meta property=\"og:image:width\" content=\"1200\" \/>\n\t<meta property=\"og:image:height\" content=\"1200\" \/>\n\t<meta property=\"og:image:type\" content=\"image\/png\" \/>\n<meta name=\"twitter:card\" content=\"summary_large_image\" \/>\n<meta name=\"twitter:label1\" content=\"Est. reading time\" \/>\n\t<meta name=\"twitter:data1\" content=\"2 minutes\" \/>\n<script type=\"application\/ld+json\" class=\"yoast-schema-graph\">{\"@context\":\"https:\/\/schema.org\",\"@graph\":[{\"@type\":\"WebPage\",\"@id\":\"https:\/\/barrsell.com\/urun\/hygromatik-ana-kontaktor-e-2501005\/\",\"url\":\"https:\/\/barrsell.com\/urun\/hygromatik-ana-kontaktor-e-2501005\/\",\"name\":\"HygroMatik Ana Kontakt\u00f6r E-2501005 Barrsell End\u00fcstri\",\"isPartOf\":{\"@id\":\"https:\/\/barrsell.com\/#website\"},\"primaryImageOfPage\":{\"@id\":\"https:\/\/barrsell.com\/urun\/hygromatik-ana-kontaktor-e-2501005\/#primaryimage\"},\"image\":{\"@id\":\"https:\/\/barrsell.com\/urun\/hygromatik-ana-kontaktor-e-2501005\/#primaryimage\"},\"thumbnailUrl\":\"https:\/\/barrsell.com\/wp-content\/uploads\/2024\/09\/HygroMatik-Ana-kontaktor-E-2501005.png\",\"datePublished\":\"2024-09-09T09:22:23+00:00\",\"dateModified\":\"2024-12-10T12:37:35+00:00\",\"description\":\"HygroMatik Ana Kontakt\u00f6r E-2501005 16A kapasiteye sahip bir ana kontak\u00f6t\u00f6rd\u00fcr. Buhar jenerat\u00f6rleri ve nemlendiricilerde kullan\u0131lmak \u00fczere tasarlanm\u0131\u015ft\u0131r.\",\"breadcrumb\":{\"@id\":\"https:\/\/barrsell.com\/urun\/hygromatik-ana-kontaktor-e-2501005\/#breadcrumb\"},\"inLanguage\":\"en-US\",\"potentialAction\":[{\"@type\":\"ReadAction\",\"target\":[\"https:\/\/barrsell.com\/urun\/hygromatik-ana-kontaktor-e-2501005\/\"]}]},{\"@type\":\"ImageObject\",\"inLanguage\":\"en-US\",\"@id\":\"https:\/\/barrsell.com\/urun\/hygromatik-ana-kontaktor-e-2501005\/#primaryimage\",\"url\":\"https:\/\/barrsell.com\/wp-content\/uploads\/2024\/09\/HygroMatik-Ana-kontaktor-E-2501005.png\",\"contentUrl\":\"https:\/\/barrsell.com\/wp-content\/uploads\/2024\/09\/HygroMatik-Ana-kontaktor-E-2501005.png\",\"width\":1200,\"height\":1200,\"caption\":\"HygroMatik Ana kontakt\u00f6r E-2501005\"},{\"@type\":\"BreadcrumbList\",\"@id\":\"https:\/\/barrsell.com\/urun\/hygromatik-ana-kontaktor-e-2501005\/#breadcrumb\",\"itemListElement\":[{\"@type\":\"ListItem\",\"position\":1,\"name\":\"Home\",\"item\":\"https:\/\/barrsell.com\/\"},{\"@type\":\"ListItem\",\"position\":2,\"name\":\"\u00dcr\u00fcnler\",\"item\":\"https:\/\/barrsell.com\/en\/products\/\"},{\"@type\":\"ListItem\",\"position\":3,\"name\":\"HygroMatik Ana Kontakt\u00f6r E-2501005\"}]},{\"@type\":\"WebSite\",\"@id\":\"https:\/\/barrsell.com\/#website\",\"url\":\"https:\/\/barrsell.com\/\",\"name\":\"Barrsell End\u00fcstri Makine\",\"description\":\"Teknolojiyle G\u00fc\u00e7lenen End\u00fcstriyel \u00c7\u00f6z\u00fcmler!\",\"potentialAction\":[{\"@type\":\"SearchAction\",\"target\":{\"@type\":\"EntryPoint\",\"urlTemplate\":\"https:\/\/barrsell.com\/?s={search_term_string}\"},\"query-input\":\"required name=search_term_string\"}],\"inLanguage\":\"en-US\"}]}<\/script>\n<!-- \/ Yoast SEO Premium plugin. -->","yoast_head_json":{"title":"HygroMatik Ana Kontakt\u00f6r E-2501005 Barrsell End\u00fcstri","description":"HygroMatik Ana Kontakt\u00f6r E-2501005 16A kapasiteye sahip bir ana kontak\u00f6t\u00f6rd\u00fcr. Buhar jenerat\u00f6rleri ve nemlendiricilerde kullan\u0131lmak \u00fczere tasarlanm\u0131\u015ft\u0131r.","robots":{"index":"index","follow":"follow","max-snippet":"max-snippet:-1","max-image-preview":"max-image-preview:large","max-video-preview":"max-video-preview:-1"},"canonical":"https:\/\/barrsell.com\/en\/product\/hygromatik-ana-kontaktor-e-2501005\/","og_locale":"en_US","og_type":"article","og_title":"HygroMatik Ana Kontakt\u00f6r E-2501005","og_description":"HygroMatik Ana Kontakt\u00f6r E-2501005 16A kapasiteye sahip bir ana kontak\u00f6t\u00f6rd\u00fcr. Buhar jenerat\u00f6rleri ve nemlendiricilerde kullan\u0131lmak \u00fczere tasarlanm\u0131\u015ft\u0131r.","og_url":"https:\/\/barrsell.com\/en\/product\/hygromatik-ana-kontaktor-e-2501005\/","og_site_name":"Barrsell","article_modified_time":"2024-12-10T12:37:35+00:00","og_image":[{"width":1200,"height":1200,"url":"https:\/\/barrsell.com\/wp-content\/uploads\/2024\/09\/HygroMatik-Ana-kontaktor-E-2501005.png","type":"image\/png"}],"twitter_card":"summary_large_image","twitter_misc":{"Est. reading time":"2 minutes"},"schema":{"@context":"https:\/\/schema.org","@graph":[{"@type":"WebPage","@id":"https:\/\/barrsell.com\/urun\/hygromatik-ana-kontaktor-e-2501005\/","url":"https:\/\/barrsell.com\/urun\/hygromatik-ana-kontaktor-e-2501005\/","name":"HygroMatik Ana Kontakt\u00f6r E-2501005 Barrsell End\u00fcstri","isPartOf":{"@id":"https:\/\/barrsell.com\/#website"},"primaryImageOfPage":{"@id":"https:\/\/barrsell.com\/urun\/hygromatik-ana-kontaktor-e-2501005\/#primaryimage"},"image":{"@id":"https:\/\/barrsell.com\/urun\/hygromatik-ana-kontaktor-e-2501005\/#primaryimage"},"thumbnailUrl":"https:\/\/barrsell.com\/wp-content\/uploads\/2024\/09\/HygroMatik-Ana-kontaktor-E-2501005.png","datePublished":"2024-09-09T09:22:23+00:00","dateModified":"2024-12-10T12:37:35+00:00","description":"HygroMatik Ana Kontakt\u00f6r E-2501005 16A kapasiteye sahip bir ana kontak\u00f6t\u00f6rd\u00fcr. Buhar jenerat\u00f6rleri ve nemlendiricilerde kullan\u0131lmak \u00fczere tasarlanm\u0131\u015ft\u0131r.","breadcrumb":{"@id":"https:\/\/barrsell.com\/urun\/hygromatik-ana-kontaktor-e-2501005\/#breadcrumb"},"inLanguage":"en-US","potentialAction":[{"@type":"ReadAction","target":["https:\/\/barrsell.com\/urun\/hygromatik-ana-kontaktor-e-2501005\/"]}]},{"@type":"ImageObject","inLanguage":"en-US","@id":"https:\/\/barrsell.com\/urun\/hygromatik-ana-kontaktor-e-2501005\/#primaryimage","url":"https:\/\/barrsell.com\/wp-content\/uploads\/2024\/09\/HygroMatik-Ana-kontaktor-E-2501005.png","contentUrl":"https:\/\/barrsell.com\/wp-content\/uploads\/2024\/09\/HygroMatik-Ana-kontaktor-E-2501005.png","width":1200,"height":1200,"caption":"HygroMatik Ana kontakt\u00f6r E-2501005"},{"@type":"BreadcrumbList","@id":"https:\/\/barrsell.com\/urun\/hygromatik-ana-kontaktor-e-2501005\/#breadcrumb","itemListElement":[{"@type":"ListItem","position":1,"name":"Home","item":"https:\/\/barrsell.com\/"},{"@type":"ListItem","position":2,"name":"\u00dcr\u00fcnler","item":"https:\/\/barrsell.com\/en\/products\/"},{"@type":"ListItem","position":3,"name":"HygroMatik Ana Kontakt\u00f6r E-2501005"}]},{"@type":"WebSite","@id":"https:\/\/barrsell.com\/#website","url":"https:\/\/barrsell.com\/","name":"Barrsell End\u00fcstri Makine","description":"Teknolojiyle G\u00fc\u00e7lenen End\u00fcstriyel \u00c7\u00f6z\u00fcmler!","potentialAction":[{"@type":"SearchAction","target":{"@type":"EntryPoint","urlTemplate":"https:\/\/barrsell.com\/?s={search_term_string}"},"query-input":"required name=search_term_string"}],"inLanguage":"en-US"}]}},"_links":{"self":[{"href":"https:\/\/barrsell.com\/en\/wp-json\/wp\/v2\/product\/14445","targetHints":{"allow":["GET"]}}],"collection":[{"href":"https:\/\/barrsell.com\/en\/wp-json\/wp\/v2\/product"}],"about":[{"href":"https:\/\/barrsell.com\/en\/wp-json\/wp\/v2\/types\/product"}],"version-history":[{"count":10,"href":"https:\/\/barrsell.com\/en\/wp-json\/wp\/v2\/product\/14445\/revisions"}],"predecessor-version":[{"id":15501,"href":"https:\/\/barrsell.com\/en\/wp-json\/wp\/v2\/product\/14445\/revisions\/15501"}],"wp:featuredmedia":[{"embeddable":true,"href":"https:\/\/barrsell.com\/en\/wp-json\/wp\/v2\/media\/14446"}],"wp:attachment":[{"href":"https:\/\/barrsell.com\/en\/wp-json\/wp\/v2\/media?parent=14445"}],"wp:term":[{"taxonomy":"product_cat","embeddable":true,"href":"https:\/\/barrsell.com\/en\/wp-json\/wp\/v2\/product_cat?post=14445"},{"taxonomy":"product_tag","embeddable":true,"href":"https:\/\/barrsell.com\/en\/wp-json\/wp\/v2\/product_tag?post=14445"}],"curies":[{"name":"wp","href":"https:\/\/api.w.org\/{rel}","templated":true}]}}