{"id":14440,"date":"2024-09-09T09:13:14","date_gmt":"2024-09-09T09:13:14","guid":{"rendered":"https:\/\/barrsell.com\/?post_type=product&#038;p=14440"},"modified":"2024-12-10T12:39:59","modified_gmt":"2024-12-10T12:39:59","slug":"hygromatik-elektrot-b-2204087","status":"publish","type":"product","link":"https:\/\/barrsell.com\/en\/product\/hygromatik-electrode-b-2204087\/","title":{"rendered":"HygroMatik Electrode B-2204087"},"content":{"rendered":"<h2>HygroMatik Electrode B-2204087: Technical Specifications and Advantages<\/h2>\n<p>HygroMatik Elektrot B-2204087, modern buhar \u00fcretim sistemleri i\u00e7in geli\u015ftirilmi\u015f y\u00fcksek performansl\u0131 bir yedek par\u00e7ad\u0131r. Ayr\u0131ca buhar jenerat\u00f6rleri ve nemlendirici sistemlerde uzun \u00f6m\u00fcrl\u00fc ve verimli bir \u00e7al\u0131\u015fma sa\u011flayarak hem end\u00fcstriyel hem de ticari alanlarda m\u00fckemmel bir \u00e7\u00f6z\u00fcm sunar. Hygromatik buharl\u0131 nemlendirici \/ buhar jenerat\u00f6r\u00fc C17 Compactline i\u00e7in elektrot \u0131s\u0131tma elemanlar\u0131na ait orijinal yedek par\u00e7a seti (el somunu seti hari\u00e7, 3 adet)<\/p>\n<table style=\"height: 90px;\" width=\"753\">\n<tbody>\n<tr>\n<td width=\"144\"><strong>CompactLine Elektrode<\/strong><\/td>\n<td width=\"114\"><strong>FlexLine Elektrode<\/strong><\/td>\n<td width=\"146\"><strong>StandardLine Elektrode<\/strong><\/td>\n<td width=\"129\"><strong>HyLine Elektrode<\/strong><\/td>\n<\/tr>\n<tr>\n<td colspan=\"2\">C17\u00a0 \u00a0 \u00a0 \u00a0 \u00a0 \u00a0 \u00a0 \u00a0 \u00a0 \u00a0 \u00a0 \u00a0 \u00a0 \u00a0 \u00a0 \u00a0 \u00a0 \u00a0 \u00a0 \u00a0 \u00a0 \u00a0 \u00a0FLE15 FLE20<\/td>\n<td>SLE15<\/td>\n<td>HY13 HY17<\/td>\n<\/tr>\n<\/tbody>\n<\/table>\n<h4>Technical Specifications<\/h4>\n<p>HygroMatik Electrode B-2204087 is specifically designed for high performance and long service life. Here are the technical specifications of this electrode:<\/p>\n<ol>\n<li class=\" translation-block\"><strong>High Quality Materials<\/strong>: B-2204087 is made of high quality materials that are resistant to wear and corrosion. This therefore guarantees long-term use of the electrode and reduces maintenance needs.<\/li>\n<li class=\" translation-block\"><strong>Excellent Electrical Conductivity<\/strong>: The electrode offers low resistance and high conductivity. This minimizes energy losses and improves system performance.<\/li>\n<li class=\" translation-block\"><strong>High Heat Endurance<\/strong>: The electrode is designed to provide reliable performance in high temperature conditions. This allows it to operate effectively in steam systems and applications requiring high temperatures.<\/li>\n<li class=\" translation-block\"><strong>Corrosion Resistance<\/strong>: B-2204087 offers superior resistance to corrosion. It also provides long-lasting use even in harsh environmental conditions.<\/li>\n<li class=\" translation-block\"><strong>Easy Installation and Maintenance<\/strong>: Thanks to its user-friendly design, the electrode is simple to install and maintain. It also speeds up maintenance processes and reduces costs for businesses.<\/li>\n<li class=\" translation-block\"><strong>Long Lasting Performance<\/strong>: The electrode offers long-term performance. Its durable construction eliminates the need for frequent replacement and reduces overall operating costs.<\/li>\n<\/ol>","protected":false},"excerpt":{"rendered":"<div class=\"flex max-w-full flex-col flex-grow\">\n<div class=\"min-h-8 text-message flex w-full flex-col items-end gap-2 whitespace-normal break-words text-start [.text-message+&amp;]:mt-5\" dir=\"auto\" data-message-author-role=\"assistant\" data-message-id=\"b8bcac76-65ee-42be-9b0e-3b9238cbd64f\" data-message-model-slug=\"gpt-4o\">\n<div class=\"flex w-full flex-col gap-1 empty:hidden first:pt-[3px]\">\n<div class=\"markdown prose w-full break-words dark:prose-invert light\">\n<h4>Compatible Humidifiers<\/h4>\n<table style=\"height: 90px;\" width=\"753\">\n<tbody>\n<tr>\n<td width=\"144\"><strong>CompactLine Elektrode<\/strong><\/td>\n<td width=\"114\"><strong>FlexLine Elektrode<\/strong><\/td>\n<td width=\"146\"><strong>StandardLine Elektrode<\/strong><\/td>\n<td width=\"129\"><strong>HyLine Elektrode<\/strong><\/td>\n<\/tr>\n<tr>\n<td colspan=\"2\">C17\u00a0 \u00a0 \u00a0 \u00a0 \u00a0 \u00a0 \u00a0 \u00a0 \u00a0 \u00a0 \u00a0 \u00a0 \u00a0 \u00a0 \u00a0 \u00a0 \u00a0 \u00a0 \u00a0 \u00a0 \u00a0FLE15 FLE20<\/td>\n<td>SLE15<\/td>\n<td>HY13 HY17<\/td>\n<\/tr>\n<\/tbody>\n<\/table>\n<div class=\"elementor-element elementor-element-ce05bd9 wd-single-short-desc text-left elementor-widget elementor-widget-wd_single_product_short_description\" data-id=\"ce05bd9\" data-element_type=\"widget\" data-widget_type=\"wd_single_product_short_description.default\">\n<div class=\"elementor-widget-container\">\n<div class=\"woocommerce-product-details__short-description\">\n<ul>\n<li>In order for the spare parts to be fully compatible with your device, we recommend that you share a photo of the product label with us to avoid any confusion during the ordering process.<\/li>\n<\/ul>\n<\/div>\n<\/div>\n<\/div>\n<div class=\"elementor-element elementor-element-308ab41 e-con-full e-flex e-con e-child\" data-id=\"308ab41\" data-element_type=\"container\">\n<div class=\"elementor-element elementor-element-84259fc wd-single-price text-left elementor-widget elementor-widget-wd_single_product_price\" data-id=\"84259fc\" data-element_type=\"widget\" data-widget_type=\"wd_single_product_price.default\">\n<div class=\"elementor-widget-container\"><\/div>\n<\/div>\n<\/div>\n<div class=\"elementor-element elementor-element-74ce333 wd-btn-design-full wd-single-add-cart text-left wd-design-default wd-swatch-layout-default wd-stock-status-off elementor-widget elementor-widget-wd_single_product_add_to_cart\" data-id=\"74ce333\" data-element_type=\"widget\" data-widget_type=\"wd_single_product_add_to_cart.default\">\n<div class=\"elementor-widget-container\"><\/div>\n<\/div>\n<\/div>\n<\/div>\n<\/div>\n<\/div>","protected":false},"featured_media":18983,"template":"","meta":[],"product_cat":[130],"product_tag":[],"class_list":{"0":"post-14440","1":"product","2":"type-product","3":"status-publish","4":"has-post-thumbnail","6":"product_cat-hygromatik-yedek-parcalari","8":"first","9":"instock","10":"shipping-taxable","11":"product-type-external"},"yoast_head":"<!-- This site is optimized with the Yoast SEO Premium plugin v23.2 (Yoast SEO v23.2) - https:\/\/yoast.com\/wordpress\/plugins\/seo\/ -->\n<title>HygroMatik Elektrot B-2204087 Barrsell End\u00fcstri<\/title>\n<meta name=\"description\" content=\"HygroMatik Elektrot B-2204087, buhar sistemleri ve enerji y\u00f6netimi \u00e7\u00f6z\u00fcmlerinde kullan\u0131lan y\u00fcksek kaliteli bir bile\u015fendir.\" \/>\n<meta name=\"robots\" content=\"index, follow, max-snippet:-1, max-image-preview:large, max-video-preview:-1\" \/>\n<link rel=\"canonical\" href=\"https:\/\/barrsell.com\/en\/product\/hygromatik-electrode-b-2204087\/\" \/>\n<meta property=\"og:locale\" content=\"en_US\" \/>\n<meta property=\"og:type\" content=\"article\" \/>\n<meta property=\"og:title\" content=\"HygroMatik Elektrot B-2204087\" \/>\n<meta property=\"og:description\" content=\"HygroMatik Elektrot B-2204087, buhar sistemleri ve enerji y\u00f6netimi \u00e7\u00f6z\u00fcmlerinde kullan\u0131lan y\u00fcksek kaliteli bir bile\u015fendir.\" \/>\n<meta property=\"og:url\" content=\"https:\/\/barrsell.com\/en\/product\/hygromatik-electrode-b-2204087\/\" \/>\n<meta property=\"og:site_name\" content=\"Barrsell\" \/>\n<meta property=\"article:modified_time\" content=\"2024-12-10T12:39:59+00:00\" \/>\n<meta property=\"og:image\" content=\"https:\/\/barrsell.com\/wp-content\/uploads\/2024\/09\/elektroden-compactline-c17-hygromatik-cy17.webp\" \/>\n\t<meta property=\"og:image:width\" content=\"1000\" \/>\n\t<meta property=\"og:image:height\" content=\"1000\" \/>\n\t<meta property=\"og:image:type\" content=\"image\/webp\" \/>\n<meta name=\"twitter:card\" content=\"summary_large_image\" \/>\n<meta name=\"twitter:label1\" content=\"Est. reading time\" \/>\n\t<meta name=\"twitter:data1\" content=\"2 minutes\" \/>\n<script type=\"application\/ld+json\" class=\"yoast-schema-graph\">{\"@context\":\"https:\/\/schema.org\",\"@graph\":[{\"@type\":\"WebPage\",\"@id\":\"https:\/\/barrsell.com\/urun\/hygromatik-elektrot-b-2204087\/\",\"url\":\"https:\/\/barrsell.com\/urun\/hygromatik-elektrot-b-2204087\/\",\"name\":\"HygroMatik Elektrot B-2204087 Barrsell End\u00fcstri\",\"isPartOf\":{\"@id\":\"https:\/\/barrsell.com\/#website\"},\"primaryImageOfPage\":{\"@id\":\"https:\/\/barrsell.com\/urun\/hygromatik-elektrot-b-2204087\/#primaryimage\"},\"image\":{\"@id\":\"https:\/\/barrsell.com\/urun\/hygromatik-elektrot-b-2204087\/#primaryimage\"},\"thumbnailUrl\":\"https:\/\/barrsell.com\/wp-content\/uploads\/2024\/09\/elektroden-compactline-c17-hygromatik-cy17.webp\",\"datePublished\":\"2024-09-09T09:13:14+00:00\",\"dateModified\":\"2024-12-10T12:39:59+00:00\",\"description\":\"HygroMatik Elektrot B-2204087, buhar sistemleri ve enerji y\u00f6netimi \u00e7\u00f6z\u00fcmlerinde kullan\u0131lan y\u00fcksek kaliteli bir bile\u015fendir.\",\"breadcrumb\":{\"@id\":\"https:\/\/barrsell.com\/urun\/hygromatik-elektrot-b-2204087\/#breadcrumb\"},\"inLanguage\":\"en-US\",\"potentialAction\":[{\"@type\":\"ReadAction\",\"target\":[\"https:\/\/barrsell.com\/urun\/hygromatik-elektrot-b-2204087\/\"]}]},{\"@type\":\"ImageObject\",\"inLanguage\":\"en-US\",\"@id\":\"https:\/\/barrsell.com\/urun\/hygromatik-elektrot-b-2204087\/#primaryimage\",\"url\":\"https:\/\/barrsell.com\/wp-content\/uploads\/2024\/09\/elektroden-compactline-c17-hygromatik-cy17.webp\",\"contentUrl\":\"https:\/\/barrsell.com\/wp-content\/uploads\/2024\/09\/elektroden-compactline-c17-hygromatik-cy17.webp\",\"width\":1000,\"height\":1000,\"caption\":\"elektroden-compactline-c17-hygromatik-cy17\"},{\"@type\":\"BreadcrumbList\",\"@id\":\"https:\/\/barrsell.com\/urun\/hygromatik-elektrot-b-2204087\/#breadcrumb\",\"itemListElement\":[{\"@type\":\"ListItem\",\"position\":1,\"name\":\"Home\",\"item\":\"https:\/\/barrsell.com\/\"},{\"@type\":\"ListItem\",\"position\":2,\"name\":\"\u00dcr\u00fcnler\",\"item\":\"https:\/\/barrsell.com\/en\/products\/\"},{\"@type\":\"ListItem\",\"position\":3,\"name\":\"HygroMatik Elektrot B-2204087\"}]},{\"@type\":\"WebSite\",\"@id\":\"https:\/\/barrsell.com\/#website\",\"url\":\"https:\/\/barrsell.com\/\",\"name\":\"Barrsell End\u00fcstri Makine\",\"description\":\"Teknolojiyle G\u00fc\u00e7lenen End\u00fcstriyel \u00c7\u00f6z\u00fcmler!\",\"potentialAction\":[{\"@type\":\"SearchAction\",\"target\":{\"@type\":\"EntryPoint\",\"urlTemplate\":\"https:\/\/barrsell.com\/?s={search_term_string}\"},\"query-input\":\"required name=search_term_string\"}],\"inLanguage\":\"en-US\"}]}<\/script>\n<!-- \/ Yoast SEO Premium plugin. -->","yoast_head_json":{"title":"HygroMatik Elektrot B-2204087 Barrsell End\u00fcstri","description":"HygroMatik Elektrot B-2204087, buhar sistemleri ve enerji y\u00f6netimi \u00e7\u00f6z\u00fcmlerinde kullan\u0131lan y\u00fcksek kaliteli bir bile\u015fendir.","robots":{"index":"index","follow":"follow","max-snippet":"max-snippet:-1","max-image-preview":"max-image-preview:large","max-video-preview":"max-video-preview:-1"},"canonical":"https:\/\/barrsell.com\/en\/product\/hygromatik-electrode-b-2204087\/","og_locale":"en_US","og_type":"article","og_title":"HygroMatik Elektrot B-2204087","og_description":"HygroMatik Elektrot B-2204087, buhar sistemleri ve enerji y\u00f6netimi \u00e7\u00f6z\u00fcmlerinde kullan\u0131lan y\u00fcksek kaliteli bir bile\u015fendir.","og_url":"https:\/\/barrsell.com\/en\/product\/hygromatik-electrode-b-2204087\/","og_site_name":"Barrsell","article_modified_time":"2024-12-10T12:39:59+00:00","og_image":[{"width":1000,"height":1000,"url":"https:\/\/barrsell.com\/wp-content\/uploads\/2024\/09\/elektroden-compactline-c17-hygromatik-cy17.webp","type":"image\/webp"}],"twitter_card":"summary_large_image","twitter_misc":{"Est. reading time":"2 minutes"},"schema":{"@context":"https:\/\/schema.org","@graph":[{"@type":"WebPage","@id":"https:\/\/barrsell.com\/urun\/hygromatik-elektrot-b-2204087\/","url":"https:\/\/barrsell.com\/urun\/hygromatik-elektrot-b-2204087\/","name":"HygroMatik Elektrot B-2204087 Barrsell End\u00fcstri","isPartOf":{"@id":"https:\/\/barrsell.com\/#website"},"primaryImageOfPage":{"@id":"https:\/\/barrsell.com\/urun\/hygromatik-elektrot-b-2204087\/#primaryimage"},"image":{"@id":"https:\/\/barrsell.com\/urun\/hygromatik-elektrot-b-2204087\/#primaryimage"},"thumbnailUrl":"https:\/\/barrsell.com\/wp-content\/uploads\/2024\/09\/elektroden-compactline-c17-hygromatik-cy17.webp","datePublished":"2024-09-09T09:13:14+00:00","dateModified":"2024-12-10T12:39:59+00:00","description":"HygroMatik Elektrot B-2204087, buhar sistemleri ve enerji y\u00f6netimi \u00e7\u00f6z\u00fcmlerinde kullan\u0131lan y\u00fcksek kaliteli bir bile\u015fendir.","breadcrumb":{"@id":"https:\/\/barrsell.com\/urun\/hygromatik-elektrot-b-2204087\/#breadcrumb"},"inLanguage":"en-US","potentialAction":[{"@type":"ReadAction","target":["https:\/\/barrsell.com\/urun\/hygromatik-elektrot-b-2204087\/"]}]},{"@type":"ImageObject","inLanguage":"en-US","@id":"https:\/\/barrsell.com\/urun\/hygromatik-elektrot-b-2204087\/#primaryimage","url":"https:\/\/barrsell.com\/wp-content\/uploads\/2024\/09\/elektroden-compactline-c17-hygromatik-cy17.webp","contentUrl":"https:\/\/barrsell.com\/wp-content\/uploads\/2024\/09\/elektroden-compactline-c17-hygromatik-cy17.webp","width":1000,"height":1000,"caption":"elektroden-compactline-c17-hygromatik-cy17"},{"@type":"BreadcrumbList","@id":"https:\/\/barrsell.com\/urun\/hygromatik-elektrot-b-2204087\/#breadcrumb","itemListElement":[{"@type":"ListItem","position":1,"name":"Home","item":"https:\/\/barrsell.com\/"},{"@type":"ListItem","position":2,"name":"\u00dcr\u00fcnler","item":"https:\/\/barrsell.com\/en\/products\/"},{"@type":"ListItem","position":3,"name":"HygroMatik Elektrot B-2204087"}]},{"@type":"WebSite","@id":"https:\/\/barrsell.com\/#website","url":"https:\/\/barrsell.com\/","name":"Barrsell End\u00fcstri Makine","description":"Teknolojiyle G\u00fc\u00e7lenen End\u00fcstriyel \u00c7\u00f6z\u00fcmler!","potentialAction":[{"@type":"SearchAction","target":{"@type":"EntryPoint","urlTemplate":"https:\/\/barrsell.com\/?s={search_term_string}"},"query-input":"required name=search_term_string"}],"inLanguage":"en-US"}]}},"_links":{"self":[{"href":"https:\/\/barrsell.com\/en\/wp-json\/wp\/v2\/product\/14440","targetHints":{"allow":["GET"]}}],"collection":[{"href":"https:\/\/barrsell.com\/en\/wp-json\/wp\/v2\/product"}],"about":[{"href":"https:\/\/barrsell.com\/en\/wp-json\/wp\/v2\/types\/product"}],"version-history":[{"count":10,"href":"https:\/\/barrsell.com\/en\/wp-json\/wp\/v2\/product\/14440\/revisions"}],"predecessor-version":[{"id":19016,"href":"https:\/\/barrsell.com\/en\/wp-json\/wp\/v2\/product\/14440\/revisions\/19016"}],"wp:featuredmedia":[{"embeddable":true,"href":"https:\/\/barrsell.com\/en\/wp-json\/wp\/v2\/media\/18983"}],"wp:attachment":[{"href":"https:\/\/barrsell.com\/en\/wp-json\/wp\/v2\/media?parent=14440"}],"wp:term":[{"taxonomy":"product_cat","embeddable":true,"href":"https:\/\/barrsell.com\/en\/wp-json\/wp\/v2\/product_cat?post=14440"},{"taxonomy":"product_tag","embeddable":true,"href":"https:\/\/barrsell.com\/en\/wp-json\/wp\/v2\/product_tag?post=14440"}],"curies":[{"name":"wp","href":"https:\/\/api.w.org\/{rel}","templated":true}]}}