{"id":14427,"date":"2024-09-09T08:37:19","date_gmt":"2024-09-09T08:37:19","guid":{"rendered":"https:\/\/barrsell.com\/?post_type=product&#038;p=14427"},"modified":"2024-12-10T13:41:20","modified_gmt":"2024-12-10T13:41:20","slug":"hygromatik-ana-kontaktor-e-2507040","status":"publish","type":"product","link":"https:\/\/barrsell.com\/en\/product\/hygromatik-ana-kontaktor-e-2507040\/","title":{"rendered":"HygroMatik Main Contactor E-2507040"},"content":{"rendered":"<h2>HygroMatik Main Contactor E-2507040: Technical Specifications and Benefits<\/h2>\n<p>HygroMatik Main Contactor E-2507040 is specially designed for steam generators and humidification systems. It is also a durable and energy efficient electrical component. It stands out with its production quality and superior performance in accordance with industrial standards. This contactor ensures safe and trouble-free operation of humidifiers.<\/p>\n<table width=\"368\">\n<tbody>\n<tr>\n<td width=\"58\">CompactLine Elektrode<\/td>\n<td width=\"60\">FlexLine Elektrod<\/td>\n<td width=\"80\">FlexLine Plus<\/td>\n<td width=\"86\">StandardLine Typ<\/td>\n<td width=\"84\">MiniSteam 2005 Elektrode<\/td>\n<\/tr>\n<tr>\n<td width=\"58\">C01<\/td>\n<td width=\"60\">FLE05<\/td>\n<td width=\"80\">FLH03<\/td>\n<td width=\"86\">SLH03<\/td>\n<td width=\"84\">MS05<\/td>\n<\/tr>\n<tr>\n<td width=\"58\">CO2<\/td>\n<td width=\"60\">FLE10<\/td>\n<td width=\"80\">FLH06<\/td>\n<td width=\"86\">SLH06<\/td>\n<td width=\"84\">MS10<\/td>\n<\/tr>\n<tr>\n<td width=\"58\"><\/td>\n<td width=\"60\">FLE15<\/td>\n<td width=\"80\">FLH09<\/td>\n<td width=\"86\">SLH09<\/td>\n<td width=\"84\"><\/td>\n<\/tr>\n<tr>\n<td width=\"58\"><\/td>\n<td width=\"60\"><\/td>\n<td width=\"80\">FLH30<\/td>\n<td width=\"86\"><\/td>\n<td width=\"84\"><\/td>\n<\/tr>\n<tr>\n<td style=\"font-style: inherit; font-weight: inherit;\"><\/td>\n<td><\/td>\n<td>FLP05<\/td>\n<td><\/td>\n<td><\/td>\n<\/tr>\n<tr>\n<td><\/td>\n<td><\/td>\n<td>FLP08<\/td>\n<td><\/td>\n<td><\/td>\n<\/tr>\n<tr>\n<td><\/td>\n<td><\/td>\n<td>FLP30<\/td>\n<td><\/td>\n<td><\/td>\n<\/tr>\n<\/tbody>\n<\/table>\n<p><strong style=\"color: #1b1919; font-size: 18px;\">Technical Specifications<\/strong><\/p>\n<p class=\" translation-block\"><strong>Material Quality <\/strong>:Manufactured with highly conductive materials, offering long life and high performance.<\/p>\n<p class=\" translation-block\"><strong>Rated Current Capacity<\/strong>: The E-2507040 model has a high current carrying capacity. It also makes it an ideal choice for industrial applications. It is resistant to high currents, so you can use it safely in various machines and systems.<\/p>\n<p class=\" translation-block\"><strong>Rated Current and Voltage Capacity<\/strong>: Designed to meet the energy needs of steam generators with its high current carrying capacity.<\/p>\n<p class=\" translation-block\"><strong>Compatibility: <\/strong><a href=\"https:\/\/wdteknoloji.com\/urunler\/hygromatik-nemlendirici-compactline\/\" target=\"_self\">HygroMatik is compatible with most steam generators, including CompactLine and ComfortLine models.<\/p>\n<p class=\" translation-block\"><strong>Durability: <\/strong>It is resistant to heat, vibration and overload. This ensures long-lasting and uninterrupted performance.<\/p>\n<p class=\" translation-block\"><strong>Installation and Connection: <\/strong>Easy to install contactor structure and also provides quick installation with standard connection terminals.<\/p>\n<p class=\" translation-block\"><strong>High Durability:<\/strong> Its strong construction is designed for long-term use in harsh industrial conditions. It also has a long working life, minimizing maintenance requirements.<\/p>\n<p class=\" translation-block\"><strong>Ease of Assembly: <\/strong>  E-2507040 saves time with its fast and easy installation features. It provides fast integration in your industrial equipment.<\/p>","protected":false},"excerpt":{"rendered":"<p>HygroMatik steam humidifier \/ steam generator 20 A, 230 V main contactor for models C01 CompactLine and C02. Original spare part.<\/p>\n<div class=\"elementor-element elementor-element-ce05bd9 wd-single-short-desc text-left elementor-widget elementor-widget-wd_single_product_short_description\" data-id=\"ce05bd9\" data-element_type=\"widget\" data-widget_type=\"wd_single_product_short_description.default\">\n<div class=\"elementor-widget-container\">\n<div class=\"woocommerce-product-details__short-description\">\n<ul>\n<li>In order for the spare parts to be fully compatible with your device, we recommend that you share a photo of the product label with us to avoid any confusion during the ordering process.<\/li>\n<\/ul>\n<\/div>\n<\/div>\n<\/div>\n<div class=\"elementor-element elementor-element-308ab41 e-con-full e-flex e-con e-child\" data-id=\"308ab41\" data-element_type=\"container\"><\/div>","protected":false},"featured_media":14428,"template":"","meta":[],"product_cat":[130],"product_tag":[],"class_list":{"0":"post-14427","1":"product","2":"type-product","3":"status-publish","4":"has-post-thumbnail","6":"product_cat-hygromatik-yedek-parcalari","8":"first","9":"instock","10":"shipping-taxable","11":"product-type-external"},"yoast_head":"<!-- This site is optimized with the Yoast SEO Premium plugin v23.2 (Yoast SEO v23.2) - https:\/\/yoast.com\/wordpress\/plugins\/seo\/ -->\n<title>HygroMatik Ana Kontakt\u00f6r E-2507040 Barrsell End\u00fcstri<\/title>\n<meta name=\"description\" content=\"HygroMatik Ana Kontakt\u00f6r E-2507040, end\u00fcstriyel ve ticari alanlarda g\u00fcvenilir ve etkili bir kontrol \u00e7\u00f6z\u00fcm\u00fc sunan \u00f6nemli bir bile\u015fendir.\" \/>\n<meta name=\"robots\" content=\"index, follow, max-snippet:-1, max-image-preview:large, max-video-preview:-1\" \/>\n<link rel=\"canonical\" href=\"https:\/\/barrsell.com\/en\/product\/hygromatik-ana-kontaktor-e-2507040\/\" \/>\n<meta property=\"og:locale\" content=\"en_US\" \/>\n<meta property=\"og:type\" content=\"article\" \/>\n<meta property=\"og:title\" content=\"HygroMatik Ana Kontakt\u00f6r E-2507040\" \/>\n<meta property=\"og:description\" content=\"HygroMatik Ana Kontakt\u00f6r E-2507040, end\u00fcstriyel ve ticari alanlarda g\u00fcvenilir ve etkili bir kontrol \u00e7\u00f6z\u00fcm\u00fc sunan \u00f6nemli bir bile\u015fendir.\" \/>\n<meta property=\"og:url\" content=\"https:\/\/barrsell.com\/en\/product\/hygromatik-ana-kontaktor-e-2507040\/\" \/>\n<meta property=\"og:site_name\" content=\"Barrsell\" \/>\n<meta property=\"article:modified_time\" content=\"2024-12-10T13:41:20+00:00\" \/>\n<meta property=\"og:image\" content=\"https:\/\/barrsell.com\/wp-content\/uploads\/2024\/09\/HygroMatik-Ana-kontaktor-E-2507040.png\" \/>\n\t<meta property=\"og:image:width\" content=\"1200\" \/>\n\t<meta property=\"og:image:height\" content=\"1200\" \/>\n\t<meta property=\"og:image:type\" content=\"image\/png\" \/>\n<meta name=\"twitter:card\" content=\"summary_large_image\" \/>\n<meta name=\"twitter:label1\" content=\"Est. reading time\" \/>\n\t<meta name=\"twitter:data1\" content=\"2 minutes\" \/>\n<script type=\"application\/ld+json\" class=\"yoast-schema-graph\">{\"@context\":\"https:\/\/schema.org\",\"@graph\":[{\"@type\":\"WebPage\",\"@id\":\"https:\/\/barrsell.com\/urun\/hygromatik-ana-kontaktor-e-2507040\/\",\"url\":\"https:\/\/barrsell.com\/urun\/hygromatik-ana-kontaktor-e-2507040\/\",\"name\":\"HygroMatik Ana Kontakt\u00f6r E-2507040 Barrsell End\u00fcstri\",\"isPartOf\":{\"@id\":\"https:\/\/barrsell.com\/#website\"},\"primaryImageOfPage\":{\"@id\":\"https:\/\/barrsell.com\/urun\/hygromatik-ana-kontaktor-e-2507040\/#primaryimage\"},\"image\":{\"@id\":\"https:\/\/barrsell.com\/urun\/hygromatik-ana-kontaktor-e-2507040\/#primaryimage\"},\"thumbnailUrl\":\"https:\/\/barrsell.com\/wp-content\/uploads\/2024\/09\/HygroMatik-Ana-kontaktor-E-2507040.png\",\"datePublished\":\"2024-09-09T08:37:19+00:00\",\"dateModified\":\"2024-12-10T13:41:20+00:00\",\"description\":\"HygroMatik Ana Kontakt\u00f6r E-2507040, end\u00fcstriyel ve ticari alanlarda g\u00fcvenilir ve etkili bir kontrol \u00e7\u00f6z\u00fcm\u00fc sunan \u00f6nemli bir bile\u015fendir.\",\"breadcrumb\":{\"@id\":\"https:\/\/barrsell.com\/urun\/hygromatik-ana-kontaktor-e-2507040\/#breadcrumb\"},\"inLanguage\":\"en-US\",\"potentialAction\":[{\"@type\":\"ReadAction\",\"target\":[\"https:\/\/barrsell.com\/urun\/hygromatik-ana-kontaktor-e-2507040\/\"]}]},{\"@type\":\"ImageObject\",\"inLanguage\":\"en-US\",\"@id\":\"https:\/\/barrsell.com\/urun\/hygromatik-ana-kontaktor-e-2507040\/#primaryimage\",\"url\":\"https:\/\/barrsell.com\/wp-content\/uploads\/2024\/09\/HygroMatik-Ana-kontaktor-E-2507040.png\",\"contentUrl\":\"https:\/\/barrsell.com\/wp-content\/uploads\/2024\/09\/HygroMatik-Ana-kontaktor-E-2507040.png\",\"width\":1200,\"height\":1200,\"caption\":\"HygroMatik Ana kontakt\u00f6r E-2507040\"},{\"@type\":\"BreadcrumbList\",\"@id\":\"https:\/\/barrsell.com\/urun\/hygromatik-ana-kontaktor-e-2507040\/#breadcrumb\",\"itemListElement\":[{\"@type\":\"ListItem\",\"position\":1,\"name\":\"Home\",\"item\":\"https:\/\/barrsell.com\/\"},{\"@type\":\"ListItem\",\"position\":2,\"name\":\"\u00dcr\u00fcnler\",\"item\":\"https:\/\/barrsell.com\/en\/products\/\"},{\"@type\":\"ListItem\",\"position\":3,\"name\":\"HygroMatik Ana Kontakt\u00f6r E-2507040\"}]},{\"@type\":\"WebSite\",\"@id\":\"https:\/\/barrsell.com\/#website\",\"url\":\"https:\/\/barrsell.com\/\",\"name\":\"Barrsell End\u00fcstri Makine\",\"description\":\"Teknolojiyle G\u00fc\u00e7lenen End\u00fcstriyel \u00c7\u00f6z\u00fcmler!\",\"potentialAction\":[{\"@type\":\"SearchAction\",\"target\":{\"@type\":\"EntryPoint\",\"urlTemplate\":\"https:\/\/barrsell.com\/?s={search_term_string}\"},\"query-input\":\"required name=search_term_string\"}],\"inLanguage\":\"en-US\"}]}<\/script>\n<!-- \/ Yoast SEO Premium plugin. -->","yoast_head_json":{"title":"HygroMatik Ana Kontakt\u00f6r E-2507040 Barrsell End\u00fcstri","description":"HygroMatik Ana Kontakt\u00f6r E-2507040, end\u00fcstriyel ve ticari alanlarda g\u00fcvenilir ve etkili bir kontrol \u00e7\u00f6z\u00fcm\u00fc sunan \u00f6nemli bir bile\u015fendir.","robots":{"index":"index","follow":"follow","max-snippet":"max-snippet:-1","max-image-preview":"max-image-preview:large","max-video-preview":"max-video-preview:-1"},"canonical":"https:\/\/barrsell.com\/en\/product\/hygromatik-ana-kontaktor-e-2507040\/","og_locale":"en_US","og_type":"article","og_title":"HygroMatik Ana Kontakt\u00f6r E-2507040","og_description":"HygroMatik Ana Kontakt\u00f6r E-2507040, end\u00fcstriyel ve ticari alanlarda g\u00fcvenilir ve etkili bir kontrol \u00e7\u00f6z\u00fcm\u00fc sunan \u00f6nemli bir bile\u015fendir.","og_url":"https:\/\/barrsell.com\/en\/product\/hygromatik-ana-kontaktor-e-2507040\/","og_site_name":"Barrsell","article_modified_time":"2024-12-10T13:41:20+00:00","og_image":[{"width":1200,"height":1200,"url":"https:\/\/barrsell.com\/wp-content\/uploads\/2024\/09\/HygroMatik-Ana-kontaktor-E-2507040.png","type":"image\/png"}],"twitter_card":"summary_large_image","twitter_misc":{"Est. reading time":"2 minutes"},"schema":{"@context":"https:\/\/schema.org","@graph":[{"@type":"WebPage","@id":"https:\/\/barrsell.com\/urun\/hygromatik-ana-kontaktor-e-2507040\/","url":"https:\/\/barrsell.com\/urun\/hygromatik-ana-kontaktor-e-2507040\/","name":"HygroMatik Ana Kontakt\u00f6r E-2507040 Barrsell End\u00fcstri","isPartOf":{"@id":"https:\/\/barrsell.com\/#website"},"primaryImageOfPage":{"@id":"https:\/\/barrsell.com\/urun\/hygromatik-ana-kontaktor-e-2507040\/#primaryimage"},"image":{"@id":"https:\/\/barrsell.com\/urun\/hygromatik-ana-kontaktor-e-2507040\/#primaryimage"},"thumbnailUrl":"https:\/\/barrsell.com\/wp-content\/uploads\/2024\/09\/HygroMatik-Ana-kontaktor-E-2507040.png","datePublished":"2024-09-09T08:37:19+00:00","dateModified":"2024-12-10T13:41:20+00:00","description":"HygroMatik Ana Kontakt\u00f6r E-2507040, end\u00fcstriyel ve ticari alanlarda g\u00fcvenilir ve etkili bir kontrol \u00e7\u00f6z\u00fcm\u00fc sunan \u00f6nemli bir bile\u015fendir.","breadcrumb":{"@id":"https:\/\/barrsell.com\/urun\/hygromatik-ana-kontaktor-e-2507040\/#breadcrumb"},"inLanguage":"en-US","potentialAction":[{"@type":"ReadAction","target":["https:\/\/barrsell.com\/urun\/hygromatik-ana-kontaktor-e-2507040\/"]}]},{"@type":"ImageObject","inLanguage":"en-US","@id":"https:\/\/barrsell.com\/urun\/hygromatik-ana-kontaktor-e-2507040\/#primaryimage","url":"https:\/\/barrsell.com\/wp-content\/uploads\/2024\/09\/HygroMatik-Ana-kontaktor-E-2507040.png","contentUrl":"https:\/\/barrsell.com\/wp-content\/uploads\/2024\/09\/HygroMatik-Ana-kontaktor-E-2507040.png","width":1200,"height":1200,"caption":"HygroMatik Ana kontakt\u00f6r E-2507040"},{"@type":"BreadcrumbList","@id":"https:\/\/barrsell.com\/urun\/hygromatik-ana-kontaktor-e-2507040\/#breadcrumb","itemListElement":[{"@type":"ListItem","position":1,"name":"Home","item":"https:\/\/barrsell.com\/"},{"@type":"ListItem","position":2,"name":"\u00dcr\u00fcnler","item":"https:\/\/barrsell.com\/en\/products\/"},{"@type":"ListItem","position":3,"name":"HygroMatik Ana Kontakt\u00f6r E-2507040"}]},{"@type":"WebSite","@id":"https:\/\/barrsell.com\/#website","url":"https:\/\/barrsell.com\/","name":"Barrsell End\u00fcstri Makine","description":"Teknolojiyle G\u00fc\u00e7lenen End\u00fcstriyel \u00c7\u00f6z\u00fcmler!","potentialAction":[{"@type":"SearchAction","target":{"@type":"EntryPoint","urlTemplate":"https:\/\/barrsell.com\/?s={search_term_string}"},"query-input":"required name=search_term_string"}],"inLanguage":"en-US"}]}},"_links":{"self":[{"href":"https:\/\/barrsell.com\/en\/wp-json\/wp\/v2\/product\/14427","targetHints":{"allow":["GET"]}}],"collection":[{"href":"https:\/\/barrsell.com\/en\/wp-json\/wp\/v2\/product"}],"about":[{"href":"https:\/\/barrsell.com\/en\/wp-json\/wp\/v2\/types\/product"}],"version-history":[{"count":7,"href":"https:\/\/barrsell.com\/en\/wp-json\/wp\/v2\/product\/14427\/revisions"}],"predecessor-version":[{"id":19021,"href":"https:\/\/barrsell.com\/en\/wp-json\/wp\/v2\/product\/14427\/revisions\/19021"}],"wp:featuredmedia":[{"embeddable":true,"href":"https:\/\/barrsell.com\/en\/wp-json\/wp\/v2\/media\/14428"}],"wp:attachment":[{"href":"https:\/\/barrsell.com\/en\/wp-json\/wp\/v2\/media?parent=14427"}],"wp:term":[{"taxonomy":"product_cat","embeddable":true,"href":"https:\/\/barrsell.com\/en\/wp-json\/wp\/v2\/product_cat?post=14427"},{"taxonomy":"product_tag","embeddable":true,"href":"https:\/\/barrsell.com\/en\/wp-json\/wp\/v2\/product_tag?post=14427"}],"curies":[{"name":"wp","href":"https:\/\/api.w.org\/{rel}","templated":true}]}}