{"id":14399,"date":"2024-09-09T06:38:17","date_gmt":"2024-09-09T06:38:17","guid":{"rendered":"https:\/\/barrsell.com\/?post_type=product&#038;p=14399"},"modified":"2024-12-11T08:33:01","modified_gmt":"2024-12-11T08:33:01","slug":"hygromatik-elektrot-kablosu-b-2524249","status":"publish","type":"product","link":"https:\/\/barrsell.com\/en\/product\/hygromatik-electrode-cable-b-2524249\/","title":{"rendered":"HygroMatik Electrode Cable B-2524249"},"content":{"rendered":"<h2>HygroMatik Electrode Cable B-2524249<\/h2>\n<p>HygroMatik Electrode Cable B-2524249 is a specially designed spare part for steam humidifier systems. Providing high performance, durability and reliable connection, this product guarantees efficient operation of humidification systems. Here is detailed information about the technical features and usage advantages of this product:<\/p>\n<table style=\"height: 80px;\" width=\"299\">\n<tbody>\n<tr>\n<td width=\"151\">CompactLine Elektrode<\/td>\n<\/tr>\n<tr>\n<td>C22<\/td>\n<\/tr>\n<\/tbody>\n<\/table>\n<h4><strong>Technical Specifications<\/strong><\/h4>\n<ol>\n<li><strong>Product Code<\/strong>: B-2524249<\/li>\n<li class=\" translation-block\"><strong>Material Quality<\/strong>: Hygromatic electrode cable is made of high temperature and moisture resistant materials.<\/li>\n<li class=\" translation-block\"><strong>Cable Length:\/strong&gt;Designed for optimum length, which adapts to various HygroMatik humidifier models.<\/li>\n<li class=\" translation-block\"><strong>Connection Type<\/strong>: Equipped with special end fittings for strong electrical conduction.<\/li>\n<li class=\" translation-block\"><strong>Compatibility:<\/strong>:HygroMatik is fully compatible with a wide range of steam humidifiers.<\/li>\n<\/ol>\n<h4><strong>Detailed Information<\/strong><\/h4>\n<ol>\n<li><strong>Compatibility<\/strong>:\n<ul>\n<li><em>Hygromatik C22 Compactline<\/em> serisiyle %100 uyumludur.<\/li>\n<li>It can also be checked and used for other Compactline models.<\/li>\n<\/ul>\n<\/li>\n<li><strong>Set Contents<\/strong>:\n<ul>\n<li class=\" translation-block\"><strong>3 plug and contact sets<\/strong> support multiple electrode connections in the system.<\/li>\n<\/ul>\n<\/li>\n<li><strong>Purpose of Use<\/strong>:\n<ul>\n<li>It ensures that the electrodes are securely connected to the humidifier.<\/li>\n<li>It allows uninterrupted transmission of electric current.<\/li>\n<\/ul>\n<\/li>\n<\/ol>","protected":false},"excerpt":{"rendered":"<div class=\"flex max-w-full flex-col flex-grow\">\n<div class=\"min-h-8 text-message flex w-full flex-col items-end gap-2 whitespace-normal break-words text-start [.text-message+&amp;]:mt-5\" dir=\"auto\" data-message-author-role=\"assistant\" data-message-id=\"22035e38-29f2-4552-bf94-3427d24ac293\" data-message-model-slug=\"gpt-4o\">\n<div class=\"flex w-full flex-col gap-1 empty:hidden first:pt-[3px]\">\n<div class=\"markdown prose w-full break-words dark:prose-invert light\">\n<p>Original spare parts (3 pcs.) for Hygromatic steam humidifier\/steam generator model C22 Compactline with electrode connection cable plug and contact set.<\/p>\n<ul>\n<li>In order for the spare parts to be fully compatible with your device, we recommend that you share a photo of the product label with us to avoid any confusion during the ordering process.<\/li>\n<\/ul>\n<\/div>\n<\/div>\n<\/div>\n<\/div>","protected":false},"featured_media":14400,"template":"","meta":[],"product_cat":[130],"product_tag":[],"class_list":{"0":"post-14399","1":"product","2":"type-product","3":"status-publish","4":"has-post-thumbnail","6":"product_cat-hygromatik-yedek-parcalari","8":"first","9":"instock","10":"shipping-taxable","11":"product-type-external"},"yoast_head":"<!-- This site is optimized with the Yoast SEO Premium plugin v23.2 (Yoast SEO v23.2) - https:\/\/yoast.com\/wordpress\/plugins\/seo\/ -->\n<title>HygroMatik Elektrot Kablosu B-2524249 Barrsell End\u00fcstri<\/title>\n<meta name=\"description\" content=\"HygroMatik Elektrot Kablosu B-2524249, nemlendirme sistemlerinin etkin \u00e7al\u0131\u015fmas\u0131n\u0131 sa\u011flayan kritik bir bile\u015fen olarak \u00f6ne \u00e7\u0131kar.\" \/>\n<meta name=\"robots\" content=\"index, follow, max-snippet:-1, max-image-preview:large, max-video-preview:-1\" \/>\n<link rel=\"canonical\" href=\"https:\/\/barrsell.com\/en\/product\/hygromatik-electrode-cable-b-2524249\/\" \/>\n<meta property=\"og:locale\" content=\"en_US\" \/>\n<meta property=\"og:type\" content=\"article\" \/>\n<meta property=\"og:title\" content=\"HygroMatik Elektrot Kablosu B-2524249\" \/>\n<meta property=\"og:description\" content=\"HygroMatik Elektrot Kablosu B-2524249, nemlendirme sistemlerinin etkin \u00e7al\u0131\u015fmas\u0131n\u0131 sa\u011flayan kritik bir bile\u015fen olarak \u00f6ne \u00e7\u0131kar.\" \/>\n<meta property=\"og:url\" content=\"https:\/\/barrsell.com\/en\/product\/hygromatik-electrode-cable-b-2524249\/\" \/>\n<meta property=\"og:site_name\" content=\"Barrsell\" \/>\n<meta property=\"article:modified_time\" content=\"2024-12-11T08:33:01+00:00\" \/>\n<meta property=\"og:image\" content=\"https:\/\/barrsell.com\/wp-content\/uploads\/2024\/09\/HygroMatik-Elektrot-Kablosu-B-2524205.png\" \/>\n\t<meta property=\"og:image:width\" content=\"1200\" \/>\n\t<meta property=\"og:image:height\" content=\"1200\" \/>\n\t<meta property=\"og:image:type\" content=\"image\/png\" \/>\n<meta name=\"twitter:card\" content=\"summary_large_image\" \/>\n<meta name=\"twitter:label1\" content=\"Est. reading time\" \/>\n\t<meta name=\"twitter:data1\" content=\"2 minutes\" \/>\n<script type=\"application\/ld+json\" class=\"yoast-schema-graph\">{\"@context\":\"https:\/\/schema.org\",\"@graph\":[{\"@type\":\"WebPage\",\"@id\":\"https:\/\/barrsell.com\/urun\/hygromatik-elektrot-kablosu-b-2524249\/\",\"url\":\"https:\/\/barrsell.com\/urun\/hygromatik-elektrot-kablosu-b-2524249\/\",\"name\":\"HygroMatik Elektrot Kablosu B-2524249 Barrsell End\u00fcstri\",\"isPartOf\":{\"@id\":\"https:\/\/barrsell.com\/#website\"},\"primaryImageOfPage\":{\"@id\":\"https:\/\/barrsell.com\/urun\/hygromatik-elektrot-kablosu-b-2524249\/#primaryimage\"},\"image\":{\"@id\":\"https:\/\/barrsell.com\/urun\/hygromatik-elektrot-kablosu-b-2524249\/#primaryimage\"},\"thumbnailUrl\":\"https:\/\/barrsell.com\/wp-content\/uploads\/2024\/09\/HygroMatik-Elektrot-Kablosu-B-2524205.png\",\"datePublished\":\"2024-09-09T06:38:17+00:00\",\"dateModified\":\"2024-12-11T08:33:01+00:00\",\"description\":\"HygroMatik Elektrot Kablosu B-2524249, nemlendirme sistemlerinin etkin \u00e7al\u0131\u015fmas\u0131n\u0131 sa\u011flayan kritik bir bile\u015fen olarak \u00f6ne \u00e7\u0131kar.\",\"breadcrumb\":{\"@id\":\"https:\/\/barrsell.com\/urun\/hygromatik-elektrot-kablosu-b-2524249\/#breadcrumb\"},\"inLanguage\":\"en-US\",\"potentialAction\":[{\"@type\":\"ReadAction\",\"target\":[\"https:\/\/barrsell.com\/urun\/hygromatik-elektrot-kablosu-b-2524249\/\"]}]},{\"@type\":\"ImageObject\",\"inLanguage\":\"en-US\",\"@id\":\"https:\/\/barrsell.com\/urun\/hygromatik-elektrot-kablosu-b-2524249\/#primaryimage\",\"url\":\"https:\/\/barrsell.com\/wp-content\/uploads\/2024\/09\/HygroMatik-Elektrot-Kablosu-B-2524205.png\",\"contentUrl\":\"https:\/\/barrsell.com\/wp-content\/uploads\/2024\/09\/HygroMatik-Elektrot-Kablosu-B-2524205.png\",\"width\":1200,\"height\":1200,\"caption\":\"HygroMatik Elektrot Kablosu B-2524205\"},{\"@type\":\"BreadcrumbList\",\"@id\":\"https:\/\/barrsell.com\/urun\/hygromatik-elektrot-kablosu-b-2524249\/#breadcrumb\",\"itemListElement\":[{\"@type\":\"ListItem\",\"position\":1,\"name\":\"Home\",\"item\":\"https:\/\/barrsell.com\/\"},{\"@type\":\"ListItem\",\"position\":2,\"name\":\"\u00dcr\u00fcnler\",\"item\":\"https:\/\/barrsell.com\/en\/products\/\"},{\"@type\":\"ListItem\",\"position\":3,\"name\":\"HygroMatik Elektrot Kablosu B-2524249\"}]},{\"@type\":\"WebSite\",\"@id\":\"https:\/\/barrsell.com\/#website\",\"url\":\"https:\/\/barrsell.com\/\",\"name\":\"Barrsell End\u00fcstri Makine\",\"description\":\"Teknolojiyle G\u00fc\u00e7lenen End\u00fcstriyel \u00c7\u00f6z\u00fcmler!\",\"potentialAction\":[{\"@type\":\"SearchAction\",\"target\":{\"@type\":\"EntryPoint\",\"urlTemplate\":\"https:\/\/barrsell.com\/?s={search_term_string}\"},\"query-input\":\"required name=search_term_string\"}],\"inLanguage\":\"en-US\"}]}<\/script>\n<!-- \/ Yoast SEO Premium plugin. -->","yoast_head_json":{"title":"HygroMatik Elektrot Kablosu B-2524249 Barrsell End\u00fcstri","description":"HygroMatik Elektrot Kablosu B-2524249, nemlendirme sistemlerinin etkin \u00e7al\u0131\u015fmas\u0131n\u0131 sa\u011flayan kritik bir bile\u015fen olarak \u00f6ne \u00e7\u0131kar.","robots":{"index":"index","follow":"follow","max-snippet":"max-snippet:-1","max-image-preview":"max-image-preview:large","max-video-preview":"max-video-preview:-1"},"canonical":"https:\/\/barrsell.com\/en\/product\/hygromatik-electrode-cable-b-2524249\/","og_locale":"en_US","og_type":"article","og_title":"HygroMatik Elektrot Kablosu B-2524249","og_description":"HygroMatik Elektrot Kablosu B-2524249, nemlendirme sistemlerinin etkin \u00e7al\u0131\u015fmas\u0131n\u0131 sa\u011flayan kritik bir bile\u015fen olarak \u00f6ne \u00e7\u0131kar.","og_url":"https:\/\/barrsell.com\/en\/product\/hygromatik-electrode-cable-b-2524249\/","og_site_name":"Barrsell","article_modified_time":"2024-12-11T08:33:01+00:00","og_image":[{"width":1200,"height":1200,"url":"https:\/\/barrsell.com\/wp-content\/uploads\/2024\/09\/HygroMatik-Elektrot-Kablosu-B-2524205.png","type":"image\/png"}],"twitter_card":"summary_large_image","twitter_misc":{"Est. reading time":"2 minutes"},"schema":{"@context":"https:\/\/schema.org","@graph":[{"@type":"WebPage","@id":"https:\/\/barrsell.com\/urun\/hygromatik-elektrot-kablosu-b-2524249\/","url":"https:\/\/barrsell.com\/urun\/hygromatik-elektrot-kablosu-b-2524249\/","name":"HygroMatik Elektrot Kablosu B-2524249 Barrsell End\u00fcstri","isPartOf":{"@id":"https:\/\/barrsell.com\/#website"},"primaryImageOfPage":{"@id":"https:\/\/barrsell.com\/urun\/hygromatik-elektrot-kablosu-b-2524249\/#primaryimage"},"image":{"@id":"https:\/\/barrsell.com\/urun\/hygromatik-elektrot-kablosu-b-2524249\/#primaryimage"},"thumbnailUrl":"https:\/\/barrsell.com\/wp-content\/uploads\/2024\/09\/HygroMatik-Elektrot-Kablosu-B-2524205.png","datePublished":"2024-09-09T06:38:17+00:00","dateModified":"2024-12-11T08:33:01+00:00","description":"HygroMatik Elektrot Kablosu B-2524249, nemlendirme sistemlerinin etkin \u00e7al\u0131\u015fmas\u0131n\u0131 sa\u011flayan kritik bir bile\u015fen olarak \u00f6ne \u00e7\u0131kar.","breadcrumb":{"@id":"https:\/\/barrsell.com\/urun\/hygromatik-elektrot-kablosu-b-2524249\/#breadcrumb"},"inLanguage":"en-US","potentialAction":[{"@type":"ReadAction","target":["https:\/\/barrsell.com\/urun\/hygromatik-elektrot-kablosu-b-2524249\/"]}]},{"@type":"ImageObject","inLanguage":"en-US","@id":"https:\/\/barrsell.com\/urun\/hygromatik-elektrot-kablosu-b-2524249\/#primaryimage","url":"https:\/\/barrsell.com\/wp-content\/uploads\/2024\/09\/HygroMatik-Elektrot-Kablosu-B-2524205.png","contentUrl":"https:\/\/barrsell.com\/wp-content\/uploads\/2024\/09\/HygroMatik-Elektrot-Kablosu-B-2524205.png","width":1200,"height":1200,"caption":"HygroMatik Elektrot Kablosu B-2524205"},{"@type":"BreadcrumbList","@id":"https:\/\/barrsell.com\/urun\/hygromatik-elektrot-kablosu-b-2524249\/#breadcrumb","itemListElement":[{"@type":"ListItem","position":1,"name":"Home","item":"https:\/\/barrsell.com\/"},{"@type":"ListItem","position":2,"name":"\u00dcr\u00fcnler","item":"https:\/\/barrsell.com\/en\/products\/"},{"@type":"ListItem","position":3,"name":"HygroMatik Elektrot Kablosu B-2524249"}]},{"@type":"WebSite","@id":"https:\/\/barrsell.com\/#website","url":"https:\/\/barrsell.com\/","name":"Barrsell End\u00fcstri Makine","description":"Teknolojiyle G\u00fc\u00e7lenen End\u00fcstriyel \u00c7\u00f6z\u00fcmler!","potentialAction":[{"@type":"SearchAction","target":{"@type":"EntryPoint","urlTemplate":"https:\/\/barrsell.com\/?s={search_term_string}"},"query-input":"required name=search_term_string"}],"inLanguage":"en-US"}]}},"_links":{"self":[{"href":"https:\/\/barrsell.com\/en\/wp-json\/wp\/v2\/product\/14399","targetHints":{"allow":["GET"]}}],"collection":[{"href":"https:\/\/barrsell.com\/en\/wp-json\/wp\/v2\/product"}],"about":[{"href":"https:\/\/barrsell.com\/en\/wp-json\/wp\/v2\/types\/product"}],"version-history":[{"count":6,"href":"https:\/\/barrsell.com\/en\/wp-json\/wp\/v2\/product\/14399\/revisions"}],"predecessor-version":[{"id":19037,"href":"https:\/\/barrsell.com\/en\/wp-json\/wp\/v2\/product\/14399\/revisions\/19037"}],"wp:featuredmedia":[{"embeddable":true,"href":"https:\/\/barrsell.com\/en\/wp-json\/wp\/v2\/media\/14400"}],"wp:attachment":[{"href":"https:\/\/barrsell.com\/en\/wp-json\/wp\/v2\/media?parent=14399"}],"wp:term":[{"taxonomy":"product_cat","embeddable":true,"href":"https:\/\/barrsell.com\/en\/wp-json\/wp\/v2\/product_cat?post=14399"},{"taxonomy":"product_tag","embeddable":true,"href":"https:\/\/barrsell.com\/en\/wp-json\/wp\/v2\/product_tag?post=14399"}],"curies":[{"name":"wp","href":"https:\/\/api.w.org\/{rel}","templated":true}]}}