{"id":14290,"date":"2024-09-06T11:33:14","date_gmt":"2024-09-06T11:33:14","guid":{"rendered":"https:\/\/barrsell.com\/?post_type=product&#038;p=14290"},"modified":"2024-12-11T11:15:12","modified_gmt":"2024-12-11T11:15:12","slug":"ev-tipi-kompakt-sauna-3-4-kisilik","status":"publish","type":"product","link":"https:\/\/barrsell.com\/en\/product\/home-type-compact-sauna-3-4-person\/","title":{"rendered":"Household Compact Sauna 3-4 Person"},"content":{"rendered":"<h2>Household Compact Sauna 3-4 Person Installation and Application Stages<\/h2>\n<p>Evde sa\u011fl\u0131kl\u0131 bir ya\u015fam s\u00fcrmek ve rahatlamak i\u00e7in tasarlanan <strong>Household Compact Sauna 3-4 Person<\/strong>, geni\u015f aileler ve k\u00fc\u00e7\u00fck gruplar i\u00e7in ideal bir \u00e7\u00f6z\u00fcmd\u00fcr. Bu tip saunalar, fazla yer kaplamadan keyifli bir sauna deneyimi sunar.<\/p>\n<p><a href=\"https:\/\/barrsell.com\/wp-content\/uploads\/2024\/09\/Ev-Tipi-Kompakt-Sauna-3-4-Kisilik-4.webp\"><img fetchpriority=\"high\" decoding=\"async\" class=\"wp-image-19073 size-large\" src=\"https:\/\/barrsell.com\/wp-content\/uploads\/2024\/09\/Ev-Tipi-Kompakt-Sauna-3-4-Kisilik-4-1024x585.webp\" alt=\"\" width=\"1024\" height=\"585\" \/><\/a><\/p>\n<h4>Home Compact Sauna Installation Stages<\/h4>\n<h4>1. <strong>Field Selection and Preparation<\/strong><\/h4>\n<ul>\n<li class=\" translation-block\"><strong>Area Size:<\/strong>  The recommended area for a 3-4 person sauna should be a minimum of 5-6 square meters. This area is necessary for the proper placement of the sauna stove and benches to be placed inside the sauna.<\/li>\n<li class=\" translation-block\"><strong>Floor Preparation:<\/strong> The floor must be water and moisture resistant. For this purpose ceramic tiles, waterproof sauna wood or PVC coatings should be used. It is also important to have good insulation under the floor, which will keep the sauna warm and save energy.<\/li>\n<li class=\" translation-block\"><strong>Electricity and Water Installation:<strong>A 220-230V electrical connection is sufficient for the sauna. It is especially important for the sauna stove that the electrical installation is safe. The water installation is necessary for a steam sauna.<\/li>\n<\/ul>\n<h4>2. <strong>Sauna Cabin Construction and Insulation<\/strong><\/h4>\n<ul>\n<li class=\" translation-block\"><strong>Wood Material Selection:<\/strong> Wood species resistant to moisture and high temperature such as cedar, fir, spruce should be used in the construction of Household Compact Sauna 3-4 Persons. These woods ensure that the sauna is long-lasting and retains heat better. Also, the smell of natural wood enriches the atmosphere of the sauna.<\/li>\n<li class=\" translation-block\"><strong>Insulation<\/strong> After the cabin is built, the inside of the sauna walls and ceiling should be insulated with rockwool or glasswool. The insulating material keeps the temperature inside the sauna and prevents heat loss. Also, the sauna door is usually made with a combination of tempered glass or wood glass, which helps to maintain the internal temperature.<\/li>\n<\/ul>\n<h4>3. <strong>Heating System Installation<\/strong><\/h4>\n<ul>\n<li class=\" translation-block\"><strong>Sauna Stove<\/strong> An electric sauna stove with a power of 4-6 kW is usually sufficient for saunas for 3-4 people. Electric stoves are widely preferred because of their practical use and their ability to quickly increase the temperature.<\/li>\n<li class=\" translation-block\"><strong>Volcanic Stones<\/strong> Volcanic stones placed on the sauna stove distribute the temperature homogeneously. Water poured over the stones creates steam and increases the humidity of the sauna. In a compact sauna, these stones play a critical role in temperature management.<\/li>\n<\/ul>\n<h4>4. <strong>Ventilation and Humidity Control<\/strong><\/h4>\n<ul>\n<li class=\" translation-block\"><strong>Ventilation<\/strong> A good ventilation system should be installed to ensure fresh air circulation in the sauna. For this, there should be air inlet holes in the sauna floor and air outlet holes in the ceiling. In this way, the air inside is constantly renewed and users are offered a more comfortable environment.<\/li>\n<li><strong>Nem Y\u00f6netimi:<\/strong> Kompakt saunalar genellikle kuru saunalard\u0131r, ancak istenirse volkanik ta\u015flara su d\u00f6k\u00fclerek ortam\u0131n nem oran\u0131 artt\u0131rabilirsiniz. Sauna i\u00e7indeki nem oran\u0131 genellikle %10-30 civar\u0131ndad\u0131r, ancak bu oran\u0131 da su eklenerek y\u00fckseltebilirsiniz.<\/li>\n<\/ul>","protected":false},"excerpt":{"rendered":"<ul>\n<li><strong>Area Size :<\/strong> 5-6 m2<\/li>\n<li><strong>Electricity and Water Installation:<\/strong> 220-230V<\/li>\n<\/ul>","protected":false},"featured_media":19074,"template":"","meta":[],"product_cat":[230],"product_tag":[],"class_list":{"0":"post-14290","1":"product","2":"type-product","3":"status-publish","4":"has-post-thumbnail","6":"product_cat-ev-tipi-kompakt-saunalar","8":"first","9":"instock","10":"shipping-taxable","11":"product-type-external"},"yoast_head":"<!-- This site is optimized with the Yoast SEO Premium plugin v23.2 (Yoast SEO v23.2) - https:\/\/yoast.com\/wordpress\/plugins\/seo\/ -->\n<title>Ev Tipi Kompakt Sauna 3-4 Ki\u015filik | Barrsell<\/title>\n<meta name=\"description\" content=\"Evde sa\u011fl\u0131kl\u0131 bir ya\u015fam s\u00fcrmek ve rahatlamak i\u00e7in tasarlanan Ev Tipi Kompakt Sauna 3-4 Ki\u015filik, geni\u015f aileler ve k\u00fc\u00e7\u00fck gruplar i\u00e7in ideal bir \u00e7\u00f6z\u00fcmd\u00fcr.\" \/>\n<meta name=\"robots\" content=\"index, follow, max-snippet:-1, max-image-preview:large, max-video-preview:-1\" \/>\n<link rel=\"canonical\" href=\"https:\/\/barrsell.com\/en\/product\/home-type-compact-sauna-3-4-person\/\" \/>\n<meta property=\"og:locale\" content=\"en_US\" \/>\n<meta property=\"og:type\" content=\"article\" \/>\n<meta property=\"og:title\" content=\"Ev Tipi Kompakt Sauna 3-4 Ki\u015filik\" \/>\n<meta property=\"og:description\" content=\"Evde sa\u011fl\u0131kl\u0131 bir ya\u015fam s\u00fcrmek ve rahatlamak i\u00e7in tasarlanan Ev Tipi Kompakt Sauna 3-4 Ki\u015filik, geni\u015f aileler ve k\u00fc\u00e7\u00fck gruplar i\u00e7in ideal bir \u00e7\u00f6z\u00fcmd\u00fcr.\" \/>\n<meta property=\"og:url\" content=\"https:\/\/barrsell.com\/en\/product\/home-type-compact-sauna-3-4-person\/\" \/>\n<meta property=\"og:site_name\" content=\"Barrsell\" \/>\n<meta property=\"article:modified_time\" content=\"2024-12-11T11:15:12+00:00\" \/>\n<meta property=\"og:image\" content=\"https:\/\/barrsell.com\/wp-content\/uploads\/2024\/09\/Ev-Tipi-Kompakt-Sauna-3-4-Kisilik-2.png\" \/>\n\t<meta property=\"og:image:width\" content=\"1200\" \/>\n\t<meta property=\"og:image:height\" content=\"1200\" \/>\n\t<meta property=\"og:image:type\" content=\"image\/png\" \/>\n<meta name=\"twitter:card\" content=\"summary_large_image\" \/>\n<meta name=\"twitter:label1\" content=\"Est. reading time\" \/>\n\t<meta name=\"twitter:data1\" content=\"3 minutes\" \/>\n<script type=\"application\/ld+json\" class=\"yoast-schema-graph\">{\"@context\":\"https:\/\/schema.org\",\"@graph\":[{\"@type\":\"WebPage\",\"@id\":\"https:\/\/barrsell.com\/urun\/ev-tipi-kompakt-sauna-3-4-kisilik\/\",\"url\":\"https:\/\/barrsell.com\/urun\/ev-tipi-kompakt-sauna-3-4-kisilik\/\",\"name\":\"Ev Tipi Kompakt Sauna 3-4 Ki\u015filik | Barrsell\",\"isPartOf\":{\"@id\":\"https:\/\/barrsell.com\/#website\"},\"primaryImageOfPage\":{\"@id\":\"https:\/\/barrsell.com\/urun\/ev-tipi-kompakt-sauna-3-4-kisilik\/#primaryimage\"},\"image\":{\"@id\":\"https:\/\/barrsell.com\/urun\/ev-tipi-kompakt-sauna-3-4-kisilik\/#primaryimage\"},\"thumbnailUrl\":\"https:\/\/barrsell.com\/wp-content\/uploads\/2024\/09\/Ev-Tipi-Kompakt-Sauna-3-4-Kisilik-2.png\",\"datePublished\":\"2024-09-06T11:33:14+00:00\",\"dateModified\":\"2024-12-11T11:15:12+00:00\",\"description\":\"Evde sa\u011fl\u0131kl\u0131 bir ya\u015fam s\u00fcrmek ve rahatlamak i\u00e7in tasarlanan Ev Tipi Kompakt Sauna 3-4 Ki\u015filik, geni\u015f aileler ve k\u00fc\u00e7\u00fck gruplar i\u00e7in ideal bir \u00e7\u00f6z\u00fcmd\u00fcr.\",\"breadcrumb\":{\"@id\":\"https:\/\/barrsell.com\/urun\/ev-tipi-kompakt-sauna-3-4-kisilik\/#breadcrumb\"},\"inLanguage\":\"en-US\",\"potentialAction\":[{\"@type\":\"ReadAction\",\"target\":[\"https:\/\/barrsell.com\/urun\/ev-tipi-kompakt-sauna-3-4-kisilik\/\"]}]},{\"@type\":\"ImageObject\",\"inLanguage\":\"en-US\",\"@id\":\"https:\/\/barrsell.com\/urun\/ev-tipi-kompakt-sauna-3-4-kisilik\/#primaryimage\",\"url\":\"https:\/\/barrsell.com\/wp-content\/uploads\/2024\/09\/Ev-Tipi-Kompakt-Sauna-3-4-Kisilik-2.png\",\"contentUrl\":\"https:\/\/barrsell.com\/wp-content\/uploads\/2024\/09\/Ev-Tipi-Kompakt-Sauna-3-4-Kisilik-2.png\",\"width\":1200,\"height\":1200,\"caption\":\"Ev Tipi Kompakt Sauna 3-4 Ki\u015filik-2\"},{\"@type\":\"BreadcrumbList\",\"@id\":\"https:\/\/barrsell.com\/urun\/ev-tipi-kompakt-sauna-3-4-kisilik\/#breadcrumb\",\"itemListElement\":[{\"@type\":\"ListItem\",\"position\":1,\"name\":\"Home\",\"item\":\"https:\/\/barrsell.com\/\"},{\"@type\":\"ListItem\",\"position\":2,\"name\":\"\u00dcr\u00fcnler\",\"item\":\"https:\/\/barrsell.com\/en\/products\/\"},{\"@type\":\"ListItem\",\"position\":3,\"name\":\"Ev Tipi Kompakt Sauna 3-4 Ki\u015filik\"}]},{\"@type\":\"WebSite\",\"@id\":\"https:\/\/barrsell.com\/#website\",\"url\":\"https:\/\/barrsell.com\/\",\"name\":\"Barrsell End\u00fcstri Makine\",\"description\":\"Teknolojiyle G\u00fc\u00e7lenen End\u00fcstriyel \u00c7\u00f6z\u00fcmler!\",\"potentialAction\":[{\"@type\":\"SearchAction\",\"target\":{\"@type\":\"EntryPoint\",\"urlTemplate\":\"https:\/\/barrsell.com\/?s={search_term_string}\"},\"query-input\":\"required name=search_term_string\"}],\"inLanguage\":\"en-US\"}]}<\/script>\n<!-- \/ Yoast SEO Premium plugin. -->","yoast_head_json":{"title":"Ev Tipi Kompakt Sauna 3-4 Ki\u015filik | Barrsell","description":"Evde sa\u011fl\u0131kl\u0131 bir ya\u015fam s\u00fcrmek ve rahatlamak i\u00e7in tasarlanan Ev Tipi Kompakt Sauna 3-4 Ki\u015filik, geni\u015f aileler ve k\u00fc\u00e7\u00fck gruplar i\u00e7in ideal bir \u00e7\u00f6z\u00fcmd\u00fcr.","robots":{"index":"index","follow":"follow","max-snippet":"max-snippet:-1","max-image-preview":"max-image-preview:large","max-video-preview":"max-video-preview:-1"},"canonical":"https:\/\/barrsell.com\/en\/product\/home-type-compact-sauna-3-4-person\/","og_locale":"en_US","og_type":"article","og_title":"Ev Tipi Kompakt Sauna 3-4 Ki\u015filik","og_description":"Evde sa\u011fl\u0131kl\u0131 bir ya\u015fam s\u00fcrmek ve rahatlamak i\u00e7in tasarlanan Ev Tipi Kompakt Sauna 3-4 Ki\u015filik, geni\u015f aileler ve k\u00fc\u00e7\u00fck gruplar i\u00e7in ideal bir \u00e7\u00f6z\u00fcmd\u00fcr.","og_url":"https:\/\/barrsell.com\/en\/product\/home-type-compact-sauna-3-4-person\/","og_site_name":"Barrsell","article_modified_time":"2024-12-11T11:15:12+00:00","og_image":[{"width":1200,"height":1200,"url":"https:\/\/barrsell.com\/wp-content\/uploads\/2024\/09\/Ev-Tipi-Kompakt-Sauna-3-4-Kisilik-2.png","type":"image\/png"}],"twitter_card":"summary_large_image","twitter_misc":{"Est. reading time":"3 minutes"},"schema":{"@context":"https:\/\/schema.org","@graph":[{"@type":"WebPage","@id":"https:\/\/barrsell.com\/urun\/ev-tipi-kompakt-sauna-3-4-kisilik\/","url":"https:\/\/barrsell.com\/urun\/ev-tipi-kompakt-sauna-3-4-kisilik\/","name":"Ev Tipi Kompakt Sauna 3-4 Ki\u015filik | Barrsell","isPartOf":{"@id":"https:\/\/barrsell.com\/#website"},"primaryImageOfPage":{"@id":"https:\/\/barrsell.com\/urun\/ev-tipi-kompakt-sauna-3-4-kisilik\/#primaryimage"},"image":{"@id":"https:\/\/barrsell.com\/urun\/ev-tipi-kompakt-sauna-3-4-kisilik\/#primaryimage"},"thumbnailUrl":"https:\/\/barrsell.com\/wp-content\/uploads\/2024\/09\/Ev-Tipi-Kompakt-Sauna-3-4-Kisilik-2.png","datePublished":"2024-09-06T11:33:14+00:00","dateModified":"2024-12-11T11:15:12+00:00","description":"Evde sa\u011fl\u0131kl\u0131 bir ya\u015fam s\u00fcrmek ve rahatlamak i\u00e7in tasarlanan Ev Tipi Kompakt Sauna 3-4 Ki\u015filik, geni\u015f aileler ve k\u00fc\u00e7\u00fck gruplar i\u00e7in ideal bir \u00e7\u00f6z\u00fcmd\u00fcr.","breadcrumb":{"@id":"https:\/\/barrsell.com\/urun\/ev-tipi-kompakt-sauna-3-4-kisilik\/#breadcrumb"},"inLanguage":"en-US","potentialAction":[{"@type":"ReadAction","target":["https:\/\/barrsell.com\/urun\/ev-tipi-kompakt-sauna-3-4-kisilik\/"]}]},{"@type":"ImageObject","inLanguage":"en-US","@id":"https:\/\/barrsell.com\/urun\/ev-tipi-kompakt-sauna-3-4-kisilik\/#primaryimage","url":"https:\/\/barrsell.com\/wp-content\/uploads\/2024\/09\/Ev-Tipi-Kompakt-Sauna-3-4-Kisilik-2.png","contentUrl":"https:\/\/barrsell.com\/wp-content\/uploads\/2024\/09\/Ev-Tipi-Kompakt-Sauna-3-4-Kisilik-2.png","width":1200,"height":1200,"caption":"Ev Tipi Kompakt Sauna 3-4 Ki\u015filik-2"},{"@type":"BreadcrumbList","@id":"https:\/\/barrsell.com\/urun\/ev-tipi-kompakt-sauna-3-4-kisilik\/#breadcrumb","itemListElement":[{"@type":"ListItem","position":1,"name":"Home","item":"https:\/\/barrsell.com\/"},{"@type":"ListItem","position":2,"name":"\u00dcr\u00fcnler","item":"https:\/\/barrsell.com\/en\/products\/"},{"@type":"ListItem","position":3,"name":"Ev Tipi Kompakt Sauna 3-4 Ki\u015filik"}]},{"@type":"WebSite","@id":"https:\/\/barrsell.com\/#website","url":"https:\/\/barrsell.com\/","name":"Barrsell End\u00fcstri Makine","description":"Teknolojiyle G\u00fc\u00e7lenen End\u00fcstriyel \u00c7\u00f6z\u00fcmler!","potentialAction":[{"@type":"SearchAction","target":{"@type":"EntryPoint","urlTemplate":"https:\/\/barrsell.com\/?s={search_term_string}"},"query-input":"required name=search_term_string"}],"inLanguage":"en-US"}]}},"_links":{"self":[{"href":"https:\/\/barrsell.com\/en\/wp-json\/wp\/v2\/product\/14290","targetHints":{"allow":["GET"]}}],"collection":[{"href":"https:\/\/barrsell.com\/en\/wp-json\/wp\/v2\/product"}],"about":[{"href":"https:\/\/barrsell.com\/en\/wp-json\/wp\/v2\/types\/product"}],"version-history":[{"count":8,"href":"https:\/\/barrsell.com\/en\/wp-json\/wp\/v2\/product\/14290\/revisions"}],"predecessor-version":[{"id":19081,"href":"https:\/\/barrsell.com\/en\/wp-json\/wp\/v2\/product\/14290\/revisions\/19081"}],"wp:featuredmedia":[{"embeddable":true,"href":"https:\/\/barrsell.com\/en\/wp-json\/wp\/v2\/media\/19074"}],"wp:attachment":[{"href":"https:\/\/barrsell.com\/en\/wp-json\/wp\/v2\/media?parent=14290"}],"wp:term":[{"taxonomy":"product_cat","embeddable":true,"href":"https:\/\/barrsell.com\/en\/wp-json\/wp\/v2\/product_cat?post=14290"},{"taxonomy":"product_tag","embeddable":true,"href":"https:\/\/barrsell.com\/en\/wp-json\/wp\/v2\/product_tag?post=14290"}],"curies":[{"name":"wp","href":"https:\/\/api.w.org\/{rel}","templated":true}]}}