{"id":14214,"date":"2024-09-06T09:04:50","date_gmt":"2024-09-06T09:04:50","guid":{"rendered":"https:\/\/barrsell.com\/?post_type=product&#038;p=14214"},"modified":"2024-12-12T08:07:16","modified_gmt":"2024-12-12T08:07:16","slug":"eos-isitma-borusu-2001-3158","status":"publish","type":"product","link":"https:\/\/barrsell.com\/en\/product\/eos-heating-pipe-2001-3158\/","title":{"rendered":"Eos Heating Pipe 2001.3158"},"content":{"rendered":"<h2><strong><span style=\"vertical-align: inherit;\"><span style=\"vertical-align: inherit;\">Eos Heating Pipe 2001.3158 2666W Technical Specifications and Usage Details<\/span><\/span><\/strong><\/h2>\n<p><span style=\"vertical-align: inherit;\"><span style=\"vertical-align: inherit;\">Eos Heating Pipe 2001.3158 is a high quality product that provides efficient heating in professional sauna and spa applications. This heating pipe, which attracts attention with its high performance, durable structure and long-lasting design, reflects EOS's quality engineering approach.<\/span><\/span><\/p>\n<h3><strong><span style=\"vertical-align: inherit;\"><span style=\"vertical-align: inherit;\">\u00a0Technical Specifications<\/span><\/span><\/strong><\/h3>\n<ol>\n<li><strong><span style=\"vertical-align: inherit;\"><span style=\"vertical-align: inherit;\">Power Output<\/span><\/span><\/strong><span style=\"vertical-align: inherit;\"><span style=\"vertical-align: inherit;\">:<\/span><\/span>\n<ul>\n<li class=\" translation-block\">2666 watts, high efficiency.<\/li>\n<li><span style=\"vertical-align: inherit;\"><span style=\"vertical-align: inherit;\">Quickly creates the ideal temperature balance in the sauna environment.<\/span><\/span><\/li>\n<\/ul>\n<\/li>\n<li><strong><span style=\"vertical-align: inherit;\"><span style=\"vertical-align: inherit;\">Material Quality<\/span><\/span><\/strong><span style=\"vertical-align: inherit;\"><span style=\"vertical-align: inherit;\">:<\/span><\/span>\n<ul>\n<li><span style=\"vertical-align: inherit;\"><span style=\"vertical-align: inherit;\">This 2001.3158 product code heating pipe is made of durable heat resistant materials.<\/span><\/span><\/li>\n<li><span style=\"vertical-align: inherit;\"><span style=\"vertical-align: inherit;\">High corrosion resistance for a long service life.<\/span><\/span><\/li>\n<\/ul>\n<\/li>\n<li><strong><span style=\"vertical-align: inherit;\"><span style=\"vertical-align: inherit;\">Dimensions and Design<\/span><\/span><\/strong><span style=\"vertical-align: inherit;\"><span style=\"vertical-align: inherit;\">:<\/span><\/span>\n<ul>\n<li><span style=\"vertical-align: inherit;\"><span style=\"vertical-align: inherit;\">Thanks to its compact dimensions, it can be easily integrated into different sauna models.<\/span><\/span><\/li>\n<li><span style=\"vertical-align: inherit;\"><span style=\"vertical-align: inherit;\">It has a minimalist and functional design.<\/span><\/span><\/li>\n<\/ul>\n<\/li>\n<li><strong><span style=\"vertical-align: inherit;\"><span style=\"vertical-align: inherit;\">Compatibility<\/span><\/span><\/strong><span style=\"vertical-align: inherit;\"><span style=\"vertical-align: inherit;\">:<\/span><\/span>\n<ul>\n<li class=\" translation-block\"><span style=\"vertical-align: inherit\"><span style=\"vertical-align: inherit\"><a href=\"https:\/\/wdteknoloji.com\/kategori\/eos-kontrol-unitesi\/\" target=\"_self\">The Eos heating<\/a> tube<a href=\"https:\/\/barrsell.com\/kategoriler\/sauna-isiticilari\/eos-sauna-isiticilari\/\" target=\"_self\">is perfectly compatible with Eos sauna <\/a> heaters.<\/li>\n<li><span style=\"vertical-align: inherit;\"><span style=\"vertical-align: inherit;\">Provides flexibility to suit various sauna sizes.<\/span><\/span><\/li>\n<\/ul>\n<\/li>\n<li><strong><span style=\"vertical-align: inherit;\"><span style=\"vertical-align: inherit;\">Energy Efficiency<\/span><\/span><\/strong><span style=\"vertical-align: inherit;\"><span style=\"vertical-align: inherit;\">:<\/span><\/span>\n<ul>\n<li><span style=\"vertical-align: inherit;\"><span style=\"vertical-align: inherit;\">It uses a modern heating technology that prioritizes energy saving.<\/span><\/span><\/li>\n<li><span style=\"vertical-align: inherit;\"><span style=\"vertical-align: inherit;\">It offers an environmentally friendly performance by optimizing electricity consumption.<\/span><\/span><\/li>\n<\/ul>\n<\/li>\n<\/ol>","protected":false},"excerpt":{"rendered":"<h4><span style=\"vertical-align: inherit;\"><span style=\"vertical-align: inherit;\">Compatible Heaters<\/span><\/span><\/h4>\n<ul>\n<li><span style=\"vertical-align: inherit;\"><span style=\"vertical-align: inherit;\">Ecomat II<\/span><\/span><\/li>\n<li>Thermat Control<\/li>\n<\/ul>\n<p><span style=\"vertical-align: inherit;\"><span style=\"vertical-align: inherit;\">8 kW&#8217;a kadar. 2666W<\/span><\/span><\/p>","protected":false},"featured_media":14217,"template":"","meta":[],"product_cat":[159],"product_tag":[],"class_list":{"0":"post-14214","1":"product","2":"type-product","3":"status-publish","4":"has-post-thumbnail","6":"product_cat-eos-sauna-isiticilari-yedek-parcalari","8":"first","9":"instock","10":"shipping-taxable","11":"product-type-external"},"yoast_head":"<!-- This site is optimized with the Yoast SEO Premium plugin v23.2 (Yoast SEO v23.2) - https:\/\/yoast.com\/wordpress\/plugins\/seo\/ -->\n<title>Eos Is\u0131tma Borusu 2001.3158 | Barrsell End\u00fcstri<\/title>\n<meta name=\"description\" content=\"Eos Is\u0131tma Borusu 2001.3158 , profesyonel sauna ve spa uygulamalar\u0131nda verimli \u0131s\u0131tma sa\u011flayan y\u00fcksek kaliteli bir \u00fcr\u00fcnd\u00fcr.\" \/>\n<meta name=\"robots\" content=\"index, follow, max-snippet:-1, max-image-preview:large, max-video-preview:-1\" \/>\n<link rel=\"canonical\" href=\"https:\/\/barrsell.com\/en\/product\/eos-heating-pipe-2001-3158\/\" \/>\n<meta property=\"og:locale\" content=\"en_US\" \/>\n<meta property=\"og:type\" content=\"article\" \/>\n<meta property=\"og:title\" content=\"Eos Is\u0131tma Borusu 2001.3158\" \/>\n<meta property=\"og:description\" content=\"Eos Is\u0131tma Borusu 2001.3158 , profesyonel sauna ve spa uygulamalar\u0131nda verimli \u0131s\u0131tma sa\u011flayan y\u00fcksek kaliteli bir \u00fcr\u00fcnd\u00fcr.\" \/>\n<meta property=\"og:url\" content=\"https:\/\/barrsell.com\/en\/product\/eos-heating-pipe-2001-3158\/\" \/>\n<meta property=\"og:site_name\" content=\"Barrsell\" \/>\n<meta property=\"article:modified_time\" content=\"2024-12-12T08:07:16+00:00\" \/>\n<meta property=\"og:image\" content=\"https:\/\/barrsell.com\/wp-content\/uploads\/2024\/09\/Eos-Isitma-Borusu-2666W.webp\" \/>\n\t<meta property=\"og:image:width\" content=\"800\" \/>\n\t<meta property=\"og:image:height\" content=\"800\" \/>\n\t<meta property=\"og:image:type\" content=\"image\/webp\" \/>\n<meta name=\"twitter:card\" content=\"summary_large_image\" \/>\n<meta name=\"twitter:label1\" content=\"Est. reading time\" \/>\n\t<meta name=\"twitter:data1\" content=\"2 minutes\" \/>\n<script type=\"application\/ld+json\" class=\"yoast-schema-graph\">{\"@context\":\"https:\/\/schema.org\",\"@graph\":[{\"@type\":\"WebPage\",\"@id\":\"https:\/\/barrsell.com\/urun\/eos-isitma-borusu-2001-3158\/\",\"url\":\"https:\/\/barrsell.com\/urun\/eos-isitma-borusu-2001-3158\/\",\"name\":\"Eos Is\u0131tma Borusu 2001.3158 | Barrsell End\u00fcstri\",\"isPartOf\":{\"@id\":\"https:\/\/barrsell.com\/#website\"},\"primaryImageOfPage\":{\"@id\":\"https:\/\/barrsell.com\/urun\/eos-isitma-borusu-2001-3158\/#primaryimage\"},\"image\":{\"@id\":\"https:\/\/barrsell.com\/urun\/eos-isitma-borusu-2001-3158\/#primaryimage\"},\"thumbnailUrl\":\"https:\/\/barrsell.com\/wp-content\/uploads\/2024\/09\/Eos-Isitma-Borusu-2666W.webp\",\"datePublished\":\"2024-09-06T09:04:50+00:00\",\"dateModified\":\"2024-12-12T08:07:16+00:00\",\"description\":\"Eos Is\u0131tma Borusu 2001.3158 , profesyonel sauna ve spa uygulamalar\u0131nda verimli \u0131s\u0131tma sa\u011flayan y\u00fcksek kaliteli bir \u00fcr\u00fcnd\u00fcr.\",\"breadcrumb\":{\"@id\":\"https:\/\/barrsell.com\/urun\/eos-isitma-borusu-2001-3158\/#breadcrumb\"},\"inLanguage\":\"en-US\",\"potentialAction\":[{\"@type\":\"ReadAction\",\"target\":[\"https:\/\/barrsell.com\/urun\/eos-isitma-borusu-2001-3158\/\"]}]},{\"@type\":\"ImageObject\",\"inLanguage\":\"en-US\",\"@id\":\"https:\/\/barrsell.com\/urun\/eos-isitma-borusu-2001-3158\/#primaryimage\",\"url\":\"https:\/\/barrsell.com\/wp-content\/uploads\/2024\/09\/Eos-Isitma-Borusu-2666W.webp\",\"contentUrl\":\"https:\/\/barrsell.com\/wp-content\/uploads\/2024\/09\/Eos-Isitma-Borusu-2666W.webp\",\"width\":800,\"height\":800,\"caption\":\"Eos Is\u0131tma Borusu 2666W\"},{\"@type\":\"BreadcrumbList\",\"@id\":\"https:\/\/barrsell.com\/urun\/eos-isitma-borusu-2001-3158\/#breadcrumb\",\"itemListElement\":[{\"@type\":\"ListItem\",\"position\":1,\"name\":\"Home\",\"item\":\"https:\/\/barrsell.com\/\"},{\"@type\":\"ListItem\",\"position\":2,\"name\":\"\u00dcr\u00fcnler\",\"item\":\"https:\/\/barrsell.com\/en\/products\/\"},{\"@type\":\"ListItem\",\"position\":3,\"name\":\"Eos Is\u0131tma Borusu 2001.3158\"}]},{\"@type\":\"WebSite\",\"@id\":\"https:\/\/barrsell.com\/#website\",\"url\":\"https:\/\/barrsell.com\/\",\"name\":\"Barrsell End\u00fcstri Makine\",\"description\":\"Teknolojiyle G\u00fc\u00e7lenen End\u00fcstriyel \u00c7\u00f6z\u00fcmler!\",\"potentialAction\":[{\"@type\":\"SearchAction\",\"target\":{\"@type\":\"EntryPoint\",\"urlTemplate\":\"https:\/\/barrsell.com\/?s={search_term_string}\"},\"query-input\":\"required name=search_term_string\"}],\"inLanguage\":\"en-US\"}]}<\/script>\n<!-- \/ Yoast SEO Premium plugin. -->","yoast_head_json":{"title":"Eos Is\u0131tma Borusu 2001.3158 | Barrsell End\u00fcstri","description":"Eos Is\u0131tma Borusu 2001.3158 , profesyonel sauna ve spa uygulamalar\u0131nda verimli \u0131s\u0131tma sa\u011flayan y\u00fcksek kaliteli bir \u00fcr\u00fcnd\u00fcr.","robots":{"index":"index","follow":"follow","max-snippet":"max-snippet:-1","max-image-preview":"max-image-preview:large","max-video-preview":"max-video-preview:-1"},"canonical":"https:\/\/barrsell.com\/en\/product\/eos-heating-pipe-2001-3158\/","og_locale":"en_US","og_type":"article","og_title":"Eos Is\u0131tma Borusu 2001.3158","og_description":"Eos Is\u0131tma Borusu 2001.3158 , profesyonel sauna ve spa uygulamalar\u0131nda verimli \u0131s\u0131tma sa\u011flayan y\u00fcksek kaliteli bir \u00fcr\u00fcnd\u00fcr.","og_url":"https:\/\/barrsell.com\/en\/product\/eos-heating-pipe-2001-3158\/","og_site_name":"Barrsell","article_modified_time":"2024-12-12T08:07:16+00:00","og_image":[{"width":800,"height":800,"url":"https:\/\/barrsell.com\/wp-content\/uploads\/2024\/09\/Eos-Isitma-Borusu-2666W.webp","type":"image\/webp"}],"twitter_card":"summary_large_image","twitter_misc":{"Est. reading time":"2 minutes"},"schema":{"@context":"https:\/\/schema.org","@graph":[{"@type":"WebPage","@id":"https:\/\/barrsell.com\/urun\/eos-isitma-borusu-2001-3158\/","url":"https:\/\/barrsell.com\/urun\/eos-isitma-borusu-2001-3158\/","name":"Eos Is\u0131tma Borusu 2001.3158 | Barrsell End\u00fcstri","isPartOf":{"@id":"https:\/\/barrsell.com\/#website"},"primaryImageOfPage":{"@id":"https:\/\/barrsell.com\/urun\/eos-isitma-borusu-2001-3158\/#primaryimage"},"image":{"@id":"https:\/\/barrsell.com\/urun\/eos-isitma-borusu-2001-3158\/#primaryimage"},"thumbnailUrl":"https:\/\/barrsell.com\/wp-content\/uploads\/2024\/09\/Eos-Isitma-Borusu-2666W.webp","datePublished":"2024-09-06T09:04:50+00:00","dateModified":"2024-12-12T08:07:16+00:00","description":"Eos Is\u0131tma Borusu 2001.3158 , profesyonel sauna ve spa uygulamalar\u0131nda verimli \u0131s\u0131tma sa\u011flayan y\u00fcksek kaliteli bir \u00fcr\u00fcnd\u00fcr.","breadcrumb":{"@id":"https:\/\/barrsell.com\/urun\/eos-isitma-borusu-2001-3158\/#breadcrumb"},"inLanguage":"en-US","potentialAction":[{"@type":"ReadAction","target":["https:\/\/barrsell.com\/urun\/eos-isitma-borusu-2001-3158\/"]}]},{"@type":"ImageObject","inLanguage":"en-US","@id":"https:\/\/barrsell.com\/urun\/eos-isitma-borusu-2001-3158\/#primaryimage","url":"https:\/\/barrsell.com\/wp-content\/uploads\/2024\/09\/Eos-Isitma-Borusu-2666W.webp","contentUrl":"https:\/\/barrsell.com\/wp-content\/uploads\/2024\/09\/Eos-Isitma-Borusu-2666W.webp","width":800,"height":800,"caption":"Eos Is\u0131tma Borusu 2666W"},{"@type":"BreadcrumbList","@id":"https:\/\/barrsell.com\/urun\/eos-isitma-borusu-2001-3158\/#breadcrumb","itemListElement":[{"@type":"ListItem","position":1,"name":"Home","item":"https:\/\/barrsell.com\/"},{"@type":"ListItem","position":2,"name":"\u00dcr\u00fcnler","item":"https:\/\/barrsell.com\/en\/products\/"},{"@type":"ListItem","position":3,"name":"Eos Is\u0131tma Borusu 2001.3158"}]},{"@type":"WebSite","@id":"https:\/\/barrsell.com\/#website","url":"https:\/\/barrsell.com\/","name":"Barrsell End\u00fcstri Makine","description":"Teknolojiyle G\u00fc\u00e7lenen End\u00fcstriyel \u00c7\u00f6z\u00fcmler!","potentialAction":[{"@type":"SearchAction","target":{"@type":"EntryPoint","urlTemplate":"https:\/\/barrsell.com\/?s={search_term_string}"},"query-input":"required name=search_term_string"}],"inLanguage":"en-US"}]}},"_links":{"self":[{"href":"https:\/\/barrsell.com\/en\/wp-json\/wp\/v2\/product\/14214","targetHints":{"allow":["GET"]}}],"collection":[{"href":"https:\/\/barrsell.com\/en\/wp-json\/wp\/v2\/product"}],"about":[{"href":"https:\/\/barrsell.com\/en\/wp-json\/wp\/v2\/types\/product"}],"version-history":[{"count":8,"href":"https:\/\/barrsell.com\/en\/wp-json\/wp\/v2\/product\/14214\/revisions"}],"predecessor-version":[{"id":19168,"href":"https:\/\/barrsell.com\/en\/wp-json\/wp\/v2\/product\/14214\/revisions\/19168"}],"wp:featuredmedia":[{"embeddable":true,"href":"https:\/\/barrsell.com\/en\/wp-json\/wp\/v2\/media\/14217"}],"wp:attachment":[{"href":"https:\/\/barrsell.com\/en\/wp-json\/wp\/v2\/media?parent=14214"}],"wp:term":[{"taxonomy":"product_cat","embeddable":true,"href":"https:\/\/barrsell.com\/en\/wp-json\/wp\/v2\/product_cat?post=14214"},{"taxonomy":"product_tag","embeddable":true,"href":"https:\/\/barrsell.com\/en\/wp-json\/wp\/v2\/product_tag?post=14214"}],"curies":[{"name":"wp","href":"https:\/\/api.w.org\/{rel}","templated":true}]}}