{"id":14211,"date":"2024-09-06T09:01:35","date_gmt":"2024-09-06T09:01:35","guid":{"rendered":"https:\/\/barrsell.com\/?post_type=product&#038;p=14211"},"modified":"2024-12-12T08:10:38","modified_gmt":"2024-12-12T08:10:38","slug":"eos-isitma-borusu-2000-8533","status":"publish","type":"product","link":"https:\/\/barrsell.com\/en\/product\/eos-heating-pipe-2000-8533\/","title":{"rendered":"Eos Is\u0131tma Borusu 2000.8533"},"content":{"rendered":"<h2>Eos Heating Tube 2000.8533 1500W<\/h2>\n<p>Eos Heating Tube 2000.8533 u 1500W is a highly energy efficient, durable and optimized heating element for industrial use. It can be used in a wide range of applications, especially preferred in industrial machines, furnaces, water heaters and chemical processes.<\/p>\n<table class=\"table table-sm table-striped table-bordered-outline\">\n<tbody>\n<tr>\n<td class=\"h6\">Shipping weight:<\/td>\n<td class=\"weight-unit\">1,05 kilo<\/td>\n<\/tr>\n<tr class=\"attr-weight\">\n<td class=\"h6\">Product weight:<\/td>\n<td class=\"weight-unit\">1,00\u00a0kilo<\/td>\n<\/tr>\n<\/tbody>\n<\/table>\n<h4>Technical Data<\/h4>\n<ul>\n<li><strong>Power<\/strong>: 1500 W<\/li>\n<li><strong>Voltage<\/strong>: 220-240 V (AC)<\/li>\n<li><strong>Material<\/strong>: <a href=\"https:\/\/barrsell.com\/en\/kategoriler\/sauna-isiticilari\/eos-sauna-isiticilari\/\">Eos<\/a> heating pipe, stainless steel or nickel-chromium alloy (corrosion resistant)<\/li>\n<li><strong>Length<\/strong>: Suitable for various installation needs.<\/li>\n<li><strong>Thermal Efficiency<\/strong>: Fast and balanced heat dissipation<\/li>\n<li><strong>Mounting Type<\/strong>: Flanged, open-end or screw connection options<\/li>\n<li><strong>Temperature Tolerance<\/strong>: 2000.8533, continuous operating capacity up to 500\u00b0C<\/li>\n<\/ul>\n<h4>Technical Support<\/h4>\n<p><a href=\"https:\/\/wdteknoloji.com\/kategori\/sauna-isiticilari\/\">Eos<\/a> The technical support provided with the heating pipe guarantees customer satisfaction at all stages, from installation to maintenance. Furthermore, eos spare parts and repair services are easily accessible.<\/p>","protected":false},"excerpt":{"rendered":"<h4>Compatible Heaters 1500W<\/h4>\n<ul>\n<li>EOS Invisio Midi<\/li>\n<li>EOS 46.U<\/li>\n<li>EOS 46.U XL<\/li>\n<\/ul>","protected":false},"featured_media":19157,"template":"","meta":[],"product_cat":[159],"product_tag":[],"class_list":{"0":"post-14211","1":"product","2":"type-product","3":"status-publish","4":"has-post-thumbnail","6":"product_cat-eos-sauna-isiticilari-yedek-parcalari","8":"first","9":"instock","10":"shipping-taxable","11":"product-type-external"},"yoast_head":"<!-- This site is optimized with the Yoast SEO Premium plugin v23.2 (Yoast SEO v23.2) - https:\/\/yoast.com\/wordpress\/plugins\/seo\/ -->\n<title>Eos Is\u0131tma Borusu 2000.8533 | Barrsell End\u00fcstri<\/title>\n<meta name=\"description\" content=\"Eos Is\u0131tma Borusu 2000.8533 u 1500W y\u00fcksek verimlilikle enerji sa\u011flayan, dayan\u0131kl\u0131 ve end\u00fcstriyel kullan\u0131m i\u00e7in optimize bir \u0131s\u0131tma eleman\u0131d\u0131r.\" \/>\n<meta name=\"robots\" content=\"index, follow, max-snippet:-1, max-image-preview:large, max-video-preview:-1\" \/>\n<link rel=\"canonical\" href=\"https:\/\/barrsell.com\/en\/product\/eos-heating-pipe-2000-8533\/\" \/>\n<meta property=\"og:locale\" content=\"en_US\" \/>\n<meta property=\"og:type\" content=\"article\" \/>\n<meta property=\"og:title\" content=\"Eos Is\u0131tma Borusu 2000.8533\" \/>\n<meta property=\"og:description\" content=\"Eos Is\u0131tma Borusu 2000.8533 u 1500W y\u00fcksek verimlilikle enerji sa\u011flayan, dayan\u0131kl\u0131 ve end\u00fcstriyel kullan\u0131m i\u00e7in optimize bir \u0131s\u0131tma eleman\u0131d\u0131r.\" \/>\n<meta property=\"og:url\" content=\"https:\/\/barrsell.com\/en\/product\/eos-heating-pipe-2000-8533\/\" \/>\n<meta property=\"og:site_name\" content=\"Barrsell\" \/>\n<meta property=\"article:modified_time\" content=\"2024-12-12T08:10:38+00:00\" \/>\n<meta property=\"og:image\" content=\"https:\/\/barrsell.com\/wp-content\/uploads\/2024\/09\/Eos-Isitma-Borusu-1500W-2.png\" \/>\n\t<meta property=\"og:image:width\" content=\"1200\" \/>\n\t<meta property=\"og:image:height\" content=\"1200\" \/>\n\t<meta property=\"og:image:type\" content=\"image\/png\" \/>\n<meta name=\"twitter:card\" content=\"summary_large_image\" \/>\n<meta name=\"twitter:label1\" content=\"Est. reading time\" \/>\n\t<meta name=\"twitter:data1\" content=\"1 minute\" \/>\n<script type=\"application\/ld+json\" class=\"yoast-schema-graph\">{\"@context\":\"https:\/\/schema.org\",\"@graph\":[{\"@type\":\"WebPage\",\"@id\":\"https:\/\/barrsell.com\/urun\/eos-isitma-borusu-2000-8533\/\",\"url\":\"https:\/\/barrsell.com\/urun\/eos-isitma-borusu-2000-8533\/\",\"name\":\"Eos Is\u0131tma Borusu 2000.8533 | Barrsell End\u00fcstri\",\"isPartOf\":{\"@id\":\"https:\/\/barrsell.com\/#website\"},\"primaryImageOfPage\":{\"@id\":\"https:\/\/barrsell.com\/urun\/eos-isitma-borusu-2000-8533\/#primaryimage\"},\"image\":{\"@id\":\"https:\/\/barrsell.com\/urun\/eos-isitma-borusu-2000-8533\/#primaryimage\"},\"thumbnailUrl\":\"https:\/\/barrsell.com\/wp-content\/uploads\/2024\/09\/Eos-Isitma-Borusu-1500W-2.png\",\"datePublished\":\"2024-09-06T09:01:35+00:00\",\"dateModified\":\"2024-12-12T08:10:38+00:00\",\"description\":\"Eos Is\u0131tma Borusu 2000.8533 u 1500W y\u00fcksek verimlilikle enerji sa\u011flayan, dayan\u0131kl\u0131 ve end\u00fcstriyel kullan\u0131m i\u00e7in optimize bir \u0131s\u0131tma eleman\u0131d\u0131r.\",\"breadcrumb\":{\"@id\":\"https:\/\/barrsell.com\/urun\/eos-isitma-borusu-2000-8533\/#breadcrumb\"},\"inLanguage\":\"en-US\",\"potentialAction\":[{\"@type\":\"ReadAction\",\"target\":[\"https:\/\/barrsell.com\/urun\/eos-isitma-borusu-2000-8533\/\"]}]},{\"@type\":\"ImageObject\",\"inLanguage\":\"en-US\",\"@id\":\"https:\/\/barrsell.com\/urun\/eos-isitma-borusu-2000-8533\/#primaryimage\",\"url\":\"https:\/\/barrsell.com\/wp-content\/uploads\/2024\/09\/Eos-Isitma-Borusu-1500W-2.png\",\"contentUrl\":\"https:\/\/barrsell.com\/wp-content\/uploads\/2024\/09\/Eos-Isitma-Borusu-1500W-2.png\",\"width\":1200,\"height\":1200,\"caption\":\"Eos Is\u0131tma Borusu 1500W-2\"},{\"@type\":\"BreadcrumbList\",\"@id\":\"https:\/\/barrsell.com\/urun\/eos-isitma-borusu-2000-8533\/#breadcrumb\",\"itemListElement\":[{\"@type\":\"ListItem\",\"position\":1,\"name\":\"Home\",\"item\":\"https:\/\/barrsell.com\/\"},{\"@type\":\"ListItem\",\"position\":2,\"name\":\"\u00dcr\u00fcnler\",\"item\":\"https:\/\/barrsell.com\/en\/products\/\"},{\"@type\":\"ListItem\",\"position\":3,\"name\":\"Eos Is\u0131tma Borusu 2000.8533\"}]},{\"@type\":\"WebSite\",\"@id\":\"https:\/\/barrsell.com\/#website\",\"url\":\"https:\/\/barrsell.com\/\",\"name\":\"Barrsell End\u00fcstri Makine\",\"description\":\"Teknolojiyle G\u00fc\u00e7lenen End\u00fcstriyel \u00c7\u00f6z\u00fcmler!\",\"potentialAction\":[{\"@type\":\"SearchAction\",\"target\":{\"@type\":\"EntryPoint\",\"urlTemplate\":\"https:\/\/barrsell.com\/?s={search_term_string}\"},\"query-input\":\"required name=search_term_string\"}],\"inLanguage\":\"en-US\"}]}<\/script>\n<!-- \/ Yoast SEO Premium plugin. -->","yoast_head_json":{"title":"Eos Is\u0131tma Borusu 2000.8533 | Barrsell End\u00fcstri","description":"Eos Is\u0131tma Borusu 2000.8533 u 1500W y\u00fcksek verimlilikle enerji sa\u011flayan, dayan\u0131kl\u0131 ve end\u00fcstriyel kullan\u0131m i\u00e7in optimize bir \u0131s\u0131tma eleman\u0131d\u0131r.","robots":{"index":"index","follow":"follow","max-snippet":"max-snippet:-1","max-image-preview":"max-image-preview:large","max-video-preview":"max-video-preview:-1"},"canonical":"https:\/\/barrsell.com\/en\/product\/eos-heating-pipe-2000-8533\/","og_locale":"en_US","og_type":"article","og_title":"Eos Is\u0131tma Borusu 2000.8533","og_description":"Eos Is\u0131tma Borusu 2000.8533 u 1500W y\u00fcksek verimlilikle enerji sa\u011flayan, dayan\u0131kl\u0131 ve end\u00fcstriyel kullan\u0131m i\u00e7in optimize bir \u0131s\u0131tma eleman\u0131d\u0131r.","og_url":"https:\/\/barrsell.com\/en\/product\/eos-heating-pipe-2000-8533\/","og_site_name":"Barrsell","article_modified_time":"2024-12-12T08:10:38+00:00","og_image":[{"width":1200,"height":1200,"url":"https:\/\/barrsell.com\/wp-content\/uploads\/2024\/09\/Eos-Isitma-Borusu-1500W-2.png","type":"image\/png"}],"twitter_card":"summary_large_image","twitter_misc":{"Est. reading time":"1 minute"},"schema":{"@context":"https:\/\/schema.org","@graph":[{"@type":"WebPage","@id":"https:\/\/barrsell.com\/urun\/eos-isitma-borusu-2000-8533\/","url":"https:\/\/barrsell.com\/urun\/eos-isitma-borusu-2000-8533\/","name":"Eos Is\u0131tma Borusu 2000.8533 | Barrsell End\u00fcstri","isPartOf":{"@id":"https:\/\/barrsell.com\/#website"},"primaryImageOfPage":{"@id":"https:\/\/barrsell.com\/urun\/eos-isitma-borusu-2000-8533\/#primaryimage"},"image":{"@id":"https:\/\/barrsell.com\/urun\/eos-isitma-borusu-2000-8533\/#primaryimage"},"thumbnailUrl":"https:\/\/barrsell.com\/wp-content\/uploads\/2024\/09\/Eos-Isitma-Borusu-1500W-2.png","datePublished":"2024-09-06T09:01:35+00:00","dateModified":"2024-12-12T08:10:38+00:00","description":"Eos Is\u0131tma Borusu 2000.8533 u 1500W y\u00fcksek verimlilikle enerji sa\u011flayan, dayan\u0131kl\u0131 ve end\u00fcstriyel kullan\u0131m i\u00e7in optimize bir \u0131s\u0131tma eleman\u0131d\u0131r.","breadcrumb":{"@id":"https:\/\/barrsell.com\/urun\/eos-isitma-borusu-2000-8533\/#breadcrumb"},"inLanguage":"en-US","potentialAction":[{"@type":"ReadAction","target":["https:\/\/barrsell.com\/urun\/eos-isitma-borusu-2000-8533\/"]}]},{"@type":"ImageObject","inLanguage":"en-US","@id":"https:\/\/barrsell.com\/urun\/eos-isitma-borusu-2000-8533\/#primaryimage","url":"https:\/\/barrsell.com\/wp-content\/uploads\/2024\/09\/Eos-Isitma-Borusu-1500W-2.png","contentUrl":"https:\/\/barrsell.com\/wp-content\/uploads\/2024\/09\/Eos-Isitma-Borusu-1500W-2.png","width":1200,"height":1200,"caption":"Eos Is\u0131tma Borusu 1500W-2"},{"@type":"BreadcrumbList","@id":"https:\/\/barrsell.com\/urun\/eos-isitma-borusu-2000-8533\/#breadcrumb","itemListElement":[{"@type":"ListItem","position":1,"name":"Home","item":"https:\/\/barrsell.com\/"},{"@type":"ListItem","position":2,"name":"\u00dcr\u00fcnler","item":"https:\/\/barrsell.com\/en\/products\/"},{"@type":"ListItem","position":3,"name":"Eos Is\u0131tma Borusu 2000.8533"}]},{"@type":"WebSite","@id":"https:\/\/barrsell.com\/#website","url":"https:\/\/barrsell.com\/","name":"Barrsell End\u00fcstri Makine","description":"Teknolojiyle G\u00fc\u00e7lenen End\u00fcstriyel \u00c7\u00f6z\u00fcmler!","potentialAction":[{"@type":"SearchAction","target":{"@type":"EntryPoint","urlTemplate":"https:\/\/barrsell.com\/?s={search_term_string}"},"query-input":"required name=search_term_string"}],"inLanguage":"en-US"}]}},"_links":{"self":[{"href":"https:\/\/barrsell.com\/en\/wp-json\/wp\/v2\/product\/14211","targetHints":{"allow":["GET"]}}],"collection":[{"href":"https:\/\/barrsell.com\/en\/wp-json\/wp\/v2\/product"}],"about":[{"href":"https:\/\/barrsell.com\/en\/wp-json\/wp\/v2\/types\/product"}],"version-history":[{"count":12,"href":"https:\/\/barrsell.com\/en\/wp-json\/wp\/v2\/product\/14211\/revisions"}],"predecessor-version":[{"id":19170,"href":"https:\/\/barrsell.com\/en\/wp-json\/wp\/v2\/product\/14211\/revisions\/19170"}],"wp:featuredmedia":[{"embeddable":true,"href":"https:\/\/barrsell.com\/en\/wp-json\/wp\/v2\/media\/19157"}],"wp:attachment":[{"href":"https:\/\/barrsell.com\/en\/wp-json\/wp\/v2\/media?parent=14211"}],"wp:term":[{"taxonomy":"product_cat","embeddable":true,"href":"https:\/\/barrsell.com\/en\/wp-json\/wp\/v2\/product_cat?post=14211"},{"taxonomy":"product_tag","embeddable":true,"href":"https:\/\/barrsell.com\/en\/wp-json\/wp\/v2\/product_tag?post=14211"}],"curies":[{"name":"wp","href":"https:\/\/api.w.org\/{rel}","templated":true}]}}