{"id":14206,"date":"2024-09-06T08:53:29","date_gmt":"2024-09-06T08:53:29","guid":{"rendered":"https:\/\/barrsell.com\/?post_type=product&#038;p=14206"},"modified":"2024-12-12T08:25:37","modified_gmt":"2024-12-12T08:25:37","slug":"eos-isitma-borusu-2001-3877","status":"publish","type":"product","link":"https:\/\/barrsell.com\/en\/product\/eos-heating-pipe-2001-3877\/","title":{"rendered":"Eos Heating Pipe 2001.3877"},"content":{"rendered":"<h2><strong>EOS Heating Pipe 2001.3877: High Performance and Durability<\/strong><\/h2>\n<p>EOS Heating Pipe 2001.3877 offers a reliable and energy efficient solution for industrial and domestic heating systems. It provides long-lasting use thanks to its superior material quality and innovative design. It offers a flexible structure to adapt to different application areas.<\/p>\n<h4><strong>Technical Specifications<\/strong><\/h4>\n<ul>\n<li><strong>Product Model<\/strong>: 2001.3877<\/li>\n<li><strong>Power<\/strong>: 2000 W<\/li>\n<li><strong>Voltage<\/strong>: 220-240 V<\/li>\n<li><strong>Material<\/strong>: <a href=\"https:\/\/barrsell.com\/en\/kategoriler\/sauna-isiticilari\/eos-sauna-isiticilari\/\">Eos<\/a> Heating Tube Stainless steel (corrosion resistant)<\/li>\n<li class=\" translation-block\"><strong>Heat Conduction<\/strong>: Homogeneous and fast heat dissipation<\/li>\n<li class=\" translation-block\"><strong>Mounting Type<\/strong>: Easy installation with modular connection system<\/li>\n<li class=\" translation-block\"><strong>Use Life<\/strong>: Long-lasting performance with high heat tolerance and durability<\/li>\n<\/ul>\n<h4>Compatible Devices<\/h4>\n<ul>\n<li><strong><a href=\"https:\/\/wdteknoloji.com\/kategori\/sauna-isiticilari\/\">Bi-O Tec<\/a> Sauna Is\u0131t\u0131c\u0131s\u0131 Buharla\u015ft\u0131r\u0131c\u0131<\/strong>: 7,5 kW ila 9,0 kW kapasite aral\u0131\u011f\u0131.<\/li>\n<li><strong>Bi-O Germanius Vaporizer<\/strong>: 9.0 kW to 18.0 kW power options for high performance.<\/li>\n<li><strong>Vaporizer for Herkules S60 Vapor Sauna Heater<\/strong>: 9.0 kW to 15.0 kW steam generation.<\/li>\n<li><strong>Vaporizer for Corona S60 Vapor Heater<\/strong>: 9.0 kW to 15.0 kW premium technology delivering a powerful steam experience.<\/li>\n<li><strong>Herkules XL S120 Vaporizer for Sauna Heater<\/strong>: 24.0 kW to 30.0 kW of superior capacity.<\/li>\n<\/ul>","protected":false},"excerpt":{"rendered":"<p><strong>Compatible Heaters 2000W<\/strong><\/p>\n<p><strong>Bi-O Tec<\/strong><\/p>\n<ul>\n<li>Bi-O Germanius<\/li>\n<li>Herkules s60 Vapor<\/li>\n<li>Corona s60 Vapor<\/li>\n<li>Herkules xl s120<\/li>\n<\/ul>","protected":false},"featured_media":14209,"template":"","meta":[],"product_cat":[159],"product_tag":[],"class_list":{"0":"post-14206","1":"product","2":"type-product","3":"status-publish","4":"has-post-thumbnail","6":"product_cat-eos-sauna-isiticilari-yedek-parcalari","8":"first","9":"instock","10":"shipping-taxable","11":"product-type-external"},"yoast_head":"<!-- This site is optimized with the Yoast SEO Premium plugin v23.2 (Yoast SEO v23.2) - https:\/\/yoast.com\/wordpress\/plugins\/seo\/ -->\n<title>Eos Is\u0131tma Borusu 2001.3877 | Barrsell End\u00fcstri<\/title>\n<meta name=\"description\" content=\"EOS Is\u0131tma Borusu 2001.3877, end\u00fcstriyel ve ev tipi \u0131s\u0131tma sistemlerinde g\u00fcvenilir ve enerji verimli bir \u00e7\u00f6z\u00fcm sunar. \u00dcst\u00fcn malzeme kalitesi.\" \/>\n<meta name=\"robots\" content=\"index, follow, max-snippet:-1, max-image-preview:large, max-video-preview:-1\" \/>\n<link rel=\"canonical\" href=\"https:\/\/barrsell.com\/en\/product\/eos-heating-pipe-2001-3877\/\" \/>\n<meta property=\"og:locale\" content=\"en_US\" \/>\n<meta property=\"og:type\" content=\"article\" \/>\n<meta property=\"og:title\" content=\"Eos Is\u0131tma Borusu 2001.3877\" \/>\n<meta property=\"og:description\" content=\"EOS Is\u0131tma Borusu 2001.3877, end\u00fcstriyel ve ev tipi \u0131s\u0131tma sistemlerinde g\u00fcvenilir ve enerji verimli bir \u00e7\u00f6z\u00fcm sunar. \u00dcst\u00fcn malzeme kalitesi.\" \/>\n<meta property=\"og:url\" content=\"https:\/\/barrsell.com\/en\/product\/eos-heating-pipe-2001-3877\/\" \/>\n<meta property=\"og:site_name\" content=\"Barrsell\" \/>\n<meta property=\"article:modified_time\" content=\"2024-12-12T08:25:37+00:00\" \/>\n<meta property=\"og:image\" content=\"https:\/\/barrsell.com\/wp-content\/uploads\/2024\/09\/Eos-Isitma-Cubugu-2000W.png\" \/>\n\t<meta property=\"og:image:width\" content=\"1200\" \/>\n\t<meta property=\"og:image:height\" content=\"1200\" \/>\n\t<meta property=\"og:image:type\" content=\"image\/png\" \/>\n<meta name=\"twitter:card\" content=\"summary_large_image\" \/>\n<meta name=\"twitter:label1\" content=\"Est. reading time\" \/>\n\t<meta name=\"twitter:data1\" content=\"2 minutes\" \/>\n<script type=\"application\/ld+json\" class=\"yoast-schema-graph\">{\"@context\":\"https:\/\/schema.org\",\"@graph\":[{\"@type\":\"WebPage\",\"@id\":\"https:\/\/barrsell.com\/urun\/eos-isitma-borusu-2001-3877\/\",\"url\":\"https:\/\/barrsell.com\/urun\/eos-isitma-borusu-2001-3877\/\",\"name\":\"Eos Is\u0131tma Borusu 2001.3877 | Barrsell End\u00fcstri\",\"isPartOf\":{\"@id\":\"https:\/\/barrsell.com\/#website\"},\"primaryImageOfPage\":{\"@id\":\"https:\/\/barrsell.com\/urun\/eos-isitma-borusu-2001-3877\/#primaryimage\"},\"image\":{\"@id\":\"https:\/\/barrsell.com\/urun\/eos-isitma-borusu-2001-3877\/#primaryimage\"},\"thumbnailUrl\":\"https:\/\/barrsell.com\/wp-content\/uploads\/2024\/09\/Eos-Isitma-Cubugu-2000W.png\",\"datePublished\":\"2024-09-06T08:53:29+00:00\",\"dateModified\":\"2024-12-12T08:25:37+00:00\",\"description\":\"EOS Is\u0131tma Borusu 2001.3877, end\u00fcstriyel ve ev tipi \u0131s\u0131tma sistemlerinde g\u00fcvenilir ve enerji verimli bir \u00e7\u00f6z\u00fcm sunar. \u00dcst\u00fcn malzeme kalitesi.\",\"breadcrumb\":{\"@id\":\"https:\/\/barrsell.com\/urun\/eos-isitma-borusu-2001-3877\/#breadcrumb\"},\"inLanguage\":\"en-US\",\"potentialAction\":[{\"@type\":\"ReadAction\",\"target\":[\"https:\/\/barrsell.com\/urun\/eos-isitma-borusu-2001-3877\/\"]}]},{\"@type\":\"ImageObject\",\"inLanguage\":\"en-US\",\"@id\":\"https:\/\/barrsell.com\/urun\/eos-isitma-borusu-2001-3877\/#primaryimage\",\"url\":\"https:\/\/barrsell.com\/wp-content\/uploads\/2024\/09\/Eos-Isitma-Cubugu-2000W.png\",\"contentUrl\":\"https:\/\/barrsell.com\/wp-content\/uploads\/2024\/09\/Eos-Isitma-Cubugu-2000W.png\",\"width\":1200,\"height\":1200,\"caption\":\"Eos Is\u0131tma \u00c7ubu\u011fu 2000W\"},{\"@type\":\"BreadcrumbList\",\"@id\":\"https:\/\/barrsell.com\/urun\/eos-isitma-borusu-2001-3877\/#breadcrumb\",\"itemListElement\":[{\"@type\":\"ListItem\",\"position\":1,\"name\":\"Home\",\"item\":\"https:\/\/barrsell.com\/\"},{\"@type\":\"ListItem\",\"position\":2,\"name\":\"\u00dcr\u00fcnler\",\"item\":\"https:\/\/barrsell.com\/en\/products\/\"},{\"@type\":\"ListItem\",\"position\":3,\"name\":\"Eos Is\u0131tma Borusu 2001.3877\"}]},{\"@type\":\"WebSite\",\"@id\":\"https:\/\/barrsell.com\/#website\",\"url\":\"https:\/\/barrsell.com\/\",\"name\":\"Barrsell End\u00fcstri Makine\",\"description\":\"Teknolojiyle G\u00fc\u00e7lenen End\u00fcstriyel \u00c7\u00f6z\u00fcmler!\",\"potentialAction\":[{\"@type\":\"SearchAction\",\"target\":{\"@type\":\"EntryPoint\",\"urlTemplate\":\"https:\/\/barrsell.com\/?s={search_term_string}\"},\"query-input\":\"required name=search_term_string\"}],\"inLanguage\":\"en-US\"}]}<\/script>\n<!-- \/ Yoast SEO Premium plugin. -->","yoast_head_json":{"title":"Eos Is\u0131tma Borusu 2001.3877 | Barrsell End\u00fcstri","description":"EOS Is\u0131tma Borusu 2001.3877, end\u00fcstriyel ve ev tipi \u0131s\u0131tma sistemlerinde g\u00fcvenilir ve enerji verimli bir \u00e7\u00f6z\u00fcm sunar. \u00dcst\u00fcn malzeme kalitesi.","robots":{"index":"index","follow":"follow","max-snippet":"max-snippet:-1","max-image-preview":"max-image-preview:large","max-video-preview":"max-video-preview:-1"},"canonical":"https:\/\/barrsell.com\/en\/product\/eos-heating-pipe-2001-3877\/","og_locale":"en_US","og_type":"article","og_title":"Eos Is\u0131tma Borusu 2001.3877","og_description":"EOS Is\u0131tma Borusu 2001.3877, end\u00fcstriyel ve ev tipi \u0131s\u0131tma sistemlerinde g\u00fcvenilir ve enerji verimli bir \u00e7\u00f6z\u00fcm sunar. \u00dcst\u00fcn malzeme kalitesi.","og_url":"https:\/\/barrsell.com\/en\/product\/eos-heating-pipe-2001-3877\/","og_site_name":"Barrsell","article_modified_time":"2024-12-12T08:25:37+00:00","og_image":[{"width":1200,"height":1200,"url":"https:\/\/barrsell.com\/wp-content\/uploads\/2024\/09\/Eos-Isitma-Cubugu-2000W.png","type":"image\/png"}],"twitter_card":"summary_large_image","twitter_misc":{"Est. reading time":"2 minutes"},"schema":{"@context":"https:\/\/schema.org","@graph":[{"@type":"WebPage","@id":"https:\/\/barrsell.com\/urun\/eos-isitma-borusu-2001-3877\/","url":"https:\/\/barrsell.com\/urun\/eos-isitma-borusu-2001-3877\/","name":"Eos Is\u0131tma Borusu 2001.3877 | Barrsell End\u00fcstri","isPartOf":{"@id":"https:\/\/barrsell.com\/#website"},"primaryImageOfPage":{"@id":"https:\/\/barrsell.com\/urun\/eos-isitma-borusu-2001-3877\/#primaryimage"},"image":{"@id":"https:\/\/barrsell.com\/urun\/eos-isitma-borusu-2001-3877\/#primaryimage"},"thumbnailUrl":"https:\/\/barrsell.com\/wp-content\/uploads\/2024\/09\/Eos-Isitma-Cubugu-2000W.png","datePublished":"2024-09-06T08:53:29+00:00","dateModified":"2024-12-12T08:25:37+00:00","description":"EOS Is\u0131tma Borusu 2001.3877, end\u00fcstriyel ve ev tipi \u0131s\u0131tma sistemlerinde g\u00fcvenilir ve enerji verimli bir \u00e7\u00f6z\u00fcm sunar. \u00dcst\u00fcn malzeme kalitesi.","breadcrumb":{"@id":"https:\/\/barrsell.com\/urun\/eos-isitma-borusu-2001-3877\/#breadcrumb"},"inLanguage":"en-US","potentialAction":[{"@type":"ReadAction","target":["https:\/\/barrsell.com\/urun\/eos-isitma-borusu-2001-3877\/"]}]},{"@type":"ImageObject","inLanguage":"en-US","@id":"https:\/\/barrsell.com\/urun\/eos-isitma-borusu-2001-3877\/#primaryimage","url":"https:\/\/barrsell.com\/wp-content\/uploads\/2024\/09\/Eos-Isitma-Cubugu-2000W.png","contentUrl":"https:\/\/barrsell.com\/wp-content\/uploads\/2024\/09\/Eos-Isitma-Cubugu-2000W.png","width":1200,"height":1200,"caption":"Eos Is\u0131tma \u00c7ubu\u011fu 2000W"},{"@type":"BreadcrumbList","@id":"https:\/\/barrsell.com\/urun\/eos-isitma-borusu-2001-3877\/#breadcrumb","itemListElement":[{"@type":"ListItem","position":1,"name":"Home","item":"https:\/\/barrsell.com\/"},{"@type":"ListItem","position":2,"name":"\u00dcr\u00fcnler","item":"https:\/\/barrsell.com\/en\/products\/"},{"@type":"ListItem","position":3,"name":"Eos Is\u0131tma Borusu 2001.3877"}]},{"@type":"WebSite","@id":"https:\/\/barrsell.com\/#website","url":"https:\/\/barrsell.com\/","name":"Barrsell End\u00fcstri Makine","description":"Teknolojiyle G\u00fc\u00e7lenen End\u00fcstriyel \u00c7\u00f6z\u00fcmler!","potentialAction":[{"@type":"SearchAction","target":{"@type":"EntryPoint","urlTemplate":"https:\/\/barrsell.com\/?s={search_term_string}"},"query-input":"required name=search_term_string"}],"inLanguage":"en-US"}]}},"_links":{"self":[{"href":"https:\/\/barrsell.com\/en\/wp-json\/wp\/v2\/product\/14206","targetHints":{"allow":["GET"]}}],"collection":[{"href":"https:\/\/barrsell.com\/en\/wp-json\/wp\/v2\/product"}],"about":[{"href":"https:\/\/barrsell.com\/en\/wp-json\/wp\/v2\/types\/product"}],"version-history":[{"count":5,"href":"https:\/\/barrsell.com\/en\/wp-json\/wp\/v2\/product\/14206\/revisions"}],"predecessor-version":[{"id":19174,"href":"https:\/\/barrsell.com\/en\/wp-json\/wp\/v2\/product\/14206\/revisions\/19174"}],"wp:featuredmedia":[{"embeddable":true,"href":"https:\/\/barrsell.com\/en\/wp-json\/wp\/v2\/media\/14209"}],"wp:attachment":[{"href":"https:\/\/barrsell.com\/en\/wp-json\/wp\/v2\/media?parent=14206"}],"wp:term":[{"taxonomy":"product_cat","embeddable":true,"href":"https:\/\/barrsell.com\/en\/wp-json\/wp\/v2\/product_cat?post=14206"},{"taxonomy":"product_tag","embeddable":true,"href":"https:\/\/barrsell.com\/en\/wp-json\/wp\/v2\/product_tag?post=14206"}],"curies":[{"name":"wp","href":"https:\/\/api.w.org\/{rel}","templated":true}]}}