{"id":14200,"date":"2024-09-06T08:32:44","date_gmt":"2024-09-06T08:32:44","guid":{"rendered":"https:\/\/barrsell.com\/?post_type=product&#038;p=14200"},"modified":"2024-12-12T09:12:12","modified_gmt":"2024-12-12T09:12:12","slug":"eos-isitma-borusu-2001-1598","status":"publish","type":"product","link":"https:\/\/barrsell.com\/en\/product\/eos-heating-pipe-2001-1598\/","title":{"rendered":"Eos Heating Pipe 2001.1598"},"content":{"rendered":"<h2><strong>EOS Heating Pipe 2001.1598: The New Standard in Efficiency and Reliability<\/strong><\/h2>\n<p class=\" translation-block\">EOS Heating Pipe 2001.1598 is a high-performance solution designed for modern heating systems. Especially with its advanced material structure and engineering approach, it provides both energy savings and long-term use. At the same time, correct capacity planning and appropriate heater selection are important. Therefore, this selection ensures both safe and long-lasting operation of the system. Thus, quality brands such as Euro-Max, Bi-O, Germanius, Herkules, and Corona offer ideal solutions for every application.<\/p>\n<h3><strong>Technical Specifications<\/strong><\/h3>\n<ul>\n<li><strong>Product Model<\/strong>: <a href=\"https:\/\/barrsell.com\/en\/kategoriler\/sauna-isiticilari\/eos-sauna-isiticilari\/eos-sauna-isiticilar\/\">EOS<\/a> Heating Pipe 2001.1598<\/li>\n<li><strong>Power Capacity<\/strong>: 1500 W<\/li>\n<li><strong>Operating Voltage<\/strong>: 220-240 V<\/li>\n<li class=\" translation-block\"><strong>Material<\/strong>: High quality stainless steel and also corrosion resistant construction<\/li>\n<li class=\" translation-block\"><strong>Temperature Resistance<\/strong>: Continuous operating capacity up to 500\u00b0C<\/li>\n<li class=\" translation-block\"><strong>Type of Connection<\/strong>: Flanged or screw mounting options<\/li>\n<li class=\" translation-block\"><strong>Heat Distribution<\/strong>: Homogeneous and also fast heat transfer<\/li>\n<\/ul>\n<p><strong>Euro-Max Heaters<\/strong><\/p>\n<ul>\n<li style=\"list-style-type: none;\">\n<ul>\n<li class=\" translation-block\">For a capacity of <strong>12.0 kW<\/strong>: 9 units are required.<\/li>\n<li class=\" translation-block\">For a capacity of <strong>15.0 kW<\/strong>: 11 units are required.<\/li>\n<\/ul>\n<\/li>\n<\/ul>\n<p><strong>Bi-O \/ Germanius Heaters<\/strong><\/p>\n<ul>\n<li style=\"list-style-type: none;\">\n<ul>\n<li class=\" translation-block\">For a capacity of <strong>9.0 kW<\/strong>: 3 heaters and also 3 EOS 1666 W (2001.3763) heating rods are required.<\/li>\n<li class=\" translation-block\">For a capacity of <strong>12.0 kW<\/strong>: 9 units are required.<\/li>\n<\/ul>\n<\/li>\n<\/ul>\n<p><strong>Goliath 34.g2 Heaters<\/strong><\/p>\n<ul>\n<li style=\"list-style-type: none;\">\n<ul>\n<li class=\" translation-block\">For a capacity of <strong>24.0 kW<\/strong>: 18 units are required.<\/li>\n<\/ul>\n<\/li>\n<\/ul>\n<p><strong>Herkules S60 Heaters<\/strong><\/p>\n<ul>\n<li style=\"list-style-type: none;\">\n<ul>\n<li class=\" translation-block\">For a capacity of <strong>12.0 kW<\/strong>: 9 units are required.<\/li>\n<li class=\" translation-block\">For a capacity of <strong>15.0 kW<\/strong>: 11 units are required.<\/li>\n<\/ul>\n<\/li>\n<\/ul>\n<p><strong>Corona S60 Heaters<\/strong><\/p>\n<ul>\n<li style=\"list-style-type: none;\">\n<ul>\n<li class=\" translation-block\">For a capacity of <strong>12.0 kW<\/strong>: 9 units are required.<\/li>\n<li class=\" translation-block\">For a capacity of <strong>15.0 kW<\/strong>: 11 units are required.<\/li>\n<\/ul>\n<\/li>\n<\/ul>\n<p><strong>Herkules XL S120 \/ Vapor Heaters<\/strong><\/p>\n<ul>\n<li style=\"list-style-type: none;\">\n<ul>\n<li class=\" translation-block\">For a capacity of <strong>24.0 kW<\/strong>: 18 units are required.<\/li>\n<\/ul>\n<\/li>\n<\/ul>\n<p><strong>Bi-O Max Heaters\u00a0<\/strong><\/p>\n<ul>\n<li style=\"list-style-type: none;\">\n<ul>\n<li class=\" translation-block\">For a capacity of <strong>6.7 kW<\/strong>: 5 pieces required.<\/li>\n<li class=\" translation-block\">For a capacity of <strong>12.0 kW<\/strong>: 9 units are required.<\/li>\n<\/ul>\n<\/li>\n<\/ul>\n<p><strong>Herkules S60 \/ Vapor Heaters<\/strong><\/p>\n<ul>\n<li style=\"list-style-type: none;\">\n<ul>\n<li class=\" translation-block\">For a capacity of <strong>12.0 kW<\/strong>: 9 units are required.<\/li>\n<\/ul>\n<\/li>\n<\/ul>\n<p><strong>Corona S60 \/ Vapor Heaters<\/strong><\/p>\n<ul>\n<li style=\"list-style-type: none;\">\n<ul>\n<li class=\" translation-block\">For a capacity of <strong>12.0 kW<\/strong>: 9 units are required.<\/li>\n<\/ul>\n<\/li>\n<\/ul>","protected":false},"excerpt":{"rendered":"<h4>Uyumlu Is\u0131t\u0131c\u0131lar 1333 W<\/h4>\n<ul>\n<li>Euro-Max<\/li>\n<li>Bi-O -\/ Germanius<\/li>\n<li>Goliath 34.g2Herkules s60<\/li>\n<li>Corona s60:<\/li>\n<li>Herkules xl s120 \/ Vapor<\/li>\n<li>Bi-O Max<\/li>\n<li>Herkules s60 \/ Vapor<\/li>\n<li>Corona s60 \/ Vapor<\/li>\n<\/ul>","protected":false},"featured_media":19178,"template":"","meta":[],"product_cat":[159],"product_tag":[],"class_list":{"0":"post-14200","1":"product","2":"type-product","3":"status-publish","4":"has-post-thumbnail","6":"product_cat-eos-sauna-isiticilari-yedek-parcalari","8":"first","9":"instock","10":"shipping-taxable","11":"product-type-external"},"yoast_head":"<!-- This site is optimized with the Yoast SEO Premium plugin v23.2 (Yoast SEO v23.2) - https:\/\/yoast.com\/wordpress\/plugins\/seo\/ -->\n<title>Eos Is\u0131tma Borusu 2001.1598 | Barrsell End\u00fcstri<\/title>\n<meta name=\"description\" content=\"EOS Is\u0131tma Borusu 2001.1598, modern \u0131s\u0131tma sistemleri i\u00e7in \u00f6zel olarak tasarlanm\u0131\u015f, y\u00fcksek performansl\u0131 \u00e7evre dostu bir \u00fcr\u00fcnd\u00fcr.\" \/>\n<meta name=\"robots\" content=\"index, follow, max-snippet:-1, max-image-preview:large, max-video-preview:-1\" \/>\n<link rel=\"canonical\" href=\"https:\/\/barrsell.com\/en\/product\/eos-heating-pipe-2001-1598\/\" \/>\n<meta property=\"og:locale\" content=\"en_US\" \/>\n<meta property=\"og:type\" content=\"article\" \/>\n<meta property=\"og:title\" content=\"Eos Is\u0131tma Borusu 2001.1598\" \/>\n<meta property=\"og:description\" content=\"EOS Is\u0131tma Borusu 2001.1598, modern \u0131s\u0131tma sistemleri i\u00e7in \u00f6zel olarak tasarlanm\u0131\u015f, y\u00fcksek performansl\u0131 \u00e7evre dostu bir \u00fcr\u00fcnd\u00fcr.\" \/>\n<meta property=\"og:url\" content=\"https:\/\/barrsell.com\/en\/product\/eos-heating-pipe-2001-1598\/\" \/>\n<meta property=\"og:site_name\" content=\"Barrsell\" \/>\n<meta property=\"article:modified_time\" content=\"2024-12-12T09:12:12+00:00\" \/>\n<meta property=\"og:image\" content=\"https:\/\/barrsell.com\/wp-content\/uploads\/2024\/09\/Eos-Isitma-Borusu-2001.1598.png\" \/>\n\t<meta property=\"og:image:width\" content=\"1200\" \/>\n\t<meta property=\"og:image:height\" content=\"1200\" \/>\n\t<meta property=\"og:image:type\" content=\"image\/png\" \/>\n<meta name=\"twitter:card\" content=\"summary_large_image\" \/>\n<meta name=\"twitter:label1\" content=\"Est. reading time\" \/>\n\t<meta name=\"twitter:data1\" content=\"2 minutes\" \/>\n<script type=\"application\/ld+json\" class=\"yoast-schema-graph\">{\"@context\":\"https:\/\/schema.org\",\"@graph\":[{\"@type\":\"WebPage\",\"@id\":\"https:\/\/barrsell.com\/urun\/eos-isitma-borusu-2001-1598\/\",\"url\":\"https:\/\/barrsell.com\/urun\/eos-isitma-borusu-2001-1598\/\",\"name\":\"Eos Is\u0131tma Borusu 2001.1598 | Barrsell End\u00fcstri\",\"isPartOf\":{\"@id\":\"https:\/\/barrsell.com\/#website\"},\"primaryImageOfPage\":{\"@id\":\"https:\/\/barrsell.com\/urun\/eos-isitma-borusu-2001-1598\/#primaryimage\"},\"image\":{\"@id\":\"https:\/\/barrsell.com\/urun\/eos-isitma-borusu-2001-1598\/#primaryimage\"},\"thumbnailUrl\":\"https:\/\/barrsell.com\/wp-content\/uploads\/2024\/09\/Eos-Isitma-Borusu-2001.1598.png\",\"datePublished\":\"2024-09-06T08:32:44+00:00\",\"dateModified\":\"2024-12-12T09:12:12+00:00\",\"description\":\"EOS Is\u0131tma Borusu 2001.1598, modern \u0131s\u0131tma sistemleri i\u00e7in \u00f6zel olarak tasarlanm\u0131\u015f, y\u00fcksek performansl\u0131 \u00e7evre dostu bir \u00fcr\u00fcnd\u00fcr.\",\"breadcrumb\":{\"@id\":\"https:\/\/barrsell.com\/urun\/eos-isitma-borusu-2001-1598\/#breadcrumb\"},\"inLanguage\":\"en-US\",\"potentialAction\":[{\"@type\":\"ReadAction\",\"target\":[\"https:\/\/barrsell.com\/urun\/eos-isitma-borusu-2001-1598\/\"]}]},{\"@type\":\"ImageObject\",\"inLanguage\":\"en-US\",\"@id\":\"https:\/\/barrsell.com\/urun\/eos-isitma-borusu-2001-1598\/#primaryimage\",\"url\":\"https:\/\/barrsell.com\/wp-content\/uploads\/2024\/09\/Eos-Isitma-Borusu-2001.1598.png\",\"contentUrl\":\"https:\/\/barrsell.com\/wp-content\/uploads\/2024\/09\/Eos-Isitma-Borusu-2001.1598.png\",\"width\":1200,\"height\":1200,\"caption\":\"Eos Is\u0131tma Borusu 2001.1598\"},{\"@type\":\"BreadcrumbList\",\"@id\":\"https:\/\/barrsell.com\/urun\/eos-isitma-borusu-2001-1598\/#breadcrumb\",\"itemListElement\":[{\"@type\":\"ListItem\",\"position\":1,\"name\":\"Home\",\"item\":\"https:\/\/barrsell.com\/\"},{\"@type\":\"ListItem\",\"position\":2,\"name\":\"\u00dcr\u00fcnler\",\"item\":\"https:\/\/barrsell.com\/en\/products\/\"},{\"@type\":\"ListItem\",\"position\":3,\"name\":\"Eos Is\u0131tma Borusu 2001.1598\"}]},{\"@type\":\"WebSite\",\"@id\":\"https:\/\/barrsell.com\/#website\",\"url\":\"https:\/\/barrsell.com\/\",\"name\":\"Barrsell End\u00fcstri Makine\",\"description\":\"Teknolojiyle G\u00fc\u00e7lenen End\u00fcstriyel \u00c7\u00f6z\u00fcmler!\",\"potentialAction\":[{\"@type\":\"SearchAction\",\"target\":{\"@type\":\"EntryPoint\",\"urlTemplate\":\"https:\/\/barrsell.com\/?s={search_term_string}\"},\"query-input\":\"required name=search_term_string\"}],\"inLanguage\":\"en-US\"}]}<\/script>\n<!-- \/ Yoast SEO Premium plugin. -->","yoast_head_json":{"title":"Eos Is\u0131tma Borusu 2001.1598 | Barrsell End\u00fcstri","description":"EOS Is\u0131tma Borusu 2001.1598, modern \u0131s\u0131tma sistemleri i\u00e7in \u00f6zel olarak tasarlanm\u0131\u015f, y\u00fcksek performansl\u0131 \u00e7evre dostu bir \u00fcr\u00fcnd\u00fcr.","robots":{"index":"index","follow":"follow","max-snippet":"max-snippet:-1","max-image-preview":"max-image-preview:large","max-video-preview":"max-video-preview:-1"},"canonical":"https:\/\/barrsell.com\/en\/product\/eos-heating-pipe-2001-1598\/","og_locale":"en_US","og_type":"article","og_title":"Eos Is\u0131tma Borusu 2001.1598","og_description":"EOS Is\u0131tma Borusu 2001.1598, modern \u0131s\u0131tma sistemleri i\u00e7in \u00f6zel olarak tasarlanm\u0131\u015f, y\u00fcksek performansl\u0131 \u00e7evre dostu bir \u00fcr\u00fcnd\u00fcr.","og_url":"https:\/\/barrsell.com\/en\/product\/eos-heating-pipe-2001-1598\/","og_site_name":"Barrsell","article_modified_time":"2024-12-12T09:12:12+00:00","og_image":[{"width":1200,"height":1200,"url":"https:\/\/barrsell.com\/wp-content\/uploads\/2024\/09\/Eos-Isitma-Borusu-2001.1598.png","type":"image\/png"}],"twitter_card":"summary_large_image","twitter_misc":{"Est. reading time":"2 minutes"},"schema":{"@context":"https:\/\/schema.org","@graph":[{"@type":"WebPage","@id":"https:\/\/barrsell.com\/urun\/eos-isitma-borusu-2001-1598\/","url":"https:\/\/barrsell.com\/urun\/eos-isitma-borusu-2001-1598\/","name":"Eos Is\u0131tma Borusu 2001.1598 | Barrsell End\u00fcstri","isPartOf":{"@id":"https:\/\/barrsell.com\/#website"},"primaryImageOfPage":{"@id":"https:\/\/barrsell.com\/urun\/eos-isitma-borusu-2001-1598\/#primaryimage"},"image":{"@id":"https:\/\/barrsell.com\/urun\/eos-isitma-borusu-2001-1598\/#primaryimage"},"thumbnailUrl":"https:\/\/barrsell.com\/wp-content\/uploads\/2024\/09\/Eos-Isitma-Borusu-2001.1598.png","datePublished":"2024-09-06T08:32:44+00:00","dateModified":"2024-12-12T09:12:12+00:00","description":"EOS Is\u0131tma Borusu 2001.1598, modern \u0131s\u0131tma sistemleri i\u00e7in \u00f6zel olarak tasarlanm\u0131\u015f, y\u00fcksek performansl\u0131 \u00e7evre dostu bir \u00fcr\u00fcnd\u00fcr.","breadcrumb":{"@id":"https:\/\/barrsell.com\/urun\/eos-isitma-borusu-2001-1598\/#breadcrumb"},"inLanguage":"en-US","potentialAction":[{"@type":"ReadAction","target":["https:\/\/barrsell.com\/urun\/eos-isitma-borusu-2001-1598\/"]}]},{"@type":"ImageObject","inLanguage":"en-US","@id":"https:\/\/barrsell.com\/urun\/eos-isitma-borusu-2001-1598\/#primaryimage","url":"https:\/\/barrsell.com\/wp-content\/uploads\/2024\/09\/Eos-Isitma-Borusu-2001.1598.png","contentUrl":"https:\/\/barrsell.com\/wp-content\/uploads\/2024\/09\/Eos-Isitma-Borusu-2001.1598.png","width":1200,"height":1200,"caption":"Eos Is\u0131tma Borusu 2001.1598"},{"@type":"BreadcrumbList","@id":"https:\/\/barrsell.com\/urun\/eos-isitma-borusu-2001-1598\/#breadcrumb","itemListElement":[{"@type":"ListItem","position":1,"name":"Home","item":"https:\/\/barrsell.com\/"},{"@type":"ListItem","position":2,"name":"\u00dcr\u00fcnler","item":"https:\/\/barrsell.com\/en\/products\/"},{"@type":"ListItem","position":3,"name":"Eos Is\u0131tma Borusu 2001.1598"}]},{"@type":"WebSite","@id":"https:\/\/barrsell.com\/#website","url":"https:\/\/barrsell.com\/","name":"Barrsell End\u00fcstri Makine","description":"Teknolojiyle G\u00fc\u00e7lenen End\u00fcstriyel \u00c7\u00f6z\u00fcmler!","potentialAction":[{"@type":"SearchAction","target":{"@type":"EntryPoint","urlTemplate":"https:\/\/barrsell.com\/?s={search_term_string}"},"query-input":"required name=search_term_string"}],"inLanguage":"en-US"}]}},"_links":{"self":[{"href":"https:\/\/barrsell.com\/en\/wp-json\/wp\/v2\/product\/14200","targetHints":{"allow":["GET"]}}],"collection":[{"href":"https:\/\/barrsell.com\/en\/wp-json\/wp\/v2\/product"}],"about":[{"href":"https:\/\/barrsell.com\/en\/wp-json\/wp\/v2\/types\/product"}],"version-history":[{"count":6,"href":"https:\/\/barrsell.com\/en\/wp-json\/wp\/v2\/product\/14200\/revisions"}],"predecessor-version":[{"id":19180,"href":"https:\/\/barrsell.com\/en\/wp-json\/wp\/v2\/product\/14200\/revisions\/19180"}],"wp:featuredmedia":[{"embeddable":true,"href":"https:\/\/barrsell.com\/en\/wp-json\/wp\/v2\/media\/19178"}],"wp:attachment":[{"href":"https:\/\/barrsell.com\/en\/wp-json\/wp\/v2\/media?parent=14200"}],"wp:term":[{"taxonomy":"product_cat","embeddable":true,"href":"https:\/\/barrsell.com\/en\/wp-json\/wp\/v2\/product_cat?post=14200"},{"taxonomy":"product_tag","embeddable":true,"href":"https:\/\/barrsell.com\/en\/wp-json\/wp\/v2\/product_tag?post=14200"}],"curies":[{"name":"wp","href":"https:\/\/api.w.org\/{rel}","templated":true}]}}