{"id":13920,"date":"2024-09-05T09:47:12","date_gmt":"2024-09-05T09:47:12","guid":{"rendered":"https:\/\/barrsell.com\/?post_type=product&#038;p=13920"},"modified":"2024-12-12T10:04:10","modified_gmt":"2024-12-12T10:04:10","slug":"ziegra-zbe70-35-kar-cesmesi","status":"publish","type":"product","link":"https:\/\/barrsell.com\/en\/product\/ziegra-icemachine-zbe70-35\/","title":{"rendered":"Ziegra ZBE70-35 Snow Fountain"},"content":{"rendered":"<div class=\"flex max-w-full flex-col flex-grow\">\n<div class=\"min-h-[20px] text-message flex w-full flex-col items-end gap-2 break-words [.text-message+&amp;]:mt-5 overflow-x-auto whitespace-normal\" dir=\"auto\" data-message-author-role=\"assistant\" data-message-id=\"5ada88de-19d3-411d-b526-da77cf901b5d\">\n<div class=\"flex w-full flex-col gap-1 empty:hidden first:pt-[3px]\">\n<div class=\"markdown prose w-full break-words dark:prose-invert light\">\n<h2>Ziegra ZBE70-35 Snow Fountain: Technical Specifications and Outstanding Performance<\/h2>\n<p class=\" translation-block\"><strong>Ziegra ZBE70-35 Snow Fountain<\/strong> is a high capacity snow generating device designed for industrial and commercial applications. This Ziegra model also offers excellent performance and superior technological features, making it an ideal solution for environments that require intensive use. Aiming for high standards in snow production, this device stands out with its efficiency and durability. Here is a detailed review of the unique technical features and advantages of the Ziegra ZBE70-35 Snow Fountain.<\/p>\n<div id=\"attachment_16676\" style=\"width: 310px\" class=\"wp-caption alignright\"><a href=\"https:\/\/barrsell.com\/wp-content\/uploads\/2024\/09\/Ziegra-ZBE70-35-Kar-Cesmesi.png\"><img fetchpriority=\"high\" decoding=\"async\" aria-describedby=\"caption-attachment-16676\" class=\"wp-image-16676 size-medium\" src=\"https:\/\/barrsell.com\/wp-content\/uploads\/2024\/09\/Ziegra-ZBE70-35-Kar-Cesmesi-300x300.png\" alt=\"\" width=\"300\" height=\"300\" srcset=\"https:\/\/barrsell.com\/wp-content\/uploads\/2024\/09\/Ziegra-ZBE70-35-Kar-Cesmesi-300x300.png 300w, https:\/\/barrsell.com\/wp-content\/uploads\/2024\/09\/Ziegra-ZBE70-35-Kar-Cesmesi-1024x1024.png 1024w, https:\/\/barrsell.com\/wp-content\/uploads\/2024\/09\/Ziegra-ZBE70-35-Kar-Cesmesi-150x150.png 150w, https:\/\/barrsell.com\/wp-content\/uploads\/2024\/09\/Ziegra-ZBE70-35-Kar-Cesmesi-768x768.png 768w, https:\/\/barrsell.com\/wp-content\/uploads\/2024\/09\/Ziegra-ZBE70-35-Kar-Cesmesi-12x12.png 12w, https:\/\/barrsell.com\/wp-content\/uploads\/2024\/09\/Ziegra-ZBE70-35-Kar-Cesmesi-600x600.png 600w, https:\/\/barrsell.com\/wp-content\/uploads\/2024\/09\/Ziegra-ZBE70-35-Kar-Cesmesi-50x50.png 50w, https:\/\/barrsell.com\/wp-content\/uploads\/2024\/09\/Ziegra-ZBE70-35-Kar-Cesmesi-100x100.png 100w, https:\/\/barrsell.com\/wp-content\/uploads\/2024\/09\/Ziegra-ZBE70-35-Kar-Cesmesi-64x64.png 64w, https:\/\/barrsell.com\/wp-content\/uploads\/2024\/09\/Ziegra-ZBE70-35-Kar-Cesmesi.png 1200w\" sizes=\"(max-width: 300px) 100vw, 300px\" \/><\/a><p id=\"caption-attachment-16676\" class=\"wp-caption-text\">Ziegra ZBE70-35 Snow Fountain<\/p><\/div>\n<h4>Technical Specifications<\/h4>\n<p><strong>Capacity and Performance<\/strong>:<\/p>\n<ul>\n<li class=\" translation-block\"><strong>70 kg\/24 Hour Capacity<\/strong>: The Ziegra ZBE70-35 has the capacity to produce 70 kilograms of snow per day. This high capacity model provides a continuous and high amount of snow for large events, hotels, restaurants and industrial use.<\/li>\n<\/ul>\n<p><strong>Snow Type and Quality<\/strong>:<\/p>\n<ul>\n<li class=\" translation-block\"><strong>Particle and Fine Snow Production<\/strong>: This model is capable of producing both flake and fine snow. Thus, granular snow provides fast and effective cooling over large areas, while fine snow is suitable for decorative and detailed applications. This variety offers customized snow production according to different needs<\/li>\n<\/ul>\n<p><strong>Energy Efficiency<\/strong>:<\/p>\n<ul>\n<li class=\" translation-block\"><strong>Environmentally Friendly Technology:<\/strong> The Ziegra ZBE70-35 features environmentally friendly technology that ensures low energy consumption. The absence of moving parts in the cooling circuit improves energy efficiency and eliminates the risk of refrigerant leakage. This reduces both energy costs and environmental impact.<\/li>\n<\/ul>\n<p><a href=\"https:\/\/barrsell.com\/wp-content\/uploads\/2024\/09\/Ziegra-ZBE70-35-Kar-Cesmesi-1.png\"><img decoding=\"async\" class=\"size-medium wp-image-16677 alignright\" src=\"https:\/\/barrsell.com\/wp-content\/uploads\/2024\/09\/Ziegra-ZBE70-35-Kar-Cesmesi-1-300x300.png\" alt=\"\" width=\"300\" height=\"300\" srcset=\"https:\/\/barrsell.com\/wp-content\/uploads\/2024\/09\/Ziegra-ZBE70-35-Kar-Cesmesi-1-300x300.png 300w, https:\/\/barrsell.com\/wp-content\/uploads\/2024\/09\/Ziegra-ZBE70-35-Kar-Cesmesi-1-1024x1024.png 1024w, https:\/\/barrsell.com\/wp-content\/uploads\/2024\/09\/Ziegra-ZBE70-35-Kar-Cesmesi-1-150x150.png 150w, https:\/\/barrsell.com\/wp-content\/uploads\/2024\/09\/Ziegra-ZBE70-35-Kar-Cesmesi-1-768x768.png 768w, https:\/\/barrsell.com\/wp-content\/uploads\/2024\/09\/Ziegra-ZBE70-35-Kar-Cesmesi-1-12x12.png 12w, https:\/\/barrsell.com\/wp-content\/uploads\/2024\/09\/Ziegra-ZBE70-35-Kar-Cesmesi-1-600x600.png 600w, https:\/\/barrsell.com\/wp-content\/uploads\/2024\/09\/Ziegra-ZBE70-35-Kar-Cesmesi-1-50x50.png 50w, https:\/\/barrsell.com\/wp-content\/uploads\/2024\/09\/Ziegra-ZBE70-35-Kar-Cesmesi-1-100x100.png 100w, https:\/\/barrsell.com\/wp-content\/uploads\/2024\/09\/Ziegra-ZBE70-35-Kar-Cesmesi-1.png 1200w\" sizes=\"(max-width: 300px) 100vw, 300px\" \/><\/a><\/p>\n<p><strong>Hygienic Design<\/strong>:<\/p>\n<ul>\n<li class=\" translation-block\"><strong>Closed Water System<\/strong>: The snow fountain is designed with a closed water system. This system prevents contamination from external factors. It also ensures that the snow always remains hygienic and clean. It is ideal for ensuring hygienic conditions, especially in the food and beverage sectors.<\/li>\n<\/ul>\n<p><strong>Ease of Use<\/strong>:<\/p>\n<ul>\n<li class=\" translation-block\"><strong>Automatic Control and Maintenance:<\/strong>The Ziegra ZBE70-35 is equipped with automatic control systems and easy maintenance features. This makes the snow production process simple and user-friendly. It also minimizes maintenance. These features enable operators to use the device efficiently.<\/li>\n<\/ul>\n<\/div>\n<\/div>\n<\/div>\n<\/div>\n<div class=\"flex max-w-full flex-col flex-grow\">\n<div class=\"min-h-[20px] text-message flex w-full flex-col items-end gap-2 break-words [.text-message+&amp;]:mt-5 overflow-x-auto whitespace-normal\" dir=\"auto\" data-message-author-role=\"assistant\" data-message-id=\"5ada88de-19d3-411d-b526-da77cf901b5d\">\n<div class=\"flex w-full flex-col gap-1 empty:hidden first:pt-[3px]\">\n<div class=\"markdown prose w-full break-words dark:prose-invert light\"><\/div>\n<\/div>\n<\/div>\n<\/div>","protected":false},"excerpt":{"rendered":"<p class=\" translation-block\">70 kg\/24 Hour Capacity<br>\nPatchy and Fine Snow Production<br>\nClosed Water System<\/p>","protected":false},"featured_media":16676,"template":"","meta":[],"product_cat":[69,205],"product_tag":[],"class_list":{"0":"post-13920","1":"product","2":"type-product","3":"status-publish","4":"has-post-thumbnail","6":"product_cat-kar-buz-makineleri","7":"product_cat-ziegra-kar-cesmesi","9":"first","10":"instock","11":"shipping-taxable","12":"product-type-external"},"yoast_head":"<!-- This site is optimized with the Yoast SEO Premium plugin v23.2 (Yoast SEO v23.2) - https:\/\/yoast.com\/wordpress\/plugins\/seo\/ -->\n<title>Ziegra ZBE70-35 Kar \u00c7e\u015fmesi | Barrsell<\/title>\n<meta name=\"description\" content=\"Ziegra ZBE70-35 Kar \u00c7e\u015fmesi, end\u00fcstriyel ve ticari uygulamalar i\u00e7in tasarlanm\u0131\u015f y\u00fcksek kapasiteli bir kar \u00fcretim cihaz\u0131d\u0131r.\" \/>\n<meta name=\"robots\" content=\"index, follow, max-snippet:-1, max-image-preview:large, max-video-preview:-1\" \/>\n<link rel=\"canonical\" href=\"https:\/\/barrsell.com\/en\/product\/ziegra-icemachine-zbe70-35\/\" \/>\n<meta property=\"og:locale\" content=\"en_US\" \/>\n<meta property=\"og:type\" content=\"article\" \/>\n<meta property=\"og:title\" content=\"Ziegra ZBE70-35 Kar \u00c7e\u015fmesi\" \/>\n<meta property=\"og:description\" content=\"Ziegra ZBE70-35 Kar \u00c7e\u015fmesi, end\u00fcstriyel ve ticari uygulamalar i\u00e7in tasarlanm\u0131\u015f y\u00fcksek kapasiteli bir kar \u00fcretim cihaz\u0131d\u0131r.\" \/>\n<meta property=\"og:url\" content=\"https:\/\/barrsell.com\/en\/product\/ziegra-icemachine-zbe70-35\/\" \/>\n<meta property=\"og:site_name\" content=\"Barrsell\" \/>\n<meta property=\"article:modified_time\" content=\"2024-12-12T10:04:10+00:00\" \/>\n<meta property=\"og:image\" content=\"https:\/\/barrsell.com\/wp-content\/uploads\/2024\/09\/Ziegra-ZBE70-35-Kar-Cesmesi.png\" \/>\n\t<meta property=\"og:image:width\" content=\"1200\" \/>\n\t<meta property=\"og:image:height\" content=\"1200\" \/>\n\t<meta property=\"og:image:type\" content=\"image\/png\" \/>\n<meta name=\"twitter:card\" content=\"summary_large_image\" \/>\n<meta name=\"twitter:label1\" content=\"Est. reading time\" \/>\n\t<meta name=\"twitter:data1\" content=\"3 minutes\" \/>\n<script type=\"application\/ld+json\" class=\"yoast-schema-graph\">{\"@context\":\"https:\/\/schema.org\",\"@graph\":[{\"@type\":\"WebPage\",\"@id\":\"https:\/\/barrsell.com\/urun\/ziegra-zbe70-35-kar-cesmesi\/\",\"url\":\"https:\/\/barrsell.com\/urun\/ziegra-zbe70-35-kar-cesmesi\/\",\"name\":\"Ziegra ZBE70-35 Kar \u00c7e\u015fmesi | Barrsell\",\"isPartOf\":{\"@id\":\"https:\/\/barrsell.com\/#website\"},\"primaryImageOfPage\":{\"@id\":\"https:\/\/barrsell.com\/urun\/ziegra-zbe70-35-kar-cesmesi\/#primaryimage\"},\"image\":{\"@id\":\"https:\/\/barrsell.com\/urun\/ziegra-zbe70-35-kar-cesmesi\/#primaryimage\"},\"thumbnailUrl\":\"https:\/\/barrsell.com\/wp-content\/uploads\/2024\/09\/Ziegra-ZBE70-35-Kar-Cesmesi.png\",\"datePublished\":\"2024-09-05T09:47:12+00:00\",\"dateModified\":\"2024-12-12T10:04:10+00:00\",\"description\":\"Ziegra ZBE70-35 Kar \u00c7e\u015fmesi, end\u00fcstriyel ve ticari uygulamalar i\u00e7in tasarlanm\u0131\u015f y\u00fcksek kapasiteli bir kar \u00fcretim cihaz\u0131d\u0131r.\",\"breadcrumb\":{\"@id\":\"https:\/\/barrsell.com\/urun\/ziegra-zbe70-35-kar-cesmesi\/#breadcrumb\"},\"inLanguage\":\"en-US\",\"potentialAction\":[{\"@type\":\"ReadAction\",\"target\":[\"https:\/\/barrsell.com\/urun\/ziegra-zbe70-35-kar-cesmesi\/\"]}]},{\"@type\":\"ImageObject\",\"inLanguage\":\"en-US\",\"@id\":\"https:\/\/barrsell.com\/urun\/ziegra-zbe70-35-kar-cesmesi\/#primaryimage\",\"url\":\"https:\/\/barrsell.com\/wp-content\/uploads\/2024\/09\/Ziegra-ZBE70-35-Kar-Cesmesi.png\",\"contentUrl\":\"https:\/\/barrsell.com\/wp-content\/uploads\/2024\/09\/Ziegra-ZBE70-35-Kar-Cesmesi.png\",\"width\":1200,\"height\":1200,\"caption\":\"Ziegra ZBE70-35 Kar \u00c7e\u015fmesi\"},{\"@type\":\"BreadcrumbList\",\"@id\":\"https:\/\/barrsell.com\/urun\/ziegra-zbe70-35-kar-cesmesi\/#breadcrumb\",\"itemListElement\":[{\"@type\":\"ListItem\",\"position\":1,\"name\":\"Home\",\"item\":\"https:\/\/barrsell.com\/\"},{\"@type\":\"ListItem\",\"position\":2,\"name\":\"\u00dcr\u00fcnler\",\"item\":\"https:\/\/barrsell.com\/en\/products\/\"},{\"@type\":\"ListItem\",\"position\":3,\"name\":\"Ziegra ZBE70-35 Kar \u00c7e\u015fmesi\"}]},{\"@type\":\"WebSite\",\"@id\":\"https:\/\/barrsell.com\/#website\",\"url\":\"https:\/\/barrsell.com\/\",\"name\":\"Barrsell End\u00fcstri Makine\",\"description\":\"Teknolojiyle G\u00fc\u00e7lenen End\u00fcstriyel \u00c7\u00f6z\u00fcmler!\",\"potentialAction\":[{\"@type\":\"SearchAction\",\"target\":{\"@type\":\"EntryPoint\",\"urlTemplate\":\"https:\/\/barrsell.com\/?s={search_term_string}\"},\"query-input\":\"required name=search_term_string\"}],\"inLanguage\":\"en-US\"}]}<\/script>\n<!-- \/ Yoast SEO Premium plugin. -->","yoast_head_json":{"title":"Ziegra ZBE70-35 Kar \u00c7e\u015fmesi | Barrsell","description":"Ziegra ZBE70-35 Kar \u00c7e\u015fmesi, end\u00fcstriyel ve ticari uygulamalar i\u00e7in tasarlanm\u0131\u015f y\u00fcksek kapasiteli bir kar \u00fcretim cihaz\u0131d\u0131r.","robots":{"index":"index","follow":"follow","max-snippet":"max-snippet:-1","max-image-preview":"max-image-preview:large","max-video-preview":"max-video-preview:-1"},"canonical":"https:\/\/barrsell.com\/en\/product\/ziegra-icemachine-zbe70-35\/","og_locale":"en_US","og_type":"article","og_title":"Ziegra ZBE70-35 Kar \u00c7e\u015fmesi","og_description":"Ziegra ZBE70-35 Kar \u00c7e\u015fmesi, end\u00fcstriyel ve ticari uygulamalar i\u00e7in tasarlanm\u0131\u015f y\u00fcksek kapasiteli bir kar \u00fcretim cihaz\u0131d\u0131r.","og_url":"https:\/\/barrsell.com\/en\/product\/ziegra-icemachine-zbe70-35\/","og_site_name":"Barrsell","article_modified_time":"2024-12-12T10:04:10+00:00","og_image":[{"width":1200,"height":1200,"url":"https:\/\/barrsell.com\/wp-content\/uploads\/2024\/09\/Ziegra-ZBE70-35-Kar-Cesmesi.png","type":"image\/png"}],"twitter_card":"summary_large_image","twitter_misc":{"Est. reading time":"3 minutes"},"schema":{"@context":"https:\/\/schema.org","@graph":[{"@type":"WebPage","@id":"https:\/\/barrsell.com\/urun\/ziegra-zbe70-35-kar-cesmesi\/","url":"https:\/\/barrsell.com\/urun\/ziegra-zbe70-35-kar-cesmesi\/","name":"Ziegra ZBE70-35 Kar \u00c7e\u015fmesi | Barrsell","isPartOf":{"@id":"https:\/\/barrsell.com\/#website"},"primaryImageOfPage":{"@id":"https:\/\/barrsell.com\/urun\/ziegra-zbe70-35-kar-cesmesi\/#primaryimage"},"image":{"@id":"https:\/\/barrsell.com\/urun\/ziegra-zbe70-35-kar-cesmesi\/#primaryimage"},"thumbnailUrl":"https:\/\/barrsell.com\/wp-content\/uploads\/2024\/09\/Ziegra-ZBE70-35-Kar-Cesmesi.png","datePublished":"2024-09-05T09:47:12+00:00","dateModified":"2024-12-12T10:04:10+00:00","description":"Ziegra ZBE70-35 Kar \u00c7e\u015fmesi, end\u00fcstriyel ve ticari uygulamalar i\u00e7in tasarlanm\u0131\u015f y\u00fcksek kapasiteli bir kar \u00fcretim cihaz\u0131d\u0131r.","breadcrumb":{"@id":"https:\/\/barrsell.com\/urun\/ziegra-zbe70-35-kar-cesmesi\/#breadcrumb"},"inLanguage":"en-US","potentialAction":[{"@type":"ReadAction","target":["https:\/\/barrsell.com\/urun\/ziegra-zbe70-35-kar-cesmesi\/"]}]},{"@type":"ImageObject","inLanguage":"en-US","@id":"https:\/\/barrsell.com\/urun\/ziegra-zbe70-35-kar-cesmesi\/#primaryimage","url":"https:\/\/barrsell.com\/wp-content\/uploads\/2024\/09\/Ziegra-ZBE70-35-Kar-Cesmesi.png","contentUrl":"https:\/\/barrsell.com\/wp-content\/uploads\/2024\/09\/Ziegra-ZBE70-35-Kar-Cesmesi.png","width":1200,"height":1200,"caption":"Ziegra ZBE70-35 Kar \u00c7e\u015fmesi"},{"@type":"BreadcrumbList","@id":"https:\/\/barrsell.com\/urun\/ziegra-zbe70-35-kar-cesmesi\/#breadcrumb","itemListElement":[{"@type":"ListItem","position":1,"name":"Home","item":"https:\/\/barrsell.com\/"},{"@type":"ListItem","position":2,"name":"\u00dcr\u00fcnler","item":"https:\/\/barrsell.com\/en\/products\/"},{"@type":"ListItem","position":3,"name":"Ziegra ZBE70-35 Kar \u00c7e\u015fmesi"}]},{"@type":"WebSite","@id":"https:\/\/barrsell.com\/#website","url":"https:\/\/barrsell.com\/","name":"Barrsell End\u00fcstri Makine","description":"Teknolojiyle G\u00fc\u00e7lenen End\u00fcstriyel \u00c7\u00f6z\u00fcmler!","potentialAction":[{"@type":"SearchAction","target":{"@type":"EntryPoint","urlTemplate":"https:\/\/barrsell.com\/?s={search_term_string}"},"query-input":"required name=search_term_string"}],"inLanguage":"en-US"}]}},"_links":{"self":[{"href":"https:\/\/barrsell.com\/en\/wp-json\/wp\/v2\/product\/13920","targetHints":{"allow":["GET"]}}],"collection":[{"href":"https:\/\/barrsell.com\/en\/wp-json\/wp\/v2\/product"}],"about":[{"href":"https:\/\/barrsell.com\/en\/wp-json\/wp\/v2\/types\/product"}],"version-history":[{"count":8,"href":"https:\/\/barrsell.com\/en\/wp-json\/wp\/v2\/product\/13920\/revisions"}],"predecessor-version":[{"id":19188,"href":"https:\/\/barrsell.com\/en\/wp-json\/wp\/v2\/product\/13920\/revisions\/19188"}],"wp:featuredmedia":[{"embeddable":true,"href":"https:\/\/barrsell.com\/en\/wp-json\/wp\/v2\/media\/16676"}],"wp:attachment":[{"href":"https:\/\/barrsell.com\/en\/wp-json\/wp\/v2\/media?parent=13920"}],"wp:term":[{"taxonomy":"product_cat","embeddable":true,"href":"https:\/\/barrsell.com\/en\/wp-json\/wp\/v2\/product_cat?post=13920"},{"taxonomy":"product_tag","embeddable":true,"href":"https:\/\/barrsell.com\/en\/wp-json\/wp\/v2\/product_tag?post=13920"}],"curies":[{"name":"wp","href":"https:\/\/api.w.org\/{rel}","templated":true}]}}