{"id":13906,"date":"2024-09-05T09:26:09","date_gmt":"2024-09-05T09:26:09","guid":{"rendered":"https:\/\/barrsell.com\/?post_type=product&#038;p=13906"},"modified":"2024-12-12T10:20:24","modified_gmt":"2024-12-12T10:20:24","slug":"ziegra-zbe70-kar-cesmesi","status":"publish","type":"product","link":"https:\/\/barrsell.com\/en\/product\/ziegra-ice-machine-zbe70\/","title":{"rendered":"Ziegra ZBE70 Snow Fountain"},"content":{"rendered":"<h2>Ziegra ZBE70 Snow Fountain: Technical Specifications and Unique Advantages<\/h2>\n<p class=\" translation-block\"><strong>Ziegra ZBE70 Snow Fountain<\/strong> is a modern snow production solution offering high performance in industrial and commercial areas. It has excellent snow production capacity, especially for the food industry, event organizations and special applications. And with its high-quality snow production, sleek design and advanced technology features, the Ziegra ZBE70 offers an unrivaled choice in snow production.<\/p>\n<div id=\"attachment_16676\" style=\"width: 310px\" class=\"wp-caption alignright\"><a href=\"https:\/\/barrsell.com\/wp-content\/uploads\/2024\/09\/Ziegra-ZBE70-35-Kar-Cesmesi.png\"><img fetchpriority=\"high\" decoding=\"async\" aria-describedby=\"caption-attachment-16676\" class=\"size-medium wp-image-16676\" src=\"https:\/\/barrsell.com\/wp-content\/uploads\/2024\/09\/Ziegra-ZBE70-35-Kar-Cesmesi-300x300.png\" alt=\"\" width=\"300\" height=\"300\" srcset=\"https:\/\/barrsell.com\/wp-content\/uploads\/2024\/09\/Ziegra-ZBE70-35-Kar-Cesmesi-300x300.png 300w, https:\/\/barrsell.com\/wp-content\/uploads\/2024\/09\/Ziegra-ZBE70-35-Kar-Cesmesi-1024x1024.png 1024w, https:\/\/barrsell.com\/wp-content\/uploads\/2024\/09\/Ziegra-ZBE70-35-Kar-Cesmesi-150x150.png 150w, https:\/\/barrsell.com\/wp-content\/uploads\/2024\/09\/Ziegra-ZBE70-35-Kar-Cesmesi-768x768.png 768w, https:\/\/barrsell.com\/wp-content\/uploads\/2024\/09\/Ziegra-ZBE70-35-Kar-Cesmesi-12x12.png 12w, https:\/\/barrsell.com\/wp-content\/uploads\/2024\/09\/Ziegra-ZBE70-35-Kar-Cesmesi-600x600.png 600w, https:\/\/barrsell.com\/wp-content\/uploads\/2024\/09\/Ziegra-ZBE70-35-Kar-Cesmesi-50x50.png 50w, https:\/\/barrsell.com\/wp-content\/uploads\/2024\/09\/Ziegra-ZBE70-35-Kar-Cesmesi-100x100.png 100w, https:\/\/barrsell.com\/wp-content\/uploads\/2024\/09\/Ziegra-ZBE70-35-Kar-Cesmesi-64x64.png 64w, https:\/\/barrsell.com\/wp-content\/uploads\/2024\/09\/Ziegra-ZBE70-35-Kar-Cesmesi.png 1200w\" sizes=\"(max-width: 300px) 100vw, 300px\" \/><\/a><p id=\"caption-attachment-16676\" class=\"wp-caption-text\">Ziegra ZBE70-35 Snow Fountain<\/p><\/div>\n<h4>Technical Specifications<\/h4>\n<ol>\n<li><strong>High Capacity<\/strong>:\n<ul>\n<li class=\" translation-block\"><strong>70 kg\/24 Hour Capacity:<\/strong> The Ziegra ZBE70 is capable of producing 70 kilograms of snow per day. In particular, this high capacity production meets the amount of snow needed for large events, intensive commercial use and industrial environments.<\/li>\n<\/ul>\n<\/li>\n<li><strong>Snow Type and Quality<\/strong>:\n<ul>\n<li class=\" translation-block\"><strong>Leaf Ice and Snow Mix<\/strong>: This model is capable of producing flake ice and snow mix. This feature also provides the appropriate snow structure for both refrigeration and decorative applications.<\/li>\n<\/ul>\n<\/li>\n<li><strong>Energy Efficiency<\/strong>:\n<ul>\n<li class=\" translation-block\"><strong>Environmentally Friendly Technology<\/strong>: The Ziegra ZBE70 is an energy efficient device. At the same time, the absence of moving parts in the cooling circuit reduces energy consumption and minimizes environmental impact. It also reduces operating costs thanks to its low energy consumption.<\/li>\n<\/ul>\n<\/li>\n<li><strong>Hygienic and Reliable Design<\/strong>:\n<ul>\n<li class=\" translation-block\"><strong>Closed Water System<\/strong>: <a href=\"https:\/\/barrsell.com\/kategoriler\/kar-buz-makineleri\/ziegra-kar-cesmesi\/\" target=\"_self\">The snow fountain<\/a> is designed with a closed water system. This prevents contamination from external factors and ensures that the snow is always clean and hygienic.<\/li>\n<\/ul>\n<\/li>\n<li><strong>Ease of Use<\/strong>:\n<ul>\n<li class=\" translation-block\"><strong>Automatic Control Systems<\/strong>: The device is equipped with user-friendly automatic control systems. These systems also facilitate the snow production process and minimize maintenance.<\/li>\n<\/ul>\n<\/li>\n<li><strong>Durability and Longevity<\/strong>:\n<ul>\n<li class=\" translation-block\"><strong>Usage of Quality Materials<\/strong>: Manufactured using materials with high durability. This ensures a long lifetime and trouble-free operation even in harsh conditions.<\/li>\n<\/ul>\n<\/li>\n<li><strong>Aesthetic and Modern Design<\/strong>:\n<ul>\n<li class=\" translation-block\">Stylish and Functional Exterior Design: The Ziegra ZBE70 features a modern and aesthetic exterior design. This design both enhances functionality and blends in with a variety of environments.<\/li>\n<\/ul>\n<\/li>\n<\/ol>\n<p>&nbsp;<\/p>","protected":false},"excerpt":{"rendered":"<p class=\" translation-block\">70 kg\/24 Hour Capacitybr&gt;\nFlake Ice and Mixture<br>\nClosed Water System<\/p>","protected":false},"featured_media":13911,"template":"","meta":[],"product_cat":[69,205],"product_tag":[],"class_list":{"0":"post-13906","1":"product","2":"type-product","3":"status-publish","4":"has-post-thumbnail","6":"product_cat-kar-buz-makineleri","7":"product_cat-ziegra-kar-cesmesi","9":"first","10":"instock","11":"shipping-taxable","12":"product-type-external"},"yoast_head":"<!-- This site is optimized with the Yoast SEO Premium plugin v23.2 (Yoast SEO v23.2) - https:\/\/yoast.com\/wordpress\/plugins\/seo\/ -->\n<title>Ziegra ZBE70 Kar \u00c7e\u015fmesi | Barrsell<\/title>\n<meta name=\"description\" content=\"Ziegra ZBE70 Kar \u00c7e\u015fmesi, end\u00fcstriyel ve ticari alanlarda y\u00fcksek performans sunan modern bir kar \u00fcretim \u00e7\u00f6z\u00fcm\u00fcd\u00fcr. ZBE Ziegra\" \/>\n<meta name=\"robots\" content=\"index, follow, max-snippet:-1, max-image-preview:large, max-video-preview:-1\" \/>\n<link rel=\"canonical\" href=\"https:\/\/barrsell.com\/en\/product\/ziegra-ice-machine-zbe70\/\" \/>\n<meta property=\"og:locale\" content=\"en_US\" \/>\n<meta property=\"og:type\" content=\"article\" \/>\n<meta property=\"og:title\" content=\"Ziegra ZBE70 Kar \u00c7e\u015fmesi\" \/>\n<meta property=\"og:description\" content=\"Ziegra ZBE70 Kar \u00c7e\u015fmesi, end\u00fcstriyel ve ticari alanlarda y\u00fcksek performans sunan modern bir kar \u00fcretim \u00e7\u00f6z\u00fcm\u00fcd\u00fcr. ZBE Ziegra\" \/>\n<meta property=\"og:url\" content=\"https:\/\/barrsell.com\/en\/product\/ziegra-ice-machine-zbe70\/\" \/>\n<meta property=\"og:site_name\" content=\"Barrsell\" \/>\n<meta property=\"article:modified_time\" content=\"2024-12-12T10:20:24+00:00\" \/>\n<meta property=\"og:image\" content=\"https:\/\/barrsell.com\/wp-content\/uploads\/2024\/09\/Ziegra-Kar-Cesmesi-ZBE-70-.png\" \/>\n\t<meta property=\"og:image:width\" content=\"1200\" \/>\n\t<meta property=\"og:image:height\" content=\"1200\" \/>\n\t<meta property=\"og:image:type\" content=\"image\/png\" \/>\n<meta name=\"twitter:card\" content=\"summary_large_image\" \/>\n<meta name=\"twitter:label1\" content=\"Est. reading time\" \/>\n\t<meta name=\"twitter:data1\" content=\"3 minutes\" \/>\n<script type=\"application\/ld+json\" class=\"yoast-schema-graph\">{\"@context\":\"https:\/\/schema.org\",\"@graph\":[{\"@type\":\"WebPage\",\"@id\":\"https:\/\/barrsell.com\/urun\/ziegra-zbe70-kar-cesmesi\/\",\"url\":\"https:\/\/barrsell.com\/urun\/ziegra-zbe70-kar-cesmesi\/\",\"name\":\"Ziegra ZBE70 Kar \u00c7e\u015fmesi | Barrsell\",\"isPartOf\":{\"@id\":\"https:\/\/barrsell.com\/#website\"},\"primaryImageOfPage\":{\"@id\":\"https:\/\/barrsell.com\/urun\/ziegra-zbe70-kar-cesmesi\/#primaryimage\"},\"image\":{\"@id\":\"https:\/\/barrsell.com\/urun\/ziegra-zbe70-kar-cesmesi\/#primaryimage\"},\"thumbnailUrl\":\"https:\/\/barrsell.com\/wp-content\/uploads\/2024\/09\/Ziegra-Kar-Cesmesi-ZBE-70-.png\",\"datePublished\":\"2024-09-05T09:26:09+00:00\",\"dateModified\":\"2024-12-12T10:20:24+00:00\",\"description\":\"Ziegra ZBE70 Kar \u00c7e\u015fmesi, end\u00fcstriyel ve ticari alanlarda y\u00fcksek performans sunan modern bir kar \u00fcretim \u00e7\u00f6z\u00fcm\u00fcd\u00fcr. ZBE Ziegra\",\"breadcrumb\":{\"@id\":\"https:\/\/barrsell.com\/urun\/ziegra-zbe70-kar-cesmesi\/#breadcrumb\"},\"inLanguage\":\"en-US\",\"potentialAction\":[{\"@type\":\"ReadAction\",\"target\":[\"https:\/\/barrsell.com\/urun\/ziegra-zbe70-kar-cesmesi\/\"]}]},{\"@type\":\"ImageObject\",\"inLanguage\":\"en-US\",\"@id\":\"https:\/\/barrsell.com\/urun\/ziegra-zbe70-kar-cesmesi\/#primaryimage\",\"url\":\"https:\/\/barrsell.com\/wp-content\/uploads\/2024\/09\/Ziegra-Kar-Cesmesi-ZBE-70-.png\",\"contentUrl\":\"https:\/\/barrsell.com\/wp-content\/uploads\/2024\/09\/Ziegra-Kar-Cesmesi-ZBE-70-.png\",\"width\":1200,\"height\":1200,\"caption\":\"Ziegra-Kar-\u00c7e\u015fmesi-ZBE-70-\"},{\"@type\":\"BreadcrumbList\",\"@id\":\"https:\/\/barrsell.com\/urun\/ziegra-zbe70-kar-cesmesi\/#breadcrumb\",\"itemListElement\":[{\"@type\":\"ListItem\",\"position\":1,\"name\":\"Home\",\"item\":\"https:\/\/barrsell.com\/\"},{\"@type\":\"ListItem\",\"position\":2,\"name\":\"\u00dcr\u00fcnler\",\"item\":\"https:\/\/barrsell.com\/en\/products\/\"},{\"@type\":\"ListItem\",\"position\":3,\"name\":\"Ziegra ZBE70 Kar \u00c7e\u015fmesi\"}]},{\"@type\":\"WebSite\",\"@id\":\"https:\/\/barrsell.com\/#website\",\"url\":\"https:\/\/barrsell.com\/\",\"name\":\"Barrsell End\u00fcstri Makine\",\"description\":\"Teknolojiyle G\u00fc\u00e7lenen End\u00fcstriyel \u00c7\u00f6z\u00fcmler!\",\"potentialAction\":[{\"@type\":\"SearchAction\",\"target\":{\"@type\":\"EntryPoint\",\"urlTemplate\":\"https:\/\/barrsell.com\/?s={search_term_string}\"},\"query-input\":\"required name=search_term_string\"}],\"inLanguage\":\"en-US\"}]}<\/script>\n<!-- \/ Yoast SEO Premium plugin. -->","yoast_head_json":{"title":"Ziegra ZBE70 Kar \u00c7e\u015fmesi | Barrsell","description":"Ziegra ZBE70 Kar \u00c7e\u015fmesi, end\u00fcstriyel ve ticari alanlarda y\u00fcksek performans sunan modern bir kar \u00fcretim \u00e7\u00f6z\u00fcm\u00fcd\u00fcr. ZBE Ziegra","robots":{"index":"index","follow":"follow","max-snippet":"max-snippet:-1","max-image-preview":"max-image-preview:large","max-video-preview":"max-video-preview:-1"},"canonical":"https:\/\/barrsell.com\/en\/product\/ziegra-ice-machine-zbe70\/","og_locale":"en_US","og_type":"article","og_title":"Ziegra ZBE70 Kar \u00c7e\u015fmesi","og_description":"Ziegra ZBE70 Kar \u00c7e\u015fmesi, end\u00fcstriyel ve ticari alanlarda y\u00fcksek performans sunan modern bir kar \u00fcretim \u00e7\u00f6z\u00fcm\u00fcd\u00fcr. ZBE Ziegra","og_url":"https:\/\/barrsell.com\/en\/product\/ziegra-ice-machine-zbe70\/","og_site_name":"Barrsell","article_modified_time":"2024-12-12T10:20:24+00:00","og_image":[{"width":1200,"height":1200,"url":"https:\/\/barrsell.com\/wp-content\/uploads\/2024\/09\/Ziegra-Kar-Cesmesi-ZBE-70-.png","type":"image\/png"}],"twitter_card":"summary_large_image","twitter_misc":{"Est. reading time":"3 minutes"},"schema":{"@context":"https:\/\/schema.org","@graph":[{"@type":"WebPage","@id":"https:\/\/barrsell.com\/urun\/ziegra-zbe70-kar-cesmesi\/","url":"https:\/\/barrsell.com\/urun\/ziegra-zbe70-kar-cesmesi\/","name":"Ziegra ZBE70 Kar \u00c7e\u015fmesi | Barrsell","isPartOf":{"@id":"https:\/\/barrsell.com\/#website"},"primaryImageOfPage":{"@id":"https:\/\/barrsell.com\/urun\/ziegra-zbe70-kar-cesmesi\/#primaryimage"},"image":{"@id":"https:\/\/barrsell.com\/urun\/ziegra-zbe70-kar-cesmesi\/#primaryimage"},"thumbnailUrl":"https:\/\/barrsell.com\/wp-content\/uploads\/2024\/09\/Ziegra-Kar-Cesmesi-ZBE-70-.png","datePublished":"2024-09-05T09:26:09+00:00","dateModified":"2024-12-12T10:20:24+00:00","description":"Ziegra ZBE70 Kar \u00c7e\u015fmesi, end\u00fcstriyel ve ticari alanlarda y\u00fcksek performans sunan modern bir kar \u00fcretim \u00e7\u00f6z\u00fcm\u00fcd\u00fcr. ZBE Ziegra","breadcrumb":{"@id":"https:\/\/barrsell.com\/urun\/ziegra-zbe70-kar-cesmesi\/#breadcrumb"},"inLanguage":"en-US","potentialAction":[{"@type":"ReadAction","target":["https:\/\/barrsell.com\/urun\/ziegra-zbe70-kar-cesmesi\/"]}]},{"@type":"ImageObject","inLanguage":"en-US","@id":"https:\/\/barrsell.com\/urun\/ziegra-zbe70-kar-cesmesi\/#primaryimage","url":"https:\/\/barrsell.com\/wp-content\/uploads\/2024\/09\/Ziegra-Kar-Cesmesi-ZBE-70-.png","contentUrl":"https:\/\/barrsell.com\/wp-content\/uploads\/2024\/09\/Ziegra-Kar-Cesmesi-ZBE-70-.png","width":1200,"height":1200,"caption":"Ziegra-Kar-\u00c7e\u015fmesi-ZBE-70-"},{"@type":"BreadcrumbList","@id":"https:\/\/barrsell.com\/urun\/ziegra-zbe70-kar-cesmesi\/#breadcrumb","itemListElement":[{"@type":"ListItem","position":1,"name":"Home","item":"https:\/\/barrsell.com\/"},{"@type":"ListItem","position":2,"name":"\u00dcr\u00fcnler","item":"https:\/\/barrsell.com\/en\/products\/"},{"@type":"ListItem","position":3,"name":"Ziegra ZBE70 Kar \u00c7e\u015fmesi"}]},{"@type":"WebSite","@id":"https:\/\/barrsell.com\/#website","url":"https:\/\/barrsell.com\/","name":"Barrsell End\u00fcstri Makine","description":"Teknolojiyle G\u00fc\u00e7lenen End\u00fcstriyel \u00c7\u00f6z\u00fcmler!","potentialAction":[{"@type":"SearchAction","target":{"@type":"EntryPoint","urlTemplate":"https:\/\/barrsell.com\/?s={search_term_string}"},"query-input":"required name=search_term_string"}],"inLanguage":"en-US"}]}},"_links":{"self":[{"href":"https:\/\/barrsell.com\/en\/wp-json\/wp\/v2\/product\/13906","targetHints":{"allow":["GET"]}}],"collection":[{"href":"https:\/\/barrsell.com\/en\/wp-json\/wp\/v2\/product"}],"about":[{"href":"https:\/\/barrsell.com\/en\/wp-json\/wp\/v2\/types\/product"}],"version-history":[{"count":6,"href":"https:\/\/barrsell.com\/en\/wp-json\/wp\/v2\/product\/13906\/revisions"}],"predecessor-version":[{"id":19192,"href":"https:\/\/barrsell.com\/en\/wp-json\/wp\/v2\/product\/13906\/revisions\/19192"}],"wp:featuredmedia":[{"embeddable":true,"href":"https:\/\/barrsell.com\/en\/wp-json\/wp\/v2\/media\/13911"}],"wp:attachment":[{"href":"https:\/\/barrsell.com\/en\/wp-json\/wp\/v2\/media?parent=13906"}],"wp:term":[{"taxonomy":"product_cat","embeddable":true,"href":"https:\/\/barrsell.com\/en\/wp-json\/wp\/v2\/product_cat?post=13906"},{"taxonomy":"product_tag","embeddable":true,"href":"https:\/\/barrsell.com\/en\/wp-json\/wp\/v2\/product_tag?post=13906"}],"curies":[{"name":"wp","href":"https:\/\/api.w.org\/{rel}","templated":true}]}}