{"id":13902,"date":"2024-09-05T08:54:31","date_gmt":"2024-09-05T08:54:31","guid":{"rendered":"https:\/\/barrsell.com\/?post_type=product&#038;p=13902"},"modified":"2025-07-25T12:49:34","modified_gmt":"2025-07-25T12:49:34","slug":"4-kisilik-dis-mekan-saunasi","status":"publish","type":"product","link":"https:\/\/barrsell.com\/en\/product\/4-person-outdoor-sauna\/","title":{"rendered":"4-person Outdoor Sauna"},"content":{"rendered":"<h2><strong>4 Person Outdoor Sauna<\/strong><\/h2>\n<p>The 4-person outdoor sauna is designed for large families and groups of friends and is both comfortable and durable. These saunas are specially developed for outdoor use and equipped with the latest technology. It is both a tool that supports healthy living and an aesthetic outdoor solution. Thus offering a pleasant and spacious sauna experience.<\/p>\n<div id=\"attachment_20479\" style=\"width: 1034px\" class=\"wp-caption alignnone\"><a href=\"https:\/\/barrsell.com\/wp-content\/uploads\/2024\/09\/4-kisilik-Dis-Mekan-Saunasi.webp\"><img fetchpriority=\"high\" decoding=\"async\" aria-describedby=\"caption-attachment-20479\" class=\"wp-image-20479 size-full\" src=\"https:\/\/barrsell.com\/wp-content\/uploads\/2024\/09\/4-kisilik-Dis-Mekan-Saunasi.webp\" alt=\"\" width=\"1024\" height=\"1024\" srcset=\"https:\/\/barrsell.com\/wp-content\/uploads\/2024\/09\/4-kisilik-Dis-Mekan-Saunasi.webp 1024w, https:\/\/barrsell.com\/wp-content\/uploads\/2024\/09\/4-kisilik-Dis-Mekan-Saunasi-300x300.webp 300w, https:\/\/barrsell.com\/wp-content\/uploads\/2024\/09\/4-kisilik-Dis-Mekan-Saunasi-150x150.webp 150w, https:\/\/barrsell.com\/wp-content\/uploads\/2024\/09\/4-kisilik-Dis-Mekan-Saunasi-768x768.webp 768w, https:\/\/barrsell.com\/wp-content\/uploads\/2024\/09\/4-kisilik-Dis-Mekan-Saunasi-12x12.webp 12w, https:\/\/barrsell.com\/wp-content\/uploads\/2024\/09\/4-kisilik-Dis-Mekan-Saunasi-600x600.webp 600w, https:\/\/barrsell.com\/wp-content\/uploads\/2024\/09\/4-kisilik-Dis-Mekan-Saunasi-50x50.webp 50w, https:\/\/barrsell.com\/wp-content\/uploads\/2024\/09\/4-kisilik-Dis-Mekan-Saunasi-100x100.webp 100w\" sizes=\"(max-width: 1024px) 100vw, 1024px\" \/><\/a><p id=\"caption-attachment-20479\" class=\"wp-caption-text\">4-person Outdoor Sauna<\/p><\/div>\n<h4><strong>Technical Features and Benefits<\/strong><\/h4>\n<p class=\" translation-block\"><strong>Size and Capacity:<\/strong> Outdoor saunas for 4 people usually have a floor area of 200 cm x 180 cm and a height of 210-220 cm. This spacious interior offers space for 4 people to sit or lie down comfortably. Ergonomic seating arrangements and back rests ensure maximum comfort. It is also ideal for large families or social use.<\/p>\n<p class=\" translation-block\"><strong>Outdoor Compatible Insulation Technology::<\/strong>The double-layered wood structure and special thermal insulation materials used in outdoor saunas ensure that the sauna is not affected by outdoor conditions. Outdoor resistant wood species and modern insulation technology saunas. It shows high resistance to outdoor weather conditions while maintaining the temperature indoors. Temperature-controlled glass doors optimize the internal temperature of the sauna.<\/p>\n<p class=\" translation-block\"><strong>Heating Options: Infrared and Traditional Electric Stove <\/strong>Infrared heating system in saunas for 4 people. Traditional electric stove options are available.  Infrared heaters provide muscle relaxation and detox by penetrating deep tissue even at lower temperatures. The infrared heating system offers energy efficiency.  The 4-6 kW electric sauna stove is ideal for users who want high temperatures. Both systems provide users with a different heating experience.<\/p>\n<p class=\" translation-block\"><strong>Durable Wood Materials: <\/strong> Durable and natural wood materials such as Canadian cedar, Scandinavian pine and Finnish spruce are the basic building blocks of an outdoor sauna. These wood species offer a natural aesthetic while ensuring long-term use outdoors. In addition, wood materials act as a natural insulator, minimizing heat loss in the sauna interior. The natural structure of the wood material improves the air quality of the sauna and creates a relaxing atmosphere.<\/p>\n<p><strong>Modern Dijital Kontrol Paneli: <\/strong>4 ki\u015filik d\u0131\u015f mekan saunalar\u0131, kullan\u0131c\u0131 dostu <strong>dokunmatik dijital kontrol panelleri<\/strong> ile donat\u0131lm\u0131\u015ft\u0131r. Bu paneller, s\u0131cakl\u0131k ve zaman ayarlar\u0131n\u0131 kolayca y\u00f6netebilmenize olanak tan\u0131r. Ayr\u0131ca baz\u0131 modellerde, <strong>Wi-Fi entegrasyonu<\/strong> ile saunan\u0131z\u0131 uzaktan kontrol edebilme imkan\u0131 vard\u0131r. Sauna, istenilen s\u0131cakl\u0131\u011fa ula\u015fmadan \u00f6nce uzaktan ba\u015flat\u0131larak kullan\u0131c\u0131ya zamandan tasarruf sa\u011flar.<\/p>","protected":false},"excerpt":{"rendered":"<p class=\" translation-block\"><strong>200 cm x 180 cm <\/strong> floor area and 210-220 cm height.<\/p>","protected":false},"featured_media":14239,"template":"","meta":[],"product_cat":[185,190,194,223,226,224,231],"product_tag":[],"class_list":{"0":"post-13902","1":"product","2":"type-product","3":"status-publish","4":"has-post-thumbnail","6":"product_cat-ozel-tasarim-infrared-saunalar","7":"product_cat-dis-mekan-saunalari","8":"product_cat-4-kisilik-dis-mekan-saunasi","9":"product_cat-sauna-cesitleri","10":"product_cat-infrared-sauna-sauna-cesitleri","11":"product_cat-ozel-tasarim-saunalar","12":"product_cat-dis-mekan-saunalar","14":"first","15":"instock","16":"shipping-taxable","17":"product-type-external"},"yoast_head":"<!-- This site is optimized with the Yoast SEO Premium plugin v23.2 (Yoast SEO v23.2) - https:\/\/yoast.com\/wordpress\/plugins\/seo\/ -->\n<title>4 ki\u015filik D\u0131\u015f Mekan Saunas\u0131 | Barrsell End\u00fcstri<\/title>\n<meta name=\"description\" content=\"4 ki\u015filik d\u0131\u015f mekan saunas\u0131 b\u00fcy\u00fck aileler ve arkada\u015f gruplar\u0131 i\u00e7in tasarlanm\u0131\u015f olup, hem konforlu hem de dayan\u0131kl\u0131 bir yap\u0131ya sahiptir.\" \/>\n<meta name=\"robots\" content=\"index, follow, max-snippet:-1, max-image-preview:large, max-video-preview:-1\" \/>\n<link rel=\"canonical\" href=\"https:\/\/barrsell.com\/en\/product\/4-person-outdoor-sauna\/\" \/>\n<meta property=\"og:locale\" content=\"en_US\" \/>\n<meta property=\"og:type\" content=\"article\" \/>\n<meta property=\"og:title\" content=\"4 ki\u015filik D\u0131\u015f Mekan Saunas\u0131\" \/>\n<meta property=\"og:description\" content=\"4 ki\u015filik d\u0131\u015f mekan saunas\u0131 b\u00fcy\u00fck aileler ve arkada\u015f gruplar\u0131 i\u00e7in tasarlanm\u0131\u015f olup, hem konforlu hem de dayan\u0131kl\u0131 bir yap\u0131ya sahiptir.\" \/>\n<meta property=\"og:url\" content=\"https:\/\/barrsell.com\/en\/product\/4-person-outdoor-sauna\/\" \/>\n<meta property=\"og:site_name\" content=\"Barrsell\" \/>\n<meta property=\"article:modified_time\" content=\"2025-07-25T12:49:34+00:00\" \/>\n<meta property=\"og:image\" content=\"https:\/\/barrsell.com\/wp-content\/uploads\/2024\/09\/4-kisilik-dis-mekan-saunasi-bar-1024x1024.png\" \/>\n\t<meta property=\"og:image:width\" content=\"1024\" \/>\n\t<meta property=\"og:image:height\" content=\"1024\" \/>\n\t<meta property=\"og:image:type\" content=\"image\/png\" \/>\n<meta name=\"twitter:card\" content=\"summary_large_image\" \/>\n<meta name=\"twitter:label1\" content=\"Est. reading time\" \/>\n\t<meta name=\"twitter:data1\" content=\"3 minutes\" \/>\n<script type=\"application\/ld+json\" class=\"yoast-schema-graph\">{\"@context\":\"https:\/\/schema.org\",\"@graph\":[{\"@type\":\"WebPage\",\"@id\":\"https:\/\/barrsell.com\/urun\/4-kisilik-dis-mekan-saunasi\/\",\"url\":\"https:\/\/barrsell.com\/urun\/4-kisilik-dis-mekan-saunasi\/\",\"name\":\"4 ki\u015filik D\u0131\u015f Mekan Saunas\u0131 | Barrsell End\u00fcstri\",\"isPartOf\":{\"@id\":\"https:\/\/barrsell.com\/#website\"},\"primaryImageOfPage\":{\"@id\":\"https:\/\/barrsell.com\/urun\/4-kisilik-dis-mekan-saunasi\/#primaryimage\"},\"image\":{\"@id\":\"https:\/\/barrsell.com\/urun\/4-kisilik-dis-mekan-saunasi\/#primaryimage\"},\"thumbnailUrl\":\"https:\/\/barrsell.com\/wp-content\/uploads\/2024\/09\/4-kisilik-dis-mekan-saunasi-bar.png\",\"datePublished\":\"2024-09-05T08:54:31+00:00\",\"dateModified\":\"2025-07-25T12:49:34+00:00\",\"description\":\"4 ki\u015filik d\u0131\u015f mekan saunas\u0131 b\u00fcy\u00fck aileler ve arkada\u015f gruplar\u0131 i\u00e7in tasarlanm\u0131\u015f olup, hem konforlu hem de dayan\u0131kl\u0131 bir yap\u0131ya sahiptir.\",\"breadcrumb\":{\"@id\":\"https:\/\/barrsell.com\/urun\/4-kisilik-dis-mekan-saunasi\/#breadcrumb\"},\"inLanguage\":\"en-US\",\"potentialAction\":[{\"@type\":\"ReadAction\",\"target\":[\"https:\/\/barrsell.com\/urun\/4-kisilik-dis-mekan-saunasi\/\"]}]},{\"@type\":\"ImageObject\",\"inLanguage\":\"en-US\",\"@id\":\"https:\/\/barrsell.com\/urun\/4-kisilik-dis-mekan-saunasi\/#primaryimage\",\"url\":\"https:\/\/barrsell.com\/wp-content\/uploads\/2024\/09\/4-kisilik-dis-mekan-saunasi-bar.png\",\"contentUrl\":\"https:\/\/barrsell.com\/wp-content\/uploads\/2024\/09\/4-kisilik-dis-mekan-saunasi-bar.png\",\"width\":1200,\"height\":1200,\"caption\":\"4 ki\u015filik d\u0131\u015f mekan saunas\u0131-bar\"},{\"@type\":\"BreadcrumbList\",\"@id\":\"https:\/\/barrsell.com\/urun\/4-kisilik-dis-mekan-saunasi\/#breadcrumb\",\"itemListElement\":[{\"@type\":\"ListItem\",\"position\":1,\"name\":\"Home\",\"item\":\"https:\/\/barrsell.com\/\"},{\"@type\":\"ListItem\",\"position\":2,\"name\":\"\u00dcr\u00fcnler\",\"item\":\"https:\/\/barrsell.com\/en\/products\/\"},{\"@type\":\"ListItem\",\"position\":3,\"name\":\"4 ki\u015filik D\u0131\u015f Mekan Saunas\u0131\"}]},{\"@type\":\"WebSite\",\"@id\":\"https:\/\/barrsell.com\/#website\",\"url\":\"https:\/\/barrsell.com\/\",\"name\":\"Barrsell End\u00fcstri Makine\",\"description\":\"Teknolojiyle G\u00fc\u00e7lenen End\u00fcstriyel \u00c7\u00f6z\u00fcmler!\",\"potentialAction\":[{\"@type\":\"SearchAction\",\"target\":{\"@type\":\"EntryPoint\",\"urlTemplate\":\"https:\/\/barrsell.com\/?s={search_term_string}\"},\"query-input\":\"required name=search_term_string\"}],\"inLanguage\":\"en-US\"}]}<\/script>\n<!-- \/ Yoast SEO Premium plugin. -->","yoast_head_json":{"title":"4 ki\u015filik D\u0131\u015f Mekan Saunas\u0131 | Barrsell End\u00fcstri","description":"4 ki\u015filik d\u0131\u015f mekan saunas\u0131 b\u00fcy\u00fck aileler ve arkada\u015f gruplar\u0131 i\u00e7in tasarlanm\u0131\u015f olup, hem konforlu hem de dayan\u0131kl\u0131 bir yap\u0131ya sahiptir.","robots":{"index":"index","follow":"follow","max-snippet":"max-snippet:-1","max-image-preview":"max-image-preview:large","max-video-preview":"max-video-preview:-1"},"canonical":"https:\/\/barrsell.com\/en\/product\/4-person-outdoor-sauna\/","og_locale":"en_US","og_type":"article","og_title":"4 ki\u015filik D\u0131\u015f Mekan Saunas\u0131","og_description":"4 ki\u015filik d\u0131\u015f mekan saunas\u0131 b\u00fcy\u00fck aileler ve arkada\u015f gruplar\u0131 i\u00e7in tasarlanm\u0131\u015f olup, hem konforlu hem de dayan\u0131kl\u0131 bir yap\u0131ya sahiptir.","og_url":"https:\/\/barrsell.com\/en\/product\/4-person-outdoor-sauna\/","og_site_name":"Barrsell","article_modified_time":"2025-07-25T12:49:34+00:00","og_image":[{"width":1024,"height":1024,"url":"https:\/\/barrsell.com\/wp-content\/uploads\/2024\/09\/4-kisilik-dis-mekan-saunasi-bar-1024x1024.png","type":"image\/png"}],"twitter_card":"summary_large_image","twitter_misc":{"Est. reading time":"3 minutes"},"schema":{"@context":"https:\/\/schema.org","@graph":[{"@type":"WebPage","@id":"https:\/\/barrsell.com\/urun\/4-kisilik-dis-mekan-saunasi\/","url":"https:\/\/barrsell.com\/urun\/4-kisilik-dis-mekan-saunasi\/","name":"4 ki\u015filik D\u0131\u015f Mekan Saunas\u0131 | Barrsell End\u00fcstri","isPartOf":{"@id":"https:\/\/barrsell.com\/#website"},"primaryImageOfPage":{"@id":"https:\/\/barrsell.com\/urun\/4-kisilik-dis-mekan-saunasi\/#primaryimage"},"image":{"@id":"https:\/\/barrsell.com\/urun\/4-kisilik-dis-mekan-saunasi\/#primaryimage"},"thumbnailUrl":"https:\/\/barrsell.com\/wp-content\/uploads\/2024\/09\/4-kisilik-dis-mekan-saunasi-bar.png","datePublished":"2024-09-05T08:54:31+00:00","dateModified":"2025-07-25T12:49:34+00:00","description":"4 ki\u015filik d\u0131\u015f mekan saunas\u0131 b\u00fcy\u00fck aileler ve arkada\u015f gruplar\u0131 i\u00e7in tasarlanm\u0131\u015f olup, hem konforlu hem de dayan\u0131kl\u0131 bir yap\u0131ya sahiptir.","breadcrumb":{"@id":"https:\/\/barrsell.com\/urun\/4-kisilik-dis-mekan-saunasi\/#breadcrumb"},"inLanguage":"en-US","potentialAction":[{"@type":"ReadAction","target":["https:\/\/barrsell.com\/urun\/4-kisilik-dis-mekan-saunasi\/"]}]},{"@type":"ImageObject","inLanguage":"en-US","@id":"https:\/\/barrsell.com\/urun\/4-kisilik-dis-mekan-saunasi\/#primaryimage","url":"https:\/\/barrsell.com\/wp-content\/uploads\/2024\/09\/4-kisilik-dis-mekan-saunasi-bar.png","contentUrl":"https:\/\/barrsell.com\/wp-content\/uploads\/2024\/09\/4-kisilik-dis-mekan-saunasi-bar.png","width":1200,"height":1200,"caption":"4 ki\u015filik d\u0131\u015f mekan saunas\u0131-bar"},{"@type":"BreadcrumbList","@id":"https:\/\/barrsell.com\/urun\/4-kisilik-dis-mekan-saunasi\/#breadcrumb","itemListElement":[{"@type":"ListItem","position":1,"name":"Home","item":"https:\/\/barrsell.com\/"},{"@type":"ListItem","position":2,"name":"\u00dcr\u00fcnler","item":"https:\/\/barrsell.com\/en\/products\/"},{"@type":"ListItem","position":3,"name":"4 ki\u015filik D\u0131\u015f Mekan Saunas\u0131"}]},{"@type":"WebSite","@id":"https:\/\/barrsell.com\/#website","url":"https:\/\/barrsell.com\/","name":"Barrsell End\u00fcstri Makine","description":"Teknolojiyle G\u00fc\u00e7lenen End\u00fcstriyel \u00c7\u00f6z\u00fcmler!","potentialAction":[{"@type":"SearchAction","target":{"@type":"EntryPoint","urlTemplate":"https:\/\/barrsell.com\/?s={search_term_string}"},"query-input":"required name=search_term_string"}],"inLanguage":"en-US"}]}},"_links":{"self":[{"href":"https:\/\/barrsell.com\/en\/wp-json\/wp\/v2\/product\/13902","targetHints":{"allow":["GET"]}}],"collection":[{"href":"https:\/\/barrsell.com\/en\/wp-json\/wp\/v2\/product"}],"about":[{"href":"https:\/\/barrsell.com\/en\/wp-json\/wp\/v2\/types\/product"}],"version-history":[{"count":5,"href":"https:\/\/barrsell.com\/en\/wp-json\/wp\/v2\/product\/13902\/revisions"}],"predecessor-version":[{"id":20480,"href":"https:\/\/barrsell.com\/en\/wp-json\/wp\/v2\/product\/13902\/revisions\/20480"}],"wp:featuredmedia":[{"embeddable":true,"href":"https:\/\/barrsell.com\/en\/wp-json\/wp\/v2\/media\/14239"}],"wp:attachment":[{"href":"https:\/\/barrsell.com\/en\/wp-json\/wp\/v2\/media?parent=13902"}],"wp:term":[{"taxonomy":"product_cat","embeddable":true,"href":"https:\/\/barrsell.com\/en\/wp-json\/wp\/v2\/product_cat?post=13902"},{"taxonomy":"product_tag","embeddable":true,"href":"https:\/\/barrsell.com\/en\/wp-json\/wp\/v2\/product_tag?post=13902"}],"curies":[{"name":"wp","href":"https:\/\/api.w.org\/{rel}","templated":true}]}}