{"id":13899,"date":"2024-09-05T08:50:21","date_gmt":"2024-09-05T08:50:21","guid":{"rendered":"https:\/\/barrsell.com\/?post_type=product&#038;p=13899"},"modified":"2025-07-25T12:50:15","modified_gmt":"2025-07-25T12:50:15","slug":"3-kisilik-dis-mekan-saunasi","status":"publish","type":"product","link":"https:\/\/barrsell.com\/en\/product\/3-person-outdoor-sauna\/","title":{"rendered":"3-person Outdoor Sauna"},"content":{"rendered":"<div class=\"flex max-w-full flex-col flex-grow\">\n<div class=\"min-h-[20px] text-message flex w-full flex-col items-end gap-2 break-words [.text-message+&amp;]:mt-5 overflow-x-auto whitespace-normal\" dir=\"auto\" data-message-author-role=\"assistant\" data-message-id=\"e5370ffe-6a26-486a-989f-90ffd918b94e\">\n<div class=\"flex w-full flex-col gap-1 empty:hidden first:pt-[3px]\">\n<div class=\"markdown prose w-full break-words dark:prose-invert light\">\n<h2><strong>3 Person Outdoor Sauna<\/strong><\/h2>\n<div class=\"flex max-w-full flex-col flex-grow\">\n<div class=\"min-h-8 text-message flex w-full flex-col items-end gap-2 whitespace-normal break-words text-start [.text-message+&amp;]:mt-5\" dir=\"auto\" data-message-author-role=\"assistant\" data-message-id=\"d34cecb0-338b-47fb-9055-51c1b1f4a265\" data-message-model-slug=\"gpt-4o-mini\">\n<div class=\"flex w-full flex-col gap-1 empty:hidden first:pt-[3px]\">\n<div class=\"markdown prose w-full break-words dark:prose-invert light\">\n<p>The 3-person outdoor sauna offers spacious and comfortable solutions for a pleasant sauna experience with your family or friends. These saunas are optimized for use in an outdoor environment. They stand out with their durable materials, energy efficiency and modern technologies. They are the perfect choice for both supporting a healthy lifestyle and adding aesthetics to your outdoor spaces.<\/p>\n<div id=\"attachment_14231\" style=\"width: 1034px\" class=\"wp-caption alignnone\"><a href=\"https:\/\/barrsell.com\/wp-content\/uploads\/2024\/09\/3-kisilik-dis-mekan-saunasi-barrsell.png\"><img fetchpriority=\"high\" decoding=\"async\" aria-describedby=\"caption-attachment-14231\" class=\"wp-image-14231 size-large\" src=\"https:\/\/barrsell.com\/wp-content\/uploads\/2024\/09\/3-kisilik-dis-mekan-saunasi-barrsell-1024x1024.png\" alt=\"\" width=\"1024\" height=\"1024\" srcset=\"https:\/\/barrsell.com\/wp-content\/uploads\/2024\/09\/3-kisilik-dis-mekan-saunasi-barrsell-1024x1024.png 1024w, https:\/\/barrsell.com\/wp-content\/uploads\/2024\/09\/3-kisilik-dis-mekan-saunasi-barrsell-300x300.png 300w, https:\/\/barrsell.com\/wp-content\/uploads\/2024\/09\/3-kisilik-dis-mekan-saunasi-barrsell-150x150.png 150w, https:\/\/barrsell.com\/wp-content\/uploads\/2024\/09\/3-kisilik-dis-mekan-saunasi-barrsell-768x768.png 768w, https:\/\/barrsell.com\/wp-content\/uploads\/2024\/09\/3-kisilik-dis-mekan-saunasi-barrsell-12x12.png 12w, https:\/\/barrsell.com\/wp-content\/uploads\/2024\/09\/3-kisilik-dis-mekan-saunasi-barrsell-600x600.png 600w, https:\/\/barrsell.com\/wp-content\/uploads\/2024\/09\/3-kisilik-dis-mekan-saunasi-barrsell-50x50.png 50w, https:\/\/barrsell.com\/wp-content\/uploads\/2024\/09\/3-kisilik-dis-mekan-saunasi-barrsell-100x100.png 100w, https:\/\/barrsell.com\/wp-content\/uploads\/2024\/09\/3-kisilik-dis-mekan-saunasi-barrsell-64x64.png 64w, https:\/\/barrsell.com\/wp-content\/uploads\/2024\/09\/3-kisilik-dis-mekan-saunasi-barrsell.png 1200w\" sizes=\"(max-width: 1024px) 100vw, 1024px\" \/><\/a><p id=\"caption-attachment-14231\" class=\"wp-caption-text\">3 ki\u015filik d\u0131\u015f mekan saunas\u0131-barrsell<\/p><\/div>\n<\/div>\n<\/div>\n<\/div>\n<\/div>\n<h4><strong>Technical Features and Benefits<\/strong><\/h4>\n<p class=\" translation-block\"><strong>Size and Capacity:<\/strong> Outdoor saunas for 3 people usually have a floor area of 180 cm x 150 cm and a height of 210 cm. These dimensions offer a large internal volume for three people to sit comfortably. More interior space allows users to move freely and sit in different positions. It also offers maximum comfort with ergonomic seating and back rests.<\/p>\n<p class=\" translation-block\"><strong>Insulated Structure: Outdoor Suitability: <\/strong>Double-layer wood construction and advanced insulation materials are used to adapt to outdoor conditions. Sauna walls provide a weatherproof structure outdoors while retaining warmth indoors. Heat-resistant glass doors and special insulation technology ensure that the sauna is not affected by outdoor temperatures. It helps to maintain a balanced temperature indoors.<\/p>\n<p class=\" translation-block\"><strong>Heating Technology: Infrared and Traditional Options<\/strong> Infrared heating and traditional sauna stove options are available for 3-person outdoor saunas. Infrared heaters provide a detox effect by penetrating deep into the tissue at low temperatures. The electric stove offers a classic sauna experience with high temperature. These models usually consume between 4-6 kW of energy. You can choose these two heating systems according to your preference.<\/p>\n<p class=\" translation-block\"><strong>Wood Material Durability and Naturalness: <\/strong> These saunas are usually made of durable wood materials such as Canadian cedar, Scandinavian pine or Finnish spruce.  These types of wood ensure a long-lasting outdoor use. It helps to give the sauna a natural look. In addition, the wood material acts as a natural insulator and contributes to maintaining warmth indoors.<\/p>\n<p class=\" translation-block\"><strong>Energy Efficiency: <\/strong>3-person saunas consume between 3-6 kW of energy. Infrared models stand out especially with their low energy consumption. These systems heat up in as little as 10-15 minutes.  And they are ready for use.  While traditional electric stove models offer the classic sauna temperature, energy consumption is optimized. Energy efficiency offers a cost-effective solution even with frequent use of the sauna.<\/p>\n<\/div>\n<\/div>\n<\/div>\n<\/div>","protected":false},"excerpt":{"rendered":"<p class=\" translation-block\"><strong>It has a 180 cm x 150 cm<\/strong>  floor area and a height of 210 cm.<\/p>","protected":false},"featured_media":14231,"template":"","meta":[],"product_cat":[190,193,223,226,231],"product_tag":[],"class_list":{"0":"post-13899","1":"product","2":"type-product","3":"status-publish","4":"has-post-thumbnail","6":"product_cat-dis-mekan-saunalari","7":"product_cat-3-kisilik-dis-mekan-saunasi","8":"product_cat-sauna-cesitleri","9":"product_cat-infrared-sauna-sauna-cesitleri","10":"product_cat-dis-mekan-saunalar","12":"first","13":"instock","14":"shipping-taxable","15":"product-type-external"},"yoast_head":"<!-- This site is optimized with the Yoast SEO Premium plugin v23.2 (Yoast SEO v23.2) - https:\/\/yoast.com\/wordpress\/plugins\/seo\/ -->\n<title>3 ki\u015filik D\u0131\u015f Mekan Saunas\u0131 | Barrsell End\u00fcstri<\/title>\n<meta name=\"description\" content=\"3 ki\u015filik d\u0131\u015f mekan saunas\u0131 , aileniz veya arkada\u015flar\u0131n\u0131zla birlikte keyifli bir sauna deneyimi ya\u015faman\u0131z i\u00e7in tasarlanm\u0131\u015f geni\u015f ve konforlu \u00e7\u00f6z\u00fcmler sunar.\" \/>\n<meta name=\"robots\" content=\"index, follow, max-snippet:-1, max-image-preview:large, max-video-preview:-1\" \/>\n<link rel=\"canonical\" href=\"https:\/\/barrsell.com\/en\/product\/3-person-outdoor-sauna\/\" \/>\n<meta property=\"og:locale\" content=\"en_US\" \/>\n<meta property=\"og:type\" content=\"article\" \/>\n<meta property=\"og:title\" content=\"3 ki\u015filik D\u0131\u015f Mekan Saunas\u0131\" \/>\n<meta property=\"og:description\" content=\"3 ki\u015filik d\u0131\u015f mekan saunas\u0131 , aileniz veya arkada\u015flar\u0131n\u0131zla birlikte keyifli bir sauna deneyimi ya\u015faman\u0131z i\u00e7in tasarlanm\u0131\u015f geni\u015f ve konforlu \u00e7\u00f6z\u00fcmler sunar.\" \/>\n<meta property=\"og:url\" content=\"https:\/\/barrsell.com\/en\/product\/3-person-outdoor-sauna\/\" \/>\n<meta property=\"og:site_name\" content=\"Barrsell\" \/>\n<meta property=\"article:modified_time\" content=\"2025-07-25T12:50:15+00:00\" \/>\n<meta property=\"og:image\" content=\"https:\/\/barrsell.com\/wp-content\/uploads\/2024\/09\/3-kisilik-dis-mekan-saunasi-barrsell-1024x1024.png\" \/>\n\t<meta property=\"og:image:width\" content=\"1024\" \/>\n\t<meta property=\"og:image:height\" content=\"1024\" \/>\n\t<meta property=\"og:image:type\" content=\"image\/png\" \/>\n<meta name=\"twitter:card\" content=\"summary_large_image\" \/>\n<meta name=\"twitter:label1\" content=\"Est. reading time\" \/>\n\t<meta name=\"twitter:data1\" content=\"3 minutes\" \/>\n<script type=\"application\/ld+json\" class=\"yoast-schema-graph\">{\"@context\":\"https:\/\/schema.org\",\"@graph\":[{\"@type\":\"WebPage\",\"@id\":\"https:\/\/barrsell.com\/urun\/3-kisilik-dis-mekan-saunasi\/\",\"url\":\"https:\/\/barrsell.com\/urun\/3-kisilik-dis-mekan-saunasi\/\",\"name\":\"3 ki\u015filik D\u0131\u015f Mekan Saunas\u0131 | Barrsell End\u00fcstri\",\"isPartOf\":{\"@id\":\"https:\/\/barrsell.com\/#website\"},\"primaryImageOfPage\":{\"@id\":\"https:\/\/barrsell.com\/urun\/3-kisilik-dis-mekan-saunasi\/#primaryimage\"},\"image\":{\"@id\":\"https:\/\/barrsell.com\/urun\/3-kisilik-dis-mekan-saunasi\/#primaryimage\"},\"thumbnailUrl\":\"https:\/\/barrsell.com\/wp-content\/uploads\/2024\/09\/3-kisilik-dis-mekan-saunasi-barrsell.png\",\"datePublished\":\"2024-09-05T08:50:21+00:00\",\"dateModified\":\"2025-07-25T12:50:15+00:00\",\"description\":\"3 ki\u015filik d\u0131\u015f mekan saunas\u0131 , aileniz veya arkada\u015flar\u0131n\u0131zla birlikte keyifli bir sauna deneyimi ya\u015faman\u0131z i\u00e7in tasarlanm\u0131\u015f geni\u015f ve konforlu \u00e7\u00f6z\u00fcmler sunar.\",\"breadcrumb\":{\"@id\":\"https:\/\/barrsell.com\/urun\/3-kisilik-dis-mekan-saunasi\/#breadcrumb\"},\"inLanguage\":\"en-US\",\"potentialAction\":[{\"@type\":\"ReadAction\",\"target\":[\"https:\/\/barrsell.com\/urun\/3-kisilik-dis-mekan-saunasi\/\"]}]},{\"@type\":\"ImageObject\",\"inLanguage\":\"en-US\",\"@id\":\"https:\/\/barrsell.com\/urun\/3-kisilik-dis-mekan-saunasi\/#primaryimage\",\"url\":\"https:\/\/barrsell.com\/wp-content\/uploads\/2024\/09\/3-kisilik-dis-mekan-saunasi-barrsell.png\",\"contentUrl\":\"https:\/\/barrsell.com\/wp-content\/uploads\/2024\/09\/3-kisilik-dis-mekan-saunasi-barrsell.png\",\"width\":1200,\"height\":1200,\"caption\":\"3 ki\u015filik d\u0131\u015f mekan saunas\u0131-barrsell\"},{\"@type\":\"BreadcrumbList\",\"@id\":\"https:\/\/barrsell.com\/urun\/3-kisilik-dis-mekan-saunasi\/#breadcrumb\",\"itemListElement\":[{\"@type\":\"ListItem\",\"position\":1,\"name\":\"Home\",\"item\":\"https:\/\/barrsell.com\/\"},{\"@type\":\"ListItem\",\"position\":2,\"name\":\"\u00dcr\u00fcnler\",\"item\":\"https:\/\/barrsell.com\/en\/products\/\"},{\"@type\":\"ListItem\",\"position\":3,\"name\":\"3 ki\u015filik D\u0131\u015f Mekan Saunas\u0131\"}]},{\"@type\":\"WebSite\",\"@id\":\"https:\/\/barrsell.com\/#website\",\"url\":\"https:\/\/barrsell.com\/\",\"name\":\"Barrsell End\u00fcstri Makine\",\"description\":\"Teknolojiyle G\u00fc\u00e7lenen End\u00fcstriyel \u00c7\u00f6z\u00fcmler!\",\"potentialAction\":[{\"@type\":\"SearchAction\",\"target\":{\"@type\":\"EntryPoint\",\"urlTemplate\":\"https:\/\/barrsell.com\/?s={search_term_string}\"},\"query-input\":\"required name=search_term_string\"}],\"inLanguage\":\"en-US\"}]}<\/script>\n<!-- \/ Yoast SEO Premium plugin. -->","yoast_head_json":{"title":"3 ki\u015filik D\u0131\u015f Mekan Saunas\u0131 | Barrsell End\u00fcstri","description":"3 ki\u015filik d\u0131\u015f mekan saunas\u0131 , aileniz veya arkada\u015flar\u0131n\u0131zla birlikte keyifli bir sauna deneyimi ya\u015faman\u0131z i\u00e7in tasarlanm\u0131\u015f geni\u015f ve konforlu \u00e7\u00f6z\u00fcmler sunar.","robots":{"index":"index","follow":"follow","max-snippet":"max-snippet:-1","max-image-preview":"max-image-preview:large","max-video-preview":"max-video-preview:-1"},"canonical":"https:\/\/barrsell.com\/en\/product\/3-person-outdoor-sauna\/","og_locale":"en_US","og_type":"article","og_title":"3 ki\u015filik D\u0131\u015f Mekan Saunas\u0131","og_description":"3 ki\u015filik d\u0131\u015f mekan saunas\u0131 , aileniz veya arkada\u015flar\u0131n\u0131zla birlikte keyifli bir sauna deneyimi ya\u015faman\u0131z i\u00e7in tasarlanm\u0131\u015f geni\u015f ve konforlu \u00e7\u00f6z\u00fcmler sunar.","og_url":"https:\/\/barrsell.com\/en\/product\/3-person-outdoor-sauna\/","og_site_name":"Barrsell","article_modified_time":"2025-07-25T12:50:15+00:00","og_image":[{"width":1024,"height":1024,"url":"https:\/\/barrsell.com\/wp-content\/uploads\/2024\/09\/3-kisilik-dis-mekan-saunasi-barrsell-1024x1024.png","type":"image\/png"}],"twitter_card":"summary_large_image","twitter_misc":{"Est. reading time":"3 minutes"},"schema":{"@context":"https:\/\/schema.org","@graph":[{"@type":"WebPage","@id":"https:\/\/barrsell.com\/urun\/3-kisilik-dis-mekan-saunasi\/","url":"https:\/\/barrsell.com\/urun\/3-kisilik-dis-mekan-saunasi\/","name":"3 ki\u015filik D\u0131\u015f Mekan Saunas\u0131 | Barrsell End\u00fcstri","isPartOf":{"@id":"https:\/\/barrsell.com\/#website"},"primaryImageOfPage":{"@id":"https:\/\/barrsell.com\/urun\/3-kisilik-dis-mekan-saunasi\/#primaryimage"},"image":{"@id":"https:\/\/barrsell.com\/urun\/3-kisilik-dis-mekan-saunasi\/#primaryimage"},"thumbnailUrl":"https:\/\/barrsell.com\/wp-content\/uploads\/2024\/09\/3-kisilik-dis-mekan-saunasi-barrsell.png","datePublished":"2024-09-05T08:50:21+00:00","dateModified":"2025-07-25T12:50:15+00:00","description":"3 ki\u015filik d\u0131\u015f mekan saunas\u0131 , aileniz veya arkada\u015flar\u0131n\u0131zla birlikte keyifli bir sauna deneyimi ya\u015faman\u0131z i\u00e7in tasarlanm\u0131\u015f geni\u015f ve konforlu \u00e7\u00f6z\u00fcmler sunar.","breadcrumb":{"@id":"https:\/\/barrsell.com\/urun\/3-kisilik-dis-mekan-saunasi\/#breadcrumb"},"inLanguage":"en-US","potentialAction":[{"@type":"ReadAction","target":["https:\/\/barrsell.com\/urun\/3-kisilik-dis-mekan-saunasi\/"]}]},{"@type":"ImageObject","inLanguage":"en-US","@id":"https:\/\/barrsell.com\/urun\/3-kisilik-dis-mekan-saunasi\/#primaryimage","url":"https:\/\/barrsell.com\/wp-content\/uploads\/2024\/09\/3-kisilik-dis-mekan-saunasi-barrsell.png","contentUrl":"https:\/\/barrsell.com\/wp-content\/uploads\/2024\/09\/3-kisilik-dis-mekan-saunasi-barrsell.png","width":1200,"height":1200,"caption":"3 ki\u015filik d\u0131\u015f mekan saunas\u0131-barrsell"},{"@type":"BreadcrumbList","@id":"https:\/\/barrsell.com\/urun\/3-kisilik-dis-mekan-saunasi\/#breadcrumb","itemListElement":[{"@type":"ListItem","position":1,"name":"Home","item":"https:\/\/barrsell.com\/"},{"@type":"ListItem","position":2,"name":"\u00dcr\u00fcnler","item":"https:\/\/barrsell.com\/en\/products\/"},{"@type":"ListItem","position":3,"name":"3 ki\u015filik D\u0131\u015f Mekan Saunas\u0131"}]},{"@type":"WebSite","@id":"https:\/\/barrsell.com\/#website","url":"https:\/\/barrsell.com\/","name":"Barrsell End\u00fcstri Makine","description":"Teknolojiyle G\u00fc\u00e7lenen End\u00fcstriyel \u00c7\u00f6z\u00fcmler!","potentialAction":[{"@type":"SearchAction","target":{"@type":"EntryPoint","urlTemplate":"https:\/\/barrsell.com\/?s={search_term_string}"},"query-input":"required name=search_term_string"}],"inLanguage":"en-US"}]}},"_links":{"self":[{"href":"https:\/\/barrsell.com\/en\/wp-json\/wp\/v2\/product\/13899","targetHints":{"allow":["GET"]}}],"collection":[{"href":"https:\/\/barrsell.com\/en\/wp-json\/wp\/v2\/product"}],"about":[{"href":"https:\/\/barrsell.com\/en\/wp-json\/wp\/v2\/types\/product"}],"version-history":[{"count":5,"href":"https:\/\/barrsell.com\/en\/wp-json\/wp\/v2\/product\/13899\/revisions"}],"predecessor-version":[{"id":20481,"href":"https:\/\/barrsell.com\/en\/wp-json\/wp\/v2\/product\/13899\/revisions\/20481"}],"wp:featuredmedia":[{"embeddable":true,"href":"https:\/\/barrsell.com\/en\/wp-json\/wp\/v2\/media\/14231"}],"wp:attachment":[{"href":"https:\/\/barrsell.com\/en\/wp-json\/wp\/v2\/media?parent=13899"}],"wp:term":[{"taxonomy":"product_cat","embeddable":true,"href":"https:\/\/barrsell.com\/en\/wp-json\/wp\/v2\/product_cat?post=13899"},{"taxonomy":"product_tag","embeddable":true,"href":"https:\/\/barrsell.com\/en\/wp-json\/wp\/v2\/product_tag?post=13899"}],"curies":[{"name":"wp","href":"https:\/\/api.w.org\/{rel}","templated":true}]}}