{"id":13892,"date":"2024-09-05T08:34:58","date_gmt":"2024-09-05T08:34:58","guid":{"rendered":"https:\/\/barrsell.com\/?post_type=product&#038;p=13892"},"modified":"2025-07-25T12:51:01","modified_gmt":"2025-07-25T12:51:01","slug":"2-kisilik-dis-mekan-saunasi","status":"publish","type":"product","link":"https:\/\/barrsell.com\/en\/product\/2-person-outdoor-sauna\/","title":{"rendered":"Outdoor Sauna for 2 people"},"content":{"rendered":"<div class=\"flex max-w-full flex-col flex-grow\">\n<div class=\"min-h-[20px] text-message flex w-full flex-col items-end gap-2 break-words [.text-message+&amp;]:mt-5 overflow-x-auto whitespace-normal\" dir=\"auto\" data-message-author-role=\"assistant\" data-message-id=\"3b3440d3-9df0-4fdb-bf77-b93eb404c85d\">\n<div class=\"flex w-full flex-col gap-1 empty:hidden first:pt-[3px]\">\n<div class=\"markdown prose w-full break-words dark:prose-invert light\">\n<h2><strong>2 Person Outdoor Sauna<\/strong><\/h2>\n<p>The 2-person outdoor sauna offers compact structures specially designed for both individual and couple use, offering a pleasant sauna experience in touch with nature. They can be used both in home gardens and in larger outdoor spaces. These saunas are suitable for many years of use with their ergonomic seating arrangement and durable material structure. Offering the perfect solution for users seeking health and relaxation, these saunas combine technology and comfort.<\/p>\n<div id=\"attachment_19201\" style=\"width: 1034px\" class=\"wp-caption alignnone\"><a href=\"https:\/\/barrsell.com\/wp-content\/uploads\/2024\/09\/2-kisilik-Dis-Mekan-Saunasi-2.png\"><img fetchpriority=\"high\" decoding=\"async\" aria-describedby=\"caption-attachment-19201\" class=\"wp-image-19201 size-large\" src=\"https:\/\/barrsell.com\/wp-content\/uploads\/2024\/09\/2-kisilik-Dis-Mekan-Saunasi-2-1024x1024.png\" alt=\"\" width=\"1024\" height=\"1024\" srcset=\"https:\/\/barrsell.com\/wp-content\/uploads\/2024\/09\/2-kisilik-Dis-Mekan-Saunasi-2-1024x1024.png 1024w, https:\/\/barrsell.com\/wp-content\/uploads\/2024\/09\/2-kisilik-Dis-Mekan-Saunasi-2-300x300.png 300w, https:\/\/barrsell.com\/wp-content\/uploads\/2024\/09\/2-kisilik-Dis-Mekan-Saunasi-2-150x150.png 150w, https:\/\/barrsell.com\/wp-content\/uploads\/2024\/09\/2-kisilik-Dis-Mekan-Saunasi-2-768x768.png 768w, https:\/\/barrsell.com\/wp-content\/uploads\/2024\/09\/2-kisilik-Dis-Mekan-Saunasi-2-12x12.png 12w, https:\/\/barrsell.com\/wp-content\/uploads\/2024\/09\/2-kisilik-Dis-Mekan-Saunasi-2-600x600.png 600w, https:\/\/barrsell.com\/wp-content\/uploads\/2024\/09\/2-kisilik-Dis-Mekan-Saunasi-2-50x50.png 50w, https:\/\/barrsell.com\/wp-content\/uploads\/2024\/09\/2-kisilik-Dis-Mekan-Saunasi-2-100x100.png 100w, https:\/\/barrsell.com\/wp-content\/uploads\/2024\/09\/2-kisilik-Dis-Mekan-Saunasi-2.png 1200w\" sizes=\"(max-width: 1024px) 100vw, 1024px\" \/><\/a><p id=\"caption-attachment-19201\" class=\"wp-caption-text\">2-person Outdoor Sauna-2<\/p><\/div>\n<\/div>\n<\/div>\n<\/div>\n<\/div>\n<div class=\"mt-1 flex gap-3 empty:hidden -ml-2\">\n<div class=\"items-center justify-start rounded-xl p-1 flex\">\n<h4 class=\"flex items-center\"><strong>Technical Features and Benefits<\/strong><\/h4>\n<p class=\" translation-block\"><strong>Size and Capacity<\/strong> Outdoor saunas for 2 people usually have dimensions of 150 cm x 120 cm and a height of 200 cm. These dimensions offer a large internal volume for two people to sit comfortably. Although it takes up minimal space outdoors, it provides a large usable area indoors. Designed with maximum comfort in mind, with seating for two, ergonomic back rests and foot space.<\/p>\n<p class=\" translation-block\"><strong>Heating Technology: <\/strong>Depending on user preference, they can be equipped with an infrared heating system or a traditional electric stove. Infrared heating creates a detox effect by providing deep sweating even at low temperatures. Traditional saunas, on the other hand, provide a classic sauna experience by offering high temperatures. Both heating systems are optimized for outdoor use. And they work efficiently with low energy consumption.<\/p>\n<p class=\" translation-block\"><strong>High Quality Wood Construction:<\/strong> 2-person outdoor saunas are made from durable wood species such as Canadian cedar, Scandinavian pine or Finnish spruce.  These wood species provide high durability against the harsh conditions of the outdoors. Wood acts as a natural heat insulator and helps to maintain the temperature in the outdoor sauna. In addition, the natural scent and atmosphere provided by the wooden structure makes the sauna experience more enjoyable.<\/p>\n<p class=\" translation-block\"><strong>Energy Efficiency and Fast Heating:<\/strong>Energy efficiency is one of the most important features of the 2-person Outdoor Sauna. Especially Infrared saunas usually consume 1.5-2.5 kW of energy. Traditional saunas, on the other hand, operate with an energy consumption of 3-4 kW. The sauna is optimized for its internal volume and equipped with heating elements. This fast warm-up time makes the sauna practical and economical to use outdoors.<\/p>\n<p class=\" translation-block\"><strong>Digital Control Panel <\/strong> You can control the heating system of the sauna with a modern touchscreen digital panel. You can also adjust the temperature settings and control the duration of use via this panel. Some models also offer the possibility of remote control and control from a mobile phone with Wi-Fi integration. The digital control panel allows the user to personalize the sauna experience and optimizes energy consumption.<\/p>\n<\/div>\n<\/div>","protected":false},"excerpt":{"rendered":"<p class=\" translation-block\">Size 150 cm x 120 cm. 200 cm height.<\/p>","protected":false},"featured_media":14235,"template":"","meta":[],"product_cat":[190,192,223,226,231],"product_tag":[],"class_list":{"0":"post-13892","1":"product","2":"type-product","3":"status-publish","4":"has-post-thumbnail","6":"product_cat-dis-mekan-saunalari","7":"product_cat-2-kisilik-dis-mekan-saunasi","8":"product_cat-sauna-cesitleri","9":"product_cat-infrared-sauna-sauna-cesitleri","10":"product_cat-dis-mekan-saunalar","12":"first","13":"instock","14":"shipping-taxable","15":"product-type-external"},"yoast_head":"<!-- This site is optimized with the Yoast SEO Premium plugin v23.2 (Yoast SEO v23.2) - https:\/\/yoast.com\/wordpress\/plugins\/seo\/ -->\n<title>2 ki\u015filik D\u0131\u015f Mekan Saunas\u0131 | Barrsell End\u00fcstri<\/title>\n<meta name=\"description\" content=\"2 ki\u015filik d\u0131\u015f mekan saunas\u0131 hem bireysel hem de \u00e7iftlerin kullan\u0131m\u0131 i\u00e7in \u00f6zel olarak tasarlanm\u0131\u015f, do\u011fa ile i\u00e7 i\u00e7e keyifli bir sauna deneyimi sunar.\" \/>\n<meta name=\"robots\" content=\"index, follow, max-snippet:-1, max-image-preview:large, max-video-preview:-1\" \/>\n<link rel=\"canonical\" href=\"https:\/\/barrsell.com\/en\/product\/2-person-outdoor-sauna\/\" \/>\n<meta property=\"og:locale\" content=\"en_US\" \/>\n<meta property=\"og:type\" content=\"article\" \/>\n<meta property=\"og:title\" content=\"2 ki\u015filik D\u0131\u015f Mekan Saunas\u0131\" \/>\n<meta property=\"og:description\" content=\"2 ki\u015filik d\u0131\u015f mekan saunas\u0131 hem bireysel hem de \u00e7iftlerin kullan\u0131m\u0131 i\u00e7in \u00f6zel olarak tasarlanm\u0131\u015f, do\u011fa ile i\u00e7 i\u00e7e keyifli bir sauna deneyimi sunar.\" \/>\n<meta property=\"og:url\" content=\"https:\/\/barrsell.com\/en\/product\/2-person-outdoor-sauna\/\" \/>\n<meta property=\"og:site_name\" content=\"Barrsell\" \/>\n<meta property=\"article:modified_time\" content=\"2025-07-25T12:51:01+00:00\" \/>\n<meta property=\"og:image\" content=\"https:\/\/barrsell.com\/wp-content\/uploads\/2024\/09\/2-kisilik-dis-mekan-saunasi-1-1024x1024.png\" \/>\n\t<meta property=\"og:image:width\" content=\"1024\" \/>\n\t<meta property=\"og:image:height\" content=\"1024\" \/>\n\t<meta property=\"og:image:type\" content=\"image\/png\" \/>\n<meta name=\"twitter:card\" content=\"summary_large_image\" \/>\n<meta name=\"twitter:label1\" content=\"Est. reading time\" \/>\n\t<meta name=\"twitter:data1\" content=\"3 minutes\" \/>\n<script type=\"application\/ld+json\" class=\"yoast-schema-graph\">{\"@context\":\"https:\/\/schema.org\",\"@graph\":[{\"@type\":\"WebPage\",\"@id\":\"https:\/\/barrsell.com\/urun\/2-kisilik-dis-mekan-saunasi\/\",\"url\":\"https:\/\/barrsell.com\/urun\/2-kisilik-dis-mekan-saunasi\/\",\"name\":\"2 ki\u015filik D\u0131\u015f Mekan Saunas\u0131 | Barrsell End\u00fcstri\",\"isPartOf\":{\"@id\":\"https:\/\/barrsell.com\/#website\"},\"primaryImageOfPage\":{\"@id\":\"https:\/\/barrsell.com\/urun\/2-kisilik-dis-mekan-saunasi\/#primaryimage\"},\"image\":{\"@id\":\"https:\/\/barrsell.com\/urun\/2-kisilik-dis-mekan-saunasi\/#primaryimage\"},\"thumbnailUrl\":\"https:\/\/barrsell.com\/wp-content\/uploads\/2024\/09\/2-kisilik-dis-mekan-saunasi-1.png\",\"datePublished\":\"2024-09-05T08:34:58+00:00\",\"dateModified\":\"2025-07-25T12:51:01+00:00\",\"description\":\"2 ki\u015filik d\u0131\u015f mekan saunas\u0131 hem bireysel hem de \u00e7iftlerin kullan\u0131m\u0131 i\u00e7in \u00f6zel olarak tasarlanm\u0131\u015f, do\u011fa ile i\u00e7 i\u00e7e keyifli bir sauna deneyimi sunar.\",\"breadcrumb\":{\"@id\":\"https:\/\/barrsell.com\/urun\/2-kisilik-dis-mekan-saunasi\/#breadcrumb\"},\"inLanguage\":\"en-US\",\"potentialAction\":[{\"@type\":\"ReadAction\",\"target\":[\"https:\/\/barrsell.com\/urun\/2-kisilik-dis-mekan-saunasi\/\"]}]},{\"@type\":\"ImageObject\",\"inLanguage\":\"en-US\",\"@id\":\"https:\/\/barrsell.com\/urun\/2-kisilik-dis-mekan-saunasi\/#primaryimage\",\"url\":\"https:\/\/barrsell.com\/wp-content\/uploads\/2024\/09\/2-kisilik-dis-mekan-saunasi-1.png\",\"contentUrl\":\"https:\/\/barrsell.com\/wp-content\/uploads\/2024\/09\/2-kisilik-dis-mekan-saunasi-1.png\",\"width\":1200,\"height\":1200,\"caption\":\"2 ki\u015filik d\u0131\u015f mekan saunas\u0131\"},{\"@type\":\"BreadcrumbList\",\"@id\":\"https:\/\/barrsell.com\/urun\/2-kisilik-dis-mekan-saunasi\/#breadcrumb\",\"itemListElement\":[{\"@type\":\"ListItem\",\"position\":1,\"name\":\"Home\",\"item\":\"https:\/\/barrsell.com\/\"},{\"@type\":\"ListItem\",\"position\":2,\"name\":\"\u00dcr\u00fcnler\",\"item\":\"https:\/\/barrsell.com\/en\/products\/\"},{\"@type\":\"ListItem\",\"position\":3,\"name\":\"2 ki\u015filik D\u0131\u015f Mekan Saunas\u0131\"}]},{\"@type\":\"WebSite\",\"@id\":\"https:\/\/barrsell.com\/#website\",\"url\":\"https:\/\/barrsell.com\/\",\"name\":\"Barrsell End\u00fcstri Makine\",\"description\":\"Teknolojiyle G\u00fc\u00e7lenen End\u00fcstriyel \u00c7\u00f6z\u00fcmler!\",\"potentialAction\":[{\"@type\":\"SearchAction\",\"target\":{\"@type\":\"EntryPoint\",\"urlTemplate\":\"https:\/\/barrsell.com\/?s={search_term_string}\"},\"query-input\":\"required name=search_term_string\"}],\"inLanguage\":\"en-US\"}]}<\/script>\n<!-- \/ Yoast SEO Premium plugin. -->","yoast_head_json":{"title":"2 ki\u015filik D\u0131\u015f Mekan Saunas\u0131 | Barrsell End\u00fcstri","description":"2 ki\u015filik d\u0131\u015f mekan saunas\u0131 hem bireysel hem de \u00e7iftlerin kullan\u0131m\u0131 i\u00e7in \u00f6zel olarak tasarlanm\u0131\u015f, do\u011fa ile i\u00e7 i\u00e7e keyifli bir sauna deneyimi sunar.","robots":{"index":"index","follow":"follow","max-snippet":"max-snippet:-1","max-image-preview":"max-image-preview:large","max-video-preview":"max-video-preview:-1"},"canonical":"https:\/\/barrsell.com\/en\/product\/2-person-outdoor-sauna\/","og_locale":"en_US","og_type":"article","og_title":"2 ki\u015filik D\u0131\u015f Mekan Saunas\u0131","og_description":"2 ki\u015filik d\u0131\u015f mekan saunas\u0131 hem bireysel hem de \u00e7iftlerin kullan\u0131m\u0131 i\u00e7in \u00f6zel olarak tasarlanm\u0131\u015f, do\u011fa ile i\u00e7 i\u00e7e keyifli bir sauna deneyimi sunar.","og_url":"https:\/\/barrsell.com\/en\/product\/2-person-outdoor-sauna\/","og_site_name":"Barrsell","article_modified_time":"2025-07-25T12:51:01+00:00","og_image":[{"width":1024,"height":1024,"url":"https:\/\/barrsell.com\/wp-content\/uploads\/2024\/09\/2-kisilik-dis-mekan-saunasi-1-1024x1024.png","type":"image\/png"}],"twitter_card":"summary_large_image","twitter_misc":{"Est. reading time":"3 minutes"},"schema":{"@context":"https:\/\/schema.org","@graph":[{"@type":"WebPage","@id":"https:\/\/barrsell.com\/urun\/2-kisilik-dis-mekan-saunasi\/","url":"https:\/\/barrsell.com\/urun\/2-kisilik-dis-mekan-saunasi\/","name":"2 ki\u015filik D\u0131\u015f Mekan Saunas\u0131 | Barrsell End\u00fcstri","isPartOf":{"@id":"https:\/\/barrsell.com\/#website"},"primaryImageOfPage":{"@id":"https:\/\/barrsell.com\/urun\/2-kisilik-dis-mekan-saunasi\/#primaryimage"},"image":{"@id":"https:\/\/barrsell.com\/urun\/2-kisilik-dis-mekan-saunasi\/#primaryimage"},"thumbnailUrl":"https:\/\/barrsell.com\/wp-content\/uploads\/2024\/09\/2-kisilik-dis-mekan-saunasi-1.png","datePublished":"2024-09-05T08:34:58+00:00","dateModified":"2025-07-25T12:51:01+00:00","description":"2 ki\u015filik d\u0131\u015f mekan saunas\u0131 hem bireysel hem de \u00e7iftlerin kullan\u0131m\u0131 i\u00e7in \u00f6zel olarak tasarlanm\u0131\u015f, do\u011fa ile i\u00e7 i\u00e7e keyifli bir sauna deneyimi sunar.","breadcrumb":{"@id":"https:\/\/barrsell.com\/urun\/2-kisilik-dis-mekan-saunasi\/#breadcrumb"},"inLanguage":"en-US","potentialAction":[{"@type":"ReadAction","target":["https:\/\/barrsell.com\/urun\/2-kisilik-dis-mekan-saunasi\/"]}]},{"@type":"ImageObject","inLanguage":"en-US","@id":"https:\/\/barrsell.com\/urun\/2-kisilik-dis-mekan-saunasi\/#primaryimage","url":"https:\/\/barrsell.com\/wp-content\/uploads\/2024\/09\/2-kisilik-dis-mekan-saunasi-1.png","contentUrl":"https:\/\/barrsell.com\/wp-content\/uploads\/2024\/09\/2-kisilik-dis-mekan-saunasi-1.png","width":1200,"height":1200,"caption":"2 ki\u015filik d\u0131\u015f mekan saunas\u0131"},{"@type":"BreadcrumbList","@id":"https:\/\/barrsell.com\/urun\/2-kisilik-dis-mekan-saunasi\/#breadcrumb","itemListElement":[{"@type":"ListItem","position":1,"name":"Home","item":"https:\/\/barrsell.com\/"},{"@type":"ListItem","position":2,"name":"\u00dcr\u00fcnler","item":"https:\/\/barrsell.com\/en\/products\/"},{"@type":"ListItem","position":3,"name":"2 ki\u015filik D\u0131\u015f Mekan Saunas\u0131"}]},{"@type":"WebSite","@id":"https:\/\/barrsell.com\/#website","url":"https:\/\/barrsell.com\/","name":"Barrsell End\u00fcstri Makine","description":"Teknolojiyle G\u00fc\u00e7lenen End\u00fcstriyel \u00c7\u00f6z\u00fcmler!","potentialAction":[{"@type":"SearchAction","target":{"@type":"EntryPoint","urlTemplate":"https:\/\/barrsell.com\/?s={search_term_string}"},"query-input":"required name=search_term_string"}],"inLanguage":"en-US"}]}},"_links":{"self":[{"href":"https:\/\/barrsell.com\/en\/wp-json\/wp\/v2\/product\/13892","targetHints":{"allow":["GET"]}}],"collection":[{"href":"https:\/\/barrsell.com\/en\/wp-json\/wp\/v2\/product"}],"about":[{"href":"https:\/\/barrsell.com\/en\/wp-json\/wp\/v2\/types\/product"}],"version-history":[{"count":5,"href":"https:\/\/barrsell.com\/en\/wp-json\/wp\/v2\/product\/13892\/revisions"}],"predecessor-version":[{"id":19203,"href":"https:\/\/barrsell.com\/en\/wp-json\/wp\/v2\/product\/13892\/revisions\/19203"}],"wp:featuredmedia":[{"embeddable":true,"href":"https:\/\/barrsell.com\/en\/wp-json\/wp\/v2\/media\/14235"}],"wp:attachment":[{"href":"https:\/\/barrsell.com\/en\/wp-json\/wp\/v2\/media?parent=13892"}],"wp:term":[{"taxonomy":"product_cat","embeddable":true,"href":"https:\/\/barrsell.com\/en\/wp-json\/wp\/v2\/product_cat?post=13892"},{"taxonomy":"product_tag","embeddable":true,"href":"https:\/\/barrsell.com\/en\/wp-json\/wp\/v2\/product_tag?post=13892"}],"curies":[{"name":"wp","href":"https:\/\/api.w.org\/{rel}","templated":true}]}}