{"id":13888,"date":"2024-09-05T08:28:57","date_gmt":"2024-09-05T08:28:57","guid":{"rendered":"https:\/\/barrsell.com\/?post_type=product&#038;p=13888"},"modified":"2025-07-25T12:51:39","modified_gmt":"2025-07-25T12:51:39","slug":"1-kisilik-dis-mekan-sauna","status":"publish","type":"product","link":"https:\/\/barrsell.com\/en\/product\/1-person-outdoor-sauna\/","title":{"rendered":"1 person Outdoor Sauna"},"content":{"rendered":"<div class=\"flex max-w-full flex-col flex-grow\">\n<div class=\"min-h-[20px] text-message flex w-full flex-col items-end gap-2 break-words [.text-message+&amp;]:mt-5 overflow-x-auto whitespace-normal\" dir=\"auto\" data-message-author-role=\"assistant\" data-message-id=\"5c9dab7c-78c5-42cd-806e-49a72aee780a\">\n<div class=\"flex w-full flex-col gap-1 empty:hidden first:pt-[3px]\">\n<div class=\"markdown prose w-full break-words dark:prose-invert light\">\n<h2><strong>1 Person Outdoor Sauna<\/strong><\/h2>\n<p>1 person Outdoor Saunas are special sauna solutions designed for individual users, occupying minimal space and at the same time suitable for use in a natural environment. It offers a personal spa experience in touch with nature.  Combining the warmth of wood and modern technology, it offers the user a healthy lifestyle. Its small and compact structure allows easy installation from home gardens to large land areas.<\/p>\n<div id=\"attachment_19205\" style=\"width: 1034px\" class=\"wp-caption alignnone\"><a href=\"https:\/\/barrsell.com\/wp-content\/uploads\/2024\/09\/1-kisilik-Dis-Mekan-Saunasi-2.webp\"><img fetchpriority=\"high\" decoding=\"async\" aria-describedby=\"caption-attachment-19205\" class=\"wp-image-19205 size-full\" src=\"https:\/\/barrsell.com\/wp-content\/uploads\/2024\/09\/1-kisilik-Dis-Mekan-Saunasi-2.webp\" alt=\"\" width=\"1024\" height=\"1024\" srcset=\"https:\/\/barrsell.com\/wp-content\/uploads\/2024\/09\/1-kisilik-Dis-Mekan-Saunasi-2.webp 1024w, https:\/\/barrsell.com\/wp-content\/uploads\/2024\/09\/1-kisilik-Dis-Mekan-Saunasi-2-300x300.webp 300w, https:\/\/barrsell.com\/wp-content\/uploads\/2024\/09\/1-kisilik-Dis-Mekan-Saunasi-2-150x150.webp 150w, https:\/\/barrsell.com\/wp-content\/uploads\/2024\/09\/1-kisilik-Dis-Mekan-Saunasi-2-768x768.webp 768w, https:\/\/barrsell.com\/wp-content\/uploads\/2024\/09\/1-kisilik-Dis-Mekan-Saunasi-2-12x12.webp 12w, https:\/\/barrsell.com\/wp-content\/uploads\/2024\/09\/1-kisilik-Dis-Mekan-Saunasi-2-600x600.webp 600w, https:\/\/barrsell.com\/wp-content\/uploads\/2024\/09\/1-kisilik-Dis-Mekan-Saunasi-2-50x50.webp 50w, https:\/\/barrsell.com\/wp-content\/uploads\/2024\/09\/1-kisilik-Dis-Mekan-Saunasi-2-100x100.webp 100w\" sizes=\"(max-width: 1024px) 100vw, 1024px\" \/><\/a><p id=\"caption-attachment-19205\" class=\"wp-caption-text\">Outdoor Sauna-2 for 1 person<\/p><\/div>\n<\/div>\n<\/div>\n<\/div>\n<\/div>\n<div class=\"mt-1 flex gap-3 empty:hidden -ml-2\">\n<div class=\"items-center justify-start rounded-xl p-1 flex\">\n<div class=\"flex items-center\">\n<h3><strong>Technical Features and Benefits<\/strong><\/h3>\n<p class=\" translation-block\"><strong>Size and Capacity:<\/strong>  1 person outdoor saunas are usually 100 cm x 120 cm in size. It has a height of 200 cm. Thanks to this compact structure, they can be easily placed even in small spaces.  It offers a large internal volume to its user. It is equipped with an ergonomic seating area where one person can sit comfortably. Designed for outdoor use, maximum comfort.  It is also resistant to external conditions.<\/p>\n<p class=\" translation-block\"><strong>Infrared or Traditional Heating Options: <\/strong> 1 person outdoor saunas can be installed as infrared or traditional electric heating systems according to the preferences of the users. Infrared saunas provide intense sweating at lower temperatures. Traditional saunas offer an in-depth sauna experience at higher temperatures while relaxing the muscles. You can choose a heating system depending on your preferences. Both options provide efficient performance outdoors.<\/p>\n<p class=\" translation-block\"><strong>Highly Durable Wood Construction:<\/strong> Outdoor saunas<strong> are made of durable wood materials such as <\/strong>Canadian cedar<\/strong> or Scandinavian pine. These wood species provide high insulation and are resistant to harsh weather conditions outdoors. In addition, natural wood offers the user a relaxing and warm atmosphere inside the sauna. With its structure resistant to UV rays and humidity changes, it offers long-lasting use in outdoor conditions.<\/p>\n<p class=\" translation-block\"><strong>Energy Efficiency and Fast Heating:<\/strong> 1 person outdoor saunas are optimized for energy efficiency. Infrared models consume an average of 1.5 kW of energy, while traditional electric models use between 2-3 kW. Thanks to its compact structure, the sauna reaches the desired temperature in about 10-15 minutes. This fast warm-up time makes the sauna more practical and energy-efficient for outdoor use.<\/p>\n<p class=\" translation-block\"><strong>Digital Control and Settings: <\/strong>The 1-person Outdoor sauna is controlled by a modern touchscreen digital panel. Thanks to this panel, users can easily adjust the temperature level, usage time and other features. They can also add extra features such as LED lighting and sound system to the system.<\/p>\n<\/div>\n<\/div>\n<\/div>","protected":false},"excerpt":{"rendered":"<p class=\" translation-block\"><strong>100 cm x 120 cm<\/strong> size. 200 cm height.<\/p>","protected":false},"featured_media":14236,"template":"","meta":[],"product_cat":[190,191,223,226,224,231],"product_tag":[],"class_list":{"0":"post-13888","1":"product","2":"type-product","3":"status-publish","4":"has-post-thumbnail","6":"product_cat-dis-mekan-saunalari","7":"product_cat-1-kisilik-dis-mekan-saunasi","8":"product_cat-sauna-cesitleri","9":"product_cat-infrared-sauna-sauna-cesitleri","10":"product_cat-ozel-tasarim-saunalar","11":"product_cat-dis-mekan-saunalar","13":"first","14":"instock","15":"shipping-taxable","16":"product-type-external"},"yoast_head":"<!-- This site is optimized with the Yoast SEO Premium plugin v23.2 (Yoast SEO v23.2) - https:\/\/yoast.com\/wordpress\/plugins\/seo\/ -->\n<title>1 ki\u015filik D\u0131\u015f Mekan Saunas\u0131 | Barrsell End\u00fcstri<\/title>\n<meta name=\"description\" content=\"1 ki\u015filik D\u0131\u015f Mekan Saunas\u0131 bireysel kullan\u0131c\u0131lar i\u00e7in tasarlanm\u0131\u015f, minimal alan kaplayan, ayn\u0131 zamanda do\u011fal ortamda kullan\u0131ma uygundur.\" \/>\n<meta name=\"robots\" content=\"index, follow, max-snippet:-1, max-image-preview:large, max-video-preview:-1\" \/>\n<link rel=\"canonical\" href=\"https:\/\/barrsell.com\/en\/product\/1-person-outdoor-sauna\/\" \/>\n<meta property=\"og:locale\" content=\"en_US\" \/>\n<meta property=\"og:type\" content=\"article\" \/>\n<meta property=\"og:title\" content=\"1 ki\u015filik D\u0131\u015f Mekan Saunas\u0131\" \/>\n<meta property=\"og:description\" content=\"1 ki\u015filik D\u0131\u015f Mekan Saunas\u0131 bireysel kullan\u0131c\u0131lar i\u00e7in tasarlanm\u0131\u015f, minimal alan kaplayan, ayn\u0131 zamanda do\u011fal ortamda kullan\u0131ma uygundur.\" \/>\n<meta property=\"og:url\" content=\"https:\/\/barrsell.com\/en\/product\/1-person-outdoor-sauna\/\" \/>\n<meta property=\"og:site_name\" content=\"Barrsell\" \/>\n<meta property=\"article:modified_time\" content=\"2025-07-25T12:51:39+00:00\" \/>\n<meta property=\"og:image\" content=\"https:\/\/barrsell.com\/wp-content\/uploads\/2024\/09\/1-kisilik-dis-mekan-saunasi-1024x1024.png\" \/>\n\t<meta property=\"og:image:width\" content=\"1024\" \/>\n\t<meta property=\"og:image:height\" content=\"1024\" \/>\n\t<meta property=\"og:image:type\" content=\"image\/png\" \/>\n<meta name=\"twitter:card\" content=\"summary_large_image\" \/>\n<meta name=\"twitter:label1\" content=\"Est. reading time\" \/>\n\t<meta name=\"twitter:data1\" content=\"3 minutes\" \/>\n<script type=\"application\/ld+json\" class=\"yoast-schema-graph\">{\"@context\":\"https:\/\/schema.org\",\"@graph\":[{\"@type\":\"WebPage\",\"@id\":\"https:\/\/barrsell.com\/urun\/1-kisilik-dis-mekan-sauna\/\",\"url\":\"https:\/\/barrsell.com\/urun\/1-kisilik-dis-mekan-sauna\/\",\"name\":\"1 ki\u015filik D\u0131\u015f Mekan Saunas\u0131 | Barrsell End\u00fcstri\",\"isPartOf\":{\"@id\":\"https:\/\/barrsell.com\/#website\"},\"primaryImageOfPage\":{\"@id\":\"https:\/\/barrsell.com\/urun\/1-kisilik-dis-mekan-sauna\/#primaryimage\"},\"image\":{\"@id\":\"https:\/\/barrsell.com\/urun\/1-kisilik-dis-mekan-sauna\/#primaryimage\"},\"thumbnailUrl\":\"https:\/\/barrsell.com\/wp-content\/uploads\/2024\/09\/1-kisilik-dis-mekan-saunasi.png\",\"datePublished\":\"2024-09-05T08:28:57+00:00\",\"dateModified\":\"2025-07-25T12:51:39+00:00\",\"description\":\"1 ki\u015filik D\u0131\u015f Mekan Saunas\u0131 bireysel kullan\u0131c\u0131lar i\u00e7in tasarlanm\u0131\u015f, minimal alan kaplayan, ayn\u0131 zamanda do\u011fal ortamda kullan\u0131ma uygundur.\",\"breadcrumb\":{\"@id\":\"https:\/\/barrsell.com\/urun\/1-kisilik-dis-mekan-sauna\/#breadcrumb\"},\"inLanguage\":\"en-US\",\"potentialAction\":[{\"@type\":\"ReadAction\",\"target\":[\"https:\/\/barrsell.com\/urun\/1-kisilik-dis-mekan-sauna\/\"]}]},{\"@type\":\"ImageObject\",\"inLanguage\":\"en-US\",\"@id\":\"https:\/\/barrsell.com\/urun\/1-kisilik-dis-mekan-sauna\/#primaryimage\",\"url\":\"https:\/\/barrsell.com\/wp-content\/uploads\/2024\/09\/1-kisilik-dis-mekan-saunasi.png\",\"contentUrl\":\"https:\/\/barrsell.com\/wp-content\/uploads\/2024\/09\/1-kisilik-dis-mekan-saunasi.png\",\"width\":1200,\"height\":1200,\"caption\":\"1 ki\u015filik d\u0131\u015f mekan saunas\u0131\"},{\"@type\":\"BreadcrumbList\",\"@id\":\"https:\/\/barrsell.com\/urun\/1-kisilik-dis-mekan-sauna\/#breadcrumb\",\"itemListElement\":[{\"@type\":\"ListItem\",\"position\":1,\"name\":\"Home\",\"item\":\"https:\/\/barrsell.com\/\"},{\"@type\":\"ListItem\",\"position\":2,\"name\":\"\u00dcr\u00fcnler\",\"item\":\"https:\/\/barrsell.com\/en\/products\/\"},{\"@type\":\"ListItem\",\"position\":3,\"name\":\"1 ki\u015filik D\u0131\u015f Mekan Saunas\u0131\"}]},{\"@type\":\"WebSite\",\"@id\":\"https:\/\/barrsell.com\/#website\",\"url\":\"https:\/\/barrsell.com\/\",\"name\":\"Barrsell End\u00fcstri Makine\",\"description\":\"Teknolojiyle G\u00fc\u00e7lenen End\u00fcstriyel \u00c7\u00f6z\u00fcmler!\",\"potentialAction\":[{\"@type\":\"SearchAction\",\"target\":{\"@type\":\"EntryPoint\",\"urlTemplate\":\"https:\/\/barrsell.com\/?s={search_term_string}\"},\"query-input\":\"required name=search_term_string\"}],\"inLanguage\":\"en-US\"}]}<\/script>\n<!-- \/ Yoast SEO Premium plugin. -->","yoast_head_json":{"title":"1 ki\u015filik D\u0131\u015f Mekan Saunas\u0131 | Barrsell End\u00fcstri","description":"1 ki\u015filik D\u0131\u015f Mekan Saunas\u0131 bireysel kullan\u0131c\u0131lar i\u00e7in tasarlanm\u0131\u015f, minimal alan kaplayan, ayn\u0131 zamanda do\u011fal ortamda kullan\u0131ma uygundur.","robots":{"index":"index","follow":"follow","max-snippet":"max-snippet:-1","max-image-preview":"max-image-preview:large","max-video-preview":"max-video-preview:-1"},"canonical":"https:\/\/barrsell.com\/en\/product\/1-person-outdoor-sauna\/","og_locale":"en_US","og_type":"article","og_title":"1 ki\u015filik D\u0131\u015f Mekan Saunas\u0131","og_description":"1 ki\u015filik D\u0131\u015f Mekan Saunas\u0131 bireysel kullan\u0131c\u0131lar i\u00e7in tasarlanm\u0131\u015f, minimal alan kaplayan, ayn\u0131 zamanda do\u011fal ortamda kullan\u0131ma uygundur.","og_url":"https:\/\/barrsell.com\/en\/product\/1-person-outdoor-sauna\/","og_site_name":"Barrsell","article_modified_time":"2025-07-25T12:51:39+00:00","og_image":[{"width":1024,"height":1024,"url":"https:\/\/barrsell.com\/wp-content\/uploads\/2024\/09\/1-kisilik-dis-mekan-saunasi-1024x1024.png","type":"image\/png"}],"twitter_card":"summary_large_image","twitter_misc":{"Est. reading time":"3 minutes"},"schema":{"@context":"https:\/\/schema.org","@graph":[{"@type":"WebPage","@id":"https:\/\/barrsell.com\/urun\/1-kisilik-dis-mekan-sauna\/","url":"https:\/\/barrsell.com\/urun\/1-kisilik-dis-mekan-sauna\/","name":"1 ki\u015filik D\u0131\u015f Mekan Saunas\u0131 | Barrsell End\u00fcstri","isPartOf":{"@id":"https:\/\/barrsell.com\/#website"},"primaryImageOfPage":{"@id":"https:\/\/barrsell.com\/urun\/1-kisilik-dis-mekan-sauna\/#primaryimage"},"image":{"@id":"https:\/\/barrsell.com\/urun\/1-kisilik-dis-mekan-sauna\/#primaryimage"},"thumbnailUrl":"https:\/\/barrsell.com\/wp-content\/uploads\/2024\/09\/1-kisilik-dis-mekan-saunasi.png","datePublished":"2024-09-05T08:28:57+00:00","dateModified":"2025-07-25T12:51:39+00:00","description":"1 ki\u015filik D\u0131\u015f Mekan Saunas\u0131 bireysel kullan\u0131c\u0131lar i\u00e7in tasarlanm\u0131\u015f, minimal alan kaplayan, ayn\u0131 zamanda do\u011fal ortamda kullan\u0131ma uygundur.","breadcrumb":{"@id":"https:\/\/barrsell.com\/urun\/1-kisilik-dis-mekan-sauna\/#breadcrumb"},"inLanguage":"en-US","potentialAction":[{"@type":"ReadAction","target":["https:\/\/barrsell.com\/urun\/1-kisilik-dis-mekan-sauna\/"]}]},{"@type":"ImageObject","inLanguage":"en-US","@id":"https:\/\/barrsell.com\/urun\/1-kisilik-dis-mekan-sauna\/#primaryimage","url":"https:\/\/barrsell.com\/wp-content\/uploads\/2024\/09\/1-kisilik-dis-mekan-saunasi.png","contentUrl":"https:\/\/barrsell.com\/wp-content\/uploads\/2024\/09\/1-kisilik-dis-mekan-saunasi.png","width":1200,"height":1200,"caption":"1 ki\u015filik d\u0131\u015f mekan saunas\u0131"},{"@type":"BreadcrumbList","@id":"https:\/\/barrsell.com\/urun\/1-kisilik-dis-mekan-sauna\/#breadcrumb","itemListElement":[{"@type":"ListItem","position":1,"name":"Home","item":"https:\/\/barrsell.com\/"},{"@type":"ListItem","position":2,"name":"\u00dcr\u00fcnler","item":"https:\/\/barrsell.com\/en\/products\/"},{"@type":"ListItem","position":3,"name":"1 ki\u015filik D\u0131\u015f Mekan Saunas\u0131"}]},{"@type":"WebSite","@id":"https:\/\/barrsell.com\/#website","url":"https:\/\/barrsell.com\/","name":"Barrsell End\u00fcstri Makine","description":"Teknolojiyle G\u00fc\u00e7lenen End\u00fcstriyel \u00c7\u00f6z\u00fcmler!","potentialAction":[{"@type":"SearchAction","target":{"@type":"EntryPoint","urlTemplate":"https:\/\/barrsell.com\/?s={search_term_string}"},"query-input":"required name=search_term_string"}],"inLanguage":"en-US"}]}},"_links":{"self":[{"href":"https:\/\/barrsell.com\/en\/wp-json\/wp\/v2\/product\/13888","targetHints":{"allow":["GET"]}}],"collection":[{"href":"https:\/\/barrsell.com\/en\/wp-json\/wp\/v2\/product"}],"about":[{"href":"https:\/\/barrsell.com\/en\/wp-json\/wp\/v2\/types\/product"}],"version-history":[{"count":7,"href":"https:\/\/barrsell.com\/en\/wp-json\/wp\/v2\/product\/13888\/revisions"}],"predecessor-version":[{"id":20468,"href":"https:\/\/barrsell.com\/en\/wp-json\/wp\/v2\/product\/13888\/revisions\/20468"}],"wp:featuredmedia":[{"embeddable":true,"href":"https:\/\/barrsell.com\/en\/wp-json\/wp\/v2\/media\/14236"}],"wp:attachment":[{"href":"https:\/\/barrsell.com\/en\/wp-json\/wp\/v2\/media?parent=13888"}],"wp:term":[{"taxonomy":"product_cat","embeddable":true,"href":"https:\/\/barrsell.com\/en\/wp-json\/wp\/v2\/product_cat?post=13888"},{"taxonomy":"product_tag","embeddable":true,"href":"https:\/\/barrsell.com\/en\/wp-json\/wp\/v2\/product_tag?post=13888"}],"curies":[{"name":"wp","href":"https:\/\/api.w.org\/{rel}","templated":true}]}}