{"id":13883,"date":"2024-09-05T08:03:23","date_gmt":"2024-09-05T08:03:23","guid":{"rendered":"https:\/\/barrsell.com\/?post_type=product&#038;p=13883"},"modified":"2024-12-12T12:42:43","modified_gmt":"2024-12-12T12:42:43","slug":"4-kisilik-infrared-sauna","status":"publish","type":"product","link":"https:\/\/barrsell.com\/en\/product\/4-person-infrared-sauna\/","title":{"rendered":"4 person Infrared Sauna"},"content":{"rendered":"<p><strong style=\"color: #1b1919; font-size: 24px;\">4 Person Infrared Sauna<\/strong><\/p>\n<p>The 4-person infrared sauna can be used comfortably by large families or groups of friends at the same time. It is a high performance and energy efficient sauna solution. Thanks to its advanced infrared technology, it offers intense sweating and health benefits at lower temperatures than traditional saunas. The large capacity sauna provides a comfortable experience both at home and in spa and wellness centers. It also stands out with its modern and stylish design.<\/p>\n<div id=\"attachment_19208\" style=\"width: 1034px\" class=\"wp-caption alignnone\"><a href=\"https:\/\/barrsell.com\/wp-content\/uploads\/2024\/09\/4-kisilik-Infrared-Sauna-2.webp\"><img fetchpriority=\"high\" decoding=\"async\" aria-describedby=\"caption-attachment-19208\" class=\"wp-image-19208 size-full\" src=\"https:\/\/barrsell.com\/wp-content\/uploads\/2024\/09\/4-kisilik-Infrared-Sauna-2.webp\" alt=\"\" width=\"1024\" height=\"1024\" srcset=\"https:\/\/barrsell.com\/wp-content\/uploads\/2024\/09\/4-kisilik-Infrared-Sauna-2.webp 1024w, https:\/\/barrsell.com\/wp-content\/uploads\/2024\/09\/4-kisilik-Infrared-Sauna-2-300x300.webp 300w, https:\/\/barrsell.com\/wp-content\/uploads\/2024\/09\/4-kisilik-Infrared-Sauna-2-150x150.webp 150w, https:\/\/barrsell.com\/wp-content\/uploads\/2024\/09\/4-kisilik-Infrared-Sauna-2-768x768.webp 768w, https:\/\/barrsell.com\/wp-content\/uploads\/2024\/09\/4-kisilik-Infrared-Sauna-2-12x12.webp 12w, https:\/\/barrsell.com\/wp-content\/uploads\/2024\/09\/4-kisilik-Infrared-Sauna-2-600x600.webp 600w, https:\/\/barrsell.com\/wp-content\/uploads\/2024\/09\/4-kisilik-Infrared-Sauna-2-50x50.webp 50w, https:\/\/barrsell.com\/wp-content\/uploads\/2024\/09\/4-kisilik-Infrared-Sauna-2-100x100.webp 100w\" sizes=\"(max-width: 1024px) 100vw, 1024px\" \/><\/a><p id=\"caption-attachment-19208\" class=\"wp-caption-text\">4-person Infrared Sauna-2<\/p><\/div>\n<h4><strong>Technical Specifications and Advantages<\/strong><\/h4>\n<p class=\" translation-block\"><strong>Size and Capacity:<\/strong> 4-person infrared saunas are generally between 180 cm x 180 cm and 200 cm x 200 cm. With an average height of 200 cm, it offers a large internal volume to its users. There are large and ergonomic seating areas where 4 people can sit comfortably. It provides both a comfortable and spacious sauna experience. This spacious interior space makes it easy for users to interact socially with each other.<\/p>\n<p class=\" translation-block\"><strong>Infrared Heating Panels: <\/strong>carbon fiber or ceramic infrared panels are usually used in 4 person saunas.<strong>Carbon fiber panels <strong>provide a more homogeneous and in-depth heat dissipation by offering a large surface area. These heaters process the body surface under the skin, not with long wavelengths that penetrate directly into the tissues. This helps to relieve muscle and joint pain, speed up blood circulation and improve. Even with four-person use, it ensures that each user is exposed to heat equally. Panels are strategically placed.<\/p>\n<p class=\" translation-block\"><strong>Energy Efficiency<\/strong>: These large capacity infrared saunas consume about 2.5 kW to 3.5 kW. It works at lower temperatures (40\u00b0C \u2013 65\u00b0C) compared to traditional saunas, offering the same sweating and relaxation effect. They offer high performance with low energy consumption.  Keeps electricity costs to a minimum even with long-term use. Energy efficiency is a huge advantage, especially for families and commercial users.<\/p>\n<p class=\" translation-block\">Digital Control and Setting Options: 4-seater infrared saunas are equipped with touch digital control panels. Thanks to these panels, you can easily adjust features such as temperature, duration of use, LED lighting and color therapy. In addition, each user in the sauna can check the settings according to their personal needs. Some models also feature technologies such as Bluetooth connectivity and an integrated audio system.<\/p>","protected":false},"excerpt":{"rendered":"<p>180 cm x 180 cm size.  200 cm x 200 cm height.<\/p>","protected":false},"featured_media":14247,"template":"","meta":[],"product_cat":[180,189,223,226],"product_tag":[],"class_list":{"0":"post-13883","1":"product","2":"type-product","3":"status-publish","4":"has-post-thumbnail","6":"product_cat-infrared-saunalar-infrared-saunalar","7":"product_cat-4-kisilik-infrared-sauna","8":"product_cat-sauna-cesitleri","9":"product_cat-infrared-sauna-sauna-cesitleri","11":"first","12":"instock","13":"shipping-taxable","14":"product-type-external"},"yoast_head":"<!-- This site is optimized with the Yoast SEO Premium plugin v23.2 (Yoast SEO v23.2) - https:\/\/yoast.com\/wordpress\/plugins\/seo\/ -->\n<title>4 ki\u015filik \u0130nfrared Sauna | Barrsell End\u00fcstri<\/title>\n<meta name=\"description\" content=\"4 ki\u015filik infrared sauna, geni\u015f ailelerin ya da arkada\u015f gruplar\u0131n\u0131n ayn\u0131 anda rahat bir \u015fekilde kullanabilece\u011fi, y\u00fcksek performansl\u0131 ve enerji verimli.\" \/>\n<meta name=\"robots\" content=\"index, follow, max-snippet:-1, max-image-preview:large, max-video-preview:-1\" \/>\n<link rel=\"canonical\" href=\"https:\/\/barrsell.com\/en\/product\/4-person-infrared-sauna\/\" \/>\n<meta property=\"og:locale\" content=\"en_US\" \/>\n<meta property=\"og:type\" content=\"article\" \/>\n<meta property=\"og:title\" content=\"4 ki\u015filik \u0130nfrared Sauna\" \/>\n<meta property=\"og:description\" content=\"4 ki\u015filik infrared sauna, geni\u015f ailelerin ya da arkada\u015f gruplar\u0131n\u0131n ayn\u0131 anda rahat bir \u015fekilde kullanabilece\u011fi, y\u00fcksek performansl\u0131 ve enerji verimli.\" \/>\n<meta property=\"og:url\" content=\"https:\/\/barrsell.com\/en\/product\/4-person-infrared-sauna\/\" \/>\n<meta property=\"og:site_name\" content=\"Barrsell\" \/>\n<meta property=\"article:modified_time\" content=\"2024-12-12T12:42:43+00:00\" \/>\n<meta property=\"og:image\" content=\"https:\/\/barrsell.com\/wp-content\/uploads\/2024\/09\/4-kisilik-infrared-sauna-1.png\" \/>\n\t<meta property=\"og:image:width\" content=\"1200\" \/>\n\t<meta property=\"og:image:height\" content=\"1200\" \/>\n\t<meta property=\"og:image:type\" content=\"image\/png\" \/>\n<meta name=\"twitter:card\" content=\"summary_large_image\" \/>\n<meta name=\"twitter:label1\" content=\"Est. reading time\" \/>\n\t<meta name=\"twitter:data1\" content=\"3 minutes\" \/>\n<script type=\"application\/ld+json\" class=\"yoast-schema-graph\">{\"@context\":\"https:\/\/schema.org\",\"@graph\":[{\"@type\":\"WebPage\",\"@id\":\"https:\/\/barrsell.com\/urun\/4-kisilik-infrared-sauna\/\",\"url\":\"https:\/\/barrsell.com\/urun\/4-kisilik-infrared-sauna\/\",\"name\":\"4 ki\u015filik \u0130nfrared Sauna | Barrsell End\u00fcstri\",\"isPartOf\":{\"@id\":\"https:\/\/barrsell.com\/#website\"},\"primaryImageOfPage\":{\"@id\":\"https:\/\/barrsell.com\/urun\/4-kisilik-infrared-sauna\/#primaryimage\"},\"image\":{\"@id\":\"https:\/\/barrsell.com\/urun\/4-kisilik-infrared-sauna\/#primaryimage\"},\"thumbnailUrl\":\"https:\/\/barrsell.com\/wp-content\/uploads\/2024\/09\/4-kisilik-infrared-sauna-1.png\",\"datePublished\":\"2024-09-05T08:03:23+00:00\",\"dateModified\":\"2024-12-12T12:42:43+00:00\",\"description\":\"4 ki\u015filik infrared sauna, geni\u015f ailelerin ya da arkada\u015f gruplar\u0131n\u0131n ayn\u0131 anda rahat bir \u015fekilde kullanabilece\u011fi, y\u00fcksek performansl\u0131 ve enerji verimli.\",\"breadcrumb\":{\"@id\":\"https:\/\/barrsell.com\/urun\/4-kisilik-infrared-sauna\/#breadcrumb\"},\"inLanguage\":\"en-US\",\"potentialAction\":[{\"@type\":\"ReadAction\",\"target\":[\"https:\/\/barrsell.com\/urun\/4-kisilik-infrared-sauna\/\"]}]},{\"@type\":\"ImageObject\",\"inLanguage\":\"en-US\",\"@id\":\"https:\/\/barrsell.com\/urun\/4-kisilik-infrared-sauna\/#primaryimage\",\"url\":\"https:\/\/barrsell.com\/wp-content\/uploads\/2024\/09\/4-kisilik-infrared-sauna-1.png\",\"contentUrl\":\"https:\/\/barrsell.com\/wp-content\/uploads\/2024\/09\/4-kisilik-infrared-sauna-1.png\",\"width\":1200,\"height\":1200,\"caption\":\"4 ki\u015filik infrared sauna-1\"},{\"@type\":\"BreadcrumbList\",\"@id\":\"https:\/\/barrsell.com\/urun\/4-kisilik-infrared-sauna\/#breadcrumb\",\"itemListElement\":[{\"@type\":\"ListItem\",\"position\":1,\"name\":\"Home\",\"item\":\"https:\/\/barrsell.com\/\"},{\"@type\":\"ListItem\",\"position\":2,\"name\":\"\u00dcr\u00fcnler\",\"item\":\"https:\/\/barrsell.com\/en\/products\/\"},{\"@type\":\"ListItem\",\"position\":3,\"name\":\"4 ki\u015filik \u0130nfrared Sauna\"}]},{\"@type\":\"WebSite\",\"@id\":\"https:\/\/barrsell.com\/#website\",\"url\":\"https:\/\/barrsell.com\/\",\"name\":\"Barrsell End\u00fcstri Makine\",\"description\":\"Teknolojiyle G\u00fc\u00e7lenen End\u00fcstriyel \u00c7\u00f6z\u00fcmler!\",\"potentialAction\":[{\"@type\":\"SearchAction\",\"target\":{\"@type\":\"EntryPoint\",\"urlTemplate\":\"https:\/\/barrsell.com\/?s={search_term_string}\"},\"query-input\":\"required name=search_term_string\"}],\"inLanguage\":\"en-US\"}]}<\/script>\n<!-- \/ Yoast SEO Premium plugin. -->","yoast_head_json":{"title":"4 ki\u015filik \u0130nfrared Sauna | Barrsell End\u00fcstri","description":"4 ki\u015filik infrared sauna, geni\u015f ailelerin ya da arkada\u015f gruplar\u0131n\u0131n ayn\u0131 anda rahat bir \u015fekilde kullanabilece\u011fi, y\u00fcksek performansl\u0131 ve enerji verimli.","robots":{"index":"index","follow":"follow","max-snippet":"max-snippet:-1","max-image-preview":"max-image-preview:large","max-video-preview":"max-video-preview:-1"},"canonical":"https:\/\/barrsell.com\/en\/product\/4-person-infrared-sauna\/","og_locale":"en_US","og_type":"article","og_title":"4 ki\u015filik \u0130nfrared Sauna","og_description":"4 ki\u015filik infrared sauna, geni\u015f ailelerin ya da arkada\u015f gruplar\u0131n\u0131n ayn\u0131 anda rahat bir \u015fekilde kullanabilece\u011fi, y\u00fcksek performansl\u0131 ve enerji verimli.","og_url":"https:\/\/barrsell.com\/en\/product\/4-person-infrared-sauna\/","og_site_name":"Barrsell","article_modified_time":"2024-12-12T12:42:43+00:00","og_image":[{"width":1200,"height":1200,"url":"https:\/\/barrsell.com\/wp-content\/uploads\/2024\/09\/4-kisilik-infrared-sauna-1.png","type":"image\/png"}],"twitter_card":"summary_large_image","twitter_misc":{"Est. reading time":"3 minutes"},"schema":{"@context":"https:\/\/schema.org","@graph":[{"@type":"WebPage","@id":"https:\/\/barrsell.com\/urun\/4-kisilik-infrared-sauna\/","url":"https:\/\/barrsell.com\/urun\/4-kisilik-infrared-sauna\/","name":"4 ki\u015filik \u0130nfrared Sauna | Barrsell End\u00fcstri","isPartOf":{"@id":"https:\/\/barrsell.com\/#website"},"primaryImageOfPage":{"@id":"https:\/\/barrsell.com\/urun\/4-kisilik-infrared-sauna\/#primaryimage"},"image":{"@id":"https:\/\/barrsell.com\/urun\/4-kisilik-infrared-sauna\/#primaryimage"},"thumbnailUrl":"https:\/\/barrsell.com\/wp-content\/uploads\/2024\/09\/4-kisilik-infrared-sauna-1.png","datePublished":"2024-09-05T08:03:23+00:00","dateModified":"2024-12-12T12:42:43+00:00","description":"4 ki\u015filik infrared sauna, geni\u015f ailelerin ya da arkada\u015f gruplar\u0131n\u0131n ayn\u0131 anda rahat bir \u015fekilde kullanabilece\u011fi, y\u00fcksek performansl\u0131 ve enerji verimli.","breadcrumb":{"@id":"https:\/\/barrsell.com\/urun\/4-kisilik-infrared-sauna\/#breadcrumb"},"inLanguage":"en-US","potentialAction":[{"@type":"ReadAction","target":["https:\/\/barrsell.com\/urun\/4-kisilik-infrared-sauna\/"]}]},{"@type":"ImageObject","inLanguage":"en-US","@id":"https:\/\/barrsell.com\/urun\/4-kisilik-infrared-sauna\/#primaryimage","url":"https:\/\/barrsell.com\/wp-content\/uploads\/2024\/09\/4-kisilik-infrared-sauna-1.png","contentUrl":"https:\/\/barrsell.com\/wp-content\/uploads\/2024\/09\/4-kisilik-infrared-sauna-1.png","width":1200,"height":1200,"caption":"4 ki\u015filik infrared sauna-1"},{"@type":"BreadcrumbList","@id":"https:\/\/barrsell.com\/urun\/4-kisilik-infrared-sauna\/#breadcrumb","itemListElement":[{"@type":"ListItem","position":1,"name":"Home","item":"https:\/\/barrsell.com\/"},{"@type":"ListItem","position":2,"name":"\u00dcr\u00fcnler","item":"https:\/\/barrsell.com\/en\/products\/"},{"@type":"ListItem","position":3,"name":"4 ki\u015filik \u0130nfrared Sauna"}]},{"@type":"WebSite","@id":"https:\/\/barrsell.com\/#website","url":"https:\/\/barrsell.com\/","name":"Barrsell End\u00fcstri Makine","description":"Teknolojiyle G\u00fc\u00e7lenen End\u00fcstriyel \u00c7\u00f6z\u00fcmler!","potentialAction":[{"@type":"SearchAction","target":{"@type":"EntryPoint","urlTemplate":"https:\/\/barrsell.com\/?s={search_term_string}"},"query-input":"required name=search_term_string"}],"inLanguage":"en-US"}]}},"_links":{"self":[{"href":"https:\/\/barrsell.com\/en\/wp-json\/wp\/v2\/product\/13883","targetHints":{"allow":["GET"]}}],"collection":[{"href":"https:\/\/barrsell.com\/en\/wp-json\/wp\/v2\/product"}],"about":[{"href":"https:\/\/barrsell.com\/en\/wp-json\/wp\/v2\/types\/product"}],"version-history":[{"count":6,"href":"https:\/\/barrsell.com\/en\/wp-json\/wp\/v2\/product\/13883\/revisions"}],"predecessor-version":[{"id":19211,"href":"https:\/\/barrsell.com\/en\/wp-json\/wp\/v2\/product\/13883\/revisions\/19211"}],"wp:featuredmedia":[{"embeddable":true,"href":"https:\/\/barrsell.com\/en\/wp-json\/wp\/v2\/media\/14247"}],"wp:attachment":[{"href":"https:\/\/barrsell.com\/en\/wp-json\/wp\/v2\/media?parent=13883"}],"wp:term":[{"taxonomy":"product_cat","embeddable":true,"href":"https:\/\/barrsell.com\/en\/wp-json\/wp\/v2\/product_cat?post=13883"},{"taxonomy":"product_tag","embeddable":true,"href":"https:\/\/barrsell.com\/en\/wp-json\/wp\/v2\/product_tag?post=13883"}],"curies":[{"name":"wp","href":"https:\/\/api.w.org\/{rel}","templated":true}]}}