{"id":13785,"date":"2024-09-02T13:35:03","date_gmt":"2024-09-02T13:35:03","guid":{"rendered":"https:\/\/barrsell.com\/?post_type=product&#038;p=13785"},"modified":"2025-08-13T11:34:01","modified_gmt":"2025-08-13T11:34:01","slug":"artize-macera-dusu-iv6","status":"publish","type":"product","link":"https:\/\/barrsell.com\/en\/product\/artize-adventure-shower-iv6\/","title":{"rendered":"Artica Adventure Shower Iv6"},"content":{"rendered":"<h3>Artisans Adventure Shower IV6<\/h3>\n<p class=\" translation-block\"><strong>Artize Adventure Shower IV6<\/strong> offers an ideal solution for modern bathrooms with its innovative design and superior technological features. This unique product also aims to bring users shower experience beyond an ordinary cleaning routine, offering spa-quality pleasure. Here are the highlights and advantages of the adventure shower:<\/p>\n<div id=\"attachment_19221\" style=\"width: 1034px\" class=\"wp-caption aligncenter\"><a href=\"https:\/\/barrsell.com\/wp-content\/uploads\/2024\/09\/Artize-Macera-Dusu-Iv6-3.png\"><img fetchpriority=\"high\" decoding=\"async\" aria-describedby=\"caption-attachment-19221\" class=\"wp-image-19221 size-large\" src=\"https:\/\/barrsell.com\/wp-content\/uploads\/2024\/09\/Artize-Macera-Dusu-Iv6-3-1024x1024.png\" alt=\"\" width=\"1024\" height=\"1024\" srcset=\"https:\/\/barrsell.com\/wp-content\/uploads\/2024\/09\/Artize-Macera-Dusu-Iv6-3-1024x1024.png 1024w, https:\/\/barrsell.com\/wp-content\/uploads\/2024\/09\/Artize-Macera-Dusu-Iv6-3-300x300.png 300w, https:\/\/barrsell.com\/wp-content\/uploads\/2024\/09\/Artize-Macera-Dusu-Iv6-3-150x150.png 150w, https:\/\/barrsell.com\/wp-content\/uploads\/2024\/09\/Artize-Macera-Dusu-Iv6-3-768x768.png 768w, https:\/\/barrsell.com\/wp-content\/uploads\/2024\/09\/Artize-Macera-Dusu-Iv6-3-12x12.png 12w, https:\/\/barrsell.com\/wp-content\/uploads\/2024\/09\/Artize-Macera-Dusu-Iv6-3-600x600.png 600w, https:\/\/barrsell.com\/wp-content\/uploads\/2024\/09\/Artize-Macera-Dusu-Iv6-3-50x50.png 50w, https:\/\/barrsell.com\/wp-content\/uploads\/2024\/09\/Artize-Macera-Dusu-Iv6-3-100x100.png 100w, https:\/\/barrsell.com\/wp-content\/uploads\/2024\/09\/Artize-Macera-Dusu-Iv6-3.png 1200w\" sizes=\"(max-width: 1024px) 100vw, 1024px\" \/><\/a><p id=\"caption-attachment-19221\" class=\"wp-caption-text\">Artifice Adventure Shower Iv6-3<\/p><\/div>\n<h4><strong>Technical Specifications<\/strong><\/h4>\n<p class=\" translation-block\"><strong>Smart Water Management <\/strong><br>\nThe IV6 is equipped with an intelligent system that precisely controls the water flow and temperature. In this way, water is saved, while maximum comfort is offered for users.<\/p>\n<p><strong>Multifunctional Water Outlets:<\/strong><\/p>\n<p class=\" translation-block\"><strong>Rain Effect:<\/strong> Large area water outlet with a natural rain feeling.<\/p>\n<p class=\" translation-block\"><strong>Massage Jets:<\/strong> Iv6, massage function that relaxes the body with high-pressure jets.<\/p>\n<p class=\" translation-block\"><strong>Sis Mode:<\/strong> Moisturizes the skin, creating a soft misting sensation.<\/p>\n<p><strong>Durable Material and Aesthetic Design:<\/strong><\/p>\n<p>The combination of IV6 stainless steel and tempered glass additionally gives the product both a long life and a stylish look. Especially UV-resistant coating prevents color fading and material wear.<\/p>\n<p class=\" translation-block\"><strong>LED Lighting and Chromatherapy:<\/strong>br&lt;\nColorful LED lights create an atmosphere that suits the mood of users. In addition, Iv6 provides physical and mental relaxation with the function of chromatherapy.<\/p>\n<p class=\" translation-block\"><strong>Touch Panel For Easy Operation:<\/strong><br>\nThanks to the user-friendly touch screen, you can easily control the temperature and also the water flow and light settings.<\/p>\n<p class=\" translation-block\"><strong>Integrated Bluetooth Audio System:<\/strong><br>\nArtize Adventure Shower is equipped with high quality Bluetooth speakers to enhance your shower enjoyment. And so you can add energy to your day by listening to the music you love.<\/p>","protected":false},"excerpt":{"rendered":"<ul>\n<li>Rain Effect<\/li>\n<li>Massage Jets<\/li>\n<li>Fog Mode<\/li>\n<\/ul>","protected":false},"featured_media":13790,"template":"","meta":[],"product_cat":[108,196],"product_tag":[],"class_list":{"0":"post-13785","1":"product","2":"type-product","3":"status-publish","4":"has-post-thumbnail","6":"product_cat-dus-sistemleri","7":"product_cat-macera-duslari","9":"first","10":"instock","11":"shipping-taxable","12":"product-type-external"},"yoast_head":"<!-- This site is optimized with the Yoast SEO Premium plugin v23.2 (Yoast SEO v23.2) - https:\/\/yoast.com\/wordpress\/plugins\/seo\/ -->\n<title>Art\u0131ze Macera Du\u015fu Iv6 | Barrsell End\u00fcstri<\/title>\n<meta name=\"description\" content=\"Art\u0131ze Macera Du\u015fu IV6, yenilik\u00e7i tasar\u0131m\u0131 ve \u00fcst\u00fcn teknolojik \u00f6zellikleriyle modern banyolar i\u00e7in ideal bir \u00e7\u00f6z\u00fcm sunar.\" \/>\n<meta name=\"robots\" content=\"index, follow, max-snippet:-1, max-image-preview:large, max-video-preview:-1\" \/>\n<link rel=\"canonical\" href=\"https:\/\/barrsell.com\/en\/product\/artize-adventure-shower-iv6\/\" \/>\n<meta property=\"og:locale\" content=\"en_US\" \/>\n<meta property=\"og:type\" content=\"article\" \/>\n<meta property=\"og:title\" content=\"Art\u0131ze Macera Du\u015fu Iv6\" \/>\n<meta property=\"og:description\" content=\"Art\u0131ze Macera Du\u015fu IV6, yenilik\u00e7i tasar\u0131m\u0131 ve \u00fcst\u00fcn teknolojik \u00f6zellikleriyle modern banyolar i\u00e7in ideal bir \u00e7\u00f6z\u00fcm sunar.\" \/>\n<meta property=\"og:url\" content=\"https:\/\/barrsell.com\/en\/product\/artize-adventure-shower-iv6\/\" \/>\n<meta property=\"og:site_name\" content=\"Barrsell\" \/>\n<meta property=\"article:modified_time\" content=\"2025-08-13T11:34:01+00:00\" \/>\n<meta property=\"og:image\" content=\"https:\/\/barrsell.com\/wp-content\/uploads\/2024\/09\/Artize-Macera-Dusu-Iv6.png\" \/>\n\t<meta property=\"og:image:width\" content=\"1200\" \/>\n\t<meta property=\"og:image:height\" content=\"1200\" \/>\n\t<meta property=\"og:image:type\" content=\"image\/png\" \/>\n<meta name=\"twitter:card\" content=\"summary_large_image\" \/>\n<meta name=\"twitter:label1\" content=\"Est. reading time\" \/>\n\t<meta name=\"twitter:data1\" content=\"2 minutes\" \/>\n<script type=\"application\/ld+json\" class=\"yoast-schema-graph\">{\"@context\":\"https:\/\/schema.org\",\"@graph\":[{\"@type\":\"WebPage\",\"@id\":\"https:\/\/barrsell.com\/urun\/artize-macera-dusu-iv6\/\",\"url\":\"https:\/\/barrsell.com\/urun\/artize-macera-dusu-iv6\/\",\"name\":\"Art\u0131ze Macera Du\u015fu Iv6 | Barrsell End\u00fcstri\",\"isPartOf\":{\"@id\":\"https:\/\/barrsell.com\/#website\"},\"primaryImageOfPage\":{\"@id\":\"https:\/\/barrsell.com\/urun\/artize-macera-dusu-iv6\/#primaryimage\"},\"image\":{\"@id\":\"https:\/\/barrsell.com\/urun\/artize-macera-dusu-iv6\/#primaryimage\"},\"thumbnailUrl\":\"https:\/\/barrsell.com\/wp-content\/uploads\/2024\/09\/Artize-Macera-Dusu-Iv6.png\",\"datePublished\":\"2024-09-02T13:35:03+00:00\",\"dateModified\":\"2025-08-13T11:34:01+00:00\",\"description\":\"Art\u0131ze Macera Du\u015fu IV6, yenilik\u00e7i tasar\u0131m\u0131 ve \u00fcst\u00fcn teknolojik \u00f6zellikleriyle modern banyolar i\u00e7in ideal bir \u00e7\u00f6z\u00fcm sunar.\",\"breadcrumb\":{\"@id\":\"https:\/\/barrsell.com\/urun\/artize-macera-dusu-iv6\/#breadcrumb\"},\"inLanguage\":\"en-US\",\"potentialAction\":[{\"@type\":\"ReadAction\",\"target\":[\"https:\/\/barrsell.com\/urun\/artize-macera-dusu-iv6\/\"]}]},{\"@type\":\"ImageObject\",\"inLanguage\":\"en-US\",\"@id\":\"https:\/\/barrsell.com\/urun\/artize-macera-dusu-iv6\/#primaryimage\",\"url\":\"https:\/\/barrsell.com\/wp-content\/uploads\/2024\/09\/Artize-Macera-Dusu-Iv6.png\",\"contentUrl\":\"https:\/\/barrsell.com\/wp-content\/uploads\/2024\/09\/Artize-Macera-Dusu-Iv6.png\",\"width\":1200,\"height\":1200,\"caption\":\"Art\u0131ze Macera Du\u015fu Iv6\"},{\"@type\":\"BreadcrumbList\",\"@id\":\"https:\/\/barrsell.com\/urun\/artize-macera-dusu-iv6\/#breadcrumb\",\"itemListElement\":[{\"@type\":\"ListItem\",\"position\":1,\"name\":\"Home\",\"item\":\"https:\/\/barrsell.com\/\"},{\"@type\":\"ListItem\",\"position\":2,\"name\":\"\u00dcr\u00fcnler\",\"item\":\"https:\/\/barrsell.com\/en\/products\/\"},{\"@type\":\"ListItem\",\"position\":3,\"name\":\"Art\u0131ze Macera Du\u015fu Iv6\"}]},{\"@type\":\"WebSite\",\"@id\":\"https:\/\/barrsell.com\/#website\",\"url\":\"https:\/\/barrsell.com\/\",\"name\":\"Barrsell End\u00fcstri Makine\",\"description\":\"Teknolojiyle G\u00fc\u00e7lenen End\u00fcstriyel \u00c7\u00f6z\u00fcmler!\",\"potentialAction\":[{\"@type\":\"SearchAction\",\"target\":{\"@type\":\"EntryPoint\",\"urlTemplate\":\"https:\/\/barrsell.com\/?s={search_term_string}\"},\"query-input\":\"required name=search_term_string\"}],\"inLanguage\":\"en-US\"}]}<\/script>\n<!-- \/ Yoast SEO Premium plugin. -->","yoast_head_json":{"title":"Art\u0131ze Macera Du\u015fu Iv6 | Barrsell End\u00fcstri","description":"Art\u0131ze Macera Du\u015fu IV6, yenilik\u00e7i tasar\u0131m\u0131 ve \u00fcst\u00fcn teknolojik \u00f6zellikleriyle modern banyolar i\u00e7in ideal bir \u00e7\u00f6z\u00fcm sunar.","robots":{"index":"index","follow":"follow","max-snippet":"max-snippet:-1","max-image-preview":"max-image-preview:large","max-video-preview":"max-video-preview:-1"},"canonical":"https:\/\/barrsell.com\/en\/product\/artize-adventure-shower-iv6\/","og_locale":"en_US","og_type":"article","og_title":"Art\u0131ze Macera Du\u015fu Iv6","og_description":"Art\u0131ze Macera Du\u015fu IV6, yenilik\u00e7i tasar\u0131m\u0131 ve \u00fcst\u00fcn teknolojik \u00f6zellikleriyle modern banyolar i\u00e7in ideal bir \u00e7\u00f6z\u00fcm sunar.","og_url":"https:\/\/barrsell.com\/en\/product\/artize-adventure-shower-iv6\/","og_site_name":"Barrsell","article_modified_time":"2025-08-13T11:34:01+00:00","og_image":[{"width":1200,"height":1200,"url":"https:\/\/barrsell.com\/wp-content\/uploads\/2024\/09\/Artize-Macera-Dusu-Iv6.png","type":"image\/png"}],"twitter_card":"summary_large_image","twitter_misc":{"Est. reading time":"2 minutes"},"schema":{"@context":"https:\/\/schema.org","@graph":[{"@type":"WebPage","@id":"https:\/\/barrsell.com\/urun\/artize-macera-dusu-iv6\/","url":"https:\/\/barrsell.com\/urun\/artize-macera-dusu-iv6\/","name":"Art\u0131ze Macera Du\u015fu Iv6 | Barrsell End\u00fcstri","isPartOf":{"@id":"https:\/\/barrsell.com\/#website"},"primaryImageOfPage":{"@id":"https:\/\/barrsell.com\/urun\/artize-macera-dusu-iv6\/#primaryimage"},"image":{"@id":"https:\/\/barrsell.com\/urun\/artize-macera-dusu-iv6\/#primaryimage"},"thumbnailUrl":"https:\/\/barrsell.com\/wp-content\/uploads\/2024\/09\/Artize-Macera-Dusu-Iv6.png","datePublished":"2024-09-02T13:35:03+00:00","dateModified":"2025-08-13T11:34:01+00:00","description":"Art\u0131ze Macera Du\u015fu IV6, yenilik\u00e7i tasar\u0131m\u0131 ve \u00fcst\u00fcn teknolojik \u00f6zellikleriyle modern banyolar i\u00e7in ideal bir \u00e7\u00f6z\u00fcm sunar.","breadcrumb":{"@id":"https:\/\/barrsell.com\/urun\/artize-macera-dusu-iv6\/#breadcrumb"},"inLanguage":"en-US","potentialAction":[{"@type":"ReadAction","target":["https:\/\/barrsell.com\/urun\/artize-macera-dusu-iv6\/"]}]},{"@type":"ImageObject","inLanguage":"en-US","@id":"https:\/\/barrsell.com\/urun\/artize-macera-dusu-iv6\/#primaryimage","url":"https:\/\/barrsell.com\/wp-content\/uploads\/2024\/09\/Artize-Macera-Dusu-Iv6.png","contentUrl":"https:\/\/barrsell.com\/wp-content\/uploads\/2024\/09\/Artize-Macera-Dusu-Iv6.png","width":1200,"height":1200,"caption":"Art\u0131ze Macera Du\u015fu Iv6"},{"@type":"BreadcrumbList","@id":"https:\/\/barrsell.com\/urun\/artize-macera-dusu-iv6\/#breadcrumb","itemListElement":[{"@type":"ListItem","position":1,"name":"Home","item":"https:\/\/barrsell.com\/"},{"@type":"ListItem","position":2,"name":"\u00dcr\u00fcnler","item":"https:\/\/barrsell.com\/en\/products\/"},{"@type":"ListItem","position":3,"name":"Art\u0131ze Macera Du\u015fu Iv6"}]},{"@type":"WebSite","@id":"https:\/\/barrsell.com\/#website","url":"https:\/\/barrsell.com\/","name":"Barrsell End\u00fcstri Makine","description":"Teknolojiyle G\u00fc\u00e7lenen End\u00fcstriyel \u00c7\u00f6z\u00fcmler!","potentialAction":[{"@type":"SearchAction","target":{"@type":"EntryPoint","urlTemplate":"https:\/\/barrsell.com\/?s={search_term_string}"},"query-input":"required name=search_term_string"}],"inLanguage":"en-US"}]}},"_links":{"self":[{"href":"https:\/\/barrsell.com\/en\/wp-json\/wp\/v2\/product\/13785","targetHints":{"allow":["GET"]}}],"collection":[{"href":"https:\/\/barrsell.com\/en\/wp-json\/wp\/v2\/product"}],"about":[{"href":"https:\/\/barrsell.com\/en\/wp-json\/wp\/v2\/types\/product"}],"version-history":[{"count":7,"href":"https:\/\/barrsell.com\/en\/wp-json\/wp\/v2\/product\/13785\/revisions"}],"predecessor-version":[{"id":19225,"href":"https:\/\/barrsell.com\/en\/wp-json\/wp\/v2\/product\/13785\/revisions\/19225"}],"wp:featuredmedia":[{"embeddable":true,"href":"https:\/\/barrsell.com\/en\/wp-json\/wp\/v2\/media\/13790"}],"wp:attachment":[{"href":"https:\/\/barrsell.com\/en\/wp-json\/wp\/v2\/media?parent=13785"}],"wp:term":[{"taxonomy":"product_cat","embeddable":true,"href":"https:\/\/barrsell.com\/en\/wp-json\/wp\/v2\/product_cat?post=13785"},{"taxonomy":"product_tag","embeddable":true,"href":"https:\/\/barrsell.com\/en\/wp-json\/wp\/v2\/product_tag?post=13785"}],"curies":[{"name":"wp","href":"https:\/\/api.w.org\/{rel}","templated":true}]}}