{"id":13768,"date":"2024-09-02T12:32:58","date_gmt":"2024-09-02T12:32:58","guid":{"rendered":"https:\/\/barrsell.com\/?post_type=product&#038;p=13768"},"modified":"2024-12-13T14:20:21","modified_gmt":"2024-12-13T14:20:21","slug":"karbon-isitici-panel-120vac-1800w","status":"publish","type":"product","link":"https:\/\/barrsell.com\/en\/product\/carbon-heater-panel-120vac-1800w\/","title":{"rendered":"Carbon Heater Panel 120VAC-1800W"},"content":{"rendered":"<h2>Carbon Heater Panel 120VAC-1800W<\/h2>\n<p>Carbon Heater Panel 120VAC-1800W is designed for high performance and reliable heating in industrial and commercial areas. With 120VAC voltage and 1800W power capacity, it effectively provides high heat in large spaces. Manufactured with carbon technology, this panel offers superior comfort and energy efficiency in large areas.<\/p>\n<h4>Superior Thermal Performance with Innovative Carbon Technology<\/h4>\n<p>Carbon Heater Panel provides high heat efficiency by using advanced carbon fiber construction. The ability of carbon fibers to convert electrical energy directly into heat provides fast and effective heating. This technology provides a comfortable environment even at lower temperatures by heating the body directly, not the air. It also provides high performance heating while reducing energy consumption. And this ensures even heat distribution over a larger surface area.<\/p>\n<h4>Technical Specifications<\/h4>\n<ul>\n<li class=\" translation-block\"><strong>Power and Voltage<\/strong>: The Carbon Heater provides high performance in large areas with 120VAC voltage and 1800W power capacity. As a result, this high power provides an effective warming experience in large industrial facilities or commercial areas.<\/li>\n<li class=\" translation-block\"><strong>Carbon Fiber Structure<\/strong>: The panel made of carbon fibers provides homogeneous heat distribution over a large surface area. This guarantees even heating and energy efficiency in every corner.<\/li>\n<li class=\" translation-block\"><strong>Durability and Long-term Use<\/strong>: The heater panel is made of high quality materials and is long-lasting and durable. Its structure resistant to harsh conditions ensures a reliable performance.<\/li>\n<\/ul>\n<h4>Ease of Use and Installation<\/h4>\n<div class=\"flex max-w-full flex-col flex-grow\">\n<div class=\"min-h-8 text-message flex w-full flex-col items-end gap-2 whitespace-normal break-words text-start [.text-message+&amp;]:mt-5\" dir=\"auto\" data-message-author-role=\"assistant\" data-message-id=\"27998343-2615-4432-b150-caa9c38a438f\" data-message-model-slug=\"gpt-4o\">\n<div class=\"flex w-full flex-col gap-1 empty:hidden first:pt-[3px]\">\n<div class=\"markdown prose w-full break-words dark:prose-invert light\">\n<p>You can use the Carbon Heater Panel effectively in a variety of spaces by mounting it on the wall or ceiling. In addition, its slim and modern design offers an aesthetic appearance in any interior. And it also saves space. As a result, the installation process is very simple and comes with a mounting kit and user-friendly instructions.<\/p>\n<\/div>\n<\/div>\n<\/div>\n<\/div>","protected":false},"excerpt":{"rendered":"<h2>120VAC-1800W<\/h2>","protected":false},"featured_media":13769,"template":"","meta":[],"product_cat":[181],"product_tag":[],"class_list":{"0":"post-13768","1":"product","2":"type-product","3":"status-publish","4":"has-post-thumbnail","6":"product_cat-carbon-isitici-paneller","8":"first","9":"instock","10":"shipping-taxable","11":"product-type-external"},"yoast_head":"<!-- This site is optimized with the Yoast SEO Premium plugin v23.2 (Yoast SEO v23.2) - https:\/\/yoast.com\/wordpress\/plugins\/seo\/ -->\n<title>Karbon Is\u0131t\u0131c\u0131 Panel 120VAC-1800W | Barrsell<\/title>\n<meta name=\"description\" content=\"Karbon Is\u0131t\u0131c\u0131 Panel 120VAC-1800W end\u00fcstriyel ve ticari alanlarda y\u00fcksek performans ve g\u00fcvenilir \u0131s\u0131tma i\u00e7in tasarlanm\u0131\u015f bir \u0131s\u0131tma panelidir.\" \/>\n<meta name=\"robots\" content=\"index, follow, max-snippet:-1, max-image-preview:large, max-video-preview:-1\" \/>\n<link rel=\"canonical\" href=\"https:\/\/barrsell.com\/en\/product\/carbon-heater-panel-120vac-1800w\/\" \/>\n<meta property=\"og:locale\" content=\"en_US\" \/>\n<meta property=\"og:type\" content=\"article\" \/>\n<meta property=\"og:title\" content=\"Karbon Is\u0131t\u0131c\u0131 Panel 120VAC-1800W\" \/>\n<meta property=\"og:description\" content=\"Karbon Is\u0131t\u0131c\u0131 Panel 120VAC-1800W end\u00fcstriyel ve ticari alanlarda y\u00fcksek performans ve g\u00fcvenilir \u0131s\u0131tma i\u00e7in tasarlanm\u0131\u015f bir \u0131s\u0131tma panelidir.\" \/>\n<meta property=\"og:url\" content=\"https:\/\/barrsell.com\/en\/product\/carbon-heater-panel-120vac-1800w\/\" \/>\n<meta property=\"og:site_name\" content=\"Barrsell\" \/>\n<meta property=\"article:modified_time\" content=\"2024-12-13T14:20:21+00:00\" \/>\n<meta property=\"og:image\" content=\"https:\/\/barrsell.com\/wp-content\/uploads\/2024\/09\/Karbon-Isitici-Panel-120VAC-1800W.png\" \/>\n\t<meta property=\"og:image:width\" content=\"1200\" \/>\n\t<meta property=\"og:image:height\" content=\"1200\" \/>\n\t<meta property=\"og:image:type\" content=\"image\/png\" \/>\n<meta name=\"twitter:card\" content=\"summary_large_image\" \/>\n<meta name=\"twitter:label1\" content=\"Est. reading time\" \/>\n\t<meta name=\"twitter:data1\" content=\"2 minutes\" \/>\n<script type=\"application\/ld+json\" class=\"yoast-schema-graph\">{\"@context\":\"https:\/\/schema.org\",\"@graph\":[{\"@type\":\"WebPage\",\"@id\":\"https:\/\/barrsell.com\/urun\/karbon-isitici-panel-120vac-1800w\/\",\"url\":\"https:\/\/barrsell.com\/urun\/karbon-isitici-panel-120vac-1800w\/\",\"name\":\"Karbon Is\u0131t\u0131c\u0131 Panel 120VAC-1800W | Barrsell\",\"isPartOf\":{\"@id\":\"https:\/\/barrsell.com\/#website\"},\"primaryImageOfPage\":{\"@id\":\"https:\/\/barrsell.com\/urun\/karbon-isitici-panel-120vac-1800w\/#primaryimage\"},\"image\":{\"@id\":\"https:\/\/barrsell.com\/urun\/karbon-isitici-panel-120vac-1800w\/#primaryimage\"},\"thumbnailUrl\":\"https:\/\/barrsell.com\/wp-content\/uploads\/2024\/09\/Karbon-Isitici-Panel-120VAC-1800W.png\",\"datePublished\":\"2024-09-02T12:32:58+00:00\",\"dateModified\":\"2024-12-13T14:20:21+00:00\",\"description\":\"Karbon Is\u0131t\u0131c\u0131 Panel 120VAC-1800W end\u00fcstriyel ve ticari alanlarda y\u00fcksek performans ve g\u00fcvenilir \u0131s\u0131tma i\u00e7in tasarlanm\u0131\u015f bir \u0131s\u0131tma panelidir.\",\"breadcrumb\":{\"@id\":\"https:\/\/barrsell.com\/urun\/karbon-isitici-panel-120vac-1800w\/#breadcrumb\"},\"inLanguage\":\"en-US\",\"potentialAction\":[{\"@type\":\"ReadAction\",\"target\":[\"https:\/\/barrsell.com\/urun\/karbon-isitici-panel-120vac-1800w\/\"]}]},{\"@type\":\"ImageObject\",\"inLanguage\":\"en-US\",\"@id\":\"https:\/\/barrsell.com\/urun\/karbon-isitici-panel-120vac-1800w\/#primaryimage\",\"url\":\"https:\/\/barrsell.com\/wp-content\/uploads\/2024\/09\/Karbon-Isitici-Panel-120VAC-1800W.png\",\"contentUrl\":\"https:\/\/barrsell.com\/wp-content\/uploads\/2024\/09\/Karbon-Isitici-Panel-120VAC-1800W.png\",\"width\":1200,\"height\":1200,\"caption\":\"Karbon Is\u0131t\u0131c\u0131 Panel 120VAC-1800W\"},{\"@type\":\"BreadcrumbList\",\"@id\":\"https:\/\/barrsell.com\/urun\/karbon-isitici-panel-120vac-1800w\/#breadcrumb\",\"itemListElement\":[{\"@type\":\"ListItem\",\"position\":1,\"name\":\"Home\",\"item\":\"https:\/\/barrsell.com\/\"},{\"@type\":\"ListItem\",\"position\":2,\"name\":\"\u00dcr\u00fcnler\",\"item\":\"https:\/\/barrsell.com\/en\/products\/\"},{\"@type\":\"ListItem\",\"position\":3,\"name\":\"Karbon Is\u0131t\u0131c\u0131 Panel 120VAC-1800W\"}]},{\"@type\":\"WebSite\",\"@id\":\"https:\/\/barrsell.com\/#website\",\"url\":\"https:\/\/barrsell.com\/\",\"name\":\"Barrsell End\u00fcstri Makine\",\"description\":\"Teknolojiyle G\u00fc\u00e7lenen End\u00fcstriyel \u00c7\u00f6z\u00fcmler!\",\"potentialAction\":[{\"@type\":\"SearchAction\",\"target\":{\"@type\":\"EntryPoint\",\"urlTemplate\":\"https:\/\/barrsell.com\/?s={search_term_string}\"},\"query-input\":\"required name=search_term_string\"}],\"inLanguage\":\"en-US\"}]}<\/script>\n<!-- \/ Yoast SEO Premium plugin. -->","yoast_head_json":{"title":"Karbon Is\u0131t\u0131c\u0131 Panel 120VAC-1800W | Barrsell","description":"Karbon Is\u0131t\u0131c\u0131 Panel 120VAC-1800W end\u00fcstriyel ve ticari alanlarda y\u00fcksek performans ve g\u00fcvenilir \u0131s\u0131tma i\u00e7in tasarlanm\u0131\u015f bir \u0131s\u0131tma panelidir.","robots":{"index":"index","follow":"follow","max-snippet":"max-snippet:-1","max-image-preview":"max-image-preview:large","max-video-preview":"max-video-preview:-1"},"canonical":"https:\/\/barrsell.com\/en\/product\/carbon-heater-panel-120vac-1800w\/","og_locale":"en_US","og_type":"article","og_title":"Karbon Is\u0131t\u0131c\u0131 Panel 120VAC-1800W","og_description":"Karbon Is\u0131t\u0131c\u0131 Panel 120VAC-1800W end\u00fcstriyel ve ticari alanlarda y\u00fcksek performans ve g\u00fcvenilir \u0131s\u0131tma i\u00e7in tasarlanm\u0131\u015f bir \u0131s\u0131tma panelidir.","og_url":"https:\/\/barrsell.com\/en\/product\/carbon-heater-panel-120vac-1800w\/","og_site_name":"Barrsell","article_modified_time":"2024-12-13T14:20:21+00:00","og_image":[{"width":1200,"height":1200,"url":"https:\/\/barrsell.com\/wp-content\/uploads\/2024\/09\/Karbon-Isitici-Panel-120VAC-1800W.png","type":"image\/png"}],"twitter_card":"summary_large_image","twitter_misc":{"Est. reading time":"2 minutes"},"schema":{"@context":"https:\/\/schema.org","@graph":[{"@type":"WebPage","@id":"https:\/\/barrsell.com\/urun\/karbon-isitici-panel-120vac-1800w\/","url":"https:\/\/barrsell.com\/urun\/karbon-isitici-panel-120vac-1800w\/","name":"Karbon Is\u0131t\u0131c\u0131 Panel 120VAC-1800W | Barrsell","isPartOf":{"@id":"https:\/\/barrsell.com\/#website"},"primaryImageOfPage":{"@id":"https:\/\/barrsell.com\/urun\/karbon-isitici-panel-120vac-1800w\/#primaryimage"},"image":{"@id":"https:\/\/barrsell.com\/urun\/karbon-isitici-panel-120vac-1800w\/#primaryimage"},"thumbnailUrl":"https:\/\/barrsell.com\/wp-content\/uploads\/2024\/09\/Karbon-Isitici-Panel-120VAC-1800W.png","datePublished":"2024-09-02T12:32:58+00:00","dateModified":"2024-12-13T14:20:21+00:00","description":"Karbon Is\u0131t\u0131c\u0131 Panel 120VAC-1800W end\u00fcstriyel ve ticari alanlarda y\u00fcksek performans ve g\u00fcvenilir \u0131s\u0131tma i\u00e7in tasarlanm\u0131\u015f bir \u0131s\u0131tma panelidir.","breadcrumb":{"@id":"https:\/\/barrsell.com\/urun\/karbon-isitici-panel-120vac-1800w\/#breadcrumb"},"inLanguage":"en-US","potentialAction":[{"@type":"ReadAction","target":["https:\/\/barrsell.com\/urun\/karbon-isitici-panel-120vac-1800w\/"]}]},{"@type":"ImageObject","inLanguage":"en-US","@id":"https:\/\/barrsell.com\/urun\/karbon-isitici-panel-120vac-1800w\/#primaryimage","url":"https:\/\/barrsell.com\/wp-content\/uploads\/2024\/09\/Karbon-Isitici-Panel-120VAC-1800W.png","contentUrl":"https:\/\/barrsell.com\/wp-content\/uploads\/2024\/09\/Karbon-Isitici-Panel-120VAC-1800W.png","width":1200,"height":1200,"caption":"Karbon Is\u0131t\u0131c\u0131 Panel 120VAC-1800W"},{"@type":"BreadcrumbList","@id":"https:\/\/barrsell.com\/urun\/karbon-isitici-panel-120vac-1800w\/#breadcrumb","itemListElement":[{"@type":"ListItem","position":1,"name":"Home","item":"https:\/\/barrsell.com\/"},{"@type":"ListItem","position":2,"name":"\u00dcr\u00fcnler","item":"https:\/\/barrsell.com\/en\/products\/"},{"@type":"ListItem","position":3,"name":"Karbon Is\u0131t\u0131c\u0131 Panel 120VAC-1800W"}]},{"@type":"WebSite","@id":"https:\/\/barrsell.com\/#website","url":"https:\/\/barrsell.com\/","name":"Barrsell End\u00fcstri Makine","description":"Teknolojiyle G\u00fc\u00e7lenen End\u00fcstriyel \u00c7\u00f6z\u00fcmler!","potentialAction":[{"@type":"SearchAction","target":{"@type":"EntryPoint","urlTemplate":"https:\/\/barrsell.com\/?s={search_term_string}"},"query-input":"required name=search_term_string"}],"inLanguage":"en-US"}]}},"_links":{"self":[{"href":"https:\/\/barrsell.com\/en\/wp-json\/wp\/v2\/product\/13768","targetHints":{"allow":["GET"]}}],"collection":[{"href":"https:\/\/barrsell.com\/en\/wp-json\/wp\/v2\/product"}],"about":[{"href":"https:\/\/barrsell.com\/en\/wp-json\/wp\/v2\/types\/product"}],"version-history":[{"count":3,"href":"https:\/\/barrsell.com\/en\/wp-json\/wp\/v2\/product\/13768\/revisions"}],"predecessor-version":[{"id":19235,"href":"https:\/\/barrsell.com\/en\/wp-json\/wp\/v2\/product\/13768\/revisions\/19235"}],"wp:featuredmedia":[{"embeddable":true,"href":"https:\/\/barrsell.com\/en\/wp-json\/wp\/v2\/media\/13769"}],"wp:attachment":[{"href":"https:\/\/barrsell.com\/en\/wp-json\/wp\/v2\/media?parent=13768"}],"wp:term":[{"taxonomy":"product_cat","embeddable":true,"href":"https:\/\/barrsell.com\/en\/wp-json\/wp\/v2\/product_cat?post=13768"},{"taxonomy":"product_tag","embeddable":true,"href":"https:\/\/barrsell.com\/en\/wp-json\/wp\/v2\/product_tag?post=13768"}],"curies":[{"name":"wp","href":"https:\/\/api.w.org\/{rel}","templated":true}]}}