{"id":13764,"date":"2024-09-02T12:30:00","date_gmt":"2024-09-02T12:30:00","guid":{"rendered":"https:\/\/barrsell.com\/?post_type=product&#038;p=13764"},"modified":"2024-12-13T14:30:03","modified_gmt":"2024-12-13T14:30:03","slug":"karbon-isitici-panel-240vac-1800w","status":"publish","type":"product","link":"https:\/\/barrsell.com\/en\/product\/carbon-heater-panel-240vac-1800w\/","title":{"rendered":"Carbon Heater Panel 240VAC-1800W"},"content":{"rendered":"<h2>Carbon Heater Panel 240VAC-1800W<\/h2>\n<p>Carbon Heater Panel 240VAC-1800W is a high capacity heating solution that offers superior heating performance in large scale areas. With 240VAC voltage and 1800W power, this panel provides high efficiency and fast heating in industrial and commercial applications. Equipped with modern carbon technology, this panel offers an excellent heating experience in large areas.<\/p>\n<h4>High Performance with Advanced Carbon Technology<\/h4>\n<p>This heater panel maximizes energy efficiency through advanced carbon fiber construction. Carbon fibers convert electrical energy directly into heat, quickly and effectively increasing the ambient temperature. Unlike traditional heating methods, carbon heaters heat the body directly, not the air. This ensures high comfort even at lower temperatures. This technology ensures even heat distribution over a larger surface area while reducing energy consumption.<\/p>\n<h4>Technical Specifications<\/h4>\n<ul>\n<li class=\" translation-block\"><strong>Power and Voltage<\/strong>: With 240VAC voltage and 1800W power capacity, the heater panel provides excellent heating performance in industrial areas with large and high ceilings. This high power also provides fast and efficient heating in large areas.<\/li>\n<li class=\" translation-block\"><strong>Carbon Fiber Construction<\/strong>: Made of carbon fibers, the panel emits homogeneous heat over a large surface area. This guarantees even heating in every corner and efficient use of energy.<\/li>\n<li class=\" translation-block\"><strong>Durability and Long-Term Performance<\/strong>: These panels are made of high quality materials. Thus, they withstand harsh conditions and provide a long-lasting performance. The durable construction provides a reliable heating solution.<\/li>\n<\/ul>\n<h4>Ease of Use and Installation<\/h4>\n<p>Carbon Heater Panel 240VAC-1800W is suitable for wall or ceiling installation. Therefore, they can be used effectively in various areas. Its slim and modern design offers an aesthetic appearance in any interior. And thus saves space. The installation process is quite simple and it also comes with an installation kit and user-friendly instructions.<\/p>\n<h4>Energy Efficiency and Safety Features<\/h4>\n<p>This panel is characterized by its energy efficiency and takes advantage of carbon technology to deliver high performance with low energy consumption. In addition, integrated overheat protection systems and anti-short circuit features ensure safe panel operation and a long service life.<\/p>","protected":false},"excerpt":{"rendered":"<ul>\n<li>Power and Voltage<\/li>\n<li>Carbon Fiber Structure:<\/li>\n<li>Durability and Long-Term Performance<\/li>\n<\/ul>","protected":false},"featured_media":13765,"template":"","meta":[],"product_cat":[181],"product_tag":[],"class_list":{"0":"post-13764","1":"product","2":"type-product","3":"status-publish","4":"has-post-thumbnail","6":"product_cat-carbon-isitici-paneller","8":"first","9":"instock","10":"shipping-taxable","11":"product-type-external"},"yoast_head":"<!-- This site is optimized with the Yoast SEO Premium plugin v23.2 (Yoast SEO v23.2) - https:\/\/yoast.com\/wordpress\/plugins\/seo\/ -->\n<title>Karbon Is\u0131t\u0131c\u0131 Panel 240VAC-1800W | Barrsell<\/title>\n<meta name=\"description\" content=\"Karbon Is\u0131t\u0131c\u0131 Panel 240VAC-1800W, geni\u015f \u00f6l\u00e7ekli alanlarda \u00fcst\u00fcn \u0131s\u0131tma performans\u0131 sunan y\u00fcksek kapasiteli bir \u0131s\u0131tma \u00e7\u00f6z\u00fcm\u00fcd\u00fcr.\" \/>\n<meta name=\"robots\" content=\"index, follow, max-snippet:-1, max-image-preview:large, max-video-preview:-1\" \/>\n<link rel=\"canonical\" href=\"https:\/\/barrsell.com\/en\/product\/carbon-heater-panel-240vac-1800w\/\" \/>\n<meta property=\"og:locale\" content=\"en_US\" \/>\n<meta property=\"og:type\" content=\"article\" \/>\n<meta property=\"og:title\" content=\"Karbon Is\u0131t\u0131c\u0131 Panel 240VAC-1800W\" \/>\n<meta property=\"og:description\" content=\"Karbon Is\u0131t\u0131c\u0131 Panel 240VAC-1800W, geni\u015f \u00f6l\u00e7ekli alanlarda \u00fcst\u00fcn \u0131s\u0131tma performans\u0131 sunan y\u00fcksek kapasiteli bir \u0131s\u0131tma \u00e7\u00f6z\u00fcm\u00fcd\u00fcr.\" \/>\n<meta property=\"og:url\" content=\"https:\/\/barrsell.com\/en\/product\/carbon-heater-panel-240vac-1800w\/\" \/>\n<meta property=\"og:site_name\" content=\"Barrsell\" \/>\n<meta property=\"article:modified_time\" content=\"2024-12-13T14:30:03+00:00\" \/>\n<meta property=\"og:image\" content=\"https:\/\/barrsell.com\/wp-content\/uploads\/2024\/09\/Karbon-Isitici-Panel-240VAC-1800W.png\" \/>\n\t<meta property=\"og:image:width\" content=\"1200\" \/>\n\t<meta property=\"og:image:height\" content=\"1200\" \/>\n\t<meta property=\"og:image:type\" content=\"image\/png\" \/>\n<meta name=\"twitter:card\" content=\"summary_large_image\" \/>\n<meta name=\"twitter:label1\" content=\"Est. reading time\" \/>\n\t<meta name=\"twitter:data1\" content=\"3 minutes\" \/>\n<script type=\"application\/ld+json\" class=\"yoast-schema-graph\">{\"@context\":\"https:\/\/schema.org\",\"@graph\":[{\"@type\":\"WebPage\",\"@id\":\"https:\/\/barrsell.com\/urun\/karbon-isitici-panel-240vac-1800w\/\",\"url\":\"https:\/\/barrsell.com\/urun\/karbon-isitici-panel-240vac-1800w\/\",\"name\":\"Karbon Is\u0131t\u0131c\u0131 Panel 240VAC-1800W | Barrsell\",\"isPartOf\":{\"@id\":\"https:\/\/barrsell.com\/#website\"},\"primaryImageOfPage\":{\"@id\":\"https:\/\/barrsell.com\/urun\/karbon-isitici-panel-240vac-1800w\/#primaryimage\"},\"image\":{\"@id\":\"https:\/\/barrsell.com\/urun\/karbon-isitici-panel-240vac-1800w\/#primaryimage\"},\"thumbnailUrl\":\"https:\/\/barrsell.com\/wp-content\/uploads\/2024\/09\/Karbon-Isitici-Panel-240VAC-1800W.png\",\"datePublished\":\"2024-09-02T12:30:00+00:00\",\"dateModified\":\"2024-12-13T14:30:03+00:00\",\"description\":\"Karbon Is\u0131t\u0131c\u0131 Panel 240VAC-1800W, geni\u015f \u00f6l\u00e7ekli alanlarda \u00fcst\u00fcn \u0131s\u0131tma performans\u0131 sunan y\u00fcksek kapasiteli bir \u0131s\u0131tma \u00e7\u00f6z\u00fcm\u00fcd\u00fcr.\",\"breadcrumb\":{\"@id\":\"https:\/\/barrsell.com\/urun\/karbon-isitici-panel-240vac-1800w\/#breadcrumb\"},\"inLanguage\":\"en-US\",\"potentialAction\":[{\"@type\":\"ReadAction\",\"target\":[\"https:\/\/barrsell.com\/urun\/karbon-isitici-panel-240vac-1800w\/\"]}]},{\"@type\":\"ImageObject\",\"inLanguage\":\"en-US\",\"@id\":\"https:\/\/barrsell.com\/urun\/karbon-isitici-panel-240vac-1800w\/#primaryimage\",\"url\":\"https:\/\/barrsell.com\/wp-content\/uploads\/2024\/09\/Karbon-Isitici-Panel-240VAC-1800W.png\",\"contentUrl\":\"https:\/\/barrsell.com\/wp-content\/uploads\/2024\/09\/Karbon-Isitici-Panel-240VAC-1800W.png\",\"width\":1200,\"height\":1200,\"caption\":\"Karbon Is\u0131t\u0131c\u0131 Panel 240VAC-1800W\"},{\"@type\":\"BreadcrumbList\",\"@id\":\"https:\/\/barrsell.com\/urun\/karbon-isitici-panel-240vac-1800w\/#breadcrumb\",\"itemListElement\":[{\"@type\":\"ListItem\",\"position\":1,\"name\":\"Home\",\"item\":\"https:\/\/barrsell.com\/\"},{\"@type\":\"ListItem\",\"position\":2,\"name\":\"\u00dcr\u00fcnler\",\"item\":\"https:\/\/barrsell.com\/en\/products\/\"},{\"@type\":\"ListItem\",\"position\":3,\"name\":\"Karbon Is\u0131t\u0131c\u0131 Panel 240VAC-1800W\"}]},{\"@type\":\"WebSite\",\"@id\":\"https:\/\/barrsell.com\/#website\",\"url\":\"https:\/\/barrsell.com\/\",\"name\":\"Barrsell End\u00fcstri Makine\",\"description\":\"Teknolojiyle G\u00fc\u00e7lenen End\u00fcstriyel \u00c7\u00f6z\u00fcmler!\",\"potentialAction\":[{\"@type\":\"SearchAction\",\"target\":{\"@type\":\"EntryPoint\",\"urlTemplate\":\"https:\/\/barrsell.com\/?s={search_term_string}\"},\"query-input\":\"required name=search_term_string\"}],\"inLanguage\":\"en-US\"}]}<\/script>\n<!-- \/ Yoast SEO Premium plugin. -->","yoast_head_json":{"title":"Karbon Is\u0131t\u0131c\u0131 Panel 240VAC-1800W | Barrsell","description":"Karbon Is\u0131t\u0131c\u0131 Panel 240VAC-1800W, geni\u015f \u00f6l\u00e7ekli alanlarda \u00fcst\u00fcn \u0131s\u0131tma performans\u0131 sunan y\u00fcksek kapasiteli bir \u0131s\u0131tma \u00e7\u00f6z\u00fcm\u00fcd\u00fcr.","robots":{"index":"index","follow":"follow","max-snippet":"max-snippet:-1","max-image-preview":"max-image-preview:large","max-video-preview":"max-video-preview:-1"},"canonical":"https:\/\/barrsell.com\/en\/product\/carbon-heater-panel-240vac-1800w\/","og_locale":"en_US","og_type":"article","og_title":"Karbon Is\u0131t\u0131c\u0131 Panel 240VAC-1800W","og_description":"Karbon Is\u0131t\u0131c\u0131 Panel 240VAC-1800W, geni\u015f \u00f6l\u00e7ekli alanlarda \u00fcst\u00fcn \u0131s\u0131tma performans\u0131 sunan y\u00fcksek kapasiteli bir \u0131s\u0131tma \u00e7\u00f6z\u00fcm\u00fcd\u00fcr.","og_url":"https:\/\/barrsell.com\/en\/product\/carbon-heater-panel-240vac-1800w\/","og_site_name":"Barrsell","article_modified_time":"2024-12-13T14:30:03+00:00","og_image":[{"width":1200,"height":1200,"url":"https:\/\/barrsell.com\/wp-content\/uploads\/2024\/09\/Karbon-Isitici-Panel-240VAC-1800W.png","type":"image\/png"}],"twitter_card":"summary_large_image","twitter_misc":{"Est. reading time":"3 minutes"},"schema":{"@context":"https:\/\/schema.org","@graph":[{"@type":"WebPage","@id":"https:\/\/barrsell.com\/urun\/karbon-isitici-panel-240vac-1800w\/","url":"https:\/\/barrsell.com\/urun\/karbon-isitici-panel-240vac-1800w\/","name":"Karbon Is\u0131t\u0131c\u0131 Panel 240VAC-1800W | Barrsell","isPartOf":{"@id":"https:\/\/barrsell.com\/#website"},"primaryImageOfPage":{"@id":"https:\/\/barrsell.com\/urun\/karbon-isitici-panel-240vac-1800w\/#primaryimage"},"image":{"@id":"https:\/\/barrsell.com\/urun\/karbon-isitici-panel-240vac-1800w\/#primaryimage"},"thumbnailUrl":"https:\/\/barrsell.com\/wp-content\/uploads\/2024\/09\/Karbon-Isitici-Panel-240VAC-1800W.png","datePublished":"2024-09-02T12:30:00+00:00","dateModified":"2024-12-13T14:30:03+00:00","description":"Karbon Is\u0131t\u0131c\u0131 Panel 240VAC-1800W, geni\u015f \u00f6l\u00e7ekli alanlarda \u00fcst\u00fcn \u0131s\u0131tma performans\u0131 sunan y\u00fcksek kapasiteli bir \u0131s\u0131tma \u00e7\u00f6z\u00fcm\u00fcd\u00fcr.","breadcrumb":{"@id":"https:\/\/barrsell.com\/urun\/karbon-isitici-panel-240vac-1800w\/#breadcrumb"},"inLanguage":"en-US","potentialAction":[{"@type":"ReadAction","target":["https:\/\/barrsell.com\/urun\/karbon-isitici-panel-240vac-1800w\/"]}]},{"@type":"ImageObject","inLanguage":"en-US","@id":"https:\/\/barrsell.com\/urun\/karbon-isitici-panel-240vac-1800w\/#primaryimage","url":"https:\/\/barrsell.com\/wp-content\/uploads\/2024\/09\/Karbon-Isitici-Panel-240VAC-1800W.png","contentUrl":"https:\/\/barrsell.com\/wp-content\/uploads\/2024\/09\/Karbon-Isitici-Panel-240VAC-1800W.png","width":1200,"height":1200,"caption":"Karbon Is\u0131t\u0131c\u0131 Panel 240VAC-1800W"},{"@type":"BreadcrumbList","@id":"https:\/\/barrsell.com\/urun\/karbon-isitici-panel-240vac-1800w\/#breadcrumb","itemListElement":[{"@type":"ListItem","position":1,"name":"Home","item":"https:\/\/barrsell.com\/"},{"@type":"ListItem","position":2,"name":"\u00dcr\u00fcnler","item":"https:\/\/barrsell.com\/en\/products\/"},{"@type":"ListItem","position":3,"name":"Karbon Is\u0131t\u0131c\u0131 Panel 240VAC-1800W"}]},{"@type":"WebSite","@id":"https:\/\/barrsell.com\/#website","url":"https:\/\/barrsell.com\/","name":"Barrsell End\u00fcstri Makine","description":"Teknolojiyle G\u00fc\u00e7lenen End\u00fcstriyel \u00c7\u00f6z\u00fcmler!","potentialAction":[{"@type":"SearchAction","target":{"@type":"EntryPoint","urlTemplate":"https:\/\/barrsell.com\/?s={search_term_string}"},"query-input":"required name=search_term_string"}],"inLanguage":"en-US"}]}},"_links":{"self":[{"href":"https:\/\/barrsell.com\/en\/wp-json\/wp\/v2\/product\/13764","targetHints":{"allow":["GET"]}}],"collection":[{"href":"https:\/\/barrsell.com\/en\/wp-json\/wp\/v2\/product"}],"about":[{"href":"https:\/\/barrsell.com\/en\/wp-json\/wp\/v2\/types\/product"}],"version-history":[{"count":3,"href":"https:\/\/barrsell.com\/en\/wp-json\/wp\/v2\/product\/13764\/revisions"}],"predecessor-version":[{"id":19237,"href":"https:\/\/barrsell.com\/en\/wp-json\/wp\/v2\/product\/13764\/revisions\/19237"}],"wp:featuredmedia":[{"embeddable":true,"href":"https:\/\/barrsell.com\/en\/wp-json\/wp\/v2\/media\/13765"}],"wp:attachment":[{"href":"https:\/\/barrsell.com\/en\/wp-json\/wp\/v2\/media?parent=13764"}],"wp:term":[{"taxonomy":"product_cat","embeddable":true,"href":"https:\/\/barrsell.com\/en\/wp-json\/wp\/v2\/product_cat?post=13764"},{"taxonomy":"product_tag","embeddable":true,"href":"https:\/\/barrsell.com\/en\/wp-json\/wp\/v2\/product_tag?post=13764"}],"curies":[{"name":"wp","href":"https:\/\/api.w.org\/{rel}","templated":true}]}}