{"id":13753,"date":"2024-09-02T12:07:35","date_gmt":"2024-09-02T12:07:35","guid":{"rendered":"https:\/\/barrsell.com\/?post_type=product&#038;p=13753"},"modified":"2024-12-14T20:15:46","modified_gmt":"2024-12-14T20:15:46","slug":"karbon-isitici-panel-120vac-600w","status":"publish","type":"product","link":"https:\/\/barrsell.com\/en\/product\/carbon-heater-panel-120vac-600w\/","title":{"rendered":"Carbon Heater Panel 120VAC-600W"},"content":{"rendered":"<h2>Carbon Heater Panel 120VAC-600W<\/h2>\n<p>Carbon Heater Panel 120VAC-600W offers the most effective infrared heating solutions on the market and takes your sauna experience to the next level. These 300 Watt heaters have a large heating surface that covers 100 times more of the body surface compared to other infrared heaters. This unique feature especially effectively heats a larger area. This significantly increases the performance of your sauna.<\/p>\n<h4>Complete Infrared Sauna Heating Set<\/h4>\n<p>This comprehensive infrared sauna heating set turns small closets or saunas into a modern infrared sauna. The set includes the following elements:<\/p>\n<ul>\n<li><strong>2 x 300 Carbon Heater Panel 120VAC-600W<\/strong>This comprehensive infrared sauna heating set turns small closets or saunas into a modern infrared sauna. The set includes the following elements:<\/li>\n<li><strong>60 Minute Mechanic <a href=\"https:\/\/barrsell.com\/en\/kategoriler\/sauna-uygulamalari\/sauna-malzeme-ve-ekipmanlari\/sauna-kontrol-uniteleri\/\">Sauna Control Timer<\/a><\/strong>: Offers precise timing and control. It allows you to easily manage the heating times of your sauna.<\/li>\n<\/ul>\n<h4>Featured Features<\/h4>\n<ul>\n<li class=\" translation-block\"><strong>Deep Infrared Penetration<\/strong>: Carbon Ceramic heaters emit safe infrared radiation that effectively penetrates up to 1 inch (approximately 2.54 cm) deep into the body. This provides deep heating and helps relax the muscles.<\/li>\n<li class=\" translation-block\"><strong>Energy Efficiency and Comfort<\/strong>: Infrared heaters are characterized by their energy efficiency. They provide effective heating at lower temperatures. Thus, it reduces energy consumption and offers a comfortable sauna experience.<\/li>\n<li class=\" translation-block\"><strong>Sturdy and Durable Construction<\/strong>: The heaters are made of a special carbon fiber paper. It is laminated between two layers of fiberglass. This indestructible layer is framed by a hand sanded bass wood frame. This ensures a long-lasting and durable product.<\/li>\n<\/ul>","protected":false},"excerpt":{"rendered":"<ul>\n<li>2 x 300 Carbon Heater Panel 120VAC-600W<\/li>\n<li>60 Minute Mechanical Sauna Control Timer<\/li>\n<\/ul>","protected":false},"featured_media":13754,"template":"","meta":[],"product_cat":[181],"product_tag":[],"class_list":{"0":"post-13753","1":"product","2":"type-product","3":"status-publish","4":"has-post-thumbnail","6":"product_cat-carbon-isitici-paneller","8":"first","9":"instock","10":"shipping-taxable","11":"product-type-external"},"yoast_head":"<!-- This site is optimized with the Yoast SEO Premium plugin v23.2 (Yoast SEO v23.2) - https:\/\/yoast.com\/wordpress\/plugins\/seo\/ -->\n<title>Karbon Is\u0131t\u0131c\u0131 Panel 120VAC-600W | Barrsell<\/title>\n<meta name=\"description\" content=\"Karbon Is\u0131t\u0131c\u0131 Panel 120VAC-600W\u00a0 piyasadaki en etkili k\u0131z\u0131l\u00f6tesi \u0131s\u0131tma \u00e7\u00f6z\u00fcmlerini sunar ve sauna deneyiminizi bir \u00fcst seviyeye ta\u015f\u0131r.\" \/>\n<meta name=\"robots\" content=\"index, follow, max-snippet:-1, max-image-preview:large, max-video-preview:-1\" \/>\n<link rel=\"canonical\" href=\"https:\/\/barrsell.com\/en\/product\/carbon-heater-panel-120vac-600w\/\" \/>\n<meta property=\"og:locale\" content=\"en_US\" \/>\n<meta property=\"og:type\" content=\"article\" \/>\n<meta property=\"og:title\" content=\"Karbon Is\u0131t\u0131c\u0131 Panel 120VAC-600W\" \/>\n<meta property=\"og:description\" content=\"Karbon Is\u0131t\u0131c\u0131 Panel 120VAC-600W\u00a0 piyasadaki en etkili k\u0131z\u0131l\u00f6tesi \u0131s\u0131tma \u00e7\u00f6z\u00fcmlerini sunar ve sauna deneyiminizi bir \u00fcst seviyeye ta\u015f\u0131r.\" \/>\n<meta property=\"og:url\" content=\"https:\/\/barrsell.com\/en\/product\/carbon-heater-panel-120vac-600w\/\" \/>\n<meta property=\"og:site_name\" content=\"Barrsell\" \/>\n<meta property=\"article:modified_time\" content=\"2024-12-14T20:15:46+00:00\" \/>\n<meta property=\"og:image\" content=\"https:\/\/barrsell.com\/wp-content\/uploads\/2024\/09\/Karbon-Isitici-Panel-120VAC-600W.png\" \/>\n\t<meta property=\"og:image:width\" content=\"1200\" \/>\n\t<meta property=\"og:image:height\" content=\"1200\" \/>\n\t<meta property=\"og:image:type\" content=\"image\/png\" \/>\n<meta name=\"twitter:card\" content=\"summary_large_image\" \/>\n<meta name=\"twitter:label1\" content=\"Est. reading time\" \/>\n\t<meta name=\"twitter:data1\" content=\"2 minutes\" \/>\n<script type=\"application\/ld+json\" class=\"yoast-schema-graph\">{\"@context\":\"https:\/\/schema.org\",\"@graph\":[{\"@type\":\"WebPage\",\"@id\":\"https:\/\/barrsell.com\/urun\/karbon-isitici-panel-120vac-600w\/\",\"url\":\"https:\/\/barrsell.com\/urun\/karbon-isitici-panel-120vac-600w\/\",\"name\":\"Karbon Is\u0131t\u0131c\u0131 Panel 120VAC-600W | Barrsell\",\"isPartOf\":{\"@id\":\"https:\/\/barrsell.com\/#website\"},\"primaryImageOfPage\":{\"@id\":\"https:\/\/barrsell.com\/urun\/karbon-isitici-panel-120vac-600w\/#primaryimage\"},\"image\":{\"@id\":\"https:\/\/barrsell.com\/urun\/karbon-isitici-panel-120vac-600w\/#primaryimage\"},\"thumbnailUrl\":\"https:\/\/barrsell.com\/wp-content\/uploads\/2024\/09\/Karbon-Isitici-Panel-120VAC-600W.png\",\"datePublished\":\"2024-09-02T12:07:35+00:00\",\"dateModified\":\"2024-12-14T20:15:46+00:00\",\"description\":\"Karbon Is\u0131t\u0131c\u0131 Panel 120VAC-600W\u00a0 piyasadaki en etkili k\u0131z\u0131l\u00f6tesi \u0131s\u0131tma \u00e7\u00f6z\u00fcmlerini sunar ve sauna deneyiminizi bir \u00fcst seviyeye ta\u015f\u0131r.\",\"breadcrumb\":{\"@id\":\"https:\/\/barrsell.com\/urun\/karbon-isitici-panel-120vac-600w\/#breadcrumb\"},\"inLanguage\":\"en-US\",\"potentialAction\":[{\"@type\":\"ReadAction\",\"target\":[\"https:\/\/barrsell.com\/urun\/karbon-isitici-panel-120vac-600w\/\"]}]},{\"@type\":\"ImageObject\",\"inLanguage\":\"en-US\",\"@id\":\"https:\/\/barrsell.com\/urun\/karbon-isitici-panel-120vac-600w\/#primaryimage\",\"url\":\"https:\/\/barrsell.com\/wp-content\/uploads\/2024\/09\/Karbon-Isitici-Panel-120VAC-600W.png\",\"contentUrl\":\"https:\/\/barrsell.com\/wp-content\/uploads\/2024\/09\/Karbon-Isitici-Panel-120VAC-600W.png\",\"width\":1200,\"height\":1200,\"caption\":\"Karbon Is\u0131t\u0131c\u0131 Panel 120VAC-600W\"},{\"@type\":\"BreadcrumbList\",\"@id\":\"https:\/\/barrsell.com\/urun\/karbon-isitici-panel-120vac-600w\/#breadcrumb\",\"itemListElement\":[{\"@type\":\"ListItem\",\"position\":1,\"name\":\"Home\",\"item\":\"https:\/\/barrsell.com\/\"},{\"@type\":\"ListItem\",\"position\":2,\"name\":\"\u00dcr\u00fcnler\",\"item\":\"https:\/\/barrsell.com\/en\/products\/\"},{\"@type\":\"ListItem\",\"position\":3,\"name\":\"Karbon Is\u0131t\u0131c\u0131 Panel 120VAC-600W\"}]},{\"@type\":\"WebSite\",\"@id\":\"https:\/\/barrsell.com\/#website\",\"url\":\"https:\/\/barrsell.com\/\",\"name\":\"Barrsell End\u00fcstri Makine\",\"description\":\"Teknolojiyle G\u00fc\u00e7lenen End\u00fcstriyel \u00c7\u00f6z\u00fcmler!\",\"potentialAction\":[{\"@type\":\"SearchAction\",\"target\":{\"@type\":\"EntryPoint\",\"urlTemplate\":\"https:\/\/barrsell.com\/?s={search_term_string}\"},\"query-input\":\"required name=search_term_string\"}],\"inLanguage\":\"en-US\"}]}<\/script>\n<!-- \/ Yoast SEO Premium plugin. -->","yoast_head_json":{"title":"Karbon Is\u0131t\u0131c\u0131 Panel 120VAC-600W | Barrsell","description":"Karbon Is\u0131t\u0131c\u0131 Panel 120VAC-600W\u00a0 piyasadaki en etkili k\u0131z\u0131l\u00f6tesi \u0131s\u0131tma \u00e7\u00f6z\u00fcmlerini sunar ve sauna deneyiminizi bir \u00fcst seviyeye ta\u015f\u0131r.","robots":{"index":"index","follow":"follow","max-snippet":"max-snippet:-1","max-image-preview":"max-image-preview:large","max-video-preview":"max-video-preview:-1"},"canonical":"https:\/\/barrsell.com\/en\/product\/carbon-heater-panel-120vac-600w\/","og_locale":"en_US","og_type":"article","og_title":"Karbon Is\u0131t\u0131c\u0131 Panel 120VAC-600W","og_description":"Karbon Is\u0131t\u0131c\u0131 Panel 120VAC-600W\u00a0 piyasadaki en etkili k\u0131z\u0131l\u00f6tesi \u0131s\u0131tma \u00e7\u00f6z\u00fcmlerini sunar ve sauna deneyiminizi bir \u00fcst seviyeye ta\u015f\u0131r.","og_url":"https:\/\/barrsell.com\/en\/product\/carbon-heater-panel-120vac-600w\/","og_site_name":"Barrsell","article_modified_time":"2024-12-14T20:15:46+00:00","og_image":[{"width":1200,"height":1200,"url":"https:\/\/barrsell.com\/wp-content\/uploads\/2024\/09\/Karbon-Isitici-Panel-120VAC-600W.png","type":"image\/png"}],"twitter_card":"summary_large_image","twitter_misc":{"Est. reading time":"2 minutes"},"schema":{"@context":"https:\/\/schema.org","@graph":[{"@type":"WebPage","@id":"https:\/\/barrsell.com\/urun\/karbon-isitici-panel-120vac-600w\/","url":"https:\/\/barrsell.com\/urun\/karbon-isitici-panel-120vac-600w\/","name":"Karbon Is\u0131t\u0131c\u0131 Panel 120VAC-600W | Barrsell","isPartOf":{"@id":"https:\/\/barrsell.com\/#website"},"primaryImageOfPage":{"@id":"https:\/\/barrsell.com\/urun\/karbon-isitici-panel-120vac-600w\/#primaryimage"},"image":{"@id":"https:\/\/barrsell.com\/urun\/karbon-isitici-panel-120vac-600w\/#primaryimage"},"thumbnailUrl":"https:\/\/barrsell.com\/wp-content\/uploads\/2024\/09\/Karbon-Isitici-Panel-120VAC-600W.png","datePublished":"2024-09-02T12:07:35+00:00","dateModified":"2024-12-14T20:15:46+00:00","description":"Karbon Is\u0131t\u0131c\u0131 Panel 120VAC-600W\u00a0 piyasadaki en etkili k\u0131z\u0131l\u00f6tesi \u0131s\u0131tma \u00e7\u00f6z\u00fcmlerini sunar ve sauna deneyiminizi bir \u00fcst seviyeye ta\u015f\u0131r.","breadcrumb":{"@id":"https:\/\/barrsell.com\/urun\/karbon-isitici-panel-120vac-600w\/#breadcrumb"},"inLanguage":"en-US","potentialAction":[{"@type":"ReadAction","target":["https:\/\/barrsell.com\/urun\/karbon-isitici-panel-120vac-600w\/"]}]},{"@type":"ImageObject","inLanguage":"en-US","@id":"https:\/\/barrsell.com\/urun\/karbon-isitici-panel-120vac-600w\/#primaryimage","url":"https:\/\/barrsell.com\/wp-content\/uploads\/2024\/09\/Karbon-Isitici-Panel-120VAC-600W.png","contentUrl":"https:\/\/barrsell.com\/wp-content\/uploads\/2024\/09\/Karbon-Isitici-Panel-120VAC-600W.png","width":1200,"height":1200,"caption":"Karbon Is\u0131t\u0131c\u0131 Panel 120VAC-600W"},{"@type":"BreadcrumbList","@id":"https:\/\/barrsell.com\/urun\/karbon-isitici-panel-120vac-600w\/#breadcrumb","itemListElement":[{"@type":"ListItem","position":1,"name":"Home","item":"https:\/\/barrsell.com\/"},{"@type":"ListItem","position":2,"name":"\u00dcr\u00fcnler","item":"https:\/\/barrsell.com\/en\/products\/"},{"@type":"ListItem","position":3,"name":"Karbon Is\u0131t\u0131c\u0131 Panel 120VAC-600W"}]},{"@type":"WebSite","@id":"https:\/\/barrsell.com\/#website","url":"https:\/\/barrsell.com\/","name":"Barrsell End\u00fcstri Makine","description":"Teknolojiyle G\u00fc\u00e7lenen End\u00fcstriyel \u00c7\u00f6z\u00fcmler!","potentialAction":[{"@type":"SearchAction","target":{"@type":"EntryPoint","urlTemplate":"https:\/\/barrsell.com\/?s={search_term_string}"},"query-input":"required name=search_term_string"}],"inLanguage":"en-US"}]}},"_links":{"self":[{"href":"https:\/\/barrsell.com\/en\/wp-json\/wp\/v2\/product\/13753","targetHints":{"allow":["GET"]}}],"collection":[{"href":"https:\/\/barrsell.com\/en\/wp-json\/wp\/v2\/product"}],"about":[{"href":"https:\/\/barrsell.com\/en\/wp-json\/wp\/v2\/types\/product"}],"version-history":[{"count":5,"href":"https:\/\/barrsell.com\/en\/wp-json\/wp\/v2\/product\/13753\/revisions"}],"predecessor-version":[{"id":19246,"href":"https:\/\/barrsell.com\/en\/wp-json\/wp\/v2\/product\/13753\/revisions\/19246"}],"wp:featuredmedia":[{"embeddable":true,"href":"https:\/\/barrsell.com\/en\/wp-json\/wp\/v2\/media\/13754"}],"wp:attachment":[{"href":"https:\/\/barrsell.com\/en\/wp-json\/wp\/v2\/media?parent=13753"}],"wp:term":[{"taxonomy":"product_cat","embeddable":true,"href":"https:\/\/barrsell.com\/en\/wp-json\/wp\/v2\/product_cat?post=13753"},{"taxonomy":"product_tag","embeddable":true,"href":"https:\/\/barrsell.com\/en\/wp-json\/wp\/v2\/product_tag?post=13753"}],"curies":[{"name":"wp","href":"https:\/\/api.w.org\/{rel}","templated":true}]}}