{"id":1375,"date":"2022-12-09T14:20:13","date_gmt":"2022-12-09T14:20:13","guid":{"rendered":"http:\/\/dummy.xtemos.com\/woodmart2\/mega-electronics-elementor\/?post_type=product&#038;p=1375"},"modified":"2025-01-09T10:16:35","modified_gmt":"2025-01-09T10:16:35","slug":"hygromatik-flexline-flhspa","status":"publish","type":"product","link":"https:\/\/barrsell.com\/en\/product\/hygromatik-flexline-flhspa\/","title":{"rendered":"HygroMatik FlexLine FLHSpa Humidifier"},"content":{"rendered":"<h2>HygroMatik FlexLine FLHSpa Humidifier: Comfortable and Efficient Humidity Control<\/h2>\n<p>HygroMatik FlexLine FLHSpa Humidifier is at the forefront of comfort and health in wellness centers. Maintaining the ideal humidity level of the environment plays a critical role in increasing customer satisfaction and the efficiency of the facilities. The system is also specifically designed to meet these requirements in spa and wellness applications. With both technology and user-friendly features, this system stands out as one of the best solutions in the industry.<\/p>\n<table style=\"height: 408px;\" width=\"703\">\n<tbody>\n<tr>\n<td rowspan=\"2\" width=\"124\"><strong>Model<\/strong><\/td>\n<td rowspan=\"2\" width=\"170\"><strong>Maximum steam output<\/strong><\/td>\n<td rowspan=\"2\" width=\"156\"><strong>El. connection<\/strong><\/td>\n<td width=\"129\"><strong>Dimensions<\/strong><\/td>\n<\/tr>\n<tr>\n<td width=\"129\"><strong>y\/g\/d [mm]<\/strong><\/td>\n<\/tr>\n<tr>\n<td width=\"124\" data-title=\"Model\">FLH 03 TSPA<\/td>\n<td width=\"170\" data-title=\"Parn\u00ed v\u00fdkon max\">2,7 \u2013 3,3 kg\/h<\/td>\n<td width=\"156\" data-title=\"El. p\u0159ipojen\u00ed\">2,4 kW \/ 10,2 A, 230 V<\/td>\n<td width=\"129\" data-title=\"Rozm\u011bry v\/\u0161\/h [mm]\">535\/540\/320<\/td>\n<\/tr>\n<tr>\n<td width=\"124\" data-title=\"Model\">FLH 06 TSPA<\/td>\n<td width=\"170\" data-title=\"Parn\u00ed v\u00fdkon max\">5,5 \u2013 6,5 kg\/h<\/td>\n<td width=\"156\" data-title=\"El. p\u0159ipojen\u00ed\">4,9 kW \/ 11,7 A<\/td>\n<td width=\"129\" data-title=\"Rozm\u011bry v\/\u0161\/h [mm]\">535\/540\/320<\/td>\n<\/tr>\n<tr>\n<td width=\"124\" data-title=\"Model\">FLH 09 TSPA<\/td>\n<td width=\"170\" data-title=\"Parn\u00ed v\u00fdkon max\">8,2 \u2013 9,8 kg\/h<\/td>\n<td width=\"156\" data-title=\"El. p\u0159ipojen\u00ed\">7,3 kW \/ 17,5 A<\/td>\n<td width=\"129\" data-title=\"Rozm\u011bry v\/\u0161\/h [mm]\">535\/540\/320<\/td>\n<\/tr>\n<tr>\n<td width=\"124\" data-title=\"Model\">FLH 15 TSPA<\/td>\n<td width=\"170\" data-title=\"Parn\u00ed v\u00fdkon max\">13,7 \u2013 16,4 kg\/h<\/td>\n<td width=\"156\" data-title=\"El. p\u0159ipojen\u00ed\">12,3 kW \/ 17,1 A<\/td>\n<td width=\"129\" data-title=\"Rozm\u011bry v\/\u0161\/h [mm]\">695\/540\/320<\/td>\n<\/tr>\n<tr>\n<td width=\"124\" data-title=\"Model\">FLH 25 TSPA<\/td>\n<td width=\"170\" data-title=\"Parn\u00ed v\u00fdkon max\">22,5 \u2013 27,1 kg\/h<\/td>\n<td width=\"156\" data-title=\"El. p\u0159ipojen\u00ed\">20,3 kW \/ 28,3 A<\/td>\n<td width=\"129\" data-title=\"Rozm\u011bry v\/\u0161\/h [mm]\">695\/540\/320<\/td>\n<\/tr>\n<tr>\n<td width=\"124\" data-title=\"Model\">FLH 30 TSPA<\/td>\n<td width=\"170\" data-title=\"Parn\u00ed v\u00fdkon max\">27,4 \u2013 32,7 kg\/h<\/td>\n<td width=\"156\" data-title=\"El. p\u0159ipojen\u00ed\">24,5 kW \/ 34,1 A<\/td>\n<td width=\"129\" data-title=\"Rozm\u011bry v\/\u0161\/h [mm]\">785\/640\/420<\/td>\n<\/tr>\n<tr>\n<td width=\"124\" data-title=\"Model\">FLH 40 TSPA<\/td>\n<td width=\"170\" data-title=\"Parn\u00ed v\u00fdkon max\">36,5 \u2013 43,5 kg\/h<\/td>\n<td width=\"156\" data-title=\"El. p\u0159ipojen\u00ed\">32,6 kW \/ 45,4 A<\/td>\n<td width=\"129\" data-title=\"Rozm\u011bry v\/\u0161\/h [mm]\">785\/640\/420<\/td>\n<\/tr>\n<tr>\n<td width=\"124\" data-title=\"Model\">FLH 50 TSPA<\/td>\n<td width=\"170\" data-title=\"Parn\u00ed v\u00fdkon max\">45,5 \u2013 54,3 kg\/h<\/td>\n<td width=\"156\" data-title=\"El. p\u0159ipojen\u00ed\">40,7 kW \/ 56,6 A<\/td>\n<td width=\"129\" data-title=\"Rozm\u011bry v\/\u0161\/h [mm]\">785\/640\/420<\/td>\n<\/tr>\n<tr>\n<td width=\"124\" data-title=\"Model\">FLH 80 TSPA<\/td>\n<td width=\"170\" data-title=\"Parn\u00ed v\u00fdkon max\">73,0 \u2013 87,0 kg\/h<\/td>\n<td width=\"156\" data-title=\"El. p\u0159ipojen\u00ed\">2x (32,6 kW \/ 45,4 A)<\/td>\n<td width=\"129\" data-title=\"Rozm\u011bry v\/\u0161\/h [mm]\">785\/1170\/420<\/td>\n<\/tr>\n<tr>\n<td width=\"124\" data-title=\"Model\">FLH 100 TSPA<\/td>\n<td width=\"170\" data-title=\"Parn\u00ed v\u00fdkon max\">91,0-108,6 kg\/h<\/td>\n<td width=\"156\" data-title=\"El. p\u0159ipojen\u00ed\">2x (40,7 kW \/ 56,6 A)<\/td>\n<td width=\"129\" data-title=\"Rozm\u011bry v\/\u0161\/h [mm]\">785\/1170\/420<\/td>\n<\/tr>\n<\/tbody>\n<\/table>\n<div id=\"attachment_11180\" style=\"width: 310px\" class=\"wp-caption alignleft\"><img fetchpriority=\"high\" decoding=\"async\" aria-describedby=\"caption-attachment-11180\" class=\"size-medium wp-image-11180\" src=\"https:\/\/barrsell.com\/wp-content\/uploads\/2022\/12\/hygromatik-flexline-heaters-flh-tspa-enhanced-300x300.jpg\" alt=\"\" width=\"300\" height=\"300\" srcset=\"https:\/\/barrsell.com\/wp-content\/uploads\/2022\/12\/hygromatik-flexline-heaters-flh-tspa-enhanced-300x300.jpg 300w, https:\/\/barrsell.com\/wp-content\/uploads\/2022\/12\/hygromatik-flexline-heaters-flh-tspa-enhanced-1024x1024.jpg 1024w, https:\/\/barrsell.com\/wp-content\/uploads\/2022\/12\/hygromatik-flexline-heaters-flh-tspa-enhanced-150x150.jpg 150w, https:\/\/barrsell.com\/wp-content\/uploads\/2022\/12\/hygromatik-flexline-heaters-flh-tspa-enhanced-768x768.jpg 768w, https:\/\/barrsell.com\/wp-content\/uploads\/2022\/12\/hygromatik-flexline-heaters-flh-tspa-enhanced-12x12.jpg 12w, https:\/\/barrsell.com\/wp-content\/uploads\/2022\/12\/hygromatik-flexline-heaters-flh-tspa-enhanced-600x600.jpg 600w, https:\/\/barrsell.com\/wp-content\/uploads\/2022\/12\/hygromatik-flexline-heaters-flh-tspa-enhanced-50x50.jpg 50w, https:\/\/barrsell.com\/wp-content\/uploads\/2022\/12\/hygromatik-flexline-heaters-flh-tspa-enhanced-100x100.jpg 100w, https:\/\/barrsell.com\/wp-content\/uploads\/2022\/12\/hygromatik-flexline-heaters-flh-tspa-enhanced.jpg 1100w\" sizes=\"(max-width: 300px) 100vw, 300px\" \/><p id=\"caption-attachment-11180\" class=\"wp-caption-text\">hygromatik-flexline-heaters-flh-tspa-<\/p><\/div>\n<h4>Highlights of HygroMatik FlexLine FLH Spa<\/h4>\n<ol>\n<li><strong>Advanced Humidity Control<\/strong>: <a href=\"https:\/\/wdteknoloji.com\/kategori\/hygromatik-nemlendirici-urunler\/\">HygroMatik<\/a> The FlexLine FLHSpa precisely controls humidity levels in the spa environment. This ensures a comfortable atmosphere. Precise sensors and advanced algorithms continuously monitor and adjust the humidity balance.<\/li>\n<li><strong>Energy Efficiency<\/strong>: Offering high energy efficiency, FlexLine FLH Spa also minimizes energy consumption. In this way, it both supports environmental sustainability and reduces operating costs.<\/li>\n<li><strong>Easy Installation and Maintenance<\/strong>: HygroMatik FlexLine FLHSpa with its user-friendly interface and simple installation processes, you can start humidity control immediately. Maintenance processes are extremely easy. These features increase the operational efficiency of businesses.<\/li>\n<li><strong>Modular and Flexible Design<\/strong>: Designed to adapt to the various needs of spas and wellness centers. In particular, its modular structure makes it possible to customize and expand the system.<\/li>\n<\/ol>\n<h4>Use in Spa and Wellness Applications<\/h4>\n<p class=\" translation-block\"><strong>HygroMatik FlexLine FLH Spa<\/strong> delivers excellent performance in various spa and wellness applications:<\/p>\n<ul>\n<li class=\" translation-block\"><strong>Sauna and Steam Rooms<\/strong>: Proper management of humidity levels increases customer comfort.<\/li>\n<li class=\" translation-block\"><strong>Massage and Relaxation Areas<\/strong>: Ideal humidity conditions enhance the comfort of massage and relaxation zones.<\/li>\n<li class=\" translation-block\"><strong>Swimming Pools<\/strong>: Controls the humidity of the pool environment. In this way, it provides both user comfort and facilitates the maintenance of the facility.<\/li>\n<\/ul>\n<p><a href=\"https:\/\/barrsell.com\/wp-content\/uploads\/2022\/12\/HygroMatik-StandardLine-SLH-Nemlendirici.png\"><img decoding=\"async\" class=\"alignnone wp-image-14541\" src=\"https:\/\/barrsell.com\/wp-content\/uploads\/2022\/12\/HygroMatik-StandardLine-SLH-Nemlendirici-300x234.png\" alt=\"HygroMatik StandardLine SLH Humidifier\" width=\"500\" height=\"390\" srcset=\"https:\/\/barrsell.com\/wp-content\/uploads\/2022\/12\/HygroMatik-StandardLine-SLH-Nemlendirici-300x234.png 300w, https:\/\/barrsell.com\/wp-content\/uploads\/2022\/12\/HygroMatik-StandardLine-SLH-Nemlendirici-768x598.png 768w, https:\/\/barrsell.com\/wp-content\/uploads\/2022\/12\/HygroMatik-StandardLine-SLH-Nemlendirici-15x12.png 15w, https:\/\/barrsell.com\/wp-content\/uploads\/2022\/12\/HygroMatik-StandardLine-SLH-Nemlendirici-150x117.png 150w, https:\/\/barrsell.com\/wp-content\/uploads\/2022\/12\/HygroMatik-StandardLine-SLH-Nemlendirici.png 897w\" sizes=\"(max-width: 500px) 100vw, 500px\" \/><\/a><\/p>\n<p>The FLHSpa humidity control system offers superior humidity control, especially in spas and wellness centers. It improves both customer satisfaction and operational efficiency. Plus high energy efficiency, easy installation and maintenance, flexible design and long-lasting performance. FlexLine FLH Spa has become an indispensable part of modern spa facilities.<\/p>","protected":false},"excerpt":{"rendered":"<p><strong>Advanced Humidity Control<br \/>\nHigh energy efficiency<br \/>\nEasy Installation and Maintenance<br \/>\n<\/strong><\/p>","protected":false},"featured_media":11182,"template":"","meta":[],"product_cat":[113,125,127],"product_tag":[246,243,241],"class_list":{"0":"post-1375","1":"product","2":"type-product","3":"status-publish","4":"has-post-thumbnail","6":"product_cat-buhar-jeneratorleri-nemlendiriciler","7":"product_cat-hygromatik-buharli-nemlendirici","8":"product_cat-hygromatik-isitici-elementli-sistemler","9":"product_tag-buhar-jeneratoru","10":"product_tag-buharlinemlendirici","11":"product_tag-hygromatik","13":"first","14":"instock","15":"shipping-taxable","16":"purchasable","17":"product-type-variable"},"yoast_head":"<!-- This site is optimized with the Yoast SEO Premium plugin v23.2 (Yoast SEO v23.2) - https:\/\/yoast.com\/wordpress\/plugins\/seo\/ -->\n<title>HygroMatik FlexLine FLHSpa Nemlendirici | Barrsel End\u00fcstri<\/title>\n<meta name=\"description\" content=\"HygroMatik FlexLine FLHSpa Nemlendirici Spa\u00a0wellness merkezlerinde konfor ve sa\u011fl\u0131k i\u00e7in \u00f6n plandad\u0131r. Ortam\u0131n ideal nem seviyesini korumak,\" \/>\n<meta name=\"robots\" content=\"index, follow, max-snippet:-1, max-image-preview:large, max-video-preview:-1\" \/>\n<link rel=\"canonical\" href=\"https:\/\/barrsell.com\/en\/product\/hygromatik-flexline-flhspa\/\" \/>\n<meta property=\"og:locale\" content=\"en_US\" \/>\n<meta property=\"og:type\" content=\"article\" \/>\n<meta property=\"og:title\" content=\"HygroMatik FlexLine FLHSpa Nemlendirici\" \/>\n<meta property=\"og:description\" content=\"HygroMatik FlexLine FLHSpa Nemlendirici Spa\u00a0wellness merkezlerinde konfor ve sa\u011fl\u0131k i\u00e7in \u00f6n plandad\u0131r. Ortam\u0131n ideal nem seviyesini korumak,\" \/>\n<meta property=\"og:url\" content=\"https:\/\/barrsell.com\/en\/product\/hygromatik-flexline-flhspa\/\" \/>\n<meta property=\"og:site_name\" content=\"Barrsell\" \/>\n<meta property=\"article:modified_time\" content=\"2025-01-09T10:16:35+00:00\" \/>\n<meta property=\"og:image\" content=\"https:\/\/barrsell.com\/wp-content\/uploads\/2022\/12\/hygroMatik-FlexLine-FLHSpa.png\" \/>\n\t<meta property=\"og:image:width\" content=\"1200\" \/>\n\t<meta property=\"og:image:height\" content=\"1200\" \/>\n\t<meta property=\"og:image:type\" content=\"image\/png\" \/>\n<meta name=\"twitter:card\" content=\"summary_large_image\" \/>\n<meta name=\"twitter:label1\" content=\"Est. reading time\" \/>\n\t<meta name=\"twitter:data1\" content=\"4 minutes\" \/>\n<script type=\"application\/ld+json\" class=\"yoast-schema-graph\">{\"@context\":\"https:\/\/schema.org\",\"@graph\":[{\"@type\":\"WebPage\",\"@id\":\"https:\/\/barrsell.com\/urun\/hygromatik-flexline-flhspa\/\",\"url\":\"https:\/\/barrsell.com\/urun\/hygromatik-flexline-flhspa\/\",\"name\":\"HygroMatik FlexLine FLHSpa Nemlendirici | Barrsel End\u00fcstri\",\"isPartOf\":{\"@id\":\"https:\/\/barrsell.com\/#website\"},\"primaryImageOfPage\":{\"@id\":\"https:\/\/barrsell.com\/urun\/hygromatik-flexline-flhspa\/#primaryimage\"},\"image\":{\"@id\":\"https:\/\/barrsell.com\/urun\/hygromatik-flexline-flhspa\/#primaryimage\"},\"thumbnailUrl\":\"https:\/\/barrsell.com\/wp-content\/uploads\/2022\/12\/hygroMatik-FlexLine-FLHSpa.png\",\"datePublished\":\"2022-12-09T14:20:13+00:00\",\"dateModified\":\"2025-01-09T10:16:35+00:00\",\"description\":\"HygroMatik FlexLine FLHSpa Nemlendirici Spa\u00a0wellness merkezlerinde konfor ve sa\u011fl\u0131k i\u00e7in \u00f6n plandad\u0131r. Ortam\u0131n ideal nem seviyesini korumak,\",\"breadcrumb\":{\"@id\":\"https:\/\/barrsell.com\/urun\/hygromatik-flexline-flhspa\/#breadcrumb\"},\"inLanguage\":\"en-US\",\"potentialAction\":[{\"@type\":\"ReadAction\",\"target\":[\"https:\/\/barrsell.com\/urun\/hygromatik-flexline-flhspa\/\"]}]},{\"@type\":\"ImageObject\",\"inLanguage\":\"en-US\",\"@id\":\"https:\/\/barrsell.com\/urun\/hygromatik-flexline-flhspa\/#primaryimage\",\"url\":\"https:\/\/barrsell.com\/wp-content\/uploads\/2022\/12\/hygroMatik-FlexLine-FLHSpa.png\",\"contentUrl\":\"https:\/\/barrsell.com\/wp-content\/uploads\/2022\/12\/hygroMatik-FlexLine-FLHSpa.png\",\"width\":1200,\"height\":1200,\"caption\":\"hygroMatik-FlexLine-FLHSpa.\"},{\"@type\":\"BreadcrumbList\",\"@id\":\"https:\/\/barrsell.com\/urun\/hygromatik-flexline-flhspa\/#breadcrumb\",\"itemListElement\":[{\"@type\":\"ListItem\",\"position\":1,\"name\":\"Home\",\"item\":\"https:\/\/barrsell.com\/\"},{\"@type\":\"ListItem\",\"position\":2,\"name\":\"\u00dcr\u00fcnler\",\"item\":\"https:\/\/barrsell.com\/en\/products\/\"},{\"@type\":\"ListItem\",\"position\":3,\"name\":\"HygroMatik FlexLine FLHSpa Nemlendirici\"}]},{\"@type\":\"WebSite\",\"@id\":\"https:\/\/barrsell.com\/#website\",\"url\":\"https:\/\/barrsell.com\/\",\"name\":\"Barrsell End\u00fcstri Makine\",\"description\":\"Teknolojiyle G\u00fc\u00e7lenen End\u00fcstriyel \u00c7\u00f6z\u00fcmler!\",\"potentialAction\":[{\"@type\":\"SearchAction\",\"target\":{\"@type\":\"EntryPoint\",\"urlTemplate\":\"https:\/\/barrsell.com\/?s={search_term_string}\"},\"query-input\":\"required name=search_term_string\"}],\"inLanguage\":\"en-US\"}]}<\/script>\n<!-- \/ Yoast SEO Premium plugin. -->","yoast_head_json":{"title":"HygroMatik FlexLine FLHSpa Nemlendirici | Barrsel End\u00fcstri","description":"HygroMatik FlexLine FLHSpa Nemlendirici Spa\u00a0wellness merkezlerinde konfor ve sa\u011fl\u0131k i\u00e7in \u00f6n plandad\u0131r. Ortam\u0131n ideal nem seviyesini korumak,","robots":{"index":"index","follow":"follow","max-snippet":"max-snippet:-1","max-image-preview":"max-image-preview:large","max-video-preview":"max-video-preview:-1"},"canonical":"https:\/\/barrsell.com\/en\/product\/hygromatik-flexline-flhspa\/","og_locale":"en_US","og_type":"article","og_title":"HygroMatik FlexLine FLHSpa Nemlendirici","og_description":"HygroMatik FlexLine FLHSpa Nemlendirici Spa\u00a0wellness merkezlerinde konfor ve sa\u011fl\u0131k i\u00e7in \u00f6n plandad\u0131r. Ortam\u0131n ideal nem seviyesini korumak,","og_url":"https:\/\/barrsell.com\/en\/product\/hygromatik-flexline-flhspa\/","og_site_name":"Barrsell","article_modified_time":"2025-01-09T10:16:35+00:00","og_image":[{"width":1200,"height":1200,"url":"https:\/\/barrsell.com\/wp-content\/uploads\/2022\/12\/hygroMatik-FlexLine-FLHSpa.png","type":"image\/png"}],"twitter_card":"summary_large_image","twitter_misc":{"Est. reading time":"4 minutes"},"schema":{"@context":"https:\/\/schema.org","@graph":[{"@type":"WebPage","@id":"https:\/\/barrsell.com\/urun\/hygromatik-flexline-flhspa\/","url":"https:\/\/barrsell.com\/urun\/hygromatik-flexline-flhspa\/","name":"HygroMatik FlexLine FLHSpa Nemlendirici | Barrsel End\u00fcstri","isPartOf":{"@id":"https:\/\/barrsell.com\/#website"},"primaryImageOfPage":{"@id":"https:\/\/barrsell.com\/urun\/hygromatik-flexline-flhspa\/#primaryimage"},"image":{"@id":"https:\/\/barrsell.com\/urun\/hygromatik-flexline-flhspa\/#primaryimage"},"thumbnailUrl":"https:\/\/barrsell.com\/wp-content\/uploads\/2022\/12\/hygroMatik-FlexLine-FLHSpa.png","datePublished":"2022-12-09T14:20:13+00:00","dateModified":"2025-01-09T10:16:35+00:00","description":"HygroMatik FlexLine FLHSpa Nemlendirici Spa\u00a0wellness merkezlerinde konfor ve sa\u011fl\u0131k i\u00e7in \u00f6n plandad\u0131r. Ortam\u0131n ideal nem seviyesini korumak,","breadcrumb":{"@id":"https:\/\/barrsell.com\/urun\/hygromatik-flexline-flhspa\/#breadcrumb"},"inLanguage":"en-US","potentialAction":[{"@type":"ReadAction","target":["https:\/\/barrsell.com\/urun\/hygromatik-flexline-flhspa\/"]}]},{"@type":"ImageObject","inLanguage":"en-US","@id":"https:\/\/barrsell.com\/urun\/hygromatik-flexline-flhspa\/#primaryimage","url":"https:\/\/barrsell.com\/wp-content\/uploads\/2022\/12\/hygroMatik-FlexLine-FLHSpa.png","contentUrl":"https:\/\/barrsell.com\/wp-content\/uploads\/2022\/12\/hygroMatik-FlexLine-FLHSpa.png","width":1200,"height":1200,"caption":"hygroMatik-FlexLine-FLHSpa."},{"@type":"BreadcrumbList","@id":"https:\/\/barrsell.com\/urun\/hygromatik-flexline-flhspa\/#breadcrumb","itemListElement":[{"@type":"ListItem","position":1,"name":"Home","item":"https:\/\/barrsell.com\/"},{"@type":"ListItem","position":2,"name":"\u00dcr\u00fcnler","item":"https:\/\/barrsell.com\/en\/products\/"},{"@type":"ListItem","position":3,"name":"HygroMatik FlexLine FLHSpa Nemlendirici"}]},{"@type":"WebSite","@id":"https:\/\/barrsell.com\/#website","url":"https:\/\/barrsell.com\/","name":"Barrsell End\u00fcstri Makine","description":"Teknolojiyle G\u00fc\u00e7lenen End\u00fcstriyel \u00c7\u00f6z\u00fcmler!","potentialAction":[{"@type":"SearchAction","target":{"@type":"EntryPoint","urlTemplate":"https:\/\/barrsell.com\/?s={search_term_string}"},"query-input":"required name=search_term_string"}],"inLanguage":"en-US"}]}},"_links":{"self":[{"href":"https:\/\/barrsell.com\/en\/wp-json\/wp\/v2\/product\/1375","targetHints":{"allow":["GET"]}}],"collection":[{"href":"https:\/\/barrsell.com\/en\/wp-json\/wp\/v2\/product"}],"about":[{"href":"https:\/\/barrsell.com\/en\/wp-json\/wp\/v2\/types\/product"}],"version-history":[{"count":9,"href":"https:\/\/barrsell.com\/en\/wp-json\/wp\/v2\/product\/1375\/revisions"}],"predecessor-version":[{"id":20102,"href":"https:\/\/barrsell.com\/en\/wp-json\/wp\/v2\/product\/1375\/revisions\/20102"}],"wp:featuredmedia":[{"embeddable":true,"href":"https:\/\/barrsell.com\/en\/wp-json\/wp\/v2\/media\/11182"}],"wp:attachment":[{"href":"https:\/\/barrsell.com\/en\/wp-json\/wp\/v2\/media?parent=1375"}],"wp:term":[{"taxonomy":"product_cat","embeddable":true,"href":"https:\/\/barrsell.com\/en\/wp-json\/wp\/v2\/product_cat?post=1375"},{"taxonomy":"product_tag","embeddable":true,"href":"https:\/\/barrsell.com\/en\/wp-json\/wp\/v2\/product_tag?post=1375"}],"curies":[{"name":"wp","href":"https:\/\/api.w.org\/{rel}","templated":true}]}}