{"id":13736,"date":"2024-09-02T11:39:51","date_gmt":"2024-09-02T11:39:51","guid":{"rendered":"https:\/\/barrsell.com\/?post_type=product&#038;p=13736"},"modified":"2024-12-15T13:09:44","modified_gmt":"2024-12-15T13:09:44","slug":"eos-esans-dozaj-pompasi","status":"publish","type":"product","link":"https:\/\/barrsell.com\/en\/product\/eos-essence-dosage-pump\/","title":{"rendered":"Eos Essence Dosing Pump"},"content":{"rendered":"<div class=\"flex max-w-full flex-col flex-grow\">\n<div class=\"min-h-[20px] text-message flex w-full flex-col items-end gap-2 break-words [.text-message+&amp;]:mt-5 overflow-x-auto whitespace-normal\" dir=\"auto\" data-message-author-role=\"assistant\" data-message-id=\"cd223919-0cea-4fcb-9229-51b96945282a\">\n<div class=\"flex w-full flex-col gap-1 empty:hidden first:pt-[3px]\">\n<div class=\"markdown prose w-full break-words dark:prose-invert light\">\n<h2>Eos Essence Dosing Pump<\/h2>\n<\/div>\n<\/div>\n<\/div>\n<\/div>\n<div class=\"mt-1 flex gap-3 empty:hidden -ml-2\">\n<div class=\"items-center justify-start rounded-xl p-1 flex\">\n<div class=\"flex items-center\">\n<p>Eos Essence Dosing Pump is designed for steam rooms, saunas and other industrial applications. It is also a high precision fragrance dosing system. This pump enables users to achieve reliable and at the same time controlled chemical dosing even in the most demanding conditions. In addition, the Eos Fragrance Pump with advanced microprocessor control guarantees the correct amount and continuous application of chemicals. This feature both increases process efficiency and prevents material waste. In particular, the pump has a flexible design that can adapt to variable flow rates, making it possible to precisely manage different chemical concentrations.<\/p>\n<h4><strong>Eos Essence Dosing Pump 94.6297 Technical Specifications:<\/strong><\/h4>\n<ul>\n<li style=\"list-style-type: none;\">\n<ul>\n<li><strong>Power Supply<\/strong>: 230 &#8211; 240 V AC, 50\/60 Hz<\/li>\n<li><strong>Power Consumption<\/strong>: 8 W<\/li>\n<li class=\" translation-block\"><strong>Tube Material<\/strong>: 6.25 x 10.65 mm, 70SH hardness<\/li>\n<li class=\" translation-block\"><strong>Dosing pump Type<\/strong>: Peristaltic pump<\/li>\n<li><strong>CC\/Devrim<\/strong>: 2,5<\/li>\n<li class=\" translation-block\"><strong>Connection<\/strong>: \u00d8 4 x 6 mm hose connection<\/li>\n<li class=\" translation-block\"><strong>Flow<\/strong>: 5 l\/h with continuous operation<\/li>\n<li class=\" translation-block\"><strong>GPH<\/strong>: 1.319 gallons per hour<\/li>\n<li class=\" translation-block\"><strong>GDP<\/strong>: 31.68 gallons\/day<\/li>\n<li class=\" translation-block\"><strong>Back Pressure<\/strong>: 1.5 bar<\/li>\n<li><strong>Sea Water Density<\/strong>: 1,15<\/li>\n<li><strong>Pressure<\/strong>: 21,75 psi<\/li>\n<li class=\" translation-block\"><strong>IP Class<\/strong>: IP20 (low dust protection)<\/li>\n<li class=\" translation-block\"><strong>Driver<\/strong>: Efficient DC motor with built-in driver board.<\/li>\n<\/ul>\n<\/li>\n<\/ul>\n<h4><strong>Advantages and Benefits:<\/strong><\/h4>\n<ul>\n<li class=\" translation-block\"><strong>Reliable peristaltic pump with replaceable dosing tube<\/strong>: Easy maintenance and long service life.<\/li>\n<li class=\" translation-block\"><strong>Solid metal housing for wall mounting<\/strong>: Durable and also space-saving with a compact design.<\/li>\n<li class=\" translation-block\"><strong>Very easy to install and use<\/strong>: The connection cable is pre-assembled, so installation is quick and effortless.<\/li>\n<li class=\" translation-block\"><strong>The ideal accessory for Econ S2 and Steamrock II Basic<\/strong>: Perfect compatibility with these devices (available separately)<\/li>\n<li class=\" translation-block\"><strong>EOS kalitesiyle Eos Dozaj pompas\u0131 Almanya \u00fcretim:<\/strong> G\u00fcvenli  Alman m\u00fchendisli\u011fi.<\/li>\n<\/ul>\n<ul>\n<li style=\"list-style-type: none;\"><\/li>\n<\/ul>\n<\/div>\n<\/div>\n<\/div>","protected":false},"excerpt":{"rendered":"<ul class=\"product-property-list util-clearfix\">\n<li class=\"property-item\"><span class=\"propery-title\">Dimensions height (mm)<\/span><span class=\"propery-des\">93<\/span><\/li>\n<li class=\"property-item\"><span class=\"propery-title\">Dimensions width (mm)<\/span><span class=\"propery-des\">111<\/span><\/li>\n<li class=\"property-item\"><span class=\"propery-title\">Dimensions depth (mm)<\/span><span class=\"propery-des\">138<\/span><\/li>\n<\/ul>","protected":false},"featured_media":13738,"template":"","meta":[],"product_cat":[154],"product_tag":[],"class_list":{"0":"post-13736","1":"product","2":"type-product","3":"status-publish","4":"has-post-thumbnail","6":"product_cat-eos-yedek-parcalari","8":"first","9":"instock","10":"shipping-taxable","11":"product-type-external"},"yoast_head":"<!-- This site is optimized with the Yoast SEO Premium plugin v23.2 (Yoast SEO v23.2) - https:\/\/yoast.com\/wordpress\/plugins\/seo\/ -->\n<title>Eos Esans Dozaj Pompas\u0131 | Barrsell End\u00fcstri<\/title>\n<meta name=\"description\" content=\"Eos Esans Dozaj Pompas\u0131, buhar odalar\u0131, saunalar ve di\u011fer end\u00fcstriyel uygulamalar i\u00e7in tasarlanm\u0131\u015f, y\u00fcksek hassasiyetli bir koku dozajlama sistemidir.\" \/>\n<meta name=\"robots\" content=\"index, follow, max-snippet:-1, max-image-preview:large, max-video-preview:-1\" \/>\n<link rel=\"canonical\" href=\"https:\/\/barrsell.com\/en\/product\/eos-essence-dosage-pump\/\" \/>\n<meta property=\"og:locale\" content=\"en_US\" \/>\n<meta property=\"og:type\" content=\"article\" \/>\n<meta property=\"og:title\" content=\"Eos Esans Dozaj Pompas\u0131\" \/>\n<meta property=\"og:description\" content=\"Eos Esans Dozaj Pompas\u0131, buhar odalar\u0131, saunalar ve di\u011fer end\u00fcstriyel uygulamalar i\u00e7in tasarlanm\u0131\u015f, y\u00fcksek hassasiyetli bir koku dozajlama sistemidir.\" \/>\n<meta property=\"og:url\" content=\"https:\/\/barrsell.com\/en\/product\/eos-essence-dosage-pump\/\" \/>\n<meta property=\"og:site_name\" content=\"Barrsell\" \/>\n<meta property=\"article:modified_time\" content=\"2024-12-15T13:09:44+00:00\" \/>\n<meta property=\"og:image\" content=\"https:\/\/barrsell.com\/wp-content\/uploads\/2024\/09\/Eos-Esans-Dozaj-Pompasi.png\" \/>\n\t<meta property=\"og:image:width\" content=\"1200\" \/>\n\t<meta property=\"og:image:height\" content=\"1200\" \/>\n\t<meta property=\"og:image:type\" content=\"image\/png\" \/>\n<meta name=\"twitter:card\" content=\"summary_large_image\" \/>\n<meta name=\"twitter:label1\" content=\"Est. reading time\" \/>\n\t<meta name=\"twitter:data1\" content=\"2 minutes\" \/>\n<script type=\"application\/ld+json\" class=\"yoast-schema-graph\">{\"@context\":\"https:\/\/schema.org\",\"@graph\":[{\"@type\":\"WebPage\",\"@id\":\"https:\/\/barrsell.com\/urun\/eos-esans-dozaj-pompasi\/\",\"url\":\"https:\/\/barrsell.com\/urun\/eos-esans-dozaj-pompasi\/\",\"name\":\"Eos Esans Dozaj Pompas\u0131 | Barrsell End\u00fcstri\",\"isPartOf\":{\"@id\":\"https:\/\/barrsell.com\/#website\"},\"primaryImageOfPage\":{\"@id\":\"https:\/\/barrsell.com\/urun\/eos-esans-dozaj-pompasi\/#primaryimage\"},\"image\":{\"@id\":\"https:\/\/barrsell.com\/urun\/eos-esans-dozaj-pompasi\/#primaryimage\"},\"thumbnailUrl\":\"https:\/\/barrsell.com\/wp-content\/uploads\/2024\/09\/Eos-Esans-Dozaj-Pompasi.png\",\"datePublished\":\"2024-09-02T11:39:51+00:00\",\"dateModified\":\"2024-12-15T13:09:44+00:00\",\"description\":\"Eos Esans Dozaj Pompas\u0131, buhar odalar\u0131, saunalar ve di\u011fer end\u00fcstriyel uygulamalar i\u00e7in tasarlanm\u0131\u015f, y\u00fcksek hassasiyetli bir koku dozajlama sistemidir.\",\"breadcrumb\":{\"@id\":\"https:\/\/barrsell.com\/urun\/eos-esans-dozaj-pompasi\/#breadcrumb\"},\"inLanguage\":\"en-US\",\"potentialAction\":[{\"@type\":\"ReadAction\",\"target\":[\"https:\/\/barrsell.com\/urun\/eos-esans-dozaj-pompasi\/\"]}]},{\"@type\":\"ImageObject\",\"inLanguage\":\"en-US\",\"@id\":\"https:\/\/barrsell.com\/urun\/eos-esans-dozaj-pompasi\/#primaryimage\",\"url\":\"https:\/\/barrsell.com\/wp-content\/uploads\/2024\/09\/Eos-Esans-Dozaj-Pompasi.png\",\"contentUrl\":\"https:\/\/barrsell.com\/wp-content\/uploads\/2024\/09\/Eos-Esans-Dozaj-Pompasi.png\",\"width\":1200,\"height\":1200,\"caption\":\"Eos Esans Dozaj Pompas\u0131\"},{\"@type\":\"BreadcrumbList\",\"@id\":\"https:\/\/barrsell.com\/urun\/eos-esans-dozaj-pompasi\/#breadcrumb\",\"itemListElement\":[{\"@type\":\"ListItem\",\"position\":1,\"name\":\"Home\",\"item\":\"https:\/\/barrsell.com\/\"},{\"@type\":\"ListItem\",\"position\":2,\"name\":\"\u00dcr\u00fcnler\",\"item\":\"https:\/\/barrsell.com\/en\/products\/\"},{\"@type\":\"ListItem\",\"position\":3,\"name\":\"Eos Esans Dozaj Pompas\u0131\"}]},{\"@type\":\"WebSite\",\"@id\":\"https:\/\/barrsell.com\/#website\",\"url\":\"https:\/\/barrsell.com\/\",\"name\":\"Barrsell End\u00fcstri Makine\",\"description\":\"Teknolojiyle G\u00fc\u00e7lenen End\u00fcstriyel \u00c7\u00f6z\u00fcmler!\",\"potentialAction\":[{\"@type\":\"SearchAction\",\"target\":{\"@type\":\"EntryPoint\",\"urlTemplate\":\"https:\/\/barrsell.com\/?s={search_term_string}\"},\"query-input\":\"required name=search_term_string\"}],\"inLanguage\":\"en-US\"}]}<\/script>\n<!-- \/ Yoast SEO Premium plugin. -->","yoast_head_json":{"title":"Eos Esans Dozaj Pompas\u0131 | Barrsell End\u00fcstri","description":"Eos Esans Dozaj Pompas\u0131, buhar odalar\u0131, saunalar ve di\u011fer end\u00fcstriyel uygulamalar i\u00e7in tasarlanm\u0131\u015f, y\u00fcksek hassasiyetli bir koku dozajlama sistemidir.","robots":{"index":"index","follow":"follow","max-snippet":"max-snippet:-1","max-image-preview":"max-image-preview:large","max-video-preview":"max-video-preview:-1"},"canonical":"https:\/\/barrsell.com\/en\/product\/eos-essence-dosage-pump\/","og_locale":"en_US","og_type":"article","og_title":"Eos Esans Dozaj Pompas\u0131","og_description":"Eos Esans Dozaj Pompas\u0131, buhar odalar\u0131, saunalar ve di\u011fer end\u00fcstriyel uygulamalar i\u00e7in tasarlanm\u0131\u015f, y\u00fcksek hassasiyetli bir koku dozajlama sistemidir.","og_url":"https:\/\/barrsell.com\/en\/product\/eos-essence-dosage-pump\/","og_site_name":"Barrsell","article_modified_time":"2024-12-15T13:09:44+00:00","og_image":[{"width":1200,"height":1200,"url":"https:\/\/barrsell.com\/wp-content\/uploads\/2024\/09\/Eos-Esans-Dozaj-Pompasi.png","type":"image\/png"}],"twitter_card":"summary_large_image","twitter_misc":{"Est. reading time":"2 minutes"},"schema":{"@context":"https:\/\/schema.org","@graph":[{"@type":"WebPage","@id":"https:\/\/barrsell.com\/urun\/eos-esans-dozaj-pompasi\/","url":"https:\/\/barrsell.com\/urun\/eos-esans-dozaj-pompasi\/","name":"Eos Esans Dozaj Pompas\u0131 | Barrsell End\u00fcstri","isPartOf":{"@id":"https:\/\/barrsell.com\/#website"},"primaryImageOfPage":{"@id":"https:\/\/barrsell.com\/urun\/eos-esans-dozaj-pompasi\/#primaryimage"},"image":{"@id":"https:\/\/barrsell.com\/urun\/eos-esans-dozaj-pompasi\/#primaryimage"},"thumbnailUrl":"https:\/\/barrsell.com\/wp-content\/uploads\/2024\/09\/Eos-Esans-Dozaj-Pompasi.png","datePublished":"2024-09-02T11:39:51+00:00","dateModified":"2024-12-15T13:09:44+00:00","description":"Eos Esans Dozaj Pompas\u0131, buhar odalar\u0131, saunalar ve di\u011fer end\u00fcstriyel uygulamalar i\u00e7in tasarlanm\u0131\u015f, y\u00fcksek hassasiyetli bir koku dozajlama sistemidir.","breadcrumb":{"@id":"https:\/\/barrsell.com\/urun\/eos-esans-dozaj-pompasi\/#breadcrumb"},"inLanguage":"en-US","potentialAction":[{"@type":"ReadAction","target":["https:\/\/barrsell.com\/urun\/eos-esans-dozaj-pompasi\/"]}]},{"@type":"ImageObject","inLanguage":"en-US","@id":"https:\/\/barrsell.com\/urun\/eos-esans-dozaj-pompasi\/#primaryimage","url":"https:\/\/barrsell.com\/wp-content\/uploads\/2024\/09\/Eos-Esans-Dozaj-Pompasi.png","contentUrl":"https:\/\/barrsell.com\/wp-content\/uploads\/2024\/09\/Eos-Esans-Dozaj-Pompasi.png","width":1200,"height":1200,"caption":"Eos Esans Dozaj Pompas\u0131"},{"@type":"BreadcrumbList","@id":"https:\/\/barrsell.com\/urun\/eos-esans-dozaj-pompasi\/#breadcrumb","itemListElement":[{"@type":"ListItem","position":1,"name":"Home","item":"https:\/\/barrsell.com\/"},{"@type":"ListItem","position":2,"name":"\u00dcr\u00fcnler","item":"https:\/\/barrsell.com\/en\/products\/"},{"@type":"ListItem","position":3,"name":"Eos Esans Dozaj Pompas\u0131"}]},{"@type":"WebSite","@id":"https:\/\/barrsell.com\/#website","url":"https:\/\/barrsell.com\/","name":"Barrsell End\u00fcstri Makine","description":"Teknolojiyle G\u00fc\u00e7lenen End\u00fcstriyel \u00c7\u00f6z\u00fcmler!","potentialAction":[{"@type":"SearchAction","target":{"@type":"EntryPoint","urlTemplate":"https:\/\/barrsell.com\/?s={search_term_string}"},"query-input":"required name=search_term_string"}],"inLanguage":"en-US"}]}},"_links":{"self":[{"href":"https:\/\/barrsell.com\/en\/wp-json\/wp\/v2\/product\/13736","targetHints":{"allow":["GET"]}}],"collection":[{"href":"https:\/\/barrsell.com\/en\/wp-json\/wp\/v2\/product"}],"about":[{"href":"https:\/\/barrsell.com\/en\/wp-json\/wp\/v2\/types\/product"}],"version-history":[{"count":8,"href":"https:\/\/barrsell.com\/en\/wp-json\/wp\/v2\/product\/13736\/revisions"}],"predecessor-version":[{"id":19258,"href":"https:\/\/barrsell.com\/en\/wp-json\/wp\/v2\/product\/13736\/revisions\/19258"}],"wp:featuredmedia":[{"embeddable":true,"href":"https:\/\/barrsell.com\/en\/wp-json\/wp\/v2\/media\/13738"}],"wp:attachment":[{"href":"https:\/\/barrsell.com\/en\/wp-json\/wp\/v2\/media?parent=13736"}],"wp:term":[{"taxonomy":"product_cat","embeddable":true,"href":"https:\/\/barrsell.com\/en\/wp-json\/wp\/v2\/product_cat?post=13736"},{"taxonomy":"product_tag","embeddable":true,"href":"https:\/\/barrsell.com\/en\/wp-json\/wp\/v2\/product_tag?post=13736"}],"curies":[{"name":"wp","href":"https:\/\/api.w.org\/{rel}","templated":true}]}}