{"id":13733,"date":"2024-09-02T11:35:24","date_gmt":"2024-09-02T11:35:24","guid":{"rendered":"https:\/\/barrsell.com\/?post_type=product&#038;p=13733"},"modified":"2024-12-15T13:35:30","modified_gmt":"2024-12-15T13:35:30","slug":"eos-nemlendirici-hoparlor","status":"publish","type":"product","link":"https:\/\/barrsell.com\/en\/product\/eos-humidifier-speaker\/","title":{"rendered":"Eos Humidifier Speaker"},"content":{"rendered":"<div class=\"flex max-w-full flex-col flex-grow\">\n<div class=\"min-h-[20px] text-message flex w-full flex-col items-end gap-2 break-words [.text-message+&amp;]:mt-5 overflow-x-auto whitespace-normal\" dir=\"auto\" data-message-author-role=\"assistant\" data-message-id=\"cd223919-0cea-4fcb-9229-51b96945282a\">\n<div class=\"flex w-full flex-col gap-1 empty:hidden first:pt-[3px]\">\n<div class=\"markdown prose w-full break-words dark:prose-invert light\">\n<h2>Eos Humidifier Speaker Premium 16 cm (6.5\u2033) Waterproof For Steam Rooms<\/h2>\n<p>The Eos Humidifier Speaker is specially designed for use in steam rooms and high humidity environments. It also offers superior sound quality and durability. This waterproof speaker is characterized by a balanced frequency response, high efficiency and excellent high-mid range sound reproduction. Also delivering 80 W continuous power (100 W peak power) at 4 Ohm impedance, this speaker features a 2-way coaxial construction with molded plastic cone, robust plastic basket and protective grille. In addition, corrosion-resistant coatings and waterproof components (coated magnet, silicone-coated leads) ensure long-lasting performance.<\/p>\n<h3><strong>Eos Speaker Specifications:<\/strong><\/h3>\n<ol>\n<li><strong>Product Code<\/strong>: 94.6196 - A unique steam room speaker with EOS quality.<\/li>\n<li><strong>Power Capacity<\/strong>: Maximum 30 W - delivers clear and powerful sound even in a steam room environment.<\/li>\n<li><strong>Frekans Aral\u0131\u011f\u0131<\/strong>: 80 Hz - 15 kHz - Provides superior performance in both low and high tones with a wide frequency range.<\/li>\n<li><strong>Empedans<\/strong>: 8 Ohms - High compatibility and efficient operation.<\/li>\n<li><strong>Material<\/strong>: Special water-resistant coating and long service life in steam rooms with high humidity.<\/li>\n<li><strong>Mounting Type<\/strong>: Design suitable for wall or ceiling mounting.<\/li>\n<li><strong>Dimensions<\/strong>: Humidifier loudspeaker compact structure - Provides an aesthetic appearance in the space.<\/li>\n<li><strong>IP Class<\/strong>: IP65 - Full protection against dust and water splashes.<\/li>\n<li><strong>Connection Type<\/strong>: Standard wired connection. Easy installation and operation at the same time.<\/li>\n<li><strong>Weight<\/strong>: Lightweight design for ease of installation and transportation.<\/li>\n<\/ol>\n<h3><strong>Advantages:<\/strong><\/h3>\n<ol>\n<li><strong>Resilience<\/strong>: Specially manufactured for the high humidity and temperature conditions of steam rooms.<\/li>\n<li><strong>Superior Sound Quality<\/strong>: Creates a relaxing atmosphere with crystal clear sound.<\/li>\n<li><strong>Easy Assembly<\/strong>: An easy-to-use structure designed for wall or ceiling mounting.<\/li>\n<li><strong>Long Lasting Use<\/strong>: Resistant to abrasion thanks to its water resistant material.<\/li>\n<li class=\" translation-block\"><strong>Aesthetic Design<\/strong>: The Eos Loudspeaker fits especially well into the decoration of steam rooms with its modern and stylish look.<\/li>\n<li><strong>Energy Efficiency<\/strong>: High performance with low power consumption.<\/li>\n<li><strong>German Engineering<\/strong>: Made in Germany with EOS quality production standards.<\/li>\n<\/ol>\n<\/div>\n<\/div>\n<\/div>\n<\/div>","protected":false},"excerpt":{"rendered":"<ul class=\"product-property-list util-clearfix\">\n<li class=\"property-item\"><span class=\"propery-title\">Dimensions depth (mm)<\/span><span class=\"propery-des\">71<\/span><\/li>\n<li class=\"property-item\"><span class=\"propery-title\">Diameter (mm)<\/span><span class=\"propery-des\">180<\/span><\/li>\n<li class=\"property-item\"><span class=\"propery-title\">Weight (kg)<\/span><span class=\"propery-des\">0,46<\/span><\/li>\n<\/ul>","protected":false},"featured_media":13735,"template":"","meta":[],"product_cat":[154],"product_tag":[],"class_list":{"0":"post-13733","1":"product","2":"type-product","3":"status-publish","4":"has-post-thumbnail","6":"product_cat-eos-yedek-parcalari","8":"first","9":"instock","10":"shipping-taxable","11":"purchasable","12":"product-type-variable"},"yoast_head":"<!-- This site is optimized with the Yoast SEO Premium plugin v23.2 (Yoast SEO v23.2) - https:\/\/yoast.com\/wordpress\/plugins\/seo\/ -->\n<title>Eos Nemlendirici Hoparl\u00f6r | Barrsell End\u00fcstri<\/title>\n<meta name=\"description\" content=\"Eos Nemlendirici Hoparl\u00f6r buhar odalar\u0131 ve y\u00fcksek nemli ortamlarda kullan\u0131m i\u00e7in \u00f6zel olarak tasarlanm\u0131\u015ft\u0131r. \u00dcst\u00fcn ses kalitesi ve dayan\u0131kl\u0131l\u0131k sunar.\" \/>\n<meta name=\"robots\" content=\"index, follow, max-snippet:-1, max-image-preview:large, max-video-preview:-1\" \/>\n<link rel=\"canonical\" href=\"https:\/\/barrsell.com\/en\/product\/eos-humidifier-speaker\/\" \/>\n<meta property=\"og:locale\" content=\"en_US\" \/>\n<meta property=\"og:type\" content=\"article\" \/>\n<meta property=\"og:title\" content=\"Eos Nemlendirici Hoparl\u00f6r\" \/>\n<meta property=\"og:description\" content=\"Eos Nemlendirici Hoparl\u00f6r buhar odalar\u0131 ve y\u00fcksek nemli ortamlarda kullan\u0131m i\u00e7in \u00f6zel olarak tasarlanm\u0131\u015ft\u0131r. \u00dcst\u00fcn ses kalitesi ve dayan\u0131kl\u0131l\u0131k sunar.\" \/>\n<meta property=\"og:url\" content=\"https:\/\/barrsell.com\/en\/product\/eos-humidifier-speaker\/\" \/>\n<meta property=\"og:site_name\" content=\"Barrsell\" \/>\n<meta property=\"article:modified_time\" content=\"2024-12-15T13:35:30+00:00\" \/>\n<meta property=\"og:image\" content=\"https:\/\/barrsell.com\/wp-content\/uploads\/2024\/09\/Eos-Hoparlor.png\" \/>\n\t<meta property=\"og:image:width\" content=\"1200\" \/>\n\t<meta property=\"og:image:height\" content=\"1200\" \/>\n\t<meta property=\"og:image:type\" content=\"image\/png\" \/>\n<meta name=\"twitter:card\" content=\"summary_large_image\" \/>\n<meta name=\"twitter:label1\" content=\"Est. reading time\" \/>\n\t<meta name=\"twitter:data1\" content=\"3 minutes\" \/>\n<script type=\"application\/ld+json\" class=\"yoast-schema-graph\">{\"@context\":\"https:\/\/schema.org\",\"@graph\":[{\"@type\":\"WebPage\",\"@id\":\"https:\/\/barrsell.com\/urun\/eos-nemlendirici-hoparlor\/\",\"url\":\"https:\/\/barrsell.com\/urun\/eos-nemlendirici-hoparlor\/\",\"name\":\"Eos Nemlendirici Hoparl\u00f6r | Barrsell End\u00fcstri\",\"isPartOf\":{\"@id\":\"https:\/\/barrsell.com\/#website\"},\"primaryImageOfPage\":{\"@id\":\"https:\/\/barrsell.com\/urun\/eos-nemlendirici-hoparlor\/#primaryimage\"},\"image\":{\"@id\":\"https:\/\/barrsell.com\/urun\/eos-nemlendirici-hoparlor\/#primaryimage\"},\"thumbnailUrl\":\"https:\/\/barrsell.com\/wp-content\/uploads\/2024\/09\/Eos-Hoparlor.png\",\"datePublished\":\"2024-09-02T11:35:24+00:00\",\"dateModified\":\"2024-12-15T13:35:30+00:00\",\"description\":\"Eos Nemlendirici Hoparl\u00f6r buhar odalar\u0131 ve y\u00fcksek nemli ortamlarda kullan\u0131m i\u00e7in \u00f6zel olarak tasarlanm\u0131\u015ft\u0131r. \u00dcst\u00fcn ses kalitesi ve dayan\u0131kl\u0131l\u0131k sunar.\",\"breadcrumb\":{\"@id\":\"https:\/\/barrsell.com\/urun\/eos-nemlendirici-hoparlor\/#breadcrumb\"},\"inLanguage\":\"en-US\",\"potentialAction\":[{\"@type\":\"ReadAction\",\"target\":[\"https:\/\/barrsell.com\/urun\/eos-nemlendirici-hoparlor\/\"]}]},{\"@type\":\"ImageObject\",\"inLanguage\":\"en-US\",\"@id\":\"https:\/\/barrsell.com\/urun\/eos-nemlendirici-hoparlor\/#primaryimage\",\"url\":\"https:\/\/barrsell.com\/wp-content\/uploads\/2024\/09\/Eos-Hoparlor.png\",\"contentUrl\":\"https:\/\/barrsell.com\/wp-content\/uploads\/2024\/09\/Eos-Hoparlor.png\",\"width\":1200,\"height\":1200,\"caption\":\"Eos Hoparl\u00f6r\"},{\"@type\":\"BreadcrumbList\",\"@id\":\"https:\/\/barrsell.com\/urun\/eos-nemlendirici-hoparlor\/#breadcrumb\",\"itemListElement\":[{\"@type\":\"ListItem\",\"position\":1,\"name\":\"Home\",\"item\":\"https:\/\/barrsell.com\/\"},{\"@type\":\"ListItem\",\"position\":2,\"name\":\"\u00dcr\u00fcnler\",\"item\":\"https:\/\/barrsell.com\/en\/products\/\"},{\"@type\":\"ListItem\",\"position\":3,\"name\":\"Eos Nemlendirici Hoparl\u00f6r\"}]},{\"@type\":\"WebSite\",\"@id\":\"https:\/\/barrsell.com\/#website\",\"url\":\"https:\/\/barrsell.com\/\",\"name\":\"Barrsell End\u00fcstri Makine\",\"description\":\"Teknolojiyle G\u00fc\u00e7lenen End\u00fcstriyel \u00c7\u00f6z\u00fcmler!\",\"potentialAction\":[{\"@type\":\"SearchAction\",\"target\":{\"@type\":\"EntryPoint\",\"urlTemplate\":\"https:\/\/barrsell.com\/?s={search_term_string}\"},\"query-input\":\"required name=search_term_string\"}],\"inLanguage\":\"en-US\"}]}<\/script>\n<!-- \/ Yoast SEO Premium plugin. -->","yoast_head_json":{"title":"Eos Nemlendirici Hoparl\u00f6r | Barrsell End\u00fcstri","description":"Eos Nemlendirici Hoparl\u00f6r buhar odalar\u0131 ve y\u00fcksek nemli ortamlarda kullan\u0131m i\u00e7in \u00f6zel olarak tasarlanm\u0131\u015ft\u0131r. \u00dcst\u00fcn ses kalitesi ve dayan\u0131kl\u0131l\u0131k sunar.","robots":{"index":"index","follow":"follow","max-snippet":"max-snippet:-1","max-image-preview":"max-image-preview:large","max-video-preview":"max-video-preview:-1"},"canonical":"https:\/\/barrsell.com\/en\/product\/eos-humidifier-speaker\/","og_locale":"en_US","og_type":"article","og_title":"Eos Nemlendirici Hoparl\u00f6r","og_description":"Eos Nemlendirici Hoparl\u00f6r buhar odalar\u0131 ve y\u00fcksek nemli ortamlarda kullan\u0131m i\u00e7in \u00f6zel olarak tasarlanm\u0131\u015ft\u0131r. \u00dcst\u00fcn ses kalitesi ve dayan\u0131kl\u0131l\u0131k sunar.","og_url":"https:\/\/barrsell.com\/en\/product\/eos-humidifier-speaker\/","og_site_name":"Barrsell","article_modified_time":"2024-12-15T13:35:30+00:00","og_image":[{"width":1200,"height":1200,"url":"https:\/\/barrsell.com\/wp-content\/uploads\/2024\/09\/Eos-Hoparlor.png","type":"image\/png"}],"twitter_card":"summary_large_image","twitter_misc":{"Est. reading time":"3 minutes"},"schema":{"@context":"https:\/\/schema.org","@graph":[{"@type":"WebPage","@id":"https:\/\/barrsell.com\/urun\/eos-nemlendirici-hoparlor\/","url":"https:\/\/barrsell.com\/urun\/eos-nemlendirici-hoparlor\/","name":"Eos Nemlendirici Hoparl\u00f6r | Barrsell End\u00fcstri","isPartOf":{"@id":"https:\/\/barrsell.com\/#website"},"primaryImageOfPage":{"@id":"https:\/\/barrsell.com\/urun\/eos-nemlendirici-hoparlor\/#primaryimage"},"image":{"@id":"https:\/\/barrsell.com\/urun\/eos-nemlendirici-hoparlor\/#primaryimage"},"thumbnailUrl":"https:\/\/barrsell.com\/wp-content\/uploads\/2024\/09\/Eos-Hoparlor.png","datePublished":"2024-09-02T11:35:24+00:00","dateModified":"2024-12-15T13:35:30+00:00","description":"Eos Nemlendirici Hoparl\u00f6r buhar odalar\u0131 ve y\u00fcksek nemli ortamlarda kullan\u0131m i\u00e7in \u00f6zel olarak tasarlanm\u0131\u015ft\u0131r. \u00dcst\u00fcn ses kalitesi ve dayan\u0131kl\u0131l\u0131k sunar.","breadcrumb":{"@id":"https:\/\/barrsell.com\/urun\/eos-nemlendirici-hoparlor\/#breadcrumb"},"inLanguage":"en-US","potentialAction":[{"@type":"ReadAction","target":["https:\/\/barrsell.com\/urun\/eos-nemlendirici-hoparlor\/"]}]},{"@type":"ImageObject","inLanguage":"en-US","@id":"https:\/\/barrsell.com\/urun\/eos-nemlendirici-hoparlor\/#primaryimage","url":"https:\/\/barrsell.com\/wp-content\/uploads\/2024\/09\/Eos-Hoparlor.png","contentUrl":"https:\/\/barrsell.com\/wp-content\/uploads\/2024\/09\/Eos-Hoparlor.png","width":1200,"height":1200,"caption":"Eos Hoparl\u00f6r"},{"@type":"BreadcrumbList","@id":"https:\/\/barrsell.com\/urun\/eos-nemlendirici-hoparlor\/#breadcrumb","itemListElement":[{"@type":"ListItem","position":1,"name":"Home","item":"https:\/\/barrsell.com\/"},{"@type":"ListItem","position":2,"name":"\u00dcr\u00fcnler","item":"https:\/\/barrsell.com\/en\/products\/"},{"@type":"ListItem","position":3,"name":"Eos Nemlendirici Hoparl\u00f6r"}]},{"@type":"WebSite","@id":"https:\/\/barrsell.com\/#website","url":"https:\/\/barrsell.com\/","name":"Barrsell End\u00fcstri Makine","description":"Teknolojiyle G\u00fc\u00e7lenen End\u00fcstriyel \u00c7\u00f6z\u00fcmler!","potentialAction":[{"@type":"SearchAction","target":{"@type":"EntryPoint","urlTemplate":"https:\/\/barrsell.com\/?s={search_term_string}"},"query-input":"required name=search_term_string"}],"inLanguage":"en-US"}]}},"_links":{"self":[{"href":"https:\/\/barrsell.com\/en\/wp-json\/wp\/v2\/product\/13733","targetHints":{"allow":["GET"]}}],"collection":[{"href":"https:\/\/barrsell.com\/en\/wp-json\/wp\/v2\/product"}],"about":[{"href":"https:\/\/barrsell.com\/en\/wp-json\/wp\/v2\/types\/product"}],"version-history":[{"count":5,"href":"https:\/\/barrsell.com\/en\/wp-json\/wp\/v2\/product\/13733\/revisions"}],"predecessor-version":[{"id":18038,"href":"https:\/\/barrsell.com\/en\/wp-json\/wp\/v2\/product\/13733\/revisions\/18038"}],"wp:featuredmedia":[{"embeddable":true,"href":"https:\/\/barrsell.com\/en\/wp-json\/wp\/v2\/media\/13735"}],"wp:attachment":[{"href":"https:\/\/barrsell.com\/en\/wp-json\/wp\/v2\/media?parent=13733"}],"wp:term":[{"taxonomy":"product_cat","embeddable":true,"href":"https:\/\/barrsell.com\/en\/wp-json\/wp\/v2\/product_cat?post=13733"},{"taxonomy":"product_tag","embeddable":true,"href":"https:\/\/barrsell.com\/en\/wp-json\/wp\/v2\/product_tag?post=13733"}],"curies":[{"name":"wp","href":"https:\/\/api.w.org\/{rel}","templated":true}]}}