{"id":13730,"date":"2024-09-02T11:30:28","date_gmt":"2024-09-02T11:30:28","guid":{"rendered":"https:\/\/barrsell.com\/?post_type=product&#038;p=13730"},"modified":"2024-12-25T10:03:30","modified_gmt":"2024-12-25T10:03:30","slug":"eos-sicaklik-sensoru","status":"publish","type":"product","link":"https:\/\/barrsell.com\/en\/product\/eos-temperature-sensor\/","title":{"rendered":"Eos Temperature Sensor"},"content":{"rendered":"<h2><strong>Eos Temperature Sensor\u00a0<\/strong><\/h2>\n<p>Eos S\u0131cakl\u0131k Sens\u00f6r\u00fc end\u00fcstriyel ve ticari uygulamalarda hassas s\u0131cakl\u0131k \u00f6l\u00e7\u00fcm\u00fc sa\u011flayan \u00fcst\u00fcn bir cihazd\u0131r. Bu sens\u00f6r, g\u00fcvenilir performans\u0131, uzun \u00f6m\u00fcrl\u00fc yap\u0131s\u0131 ve kullan\u0131c\u0131 dostu \u00f6zellikleriyle \u00f6ne \u00e7\u0131kar.<\/p>\n<h3><strong>Technical Specifications<\/strong><\/h3>\n<ul>\n<li><strong>Model Number:<\/strong> 607520-945025<\/li>\n<li><strong>S\u0131cakl\u0131k \u00d6l\u00e7\u00fcm Aral\u0131\u011f\u0131:<\/strong> -40\u00b0C ile +120\u00b0C aras\u0131nda geni\u015f bir s\u0131cakl\u0131k aral\u0131\u011f\u0131n\u0131 kapsar.<\/li>\n<li><strong>Sensitivity:<\/strong> \u00b10.5\u00b0C\u2019ye kadar y\u00fcksek do\u011fruluk sa\u011flar.<\/li>\n<li><strong>Material:<\/strong> Paslanmaz \u00e7elik g\u00f6vde, zorlu \u00e7evresel ko\u015fullara dayan\u0131kl\u0131d\u0131r.<\/li>\n<li><strong>Ba\u011flant\u0131 Tipi:<\/strong> Standart M12 konnekt\u00f6r ile kolay entegrasyon.<\/li>\n<li><strong>Output Type:<\/strong> Analog veya dijital sinyal \u00e7\u0131k\u0131\u015f\u0131 se\u00e7enekleri.<\/li>\n<li><strong>G\u00fc\u00e7 T\u00fcketimi:<\/strong> D\u00fc\u015f\u00fck enerji t\u00fcketimi.<\/li>\n<\/ul>","protected":false},"excerpt":{"rendered":"<p>EOS Econ serisi i\u00e7in<\/p>","protected":false},"featured_media":19650,"template":"","meta":[],"product_cat":[159,154],"product_tag":[],"class_list":{"0":"post-13730","1":"product","2":"type-product","3":"status-publish","4":"has-post-thumbnail","6":"product_cat-eos-sauna-isiticilari-yedek-parcalari","7":"product_cat-eos-yedek-parcalari","9":"first","10":"instock","11":"shipping-taxable","12":"product-type-external"},"yoast_head":"<!-- This site is optimized with the Yoast SEO Premium plugin v23.2 (Yoast SEO v23.2) - https:\/\/yoast.com\/wordpress\/plugins\/seo\/ -->\n<title>Eos S\u0131cakl\u0131k Sens\u00f6r\u00fc | Barrsell End\u00fcstri<\/title>\n<meta name=\"description\" content=\"EOS s\u0131cakl\u0131k sens\u00f6r\u00fc, buhar odalar\u0131 ve saunalar i\u00e7in optimize edilmi\u015f, y\u00fcksek hassasiyetli bir s\u0131cakl\u0131k izleme cihaz\u0131d\u0131r. Bu sens\u00f6r, en zorlu ortamlarda\" \/>\n<meta name=\"robots\" content=\"index, follow, max-snippet:-1, max-image-preview:large, max-video-preview:-1\" \/>\n<link rel=\"canonical\" href=\"https:\/\/barrsell.com\/en\/product\/eos-temperature-sensor\/\" \/>\n<meta property=\"og:locale\" content=\"en_US\" \/>\n<meta property=\"og:type\" content=\"article\" \/>\n<meta property=\"og:title\" content=\"Eos S\u0131cakl\u0131k Sens\u00f6r\u00fc\" \/>\n<meta property=\"og:description\" content=\"EOS s\u0131cakl\u0131k sens\u00f6r\u00fc, buhar odalar\u0131 ve saunalar i\u00e7in optimize edilmi\u015f, y\u00fcksek hassasiyetli bir s\u0131cakl\u0131k izleme cihaz\u0131d\u0131r. Bu sens\u00f6r, en zorlu ortamlarda\" \/>\n<meta property=\"og:url\" content=\"https:\/\/barrsell.com\/en\/product\/eos-temperature-sensor\/\" \/>\n<meta property=\"og:site_name\" content=\"Barrsell\" \/>\n<meta property=\"article:modified_time\" content=\"2024-12-25T10:03:30+00:00\" \/>\n<meta property=\"og:image\" content=\"https:\/\/barrsell.com\/wp-content\/uploads\/2024\/09\/Eos-Sicaklik-Sensoru-1.png\" \/>\n\t<meta property=\"og:image:width\" content=\"1200\" \/>\n\t<meta property=\"og:image:height\" content=\"1200\" \/>\n\t<meta property=\"og:image:type\" content=\"image\/png\" \/>\n<meta name=\"twitter:card\" content=\"summary_large_image\" \/>\n<meta name=\"twitter:label1\" content=\"Est. reading time\" \/>\n\t<meta name=\"twitter:data1\" content=\"1 minute\" \/>\n<script type=\"application\/ld+json\" class=\"yoast-schema-graph\">{\"@context\":\"https:\/\/schema.org\",\"@graph\":[{\"@type\":\"WebPage\",\"@id\":\"https:\/\/barrsell.com\/urun\/eos-sicaklik-sensoru\/\",\"url\":\"https:\/\/barrsell.com\/urun\/eos-sicaklik-sensoru\/\",\"name\":\"Eos S\u0131cakl\u0131k Sens\u00f6r\u00fc | Barrsell End\u00fcstri\",\"isPartOf\":{\"@id\":\"https:\/\/barrsell.com\/#website\"},\"primaryImageOfPage\":{\"@id\":\"https:\/\/barrsell.com\/urun\/eos-sicaklik-sensoru\/#primaryimage\"},\"image\":{\"@id\":\"https:\/\/barrsell.com\/urun\/eos-sicaklik-sensoru\/#primaryimage\"},\"thumbnailUrl\":\"https:\/\/barrsell.com\/wp-content\/uploads\/2024\/09\/Eos-Sicaklik-Sensoru-1.png\",\"datePublished\":\"2024-09-02T11:30:28+00:00\",\"dateModified\":\"2024-12-25T10:03:30+00:00\",\"description\":\"EOS s\u0131cakl\u0131k sens\u00f6r\u00fc, buhar odalar\u0131 ve saunalar i\u00e7in optimize edilmi\u015f, y\u00fcksek hassasiyetli bir s\u0131cakl\u0131k izleme cihaz\u0131d\u0131r. Bu sens\u00f6r, en zorlu ortamlarda\",\"breadcrumb\":{\"@id\":\"https:\/\/barrsell.com\/urun\/eos-sicaklik-sensoru\/#breadcrumb\"},\"inLanguage\":\"en-US\",\"potentialAction\":[{\"@type\":\"ReadAction\",\"target\":[\"https:\/\/barrsell.com\/urun\/eos-sicaklik-sensoru\/\"]}]},{\"@type\":\"ImageObject\",\"inLanguage\":\"en-US\",\"@id\":\"https:\/\/barrsell.com\/urun\/eos-sicaklik-sensoru\/#primaryimage\",\"url\":\"https:\/\/barrsell.com\/wp-content\/uploads\/2024\/09\/Eos-Sicaklik-Sensoru-1.png\",\"contentUrl\":\"https:\/\/barrsell.com\/wp-content\/uploads\/2024\/09\/Eos-Sicaklik-Sensoru-1.png\",\"width\":1200,\"height\":1200,\"caption\":\"Eos S\u0131cakl\u0131k Sens\u00f6r\u00fc-1\"},{\"@type\":\"BreadcrumbList\",\"@id\":\"https:\/\/barrsell.com\/urun\/eos-sicaklik-sensoru\/#breadcrumb\",\"itemListElement\":[{\"@type\":\"ListItem\",\"position\":1,\"name\":\"Home\",\"item\":\"https:\/\/barrsell.com\/\"},{\"@type\":\"ListItem\",\"position\":2,\"name\":\"\u00dcr\u00fcnler\",\"item\":\"https:\/\/barrsell.com\/en\/products\/\"},{\"@type\":\"ListItem\",\"position\":3,\"name\":\"Eos S\u0131cakl\u0131k Sens\u00f6r\u00fc\"}]},{\"@type\":\"WebSite\",\"@id\":\"https:\/\/barrsell.com\/#website\",\"url\":\"https:\/\/barrsell.com\/\",\"name\":\"Barrsell End\u00fcstri Makine\",\"description\":\"Teknolojiyle G\u00fc\u00e7lenen End\u00fcstriyel \u00c7\u00f6z\u00fcmler!\",\"potentialAction\":[{\"@type\":\"SearchAction\",\"target\":{\"@type\":\"EntryPoint\",\"urlTemplate\":\"https:\/\/barrsell.com\/?s={search_term_string}\"},\"query-input\":\"required name=search_term_string\"}],\"inLanguage\":\"en-US\"}]}<\/script>\n<!-- \/ Yoast SEO Premium plugin. -->","yoast_head_json":{"title":"Eos S\u0131cakl\u0131k Sens\u00f6r\u00fc | Barrsell End\u00fcstri","description":"EOS s\u0131cakl\u0131k sens\u00f6r\u00fc, buhar odalar\u0131 ve saunalar i\u00e7in optimize edilmi\u015f, y\u00fcksek hassasiyetli bir s\u0131cakl\u0131k izleme cihaz\u0131d\u0131r. Bu sens\u00f6r, en zorlu ortamlarda","robots":{"index":"index","follow":"follow","max-snippet":"max-snippet:-1","max-image-preview":"max-image-preview:large","max-video-preview":"max-video-preview:-1"},"canonical":"https:\/\/barrsell.com\/en\/product\/eos-temperature-sensor\/","og_locale":"en_US","og_type":"article","og_title":"Eos S\u0131cakl\u0131k Sens\u00f6r\u00fc","og_description":"EOS s\u0131cakl\u0131k sens\u00f6r\u00fc, buhar odalar\u0131 ve saunalar i\u00e7in optimize edilmi\u015f, y\u00fcksek hassasiyetli bir s\u0131cakl\u0131k izleme cihaz\u0131d\u0131r. Bu sens\u00f6r, en zorlu ortamlarda","og_url":"https:\/\/barrsell.com\/en\/product\/eos-temperature-sensor\/","og_site_name":"Barrsell","article_modified_time":"2024-12-25T10:03:30+00:00","og_image":[{"width":1200,"height":1200,"url":"https:\/\/barrsell.com\/wp-content\/uploads\/2024\/09\/Eos-Sicaklik-Sensoru-1.png","type":"image\/png"}],"twitter_card":"summary_large_image","twitter_misc":{"Est. reading time":"1 minute"},"schema":{"@context":"https:\/\/schema.org","@graph":[{"@type":"WebPage","@id":"https:\/\/barrsell.com\/urun\/eos-sicaklik-sensoru\/","url":"https:\/\/barrsell.com\/urun\/eos-sicaklik-sensoru\/","name":"Eos S\u0131cakl\u0131k Sens\u00f6r\u00fc | Barrsell End\u00fcstri","isPartOf":{"@id":"https:\/\/barrsell.com\/#website"},"primaryImageOfPage":{"@id":"https:\/\/barrsell.com\/urun\/eos-sicaklik-sensoru\/#primaryimage"},"image":{"@id":"https:\/\/barrsell.com\/urun\/eos-sicaklik-sensoru\/#primaryimage"},"thumbnailUrl":"https:\/\/barrsell.com\/wp-content\/uploads\/2024\/09\/Eos-Sicaklik-Sensoru-1.png","datePublished":"2024-09-02T11:30:28+00:00","dateModified":"2024-12-25T10:03:30+00:00","description":"EOS s\u0131cakl\u0131k sens\u00f6r\u00fc, buhar odalar\u0131 ve saunalar i\u00e7in optimize edilmi\u015f, y\u00fcksek hassasiyetli bir s\u0131cakl\u0131k izleme cihaz\u0131d\u0131r. Bu sens\u00f6r, en zorlu ortamlarda","breadcrumb":{"@id":"https:\/\/barrsell.com\/urun\/eos-sicaklik-sensoru\/#breadcrumb"},"inLanguage":"en-US","potentialAction":[{"@type":"ReadAction","target":["https:\/\/barrsell.com\/urun\/eos-sicaklik-sensoru\/"]}]},{"@type":"ImageObject","inLanguage":"en-US","@id":"https:\/\/barrsell.com\/urun\/eos-sicaklik-sensoru\/#primaryimage","url":"https:\/\/barrsell.com\/wp-content\/uploads\/2024\/09\/Eos-Sicaklik-Sensoru-1.png","contentUrl":"https:\/\/barrsell.com\/wp-content\/uploads\/2024\/09\/Eos-Sicaklik-Sensoru-1.png","width":1200,"height":1200,"caption":"Eos S\u0131cakl\u0131k Sens\u00f6r\u00fc-1"},{"@type":"BreadcrumbList","@id":"https:\/\/barrsell.com\/urun\/eos-sicaklik-sensoru\/#breadcrumb","itemListElement":[{"@type":"ListItem","position":1,"name":"Home","item":"https:\/\/barrsell.com\/"},{"@type":"ListItem","position":2,"name":"\u00dcr\u00fcnler","item":"https:\/\/barrsell.com\/en\/products\/"},{"@type":"ListItem","position":3,"name":"Eos S\u0131cakl\u0131k Sens\u00f6r\u00fc"}]},{"@type":"WebSite","@id":"https:\/\/barrsell.com\/#website","url":"https:\/\/barrsell.com\/","name":"Barrsell End\u00fcstri Makine","description":"Teknolojiyle G\u00fc\u00e7lenen End\u00fcstriyel \u00c7\u00f6z\u00fcmler!","potentialAction":[{"@type":"SearchAction","target":{"@type":"EntryPoint","urlTemplate":"https:\/\/barrsell.com\/?s={search_term_string}"},"query-input":"required name=search_term_string"}],"inLanguage":"en-US"}]}},"_links":{"self":[{"href":"https:\/\/barrsell.com\/en\/wp-json\/wp\/v2\/product\/13730","targetHints":{"allow":["GET"]}}],"collection":[{"href":"https:\/\/barrsell.com\/en\/wp-json\/wp\/v2\/product"}],"about":[{"href":"https:\/\/barrsell.com\/en\/wp-json\/wp\/v2\/types\/product"}],"version-history":[{"count":5,"href":"https:\/\/barrsell.com\/en\/wp-json\/wp\/v2\/product\/13730\/revisions"}],"predecessor-version":[{"id":19651,"href":"https:\/\/barrsell.com\/en\/wp-json\/wp\/v2\/product\/13730\/revisions\/19651"}],"wp:featuredmedia":[{"embeddable":true,"href":"https:\/\/barrsell.com\/en\/wp-json\/wp\/v2\/media\/19650"}],"wp:attachment":[{"href":"https:\/\/barrsell.com\/en\/wp-json\/wp\/v2\/media?parent=13730"}],"wp:term":[{"taxonomy":"product_cat","embeddable":true,"href":"https:\/\/barrsell.com\/en\/wp-json\/wp\/v2\/product_cat?post=13730"},{"taxonomy":"product_tag","embeddable":true,"href":"https:\/\/barrsell.com\/en\/wp-json\/wp\/v2\/product_tag?post=13730"}],"curies":[{"name":"wp","href":"https:\/\/api.w.org\/{rel}","templated":true}]}}