{"id":13727,"date":"2024-09-02T11:27:37","date_gmt":"2024-09-02T11:27:37","guid":{"rendered":"https:\/\/barrsell.com\/?post_type=product&#038;p=13727"},"modified":"2024-12-15T14:18:13","modified_gmt":"2024-12-15T14:18:13","slug":"eos-koku-esansi-kabi","status":"publish","type":"product","link":"https:\/\/barrsell.com\/en\/product\/eos-fragrance-essence-container\/","title":{"rendered":"Eos Fragrance Essence Container"},"content":{"rendered":"<h2><strong>EOS Fragrance Essence Container Technical Information and Benefits<\/strong><\/h2>\n<p>Eos fragrance container is specially designed to enhance the aromatherapy experience in steam rooms. It is also an ideal accessory for spas, wellness centers and home steam rooms with its durable structure, stylish design and useful features.<\/p>\n<h4><strong>Essence Container Technical Specifications:<\/strong><\/h4>\n<ol>\n<li><strong>Product Code<\/strong>: 94.6298 - Aromatherapy compatible fragrance essence container for steam rooms.<\/li>\n<li><strong>Material<\/strong>: High-quality stainless steel also ensures long-lasting use and aesthetic appearance.<\/li>\n<li><strong>Capacity<\/strong>: 100 ml - The ideal capacity for pleasant fragrance diffusion in steam rooms, especially for an optimum duration.<\/li>\n<li><strong>Mounting Type<\/strong>: Wall mounting and additional ease of use and space saving.<\/li>\n<li><strong>Heat Resistance<\/strong>: The essence container is resistant to high temperatures. You can use it safely especially in steam room environment.<\/li>\n<li><strong>Dimensions<\/strong>: Compact design as well as sleek and space-saving construction.<\/li>\n<li><strong>Easy Cleaning<\/strong>:  Provides fast and practical cleaning.<\/li>\n<li class=\" translation-block\"><strong>Compatibility:<\/strong> This fragrance container is fully compatible with EOS steam generators and control systems.<\/li>\n<li><strong>Odor Distribution<\/strong>: Aromatherapy effect simultaneously with the steam flow.<\/li>\n<li><strong>Color<\/strong>: Silver - Modern and minimalist design.<\/li>\n<\/ol>\n<h3><strong>Advantages:<\/strong><\/h3>\n<ol>\n<li><strong>Aromatherapy Experience<\/strong>: Enriches the user experience with pleasant and relaxing scents in the steam room.<\/li>\n<li><strong>Durable Material<\/strong>: Thanks to its construction, the essence container offers a long-lasting and at the same time reliable use.<\/li>\n<li><strong>Easy Assembly<\/strong>: The wall-mountable design provides ease of installation and use.<\/li>\n<li><strong>Aesthetic Appearance<\/strong>: Its modern and stylish design blends in with steam room decoration.<\/li>\n<li><strong>Practical Use<\/strong>: Thanks to its removable structure, the fragrance essence can be easily refilled and cleaned.<\/li>\n<\/ol>","protected":false},"excerpt":{"rendered":"<ol>\n<li><strong>Product Code<\/strong>: 94.6298 - Aromatherapy compatible fragrance essence container for steam rooms.<\/li>\n<li><strong>Material<\/strong>: High quality stainless steel<\/li>\n<\/ol>","protected":false},"featured_media":13728,"template":"","meta":[],"product_cat":[154],"product_tag":[],"class_list":{"0":"post-13727","1":"product","2":"type-product","3":"status-publish","4":"has-post-thumbnail","6":"product_cat-eos-yedek-parcalari","8":"first","9":"instock","10":"shipping-taxable","11":"product-type-external"},"yoast_head":"<!-- This site is optimized with the Yoast SEO Premium plugin v23.2 (Yoast SEO v23.2) - https:\/\/yoast.com\/wordpress\/plugins\/seo\/ -->\n<title>Eos Koku Esans\u0131 Kab\u0131 | Barrsell End\u00fcstri<\/title>\n<meta name=\"description\" content=\"Eos koku esans\u0131 kab\u0131\u00a0dayan\u0131kl\u0131 yap\u0131ya sahip buhar odalar\u0131nda aromaterapi deneyimini geli\u015ftirmek i\u00e7in \u00f6zel olarak tasarlanm\u0131\u015ft\u0131r.\" \/>\n<meta name=\"robots\" content=\"index, follow, max-snippet:-1, max-image-preview:large, max-video-preview:-1\" \/>\n<link rel=\"canonical\" href=\"https:\/\/barrsell.com\/en\/product\/eos-fragrance-essence-container\/\" \/>\n<meta property=\"og:locale\" content=\"en_US\" \/>\n<meta property=\"og:type\" content=\"article\" \/>\n<meta property=\"og:title\" content=\"Eos Koku Esans\u0131 Kab\u0131\" \/>\n<meta property=\"og:description\" content=\"Eos koku esans\u0131 kab\u0131\u00a0dayan\u0131kl\u0131 yap\u0131ya sahip buhar odalar\u0131nda aromaterapi deneyimini geli\u015ftirmek i\u00e7in \u00f6zel olarak tasarlanm\u0131\u015ft\u0131r.\" \/>\n<meta property=\"og:url\" content=\"https:\/\/barrsell.com\/en\/product\/eos-fragrance-essence-container\/\" \/>\n<meta property=\"og:site_name\" content=\"Barrsell\" \/>\n<meta property=\"article:modified_time\" content=\"2024-12-15T14:18:13+00:00\" \/>\n<meta property=\"og:image\" content=\"https:\/\/barrsell.com\/wp-content\/uploads\/2024\/09\/Eos-Koku-Esansi-Kabi.png\" \/>\n\t<meta property=\"og:image:width\" content=\"1200\" \/>\n\t<meta property=\"og:image:height\" content=\"1200\" \/>\n\t<meta property=\"og:image:type\" content=\"image\/png\" \/>\n<meta name=\"twitter:card\" content=\"summary_large_image\" \/>\n<meta name=\"twitter:label1\" content=\"Est. reading time\" \/>\n\t<meta name=\"twitter:data1\" content=\"2 minutes\" \/>\n<script type=\"application\/ld+json\" class=\"yoast-schema-graph\">{\"@context\":\"https:\/\/schema.org\",\"@graph\":[{\"@type\":\"WebPage\",\"@id\":\"https:\/\/barrsell.com\/urun\/eos-koku-esansi-kabi\/\",\"url\":\"https:\/\/barrsell.com\/urun\/eos-koku-esansi-kabi\/\",\"name\":\"Eos Koku Esans\u0131 Kab\u0131 | Barrsell End\u00fcstri\",\"isPartOf\":{\"@id\":\"https:\/\/barrsell.com\/#website\"},\"primaryImageOfPage\":{\"@id\":\"https:\/\/barrsell.com\/urun\/eos-koku-esansi-kabi\/#primaryimage\"},\"image\":{\"@id\":\"https:\/\/barrsell.com\/urun\/eos-koku-esansi-kabi\/#primaryimage\"},\"thumbnailUrl\":\"https:\/\/barrsell.com\/wp-content\/uploads\/2024\/09\/Eos-Koku-Esansi-Kabi.png\",\"datePublished\":\"2024-09-02T11:27:37+00:00\",\"dateModified\":\"2024-12-15T14:18:13+00:00\",\"description\":\"Eos koku esans\u0131 kab\u0131\u00a0dayan\u0131kl\u0131 yap\u0131ya sahip buhar odalar\u0131nda aromaterapi deneyimini geli\u015ftirmek i\u00e7in \u00f6zel olarak tasarlanm\u0131\u015ft\u0131r.\",\"breadcrumb\":{\"@id\":\"https:\/\/barrsell.com\/urun\/eos-koku-esansi-kabi\/#breadcrumb\"},\"inLanguage\":\"en-US\",\"potentialAction\":[{\"@type\":\"ReadAction\",\"target\":[\"https:\/\/barrsell.com\/urun\/eos-koku-esansi-kabi\/\"]}]},{\"@type\":\"ImageObject\",\"inLanguage\":\"en-US\",\"@id\":\"https:\/\/barrsell.com\/urun\/eos-koku-esansi-kabi\/#primaryimage\",\"url\":\"https:\/\/barrsell.com\/wp-content\/uploads\/2024\/09\/Eos-Koku-Esansi-Kabi.png\",\"contentUrl\":\"https:\/\/barrsell.com\/wp-content\/uploads\/2024\/09\/Eos-Koku-Esansi-Kabi.png\",\"width\":1200,\"height\":1200,\"caption\":\"Eos Koku Esans\u0131 Kab\u0131\"},{\"@type\":\"BreadcrumbList\",\"@id\":\"https:\/\/barrsell.com\/urun\/eos-koku-esansi-kabi\/#breadcrumb\",\"itemListElement\":[{\"@type\":\"ListItem\",\"position\":1,\"name\":\"Home\",\"item\":\"https:\/\/barrsell.com\/\"},{\"@type\":\"ListItem\",\"position\":2,\"name\":\"\u00dcr\u00fcnler\",\"item\":\"https:\/\/barrsell.com\/en\/products\/\"},{\"@type\":\"ListItem\",\"position\":3,\"name\":\"Eos Koku Esans\u0131 Kab\u0131\"}]},{\"@type\":\"WebSite\",\"@id\":\"https:\/\/barrsell.com\/#website\",\"url\":\"https:\/\/barrsell.com\/\",\"name\":\"Barrsell End\u00fcstri Makine\",\"description\":\"Teknolojiyle G\u00fc\u00e7lenen End\u00fcstriyel \u00c7\u00f6z\u00fcmler!\",\"potentialAction\":[{\"@type\":\"SearchAction\",\"target\":{\"@type\":\"EntryPoint\",\"urlTemplate\":\"https:\/\/barrsell.com\/?s={search_term_string}\"},\"query-input\":\"required name=search_term_string\"}],\"inLanguage\":\"en-US\"}]}<\/script>\n<!-- \/ Yoast SEO Premium plugin. -->","yoast_head_json":{"title":"Eos Koku Esans\u0131 Kab\u0131 | Barrsell End\u00fcstri","description":"Eos koku esans\u0131 kab\u0131\u00a0dayan\u0131kl\u0131 yap\u0131ya sahip buhar odalar\u0131nda aromaterapi deneyimini geli\u015ftirmek i\u00e7in \u00f6zel olarak tasarlanm\u0131\u015ft\u0131r.","robots":{"index":"index","follow":"follow","max-snippet":"max-snippet:-1","max-image-preview":"max-image-preview:large","max-video-preview":"max-video-preview:-1"},"canonical":"https:\/\/barrsell.com\/en\/product\/eos-fragrance-essence-container\/","og_locale":"en_US","og_type":"article","og_title":"Eos Koku Esans\u0131 Kab\u0131","og_description":"Eos koku esans\u0131 kab\u0131\u00a0dayan\u0131kl\u0131 yap\u0131ya sahip buhar odalar\u0131nda aromaterapi deneyimini geli\u015ftirmek i\u00e7in \u00f6zel olarak tasarlanm\u0131\u015ft\u0131r.","og_url":"https:\/\/barrsell.com\/en\/product\/eos-fragrance-essence-container\/","og_site_name":"Barrsell","article_modified_time":"2024-12-15T14:18:13+00:00","og_image":[{"width":1200,"height":1200,"url":"https:\/\/barrsell.com\/wp-content\/uploads\/2024\/09\/Eos-Koku-Esansi-Kabi.png","type":"image\/png"}],"twitter_card":"summary_large_image","twitter_misc":{"Est. reading time":"2 minutes"},"schema":{"@context":"https:\/\/schema.org","@graph":[{"@type":"WebPage","@id":"https:\/\/barrsell.com\/urun\/eos-koku-esansi-kabi\/","url":"https:\/\/barrsell.com\/urun\/eos-koku-esansi-kabi\/","name":"Eos Koku Esans\u0131 Kab\u0131 | Barrsell End\u00fcstri","isPartOf":{"@id":"https:\/\/barrsell.com\/#website"},"primaryImageOfPage":{"@id":"https:\/\/barrsell.com\/urun\/eos-koku-esansi-kabi\/#primaryimage"},"image":{"@id":"https:\/\/barrsell.com\/urun\/eos-koku-esansi-kabi\/#primaryimage"},"thumbnailUrl":"https:\/\/barrsell.com\/wp-content\/uploads\/2024\/09\/Eos-Koku-Esansi-Kabi.png","datePublished":"2024-09-02T11:27:37+00:00","dateModified":"2024-12-15T14:18:13+00:00","description":"Eos koku esans\u0131 kab\u0131\u00a0dayan\u0131kl\u0131 yap\u0131ya sahip buhar odalar\u0131nda aromaterapi deneyimini geli\u015ftirmek i\u00e7in \u00f6zel olarak tasarlanm\u0131\u015ft\u0131r.","breadcrumb":{"@id":"https:\/\/barrsell.com\/urun\/eos-koku-esansi-kabi\/#breadcrumb"},"inLanguage":"en-US","potentialAction":[{"@type":"ReadAction","target":["https:\/\/barrsell.com\/urun\/eos-koku-esansi-kabi\/"]}]},{"@type":"ImageObject","inLanguage":"en-US","@id":"https:\/\/barrsell.com\/urun\/eos-koku-esansi-kabi\/#primaryimage","url":"https:\/\/barrsell.com\/wp-content\/uploads\/2024\/09\/Eos-Koku-Esansi-Kabi.png","contentUrl":"https:\/\/barrsell.com\/wp-content\/uploads\/2024\/09\/Eos-Koku-Esansi-Kabi.png","width":1200,"height":1200,"caption":"Eos Koku Esans\u0131 Kab\u0131"},{"@type":"BreadcrumbList","@id":"https:\/\/barrsell.com\/urun\/eos-koku-esansi-kabi\/#breadcrumb","itemListElement":[{"@type":"ListItem","position":1,"name":"Home","item":"https:\/\/barrsell.com\/"},{"@type":"ListItem","position":2,"name":"\u00dcr\u00fcnler","item":"https:\/\/barrsell.com\/en\/products\/"},{"@type":"ListItem","position":3,"name":"Eos Koku Esans\u0131 Kab\u0131"}]},{"@type":"WebSite","@id":"https:\/\/barrsell.com\/#website","url":"https:\/\/barrsell.com\/","name":"Barrsell End\u00fcstri Makine","description":"Teknolojiyle G\u00fc\u00e7lenen End\u00fcstriyel \u00c7\u00f6z\u00fcmler!","potentialAction":[{"@type":"SearchAction","target":{"@type":"EntryPoint","urlTemplate":"https:\/\/barrsell.com\/?s={search_term_string}"},"query-input":"required name=search_term_string"}],"inLanguage":"en-US"}]}},"_links":{"self":[{"href":"https:\/\/barrsell.com\/en\/wp-json\/wp\/v2\/product\/13727","targetHints":{"allow":["GET"]}}],"collection":[{"href":"https:\/\/barrsell.com\/en\/wp-json\/wp\/v2\/product"}],"about":[{"href":"https:\/\/barrsell.com\/en\/wp-json\/wp\/v2\/types\/product"}],"version-history":[{"count":4,"href":"https:\/\/barrsell.com\/en\/wp-json\/wp\/v2\/product\/13727\/revisions"}],"predecessor-version":[{"id":19270,"href":"https:\/\/barrsell.com\/en\/wp-json\/wp\/v2\/product\/13727\/revisions\/19270"}],"wp:featuredmedia":[{"embeddable":true,"href":"https:\/\/barrsell.com\/en\/wp-json\/wp\/v2\/media\/13728"}],"wp:attachment":[{"href":"https:\/\/barrsell.com\/en\/wp-json\/wp\/v2\/media?parent=13727"}],"wp:term":[{"taxonomy":"product_cat","embeddable":true,"href":"https:\/\/barrsell.com\/en\/wp-json\/wp\/v2\/product_cat?post=13727"},{"taxonomy":"product_tag","embeddable":true,"href":"https:\/\/barrsell.com\/en\/wp-json\/wp\/v2\/product_tag?post=13727"}],"curies":[{"name":"wp","href":"https:\/\/api.w.org\/{rel}","templated":true}]}}