{"id":13719,"date":"2024-09-02T11:19:25","date_gmt":"2024-09-02T11:19:25","guid":{"rendered":"https:\/\/barrsell.com\/?post_type=product&#038;p=13719"},"modified":"2024-12-15T14:46:30","modified_gmt":"2024-12-15T14:46:30","slug":"eos-buhar-odasi-aspirator","status":"publish","type":"product","link":"https:\/\/barrsell.com\/en\/product\/eos-steam-room-aspirator\/","title":{"rendered":"Eos Steam Room Aspirator"},"content":{"rendered":"<h2><strong>Eos Steam Room Aspirator (Product No: 20014402) - Technical Information and Benefits<\/strong><\/h2>\n<p class=\" translation-block\">Eos Steam Room Aspirator (Product No: 20014402) is a high performance ventilation solution designed for steam rooms, spas and other humid environments. It provides a comfortable and healthy atmosphere by keeping the vapor density and humidity level under control. It stands out with its aesthetic design, durable structure and superior performance. It creates a more comfortable environment by reducing the humidity level in <a href=\"\/\/barrsell.com\/kategoriler\/buhar-jeneratorleri-nemlendiriciler\/eos-buharli-nemlendirici\/\u201d\" target=\"\u201c_self\u201d\">steam room<\/a> or spa areas. Its corrosion-resistant structure ensures long-lasting use.<\/p>\n<h4>\u00a0Eos extractor fan, Technical Specifications<\/h4>\n<ul>\n<li><b>Voltage : <\/b>220 \/ 240V 50Hz<\/li>\n<li><b>Power: <\/b>15 B<\/li>\n<li><b>Ambient temperature: <\/b>T60 = maks. 60\u00b0C<\/li>\n<li><b>Pipe connections: <\/b>DN100<\/li>\n<li class=\" translation-block\"><b>Rotations per minute: <\/b>minimum 1860, maximum 2450<\/li>\n<li><b>Flow <\/b>min. 155 m\u00b3\/h, max. 200 m\u00b3\/h<\/li>\n<li><strong>Protection Class P<\/strong>: IP44 Provides protection against splashes and dust.<\/li>\n<li><strong>Fan Diameter<\/strong>: 100 mm \u2013 <a href=\"https:\/\/www.eos-sauna.com\/en\/products\/steam\/exhaust-fan\">Eos<\/a> efficient performance with compact dimensions.<\/li>\n<li><strong>Voltage<\/strong>: 230 V AC - Compatible with standard electrical systems.<\/li>\n<li><strong>Compact and Lightweight<\/strong>: With its small size, it does not take up much space and is easy to carry.<\/li>\n<li><strong>German Quality<\/strong>: Manufactured to high standards offering reliable performance and durability.<\/li>\n<\/ul>","protected":false},"excerpt":{"rendered":"<ul>\n<li>DN100<\/li>\n<li>12,5 &#8211; 15W) 230V 50 Hz<\/li>\n<\/ul>","protected":false},"featured_media":13723,"template":"","meta":[],"product_cat":[154],"product_tag":[],"class_list":{"0":"post-13719","1":"product","2":"type-product","3":"status-publish","4":"has-post-thumbnail","6":"product_cat-eos-yedek-parcalari","8":"first","9":"instock","10":"shipping-taxable","11":"product-type-external"},"yoast_head":"<!-- This site is optimized with the Yoast SEO Premium plugin v23.2 (Yoast SEO v23.2) - https:\/\/yoast.com\/wordpress\/plugins\/seo\/ -->\n<title>Eos Buhar Odas\u0131 Aspirat\u00f6r | Barrsell End\u00fcstri<\/title>\n<meta name=\"description\" content=\"Eos Buhar Odas\u0131 Aspirat\u00f6r\u00a0, buhar odalar\u0131, spa alanlar\u0131 ve di\u011fer nemli ortamlar i\u00e7in tasarlanm\u0131\u015f y\u00fcksek performansl\u0131 bir havaland\u0131rma \u00e7\u00f6z\u00fcm\u00fcd\u00fcr.\" \/>\n<meta name=\"robots\" content=\"index, follow, max-snippet:-1, max-image-preview:large, max-video-preview:-1\" \/>\n<link rel=\"canonical\" href=\"https:\/\/barrsell.com\/en\/product\/eos-steam-room-aspirator\/\" \/>\n<meta property=\"og:locale\" content=\"en_US\" \/>\n<meta property=\"og:type\" content=\"article\" \/>\n<meta property=\"og:title\" content=\"Eos Buhar Odas\u0131 Aspirat\u00f6r\" \/>\n<meta property=\"og:description\" content=\"Eos Buhar Odas\u0131 Aspirat\u00f6r\u00a0, buhar odalar\u0131, spa alanlar\u0131 ve di\u011fer nemli ortamlar i\u00e7in tasarlanm\u0131\u015f y\u00fcksek performansl\u0131 bir havaland\u0131rma \u00e7\u00f6z\u00fcm\u00fcd\u00fcr.\" \/>\n<meta property=\"og:url\" content=\"https:\/\/barrsell.com\/en\/product\/eos-steam-room-aspirator\/\" \/>\n<meta property=\"og:site_name\" content=\"Barrsell\" \/>\n<meta property=\"article:modified_time\" content=\"2024-12-15T14:46:30+00:00\" \/>\n<meta property=\"og:image\" content=\"https:\/\/barrsell.com\/wp-content\/uploads\/2024\/09\/Eos-Buhar-Odasi-Aspirator-barr.png\" \/>\n\t<meta property=\"og:image:width\" content=\"1200\" \/>\n\t<meta property=\"og:image:height\" content=\"1200\" \/>\n\t<meta property=\"og:image:type\" content=\"image\/png\" \/>\n<meta name=\"twitter:card\" content=\"summary_large_image\" \/>\n<meta name=\"twitter:label1\" content=\"Est. reading time\" \/>\n\t<meta name=\"twitter:data1\" content=\"2 minutes\" \/>\n<script type=\"application\/ld+json\" class=\"yoast-schema-graph\">{\"@context\":\"https:\/\/schema.org\",\"@graph\":[{\"@type\":\"WebPage\",\"@id\":\"https:\/\/barrsell.com\/urun\/eos-buhar-odasi-aspirator\/\",\"url\":\"https:\/\/barrsell.com\/urun\/eos-buhar-odasi-aspirator\/\",\"name\":\"Eos Buhar Odas\u0131 Aspirat\u00f6r | Barrsell End\u00fcstri\",\"isPartOf\":{\"@id\":\"https:\/\/barrsell.com\/#website\"},\"primaryImageOfPage\":{\"@id\":\"https:\/\/barrsell.com\/urun\/eos-buhar-odasi-aspirator\/#primaryimage\"},\"image\":{\"@id\":\"https:\/\/barrsell.com\/urun\/eos-buhar-odasi-aspirator\/#primaryimage\"},\"thumbnailUrl\":\"https:\/\/barrsell.com\/wp-content\/uploads\/2024\/09\/Eos-Buhar-Odasi-Aspirator-barr.png\",\"datePublished\":\"2024-09-02T11:19:25+00:00\",\"dateModified\":\"2024-12-15T14:46:30+00:00\",\"description\":\"Eos Buhar Odas\u0131 Aspirat\u00f6r\u00a0, buhar odalar\u0131, spa alanlar\u0131 ve di\u011fer nemli ortamlar i\u00e7in tasarlanm\u0131\u015f y\u00fcksek performansl\u0131 bir havaland\u0131rma \u00e7\u00f6z\u00fcm\u00fcd\u00fcr.\",\"breadcrumb\":{\"@id\":\"https:\/\/barrsell.com\/urun\/eos-buhar-odasi-aspirator\/#breadcrumb\"},\"inLanguage\":\"en-US\",\"potentialAction\":[{\"@type\":\"ReadAction\",\"target\":[\"https:\/\/barrsell.com\/urun\/eos-buhar-odasi-aspirator\/\"]}]},{\"@type\":\"ImageObject\",\"inLanguage\":\"en-US\",\"@id\":\"https:\/\/barrsell.com\/urun\/eos-buhar-odasi-aspirator\/#primaryimage\",\"url\":\"https:\/\/barrsell.com\/wp-content\/uploads\/2024\/09\/Eos-Buhar-Odasi-Aspirator-barr.png\",\"contentUrl\":\"https:\/\/barrsell.com\/wp-content\/uploads\/2024\/09\/Eos-Buhar-Odasi-Aspirator-barr.png\",\"width\":1200,\"height\":1200,\"caption\":\"Eos Buhar Odas\u0131 Aspirat\u00f6r-barr\"},{\"@type\":\"BreadcrumbList\",\"@id\":\"https:\/\/barrsell.com\/urun\/eos-buhar-odasi-aspirator\/#breadcrumb\",\"itemListElement\":[{\"@type\":\"ListItem\",\"position\":1,\"name\":\"Home\",\"item\":\"https:\/\/barrsell.com\/\"},{\"@type\":\"ListItem\",\"position\":2,\"name\":\"\u00dcr\u00fcnler\",\"item\":\"https:\/\/barrsell.com\/en\/products\/\"},{\"@type\":\"ListItem\",\"position\":3,\"name\":\"Eos Buhar Odas\u0131 Aspirat\u00f6r\"}]},{\"@type\":\"WebSite\",\"@id\":\"https:\/\/barrsell.com\/#website\",\"url\":\"https:\/\/barrsell.com\/\",\"name\":\"Barrsell End\u00fcstri Makine\",\"description\":\"Teknolojiyle G\u00fc\u00e7lenen End\u00fcstriyel \u00c7\u00f6z\u00fcmler!\",\"potentialAction\":[{\"@type\":\"SearchAction\",\"target\":{\"@type\":\"EntryPoint\",\"urlTemplate\":\"https:\/\/barrsell.com\/?s={search_term_string}\"},\"query-input\":\"required name=search_term_string\"}],\"inLanguage\":\"en-US\"}]}<\/script>\n<!-- \/ Yoast SEO Premium plugin. -->","yoast_head_json":{"title":"Eos Buhar Odas\u0131 Aspirat\u00f6r | Barrsell End\u00fcstri","description":"Eos Buhar Odas\u0131 Aspirat\u00f6r\u00a0, buhar odalar\u0131, spa alanlar\u0131 ve di\u011fer nemli ortamlar i\u00e7in tasarlanm\u0131\u015f y\u00fcksek performansl\u0131 bir havaland\u0131rma \u00e7\u00f6z\u00fcm\u00fcd\u00fcr.","robots":{"index":"index","follow":"follow","max-snippet":"max-snippet:-1","max-image-preview":"max-image-preview:large","max-video-preview":"max-video-preview:-1"},"canonical":"https:\/\/barrsell.com\/en\/product\/eos-steam-room-aspirator\/","og_locale":"en_US","og_type":"article","og_title":"Eos Buhar Odas\u0131 Aspirat\u00f6r","og_description":"Eos Buhar Odas\u0131 Aspirat\u00f6r\u00a0, buhar odalar\u0131, spa alanlar\u0131 ve di\u011fer nemli ortamlar i\u00e7in tasarlanm\u0131\u015f y\u00fcksek performansl\u0131 bir havaland\u0131rma \u00e7\u00f6z\u00fcm\u00fcd\u00fcr.","og_url":"https:\/\/barrsell.com\/en\/product\/eos-steam-room-aspirator\/","og_site_name":"Barrsell","article_modified_time":"2024-12-15T14:46:30+00:00","og_image":[{"width":1200,"height":1200,"url":"https:\/\/barrsell.com\/wp-content\/uploads\/2024\/09\/Eos-Buhar-Odasi-Aspirator-barr.png","type":"image\/png"}],"twitter_card":"summary_large_image","twitter_misc":{"Est. reading time":"2 minutes"},"schema":{"@context":"https:\/\/schema.org","@graph":[{"@type":"WebPage","@id":"https:\/\/barrsell.com\/urun\/eos-buhar-odasi-aspirator\/","url":"https:\/\/barrsell.com\/urun\/eos-buhar-odasi-aspirator\/","name":"Eos Buhar Odas\u0131 Aspirat\u00f6r | Barrsell End\u00fcstri","isPartOf":{"@id":"https:\/\/barrsell.com\/#website"},"primaryImageOfPage":{"@id":"https:\/\/barrsell.com\/urun\/eos-buhar-odasi-aspirator\/#primaryimage"},"image":{"@id":"https:\/\/barrsell.com\/urun\/eos-buhar-odasi-aspirator\/#primaryimage"},"thumbnailUrl":"https:\/\/barrsell.com\/wp-content\/uploads\/2024\/09\/Eos-Buhar-Odasi-Aspirator-barr.png","datePublished":"2024-09-02T11:19:25+00:00","dateModified":"2024-12-15T14:46:30+00:00","description":"Eos Buhar Odas\u0131 Aspirat\u00f6r\u00a0, buhar odalar\u0131, spa alanlar\u0131 ve di\u011fer nemli ortamlar i\u00e7in tasarlanm\u0131\u015f y\u00fcksek performansl\u0131 bir havaland\u0131rma \u00e7\u00f6z\u00fcm\u00fcd\u00fcr.","breadcrumb":{"@id":"https:\/\/barrsell.com\/urun\/eos-buhar-odasi-aspirator\/#breadcrumb"},"inLanguage":"en-US","potentialAction":[{"@type":"ReadAction","target":["https:\/\/barrsell.com\/urun\/eos-buhar-odasi-aspirator\/"]}]},{"@type":"ImageObject","inLanguage":"en-US","@id":"https:\/\/barrsell.com\/urun\/eos-buhar-odasi-aspirator\/#primaryimage","url":"https:\/\/barrsell.com\/wp-content\/uploads\/2024\/09\/Eos-Buhar-Odasi-Aspirator-barr.png","contentUrl":"https:\/\/barrsell.com\/wp-content\/uploads\/2024\/09\/Eos-Buhar-Odasi-Aspirator-barr.png","width":1200,"height":1200,"caption":"Eos Buhar Odas\u0131 Aspirat\u00f6r-barr"},{"@type":"BreadcrumbList","@id":"https:\/\/barrsell.com\/urun\/eos-buhar-odasi-aspirator\/#breadcrumb","itemListElement":[{"@type":"ListItem","position":1,"name":"Home","item":"https:\/\/barrsell.com\/"},{"@type":"ListItem","position":2,"name":"\u00dcr\u00fcnler","item":"https:\/\/barrsell.com\/en\/products\/"},{"@type":"ListItem","position":3,"name":"Eos Buhar Odas\u0131 Aspirat\u00f6r"}]},{"@type":"WebSite","@id":"https:\/\/barrsell.com\/#website","url":"https:\/\/barrsell.com\/","name":"Barrsell End\u00fcstri Makine","description":"Teknolojiyle G\u00fc\u00e7lenen End\u00fcstriyel \u00c7\u00f6z\u00fcmler!","potentialAction":[{"@type":"SearchAction","target":{"@type":"EntryPoint","urlTemplate":"https:\/\/barrsell.com\/?s={search_term_string}"},"query-input":"required name=search_term_string"}],"inLanguage":"en-US"}]}},"_links":{"self":[{"href":"https:\/\/barrsell.com\/en\/wp-json\/wp\/v2\/product\/13719","targetHints":{"allow":["GET"]}}],"collection":[{"href":"https:\/\/barrsell.com\/en\/wp-json\/wp\/v2\/product"}],"about":[{"href":"https:\/\/barrsell.com\/en\/wp-json\/wp\/v2\/types\/product"}],"version-history":[{"count":5,"href":"https:\/\/barrsell.com\/en\/wp-json\/wp\/v2\/product\/13719\/revisions"}],"predecessor-version":[{"id":19272,"href":"https:\/\/barrsell.com\/en\/wp-json\/wp\/v2\/product\/13719\/revisions\/19272"}],"wp:featuredmedia":[{"embeddable":true,"href":"https:\/\/barrsell.com\/en\/wp-json\/wp\/v2\/media\/13723"}],"wp:attachment":[{"href":"https:\/\/barrsell.com\/en\/wp-json\/wp\/v2\/media?parent=13719"}],"wp:term":[{"taxonomy":"product_cat","embeddable":true,"href":"https:\/\/barrsell.com\/en\/wp-json\/wp\/v2\/product_cat?post=13719"},{"taxonomy":"product_tag","embeddable":true,"href":"https:\/\/barrsell.com\/en\/wp-json\/wp\/v2\/product_tag?post=13719"}],"curies":[{"name":"wp","href":"https:\/\/api.w.org\/{rel}","templated":true}]}}