{"id":13714,"date":"2024-09-02T11:13:54","date_gmt":"2024-09-02T11:13:54","guid":{"rendered":"https:\/\/barrsell.com\/?post_type=product&#038;p=13714"},"modified":"2024-12-15T15:12:25","modified_gmt":"2024-12-15T15:12:25","slug":"eos-ufleme-fani","status":"publish","type":"product","link":"https:\/\/barrsell.com\/en\/product\/eos-blowing-fan\/","title":{"rendered":"Eos Blowing Fan"},"content":{"rendered":"<h2>Eos Blowing Fan<\/h2>\n<p>Eos Blower Fan DN100 (80 W T50) with non-return valve and independent 5-stage speed (rpm) control unit. This fan is optimized for maximum efficiency and quiet operation and is manufactured from heat resistant materials. The fan's aerodynamic blade structure effectively directs the airflow while keeping energy consumption to a minimum. In addition, the motor is resistant to high temperature and humidity conditions. Therefore, it offers a long-lasting and reliable performance. The integrated safety mechanism is automatically activated in case of overload and overheating. And thus ensures the safety of the device.<\/p>\n<table class=\"contenttable\" border=\"0\" cellspacing=\"0\" cellpadding=\"0\">\n<tbody>\n<tr>\n<td valign=\"top\" width=\"302\"><b>Voltage<\/b><\/td>\n<td valign=\"top\" width=\"302\">220 \/ 240V 50Hz<\/td>\n<\/tr>\n<tr>\n<td valign=\"top\" width=\"302\"><b>Eos Fan Power<\/b><\/td>\n<td valign=\"top\" width=\"302\">65\/85 W including transformer for 5-step operation<\/td>\n<\/tr>\n<tr>\n<td valign=\"top\" width=\"302\"><b>Ambient temperature<\/b><\/td>\n<td valign=\"top\" width=\"302\">T50 = max. 50\u00b0C<\/td>\n<\/tr>\n<tr>\n<td valign=\"top\" width=\"302\"><b>Pipe connections<\/b><\/td>\n<td valign=\"top\" width=\"302\">DN100<\/td>\n<\/tr>\n<tr>\n<td valign=\"top\" width=\"302\"><b>Flow<\/b><\/td>\n<td valign=\"top\" width=\"302\">min. 155 m\u00b3\/h, max. 200 m\u00b3\/h<\/td>\n<\/tr>\n<\/tbody>\n<\/table>\n<h4>Technical Specifications<\/h4>\n<p>Supply air fan DN 100 (80 W, T50) with check valve. Gearbox 50\/100 with check valve and 5-stage speed controller, 220-240 V, 50 Hz EAN: 400553104401. Eos air blower for SteamTec 2001.4401, Packing unit: 1 piece, EAN: 4005531044017. In addition, the 5-stage independent speed controller offers the possibility to adjust the performance of the blower fan according to the needs of the user. This control unit allows fast ventilation at high speeds, while saving energy, especially at low speeds. The fan is also equipped with thermal protection against overheating and overload protection. These protection systems ensure safe operation of the fan and prevent possible malfunctions.<\/p>","protected":false},"excerpt":{"rendered":"<ul>\n<li>DN100<\/li>\n<li>220 \/ 240V 50Hz<\/li>\n<\/ul>","protected":false},"featured_media":13715,"template":"","meta":[],"product_cat":[154],"product_tag":[],"class_list":{"0":"post-13714","1":"product","2":"type-product","3":"status-publish","4":"has-post-thumbnail","6":"product_cat-eos-yedek-parcalari","8":"first","9":"instock","10":"shipping-taxable","11":"product-type-external"},"yoast_head":"<!-- This site is optimized with the Yoast SEO Premium plugin v23.2 (Yoast SEO v23.2) - https:\/\/yoast.com\/wordpress\/plugins\/seo\/ -->\n<title>Eos \u00dcfleme Fan\u0131 | Barrsell End\u00fcstri<\/title>\n<meta name=\"description\" content=\"Eos \u00dcfleme Fan\u0131\u00a0 geri d\u00f6n\u00fc\u015fs\u00fcz valf \u00f6zellikli ve ba\u011f\u0131ms\u0131z 5 kademeli h\u0131z (rpm) kontrol \u00fcnitesine sahip DN100 (80 W T50)Bu fan, maksimum verimlilik\" \/>\n<meta name=\"robots\" content=\"index, follow, max-snippet:-1, max-image-preview:large, max-video-preview:-1\" \/>\n<link rel=\"canonical\" href=\"https:\/\/barrsell.com\/en\/product\/eos-blowing-fan\/\" \/>\n<meta property=\"og:locale\" content=\"en_US\" \/>\n<meta property=\"og:type\" content=\"article\" \/>\n<meta property=\"og:title\" content=\"Eos \u00dcfleme Fan\u0131\" \/>\n<meta property=\"og:description\" content=\"Eos \u00dcfleme Fan\u0131\u00a0 geri d\u00f6n\u00fc\u015fs\u00fcz valf \u00f6zellikli ve ba\u011f\u0131ms\u0131z 5 kademeli h\u0131z (rpm) kontrol \u00fcnitesine sahip DN100 (80 W T50)Bu fan, maksimum verimlilik\" \/>\n<meta property=\"og:url\" content=\"https:\/\/barrsell.com\/en\/product\/eos-blowing-fan\/\" \/>\n<meta property=\"og:site_name\" content=\"Barrsell\" \/>\n<meta property=\"article:modified_time\" content=\"2024-12-15T15:12:25+00:00\" \/>\n<meta property=\"og:image\" content=\"https:\/\/barrsell.com\/wp-content\/uploads\/2024\/09\/Eos-Ufleme-Fani.png\" \/>\n\t<meta property=\"og:image:width\" content=\"1200\" \/>\n\t<meta property=\"og:image:height\" content=\"1200\" \/>\n\t<meta property=\"og:image:type\" content=\"image\/png\" \/>\n<meta name=\"twitter:card\" content=\"summary_large_image\" \/>\n<meta name=\"twitter:label1\" content=\"Est. reading time\" \/>\n\t<meta name=\"twitter:data1\" content=\"2 minutes\" \/>\n<script type=\"application\/ld+json\" class=\"yoast-schema-graph\">{\"@context\":\"https:\/\/schema.org\",\"@graph\":[{\"@type\":\"WebPage\",\"@id\":\"https:\/\/barrsell.com\/urun\/eos-ufleme-fani\/\",\"url\":\"https:\/\/barrsell.com\/urun\/eos-ufleme-fani\/\",\"name\":\"Eos \u00dcfleme Fan\u0131 | Barrsell End\u00fcstri\",\"isPartOf\":{\"@id\":\"https:\/\/barrsell.com\/#website\"},\"primaryImageOfPage\":{\"@id\":\"https:\/\/barrsell.com\/urun\/eos-ufleme-fani\/#primaryimage\"},\"image\":{\"@id\":\"https:\/\/barrsell.com\/urun\/eos-ufleme-fani\/#primaryimage\"},\"thumbnailUrl\":\"https:\/\/barrsell.com\/wp-content\/uploads\/2024\/09\/Eos-Ufleme-Fani.png\",\"datePublished\":\"2024-09-02T11:13:54+00:00\",\"dateModified\":\"2024-12-15T15:12:25+00:00\",\"description\":\"Eos \u00dcfleme Fan\u0131\u00a0 geri d\u00f6n\u00fc\u015fs\u00fcz valf \u00f6zellikli ve ba\u011f\u0131ms\u0131z 5 kademeli h\u0131z (rpm) kontrol \u00fcnitesine sahip DN100 (80 W T50)Bu fan, maksimum verimlilik\",\"breadcrumb\":{\"@id\":\"https:\/\/barrsell.com\/urun\/eos-ufleme-fani\/#breadcrumb\"},\"inLanguage\":\"en-US\",\"potentialAction\":[{\"@type\":\"ReadAction\",\"target\":[\"https:\/\/barrsell.com\/urun\/eos-ufleme-fani\/\"]}]},{\"@type\":\"ImageObject\",\"inLanguage\":\"en-US\",\"@id\":\"https:\/\/barrsell.com\/urun\/eos-ufleme-fani\/#primaryimage\",\"url\":\"https:\/\/barrsell.com\/wp-content\/uploads\/2024\/09\/Eos-Ufleme-Fani.png\",\"contentUrl\":\"https:\/\/barrsell.com\/wp-content\/uploads\/2024\/09\/Eos-Ufleme-Fani.png\",\"width\":1200,\"height\":1200,\"caption\":\"Eos \u00dcfleme Fan\u0131\"},{\"@type\":\"BreadcrumbList\",\"@id\":\"https:\/\/barrsell.com\/urun\/eos-ufleme-fani\/#breadcrumb\",\"itemListElement\":[{\"@type\":\"ListItem\",\"position\":1,\"name\":\"Home\",\"item\":\"https:\/\/barrsell.com\/\"},{\"@type\":\"ListItem\",\"position\":2,\"name\":\"\u00dcr\u00fcnler\",\"item\":\"https:\/\/barrsell.com\/en\/products\/\"},{\"@type\":\"ListItem\",\"position\":3,\"name\":\"Eos \u00dcfleme Fan\u0131\"}]},{\"@type\":\"WebSite\",\"@id\":\"https:\/\/barrsell.com\/#website\",\"url\":\"https:\/\/barrsell.com\/\",\"name\":\"Barrsell End\u00fcstri Makine\",\"description\":\"Teknolojiyle G\u00fc\u00e7lenen End\u00fcstriyel \u00c7\u00f6z\u00fcmler!\",\"potentialAction\":[{\"@type\":\"SearchAction\",\"target\":{\"@type\":\"EntryPoint\",\"urlTemplate\":\"https:\/\/barrsell.com\/?s={search_term_string}\"},\"query-input\":\"required name=search_term_string\"}],\"inLanguage\":\"en-US\"}]}<\/script>\n<!-- \/ Yoast SEO Premium plugin. -->","yoast_head_json":{"title":"Eos \u00dcfleme Fan\u0131 | Barrsell End\u00fcstri","description":"Eos \u00dcfleme Fan\u0131\u00a0 geri d\u00f6n\u00fc\u015fs\u00fcz valf \u00f6zellikli ve ba\u011f\u0131ms\u0131z 5 kademeli h\u0131z (rpm) kontrol \u00fcnitesine sahip DN100 (80 W T50)Bu fan, maksimum verimlilik","robots":{"index":"index","follow":"follow","max-snippet":"max-snippet:-1","max-image-preview":"max-image-preview:large","max-video-preview":"max-video-preview:-1"},"canonical":"https:\/\/barrsell.com\/en\/product\/eos-blowing-fan\/","og_locale":"en_US","og_type":"article","og_title":"Eos \u00dcfleme Fan\u0131","og_description":"Eos \u00dcfleme Fan\u0131\u00a0 geri d\u00f6n\u00fc\u015fs\u00fcz valf \u00f6zellikli ve ba\u011f\u0131ms\u0131z 5 kademeli h\u0131z (rpm) kontrol \u00fcnitesine sahip DN100 (80 W T50)Bu fan, maksimum verimlilik","og_url":"https:\/\/barrsell.com\/en\/product\/eos-blowing-fan\/","og_site_name":"Barrsell","article_modified_time":"2024-12-15T15:12:25+00:00","og_image":[{"width":1200,"height":1200,"url":"https:\/\/barrsell.com\/wp-content\/uploads\/2024\/09\/Eos-Ufleme-Fani.png","type":"image\/png"}],"twitter_card":"summary_large_image","twitter_misc":{"Est. reading time":"2 minutes"},"schema":{"@context":"https:\/\/schema.org","@graph":[{"@type":"WebPage","@id":"https:\/\/barrsell.com\/urun\/eos-ufleme-fani\/","url":"https:\/\/barrsell.com\/urun\/eos-ufleme-fani\/","name":"Eos \u00dcfleme Fan\u0131 | Barrsell End\u00fcstri","isPartOf":{"@id":"https:\/\/barrsell.com\/#website"},"primaryImageOfPage":{"@id":"https:\/\/barrsell.com\/urun\/eos-ufleme-fani\/#primaryimage"},"image":{"@id":"https:\/\/barrsell.com\/urun\/eos-ufleme-fani\/#primaryimage"},"thumbnailUrl":"https:\/\/barrsell.com\/wp-content\/uploads\/2024\/09\/Eos-Ufleme-Fani.png","datePublished":"2024-09-02T11:13:54+00:00","dateModified":"2024-12-15T15:12:25+00:00","description":"Eos \u00dcfleme Fan\u0131\u00a0 geri d\u00f6n\u00fc\u015fs\u00fcz valf \u00f6zellikli ve ba\u011f\u0131ms\u0131z 5 kademeli h\u0131z (rpm) kontrol \u00fcnitesine sahip DN100 (80 W T50)Bu fan, maksimum verimlilik","breadcrumb":{"@id":"https:\/\/barrsell.com\/urun\/eos-ufleme-fani\/#breadcrumb"},"inLanguage":"en-US","potentialAction":[{"@type":"ReadAction","target":["https:\/\/barrsell.com\/urun\/eos-ufleme-fani\/"]}]},{"@type":"ImageObject","inLanguage":"en-US","@id":"https:\/\/barrsell.com\/urun\/eos-ufleme-fani\/#primaryimage","url":"https:\/\/barrsell.com\/wp-content\/uploads\/2024\/09\/Eos-Ufleme-Fani.png","contentUrl":"https:\/\/barrsell.com\/wp-content\/uploads\/2024\/09\/Eos-Ufleme-Fani.png","width":1200,"height":1200,"caption":"Eos \u00dcfleme Fan\u0131"},{"@type":"BreadcrumbList","@id":"https:\/\/barrsell.com\/urun\/eos-ufleme-fani\/#breadcrumb","itemListElement":[{"@type":"ListItem","position":1,"name":"Home","item":"https:\/\/barrsell.com\/"},{"@type":"ListItem","position":2,"name":"\u00dcr\u00fcnler","item":"https:\/\/barrsell.com\/en\/products\/"},{"@type":"ListItem","position":3,"name":"Eos \u00dcfleme Fan\u0131"}]},{"@type":"WebSite","@id":"https:\/\/barrsell.com\/#website","url":"https:\/\/barrsell.com\/","name":"Barrsell End\u00fcstri Makine","description":"Teknolojiyle G\u00fc\u00e7lenen End\u00fcstriyel \u00c7\u00f6z\u00fcmler!","potentialAction":[{"@type":"SearchAction","target":{"@type":"EntryPoint","urlTemplate":"https:\/\/barrsell.com\/?s={search_term_string}"},"query-input":"required name=search_term_string"}],"inLanguage":"en-US"}]}},"_links":{"self":[{"href":"https:\/\/barrsell.com\/en\/wp-json\/wp\/v2\/product\/13714","targetHints":{"allow":["GET"]}}],"collection":[{"href":"https:\/\/barrsell.com\/en\/wp-json\/wp\/v2\/product"}],"about":[{"href":"https:\/\/barrsell.com\/en\/wp-json\/wp\/v2\/types\/product"}],"version-history":[{"count":5,"href":"https:\/\/barrsell.com\/en\/wp-json\/wp\/v2\/product\/13714\/revisions"}],"predecessor-version":[{"id":19277,"href":"https:\/\/barrsell.com\/en\/wp-json\/wp\/v2\/product\/13714\/revisions\/19277"}],"wp:featuredmedia":[{"embeddable":true,"href":"https:\/\/barrsell.com\/en\/wp-json\/wp\/v2\/media\/13715"}],"wp:attachment":[{"href":"https:\/\/barrsell.com\/en\/wp-json\/wp\/v2\/media?parent=13714"}],"wp:term":[{"taxonomy":"product_cat","embeddable":true,"href":"https:\/\/barrsell.com\/en\/wp-json\/wp\/v2\/product_cat?post=13714"},{"taxonomy":"product_tag","embeddable":true,"href":"https:\/\/barrsell.com\/en\/wp-json\/wp\/v2\/product_tag?post=13714"}],"curies":[{"name":"wp","href":"https:\/\/api.w.org\/{rel}","templated":true}]}}