{"id":1369,"date":"2022-12-09T14:17:41","date_gmt":"2022-12-09T14:17:41","guid":{"rendered":"http:\/\/dummy.xtemos.com\/woodmart2\/mega-electronics-elementor\/?post_type=product&#038;p=1369"},"modified":"2025-01-09T10:22:38","modified_gmt":"2025-01-09T10:22:38","slug":"hygromatik-heaterslim","status":"publish","type":"product","link":"https:\/\/barrsell.com\/en\/product\/hygromatik-heaterslim\/","title":{"rendered":"HygroMatik HeaterSlim Humidifier"},"content":{"rendered":"<h2><strong>HygroMatik HeaterSlim Humidifier Heater Principle<\/strong><\/h2>\n<p>One to three heating elements of the Hygromatik HeaterSlim series are placed in a closed cylinder and connected to alternating current. The cylinder is filled with tap water and completely demineralized water. The temperature heating element thus causes an increase in the water temperature. When using fully demineralized water, the feed water contains almost no minerals. This ensures a long life of the drum and virtually no mineral deposits precipitate or form.<\/p>\n<table style=\"height: 168px;\" width=\"599\">\n<tbody>\n<tr>\n<td rowspan=\"2\" width=\"91\"><strong>Model<\/strong><\/td>\n<td rowspan=\"2\" width=\"165\"><strong>Maximum steam output<\/strong><\/td>\n<td rowspan=\"2\" width=\"129\"><strong>Electricity connection<\/strong><\/td>\n<td width=\"92\"><strong>Dimensions<\/strong><\/td>\n<\/tr>\n<tr>\n<td width=\"92\"><strong>g\/y\/d [mm]<\/strong><\/td>\n<\/tr>\n<tr>\n<td width=\"91\" data-title=\"Model\">HS03<\/td>\n<td width=\"165\" data-title=\"Parn\u00ed v\u00fdkon max\">3,3 kg\/h<\/td>\n<td width=\"129\" data-title=\"El.p\u0159ipojen\u00ed\">2,5kW\/ 6,5A<\/td>\n<td width=\"92\" data-title=\"Rozm\u011bry \u0161\/v\/h [mm]\">368\/575\/155<\/td>\n<\/tr>\n<tr>\n<td width=\"91\" data-title=\"Model\">HS06<\/td>\n<td width=\"165\" data-title=\"Parn\u00ed v\u00fdkon max\">6,6 kg\/h<\/td>\n<td width=\"129\" data-title=\"El.p\u0159ipojen\u00ed\">5,0 kW\/ 10,8 A<\/td>\n<td width=\"92\" data-title=\"Rozm\u011bry \u0161\/v\/h [mm]\">368\/575\/155<\/td>\n<\/tr>\n<tr>\n<td width=\"91\" data-title=\"Model\">HS10<\/td>\n<td width=\"165\" data-title=\"Parn\u00ed v\u00fdkon max\">10 kg\/h<\/td>\n<td width=\"129\" data-title=\"El.p\u0159ipojen\u00ed\">7,5 kW\/ 18,5 A<\/td>\n<td width=\"92\" data-title=\"Rozm\u011bry \u0161\/v\/h [mm]\">368\/575\/155<\/td>\n<\/tr>\n<\/tbody>\n<\/table>\n<p>&nbsp;<\/p>\n<div id=\"attachment_11187\" style=\"width: 310px\" class=\"wp-caption alignleft\"><a href=\"https:\/\/barrsell.com\/wp-content\/uploads\/2022\/12\/hygromatik-heater-slim-barrsel.jpg\"><img fetchpriority=\"high\" decoding=\"async\" aria-describedby=\"caption-attachment-11187\" class=\"size-medium wp-image-11187\" src=\"https:\/\/barrsell.com\/wp-content\/uploads\/2022\/12\/hygromatik-heater-slim-barrsel-300x215.jpg\" alt=\"\" width=\"300\" height=\"215\" srcset=\"https:\/\/barrsell.com\/wp-content\/uploads\/2022\/12\/hygromatik-heater-slim-barrsel-300x215.jpg 300w, https:\/\/barrsell.com\/wp-content\/uploads\/2022\/12\/hygromatik-heater-slim-barrsel-18x12.jpg 18w, https:\/\/barrsell.com\/wp-content\/uploads\/2022\/12\/hygromatik-heater-slim-barrsel-150x108.jpg 150w, https:\/\/barrsell.com\/wp-content\/uploads\/2022\/12\/hygromatik-heater-slim-barrsel.jpg 365w\" sizes=\"(max-width: 300px) 100vw, 300px\" \/><\/a><p id=\"caption-attachment-11187\" class=\"wp-caption-text\">hygromatik-heater- slim-barrsel<\/p><\/div>\n<h4><strong>HeaterSlim humidification solutions<\/strong><\/h4>\n<p>Fully softened water minimizes the number of service\/maintenance inspections. Also, when using tap water, some minerals dissolved in the water will precipitate in the tank as various solids. composition. Regular flushing or the use of a heavy-duty sewage pump eliminates the problem of scaling. For example, the temperature of the steam produced is about 100\u00b0C. Minimum positive pressure (unpressurized steam). Demineralized and sterile.<\/p>\n<p>&nbsp;<\/p>\n<h4>HygroMatik HeaterSlim Humidifier<\/h4>\n<ul>\n<li class=\" translation-block\"><strong>Compact and Stylish Design<\/strong>: The HygroMatik HeaterSlim Humidifier saves space thanks to its slim and compact design. It is also ideal for tight spaces and limited installation areas.<\/li>\n<li class=\" translation-block\"><strong>Energy Efficiency<\/strong>: HeaterSlim offers high performance with low energy consumption, minimizing energy costs.<\/li>\n<li class=\" translation-block\"><strong>High Steam Production Capacity<\/strong>: HygroMatik HeaterSlim provides fast and efficient steam generation, keeping the humidity level at the desired level. It also offers stable humidification even in industrial and commercial applications.<\/li>\n<li><strong>Easy Maintenance and Cleaning<\/strong>: Thanks to the modular structure of the device, maintenance and cleaning operations are quick and easy.<\/li>\n<li><strong>Multiple Mounting Options<\/strong>: HeaterSlim adapts to various installation requirements with flexible mounting options. In particular the possibility of vertical or horizontal mounting.<\/li>\n<li><strong>Compatibility with Intelligent Control Systems<\/strong>: HygroMatik HeaterSlim works in harmony with intelligent control systems and humidity sensors to provide precise humidification control. This also makes it easier for users to optimize the ambient humidity level.<\/li>\n<li class=\" translation-block\"><strong>Low Operating Costs<\/strong>: Efficient steam generation and energy-saving technology minimize HeaterSlim's operating costs. In addition, the low maintenance requirement also provides a cost advantage.<\/li>\n<\/ul>\n<p>&nbsp;<\/p>","protected":false},"excerpt":{"rendered":"<p>HygroMatik HeaterSlim Nemlendirici Is\u0131t\u0131c\u0131 Prensibi Hygromatik HeaterSlim serisi bir ila \u00fc\u00e7 \u0131s\u0131tma eleman\u0131 kapal\u0131 bir silindire yerle\u015ftirilir ve alternatif ak\u0131ma<\/p>","protected":false},"featured_media":11184,"template":"","meta":[],"product_cat":[113,125,127],"product_tag":[],"class_list":{"0":"post-1369","1":"product","2":"type-product","3":"status-publish","4":"has-post-thumbnail","6":"product_cat-buhar-jeneratorleri-nemlendiriciler","7":"product_cat-hygromatik-buharli-nemlendirici","8":"product_cat-hygromatik-isitici-elementli-sistemler","10":"first","11":"instock","12":"shipping-taxable","13":"purchasable","14":"product-type-variable"},"yoast_head":"<!-- This site is optimized with the Yoast SEO Premium plugin v23.2 (Yoast SEO v23.2) - https:\/\/yoast.com\/wordpress\/plugins\/seo\/ -->\n<title>HygroMatik HeaterSlim Nemlendirici | Barrsell End\u00fcstri<\/title>\n<meta name=\"description\" content=\"Hygromatik HeaterSlim serisi bir ila \u00fc\u00e7 \u0131s\u0131tma eleman\u0131 kapal\u0131 bir silindire yerle\u015ftirilir ve alternatif ak\u0131ma ba\u011flan\u0131r. Silindir musluk suyu....\" \/>\n<meta name=\"robots\" content=\"index, follow, max-snippet:-1, max-image-preview:large, max-video-preview:-1\" \/>\n<link rel=\"canonical\" href=\"https:\/\/barrsell.com\/en\/product\/hygromatik-heaterslim\/\" \/>\n<meta property=\"og:locale\" content=\"en_US\" \/>\n<meta property=\"og:type\" content=\"article\" \/>\n<meta property=\"og:title\" content=\"HygroMatik HeaterSlim Nemlendirici\" \/>\n<meta property=\"og:description\" content=\"Hygromatik HeaterSlim serisi bir ila \u00fc\u00e7 \u0131s\u0131tma eleman\u0131 kapal\u0131 bir silindire yerle\u015ftirilir ve alternatif ak\u0131ma ba\u011flan\u0131r. Silindir musluk suyu....\" \/>\n<meta property=\"og:url\" content=\"https:\/\/barrsell.com\/en\/product\/hygromatik-heaterslim\/\" \/>\n<meta property=\"og:site_name\" content=\"Barrsell\" \/>\n<meta property=\"article:modified_time\" content=\"2025-01-09T10:22:38+00:00\" \/>\n<meta property=\"og:image\" content=\"https:\/\/barrsell.com\/wp-content\/uploads\/2022\/12\/hygromatik-heaterslim.png\" \/>\n\t<meta property=\"og:image:width\" content=\"1200\" \/>\n\t<meta property=\"og:image:height\" content=\"1200\" \/>\n\t<meta property=\"og:image:type\" content=\"image\/png\" \/>\n<meta name=\"twitter:card\" content=\"summary_large_image\" \/>\n<meta name=\"twitter:label1\" content=\"Est. reading time\" \/>\n\t<meta name=\"twitter:data1\" content=\"3 minutes\" \/>\n<script type=\"application\/ld+json\" class=\"yoast-schema-graph\">{\"@context\":\"https:\/\/schema.org\",\"@graph\":[{\"@type\":\"WebPage\",\"@id\":\"https:\/\/barrsell.com\/urun\/hygromatik-heaterslim\/\",\"url\":\"https:\/\/barrsell.com\/urun\/hygromatik-heaterslim\/\",\"name\":\"HygroMatik HeaterSlim Nemlendirici | Barrsell End\u00fcstri\",\"isPartOf\":{\"@id\":\"https:\/\/barrsell.com\/#website\"},\"primaryImageOfPage\":{\"@id\":\"https:\/\/barrsell.com\/urun\/hygromatik-heaterslim\/#primaryimage\"},\"image\":{\"@id\":\"https:\/\/barrsell.com\/urun\/hygromatik-heaterslim\/#primaryimage\"},\"thumbnailUrl\":\"https:\/\/barrsell.com\/wp-content\/uploads\/2022\/12\/hygromatik-heaterslim.png\",\"datePublished\":\"2022-12-09T14:17:41+00:00\",\"dateModified\":\"2025-01-09T10:22:38+00:00\",\"description\":\"Hygromatik HeaterSlim serisi bir ila \u00fc\u00e7 \u0131s\u0131tma eleman\u0131 kapal\u0131 bir silindire yerle\u015ftirilir ve alternatif ak\u0131ma ba\u011flan\u0131r. Silindir musluk suyu....\",\"breadcrumb\":{\"@id\":\"https:\/\/barrsell.com\/urun\/hygromatik-heaterslim\/#breadcrumb\"},\"inLanguage\":\"en-US\",\"potentialAction\":[{\"@type\":\"ReadAction\",\"target\":[\"https:\/\/barrsell.com\/urun\/hygromatik-heaterslim\/\"]}]},{\"@type\":\"ImageObject\",\"inLanguage\":\"en-US\",\"@id\":\"https:\/\/barrsell.com\/urun\/hygromatik-heaterslim\/#primaryimage\",\"url\":\"https:\/\/barrsell.com\/wp-content\/uploads\/2022\/12\/hygromatik-heaterslim.png\",\"contentUrl\":\"https:\/\/barrsell.com\/wp-content\/uploads\/2022\/12\/hygromatik-heaterslim.png\",\"width\":1200,\"height\":1200,\"caption\":\"hygromatik-heaterslim\"},{\"@type\":\"BreadcrumbList\",\"@id\":\"https:\/\/barrsell.com\/urun\/hygromatik-heaterslim\/#breadcrumb\",\"itemListElement\":[{\"@type\":\"ListItem\",\"position\":1,\"name\":\"Home\",\"item\":\"https:\/\/barrsell.com\/\"},{\"@type\":\"ListItem\",\"position\":2,\"name\":\"\u00dcr\u00fcnler\",\"item\":\"https:\/\/barrsell.com\/en\/products\/\"},{\"@type\":\"ListItem\",\"position\":3,\"name\":\"HygroMatik HeaterSlim Nemlendirici\"}]},{\"@type\":\"WebSite\",\"@id\":\"https:\/\/barrsell.com\/#website\",\"url\":\"https:\/\/barrsell.com\/\",\"name\":\"Barrsell End\u00fcstri Makine\",\"description\":\"Teknolojiyle G\u00fc\u00e7lenen End\u00fcstriyel \u00c7\u00f6z\u00fcmler!\",\"potentialAction\":[{\"@type\":\"SearchAction\",\"target\":{\"@type\":\"EntryPoint\",\"urlTemplate\":\"https:\/\/barrsell.com\/?s={search_term_string}\"},\"query-input\":\"required name=search_term_string\"}],\"inLanguage\":\"en-US\"}]}<\/script>\n<!-- \/ Yoast SEO Premium plugin. -->","yoast_head_json":{"title":"HygroMatik HeaterSlim Nemlendirici | Barrsell End\u00fcstri","description":"Hygromatik HeaterSlim serisi bir ila \u00fc\u00e7 \u0131s\u0131tma eleman\u0131 kapal\u0131 bir silindire yerle\u015ftirilir ve alternatif ak\u0131ma ba\u011flan\u0131r. Silindir musluk suyu....","robots":{"index":"index","follow":"follow","max-snippet":"max-snippet:-1","max-image-preview":"max-image-preview:large","max-video-preview":"max-video-preview:-1"},"canonical":"https:\/\/barrsell.com\/en\/product\/hygromatik-heaterslim\/","og_locale":"en_US","og_type":"article","og_title":"HygroMatik HeaterSlim Nemlendirici","og_description":"Hygromatik HeaterSlim serisi bir ila \u00fc\u00e7 \u0131s\u0131tma eleman\u0131 kapal\u0131 bir silindire yerle\u015ftirilir ve alternatif ak\u0131ma ba\u011flan\u0131r. Silindir musluk suyu....","og_url":"https:\/\/barrsell.com\/en\/product\/hygromatik-heaterslim\/","og_site_name":"Barrsell","article_modified_time":"2025-01-09T10:22:38+00:00","og_image":[{"width":1200,"height":1200,"url":"https:\/\/barrsell.com\/wp-content\/uploads\/2022\/12\/hygromatik-heaterslim.png","type":"image\/png"}],"twitter_card":"summary_large_image","twitter_misc":{"Est. reading time":"3 minutes"},"schema":{"@context":"https:\/\/schema.org","@graph":[{"@type":"WebPage","@id":"https:\/\/barrsell.com\/urun\/hygromatik-heaterslim\/","url":"https:\/\/barrsell.com\/urun\/hygromatik-heaterslim\/","name":"HygroMatik HeaterSlim Nemlendirici | Barrsell End\u00fcstri","isPartOf":{"@id":"https:\/\/barrsell.com\/#website"},"primaryImageOfPage":{"@id":"https:\/\/barrsell.com\/urun\/hygromatik-heaterslim\/#primaryimage"},"image":{"@id":"https:\/\/barrsell.com\/urun\/hygromatik-heaterslim\/#primaryimage"},"thumbnailUrl":"https:\/\/barrsell.com\/wp-content\/uploads\/2022\/12\/hygromatik-heaterslim.png","datePublished":"2022-12-09T14:17:41+00:00","dateModified":"2025-01-09T10:22:38+00:00","description":"Hygromatik HeaterSlim serisi bir ila \u00fc\u00e7 \u0131s\u0131tma eleman\u0131 kapal\u0131 bir silindire yerle\u015ftirilir ve alternatif ak\u0131ma ba\u011flan\u0131r. Silindir musluk suyu....","breadcrumb":{"@id":"https:\/\/barrsell.com\/urun\/hygromatik-heaterslim\/#breadcrumb"},"inLanguage":"en-US","potentialAction":[{"@type":"ReadAction","target":["https:\/\/barrsell.com\/urun\/hygromatik-heaterslim\/"]}]},{"@type":"ImageObject","inLanguage":"en-US","@id":"https:\/\/barrsell.com\/urun\/hygromatik-heaterslim\/#primaryimage","url":"https:\/\/barrsell.com\/wp-content\/uploads\/2022\/12\/hygromatik-heaterslim.png","contentUrl":"https:\/\/barrsell.com\/wp-content\/uploads\/2022\/12\/hygromatik-heaterslim.png","width":1200,"height":1200,"caption":"hygromatik-heaterslim"},{"@type":"BreadcrumbList","@id":"https:\/\/barrsell.com\/urun\/hygromatik-heaterslim\/#breadcrumb","itemListElement":[{"@type":"ListItem","position":1,"name":"Home","item":"https:\/\/barrsell.com\/"},{"@type":"ListItem","position":2,"name":"\u00dcr\u00fcnler","item":"https:\/\/barrsell.com\/en\/products\/"},{"@type":"ListItem","position":3,"name":"HygroMatik HeaterSlim Nemlendirici"}]},{"@type":"WebSite","@id":"https:\/\/barrsell.com\/#website","url":"https:\/\/barrsell.com\/","name":"Barrsell End\u00fcstri Makine","description":"Teknolojiyle G\u00fc\u00e7lenen End\u00fcstriyel \u00c7\u00f6z\u00fcmler!","potentialAction":[{"@type":"SearchAction","target":{"@type":"EntryPoint","urlTemplate":"https:\/\/barrsell.com\/?s={search_term_string}"},"query-input":"required name=search_term_string"}],"inLanguage":"en-US"}]}},"_links":{"self":[{"href":"https:\/\/barrsell.com\/en\/wp-json\/wp\/v2\/product\/1369","targetHints":{"allow":["GET"]}}],"collection":[{"href":"https:\/\/barrsell.com\/en\/wp-json\/wp\/v2\/product"}],"about":[{"href":"https:\/\/barrsell.com\/en\/wp-json\/wp\/v2\/types\/product"}],"version-history":[{"count":9,"href":"https:\/\/barrsell.com\/en\/wp-json\/wp\/v2\/product\/1369\/revisions"}],"predecessor-version":[{"id":20104,"href":"https:\/\/barrsell.com\/en\/wp-json\/wp\/v2\/product\/1369\/revisions\/20104"}],"wp:featuredmedia":[{"embeddable":true,"href":"https:\/\/barrsell.com\/en\/wp-json\/wp\/v2\/media\/11184"}],"wp:attachment":[{"href":"https:\/\/barrsell.com\/en\/wp-json\/wp\/v2\/media?parent=1369"}],"wp:term":[{"taxonomy":"product_cat","embeddable":true,"href":"https:\/\/barrsell.com\/en\/wp-json\/wp\/v2\/product_cat?post=1369"},{"taxonomy":"product_tag","embeddable":true,"href":"https:\/\/barrsell.com\/en\/wp-json\/wp\/v2\/product_tag?post=1369"}],"curies":[{"name":"wp","href":"https:\/\/api.w.org\/{rel}","templated":true}]}}