{"id":1364,"date":"2022-12-09T14:14:35","date_gmt":"2022-12-09T14:14:35","guid":{"rendered":"http:\/\/dummy.xtemos.com\/woodmart2\/mega-electronics-elementor\/?post_type=product&#038;p=1364"},"modified":"2025-01-09T10:26:51","modified_gmt":"2025-01-09T10:26:51","slug":"hygromatik-standardline-slh","status":"publish","type":"product","link":"https:\/\/barrsell.com\/en\/product\/hygromatik-standardline-slh\/","title":{"rendered":"HygroMatik StandardLine SLH Humidifier"},"content":{"rendered":"<h2>HygroMatik StandardLine SLH Humidifier<\/h2>\n<p>The action mode of the HygroMatik StandardLine SLH Humidifier series works on the immersion heater principle. The heating elements have temperatures ranging up to six, depending on the outlet temperature. For example, the diagram below shows the heating element and other main components of the SLH09 steam generator. The cylinders are filled with tap water. The mineral content of the water can thus be adjusted to the desired level by demineralization or water softening processes. In addition, heat is transferred to the cylinder water by the heating elements at a temperature of about 100 \u00b0C and converted into water vapor. This steam has a temperature of about 100 \u00b0C and very little pressure (unpressurized steam). As a result, the vapor is virtually mineral-free and germ-free.<\/p>\n<p><strong>HygroMatik StandardLine SLH Humidifier<\/strong><\/p>\n<table style=\"height: 318px;\" width=\"632\">\n<tbody>\n<tr>\n<td width=\"64\"><strong>Model<\/strong><\/td>\n<td width=\"141\"><strong>Maximum steam output<\/strong><\/td>\n<td width=\"255\"><strong>El. connection<\/strong><\/td>\n<td width=\"98\"><strong>Dimensions<\/strong><\/td>\n<\/tr>\n<tr>\n<td><\/td>\n<td><\/td>\n<td><\/td>\n<td><strong>y\/g\/d [mm]<\/strong><\/td>\n<\/tr>\n<tr>\n<td data-title=\"Model\">SLH 03<\/td>\n<td data-title=\"Parn\u00ed v\u00fdkon max\">2,7 \u2013 3,3 kg\/h<\/td>\n<td data-title=\"El. p\u0159ipojen\u00ed\">2,1 \u2013 2,4 kW \/ 9,4 \u2013 10,2 A<\/td>\n<td data-title=\"Rozm\u011bry v\/\u0161\/h [mm]\">535\/350\/245<\/td>\n<\/tr>\n<tr>\n<td data-title=\"Model\">SLH 06<\/td>\n<td data-title=\"Parn\u00ed v\u00fdkon max\">5,5 \u2013 6,5 kg\/h<\/td>\n<td data-title=\"El. p\u0159ipojen\u00ed\">4,1 \u2013 4,9 kW \/ 18,7 \u2013 20,4 A (10,7 \u2013 11,7 A)<\/td>\n<td data-title=\"Rozm\u011bry v\/\u0161\/h [mm]\">535\/350\/245<\/td>\n<\/tr>\n<tr>\n<td data-title=\"Model\">SLH 09<\/td>\n<td data-title=\"Parn\u00ed v\u00fdkon max\">8,2 \u2013 9,8 kg\/h<\/td>\n<td data-title=\"El. p\u0159ipojen\u00ed\">6,2 \u2013 7,3 kW \/ 10,7 \u2013 11,7 A<\/td>\n<td data-title=\"Rozm\u011bry v\/\u0161\/h [mm]\">535\/350\/245<\/td>\n<\/tr>\n<tr>\n<td data-title=\"Model\">SLH15<\/td>\n<td data-title=\"Parn\u00ed v\u00fdkon max\">13,7 \u2013 16,4 kg\/h<\/td>\n<td data-title=\"El. p\u0159ipojen\u00ed\">10,3 \u2013 12,3 kW \/ 15,6 \u2013 17,1 A<\/td>\n<td data-title=\"Rozm\u011bry v\/\u0161\/h [mm]\">695\/425\/320<\/td>\n<\/tr>\n<tr>\n<td data-title=\"Model\">SLH25<\/td>\n<td data-title=\"Parn\u00ed v\u00fdkon max\">22,7 \u2013 27,1 kg\/h<\/td>\n<td data-title=\"El. p\u0159ipojen\u00ed\">17,1 \u2013 20,3 kW \/ 25,9 \u2013 28,3 A<\/td>\n<td data-title=\"Rozm\u011bry v\/\u0161\/h [mm]\">695\/425\/320<\/td>\n<\/tr>\n<tr>\n<td data-title=\"Model\">SLH40<\/td>\n<td data-title=\"Parn\u00ed v\u00fdkon max\">36,6 \u2013 43,5 kg\/h<\/td>\n<td data-title=\"El. p\u0159ipojen\u00ed\">27,3 \u2013 32,6 kW \/ 41,5 \u2013 45,4 A<\/td>\n<td data-title=\"Rozm\u011bry v\/\u0161\/h [mm]\">790\/590\/415<\/td>\n<\/tr>\n<tr>\n<td data-title=\"Model\">SLH 50<\/td>\n<td data-title=\"Parn\u00ed v\u00fdkon max\">45,5 \u2013 54,3 kg\/h<\/td>\n<td data-title=\"El. p\u0159ipojen\u00ed\">34,1 \u2013 40,7 kW \/ 51,8 \u2013 56,6 A<\/td>\n<td data-title=\"Rozm\u011bry v\/\u0161\/h [mm]\">790\/590\/415<\/td>\n<\/tr>\n<\/tbody>\n<\/table>\n<div id=\"attachment_11192\" style=\"width: 230px\" class=\"wp-caption alignleft\"><img fetchpriority=\"high\" decoding=\"async\" aria-describedby=\"caption-attachment-11192\" class=\"wp-image-11192 size-medium\" src=\"https:\/\/barrsell.com\/wp-content\/uploads\/2022\/12\/hygromatik-standardline-SLH-220x300.jpg\" alt=\"\" width=\"220\" height=\"300\" srcset=\"https:\/\/barrsell.com\/wp-content\/uploads\/2022\/12\/hygromatik-standardline-SLH-220x300.jpg 220w, https:\/\/barrsell.com\/wp-content\/uploads\/2022\/12\/hygromatik-standardline-SLH-9x12.jpg 9w, https:\/\/barrsell.com\/wp-content\/uploads\/2022\/12\/hygromatik-standardline-SLH-150x205.jpg 150w, https:\/\/barrsell.com\/wp-content\/uploads\/2022\/12\/hygromatik-standardline-SLH.jpg 384w\" sizes=\"(max-width: 220px) 100vw, 220px\" \/><p id=\"caption-attachment-11192\" class=\"wp-caption-text\">HygroMatik StandardLine SLH Humidifier<\/p><\/div>\n<h4>StandardLine SLH moisturizer<\/h4>\n<p>In particular, cylinders that are completely filled with demineralized water will have mineral-free water. This guarantees a long service life of the cylinders and heating elements, because hardly any hardener accumulates. This minimizes inspection and maintenance costs. When operated with tap water, minerals dissolved in the water are likely to settle as solids in the cylinder.  But most solids are removed by a cyclic filter and pump.<\/p>\n<h4><strong>Here's How the HygroMatik StandardLine SLH Humidifier Steam Humidifier Works<\/strong><\/h4>\n<p class=\" translation-block\"><a href=\"\/\/wdteknoloji.com\/kategori\/hygromatik-nemlendirici-urunler\/\u201d\" target=\"\u201c_self\u201d\">Turn on the steam humidifier<\/a> by pressing the button on the control panel and turning it to the \u201cI\u201d position. When the humidity level exceeds the threshold, the hygrostat activates the solenoid valve to supply water to the water vapor cylinder. The filling level in the cylinder can also be monitored by the controller. Hoses with communication tubes in a plastic cylinder connected to the steam cylinder contain a sensor for continuous proportional water level measurement. The cylinder blows the water down periodically.  Water blowdown is provided by a continuously operating blowdown pump. In case of pump failure, the HygroMatik steam humidifier shuts down. With normal water quality, the blowdown loss is between 7 and 15% of the amount of steam produced. Depending on the water quality, the full steam cylinder blowdown should be run every 3 to 8 days.<\/p>\n<div id=\"attachment_14541\" style=\"width: 610px\" class=\"wp-caption alignnone\"><a href=\"https:\/\/barrsell.com\/wp-content\/uploads\/2022\/12\/HygroMatik-StandardLine-SLH-Nemlendirici.png\"><img decoding=\"async\" aria-describedby=\"caption-attachment-14541\" class=\"wp-image-14541\" src=\"https:\/\/barrsell.com\/wp-content\/uploads\/2022\/12\/HygroMatik-StandardLine-SLH-Nemlendirici.png\" alt=\"\" width=\"600\" height=\"468\" srcset=\"https:\/\/barrsell.com\/wp-content\/uploads\/2022\/12\/HygroMatik-StandardLine-SLH-Nemlendirici.png 897w, https:\/\/barrsell.com\/wp-content\/uploads\/2022\/12\/HygroMatik-StandardLine-SLH-Nemlendirici-300x234.png 300w, https:\/\/barrsell.com\/wp-content\/uploads\/2022\/12\/HygroMatik-StandardLine-SLH-Nemlendirici-768x598.png 768w, https:\/\/barrsell.com\/wp-content\/uploads\/2022\/12\/HygroMatik-StandardLine-SLH-Nemlendirici-15x12.png 15w, https:\/\/barrsell.com\/wp-content\/uploads\/2022\/12\/HygroMatik-StandardLine-SLH-Nemlendirici-150x117.png 150w\" sizes=\"(max-width: 600px) 100vw, 600px\" \/><\/a><p id=\"caption-attachment-14541\" class=\"wp-caption-text\">HygroMatik StandardLine SLH Humidifier<\/p><\/div>","protected":false},"excerpt":{"rendered":"<ul>\n<li>Use of tap water or partially treated softened water<\/li>\n<li>Long service life.<\/li>\n<li>External control signal<\/li>\n<\/ul>","protected":false},"featured_media":11195,"template":"","meta":[],"product_cat":[113,125,127],"product_tag":[246,243,241],"class_list":{"0":"post-1364","1":"product","2":"type-product","3":"status-publish","4":"has-post-thumbnail","6":"product_cat-buhar-jeneratorleri-nemlendiriciler","7":"product_cat-hygromatik-buharli-nemlendirici","8":"product_cat-hygromatik-isitici-elementli-sistemler","9":"product_tag-buhar-jeneratoru","10":"product_tag-buharlinemlendirici","11":"product_tag-hygromatik","13":"first","14":"instock","15":"shipping-taxable","16":"purchasable","17":"product-type-variable"},"yoast_head":"<!-- This site is optimized with the Yoast SEO Premium plugin v23.2 (Yoast SEO v23.2) - https:\/\/yoast.com\/wordpress\/plugins\/seo\/ -->\n<title>HygroMatik StandardLine SLH Nemlendirici | Barrsell End\u00fcstri<\/title>\n<meta name=\"description\" content=\"HygroMatik StandardLine SLH Nemlendirici serisinin aksiyon modu, dald\u0131rma \u0131s\u0131t\u0131c\u0131 ilkesiyle \u00e7al\u0131\u015f\u0131r. Is\u0131t\u0131c\u0131 unsurlar, \u00e7\u0131k\u0131\u015f s\u0131cakl\u0131\u011f\u0131na ba\u011fl\u0131 olarak alt\u0131ya\" \/>\n<meta name=\"robots\" content=\"index, follow, max-snippet:-1, max-image-preview:large, max-video-preview:-1\" \/>\n<link rel=\"canonical\" href=\"https:\/\/barrsell.com\/en\/product\/hygromatik-standardline-slh\/\" \/>\n<meta property=\"og:locale\" content=\"en_US\" \/>\n<meta property=\"og:type\" content=\"article\" \/>\n<meta property=\"og:title\" content=\"HygroMatik StandardLine SLH Nemlendirici\" \/>\n<meta property=\"og:description\" content=\"HygroMatik StandardLine SLH Nemlendirici serisinin aksiyon modu, dald\u0131rma \u0131s\u0131t\u0131c\u0131 ilkesiyle \u00e7al\u0131\u015f\u0131r. Is\u0131t\u0131c\u0131 unsurlar, \u00e7\u0131k\u0131\u015f s\u0131cakl\u0131\u011f\u0131na ba\u011fl\u0131 olarak alt\u0131ya\" \/>\n<meta property=\"og:url\" content=\"https:\/\/barrsell.com\/en\/product\/hygromatik-standardline-slh\/\" \/>\n<meta property=\"og:site_name\" content=\"Barrsell\" \/>\n<meta property=\"article:modified_time\" content=\"2025-01-09T10:26:51+00:00\" \/>\n<meta property=\"og:image\" content=\"https:\/\/barrsell.com\/wp-content\/uploads\/2022\/12\/hygromatik-standardline-SLH.png\" \/>\n\t<meta property=\"og:image:width\" content=\"1200\" \/>\n\t<meta property=\"og:image:height\" content=\"1200\" \/>\n\t<meta property=\"og:image:type\" content=\"image\/png\" \/>\n<meta name=\"twitter:card\" content=\"summary_large_image\" \/>\n<meta name=\"twitter:label1\" content=\"Est. reading time\" \/>\n\t<meta name=\"twitter:data1\" content=\"3 minutes\" \/>\n<script type=\"application\/ld+json\" class=\"yoast-schema-graph\">{\"@context\":\"https:\/\/schema.org\",\"@graph\":[{\"@type\":\"WebPage\",\"@id\":\"https:\/\/barrsell.com\/urun\/hygromatik-standardline-slh\/\",\"url\":\"https:\/\/barrsell.com\/urun\/hygromatik-standardline-slh\/\",\"name\":\"HygroMatik StandardLine SLH Nemlendirici | Barrsell End\u00fcstri\",\"isPartOf\":{\"@id\":\"https:\/\/barrsell.com\/#website\"},\"primaryImageOfPage\":{\"@id\":\"https:\/\/barrsell.com\/urun\/hygromatik-standardline-slh\/#primaryimage\"},\"image\":{\"@id\":\"https:\/\/barrsell.com\/urun\/hygromatik-standardline-slh\/#primaryimage\"},\"thumbnailUrl\":\"https:\/\/barrsell.com\/wp-content\/uploads\/2022\/12\/hygromatik-standardline-SLH.png\",\"datePublished\":\"2022-12-09T14:14:35+00:00\",\"dateModified\":\"2025-01-09T10:26:51+00:00\",\"description\":\"HygroMatik StandardLine SLH Nemlendirici serisinin aksiyon modu, dald\u0131rma \u0131s\u0131t\u0131c\u0131 ilkesiyle \u00e7al\u0131\u015f\u0131r. Is\u0131t\u0131c\u0131 unsurlar, \u00e7\u0131k\u0131\u015f s\u0131cakl\u0131\u011f\u0131na ba\u011fl\u0131 olarak alt\u0131ya\",\"breadcrumb\":{\"@id\":\"https:\/\/barrsell.com\/urun\/hygromatik-standardline-slh\/#breadcrumb\"},\"inLanguage\":\"en-US\",\"potentialAction\":[{\"@type\":\"ReadAction\",\"target\":[\"https:\/\/barrsell.com\/urun\/hygromatik-standardline-slh\/\"]}]},{\"@type\":\"ImageObject\",\"inLanguage\":\"en-US\",\"@id\":\"https:\/\/barrsell.com\/urun\/hygromatik-standardline-slh\/#primaryimage\",\"url\":\"https:\/\/barrsell.com\/wp-content\/uploads\/2022\/12\/hygromatik-standardline-SLH.png\",\"contentUrl\":\"https:\/\/barrsell.com\/wp-content\/uploads\/2022\/12\/hygromatik-standardline-SLH.png\",\"width\":1200,\"height\":1200,\"caption\":\"hygromatik-standardline SLH\"},{\"@type\":\"BreadcrumbList\",\"@id\":\"https:\/\/barrsell.com\/urun\/hygromatik-standardline-slh\/#breadcrumb\",\"itemListElement\":[{\"@type\":\"ListItem\",\"position\":1,\"name\":\"Home\",\"item\":\"https:\/\/barrsell.com\/\"},{\"@type\":\"ListItem\",\"position\":2,\"name\":\"\u00dcr\u00fcnler\",\"item\":\"https:\/\/barrsell.com\/en\/products\/\"},{\"@type\":\"ListItem\",\"position\":3,\"name\":\"HygroMatik StandardLine SLH Nemlendirici\"}]},{\"@type\":\"WebSite\",\"@id\":\"https:\/\/barrsell.com\/#website\",\"url\":\"https:\/\/barrsell.com\/\",\"name\":\"Barrsell End\u00fcstri Makine\",\"description\":\"Teknolojiyle G\u00fc\u00e7lenen End\u00fcstriyel \u00c7\u00f6z\u00fcmler!\",\"potentialAction\":[{\"@type\":\"SearchAction\",\"target\":{\"@type\":\"EntryPoint\",\"urlTemplate\":\"https:\/\/barrsell.com\/?s={search_term_string}\"},\"query-input\":\"required name=search_term_string\"}],\"inLanguage\":\"en-US\"}]}<\/script>\n<!-- \/ Yoast SEO Premium plugin. -->","yoast_head_json":{"title":"HygroMatik StandardLine SLH Nemlendirici | Barrsell End\u00fcstri","description":"HygroMatik StandardLine SLH Nemlendirici serisinin aksiyon modu, dald\u0131rma \u0131s\u0131t\u0131c\u0131 ilkesiyle \u00e7al\u0131\u015f\u0131r. Is\u0131t\u0131c\u0131 unsurlar, \u00e7\u0131k\u0131\u015f s\u0131cakl\u0131\u011f\u0131na ba\u011fl\u0131 olarak alt\u0131ya","robots":{"index":"index","follow":"follow","max-snippet":"max-snippet:-1","max-image-preview":"max-image-preview:large","max-video-preview":"max-video-preview:-1"},"canonical":"https:\/\/barrsell.com\/en\/product\/hygromatik-standardline-slh\/","og_locale":"en_US","og_type":"article","og_title":"HygroMatik StandardLine SLH Nemlendirici","og_description":"HygroMatik StandardLine SLH Nemlendirici serisinin aksiyon modu, dald\u0131rma \u0131s\u0131t\u0131c\u0131 ilkesiyle \u00e7al\u0131\u015f\u0131r. Is\u0131t\u0131c\u0131 unsurlar, \u00e7\u0131k\u0131\u015f s\u0131cakl\u0131\u011f\u0131na ba\u011fl\u0131 olarak alt\u0131ya","og_url":"https:\/\/barrsell.com\/en\/product\/hygromatik-standardline-slh\/","og_site_name":"Barrsell","article_modified_time":"2025-01-09T10:26:51+00:00","og_image":[{"width":1200,"height":1200,"url":"https:\/\/barrsell.com\/wp-content\/uploads\/2022\/12\/hygromatik-standardline-SLH.png","type":"image\/png"}],"twitter_card":"summary_large_image","twitter_misc":{"Est. reading time":"3 minutes"},"schema":{"@context":"https:\/\/schema.org","@graph":[{"@type":"WebPage","@id":"https:\/\/barrsell.com\/urun\/hygromatik-standardline-slh\/","url":"https:\/\/barrsell.com\/urun\/hygromatik-standardline-slh\/","name":"HygroMatik StandardLine SLH Nemlendirici | Barrsell End\u00fcstri","isPartOf":{"@id":"https:\/\/barrsell.com\/#website"},"primaryImageOfPage":{"@id":"https:\/\/barrsell.com\/urun\/hygromatik-standardline-slh\/#primaryimage"},"image":{"@id":"https:\/\/barrsell.com\/urun\/hygromatik-standardline-slh\/#primaryimage"},"thumbnailUrl":"https:\/\/barrsell.com\/wp-content\/uploads\/2022\/12\/hygromatik-standardline-SLH.png","datePublished":"2022-12-09T14:14:35+00:00","dateModified":"2025-01-09T10:26:51+00:00","description":"HygroMatik StandardLine SLH Nemlendirici serisinin aksiyon modu, dald\u0131rma \u0131s\u0131t\u0131c\u0131 ilkesiyle \u00e7al\u0131\u015f\u0131r. Is\u0131t\u0131c\u0131 unsurlar, \u00e7\u0131k\u0131\u015f s\u0131cakl\u0131\u011f\u0131na ba\u011fl\u0131 olarak alt\u0131ya","breadcrumb":{"@id":"https:\/\/barrsell.com\/urun\/hygromatik-standardline-slh\/#breadcrumb"},"inLanguage":"en-US","potentialAction":[{"@type":"ReadAction","target":["https:\/\/barrsell.com\/urun\/hygromatik-standardline-slh\/"]}]},{"@type":"ImageObject","inLanguage":"en-US","@id":"https:\/\/barrsell.com\/urun\/hygromatik-standardline-slh\/#primaryimage","url":"https:\/\/barrsell.com\/wp-content\/uploads\/2022\/12\/hygromatik-standardline-SLH.png","contentUrl":"https:\/\/barrsell.com\/wp-content\/uploads\/2022\/12\/hygromatik-standardline-SLH.png","width":1200,"height":1200,"caption":"hygromatik-standardline SLH"},{"@type":"BreadcrumbList","@id":"https:\/\/barrsell.com\/urun\/hygromatik-standardline-slh\/#breadcrumb","itemListElement":[{"@type":"ListItem","position":1,"name":"Home","item":"https:\/\/barrsell.com\/"},{"@type":"ListItem","position":2,"name":"\u00dcr\u00fcnler","item":"https:\/\/barrsell.com\/en\/products\/"},{"@type":"ListItem","position":3,"name":"HygroMatik StandardLine SLH Nemlendirici"}]},{"@type":"WebSite","@id":"https:\/\/barrsell.com\/#website","url":"https:\/\/barrsell.com\/","name":"Barrsell End\u00fcstri Makine","description":"Teknolojiyle G\u00fc\u00e7lenen End\u00fcstriyel \u00c7\u00f6z\u00fcmler!","potentialAction":[{"@type":"SearchAction","target":{"@type":"EntryPoint","urlTemplate":"https:\/\/barrsell.com\/?s={search_term_string}"},"query-input":"required name=search_term_string"}],"inLanguage":"en-US"}]}},"_links":{"self":[{"href":"https:\/\/barrsell.com\/en\/wp-json\/wp\/v2\/product\/1364","targetHints":{"allow":["GET"]}}],"collection":[{"href":"https:\/\/barrsell.com\/en\/wp-json\/wp\/v2\/product"}],"about":[{"href":"https:\/\/barrsell.com\/en\/wp-json\/wp\/v2\/types\/product"}],"version-history":[{"count":10,"href":"https:\/\/barrsell.com\/en\/wp-json\/wp\/v2\/product\/1364\/revisions"}],"predecessor-version":[{"id":20105,"href":"https:\/\/barrsell.com\/en\/wp-json\/wp\/v2\/product\/1364\/revisions\/20105"}],"wp:featuredmedia":[{"embeddable":true,"href":"https:\/\/barrsell.com\/en\/wp-json\/wp\/v2\/media\/11195"}],"wp:attachment":[{"href":"https:\/\/barrsell.com\/en\/wp-json\/wp\/v2\/media?parent=1364"}],"wp:term":[{"taxonomy":"product_cat","embeddable":true,"href":"https:\/\/barrsell.com\/en\/wp-json\/wp\/v2\/product_cat?post=1364"},{"taxonomy":"product_tag","embeddable":true,"href":"https:\/\/barrsell.com\/en\/wp-json\/wp\/v2\/product_tag?post=1364"}],"curies":[{"name":"wp","href":"https:\/\/api.w.org\/{rel}","templated":true}]}}