{"id":13596,"date":"2024-08-30T13:24:00","date_gmt":"2024-08-30T13:24:00","guid":{"rendered":"https:\/\/barrsell.com\/?post_type=product&#038;p=13596"},"modified":"2024-12-16T10:12:19","modified_gmt":"2024-12-16T10:12:19","slug":"tylo-sicaklik-sensoru-10kohm-rj10","status":"publish","type":"product","link":"https:\/\/barrsell.com\/en\/product\/tylo-temperature-sensor-10kohm-rj10\/","title":{"rendered":"Tyl\u00f6 Temperature Sensor 10KOHM-RJ10"},"content":{"rendered":"<h2>Tyl\u00f6 Temperature Sensor 10KOHM-RJ10<\/h2>\n<p>Tyl\u00f6 Temperature Sensor 10KOHM-RJ10 is designed for high precision temperature measurements. It is a sensor especially used in sauna and steam room systems. This sensor also provides accurate and reliable temperature data, helping users to create ideal ambient conditions. Here is detailed technical information about this product.<\/p>\n<div id=\"attachment_19280\" style=\"width: 310px\" class=\"wp-caption alignleft\"><a href=\"https:\/\/barrsell.com\/wp-content\/uploads\/2024\/08\/Tylo-Sicaklik-Sensoru-10KOHM-RJ10-2.png\"><img fetchpriority=\"high\" decoding=\"async\" aria-describedby=\"caption-attachment-19280\" class=\"wp-image-19280 size-medium\" src=\"https:\/\/barrsell.com\/wp-content\/uploads\/2024\/08\/Tylo-Sicaklik-Sensoru-10KOHM-RJ10-2-300x300.png\" alt=\"\" width=\"300\" height=\"300\" srcset=\"https:\/\/barrsell.com\/wp-content\/uploads\/2024\/08\/Tylo-Sicaklik-Sensoru-10KOHM-RJ10-2-300x300.png 300w, https:\/\/barrsell.com\/wp-content\/uploads\/2024\/08\/Tylo-Sicaklik-Sensoru-10KOHM-RJ10-2-1024x1024.png 1024w, https:\/\/barrsell.com\/wp-content\/uploads\/2024\/08\/Tylo-Sicaklik-Sensoru-10KOHM-RJ10-2-150x150.png 150w, https:\/\/barrsell.com\/wp-content\/uploads\/2024\/08\/Tylo-Sicaklik-Sensoru-10KOHM-RJ10-2-768x768.png 768w, https:\/\/barrsell.com\/wp-content\/uploads\/2024\/08\/Tylo-Sicaklik-Sensoru-10KOHM-RJ10-2-12x12.png 12w, https:\/\/barrsell.com\/wp-content\/uploads\/2024\/08\/Tylo-Sicaklik-Sensoru-10KOHM-RJ10-2-600x600.png 600w, https:\/\/barrsell.com\/wp-content\/uploads\/2024\/08\/Tylo-Sicaklik-Sensoru-10KOHM-RJ10-2-50x50.png 50w, https:\/\/barrsell.com\/wp-content\/uploads\/2024\/08\/Tylo-Sicaklik-Sensoru-10KOHM-RJ10-2-100x100.png 100w, https:\/\/barrsell.com\/wp-content\/uploads\/2024\/08\/Tylo-Sicaklik-Sensoru-10KOHM-RJ10-2.png 1200w\" sizes=\"(max-width: 300px) 100vw, 300px\" \/><\/a><p id=\"caption-attachment-19280\" class=\"wp-caption-text\">Tyl\u00f6 Temperature Sensor<\/p><\/div>\n<h3><strong>Technical Specifications<\/strong><\/h3>\n<p class=\" translation-block\"><strong>Resistance Rating<\/strong>: 10K ohms (nominal value at 25\u00b0C). At the same time, the temperature sensor is based on thermistor technology and provides a resistance sensitive to temperature changes.<\/p>\n<p class=\" translation-block\"><strong>Connection Type<\/strong>: RJ10 offers easy installation and connection with the connector. Thus, it provides long-lasting use with its high durability cable structure.<\/p>\n<p><strong>Sensitivity<\/strong>: Provides accurate measurement with \u00b10.5\u00b0C temperature tolerance. It also offers stable performance over a wide temperature range.<\/p>\n<p><strong>Operating Temperature Range<\/strong>: Reliable measurement capability from -20\u00b0C to +125\u00b0C. <a href=\"https:\/\/barrsell.com\/en\/kategoriler\/yedek-parcalar\/sauna-isiticilari-yedek-parcalari\/tylo-sauna-isiticilari-yedek-parcalari\/\">Tylo<\/a> Temperature sensor for sauna and steam room.<\/p>\n<p><strong>Material and Design<\/strong>: High temperature resistant outer coating. Easy installation with compact and robust structure at the same time.<\/p>\n<p><strong>Long Lasting Performance<\/strong>: Robust construction and high quality components ensure long-term use.<\/p>\n<p><strong>Easy Integration<\/strong>: RJ10 connection interface allows easy integration into existing systems.<\/p>\n<h3><strong>Conclusion<\/strong><\/h3>\n<p>It is a product that stands out with its reliable performance and durability. In applications where temperature control is critical in harsh environments such as saunas and steam rooms, the precision and reliability this sensor provides elevates the user experience to the next level. If you are looking for a professional temperature sensor, this product is an ideal choice in terms of quality and performance.<\/p>\n<p>&nbsp;<\/p>","protected":false},"excerpt":{"rendered":"<ul>\n<li>4,0M RJ10, Modeller Sense<\/li>\n<\/ul>","protected":false},"featured_media":13597,"template":"","meta":[],"product_cat":[179],"product_tag":[],"class_list":{"0":"post-13596","1":"product","2":"type-product","3":"status-publish","4":"has-post-thumbnail","6":"product_cat-tylo-sauna-isiticilari-yedek-parcalari","8":"first","9":"instock","10":"shipping-taxable","11":"product-type-external"},"yoast_head":"<!-- This site is optimized with the Yoast SEO Premium plugin v23.2 (Yoast SEO v23.2) - https:\/\/yoast.com\/wordpress\/plugins\/seo\/ -->\n<title>Tyl\u00f6 S\u0131cakl\u0131k Sens\u00f6r\u00fc 10KOHM-RJ10 | Barrsell End\u00fcstri<\/title>\n<meta name=\"description\" content=\"Tyl\u00f6 S\u0131cakl\u0131k Sens\u00f6r\u00fc 10KOHM-RJ10 sauna ve buhar odalar\u0131nda s\u0131cakl\u0131k seviyelerinin hassas bir \u015fekilde izlenmesini ve kontrol edilmesini sa\u011flar.\" \/>\n<meta name=\"robots\" content=\"index, follow, max-snippet:-1, max-image-preview:large, max-video-preview:-1\" \/>\n<link rel=\"canonical\" href=\"https:\/\/barrsell.com\/en\/product\/tylo-temperature-sensor-10kohm-rj10\/\" \/>\n<meta property=\"og:locale\" content=\"en_US\" \/>\n<meta property=\"og:type\" content=\"article\" \/>\n<meta property=\"og:title\" content=\"Tyl\u00f6 S\u0131cakl\u0131k Sens\u00f6r\u00fc 10KOHM-RJ10\" \/>\n<meta property=\"og:description\" content=\"Tyl\u00f6 S\u0131cakl\u0131k Sens\u00f6r\u00fc 10KOHM-RJ10 sauna ve buhar odalar\u0131nda s\u0131cakl\u0131k seviyelerinin hassas bir \u015fekilde izlenmesini ve kontrol edilmesini sa\u011flar.\" \/>\n<meta property=\"og:url\" content=\"https:\/\/barrsell.com\/en\/product\/tylo-temperature-sensor-10kohm-rj10\/\" \/>\n<meta property=\"og:site_name\" content=\"Barrsell\" \/>\n<meta property=\"article:modified_time\" content=\"2024-12-16T10:12:19+00:00\" \/>\n<meta property=\"og:image\" content=\"https:\/\/barrsell.com\/wp-content\/uploads\/2024\/08\/Tylo-Sicaklik-Sensoru.png\" \/>\n\t<meta property=\"og:image:width\" content=\"1200\" \/>\n\t<meta property=\"og:image:height\" content=\"1200\" \/>\n\t<meta property=\"og:image:type\" content=\"image\/png\" \/>\n<meta name=\"twitter:card\" content=\"summary_large_image\" \/>\n<meta name=\"twitter:label1\" content=\"Est. reading time\" \/>\n\t<meta name=\"twitter:data1\" content=\"2 minutes\" \/>\n<script type=\"application\/ld+json\" class=\"yoast-schema-graph\">{\"@context\":\"https:\/\/schema.org\",\"@graph\":[{\"@type\":\"WebPage\",\"@id\":\"https:\/\/barrsell.com\/urun\/tylo-sicaklik-sensoru-10kohm-rj10\/\",\"url\":\"https:\/\/barrsell.com\/urun\/tylo-sicaklik-sensoru-10kohm-rj10\/\",\"name\":\"Tyl\u00f6 S\u0131cakl\u0131k Sens\u00f6r\u00fc 10KOHM-RJ10 | Barrsell End\u00fcstri\",\"isPartOf\":{\"@id\":\"https:\/\/barrsell.com\/#website\"},\"primaryImageOfPage\":{\"@id\":\"https:\/\/barrsell.com\/urun\/tylo-sicaklik-sensoru-10kohm-rj10\/#primaryimage\"},\"image\":{\"@id\":\"https:\/\/barrsell.com\/urun\/tylo-sicaklik-sensoru-10kohm-rj10\/#primaryimage\"},\"thumbnailUrl\":\"https:\/\/barrsell.com\/wp-content\/uploads\/2024\/08\/Tylo-Sicaklik-Sensoru.png\",\"datePublished\":\"2024-08-30T13:24:00+00:00\",\"dateModified\":\"2024-12-16T10:12:19+00:00\",\"description\":\"Tyl\u00f6 S\u0131cakl\u0131k Sens\u00f6r\u00fc 10KOHM-RJ10 sauna ve buhar odalar\u0131nda s\u0131cakl\u0131k seviyelerinin hassas bir \u015fekilde izlenmesini ve kontrol edilmesini sa\u011flar.\",\"breadcrumb\":{\"@id\":\"https:\/\/barrsell.com\/urun\/tylo-sicaklik-sensoru-10kohm-rj10\/#breadcrumb\"},\"inLanguage\":\"en-US\",\"potentialAction\":[{\"@type\":\"ReadAction\",\"target\":[\"https:\/\/barrsell.com\/urun\/tylo-sicaklik-sensoru-10kohm-rj10\/\"]}]},{\"@type\":\"ImageObject\",\"inLanguage\":\"en-US\",\"@id\":\"https:\/\/barrsell.com\/urun\/tylo-sicaklik-sensoru-10kohm-rj10\/#primaryimage\",\"url\":\"https:\/\/barrsell.com\/wp-content\/uploads\/2024\/08\/Tylo-Sicaklik-Sensoru.png\",\"contentUrl\":\"https:\/\/barrsell.com\/wp-content\/uploads\/2024\/08\/Tylo-Sicaklik-Sensoru.png\",\"width\":1200,\"height\":1200,\"caption\":\"Tyl\u00f6 S\u0131cakl\u0131k Sens\u00f6r\u00fc\"},{\"@type\":\"BreadcrumbList\",\"@id\":\"https:\/\/barrsell.com\/urun\/tylo-sicaklik-sensoru-10kohm-rj10\/#breadcrumb\",\"itemListElement\":[{\"@type\":\"ListItem\",\"position\":1,\"name\":\"Home\",\"item\":\"https:\/\/barrsell.com\/\"},{\"@type\":\"ListItem\",\"position\":2,\"name\":\"\u00dcr\u00fcnler\",\"item\":\"https:\/\/barrsell.com\/en\/products\/\"},{\"@type\":\"ListItem\",\"position\":3,\"name\":\"Tyl\u00f6 S\u0131cakl\u0131k Sens\u00f6r\u00fc 10KOHM-RJ10\"}]},{\"@type\":\"WebSite\",\"@id\":\"https:\/\/barrsell.com\/#website\",\"url\":\"https:\/\/barrsell.com\/\",\"name\":\"Barrsell End\u00fcstri Makine\",\"description\":\"Teknolojiyle G\u00fc\u00e7lenen End\u00fcstriyel \u00c7\u00f6z\u00fcmler!\",\"potentialAction\":[{\"@type\":\"SearchAction\",\"target\":{\"@type\":\"EntryPoint\",\"urlTemplate\":\"https:\/\/barrsell.com\/?s={search_term_string}\"},\"query-input\":\"required name=search_term_string\"}],\"inLanguage\":\"en-US\"}]}<\/script>\n<!-- \/ Yoast SEO Premium plugin. -->","yoast_head_json":{"title":"Tyl\u00f6 S\u0131cakl\u0131k Sens\u00f6r\u00fc 10KOHM-RJ10 | Barrsell End\u00fcstri","description":"Tyl\u00f6 S\u0131cakl\u0131k Sens\u00f6r\u00fc 10KOHM-RJ10 sauna ve buhar odalar\u0131nda s\u0131cakl\u0131k seviyelerinin hassas bir \u015fekilde izlenmesini ve kontrol edilmesini sa\u011flar.","robots":{"index":"index","follow":"follow","max-snippet":"max-snippet:-1","max-image-preview":"max-image-preview:large","max-video-preview":"max-video-preview:-1"},"canonical":"https:\/\/barrsell.com\/en\/product\/tylo-temperature-sensor-10kohm-rj10\/","og_locale":"en_US","og_type":"article","og_title":"Tyl\u00f6 S\u0131cakl\u0131k Sens\u00f6r\u00fc 10KOHM-RJ10","og_description":"Tyl\u00f6 S\u0131cakl\u0131k Sens\u00f6r\u00fc 10KOHM-RJ10 sauna ve buhar odalar\u0131nda s\u0131cakl\u0131k seviyelerinin hassas bir \u015fekilde izlenmesini ve kontrol edilmesini sa\u011flar.","og_url":"https:\/\/barrsell.com\/en\/product\/tylo-temperature-sensor-10kohm-rj10\/","og_site_name":"Barrsell","article_modified_time":"2024-12-16T10:12:19+00:00","og_image":[{"width":1200,"height":1200,"url":"https:\/\/barrsell.com\/wp-content\/uploads\/2024\/08\/Tylo-Sicaklik-Sensoru.png","type":"image\/png"}],"twitter_card":"summary_large_image","twitter_misc":{"Est. reading time":"2 minutes"},"schema":{"@context":"https:\/\/schema.org","@graph":[{"@type":"WebPage","@id":"https:\/\/barrsell.com\/urun\/tylo-sicaklik-sensoru-10kohm-rj10\/","url":"https:\/\/barrsell.com\/urun\/tylo-sicaklik-sensoru-10kohm-rj10\/","name":"Tyl\u00f6 S\u0131cakl\u0131k Sens\u00f6r\u00fc 10KOHM-RJ10 | Barrsell End\u00fcstri","isPartOf":{"@id":"https:\/\/barrsell.com\/#website"},"primaryImageOfPage":{"@id":"https:\/\/barrsell.com\/urun\/tylo-sicaklik-sensoru-10kohm-rj10\/#primaryimage"},"image":{"@id":"https:\/\/barrsell.com\/urun\/tylo-sicaklik-sensoru-10kohm-rj10\/#primaryimage"},"thumbnailUrl":"https:\/\/barrsell.com\/wp-content\/uploads\/2024\/08\/Tylo-Sicaklik-Sensoru.png","datePublished":"2024-08-30T13:24:00+00:00","dateModified":"2024-12-16T10:12:19+00:00","description":"Tyl\u00f6 S\u0131cakl\u0131k Sens\u00f6r\u00fc 10KOHM-RJ10 sauna ve buhar odalar\u0131nda s\u0131cakl\u0131k seviyelerinin hassas bir \u015fekilde izlenmesini ve kontrol edilmesini sa\u011flar.","breadcrumb":{"@id":"https:\/\/barrsell.com\/urun\/tylo-sicaklik-sensoru-10kohm-rj10\/#breadcrumb"},"inLanguage":"en-US","potentialAction":[{"@type":"ReadAction","target":["https:\/\/barrsell.com\/urun\/tylo-sicaklik-sensoru-10kohm-rj10\/"]}]},{"@type":"ImageObject","inLanguage":"en-US","@id":"https:\/\/barrsell.com\/urun\/tylo-sicaklik-sensoru-10kohm-rj10\/#primaryimage","url":"https:\/\/barrsell.com\/wp-content\/uploads\/2024\/08\/Tylo-Sicaklik-Sensoru.png","contentUrl":"https:\/\/barrsell.com\/wp-content\/uploads\/2024\/08\/Tylo-Sicaklik-Sensoru.png","width":1200,"height":1200,"caption":"Tyl\u00f6 S\u0131cakl\u0131k Sens\u00f6r\u00fc"},{"@type":"BreadcrumbList","@id":"https:\/\/barrsell.com\/urun\/tylo-sicaklik-sensoru-10kohm-rj10\/#breadcrumb","itemListElement":[{"@type":"ListItem","position":1,"name":"Home","item":"https:\/\/barrsell.com\/"},{"@type":"ListItem","position":2,"name":"\u00dcr\u00fcnler","item":"https:\/\/barrsell.com\/en\/products\/"},{"@type":"ListItem","position":3,"name":"Tyl\u00f6 S\u0131cakl\u0131k Sens\u00f6r\u00fc 10KOHM-RJ10"}]},{"@type":"WebSite","@id":"https:\/\/barrsell.com\/#website","url":"https:\/\/barrsell.com\/","name":"Barrsell End\u00fcstri Makine","description":"Teknolojiyle G\u00fc\u00e7lenen End\u00fcstriyel \u00c7\u00f6z\u00fcmler!","potentialAction":[{"@type":"SearchAction","target":{"@type":"EntryPoint","urlTemplate":"https:\/\/barrsell.com\/?s={search_term_string}"},"query-input":"required name=search_term_string"}],"inLanguage":"en-US"}]}},"_links":{"self":[{"href":"https:\/\/barrsell.com\/en\/wp-json\/wp\/v2\/product\/13596","targetHints":{"allow":["GET"]}}],"collection":[{"href":"https:\/\/barrsell.com\/en\/wp-json\/wp\/v2\/product"}],"about":[{"href":"https:\/\/barrsell.com\/en\/wp-json\/wp\/v2\/types\/product"}],"version-history":[{"count":7,"href":"https:\/\/barrsell.com\/en\/wp-json\/wp\/v2\/product\/13596\/revisions"}],"predecessor-version":[{"id":19284,"href":"https:\/\/barrsell.com\/en\/wp-json\/wp\/v2\/product\/13596\/revisions\/19284"}],"wp:featuredmedia":[{"embeddable":true,"href":"https:\/\/barrsell.com\/en\/wp-json\/wp\/v2\/media\/13597"}],"wp:attachment":[{"href":"https:\/\/barrsell.com\/en\/wp-json\/wp\/v2\/media?parent=13596"}],"wp:term":[{"taxonomy":"product_cat","embeddable":true,"href":"https:\/\/barrsell.com\/en\/wp-json\/wp\/v2\/product_cat?post=13596"},{"taxonomy":"product_tag","embeddable":true,"href":"https:\/\/barrsell.com\/en\/wp-json\/wp\/v2\/product_tag?post=13596"}],"curies":[{"name":"wp","href":"https:\/\/api.w.org\/{rel}","templated":true}]}}