{"id":13590,"date":"2024-08-30T13:06:18","date_gmt":"2024-08-30T13:06:18","guid":{"rendered":"https:\/\/barrsell.com\/?post_type=product&#038;p=13590"},"modified":"2024-12-16T11:06:34","modified_gmt":"2024-12-16T11:06:34","slug":"tylo-cc50-kontrol-paneli","status":"publish","type":"product","link":"https:\/\/barrsell.com\/en\/product\/tylo-cc50-control-panel\/","title":{"rendered":"Tyl\u00f6 CC50 Control Panel"},"content":{"rendered":"<h2><strong>Tyl\u00f6 CC50 Control Panel: The Ideal Solution for High Performance Sauna Management<\/strong><\/h2>\n<p>Tyl\u00f6 CC50 Control Panel is designed for efficient management of modern saunas and steam rooms. It is a reliable and user-friendly control unit. It offers the perfect solution for commercial and large-scale private saunas with intensive use. It stands out with its advanced features and flexible control options.<\/p>\n<h4><strong>Technical Features and Benefits<\/strong><\/h4>\n<ol>\n<li class=\" translation-block\"><strong>Advanced Temperature Control:<\/strong> The Tyl\u00f6 CC50 Control Panel allows you to precisely adjust the temperature levels of sauna and steam rooms. This feature helps you customize your sauna experience to your personal preferences and maintain the ideal temperature balance.<\/li>\n<li class=\" translation-block\"><strong>Versatile Timer:<\/strong> The CC50 is equipped with advanced timing features. You can pre-program the operating time of the sauna or steam room. This ensures the most efficient use. Especially in commercial establishments, this feature saves energy and reduces operating costs. allows you to precisely adjust the levels. This feature helps you customize your sauna experience to your personal preferences and maintain the ideal temperature balance.<\/li>\n<li class=\" translation-block\"><strong>Comprehensive Safety Features:<\/strong> This control panel is equipped with various safety sensors and systems for safe operation. Features such as overheat protection, emergency stop and door contact ensure safe operation of your sauna. And maximizes user safety.<\/li>\n<li class=\" translation-block\"><strong>Easy to Use Interface: <\/strong> <a href=\"https:\/\/barrsell.com\/kategoriler\/sauna-isiticilari\/tylo-sauna-isiticilari\/\" target=\"_self\">Tylo CC50<\/a>  features a user-friendly interface. The large easy-to-read display allows you to control temperature, time and other settings quickly and effortlessly. This feature offers a great advantage for both new users and experienced operators.<\/li>\n<li class=\" translation-block\"><strong>Flexible Mounting Options:<\/strong> You can easily mount the panel both inside and outside the sauna room. This flexibility also allows it to be used in various installation scenarios. And it allows users to choose the mounting option that best suits their needs.<\/li>\n<li class=\" translation-block\"><strong>Suitability for Commercial Use:<\/strong> Tyl\u00f6 CC50 is robust enough to withstand heavy use.  And it performs excellently in commercial sauna environments. With its robust construction and reliability, it is an ideal solution in high use areas such as hotels, spa centers and wellness facilities.<\/li>\n<\/ol>","protected":false},"excerpt":{"rendered":"<ul>\n<li>Time and temperature display<\/li>\n<li>Electronic Control Panel with light control button and security code<\/li>\n<li>It can be used for 1, 3, 12 or 24 hours of operation or in continuous operation mode.<\/li>\n<li>It can also be programmed up to 10 hours in advance.<\/li>\n<\/ul>","protected":false},"featured_media":13591,"template":"","meta":[],"product_cat":[178],"product_tag":[],"class_list":{"0":"post-13590","1":"product","2":"type-product","3":"status-publish","4":"has-post-thumbnail","6":"product_cat-tylo-kontrol-uniteleri","8":"first","9":"instock","10":"shipping-taxable","11":"product-type-external"},"yoast_head":"<!-- This site is optimized with the Yoast SEO Premium plugin v23.2 (Yoast SEO v23.2) - https:\/\/yoast.com\/wordpress\/plugins\/seo\/ -->\n<title>Tyl\u00f6 CC50 Kontrol Paneli | Barrsell End\u00fcstri<\/title>\n<meta name=\"description\" content=\"Tyl\u00f6 CC50 Kontrol Paneli, modern sauna ve buhar odalar\u0131n\u0131n etkin bir \u015fekilde y\u00f6netilmesi i\u00e7in tasarlanm\u0131\u015f, g\u00fcvenilir ve kullan\u0131c\u0131 dostu.\" \/>\n<meta name=\"robots\" content=\"index, follow, max-snippet:-1, max-image-preview:large, max-video-preview:-1\" \/>\n<link rel=\"canonical\" href=\"https:\/\/barrsell.com\/en\/product\/tylo-cc50-control-panel\/\" \/>\n<meta property=\"og:locale\" content=\"en_US\" \/>\n<meta property=\"og:type\" content=\"article\" \/>\n<meta property=\"og:title\" content=\"Tyl\u00f6 CC50 Kontrol Paneli\" \/>\n<meta property=\"og:description\" content=\"Tyl\u00f6 CC50 Kontrol Paneli, modern sauna ve buhar odalar\u0131n\u0131n etkin bir \u015fekilde y\u00f6netilmesi i\u00e7in tasarlanm\u0131\u015f, g\u00fcvenilir ve kullan\u0131c\u0131 dostu.\" \/>\n<meta property=\"og:url\" content=\"https:\/\/barrsell.com\/en\/product\/tylo-cc50-control-panel\/\" \/>\n<meta property=\"og:site_name\" content=\"Barrsell\" \/>\n<meta property=\"article:modified_time\" content=\"2024-12-16T11:06:34+00:00\" \/>\n<meta property=\"og:image\" content=\"https:\/\/barrsell.com\/wp-content\/uploads\/2024\/08\/Tylo-CC50-Kontrol-Paneli.png\" \/>\n\t<meta property=\"og:image:width\" content=\"1200\" \/>\n\t<meta property=\"og:image:height\" content=\"1200\" \/>\n\t<meta property=\"og:image:type\" content=\"image\/png\" \/>\n<meta name=\"twitter:card\" content=\"summary_large_image\" \/>\n<meta name=\"twitter:label1\" content=\"Est. reading time\" \/>\n\t<meta name=\"twitter:data1\" content=\"2 minutes\" \/>\n<script type=\"application\/ld+json\" class=\"yoast-schema-graph\">{\"@context\":\"https:\/\/schema.org\",\"@graph\":[{\"@type\":\"WebPage\",\"@id\":\"https:\/\/barrsell.com\/urun\/tylo-cc50-kontrol-paneli\/\",\"url\":\"https:\/\/barrsell.com\/urun\/tylo-cc50-kontrol-paneli\/\",\"name\":\"Tyl\u00f6 CC50 Kontrol Paneli | Barrsell End\u00fcstri\",\"isPartOf\":{\"@id\":\"https:\/\/barrsell.com\/#website\"},\"primaryImageOfPage\":{\"@id\":\"https:\/\/barrsell.com\/urun\/tylo-cc50-kontrol-paneli\/#primaryimage\"},\"image\":{\"@id\":\"https:\/\/barrsell.com\/urun\/tylo-cc50-kontrol-paneli\/#primaryimage\"},\"thumbnailUrl\":\"https:\/\/barrsell.com\/wp-content\/uploads\/2024\/08\/Tylo-CC50-Kontrol-Paneli.png\",\"datePublished\":\"2024-08-30T13:06:18+00:00\",\"dateModified\":\"2024-12-16T11:06:34+00:00\",\"description\":\"Tyl\u00f6 CC50 Kontrol Paneli, modern sauna ve buhar odalar\u0131n\u0131n etkin bir \u015fekilde y\u00f6netilmesi i\u00e7in tasarlanm\u0131\u015f, g\u00fcvenilir ve kullan\u0131c\u0131 dostu.\",\"breadcrumb\":{\"@id\":\"https:\/\/barrsell.com\/urun\/tylo-cc50-kontrol-paneli\/#breadcrumb\"},\"inLanguage\":\"en-US\",\"potentialAction\":[{\"@type\":\"ReadAction\",\"target\":[\"https:\/\/barrsell.com\/urun\/tylo-cc50-kontrol-paneli\/\"]}]},{\"@type\":\"ImageObject\",\"inLanguage\":\"en-US\",\"@id\":\"https:\/\/barrsell.com\/urun\/tylo-cc50-kontrol-paneli\/#primaryimage\",\"url\":\"https:\/\/barrsell.com\/wp-content\/uploads\/2024\/08\/Tylo-CC50-Kontrol-Paneli.png\",\"contentUrl\":\"https:\/\/barrsell.com\/wp-content\/uploads\/2024\/08\/Tylo-CC50-Kontrol-Paneli.png\",\"width\":1200,\"height\":1200,\"caption\":\"Tyl\u00f6 CC50 Kontrol Paneli\"},{\"@type\":\"BreadcrumbList\",\"@id\":\"https:\/\/barrsell.com\/urun\/tylo-cc50-kontrol-paneli\/#breadcrumb\",\"itemListElement\":[{\"@type\":\"ListItem\",\"position\":1,\"name\":\"Home\",\"item\":\"https:\/\/barrsell.com\/\"},{\"@type\":\"ListItem\",\"position\":2,\"name\":\"\u00dcr\u00fcnler\",\"item\":\"https:\/\/barrsell.com\/en\/products\/\"},{\"@type\":\"ListItem\",\"position\":3,\"name\":\"Tyl\u00f6 CC50 Kontrol Paneli\"}]},{\"@type\":\"WebSite\",\"@id\":\"https:\/\/barrsell.com\/#website\",\"url\":\"https:\/\/barrsell.com\/\",\"name\":\"Barrsell End\u00fcstri Makine\",\"description\":\"Teknolojiyle G\u00fc\u00e7lenen End\u00fcstriyel \u00c7\u00f6z\u00fcmler!\",\"potentialAction\":[{\"@type\":\"SearchAction\",\"target\":{\"@type\":\"EntryPoint\",\"urlTemplate\":\"https:\/\/barrsell.com\/?s={search_term_string}\"},\"query-input\":\"required name=search_term_string\"}],\"inLanguage\":\"en-US\"}]}<\/script>\n<!-- \/ Yoast SEO Premium plugin. -->","yoast_head_json":{"title":"Tyl\u00f6 CC50 Kontrol Paneli | Barrsell End\u00fcstri","description":"Tyl\u00f6 CC50 Kontrol Paneli, modern sauna ve buhar odalar\u0131n\u0131n etkin bir \u015fekilde y\u00f6netilmesi i\u00e7in tasarlanm\u0131\u015f, g\u00fcvenilir ve kullan\u0131c\u0131 dostu.","robots":{"index":"index","follow":"follow","max-snippet":"max-snippet:-1","max-image-preview":"max-image-preview:large","max-video-preview":"max-video-preview:-1"},"canonical":"https:\/\/barrsell.com\/en\/product\/tylo-cc50-control-panel\/","og_locale":"en_US","og_type":"article","og_title":"Tyl\u00f6 CC50 Kontrol Paneli","og_description":"Tyl\u00f6 CC50 Kontrol Paneli, modern sauna ve buhar odalar\u0131n\u0131n etkin bir \u015fekilde y\u00f6netilmesi i\u00e7in tasarlanm\u0131\u015f, g\u00fcvenilir ve kullan\u0131c\u0131 dostu.","og_url":"https:\/\/barrsell.com\/en\/product\/tylo-cc50-control-panel\/","og_site_name":"Barrsell","article_modified_time":"2024-12-16T11:06:34+00:00","og_image":[{"width":1200,"height":1200,"url":"https:\/\/barrsell.com\/wp-content\/uploads\/2024\/08\/Tylo-CC50-Kontrol-Paneli.png","type":"image\/png"}],"twitter_card":"summary_large_image","twitter_misc":{"Est. reading time":"2 minutes"},"schema":{"@context":"https:\/\/schema.org","@graph":[{"@type":"WebPage","@id":"https:\/\/barrsell.com\/urun\/tylo-cc50-kontrol-paneli\/","url":"https:\/\/barrsell.com\/urun\/tylo-cc50-kontrol-paneli\/","name":"Tyl\u00f6 CC50 Kontrol Paneli | Barrsell End\u00fcstri","isPartOf":{"@id":"https:\/\/barrsell.com\/#website"},"primaryImageOfPage":{"@id":"https:\/\/barrsell.com\/urun\/tylo-cc50-kontrol-paneli\/#primaryimage"},"image":{"@id":"https:\/\/barrsell.com\/urun\/tylo-cc50-kontrol-paneli\/#primaryimage"},"thumbnailUrl":"https:\/\/barrsell.com\/wp-content\/uploads\/2024\/08\/Tylo-CC50-Kontrol-Paneli.png","datePublished":"2024-08-30T13:06:18+00:00","dateModified":"2024-12-16T11:06:34+00:00","description":"Tyl\u00f6 CC50 Kontrol Paneli, modern sauna ve buhar odalar\u0131n\u0131n etkin bir \u015fekilde y\u00f6netilmesi i\u00e7in tasarlanm\u0131\u015f, g\u00fcvenilir ve kullan\u0131c\u0131 dostu.","breadcrumb":{"@id":"https:\/\/barrsell.com\/urun\/tylo-cc50-kontrol-paneli\/#breadcrumb"},"inLanguage":"en-US","potentialAction":[{"@type":"ReadAction","target":["https:\/\/barrsell.com\/urun\/tylo-cc50-kontrol-paneli\/"]}]},{"@type":"ImageObject","inLanguage":"en-US","@id":"https:\/\/barrsell.com\/urun\/tylo-cc50-kontrol-paneli\/#primaryimage","url":"https:\/\/barrsell.com\/wp-content\/uploads\/2024\/08\/Tylo-CC50-Kontrol-Paneli.png","contentUrl":"https:\/\/barrsell.com\/wp-content\/uploads\/2024\/08\/Tylo-CC50-Kontrol-Paneli.png","width":1200,"height":1200,"caption":"Tyl\u00f6 CC50 Kontrol Paneli"},{"@type":"BreadcrumbList","@id":"https:\/\/barrsell.com\/urun\/tylo-cc50-kontrol-paneli\/#breadcrumb","itemListElement":[{"@type":"ListItem","position":1,"name":"Home","item":"https:\/\/barrsell.com\/"},{"@type":"ListItem","position":2,"name":"\u00dcr\u00fcnler","item":"https:\/\/barrsell.com\/en\/products\/"},{"@type":"ListItem","position":3,"name":"Tyl\u00f6 CC50 Kontrol Paneli"}]},{"@type":"WebSite","@id":"https:\/\/barrsell.com\/#website","url":"https:\/\/barrsell.com\/","name":"Barrsell End\u00fcstri Makine","description":"Teknolojiyle G\u00fc\u00e7lenen End\u00fcstriyel \u00c7\u00f6z\u00fcmler!","potentialAction":[{"@type":"SearchAction","target":{"@type":"EntryPoint","urlTemplate":"https:\/\/barrsell.com\/?s={search_term_string}"},"query-input":"required name=search_term_string"}],"inLanguage":"en-US"}]}},"_links":{"self":[{"href":"https:\/\/barrsell.com\/en\/wp-json\/wp\/v2\/product\/13590","targetHints":{"allow":["GET"]}}],"collection":[{"href":"https:\/\/barrsell.com\/en\/wp-json\/wp\/v2\/product"}],"about":[{"href":"https:\/\/barrsell.com\/en\/wp-json\/wp\/v2\/types\/product"}],"version-history":[{"count":4,"href":"https:\/\/barrsell.com\/en\/wp-json\/wp\/v2\/product\/13590\/revisions"}],"predecessor-version":[{"id":19289,"href":"https:\/\/barrsell.com\/en\/wp-json\/wp\/v2\/product\/13590\/revisions\/19289"}],"wp:featuredmedia":[{"embeddable":true,"href":"https:\/\/barrsell.com\/en\/wp-json\/wp\/v2\/media\/13591"}],"wp:attachment":[{"href":"https:\/\/barrsell.com\/en\/wp-json\/wp\/v2\/media?parent=13590"}],"wp:term":[{"taxonomy":"product_cat","embeddable":true,"href":"https:\/\/barrsell.com\/en\/wp-json\/wp\/v2\/product_cat?post=13590"},{"taxonomy":"product_tag","embeddable":true,"href":"https:\/\/barrsell.com\/en\/wp-json\/wp\/v2\/product_tag?post=13590"}],"curies":[{"name":"wp","href":"https:\/\/api.w.org\/{rel}","templated":true}]}}