{"id":1359,"date":"2022-12-09T13:57:32","date_gmt":"2022-12-09T13:57:32","guid":{"rendered":"http:\/\/dummy.xtemos.com\/woodmart2\/mega-electronics-elementor\/?post_type=product&#038;p=1359"},"modified":"2025-01-09T10:32:20","modified_gmt":"2025-01-09T10:32:20","slug":"hygromatik-heaterline-hl-cds","status":"publish","type":"product","link":"https:\/\/barrsell.com\/en\/product\/hygromatik-heaterline-hl-cds\/","title":{"rendered":"HygroMatik HeaterLine HL-CDS"},"content":{"rendered":"<h2>HygroMatik HeaterLine HL-CDS Nemlendirici<\/h2>\n<p class=\" translation-block\"><a href=\"\/\/barrsell.com\/kategoriler\/buhar-jeneratorleri-nemlendiriciler\/hygromatik-buharli-nemlendirici\/\u201d\" target=\"\u201c_self\u201d\">Hygromatik<\/a> HeaterLine HL - CDS Humidifier Humidity control of industrial environments directly affects both product quality and equipment lifetime. In this context, it offers a breakthrough solution in the field of industrial heating and humidity control. With its advanced technology and user-friendly features, this system optimizes the performance of industrial plants.<\/p>\n<table width=\"508\">\n<tbody>\n<tr>\n<td rowspan=\"2\" width=\"89\"><strong>Model<\/strong><\/td>\n<td rowspan=\"2\" width=\"165\"><strong>Maximum steam output<\/strong><\/td>\n<td rowspan=\"2\" width=\"162\"><strong>Electricity connection<\/strong><\/td>\n<td width=\"92\"><strong>Dimensions<\/strong><\/td>\n<\/tr>\n<tr>\n<td width=\"92\"><strong>g\/y\/d [mm]<\/strong><\/td>\n<\/tr>\n<tr>\n<td width=\"89\" data-title=\"Model\">HL06 CDS<\/td>\n<td width=\"165\" data-title=\"Parn\u00ed v\u00fdkon max\">6 kg\/h<\/td>\n<td width=\"162\" data-title=\"El.p\u0159ipojen\u00ed\">4,5 kW\/ 6,5 A<\/td>\n<td width=\"92\" data-title=\"Rozm\u011bry \u0161\/v\/h [mm]\">370\/438\/187<\/td>\n<\/tr>\n<tr>\n<td width=\"89\" data-title=\"Model\">HL10 CDS<\/td>\n<td width=\"165\" data-title=\"Parn\u00ed v\u00fdkon max\">10 kg\/h<\/td>\n<td width=\"162\" data-title=\"El.p\u0159ipojen\u00ed\">7,5 kW\/ 10,8 A<\/td>\n<td width=\"92\" data-title=\"Rozm\u011bry \u0161\/v\/h [mm]\">406\/480\/216<\/td>\n<\/tr>\n<tr>\n<td width=\"89\" data-title=\"Model\">HL17 CDS<\/td>\n<td width=\"165\" data-title=\"Parn\u00ed v\u00fdkon max\">17 kg\/h<\/td>\n<td width=\"162\" data-title=\"El.p\u0159ipojen\u00ed\">12,8 kW\/ 18,5 A<\/td>\n<td width=\"92\" data-title=\"Rozm\u011bry \u0161\/v\/h [mm]\">472\/652\/282<\/td>\n<\/tr>\n<tr>\n<td width=\"89\" data-title=\"Model\">HL22 CDS<\/td>\n<td width=\"165\" data-title=\"Parn\u00ed v\u00fdkon max\">22 kg\/h<\/td>\n<td width=\"162\" data-title=\"El.p\u0159ipojen\u00ed\">16,5 kW\/ 23,8 A<\/td>\n<td width=\"92\" data-title=\"Rozm\u011bry \u0161\/v\/h [mm]\">472\/652\/282<\/td>\n<\/tr>\n<tr>\n<td width=\"89\" data-title=\"Model\">HL30 CDS<\/td>\n<td width=\"165\" data-title=\"Parn\u00ed v\u00fdkon max\">30 kg\/h<\/td>\n<td width=\"162\" data-title=\"El.p\u0159ipojen\u00ed\">22,5 kW\/ 32,5 A<\/td>\n<td width=\"92\" data-title=\"Rozm\u011bry \u0161\/v\/h [mm]\">472\/652\/282<\/td>\n<\/tr>\n<tr>\n<td width=\"89\" data-title=\"Model\">HL45 CDS<\/td>\n<td width=\"165\" data-title=\"Parn\u00ed v\u00fdkon max\">45 kg\/h<\/td>\n<td width=\"162\" data-title=\"El.p\u0159ipojen\u00ed\">33,8 kW\/ 48,8 A<\/td>\n<td width=\"92\" data-title=\"Rozm\u011bry \u0161\/v\/h [mm]\">519\/706\/326<\/td>\n<\/tr>\n<tr>\n<td width=\"89\" data-title=\"Model\">HL58 CDS<\/td>\n<td width=\"165\" data-title=\"Parn\u00ed v\u00fdkon max\">58 kg\/h<\/td>\n<td width=\"162\" data-title=\"El.p\u0159ipojen\u00ed\">43,5 kW\/ 62,8 A<\/td>\n<td width=\"92\" data-title=\"Rozm\u011bry \u0161\/v\/h [mm]\">608\/789\/391<\/td>\n<\/tr>\n<\/tbody>\n<\/table>\n<div id=\"attachment_14494\" style=\"width: 207px\" class=\"wp-caption alignright\"><a href=\"https:\/\/barrsell.com\/wp-content\/uploads\/2022\/12\/nemlendirme-cihazi-HeaterLine-HL-CDS.png\"><img fetchpriority=\"high\" decoding=\"async\" aria-describedby=\"caption-attachment-14494\" class=\"size-medium wp-image-14494\" src=\"https:\/\/barrsell.com\/wp-content\/uploads\/2022\/12\/nemlendirme-cihazi-HeaterLine-HL-CDS-197x300.png\" alt=\"nemlendirme cihaz\u0131 HeaterLine HL-CDS\" width=\"197\" height=\"300\" srcset=\"https:\/\/barrsell.com\/wp-content\/uploads\/2022\/12\/nemlendirme-cihazi-HeaterLine-HL-CDS-197x300.png 197w, https:\/\/barrsell.com\/wp-content\/uploads\/2022\/12\/nemlendirme-cihazi-HeaterLine-HL-CDS-8x12.png 8w, https:\/\/barrsell.com\/wp-content\/uploads\/2022\/12\/nemlendirme-cihazi-HeaterLine-HL-CDS-150x228.png 150w, https:\/\/barrsell.com\/wp-content\/uploads\/2022\/12\/nemlendirme-cihazi-HeaterLine-HL-CDS.png 323w\" sizes=\"(max-width: 197px) 100vw, 197px\" \/><\/a><p id=\"caption-attachment-14494\" class=\"wp-caption-text\">nemlendirme cihaz\u0131 HeaterLine HL-CDS<\/p><\/div>\n<h4>HygroMatik HeaterLine HL-CDS technical specifications<\/h4>\n<ol>\n<li><strong>Advanced Heating Technology<\/strong>: HeaterLine HL - CDS supports humidification processes with highly efficient heating technology. This also ensures precise humidity control in industrial areas, keeping the environment in ideal conditions.<\/li>\n<li class=\" translation-block\"><strong>High Energy Efficiency<\/strong>: Smart design that keeps energy consumption to a minimum. HeaterLine HL - CDS significantly reduces energy costs. This supports both economic and environmental sustainability.<\/li>\n<li class=\" translation-block\"><strong>Modular and Flexible Construction<\/strong>: <a href=\"\/\/wdteknoloji.com\/urunler\/hygromatik-nemlendirici-flexline\/\u201d\" target=\"\u201c_self\u201d\">FlexLine<\/a> The modular design of HL - CDS adapts to various industrial needs. Users can easily customize and expand their systems according to their specific requirements.<\/li>\n<li class=\" translation-block\"><strong>Easy Installation and Maintenance<\/strong>: With its user-friendly interface and simple installation procedures, <em><strong>HeaterLine HL - CDS<\/strong><\/em> can be commissioned quickly. Furthermore, maintenance is extremely simple, which increases the operational efficiency of businesses.<\/li>\n<li class=\" translation-block\"><strong>Long-Term Reliability<\/strong>: Manufactured from durable materials, it also offers a long-lasting performance. This ensures long-term return on investment and reduces maintenance frequency.<\/li>\n<\/ol>\n<h4>Use in Industrial Applications<\/h4>\n<p><strong>High performance in a variety of industrial applications:<\/strong><\/p>\n<ul>\n<li class=\" translation-block\"><strong>Production Plants<\/strong>: By optimizing heating and humidity control, it improves the quality of the production process and extends equipment life.<\/li>\n<li class=\" translation-block\"><strong>Storage Areas<\/strong>: Protects the safety and quality of products by regulating the humidity levels of storage environments.<\/li>\n<li class=\" translation-block\"><strong>Food and Pharmaceutical Industry<\/strong>: Precise humidity and temperature management guarantees the safety and quality of products.<\/li>\n<\/ul>\n<p class=\" translation-block\"><a href=\"\/\/barrsell.com\/kategoriler\/buhar-jeneratorleri-nemlendiriciler\/hygromatik-buharli-nemlendirici\/\u201d\" target=\"\u201c_self\u201d\">Hygromatik<\/a> HeaterLine HL - CDS Humidifier offers an innovative solution for industrial humidity control and heating needs. Especially with its high energy efficiency, modular design, easy installation and maintenance features, this system is the ideal choice for modern industrial plants. It is the perfect choice for businesses looking for the highest standards in terms of both economy and performance.<\/p>","protected":false},"excerpt":{"rendered":"<p>HygroMatik HeaterLine HL-CDS Nemlendirici Hygromatik HeaterLine HL &#8211; CDS Nemlendirici end\u00fcstriyel ortamlar\u0131n nem kontrol\u00fc, hem \u00fcr\u00fcn kalitesini hem de ekipman<\/p>","protected":false},"featured_media":11197,"template":"","meta":[],"product_cat":[113,125,127],"product_tag":[244,243,241],"class_list":{"0":"post-1359","1":"product","2":"type-product","3":"status-publish","4":"has-post-thumbnail","6":"product_cat-buhar-jeneratorleri-nemlendiriciler","7":"product_cat-hygromatik-buharli-nemlendirici","8":"product_cat-hygromatik-isitici-elementli-sistemler","9":"product_tag-buharjeneratoru","10":"product_tag-buharlinemlendirici","11":"product_tag-hygromatik","13":"first","14":"instock","15":"shipping-taxable","16":"purchasable","17":"product-type-variable"},"yoast_head":"<!-- This site is optimized with the Yoast SEO Premium plugin v23.2 (Yoast SEO v23.2) - https:\/\/yoast.com\/wordpress\/plugins\/seo\/ -->\n<title>HygroMatik HeaterLine HL-CDS | Barrsell End\u00fcstri<\/title>\n<meta name=\"description\" content=\"HygroMatik HeaterLine HL-CDS Nemlendirici end\u00fcstriyel ortamlar\u0131n nem kontrol\u00fc, hem \u00fcr\u00fcn kalitesini hem de ekipman \u00f6mr\u00fcn\u00fc do\u011frudan etkiler.\" \/>\n<meta name=\"robots\" content=\"index, follow, max-snippet:-1, max-image-preview:large, max-video-preview:-1\" \/>\n<link rel=\"canonical\" href=\"https:\/\/barrsell.com\/en\/product\/hygromatik-heaterline-hl-cds\/\" \/>\n<meta property=\"og:locale\" content=\"en_US\" \/>\n<meta property=\"og:type\" content=\"article\" \/>\n<meta property=\"og:title\" content=\"HygroMatik HeaterLine HL-CDS\" \/>\n<meta property=\"og:description\" content=\"HygroMatik HeaterLine HL-CDS Nemlendirici end\u00fcstriyel ortamlar\u0131n nem kontrol\u00fc, hem \u00fcr\u00fcn kalitesini hem de ekipman \u00f6mr\u00fcn\u00fc do\u011frudan etkiler.\" \/>\n<meta property=\"og:url\" content=\"https:\/\/barrsell.com\/en\/product\/hygromatik-heaterline-hl-cds\/\" \/>\n<meta property=\"og:site_name\" content=\"Barrsell\" \/>\n<meta property=\"article:modified_time\" content=\"2025-01-09T10:32:20+00:00\" \/>\n<meta property=\"og:image\" content=\"https:\/\/barrsell.com\/wp-content\/uploads\/2022\/12\/hygromatik-heaterline-HL-CDS.png\" \/>\n\t<meta property=\"og:image:width\" content=\"1200\" \/>\n\t<meta property=\"og:image:height\" content=\"1200\" \/>\n\t<meta property=\"og:image:type\" content=\"image\/png\" \/>\n<meta name=\"twitter:card\" content=\"summary_large_image\" \/>\n<meta name=\"twitter:label1\" content=\"Est. reading time\" \/>\n\t<meta name=\"twitter:data1\" content=\"3 minutes\" \/>\n<script type=\"application\/ld+json\" class=\"yoast-schema-graph\">{\"@context\":\"https:\/\/schema.org\",\"@graph\":[{\"@type\":\"WebPage\",\"@id\":\"https:\/\/barrsell.com\/urun\/hygromatik-heaterline-hl-cds\/\",\"url\":\"https:\/\/barrsell.com\/urun\/hygromatik-heaterline-hl-cds\/\",\"name\":\"HygroMatik HeaterLine HL-CDS | Barrsell End\u00fcstri\",\"isPartOf\":{\"@id\":\"https:\/\/barrsell.com\/#website\"},\"primaryImageOfPage\":{\"@id\":\"https:\/\/barrsell.com\/urun\/hygromatik-heaterline-hl-cds\/#primaryimage\"},\"image\":{\"@id\":\"https:\/\/barrsell.com\/urun\/hygromatik-heaterline-hl-cds\/#primaryimage\"},\"thumbnailUrl\":\"https:\/\/barrsell.com\/wp-content\/uploads\/2022\/12\/hygromatik-heaterline-HL-CDS.png\",\"datePublished\":\"2022-12-09T13:57:32+00:00\",\"dateModified\":\"2025-01-09T10:32:20+00:00\",\"description\":\"HygroMatik HeaterLine HL-CDS Nemlendirici end\u00fcstriyel ortamlar\u0131n nem kontrol\u00fc, hem \u00fcr\u00fcn kalitesini hem de ekipman \u00f6mr\u00fcn\u00fc do\u011frudan etkiler.\",\"breadcrumb\":{\"@id\":\"https:\/\/barrsell.com\/urun\/hygromatik-heaterline-hl-cds\/#breadcrumb\"},\"inLanguage\":\"en-US\",\"potentialAction\":[{\"@type\":\"ReadAction\",\"target\":[\"https:\/\/barrsell.com\/urun\/hygromatik-heaterline-hl-cds\/\"]}]},{\"@type\":\"ImageObject\",\"inLanguage\":\"en-US\",\"@id\":\"https:\/\/barrsell.com\/urun\/hygromatik-heaterline-hl-cds\/#primaryimage\",\"url\":\"https:\/\/barrsell.com\/wp-content\/uploads\/2022\/12\/hygromatik-heaterline-HL-CDS.png\",\"contentUrl\":\"https:\/\/barrsell.com\/wp-content\/uploads\/2022\/12\/hygromatik-heaterline-HL-CDS.png\",\"width\":1200,\"height\":1200,\"caption\":\"hygromatik-heaterline HL - CDS\"},{\"@type\":\"BreadcrumbList\",\"@id\":\"https:\/\/barrsell.com\/urun\/hygromatik-heaterline-hl-cds\/#breadcrumb\",\"itemListElement\":[{\"@type\":\"ListItem\",\"position\":1,\"name\":\"Home\",\"item\":\"https:\/\/barrsell.com\/\"},{\"@type\":\"ListItem\",\"position\":2,\"name\":\"\u00dcr\u00fcnler\",\"item\":\"https:\/\/barrsell.com\/en\/products\/\"},{\"@type\":\"ListItem\",\"position\":3,\"name\":\"HygroMatik HeaterLine HL-CDS\"}]},{\"@type\":\"WebSite\",\"@id\":\"https:\/\/barrsell.com\/#website\",\"url\":\"https:\/\/barrsell.com\/\",\"name\":\"Barrsell End\u00fcstri Makine\",\"description\":\"Teknolojiyle G\u00fc\u00e7lenen End\u00fcstriyel \u00c7\u00f6z\u00fcmler!\",\"potentialAction\":[{\"@type\":\"SearchAction\",\"target\":{\"@type\":\"EntryPoint\",\"urlTemplate\":\"https:\/\/barrsell.com\/?s={search_term_string}\"},\"query-input\":\"required name=search_term_string\"}],\"inLanguage\":\"en-US\"}]}<\/script>\n<!-- \/ Yoast SEO Premium plugin. -->","yoast_head_json":{"title":"HygroMatik HeaterLine HL-CDS | Barrsell End\u00fcstri","description":"HygroMatik HeaterLine HL-CDS Nemlendirici end\u00fcstriyel ortamlar\u0131n nem kontrol\u00fc, hem \u00fcr\u00fcn kalitesini hem de ekipman \u00f6mr\u00fcn\u00fc do\u011frudan etkiler.","robots":{"index":"index","follow":"follow","max-snippet":"max-snippet:-1","max-image-preview":"max-image-preview:large","max-video-preview":"max-video-preview:-1"},"canonical":"https:\/\/barrsell.com\/en\/product\/hygromatik-heaterline-hl-cds\/","og_locale":"en_US","og_type":"article","og_title":"HygroMatik HeaterLine HL-CDS","og_description":"HygroMatik HeaterLine HL-CDS Nemlendirici end\u00fcstriyel ortamlar\u0131n nem kontrol\u00fc, hem \u00fcr\u00fcn kalitesini hem de ekipman \u00f6mr\u00fcn\u00fc do\u011frudan etkiler.","og_url":"https:\/\/barrsell.com\/en\/product\/hygromatik-heaterline-hl-cds\/","og_site_name":"Barrsell","article_modified_time":"2025-01-09T10:32:20+00:00","og_image":[{"width":1200,"height":1200,"url":"https:\/\/barrsell.com\/wp-content\/uploads\/2022\/12\/hygromatik-heaterline-HL-CDS.png","type":"image\/png"}],"twitter_card":"summary_large_image","twitter_misc":{"Est. reading time":"3 minutes"},"schema":{"@context":"https:\/\/schema.org","@graph":[{"@type":"WebPage","@id":"https:\/\/barrsell.com\/urun\/hygromatik-heaterline-hl-cds\/","url":"https:\/\/barrsell.com\/urun\/hygromatik-heaterline-hl-cds\/","name":"HygroMatik HeaterLine HL-CDS | Barrsell End\u00fcstri","isPartOf":{"@id":"https:\/\/barrsell.com\/#website"},"primaryImageOfPage":{"@id":"https:\/\/barrsell.com\/urun\/hygromatik-heaterline-hl-cds\/#primaryimage"},"image":{"@id":"https:\/\/barrsell.com\/urun\/hygromatik-heaterline-hl-cds\/#primaryimage"},"thumbnailUrl":"https:\/\/barrsell.com\/wp-content\/uploads\/2022\/12\/hygromatik-heaterline-HL-CDS.png","datePublished":"2022-12-09T13:57:32+00:00","dateModified":"2025-01-09T10:32:20+00:00","description":"HygroMatik HeaterLine HL-CDS Nemlendirici end\u00fcstriyel ortamlar\u0131n nem kontrol\u00fc, hem \u00fcr\u00fcn kalitesini hem de ekipman \u00f6mr\u00fcn\u00fc do\u011frudan etkiler.","breadcrumb":{"@id":"https:\/\/barrsell.com\/urun\/hygromatik-heaterline-hl-cds\/#breadcrumb"},"inLanguage":"en-US","potentialAction":[{"@type":"ReadAction","target":["https:\/\/barrsell.com\/urun\/hygromatik-heaterline-hl-cds\/"]}]},{"@type":"ImageObject","inLanguage":"en-US","@id":"https:\/\/barrsell.com\/urun\/hygromatik-heaterline-hl-cds\/#primaryimage","url":"https:\/\/barrsell.com\/wp-content\/uploads\/2022\/12\/hygromatik-heaterline-HL-CDS.png","contentUrl":"https:\/\/barrsell.com\/wp-content\/uploads\/2022\/12\/hygromatik-heaterline-HL-CDS.png","width":1200,"height":1200,"caption":"hygromatik-heaterline HL - CDS"},{"@type":"BreadcrumbList","@id":"https:\/\/barrsell.com\/urun\/hygromatik-heaterline-hl-cds\/#breadcrumb","itemListElement":[{"@type":"ListItem","position":1,"name":"Home","item":"https:\/\/barrsell.com\/"},{"@type":"ListItem","position":2,"name":"\u00dcr\u00fcnler","item":"https:\/\/barrsell.com\/en\/products\/"},{"@type":"ListItem","position":3,"name":"HygroMatik HeaterLine HL-CDS"}]},{"@type":"WebSite","@id":"https:\/\/barrsell.com\/#website","url":"https:\/\/barrsell.com\/","name":"Barrsell End\u00fcstri Makine","description":"Teknolojiyle G\u00fc\u00e7lenen End\u00fcstriyel \u00c7\u00f6z\u00fcmler!","potentialAction":[{"@type":"SearchAction","target":{"@type":"EntryPoint","urlTemplate":"https:\/\/barrsell.com\/?s={search_term_string}"},"query-input":"required name=search_term_string"}],"inLanguage":"en-US"}]}},"_links":{"self":[{"href":"https:\/\/barrsell.com\/en\/wp-json\/wp\/v2\/product\/1359","targetHints":{"allow":["GET"]}}],"collection":[{"href":"https:\/\/barrsell.com\/en\/wp-json\/wp\/v2\/product"}],"about":[{"href":"https:\/\/barrsell.com\/en\/wp-json\/wp\/v2\/types\/product"}],"version-history":[{"count":9,"href":"https:\/\/barrsell.com\/en\/wp-json\/wp\/v2\/product\/1359\/revisions"}],"predecessor-version":[{"id":20106,"href":"https:\/\/barrsell.com\/en\/wp-json\/wp\/v2\/product\/1359\/revisions\/20106"}],"wp:featuredmedia":[{"embeddable":true,"href":"https:\/\/barrsell.com\/en\/wp-json\/wp\/v2\/media\/11197"}],"wp:attachment":[{"href":"https:\/\/barrsell.com\/en\/wp-json\/wp\/v2\/media?parent=1359"}],"wp:term":[{"taxonomy":"product_cat","embeddable":true,"href":"https:\/\/barrsell.com\/en\/wp-json\/wp\/v2\/product_cat?post=1359"},{"taxonomy":"product_tag","embeddable":true,"href":"https:\/\/barrsell.com\/en\/wp-json\/wp\/v2\/product_tag?post=1359"}],"curies":[{"name":"wp","href":"https:\/\/api.w.org\/{rel}","templated":true}]}}