{"id":13584,"date":"2024-08-30T12:58:46","date_gmt":"2024-08-30T12:58:46","guid":{"rendered":"https:\/\/barrsell.com\/?post_type=product&#038;p=13584"},"modified":"2024-12-16T12:08:25","modified_gmt":"2024-12-16T12:08:25","slug":"tylo-ticari-role-kutusu","status":"publish","type":"product","link":"https:\/\/barrsell.com\/en\/product\/tylo-commercial-role-box\/","title":{"rendered":"Tyl\u00f6 Commercial Relay Box"},"content":{"rendered":"<h2>Tyl\u00f6 Commercial Relay Box<\/h2>\n<p class=\" translation-block\">The Tylo Commercial Relay Box is designed to work in harmony with Elite and Pure control panels.  And also controls Tylo Expression and Sense Commercial sauna heaters up to 10.7 kW. The relay box offers a lighting connection, an auxiliary (aux) connection and an infrared (IR) port.  A door contact with a 5 meter long cable each and a temperature sensor with a 4 meter long cable are included in the box.<\/p>\n<h4><strong>Compatibility<\/strong>:<\/h4>\n<ul>\n<li class=\" translation-block\">You can combine it with Elite or Pure control panels.  It can control the older Tyl\u00f6 models SK 6.6 kW, 8 kW and SD\/SDK 10.7 kW heaters.<\/li>\n<li class=\" translation-block\"><strong>Tylarium System Support:<\/strong> Offers the possibility to operate the sauna heater and steam generator in an integrated way.<\/li>\n<\/ul>\n<h4><strong>Tyl\u00f6 Relay Box Technical Specifications<\/strong><\/h4>\n<ul>\n<li style=\"list-style-type: none;\">\n<ul>\n<li><strong>Dimensions<\/strong>: 485 x 295 x 110 mm (Width x Height x Depth).<\/li>\n<li class=\" translation-block\"><strong>Tylarium Support<\/strong>: The relay box manages the sauna heater and a steam generator on the same system.<\/li>\n<li class=\" translation-block\"><strong>Connection Points<\/strong>: 1 Lighting connection- 1 Auxiliary (Aux) device connection.-1 Infrared (IR) device connection.<\/li>\n<\/ul>\n<\/li>\n<\/ul>\n<h4><strong>Advantages<\/strong><\/h4>\n<ul>\n<li class=\" translation-block\"><strong>Flexible Use<\/strong>: Compatible with both modern and older Tyl\u00f6 heater models.<\/li>\n<li class=\" translation-block\"><strong>Easy Installation<\/strong>: Quick integration thanks to compact dimensions and standard ports.<\/li>\n<li class=\" translation-block\"><strong>Multidirectional Control<\/strong>: Relay box lighting, auxiliary devices and infrared equipment. Possibility to manage each of them through the same system.<\/li>\n<li>The Commercial Lite Relay Box is specifically designed to ensure maximum efficiency and reliability in commercial sauna and steam room systems. This product is an excellent choice for those looking for a control solution to suit professional needs<\/li>\n<\/ul>","protected":false},"excerpt":{"rendered":"<ul>\n<li><strong>Dimensions<\/strong>: 485 x 295 x 110 mm (Width x Height x Depth).<\/li>\n<li class=\" translation-block\"><strong>Tylarium Support<\/strong>: The relay box manages the sauna heater and a steam generator on the same system.<\/li>\n<li class=\" translation-block\"><strong>Connection Points<\/strong>: 1 Lighting connection- 1 Auxiliary (Aux) device connection.-1 Infrared (IR) device connection.<\/li>\n<\/ul>","protected":false},"featured_media":13585,"template":"","meta":[],"product_cat":[269,177],"product_tag":[],"class_list":{"0":"post-13584","1":"product","2":"type-product","3":"status-publish","4":"has-post-thumbnail","6":"product_cat-sauna-guc-uniteleri","7":"product_cat-tylo-guc-uniteleri","9":"first","10":"instock","11":"shipping-taxable","12":"product-type-external"},"yoast_head":"<!-- This site is optimized with the Yoast SEO Premium plugin v23.2 (Yoast SEO v23.2) - https:\/\/yoast.com\/wordpress\/plugins\/seo\/ -->\n<title>Tyl\u00f6 Ticari R\u00f6le Kutusu | Barrsell End\u00fcstri<\/title>\n<meta name=\"description\" content=\"Tyl\u00f6 Ticari R\u00f6le Kutusu b\u00fcy\u00fck \u00f6l\u00e7ekli ticari sauna ve buhar odalar\u0131n\u0131n g\u00fcvenli ve verimli bir \u015fekilde kontrol edilmesi i\u00e7in tasarlanm\u0131\u015f ileri d\u00fczey\" \/>\n<meta name=\"robots\" content=\"index, follow, max-snippet:-1, max-image-preview:large, max-video-preview:-1\" \/>\n<link rel=\"canonical\" href=\"https:\/\/barrsell.com\/en\/product\/tylo-commercial-role-box\/\" \/>\n<meta property=\"og:locale\" content=\"en_US\" \/>\n<meta property=\"og:type\" content=\"article\" \/>\n<meta property=\"og:title\" content=\"Tyl\u00f6 Ticari R\u00f6le Kutusu\" \/>\n<meta property=\"og:description\" content=\"Tyl\u00f6 Ticari R\u00f6le Kutusu b\u00fcy\u00fck \u00f6l\u00e7ekli ticari sauna ve buhar odalar\u0131n\u0131n g\u00fcvenli ve verimli bir \u015fekilde kontrol edilmesi i\u00e7in tasarlanm\u0131\u015f ileri d\u00fczey\" \/>\n<meta property=\"og:url\" content=\"https:\/\/barrsell.com\/en\/product\/tylo-commercial-role-box\/\" \/>\n<meta property=\"og:site_name\" content=\"Barrsell\" \/>\n<meta property=\"article:modified_time\" content=\"2024-12-16T12:08:25+00:00\" \/>\n<meta property=\"og:image\" content=\"https:\/\/barrsell.com\/wp-content\/uploads\/2024\/08\/Tylo-Ticari-Role-Paneli.png\" \/>\n\t<meta property=\"og:image:width\" content=\"1200\" \/>\n\t<meta property=\"og:image:height\" content=\"1200\" \/>\n\t<meta property=\"og:image:type\" content=\"image\/png\" \/>\n<meta name=\"twitter:card\" content=\"summary_large_image\" \/>\n<meta name=\"twitter:label1\" content=\"Est. reading time\" \/>\n\t<meta name=\"twitter:data1\" content=\"2 minutes\" \/>\n<script type=\"application\/ld+json\" class=\"yoast-schema-graph\">{\"@context\":\"https:\/\/schema.org\",\"@graph\":[{\"@type\":\"WebPage\",\"@id\":\"https:\/\/barrsell.com\/urun\/tylo-ticari-role-kutusu\/\",\"url\":\"https:\/\/barrsell.com\/urun\/tylo-ticari-role-kutusu\/\",\"name\":\"Tyl\u00f6 Ticari R\u00f6le Kutusu | Barrsell End\u00fcstri\",\"isPartOf\":{\"@id\":\"https:\/\/barrsell.com\/#website\"},\"primaryImageOfPage\":{\"@id\":\"https:\/\/barrsell.com\/urun\/tylo-ticari-role-kutusu\/#primaryimage\"},\"image\":{\"@id\":\"https:\/\/barrsell.com\/urun\/tylo-ticari-role-kutusu\/#primaryimage\"},\"thumbnailUrl\":\"https:\/\/barrsell.com\/wp-content\/uploads\/2024\/08\/Tylo-Ticari-Role-Paneli.png\",\"datePublished\":\"2024-08-30T12:58:46+00:00\",\"dateModified\":\"2024-12-16T12:08:25+00:00\",\"description\":\"Tyl\u00f6 Ticari R\u00f6le Kutusu b\u00fcy\u00fck \u00f6l\u00e7ekli ticari sauna ve buhar odalar\u0131n\u0131n g\u00fcvenli ve verimli bir \u015fekilde kontrol edilmesi i\u00e7in tasarlanm\u0131\u015f ileri d\u00fczey\",\"breadcrumb\":{\"@id\":\"https:\/\/barrsell.com\/urun\/tylo-ticari-role-kutusu\/#breadcrumb\"},\"inLanguage\":\"en-US\",\"potentialAction\":[{\"@type\":\"ReadAction\",\"target\":[\"https:\/\/barrsell.com\/urun\/tylo-ticari-role-kutusu\/\"]}]},{\"@type\":\"ImageObject\",\"inLanguage\":\"en-US\",\"@id\":\"https:\/\/barrsell.com\/urun\/tylo-ticari-role-kutusu\/#primaryimage\",\"url\":\"https:\/\/barrsell.com\/wp-content\/uploads\/2024\/08\/Tylo-Ticari-Role-Paneli.png\",\"contentUrl\":\"https:\/\/barrsell.com\/wp-content\/uploads\/2024\/08\/Tylo-Ticari-Role-Paneli.png\",\"width\":1200,\"height\":1200,\"caption\":\"Tyl\u00f6 Ticari R\u00f6le Paneli\"},{\"@type\":\"BreadcrumbList\",\"@id\":\"https:\/\/barrsell.com\/urun\/tylo-ticari-role-kutusu\/#breadcrumb\",\"itemListElement\":[{\"@type\":\"ListItem\",\"position\":1,\"name\":\"Home\",\"item\":\"https:\/\/barrsell.com\/\"},{\"@type\":\"ListItem\",\"position\":2,\"name\":\"\u00dcr\u00fcnler\",\"item\":\"https:\/\/barrsell.com\/en\/products\/\"},{\"@type\":\"ListItem\",\"position\":3,\"name\":\"Tyl\u00f6 Ticari R\u00f6le Kutusu\"}]},{\"@type\":\"WebSite\",\"@id\":\"https:\/\/barrsell.com\/#website\",\"url\":\"https:\/\/barrsell.com\/\",\"name\":\"Barrsell End\u00fcstri Makine\",\"description\":\"Teknolojiyle G\u00fc\u00e7lenen End\u00fcstriyel \u00c7\u00f6z\u00fcmler!\",\"potentialAction\":[{\"@type\":\"SearchAction\",\"target\":{\"@type\":\"EntryPoint\",\"urlTemplate\":\"https:\/\/barrsell.com\/?s={search_term_string}\"},\"query-input\":\"required name=search_term_string\"}],\"inLanguage\":\"en-US\"}]}<\/script>\n<!-- \/ Yoast SEO Premium plugin. -->","yoast_head_json":{"title":"Tyl\u00f6 Ticari R\u00f6le Kutusu | Barrsell End\u00fcstri","description":"Tyl\u00f6 Ticari R\u00f6le Kutusu b\u00fcy\u00fck \u00f6l\u00e7ekli ticari sauna ve buhar odalar\u0131n\u0131n g\u00fcvenli ve verimli bir \u015fekilde kontrol edilmesi i\u00e7in tasarlanm\u0131\u015f ileri d\u00fczey","robots":{"index":"index","follow":"follow","max-snippet":"max-snippet:-1","max-image-preview":"max-image-preview:large","max-video-preview":"max-video-preview:-1"},"canonical":"https:\/\/barrsell.com\/en\/product\/tylo-commercial-role-box\/","og_locale":"en_US","og_type":"article","og_title":"Tyl\u00f6 Ticari R\u00f6le Kutusu","og_description":"Tyl\u00f6 Ticari R\u00f6le Kutusu b\u00fcy\u00fck \u00f6l\u00e7ekli ticari sauna ve buhar odalar\u0131n\u0131n g\u00fcvenli ve verimli bir \u015fekilde kontrol edilmesi i\u00e7in tasarlanm\u0131\u015f ileri d\u00fczey","og_url":"https:\/\/barrsell.com\/en\/product\/tylo-commercial-role-box\/","og_site_name":"Barrsell","article_modified_time":"2024-12-16T12:08:25+00:00","og_image":[{"width":1200,"height":1200,"url":"https:\/\/barrsell.com\/wp-content\/uploads\/2024\/08\/Tylo-Ticari-Role-Paneli.png","type":"image\/png"}],"twitter_card":"summary_large_image","twitter_misc":{"Est. reading time":"2 minutes"},"schema":{"@context":"https:\/\/schema.org","@graph":[{"@type":"WebPage","@id":"https:\/\/barrsell.com\/urun\/tylo-ticari-role-kutusu\/","url":"https:\/\/barrsell.com\/urun\/tylo-ticari-role-kutusu\/","name":"Tyl\u00f6 Ticari R\u00f6le Kutusu | Barrsell End\u00fcstri","isPartOf":{"@id":"https:\/\/barrsell.com\/#website"},"primaryImageOfPage":{"@id":"https:\/\/barrsell.com\/urun\/tylo-ticari-role-kutusu\/#primaryimage"},"image":{"@id":"https:\/\/barrsell.com\/urun\/tylo-ticari-role-kutusu\/#primaryimage"},"thumbnailUrl":"https:\/\/barrsell.com\/wp-content\/uploads\/2024\/08\/Tylo-Ticari-Role-Paneli.png","datePublished":"2024-08-30T12:58:46+00:00","dateModified":"2024-12-16T12:08:25+00:00","description":"Tyl\u00f6 Ticari R\u00f6le Kutusu b\u00fcy\u00fck \u00f6l\u00e7ekli ticari sauna ve buhar odalar\u0131n\u0131n g\u00fcvenli ve verimli bir \u015fekilde kontrol edilmesi i\u00e7in tasarlanm\u0131\u015f ileri d\u00fczey","breadcrumb":{"@id":"https:\/\/barrsell.com\/urun\/tylo-ticari-role-kutusu\/#breadcrumb"},"inLanguage":"en-US","potentialAction":[{"@type":"ReadAction","target":["https:\/\/barrsell.com\/urun\/tylo-ticari-role-kutusu\/"]}]},{"@type":"ImageObject","inLanguage":"en-US","@id":"https:\/\/barrsell.com\/urun\/tylo-ticari-role-kutusu\/#primaryimage","url":"https:\/\/barrsell.com\/wp-content\/uploads\/2024\/08\/Tylo-Ticari-Role-Paneli.png","contentUrl":"https:\/\/barrsell.com\/wp-content\/uploads\/2024\/08\/Tylo-Ticari-Role-Paneli.png","width":1200,"height":1200,"caption":"Tyl\u00f6 Ticari R\u00f6le Paneli"},{"@type":"BreadcrumbList","@id":"https:\/\/barrsell.com\/urun\/tylo-ticari-role-kutusu\/#breadcrumb","itemListElement":[{"@type":"ListItem","position":1,"name":"Home","item":"https:\/\/barrsell.com\/"},{"@type":"ListItem","position":2,"name":"\u00dcr\u00fcnler","item":"https:\/\/barrsell.com\/en\/products\/"},{"@type":"ListItem","position":3,"name":"Tyl\u00f6 Ticari R\u00f6le Kutusu"}]},{"@type":"WebSite","@id":"https:\/\/barrsell.com\/#website","url":"https:\/\/barrsell.com\/","name":"Barrsell End\u00fcstri Makine","description":"Teknolojiyle G\u00fc\u00e7lenen End\u00fcstriyel \u00c7\u00f6z\u00fcmler!","potentialAction":[{"@type":"SearchAction","target":{"@type":"EntryPoint","urlTemplate":"https:\/\/barrsell.com\/?s={search_term_string}"},"query-input":"required name=search_term_string"}],"inLanguage":"en-US"}]}},"_links":{"self":[{"href":"https:\/\/barrsell.com\/en\/wp-json\/wp\/v2\/product\/13584","targetHints":{"allow":["GET"]}}],"collection":[{"href":"https:\/\/barrsell.com\/en\/wp-json\/wp\/v2\/product"}],"about":[{"href":"https:\/\/barrsell.com\/en\/wp-json\/wp\/v2\/types\/product"}],"version-history":[{"count":5,"href":"https:\/\/barrsell.com\/en\/wp-json\/wp\/v2\/product\/13584\/revisions"}],"predecessor-version":[{"id":19290,"href":"https:\/\/barrsell.com\/en\/wp-json\/wp\/v2\/product\/13584\/revisions\/19290"}],"wp:featuredmedia":[{"embeddable":true,"href":"https:\/\/barrsell.com\/en\/wp-json\/wp\/v2\/media\/13585"}],"wp:attachment":[{"href":"https:\/\/barrsell.com\/en\/wp-json\/wp\/v2\/media?parent=13584"}],"wp:term":[{"taxonomy":"product_cat","embeddable":true,"href":"https:\/\/barrsell.com\/en\/wp-json\/wp\/v2\/product_cat?post=13584"},{"taxonomy":"product_tag","embeddable":true,"href":"https:\/\/barrsell.com\/en\/wp-json\/wp\/v2\/product_tag?post=13584"}],"curies":[{"name":"wp","href":"https:\/\/api.w.org\/{rel}","templated":true}]}}